{"id":36986,"date":"2025-06-03T14:20:53","date_gmt":"2025-06-03T12:20:53","guid":{"rendered":"https:\/\/tibladin.dk\/?post_type=product&#038;p=36986"},"modified":"2025-06-04T08:32:09","modified_gmt":"2025-06-04T06:32:09","slug":"strickjacke-nahla","status":"publish","type":"product","link":"https:\/\/tibladin.dk\/de\/produkt\/cardigan-jakke-nahla\/","title":{"rendered":"Strickjacke\/Jacke \u2013 NAHLA"},"content":{"rendered":"<div class=\"wpb-content-wrapper\"><div class=\"vc_row wpb_row vc_row-fluid\"><div class=\"wpb_column vc_column_container vc_col-sm-4\"><div class=\"vc_column-inner\"><div class=\"wpb_wrapper\"><\/div><\/div><\/div><div class=\"wpb_column vc_column_container vc_col-sm-4\"><div class=\"vc_column-inner\"><div class=\"wpb_wrapper\"><h3 style=\"text-align: left\" class=\"vc_custom_heading vc_do_custom_heading\" >Wartung<\/h3>\n\t<div class=\"wpb_text_column wpb_content_element\" >\n\t\t<div class=\"wpb_wrapper\">\n\t\t\t<p>Die Shirts bestehen aus 100% Baumwolle und k\u00f6nnen daher bis 30 Grad in der Maschine gewaschen werden. Wir empfehlen au\u00dferdem, die Kleider bei niedrigster Temperatur zu d\u00e4mpfen\/b\u00fcgeln, um Knicke und Falten zu vermeiden.<\/p>\n\n\t\t<\/div>\n\t<\/div>\n<\/div><\/div><\/div><div class=\"wpb_column vc_column_container vc_col-sm-4\"><div class=\"vc_column-inner\"><div class=\"wpb_wrapper\"><h3 style=\"text-align: left\" class=\"vc_custom_heading vc_do_custom_heading\" >Die Geschichte dahinter<\/h3>\n\t<div class=\"wpb_text_column wpb_content_element\" >\n\t\t<div class=\"wpb_wrapper\">\n\t\t\t<p data-start=\"192\" data-end=\"371\">Bab of Desert Marrakech wurde im Herzen von Marrakesch geboren, wo Farben, Handwerkskunst und Geschichte in jeder Stra\u00dfe miteinander verwoben sind. Es ist eine Marke mit Wurzeln in der Tradition \u2013 und einem Auge f\u00fcr Freiheit und Stil. Daniela, die hinter dieser Marke steht, arbeitet eng mit marokkanischen Schneidern zusammen, die mit gro\u00dfer Liebe zu ihrem Handwerk jede einzelne Kreation von Hand n\u00e4hen. Aus R\u00fccksicht auf die Umwelt werden diese Kreationen nur in begrenzter St\u00fcckzahl von Hand gen\u00e4ht, und von jedem Design gibt es nur ein Exemplar. Keine Massenproduktion.<\/p>\n<p data-start=\"373\" data-end=\"695\">Hinter der Marke steht die Leidenschaft f\u00fcr pers\u00f6nliche Mode mit Seele: Kleidung, die Geschichten erz\u00e4hlt und Raum f\u00fcr allt\u00e4gliche Einblicke und vertr\u00e4umte Momente schafft.<br data-start=\"525\" data-end=\"528\" \/>Alle Styles werden mit Fokus auf Komfort, Leichtigkeit und den handgemachten Look entworfen \u2013 oft mit einem verspielten Twist wie Stickereien, Kontrasten oder \u00fcberraschenden Details.<\/p>\n<p data-start=\"697\" data-end=\"875\">Die Kollektionen werden aus leichten Naturmaterialien hergestellt und jedes St\u00fcck tr\u00e4gt einen Hauch der Energie Marrakeschs in sich \u2013 wo W\u00fcstenwind auf Souk trifft und Tradition zu etwas Neuem wird.<\/p>\n\n\t\t<\/div>\n\t<\/div>\n<\/div><\/div><\/div><\/div>\n<\/div>","protected":false},"excerpt":{"rendered":"<p data-start=\"172\" data-end=\"255\">Kurz\u00e4rmlige Satinjacke mit Grafikdruck \u2013 eine k\u00fcnstlerische Schicht mit marokkanischem Touch<\/p>\n<p data-start=\"257\" data-end=\"520\">Diese leichte, kurz\u00e4rmelige Jacke aus weichem Satin vereint Komfort mit farbenfrohem Charakter. Das kr\u00e4ftige, grafische Muster in tiefen Blau-, Gr\u00fcn- und Cremet\u00f6nen erinnert an Mosaikfliesen und Blattformen \u2013 inspiriert von marokkanischer Handwerkskunst und modernem Design.<\/p>\n<p data-start=\"522\" data-end=\"823\">Die wundersch\u00f6nen H\u00e4kelb\u00e4nder an den Kanten und am Verschluss verleihen der Jacke einen handgefertigten Look und werten den Look von l\u00e4ssig zu elegant auf. Die luftige, kastige Passform macht sie perfekt \u00fcber einem schlichten Top, Kleid oder als Kontrast zu Jeans \u2013 ein St\u00fcck, das sowohl f\u00fcr festliche Anl\u00e4sse als auch f\u00fcr den Alltag geeignet ist.<\/p>\n<p data-start=\"825\" data-end=\"855\">Leicht, lebendig und ganz eigenst\u00e4ndig.<\/p>\n<p data-start=\"540\" data-end=\"618\">Die Jacke hat die Gr\u00f6\u00dfe M, passt aber den meisten S- und M-Gr\u00f6\u00dfen. Da es nur ein Exemplar gibt, ist sie nicht in mehreren Gr\u00f6\u00dfen erh\u00e4ltlich.<\/p>\n<p data-start=\"540\" data-end=\"618\">MA\u00dfE: \u00c4rmell\u00e4nge 36 cm (ab Kragen) \u00c4rmell\u00e4nge 24 cm<\/p>\n<p data-start=\"540\" data-end=\"618\">L\u00e4nge (Schulter) 51 cm | Breite 51 cm<\/p>\n<p data-start=\"540\" data-end=\"618\">Das verwendete Fotomodell tr\u00e4gt Gr\u00f6\u00dfe S.<\/p>\n<p>&nbsp;<\/p>","protected":false},"featured_media":36996,"template":"","meta":{"inline_featured_image":false},"product_brand":[],"product_cat":[171,27,169],"product_tag":[],"class_list":{"0":"post-36986","1":"product","2":"type-product","3":"status-publish","4":"has-post-thumbnail","6":"product_cat-cardigans-jakker","7":"product_cat-diverse","8":"product_cat-toej","10":"first","11":"instock","12":"taxable","13":"shipping-taxable","14":"purchasable","15":"product-type-simple"},"exclude_global_add_ons":[],"addons":[],"yoast_head":"<!-- This site is optimized with the Yoast SEO plugin v27.5 - https:\/\/yoast.com\/product\/yoast-seo-wordpress\/ -->\n<title>H\u00e5ndlavet Marokkansk cardigan | Unika design | Tibladin |<\/title>\n<meta name=\"description\" content=\"Flotte h\u00e5ndsyede unika t\u00f8j. Udviklet i samarbejde med dygtig designer og skr\u00e6dder i Marrakech. Unikke og farvestr\u00e5lende materialer.\" \/>\n<meta name=\"robots\" content=\"index, follow, max-snippet:-1, max-image-preview:large, max-video-preview:-1\" \/>\n<link rel=\"canonical\" href=\"https:\/\/tibladin.dk\/de\/produkt\/strickjacke-nahla\/\" \/>\n<meta property=\"og:locale\" content=\"de_DE\" \/>\n<meta property=\"og:type\" content=\"article\" \/>\n<meta property=\"og:title\" content=\"H\u00e5ndlavet Marokkansk cardigan | Unika design | Tibladin |\" \/>\n<meta property=\"og:description\" content=\"Flotte h\u00e5ndsyede unika t\u00f8j. Udviklet i samarbejde med dygtig designer og skr\u00e6dder i Marrakech. Unikke og farvestr\u00e5lende materialer.\" \/>\n<meta property=\"og:url\" content=\"https:\/\/tibladin.dk\/de\/produkt\/strickjacke-nahla\/\" \/>\n<meta property=\"og:site_name\" content=\"Tibladin\" \/>\n<meta property=\"article:modified_time\" content=\"2025-06-04T06:32:09+00:00\" \/>\n<meta property=\"og:image\" content=\"https:\/\/tibladin.dk\/wp-content\/uploads\/2025\/06\/Jakke_NAHLA_4.jpg\" \/>\n\t<meta property=\"og:image:width\" content=\"800\" \/>\n\t<meta property=\"og:image:height\" content=\"800\" \/>\n\t<meta property=\"og:image:type\" content=\"image\/jpeg\" \/>\n<meta name=\"twitter:card\" content=\"summary_large_image\" \/>\n<meta name=\"twitter:label1\" content=\"Gesch\u00e4tzte Lesezeit\" \/>\n\t<meta name=\"twitter:data1\" content=\"2\u00a0Minuten\" \/>\n<script type=\"application\/ld+json\" class=\"yoast-schema-graph\">{\"@context\":\"https:\\\/\\\/schema.org\",\"@graph\":[{\"@type\":\"WebPage\",\"@id\":\"https:\\\/\\\/tibladin.dk\\\/produkt\\\/cardigan-jakke-nahla\\\/\",\"url\":\"https:\\\/\\\/tibladin.dk\\\/produkt\\\/cardigan-jakke-nahla\\\/\",\"name\":\"H\u00e5ndlavet Marokkansk cardigan | Unika design | Tibladin |\",\"isPartOf\":{\"@id\":\"https:\\\/\\\/tibladin.dk\\\/#website\"},\"primaryImageOfPage\":{\"@id\":\"https:\\\/\\\/tibladin.dk\\\/produkt\\\/cardigan-jakke-nahla\\\/#primaryimage\"},\"image\":{\"@id\":\"https:\\\/\\\/tibladin.dk\\\/produkt\\\/cardigan-jakke-nahla\\\/#primaryimage\"},\"thumbnailUrl\":\"https:\\\/\\\/tibladin.dk\\\/wp-content\\\/uploads\\\/2025\\\/06\\\/Jakke_NAHLA_4.jpg\",\"datePublished\":\"2025-06-03T12:20:53+00:00\",\"dateModified\":\"2025-06-04T06:32:09+00:00\",\"description\":\"Flotte h\u00e5ndsyede unika t\u00f8j. Udviklet i samarbejde med dygtig designer og skr\u00e6dder i Marrakech. Unikke og farvestr\u00e5lende materialer.\",\"breadcrumb\":{\"@id\":\"https:\\\/\\\/tibladin.dk\\\/produkt\\\/cardigan-jakke-nahla\\\/#breadcrumb\"},\"inLanguage\":\"de\",\"potentialAction\":[{\"@type\":\"ReadAction\",\"target\":[\"https:\\\/\\\/tibladin.dk\\\/produkt\\\/cardigan-jakke-nahla\\\/\"]}]},{\"@type\":\"ImageObject\",\"inLanguage\":\"de\",\"@id\":\"https:\\\/\\\/tibladin.dk\\\/produkt\\\/cardigan-jakke-nahla\\\/#primaryimage\",\"url\":\"https:\\\/\\\/tibladin.dk\\\/wp-content\\\/uploads\\\/2025\\\/06\\\/Jakke_NAHLA_4.jpg\",\"contentUrl\":\"https:\\\/\\\/tibladin.dk\\\/wp-content\\\/uploads\\\/2025\\\/06\\\/Jakke_NAHLA_4.jpg\",\"width\":800,\"height\":800,\"caption\":\"Jakke_NAHLA i satin med bl\u00e5 og gr\u00f8n med korte \u00e6rmer\"},{\"@type\":\"BreadcrumbList\",\"@id\":\"https:\\\/\\\/tibladin.dk\\\/produkt\\\/cardigan-jakke-nahla\\\/#breadcrumb\",\"itemListElement\":[{\"@type\":\"ListItem\",\"position\":1,\"name\":\"Hjem\",\"item\":\"https:\\\/\\\/tibladin.dk\\\/\"},{\"@type\":\"ListItem\",\"position\":2,\"name\":\"Shop\",\"item\":\"https:\\\/\\\/tibladin.dk\\\/shop\\\/\"},{\"@type\":\"ListItem\",\"position\":3,\"name\":\"Cardigan\\\/Jakke &#8211; NAHLA\"}]},{\"@type\":\"WebSite\",\"@id\":\"https:\\\/\\\/tibladin.dk\\\/#website\",\"url\":\"https:\\\/\\\/tibladin.dk\\\/\",\"name\":\"Tibladin\",\"description\":\"Tibladin\",\"publisher\":{\"@id\":\"https:\\\/\\\/tibladin.dk\\\/#organization\"},\"potentialAction\":[{\"@type\":\"SearchAction\",\"target\":{\"@type\":\"EntryPoint\",\"urlTemplate\":\"https:\\\/\\\/tibladin.dk\\\/?s={search_term_string}\"},\"query-input\":{\"@type\":\"PropertyValueSpecification\",\"valueRequired\":true,\"valueName\":\"search_term_string\"}}],\"inLanguage\":\"de\"},{\"@type\":\"Organization\",\"@id\":\"https:\\\/\\\/tibladin.dk\\\/#organization\",\"name\":\"Tibladin\",\"url\":\"https:\\\/\\\/tibladin.dk\\\/\",\"logo\":{\"@type\":\"ImageObject\",\"inLanguage\":\"de\",\"@id\":\"https:\\\/\\\/tibladin.dk\\\/#\\\/schema\\\/logo\\\/image\\\/\",\"url\":\"https:\\\/\\\/tibladin.dk\\\/wp-content\\\/uploads\\\/2022\\\/09\\\/tibladin_logo.svg\",\"contentUrl\":\"https:\\\/\\\/tibladin.dk\\\/wp-content\\\/uploads\\\/2022\\\/09\\\/tibladin_logo.svg\",\"caption\":\"Tibladin\"},\"image\":{\"@id\":\"https:\\\/\\\/tibladin.dk\\\/#\\\/schema\\\/logo\\\/image\\\/\"}}]}<\/script>\n<!-- \/ Yoast SEO plugin. -->","yoast_head_json":{"title":"Handgefertigte marokkanische Strickjacke | Einzigartiges Design | Tibladin |","description":"Wundersch\u00f6ne handgen\u00e4hte, einzigartige Kleidung. Entwickelt in Zusammenarbeit mit einem erfahrenen Designer und Schneider in Marrakesch. Einzigartige und farbenfrohe Materialien.","robots":{"index":"index","follow":"follow","max-snippet":"max-snippet:-1","max-image-preview":"max-image-preview:large","max-video-preview":"max-video-preview:-1"},"canonical":"https:\/\/tibladin.dk\/de\/produkt\/strickjacke-nahla\/","og_locale":"de_DE","og_type":"article","og_title":"H\u00e5ndlavet Marokkansk cardigan | Unika design | Tibladin |","og_description":"Flotte h\u00e5ndsyede unika t\u00f8j. Udviklet i samarbejde med dygtig designer og skr\u00e6dder i Marrakech. Unikke og farvestr\u00e5lende materialer.","og_url":"https:\/\/tibladin.dk\/de\/produkt\/strickjacke-nahla\/","og_site_name":"Tibladin","article_modified_time":"2025-06-04T06:32:09+00:00","og_image":[{"width":800,"height":800,"url":"https:\/\/tibladin.dk\/wp-content\/uploads\/2025\/06\/Jakke_NAHLA_4.jpg","type":"image\/jpeg"}],"twitter_card":"summary_large_image","twitter_misc":{"Gesch\u00e4tzte Lesezeit":"2\u00a0Minuten"},"schema":{"@context":"https:\/\/schema.org","@graph":[{"@type":"WebPage","@id":"https:\/\/tibladin.dk\/produkt\/cardigan-jakke-nahla\/","url":"https:\/\/tibladin.dk\/produkt\/cardigan-jakke-nahla\/","name":"Handgefertigte marokkanische Strickjacke | Einzigartiges Design | Tibladin |","isPartOf":{"@id":"https:\/\/tibladin.dk\/#website"},"primaryImageOfPage":{"@id":"https:\/\/tibladin.dk\/produkt\/cardigan-jakke-nahla\/#primaryimage"},"image":{"@id":"https:\/\/tibladin.dk\/produkt\/cardigan-jakke-nahla\/#primaryimage"},"thumbnailUrl":"https:\/\/tibladin.dk\/wp-content\/uploads\/2025\/06\/Jakke_NAHLA_4.jpg","datePublished":"2025-06-03T12:20:53+00:00","dateModified":"2025-06-04T06:32:09+00:00","description":"Wundersch\u00f6ne handgen\u00e4hte, einzigartige Kleidung. Entwickelt in Zusammenarbeit mit einem erfahrenen Designer und Schneider in Marrakesch. Einzigartige und farbenfrohe Materialien.","breadcrumb":{"@id":"https:\/\/tibladin.dk\/produkt\/cardigan-jakke-nahla\/#breadcrumb"},"inLanguage":"de","potentialAction":[{"@type":"ReadAction","target":["https:\/\/tibladin.dk\/produkt\/cardigan-jakke-nahla\/"]}]},{"@type":"ImageObject","inLanguage":"de","@id":"https:\/\/tibladin.dk\/produkt\/cardigan-jakke-nahla\/#primaryimage","url":"https:\/\/tibladin.dk\/wp-content\/uploads\/2025\/06\/Jakke_NAHLA_4.jpg","contentUrl":"https:\/\/tibladin.dk\/wp-content\/uploads\/2025\/06\/Jakke_NAHLA_4.jpg","width":800,"height":800,"caption":"Jakke_NAHLA i satin med bl\u00e5 og gr\u00f8n med korte \u00e6rmer"},{"@type":"BreadcrumbList","@id":"https:\/\/tibladin.dk\/produkt\/cardigan-jakke-nahla\/#breadcrumb","itemListElement":[{"@type":"ListItem","position":1,"name":"Hjem","item":"https:\/\/tibladin.dk\/"},{"@type":"ListItem","position":2,"name":"Shop","item":"https:\/\/tibladin.dk\/shop\/"},{"@type":"ListItem","position":3,"name":"Cardigan\/Jakke &#8211; NAHLA"}]},{"@type":"WebSite","@id":"https:\/\/tibladin.dk\/#website","url":"https:\/\/tibladin.dk\/","name":"Tibladin","description":"Tibladin","publisher":{"@id":"https:\/\/tibladin.dk\/#organization"},"potentialAction":[{"@type":"SearchAction","target":{"@type":"EntryPoint","urlTemplate":"https:\/\/tibladin.dk\/?s={search_term_string}"},"query-input":{"@type":"PropertyValueSpecification","valueRequired":true,"valueName":"search_term_string"}}],"inLanguage":"de"},{"@type":"Organization","@id":"https:\/\/tibladin.dk\/#organization","name":"Tibladin","url":"https:\/\/tibladin.dk\/","logo":{"@type":"ImageObject","inLanguage":"de","@id":"https:\/\/tibladin.dk\/#\/schema\/logo\/image\/","url":"https:\/\/tibladin.dk\/wp-content\/uploads\/2022\/09\/tibladin_logo.svg","contentUrl":"https:\/\/tibladin.dk\/wp-content\/uploads\/2022\/09\/tibladin_logo.svg","caption":"Tibladin"},"image":{"@id":"https:\/\/tibladin.dk\/#\/schema\/logo\/image\/"}}]}},"_links":{"self":[{"href":"https:\/\/tibladin.dk\/de\/wp-json\/wp\/v2\/product\/36986","targetHints":{"allow":["GET"]}}],"collection":[{"href":"https:\/\/tibladin.dk\/de\/wp-json\/wp\/v2\/product"}],"about":[{"href":"https:\/\/tibladin.dk\/de\/wp-json\/wp\/v2\/types\/product"}],"wp:featuredmedia":[{"embeddable":true,"href":"https:\/\/tibladin.dk\/de\/wp-json\/wp\/v2\/media\/36996"}],"wp:attachment":[{"href":"https:\/\/tibladin.dk\/de\/wp-json\/wp\/v2\/media?parent=36986"}],"wp:term":[{"taxonomy":"product_brand","embeddable":true,"href":"https:\/\/tibladin.dk\/de\/wp-json\/wp\/v2\/product_brand?post=36986"},{"taxonomy":"product_cat","embeddable":true,"href":"https:\/\/tibladin.dk\/de\/wp-json\/wp\/v2\/product_cat?post=36986"},{"taxonomy":"product_tag","embeddable":true,"href":"https:\/\/tibladin.dk\/de\/wp-json\/wp\/v2\/product_tag?post=36986"}],"curies":[{"name":"wp","href":"https:\/\/api.w.org\/{rel}","templated":true}]}}