{"id":37167,"date":"2025-06-14T19:20:14","date_gmt":"2025-06-14T17:20:14","guid":{"rendered":"https:\/\/tibladin.dk\/?post_type=product&#038;p=37167"},"modified":"2025-06-14T19:44:08","modified_gmt":"2025-06-14T17:44:08","slug":"korbshopper-%c2%b7-zitronenliebe","status":"publish","type":"product","link":"https:\/\/tibladin.dk\/de\/produkt\/shopper-i-flet-%c2%b7-lemon-love\/","title":{"rendered":"Shopper mit Zopfmuster \u00b7 LEMON LOVE"},"content":{"rendered":"<div class=\"wpb-content-wrapper\"><div class=\"vc_row wpb_row vc_row-fluid\"><div class=\"wpb_column vc_column_container vc_col-sm-4\"><div class=\"vc_column-inner\"><div class=\"wpb_wrapper\"><\/div><\/div><\/div><div class=\"wpb_column vc_column_container vc_col-sm-4\"><div class=\"vc_column-inner\"><div class=\"wpb_wrapper\"><h3 style=\"text-align: left\" class=\"vc_custom_heading vc_do_custom_heading\" >Wartung<\/h3>\n\t<div class=\"wpb_text_column wpb_content_element\" >\n\t\t<div class=\"wpb_wrapper\">\n\t\t\t<p>Mit einem kr\u00e4ftig ausgewrungenen Tuch abwischbar<\/p>\n\n\t\t<\/div>\n\t<\/div>\n<\/div><\/div><\/div><div class=\"wpb_column vc_column_container vc_col-sm-4\"><div class=\"vc_column-inner\"><div class=\"wpb_wrapper\"><h3 style=\"text-align: left\" class=\"vc_custom_heading vc_do_custom_heading\" >Die Geschichte dahinter<\/h3>\n\t<div class=\"wpb_text_column wpb_content_element\" >\n\t\t<div class=\"wpb_wrapper\">\n\t\t\t<p>Handgewebte Tasche mit gedrehten Tr\u00e4gern und Innentasche mit Kordelzugverschluss. Handgewebt in unserer Werkstatt in Marrakesch, wo die Handwerkskunst \u00fcber Generationen weitergegeben wird.<\/p>\n\n\t\t<\/div>\n\t<\/div>\n<\/div><\/div><\/div><\/div>\n<\/div>","protected":false},"excerpt":{"rendered":"<h3 data-start=\"132\" data-end=\"188\"><strong data-start=\"136\" data-end=\"188\">Lemon Love \u2013 Der perfekte Korb f\u00fcr sonnige Tage<\/strong><\/h3>\n<p data-start=\"190\" data-end=\"430\">Frisch, farbenfroh und voller Sommerstimmung \u2013 Lemon Love ist der Korb, der jeden Blick auf sich zieht. Der handgeflochtene Naturkorb ist mit s\u00fc\u00dfen, geh\u00e4kelten Zitronen verziert, die deinem Outfit einen Hauch s\u00fcdfranz\u00f6sischen Charme verleihen.<\/p>\n<p data-start=\"432\" data-end=\"723\">Perfekt f\u00fcr Strandausfl\u00fcge, Markttage oder einen Tag in der Stadt \u2013 Lemon Love vereint Stil und Funktionalit\u00e4t. Es ist leicht, ger\u00e4umig und l\u00e4sst sich \u00fcberallhin mitnehmen. Die stabilen Griffe bieten guten Halt, und das einzigartige Zitronenmuster macht es zur idealen Wahl f\u00fcr alle, die Accessoires mit Pers\u00f6nlichkeit lieben.<\/p>\n<p data-start=\"432\" data-end=\"723\">Ma\u00dfe: L:50 cm H:32 cm: T:30 cm<\/p>\n<p data-start=\"725\" data-end=\"755\">Warum Sie es lieben werden:<\/p>\n<p data-start=\"756\" data-end=\"925\">\ud83c\udf4b Mit Liebe handgefertigt<br data-start=\"782\" data-end=\"785\" \/>\ud83c\udf4b Einzigartiges Zitronen-Design \u2013 ein echtes Sommer-Statement<br data-start=\"833\" data-end=\"836\" \/>\ud83c\udf4b Leicht, ger\u00e4umig und langlebig<br data-start=\"865\" data-end=\"868\" \/>\ud83c\udf4b Perfekt als Strandtasche, Einkaufskorb oder Sommertasche<\/p>\n<p data-start=\"927\" data-end=\"1028\">Machen Sie es wie die Stilbewussten \u2013 tragen Sie Ihre <strong data-start=\"961\" data-end=\"976\">Zitronenliebe<\/strong>\u00a0mit Stolz und verbreiten Sie ein wenig Sonnenschein, wo immer Sie hingehen.<\/p>","protected":false},"featured_media":37175,"template":"","meta":{"inline_featured_image":false},"product_brand":[],"product_cat":[27,31],"product_tag":[],"class_list":{"0":"post-37167","1":"product","2":"type-product","3":"status-publish","4":"has-post-thumbnail","6":"product_cat-diverse","7":"product_cat-tasker","9":"first","10":"instock","11":"taxable","12":"shipping-taxable","13":"purchasable","14":"product-type-simple"},"exclude_global_add_ons":false,"addons":[{"name":"M\u00f6chten Sie eine Geschenkverpackung?","type":"checkbox","position":0,"required":false,"title_format":"label","default":"","description_enable":false,"description":"","placeholder_enable":false,"placeholder":"","display":"images","restrictions_type":"any_text","adjust_price":false,"price":"","price_type":"flat_fee","restrictions":false,"min":"0","max":"0","options":[{"label":"Ja tak","price":"10","price_type":"flat_fee","image":11015,"visibility":true}],"id":1669646111}],"yoast_head":"<!-- This site is optimized with the Yoast SEO plugin v27.4 - https:\/\/yoast.com\/product\/yoast-seo-wordpress\/ -->\n<title>Shopper i flet i med h\u00e5ndbroderede citroner \u00b7 Kun hos Tibladin<\/title>\n<meta name=\"description\" content=\"Elegant og praktisk taske i flet med praktisk h\u00e5ndtag og h\u00e5ndbroderede citroner p\u00e5. H\u00e5ndflettet i h\u00f8jeste kvalitet p\u00e5 vores v\u00e6rksted i Marrakesh.\" \/>\n<meta name=\"robots\" content=\"index, follow, max-snippet:-1, max-image-preview:large, max-video-preview:-1\" \/>\n<link rel=\"canonical\" href=\"https:\/\/tibladin.dk\/de\/produkt\/korbshopper-\u00b7-zitronenliebe\/\" \/>\n<meta property=\"og:locale\" content=\"de_DE\" \/>\n<meta property=\"og:type\" content=\"article\" \/>\n<meta property=\"og:title\" content=\"Shopper i flet i med h\u00e5ndbroderede citroner \u00b7 Kun hos Tibladin\" \/>\n<meta property=\"og:description\" content=\"Elegant og praktisk taske i flet med praktisk h\u00e5ndtag og h\u00e5ndbroderede citroner p\u00e5. H\u00e5ndflettet i h\u00f8jeste kvalitet p\u00e5 vores v\u00e6rksted i Marrakesh.\" \/>\n<meta property=\"og:url\" content=\"https:\/\/tibladin.dk\/de\/produkt\/korbshopper-\u00b7-zitronenliebe\/\" \/>\n<meta property=\"og:site_name\" content=\"Tibladin\" \/>\n<meta property=\"article:modified_time\" content=\"2025-06-14T17:44:08+00:00\" \/>\n<meta property=\"og:image\" content=\"https:\/\/tibladin.dk\/wp-content\/uploads\/2025\/06\/LEMON-LOVE_kurvetaske_9.jpg\" \/>\n\t<meta property=\"og:image:width\" content=\"800\" \/>\n\t<meta property=\"og:image:height\" content=\"800\" \/>\n\t<meta property=\"og:image:type\" content=\"image\/jpeg\" \/>\n<meta name=\"twitter:card\" content=\"summary_large_image\" \/>\n<meta name=\"twitter:label1\" content=\"Gesch\u00e4tzte Lesezeit\" \/>\n\t<meta name=\"twitter:data1\" content=\"1\u00a0Minute\" \/>\n<script type=\"application\/ld+json\" class=\"yoast-schema-graph\">{\"@context\":\"https:\\\/\\\/schema.org\",\"@graph\":[{\"@type\":\"WebPage\",\"@id\":\"https:\\\/\\\/tibladin.dk\\\/produkt\\\/shopper-i-flet-%c2%b7-lemon-love\\\/\",\"url\":\"https:\\\/\\\/tibladin.dk\\\/produkt\\\/shopper-i-flet-%c2%b7-lemon-love\\\/\",\"name\":\"Shopper i flet i med h\u00e5ndbroderede citroner \u00b7 Kun hos Tibladin\",\"isPartOf\":{\"@id\":\"https:\\\/\\\/tibladin.dk\\\/#website\"},\"primaryImageOfPage\":{\"@id\":\"https:\\\/\\\/tibladin.dk\\\/produkt\\\/shopper-i-flet-%c2%b7-lemon-love\\\/#primaryimage\"},\"image\":{\"@id\":\"https:\\\/\\\/tibladin.dk\\\/produkt\\\/shopper-i-flet-%c2%b7-lemon-love\\\/#primaryimage\"},\"thumbnailUrl\":\"https:\\\/\\\/tibladin.dk\\\/wp-content\\\/uploads\\\/2025\\\/06\\\/LEMON-LOVE_kurvetaske_9.jpg\",\"datePublished\":\"2025-06-14T17:20:14+00:00\",\"dateModified\":\"2025-06-14T17:44:08+00:00\",\"description\":\"Elegant og praktisk taske i flet med praktisk h\u00e5ndtag og h\u00e5ndbroderede citroner p\u00e5. H\u00e5ndflettet i h\u00f8jeste kvalitet p\u00e5 vores v\u00e6rksted i Marrakesh.\",\"breadcrumb\":{\"@id\":\"https:\\\/\\\/tibladin.dk\\\/produkt\\\/shopper-i-flet-%c2%b7-lemon-love\\\/#breadcrumb\"},\"inLanguage\":\"de\",\"potentialAction\":[{\"@type\":\"ReadAction\",\"target\":[\"https:\\\/\\\/tibladin.dk\\\/produkt\\\/shopper-i-flet-%c2%b7-lemon-love\\\/\"]}]},{\"@type\":\"ImageObject\",\"inLanguage\":\"de\",\"@id\":\"https:\\\/\\\/tibladin.dk\\\/produkt\\\/shopper-i-flet-%c2%b7-lemon-love\\\/#primaryimage\",\"url\":\"https:\\\/\\\/tibladin.dk\\\/wp-content\\\/uploads\\\/2025\\\/06\\\/LEMON-LOVE_kurvetaske_9.jpg\",\"contentUrl\":\"https:\\\/\\\/tibladin.dk\\\/wp-content\\\/uploads\\\/2025\\\/06\\\/LEMON-LOVE_kurvetaske_9.jpg\",\"width\":800,\"height\":800,\"caption\":\"LEMON LOVE_kurvetaske - fletkurv med broderede 6 gule citroner med gr\u00f8nne blade\"},{\"@type\":\"BreadcrumbList\",\"@id\":\"https:\\\/\\\/tibladin.dk\\\/produkt\\\/shopper-i-flet-%c2%b7-lemon-love\\\/#breadcrumb\",\"itemListElement\":[{\"@type\":\"ListItem\",\"position\":1,\"name\":\"Hjem\",\"item\":\"https:\\\/\\\/tibladin.dk\\\/\"},{\"@type\":\"ListItem\",\"position\":2,\"name\":\"Shop\",\"item\":\"https:\\\/\\\/tibladin.dk\\\/shop\\\/\"},{\"@type\":\"ListItem\",\"position\":3,\"name\":\"Shopper i flet \u00b7 LEMON LOVE\"}]},{\"@type\":\"WebSite\",\"@id\":\"https:\\\/\\\/tibladin.dk\\\/#website\",\"url\":\"https:\\\/\\\/tibladin.dk\\\/\",\"name\":\"Tibladin\",\"description\":\"Tibladin\",\"publisher\":{\"@id\":\"https:\\\/\\\/tibladin.dk\\\/#organization\"},\"potentialAction\":[{\"@type\":\"SearchAction\",\"target\":{\"@type\":\"EntryPoint\",\"urlTemplate\":\"https:\\\/\\\/tibladin.dk\\\/?s={search_term_string}\"},\"query-input\":{\"@type\":\"PropertyValueSpecification\",\"valueRequired\":true,\"valueName\":\"search_term_string\"}}],\"inLanguage\":\"de\"},{\"@type\":\"Organization\",\"@id\":\"https:\\\/\\\/tibladin.dk\\\/#organization\",\"name\":\"Tibladin\",\"url\":\"https:\\\/\\\/tibladin.dk\\\/\",\"logo\":{\"@type\":\"ImageObject\",\"inLanguage\":\"de\",\"@id\":\"https:\\\/\\\/tibladin.dk\\\/#\\\/schema\\\/logo\\\/image\\\/\",\"url\":\"https:\\\/\\\/tibladin.dk\\\/wp-content\\\/uploads\\\/2022\\\/09\\\/tibladin_logo.svg\",\"contentUrl\":\"https:\\\/\\\/tibladin.dk\\\/wp-content\\\/uploads\\\/2022\\\/09\\\/tibladin_logo.svg\",\"caption\":\"Tibladin\"},\"image\":{\"@id\":\"https:\\\/\\\/tibladin.dk\\\/#\\\/schema\\\/logo\\\/image\\\/\"}}]}<\/script>\n<!-- \/ Yoast SEO plugin. -->","yoast_head_json":{"title":"Shopper aus Zopf mit handgestickten Zitronen \u00b7 Nur bei Tibladin","description":"Elegante und praktische Korbtasche mit praktischem Tragegriff und handgestickten Zitronen. Handgewebt in h\u00f6chster Qualit\u00e4t in unserer Werkstatt in Marrakesch.","robots":{"index":"index","follow":"follow","max-snippet":"max-snippet:-1","max-image-preview":"max-image-preview:large","max-video-preview":"max-video-preview:-1"},"canonical":"https:\/\/tibladin.dk\/de\/produkt\/korbshopper-\u00b7-zitronenliebe\/","og_locale":"de_DE","og_type":"article","og_title":"Shopper i flet i med h\u00e5ndbroderede citroner \u00b7 Kun hos Tibladin","og_description":"Elegant og praktisk taske i flet med praktisk h\u00e5ndtag og h\u00e5ndbroderede citroner p\u00e5. H\u00e5ndflettet i h\u00f8jeste kvalitet p\u00e5 vores v\u00e6rksted i Marrakesh.","og_url":"https:\/\/tibladin.dk\/de\/produkt\/korbshopper-\u00b7-zitronenliebe\/","og_site_name":"Tibladin","article_modified_time":"2025-06-14T17:44:08+00:00","og_image":[{"width":800,"height":800,"url":"https:\/\/tibladin.dk\/wp-content\/uploads\/2025\/06\/LEMON-LOVE_kurvetaske_9.jpg","type":"image\/jpeg"}],"twitter_card":"summary_large_image","twitter_misc":{"Gesch\u00e4tzte Lesezeit":"1\u00a0Minute"},"schema":{"@context":"https:\/\/schema.org","@graph":[{"@type":"WebPage","@id":"https:\/\/tibladin.dk\/produkt\/shopper-i-flet-%c2%b7-lemon-love\/","url":"https:\/\/tibladin.dk\/produkt\/shopper-i-flet-%c2%b7-lemon-love\/","name":"Shopper aus Zopf mit handgestickten Zitronen \u00b7 Nur bei Tibladin","isPartOf":{"@id":"https:\/\/tibladin.dk\/#website"},"primaryImageOfPage":{"@id":"https:\/\/tibladin.dk\/produkt\/shopper-i-flet-%c2%b7-lemon-love\/#primaryimage"},"image":{"@id":"https:\/\/tibladin.dk\/produkt\/shopper-i-flet-%c2%b7-lemon-love\/#primaryimage"},"thumbnailUrl":"https:\/\/tibladin.dk\/wp-content\/uploads\/2025\/06\/LEMON-LOVE_kurvetaske_9.jpg","datePublished":"2025-06-14T17:20:14+00:00","dateModified":"2025-06-14T17:44:08+00:00","description":"Elegante und praktische Korbtasche mit praktischem Tragegriff und handgestickten Zitronen. Handgewebt in h\u00f6chster Qualit\u00e4t in unserer Werkstatt in Marrakesch.","breadcrumb":{"@id":"https:\/\/tibladin.dk\/produkt\/shopper-i-flet-%c2%b7-lemon-love\/#breadcrumb"},"inLanguage":"de","potentialAction":[{"@type":"ReadAction","target":["https:\/\/tibladin.dk\/produkt\/shopper-i-flet-%c2%b7-lemon-love\/"]}]},{"@type":"ImageObject","inLanguage":"de","@id":"https:\/\/tibladin.dk\/produkt\/shopper-i-flet-%c2%b7-lemon-love\/#primaryimage","url":"https:\/\/tibladin.dk\/wp-content\/uploads\/2025\/06\/LEMON-LOVE_kurvetaske_9.jpg","contentUrl":"https:\/\/tibladin.dk\/wp-content\/uploads\/2025\/06\/LEMON-LOVE_kurvetaske_9.jpg","width":800,"height":800,"caption":"LEMON LOVE_kurvetaske - fletkurv med broderede 6 gule citroner med gr\u00f8nne blade"},{"@type":"BreadcrumbList","@id":"https:\/\/tibladin.dk\/produkt\/shopper-i-flet-%c2%b7-lemon-love\/#breadcrumb","itemListElement":[{"@type":"ListItem","position":1,"name":"Hjem","item":"https:\/\/tibladin.dk\/"},{"@type":"ListItem","position":2,"name":"Shop","item":"https:\/\/tibladin.dk\/shop\/"},{"@type":"ListItem","position":3,"name":"Shopper i flet \u00b7 LEMON LOVE"}]},{"@type":"WebSite","@id":"https:\/\/tibladin.dk\/#website","url":"https:\/\/tibladin.dk\/","name":"Tibladin","description":"Tibladin","publisher":{"@id":"https:\/\/tibladin.dk\/#organization"},"potentialAction":[{"@type":"SearchAction","target":{"@type":"EntryPoint","urlTemplate":"https:\/\/tibladin.dk\/?s={search_term_string}"},"query-input":{"@type":"PropertyValueSpecification","valueRequired":true,"valueName":"search_term_string"}}],"inLanguage":"de"},{"@type":"Organization","@id":"https:\/\/tibladin.dk\/#organization","name":"Tibladin","url":"https:\/\/tibladin.dk\/","logo":{"@type":"ImageObject","inLanguage":"de","@id":"https:\/\/tibladin.dk\/#\/schema\/logo\/image\/","url":"https:\/\/tibladin.dk\/wp-content\/uploads\/2022\/09\/tibladin_logo.svg","contentUrl":"https:\/\/tibladin.dk\/wp-content\/uploads\/2022\/09\/tibladin_logo.svg","caption":"Tibladin"},"image":{"@id":"https:\/\/tibladin.dk\/#\/schema\/logo\/image\/"}}]}},"_links":{"self":[{"href":"https:\/\/tibladin.dk\/de\/wp-json\/wp\/v2\/product\/37167","targetHints":{"allow":["GET"]}}],"collection":[{"href":"https:\/\/tibladin.dk\/de\/wp-json\/wp\/v2\/product"}],"about":[{"href":"https:\/\/tibladin.dk\/de\/wp-json\/wp\/v2\/types\/product"}],"wp:featuredmedia":[{"embeddable":true,"href":"https:\/\/tibladin.dk\/de\/wp-json\/wp\/v2\/media\/37175"}],"wp:attachment":[{"href":"https:\/\/tibladin.dk\/de\/wp-json\/wp\/v2\/media?parent=37167"}],"wp:term":[{"taxonomy":"product_brand","embeddable":true,"href":"https:\/\/tibladin.dk\/de\/wp-json\/wp\/v2\/product_brand?post=37167"},{"taxonomy":"product_cat","embeddable":true,"href":"https:\/\/tibladin.dk\/de\/wp-json\/wp\/v2\/product_cat?post=37167"},{"taxonomy":"product_tag","embeddable":true,"href":"https:\/\/tibladin.dk\/de\/wp-json\/wp\/v2\/product_tag?post=37167"}],"curies":[{"name":"wp","href":"https:\/\/api.w.org\/{rel}","templated":true}]}}