{"id":37176,"date":"2025-06-14T19:50:43","date_gmt":"2025-06-14T17:50:43","guid":{"rendered":"https:\/\/tibladin.dk\/?post_type=product&#038;p=37176"},"modified":"2025-10-18T14:11:24","modified_gmt":"2025-10-18T12:11:24","slug":"korbshopper-%c2%b7-la-palma","status":"publish","type":"product","link":"https:\/\/tibladin.dk\/de\/produkt\/shopper-i-flet-%c2%b7-la-palma\/","title":{"rendered":"Korb-Shopper \u00b7 LA PALMA"},"content":{"rendered":"<div class=\"wpb-content-wrapper\"><div class=\"vc_row wpb_row vc_row-fluid\"><div class=\"wpb_column vc_column_container vc_col-sm-4\"><div class=\"vc_column-inner\"><div class=\"wpb_wrapper\"><\/div><\/div><\/div><div class=\"wpb_column vc_column_container vc_col-sm-4\"><div class=\"vc_column-inner\"><div class=\"wpb_wrapper\"><h3 style=\"text-align: left\" class=\"vc_custom_heading vc_do_custom_heading\" >Wartung<\/h3>\n\t<div class=\"wpb_text_column wpb_content_element\" >\n\t\t<div class=\"wpb_wrapper\">\n\t\t\t<p>Mit einem kr\u00e4ftig ausgewrungenen Tuch abwischbar<\/p>\n\n\t\t<\/div>\n\t<\/div>\n<\/div><\/div><\/div><div class=\"wpb_column vc_column_container vc_col-sm-4\"><div class=\"vc_column-inner\"><div class=\"wpb_wrapper\"><h3 style=\"text-align: left\" class=\"vc_custom_heading vc_do_custom_heading\" >Die Geschichte dahinter<\/h3>\n\t<div class=\"wpb_text_column wpb_content_element\" >\n\t\t<div class=\"wpb_wrapper\">\n\t\t\t<p>Handgewebte Tasche mit gedrehten Tr\u00e4gern und Innentasche mit Kordelzugverschluss. Handgewebt in unserer Werkstatt in Marrakesch, wo die Handwerkskunst \u00fcber Generationen weitergegeben wird.<\/p>\n\n\t\t<\/div>\n\t<\/div>\n<\/div><\/div><\/div><\/div>\n<\/div>","protected":false},"excerpt":{"rendered":"<h3 data-start=\"81\" data-end=\"138\"><strong data-start=\"85\" data-end=\"138\">La Palma \u2013 Dein neuer Favorit f\u00fcr Alltag und Abenteuer<\/strong><\/h3>\n<p data-start=\"140\" data-end=\"472\">Gro\u00df, stylisch und f\u00fcr alles bereit \u2013 <strong data-start=\"172\" data-end=\"184\">La Palma<\/strong> ist die Korbtasche, die Funktionalit\u00e4t und raffinierte Handwerkskunst in einem eleganten Design vereint. Handgewebt aus nat\u00fcrlichen Materialien mit kurzen und langen Riemen bietet sie maximale Flexibilit\u00e4t: Tragen Sie sie in der Hand auf dem Markt oder \u00fcber der Schulter zum Strand, ins Caf\u00e9 oder in den Alltag in der Stadt.<\/p>\n<p data-start=\"474\" data-end=\"729\">Sie bietet ausreichend Platz f\u00fcr Handtuch, Eink\u00e4ufe, B\u00fccher und noch etwas mehr \u2013 und das alles ohne Kompromisse beim Style. Die langen, weichen Schultergurte in Lederoptik sorgen f\u00fcr hohen Tragekomfort, w\u00e4hrend der minimalistische Look und das dezente Logo der Tasche einen exklusiven Look verleihen.<\/p>\n<p data-start=\"474\" data-end=\"729\">Abmessungen: L:59 cm H:36cm T:38<\/p>\n<h4 data-start=\"731\" data-end=\"766\">Deshalb lieben wir <strong data-start=\"753\" data-end=\"765\">La Palma<\/strong>:<\/h4>\n<p data-start=\"767\" data-end=\"949\">\ud83e\uddfa Extra ger\u00e4umig \u2013 perfekt f\u00fcr Alltag, Strand und Shopping<br data-start=\"827\" data-end=\"830\" \/>\ud83e\uddfa Zwei Gurts\u00e4tze: Griff und Schultergurte<br data-start=\"876\" data-end=\"879\" \/>\ud83e\uddfa Zeitloses Design aus nat\u00fcrlichem Korbgeflecht<br data-start=\"912\" data-end=\"915\" \/>\ud83e\uddfa Bequem, leicht und langlebig<\/p>\n<p data-start=\"951\" data-end=\"1098\"><strong data-start=\"951\" data-end=\"963\">La Palma<\/strong> ist nicht nur eine Tasche \u2013 es ist ein treuer Begleiter, der Ihr Outfit aufwertet und das Leben einfacher macht, mit jeder praktischen und sch\u00f6nen Entscheidung auf einmal.<\/p>\n<hr data-start=\"1100\" data-end=\"1103\" \/>","protected":false},"featured_media":37177,"template":"","meta":{"inline_featured_image":false},"product_brand":[],"product_cat":[27,31],"product_tag":[],"class_list":{"0":"post-37176","1":"product","2":"type-product","3":"status-publish","4":"has-post-thumbnail","6":"product_cat-diverse","7":"product_cat-tasker","9":"first","10":"instock","11":"taxable","12":"shipping-taxable","13":"purchasable","14":"product-type-simple"},"exclude_global_add_ons":false,"addons":[{"name":"M\u00f6chten Sie eine Geschenkverpackung?","type":"checkbox","position":0,"required":false,"title_format":"label","default":"","description_enable":false,"description":"","placeholder_enable":false,"placeholder":"","display":"images","restrictions_type":"any_text","adjust_price":false,"price":"","price_type":"flat_fee","restrictions":false,"min":"0","max":"0","options":[{"label":"Ja tak","price":"10","price_type":"flat_fee","image":11015,"visibility":true}],"id":1669646111}],"yoast_head":"<!-- This site is optimized with the Yoast SEO plugin v27.4 - https:\/\/yoast.com\/product\/yoast-seo-wordpress\/ -->\n<title>Stor Shopper i flet i tidl\u00f8st design \u00b7 Kun hos Tibladin<\/title>\n<meta name=\"description\" content=\"Elegant og praktisk k\u00e6mpe taske i flet med praktisk b\u00e6reh\u00e5ndtag og lange stropper i l\u00e6der . H\u00e5ndflettet i h\u00f8jeste kvalitet p\u00e5 vores v\u00e6rksted i Marrakesh.\" \/>\n<meta name=\"robots\" content=\"index, follow, max-snippet:-1, max-image-preview:large, max-video-preview:-1\" \/>\n<link rel=\"canonical\" href=\"https:\/\/tibladin.dk\/de\/produkt\/korbshopper-\u00b7-la-palma\/\" \/>\n<meta property=\"og:locale\" content=\"de_DE\" \/>\n<meta property=\"og:type\" content=\"article\" \/>\n<meta property=\"og:title\" content=\"Stor Shopper i flet i tidl\u00f8st design \u00b7 Kun hos Tibladin\" \/>\n<meta property=\"og:description\" content=\"Elegant og praktisk k\u00e6mpe taske i flet med praktisk b\u00e6reh\u00e5ndtag og lange stropper i l\u00e6der . H\u00e5ndflettet i h\u00f8jeste kvalitet p\u00e5 vores v\u00e6rksted i Marrakesh.\" \/>\n<meta property=\"og:url\" content=\"https:\/\/tibladin.dk\/de\/produkt\/korbshopper-\u00b7-la-palma\/\" \/>\n<meta property=\"og:site_name\" content=\"Tibladin\" \/>\n<meta property=\"article:modified_time\" content=\"2025-10-18T12:11:24+00:00\" \/>\n<meta property=\"og:image\" content=\"https:\/\/tibladin.dk\/wp-content\/uploads\/2025\/06\/KURVETASKE_LA-PALMA_1.jpg\" \/>\n\t<meta property=\"og:image:width\" content=\"800\" \/>\n\t<meta property=\"og:image:height\" content=\"800\" \/>\n\t<meta property=\"og:image:type\" content=\"image\/jpeg\" \/>\n<meta name=\"twitter:card\" content=\"summary_large_image\" \/>\n<meta name=\"twitter:label1\" content=\"Gesch\u00e4tzte Lesezeit\" \/>\n\t<meta name=\"twitter:data1\" content=\"1\u00a0Minute\" \/>\n<script type=\"application\/ld+json\" class=\"yoast-schema-graph\">{\"@context\":\"https:\\\/\\\/schema.org\",\"@graph\":[{\"@type\":\"WebPage\",\"@id\":\"https:\\\/\\\/tibladin.dk\\\/produkt\\\/shopper-i-flet-%c2%b7-la-palma\\\/\",\"url\":\"https:\\\/\\\/tibladin.dk\\\/produkt\\\/shopper-i-flet-%c2%b7-la-palma\\\/\",\"name\":\"Stor Shopper i flet i tidl\u00f8st design \u00b7 Kun hos Tibladin\",\"isPartOf\":{\"@id\":\"https:\\\/\\\/tibladin.dk\\\/#website\"},\"primaryImageOfPage\":{\"@id\":\"https:\\\/\\\/tibladin.dk\\\/produkt\\\/shopper-i-flet-%c2%b7-la-palma\\\/#primaryimage\"},\"image\":{\"@id\":\"https:\\\/\\\/tibladin.dk\\\/produkt\\\/shopper-i-flet-%c2%b7-la-palma\\\/#primaryimage\"},\"thumbnailUrl\":\"https:\\\/\\\/tibladin.dk\\\/wp-content\\\/uploads\\\/2025\\\/06\\\/KURVETASKE_LA-PALMA_1.jpg\",\"datePublished\":\"2025-06-14T17:50:43+00:00\",\"dateModified\":\"2025-10-18T12:11:24+00:00\",\"description\":\"Elegant og praktisk k\u00e6mpe taske i flet med praktisk b\u00e6reh\u00e5ndtag og lange stropper i l\u00e6der . H\u00e5ndflettet i h\u00f8jeste kvalitet p\u00e5 vores v\u00e6rksted i Marrakesh.\",\"breadcrumb\":{\"@id\":\"https:\\\/\\\/tibladin.dk\\\/produkt\\\/shopper-i-flet-%c2%b7-la-palma\\\/#breadcrumb\"},\"inLanguage\":\"de\",\"potentialAction\":[{\"@type\":\"ReadAction\",\"target\":[\"https:\\\/\\\/tibladin.dk\\\/produkt\\\/shopper-i-flet-%c2%b7-la-palma\\\/\"]}]},{\"@type\":\"ImageObject\",\"inLanguage\":\"de\",\"@id\":\"https:\\\/\\\/tibladin.dk\\\/produkt\\\/shopper-i-flet-%c2%b7-la-palma\\\/#primaryimage\",\"url\":\"https:\\\/\\\/tibladin.dk\\\/wp-content\\\/uploads\\\/2025\\\/06\\\/KURVETASKE_LA-PALMA_1.jpg\",\"contentUrl\":\"https:\\\/\\\/tibladin.dk\\\/wp-content\\\/uploads\\\/2025\\\/06\\\/KURVETASKE_LA-PALMA_1.jpg\",\"width\":800,\"height\":800,\"caption\":\"KURVETASKE_LA PALMA\"},{\"@type\":\"BreadcrumbList\",\"@id\":\"https:\\\/\\\/tibladin.dk\\\/produkt\\\/shopper-i-flet-%c2%b7-la-palma\\\/#breadcrumb\",\"itemListElement\":[{\"@type\":\"ListItem\",\"position\":1,\"name\":\"Hjem\",\"item\":\"https:\\\/\\\/tibladin.dk\\\/\"},{\"@type\":\"ListItem\",\"position\":2,\"name\":\"Shop\",\"item\":\"https:\\\/\\\/tibladin.dk\\\/shop\\\/\"},{\"@type\":\"ListItem\",\"position\":3,\"name\":\"Shopper i flet \u00b7 LA PALMA\"}]},{\"@type\":\"WebSite\",\"@id\":\"https:\\\/\\\/tibladin.dk\\\/#website\",\"url\":\"https:\\\/\\\/tibladin.dk\\\/\",\"name\":\"Tibladin\",\"description\":\"Tibladin\",\"publisher\":{\"@id\":\"https:\\\/\\\/tibladin.dk\\\/#organization\"},\"potentialAction\":[{\"@type\":\"SearchAction\",\"target\":{\"@type\":\"EntryPoint\",\"urlTemplate\":\"https:\\\/\\\/tibladin.dk\\\/?s={search_term_string}\"},\"query-input\":{\"@type\":\"PropertyValueSpecification\",\"valueRequired\":true,\"valueName\":\"search_term_string\"}}],\"inLanguage\":\"de\"},{\"@type\":\"Organization\",\"@id\":\"https:\\\/\\\/tibladin.dk\\\/#organization\",\"name\":\"Tibladin\",\"url\":\"https:\\\/\\\/tibladin.dk\\\/\",\"logo\":{\"@type\":\"ImageObject\",\"inLanguage\":\"de\",\"@id\":\"https:\\\/\\\/tibladin.dk\\\/#\\\/schema\\\/logo\\\/image\\\/\",\"url\":\"https:\\\/\\\/tibladin.dk\\\/wp-content\\\/uploads\\\/2022\\\/09\\\/tibladin_logo.svg\",\"contentUrl\":\"https:\\\/\\\/tibladin.dk\\\/wp-content\\\/uploads\\\/2022\\\/09\\\/tibladin_logo.svg\",\"caption\":\"Tibladin\"},\"image\":{\"@id\":\"https:\\\/\\\/tibladin.dk\\\/#\\\/schema\\\/logo\\\/image\\\/\"}}]}<\/script>\n<!-- \/ Yoast SEO plugin. -->","yoast_head_json":{"title":"Gro\u00dfer Korb-Shopper in zeitlosem Design \u00b7 Nur bei Tibladin","description":"Elegante und praktische Riesen-Korbtasche mit praktischem Tragegriff und langen Lederriemen. Handgewebt in h\u00f6chster Qualit\u00e4t in unserer Werkstatt in Marrakesch.","robots":{"index":"index","follow":"follow","max-snippet":"max-snippet:-1","max-image-preview":"max-image-preview:large","max-video-preview":"max-video-preview:-1"},"canonical":"https:\/\/tibladin.dk\/de\/produkt\/korbshopper-\u00b7-la-palma\/","og_locale":"de_DE","og_type":"article","og_title":"Stor Shopper i flet i tidl\u00f8st design \u00b7 Kun hos Tibladin","og_description":"Elegant og praktisk k\u00e6mpe taske i flet med praktisk b\u00e6reh\u00e5ndtag og lange stropper i l\u00e6der . H\u00e5ndflettet i h\u00f8jeste kvalitet p\u00e5 vores v\u00e6rksted i Marrakesh.","og_url":"https:\/\/tibladin.dk\/de\/produkt\/korbshopper-\u00b7-la-palma\/","og_site_name":"Tibladin","article_modified_time":"2025-10-18T12:11:24+00:00","og_image":[{"width":800,"height":800,"url":"https:\/\/tibladin.dk\/wp-content\/uploads\/2025\/06\/KURVETASKE_LA-PALMA_1.jpg","type":"image\/jpeg"}],"twitter_card":"summary_large_image","twitter_misc":{"Gesch\u00e4tzte Lesezeit":"1\u00a0Minute"},"schema":{"@context":"https:\/\/schema.org","@graph":[{"@type":"WebPage","@id":"https:\/\/tibladin.dk\/produkt\/shopper-i-flet-%c2%b7-la-palma\/","url":"https:\/\/tibladin.dk\/produkt\/shopper-i-flet-%c2%b7-la-palma\/","name":"Gro\u00dfer Korb-Shopper in zeitlosem Design \u00b7 Nur bei Tibladin","isPartOf":{"@id":"https:\/\/tibladin.dk\/#website"},"primaryImageOfPage":{"@id":"https:\/\/tibladin.dk\/produkt\/shopper-i-flet-%c2%b7-la-palma\/#primaryimage"},"image":{"@id":"https:\/\/tibladin.dk\/produkt\/shopper-i-flet-%c2%b7-la-palma\/#primaryimage"},"thumbnailUrl":"https:\/\/tibladin.dk\/wp-content\/uploads\/2025\/06\/KURVETASKE_LA-PALMA_1.jpg","datePublished":"2025-06-14T17:50:43+00:00","dateModified":"2025-10-18T12:11:24+00:00","description":"Elegante und praktische Riesen-Korbtasche mit praktischem Tragegriff und langen Lederriemen. Handgewebt in h\u00f6chster Qualit\u00e4t in unserer Werkstatt in Marrakesch.","breadcrumb":{"@id":"https:\/\/tibladin.dk\/produkt\/shopper-i-flet-%c2%b7-la-palma\/#breadcrumb"},"inLanguage":"de","potentialAction":[{"@type":"ReadAction","target":["https:\/\/tibladin.dk\/produkt\/shopper-i-flet-%c2%b7-la-palma\/"]}]},{"@type":"ImageObject","inLanguage":"de","@id":"https:\/\/tibladin.dk\/produkt\/shopper-i-flet-%c2%b7-la-palma\/#primaryimage","url":"https:\/\/tibladin.dk\/wp-content\/uploads\/2025\/06\/KURVETASKE_LA-PALMA_1.jpg","contentUrl":"https:\/\/tibladin.dk\/wp-content\/uploads\/2025\/06\/KURVETASKE_LA-PALMA_1.jpg","width":800,"height":800,"caption":"KURVETASKE_LA PALMA"},{"@type":"BreadcrumbList","@id":"https:\/\/tibladin.dk\/produkt\/shopper-i-flet-%c2%b7-la-palma\/#breadcrumb","itemListElement":[{"@type":"ListItem","position":1,"name":"Hjem","item":"https:\/\/tibladin.dk\/"},{"@type":"ListItem","position":2,"name":"Shop","item":"https:\/\/tibladin.dk\/shop\/"},{"@type":"ListItem","position":3,"name":"Shopper i flet \u00b7 LA PALMA"}]},{"@type":"WebSite","@id":"https:\/\/tibladin.dk\/#website","url":"https:\/\/tibladin.dk\/","name":"Tibladin","description":"Tibladin","publisher":{"@id":"https:\/\/tibladin.dk\/#organization"},"potentialAction":[{"@type":"SearchAction","target":{"@type":"EntryPoint","urlTemplate":"https:\/\/tibladin.dk\/?s={search_term_string}"},"query-input":{"@type":"PropertyValueSpecification","valueRequired":true,"valueName":"search_term_string"}}],"inLanguage":"de"},{"@type":"Organization","@id":"https:\/\/tibladin.dk\/#organization","name":"Tibladin","url":"https:\/\/tibladin.dk\/","logo":{"@type":"ImageObject","inLanguage":"de","@id":"https:\/\/tibladin.dk\/#\/schema\/logo\/image\/","url":"https:\/\/tibladin.dk\/wp-content\/uploads\/2022\/09\/tibladin_logo.svg","contentUrl":"https:\/\/tibladin.dk\/wp-content\/uploads\/2022\/09\/tibladin_logo.svg","caption":"Tibladin"},"image":{"@id":"https:\/\/tibladin.dk\/#\/schema\/logo\/image\/"}}]}},"_links":{"self":[{"href":"https:\/\/tibladin.dk\/de\/wp-json\/wp\/v2\/product\/37176","targetHints":{"allow":["GET"]}}],"collection":[{"href":"https:\/\/tibladin.dk\/de\/wp-json\/wp\/v2\/product"}],"about":[{"href":"https:\/\/tibladin.dk\/de\/wp-json\/wp\/v2\/types\/product"}],"wp:featuredmedia":[{"embeddable":true,"href":"https:\/\/tibladin.dk\/de\/wp-json\/wp\/v2\/media\/37177"}],"wp:attachment":[{"href":"https:\/\/tibladin.dk\/de\/wp-json\/wp\/v2\/media?parent=37176"}],"wp:term":[{"taxonomy":"product_brand","embeddable":true,"href":"https:\/\/tibladin.dk\/de\/wp-json\/wp\/v2\/product_brand?post=37176"},{"taxonomy":"product_cat","embeddable":true,"href":"https:\/\/tibladin.dk\/de\/wp-json\/wp\/v2\/product_cat?post=37176"},{"taxonomy":"product_tag","embeddable":true,"href":"https:\/\/tibladin.dk\/de\/wp-json\/wp\/v2\/product_tag?post=37176"}],"curies":[{"name":"wp","href":"https:\/\/api.w.org\/{rel}","templated":true}]}}