{"id":37277,"date":"2025-06-18T08:10:36","date_gmt":"2025-06-18T06:10:36","guid":{"rendered":"https:\/\/tibladin.dk\/?post_type=product&#038;p=37277"},"modified":"2025-06-20T14:19:11","modified_gmt":"2025-06-20T12:19:11","slug":"marokkanischer-boucherouite-teppich-tazra-148x246-cm","status":"publish","type":"product","link":"https:\/\/tibladin.dk\/de\/produkt\/marokkansk-boucherouite-taeppe-tazra-148x246-cm\/","title":{"rendered":"Marokkanischer Boucherouite-Teppich \u2013 TAZRA | 148\u00d7246 cm"},"content":{"rendered":"<div class=\"wpb-content-wrapper\"><div class=\"vc_row wpb_row vc_row-fluid\"><div class=\"wpb_column vc_column_container vc_col-sm-4\"><div class=\"vc_column-inner\"><div class=\"wpb_wrapper\"><\/div><\/div><\/div><div class=\"wpb_column vc_column_container vc_col-sm-4\"><div class=\"vc_column-inner\"><div class=\"wpb_wrapper\"><h3 style=\"text-align: left\" class=\"vc_custom_heading vc_do_custom_heading\" >Wartung<\/h3>\n\t<div class=\"wpb_text_column wpb_content_element\" >\n\t\t<div class=\"wpb_wrapper\">\n\t\t\t<p>Saugen Sie den Teppich regelm\u00e4\u00dfig ab, bringen Sie ihn nach drau\u00dfen und sch\u00fctteln Sie ihn ab und zu. Flecken werden entfernt, indem man den Fleck schnellstm\u00f6glich mit einem Tuch aufsaugt und den Fleck anschlie\u00dfend mit einem feuchten Tuch abtupft. Der Teppich besteht aus Resten verschiedener Materialien.<\/p>\n\n\t\t<\/div>\n\t<\/div>\n<\/div><\/div><\/div><div class=\"wpb_column vc_column_container vc_col-sm-4\"><div class=\"vc_column-inner\"><div class=\"wpb_wrapper\"><h3 style=\"text-align: left\" class=\"vc_custom_heading vc_do_custom_heading\" >Die Geschichte dahinter<\/h3>\n\t<div class=\"wpb_text_column wpb_content_element\" >\n\t\t<div class=\"wpb_wrapper\">\n\t\t\t<p>Teppiche schm\u00fccken, sorgen f\u00fcr Gem\u00fctlichkeit und W\u00e4rme und sind zudem ger\u00e4uschabsorbierend.<\/p>\n<p>Boucherouite-Teppiche werden aus Stoffresten von Kleidung und Textilien gewebt und die Berberfrauen geben ihnen in einem kunstvollen Teppich neues Leben. Alle Teppiche sind Unikate und kleine Kunstwerke f\u00fcr sich. Der Name Boucherouite kommt von Bouts de chiffons, was Stoffreste bedeutet. In einem Boucherouite-Teppich werden viele Arten von Materialien verwendet: Baumwolle, Nylon, Wolle, Spitze, T\u00fcll usw.<span class=\"Apple-converted-space\">\u00a0 <\/span>Jedes St\u00fcck Stoff wird St\u00fcck f\u00fcr St\u00fcck mit einer speziellen Technik fixiert. Diese Technik wird \u00fcber Generationen von der Mutter an die Tochter weitergegeben. Das Markenzeichen von Boucherouite-Teppichen ist, dass sie farbenfroh sind und zum Nachdenken anregen. Sie verleihen dem Innenraum eine warme und farbenfrohe Note und erfreuen sich bei Innenarchitektur-Enthusiasten weltweit gro\u00dfer Beliebtheit. Die g\u00e4ngigste Gr\u00f6\u00dfe ist ca. 100\u00d7170 cm. Die kleineren Teppiche werden auch als Wanddekoration mit\/oder ohne Rahmen verwendet.<span class=\"Apple-converted-space\">\u00a0<\/span><\/p>\n<p>Entdecken Sie die Boucherouite-Teppiche bei Tibladin und finden Sie Ihren Favoriten!<\/p>\n\n\t\t<\/div>\n\t<\/div>\n<\/div><\/div><\/div><\/div>\n<\/div>","protected":false},"excerpt":{"rendered":"<h3 data-start=\"137\" data-end=\"187\"><strong data-start=\"141\" data-end=\"187\">Tazra \u2013 Tiefe, Rhythmus und Berbermagie<\/strong><\/h3>\n<p data-start=\"189\" data-end=\"486\">Tazra ist ein Vintage-Boucherouite-Teppich mit den Ma\u00dfen 148 x 246 cm \u2013 ein kraftvolles und zugleich poetisches St\u00fcck Textilkunst, handgewebt von Berberfrauen in Marokko. Mit seinem grafischen V-f\u00f6rmigen Muster und einer Farbpalette, die K\u00fchles und Sinnliches in Einklang bringt, strahlt der Teppich Ruhe und Geheimnis aus.<\/p>\n<p data-start=\"488\" data-end=\"763\">Mit seinen Farbt\u00f6nen Marineblau, Lavendel, Minze, Schwarz, Eisblau, Violett und vereinzelten rosa Details erzeugt Tazra einen hypnotischen Rhythmus, der den Blick zur Mitte lenkt. Er ist ein Teppich, der Ruhe in einen Raum bringt und gleichzeitig ein starkes visuelles Statement setzt \u2013 wie ein Kunstwerk auf dem Boden.<\/p>\n<h3 data-start=\"770\" data-end=\"804\">\ud83c\udfe1 <strong data-start=\"777\" data-end=\"804\">Tazra passt perfekt in:<\/strong><\/h3>\n<ul data-start=\"805\" data-end=\"1063\">\n<li data-start=\"805\" data-end=\"879\">\n<p data-start=\"807\" data-end=\"879\">Ein Wohnzimmer mit hellen W\u00e4nden und Holzdetails, in dem der Teppich einen Kontrast bildet<\/p>\n<\/li>\n<li data-start=\"880\" data-end=\"938\">\n<p data-start=\"882\" data-end=\"938\">A<strong data-start=\"885\" data-end=\"900\"> Schlafzimmer<\/strong>wo es Tiefe und Struktur verleiht<\/p>\n<\/li>\n<li data-start=\"939\" data-end=\"1002\">\n<p data-start=\"941\" data-end=\"1002\">Ein kreativer Raum oder ein Studio, in dem Farben inspirieren<\/p>\n<\/li>\n<li data-start=\"1003\" data-end=\"1063\">\n<p data-start=\"1005\" data-end=\"1063\">Oder als Wandbehang \u2013 f\u00fcr maximale k\u00fcnstlerische Wirkung<\/p>\n<\/li>\n<\/ul>\n<h3 data-start=\"1070\" data-end=\"1111\">\ud83c\udf1f <strong data-start=\"1077\" data-end=\"1111\">Deshalb ist Tazra etwas Besonderes:<\/strong><\/h3>\n<ul data-start=\"1112\" data-end=\"1377\">\n<li data-start=\"1112\" data-end=\"1158\">\n<p data-start=\"1114\" data-end=\"1158\">Ein einzigartiger und handgefertigter Teppich \u2013 keine Kopien<\/p>\n<\/li>\n<li data-start=\"1159\" data-end=\"1220\">\n<p data-start=\"1161\" data-end=\"1220\">Aus recycelten Textilien \u2013 nachhaltig und historisch<\/p>\n<\/li>\n<li data-start=\"1221\" data-end=\"1267\">\n<p data-start=\"1223\" data-end=\"1267\">Harmonisch, aber voller Kontrast und Tiefe<\/p>\n<\/li>\n<li data-start=\"1268\" data-end=\"1377\">\n<p data-start=\"1270\" data-end=\"1377\">Der Name \u201e<strong data-start=\"1278\" data-end=\"1287\">Tazra<\/strong>\u201e\u201c bedeutet auf Berberisch \u201eweben\u201c \u2013 eine Hommage an die Handwerkskunst und die Geschichten in jedem Faden<\/p>\n<\/li>\n<\/ul>\n<p data-start=\"1384\" data-end=\"1493\"><strong data-start=\"1384\" data-end=\"1393\">Tazra<\/strong> ist mehr als ein Teppich \u2013 es ist eine Atmosph\u00e4re. Eine Geschichte in Farben, geformt von H\u00e4nden und Traditionen.<\/p>","protected":false},"featured_media":37283,"template":"","meta":{"inline_featured_image":false},"product_brand":[],"product_cat":[94,59],"product_tag":[],"class_list":{"0":"post-37277","1":"product","2":"type-product","3":"status-publish","4":"has-post-thumbnail","6":"product_cat-boucherouite","7":"product_cat-marokkanske-taepper","9":"first","10":"instock","11":"sold-individually","12":"taxable","13":"shipping-taxable","14":"purchasable","15":"product-type-simple"},"exclude_global_add_ons":[],"addons":[],"yoast_head":"<!-- This site is optimized with the Yoast SEO plugin v27.5 - https:\/\/yoast.com\/product\/yoast-seo-wordpress\/ -->\n<title>Marokkansk Boucherouite t\u00e6ppe 148x246 cm | kun hos Tibladin<\/title>\n<meta name=\"description\" content=\"Unikt vintage Boucherouite-t\u00e6ppe i livlige farver \u2013 h\u00e5ndv\u00e6vet i Marokko. Perfekt som gulv- eller v\u00e6gt\u00e6ppe. M\u00e5l: 148x246. \u00c9t unika \u2013 \u00e9t statement.\" \/>\n<meta name=\"robots\" content=\"index, follow, max-snippet:-1, max-image-preview:large, max-video-preview:-1\" \/>\n<link rel=\"canonical\" href=\"https:\/\/tibladin.dk\/de\/produkt\/marokkanischer-boucherouite-teppich-tazra-148x246-cm\/\" \/>\n<meta property=\"og:locale\" content=\"de_DE\" \/>\n<meta property=\"og:type\" content=\"article\" \/>\n<meta property=\"og:title\" content=\"Marokkansk Boucherouite t\u00e6ppe 148x246 cm | kun hos Tibladin\" \/>\n<meta property=\"og:description\" content=\"Unikt vintage Boucherouite-t\u00e6ppe i livlige farver \u2013 h\u00e5ndv\u00e6vet i Marokko. Perfekt som gulv- eller v\u00e6gt\u00e6ppe. M\u00e5l: 148x246. \u00c9t unika \u2013 \u00e9t statement.\" \/>\n<meta property=\"og:url\" content=\"https:\/\/tibladin.dk\/de\/produkt\/marokkanischer-boucherouite-teppich-tazra-148x246-cm\/\" \/>\n<meta property=\"og:site_name\" content=\"Tibladin\" \/>\n<meta property=\"article:modified_time\" content=\"2025-06-20T12:19:11+00:00\" \/>\n<meta property=\"og:image\" content=\"https:\/\/tibladin.dk\/wp-content\/uploads\/2025\/06\/Boucherouite-taeppe_TAZRA_1.jpg\" \/>\n\t<meta property=\"og:image:width\" content=\"800\" \/>\n\t<meta property=\"og:image:height\" content=\"800\" \/>\n\t<meta property=\"og:image:type\" content=\"image\/jpeg\" \/>\n<meta name=\"twitter:card\" content=\"summary_large_image\" \/>\n<meta name=\"twitter:label1\" content=\"Gesch\u00e4tzte Lesezeit\" \/>\n\t<meta name=\"twitter:data1\" content=\"2\u00a0Minuten\" \/>\n<script type=\"application\/ld+json\" class=\"yoast-schema-graph\">{\"@context\":\"https:\\\/\\\/schema.org\",\"@graph\":[{\"@type\":\"WebPage\",\"@id\":\"https:\\\/\\\/tibladin.dk\\\/produkt\\\/marokkansk-boucherouite-taeppe-tazra-148x246-cm\\\/\",\"url\":\"https:\\\/\\\/tibladin.dk\\\/produkt\\\/marokkansk-boucherouite-taeppe-tazra-148x246-cm\\\/\",\"name\":\"Marokkansk Boucherouite t\u00e6ppe 148x246 cm | kun hos Tibladin\",\"isPartOf\":{\"@id\":\"https:\\\/\\\/tibladin.dk\\\/#website\"},\"primaryImageOfPage\":{\"@id\":\"https:\\\/\\\/tibladin.dk\\\/produkt\\\/marokkansk-boucherouite-taeppe-tazra-148x246-cm\\\/#primaryimage\"},\"image\":{\"@id\":\"https:\\\/\\\/tibladin.dk\\\/produkt\\\/marokkansk-boucherouite-taeppe-tazra-148x246-cm\\\/#primaryimage\"},\"thumbnailUrl\":\"https:\\\/\\\/tibladin.dk\\\/wp-content\\\/uploads\\\/2025\\\/06\\\/Boucherouite-taeppe_TAZRA_1.jpg\",\"datePublished\":\"2025-06-18T06:10:36+00:00\",\"dateModified\":\"2025-06-20T12:19:11+00:00\",\"description\":\"Unikt vintage Boucherouite-t\u00e6ppe i livlige farver \u2013 h\u00e5ndv\u00e6vet i Marokko. Perfekt som gulv- eller v\u00e6gt\u00e6ppe. M\u00e5l: 148x246. \u00c9t unika \u2013 \u00e9t statement.\",\"breadcrumb\":{\"@id\":\"https:\\\/\\\/tibladin.dk\\\/produkt\\\/marokkansk-boucherouite-taeppe-tazra-148x246-cm\\\/#breadcrumb\"},\"inLanguage\":\"de\",\"potentialAction\":[{\"@type\":\"ReadAction\",\"target\":[\"https:\\\/\\\/tibladin.dk\\\/produkt\\\/marokkansk-boucherouite-taeppe-tazra-148x246-cm\\\/\"]}]},{\"@type\":\"ImageObject\",\"inLanguage\":\"de\",\"@id\":\"https:\\\/\\\/tibladin.dk\\\/produkt\\\/marokkansk-boucherouite-taeppe-tazra-148x246-cm\\\/#primaryimage\",\"url\":\"https:\\\/\\\/tibladin.dk\\\/wp-content\\\/uploads\\\/2025\\\/06\\\/Boucherouite-taeppe_TAZRA_1.jpg\",\"contentUrl\":\"https:\\\/\\\/tibladin.dk\\\/wp-content\\\/uploads\\\/2025\\\/06\\\/Boucherouite-taeppe_TAZRA_1.jpg\",\"width\":800,\"height\":800,\"caption\":\"Boucherouite t\u00e6ppe_TAZRA\"},{\"@type\":\"BreadcrumbList\",\"@id\":\"https:\\\/\\\/tibladin.dk\\\/produkt\\\/marokkansk-boucherouite-taeppe-tazra-148x246-cm\\\/#breadcrumb\",\"itemListElement\":[{\"@type\":\"ListItem\",\"position\":1,\"name\":\"Hjem\",\"item\":\"https:\\\/\\\/tibladin.dk\\\/\"},{\"@type\":\"ListItem\",\"position\":2,\"name\":\"Shop\",\"item\":\"https:\\\/\\\/tibladin.dk\\\/shop\\\/\"},{\"@type\":\"ListItem\",\"position\":3,\"name\":\"Marokkansk Boucherouite t\u00e6ppe &#8211; TAZRA | 148&#215;246 cm\"}]},{\"@type\":\"WebSite\",\"@id\":\"https:\\\/\\\/tibladin.dk\\\/#website\",\"url\":\"https:\\\/\\\/tibladin.dk\\\/\",\"name\":\"Tibladin\",\"description\":\"Tibladin\",\"publisher\":{\"@id\":\"https:\\\/\\\/tibladin.dk\\\/#organization\"},\"potentialAction\":[{\"@type\":\"SearchAction\",\"target\":{\"@type\":\"EntryPoint\",\"urlTemplate\":\"https:\\\/\\\/tibladin.dk\\\/?s={search_term_string}\"},\"query-input\":{\"@type\":\"PropertyValueSpecification\",\"valueRequired\":true,\"valueName\":\"search_term_string\"}}],\"inLanguage\":\"de\"},{\"@type\":\"Organization\",\"@id\":\"https:\\\/\\\/tibladin.dk\\\/#organization\",\"name\":\"Tibladin\",\"url\":\"https:\\\/\\\/tibladin.dk\\\/\",\"logo\":{\"@type\":\"ImageObject\",\"inLanguage\":\"de\",\"@id\":\"https:\\\/\\\/tibladin.dk\\\/#\\\/schema\\\/logo\\\/image\\\/\",\"url\":\"https:\\\/\\\/tibladin.dk\\\/wp-content\\\/uploads\\\/2022\\\/09\\\/tibladin_logo.svg\",\"contentUrl\":\"https:\\\/\\\/tibladin.dk\\\/wp-content\\\/uploads\\\/2022\\\/09\\\/tibladin_logo.svg\",\"caption\":\"Tibladin\"},\"image\":{\"@id\":\"https:\\\/\\\/tibladin.dk\\\/#\\\/schema\\\/logo\\\/image\\\/\"}}]}<\/script>\n<!-- \/ Yoast SEO plugin. -->","yoast_head_json":{"title":"Marokkanischer Boucherouite-Teppich 148x246 cm | nur bei Tibladin","description":"Einzigartiger Vintage-Boucherouite-Teppich in leuchtenden Farben \u2013 handgewebt in Marokko. Perfekt als Boden- oder Wandteppich. Ma\u00dfe: 148 x 246 cm. Ein Unikat \u2013 ein Statement.","robots":{"index":"index","follow":"follow","max-snippet":"max-snippet:-1","max-image-preview":"max-image-preview:large","max-video-preview":"max-video-preview:-1"},"canonical":"https:\/\/tibladin.dk\/de\/produkt\/marokkanischer-boucherouite-teppich-tazra-148x246-cm\/","og_locale":"de_DE","og_type":"article","og_title":"Marokkansk Boucherouite t\u00e6ppe 148x246 cm | kun hos Tibladin","og_description":"Unikt vintage Boucherouite-t\u00e6ppe i livlige farver \u2013 h\u00e5ndv\u00e6vet i Marokko. Perfekt som gulv- eller v\u00e6gt\u00e6ppe. M\u00e5l: 148x246. \u00c9t unika \u2013 \u00e9t statement.","og_url":"https:\/\/tibladin.dk\/de\/produkt\/marokkanischer-boucherouite-teppich-tazra-148x246-cm\/","og_site_name":"Tibladin","article_modified_time":"2025-06-20T12:19:11+00:00","og_image":[{"width":800,"height":800,"url":"https:\/\/tibladin.dk\/wp-content\/uploads\/2025\/06\/Boucherouite-taeppe_TAZRA_1.jpg","type":"image\/jpeg"}],"twitter_card":"summary_large_image","twitter_misc":{"Gesch\u00e4tzte Lesezeit":"2\u00a0Minuten"},"schema":{"@context":"https:\/\/schema.org","@graph":[{"@type":"WebPage","@id":"https:\/\/tibladin.dk\/produkt\/marokkansk-boucherouite-taeppe-tazra-148x246-cm\/","url":"https:\/\/tibladin.dk\/produkt\/marokkansk-boucherouite-taeppe-tazra-148x246-cm\/","name":"Marokkanischer Boucherouite-Teppich 148x246 cm | nur bei Tibladin","isPartOf":{"@id":"https:\/\/tibladin.dk\/#website"},"primaryImageOfPage":{"@id":"https:\/\/tibladin.dk\/produkt\/marokkansk-boucherouite-taeppe-tazra-148x246-cm\/#primaryimage"},"image":{"@id":"https:\/\/tibladin.dk\/produkt\/marokkansk-boucherouite-taeppe-tazra-148x246-cm\/#primaryimage"},"thumbnailUrl":"https:\/\/tibladin.dk\/wp-content\/uploads\/2025\/06\/Boucherouite-taeppe_TAZRA_1.jpg","datePublished":"2025-06-18T06:10:36+00:00","dateModified":"2025-06-20T12:19:11+00:00","description":"Einzigartiger Vintage-Boucherouite-Teppich in leuchtenden Farben \u2013 handgewebt in Marokko. Perfekt als Boden- oder Wandteppich. Ma\u00dfe: 148 x 246 cm. Ein Unikat \u2013 ein Statement.","breadcrumb":{"@id":"https:\/\/tibladin.dk\/produkt\/marokkansk-boucherouite-taeppe-tazra-148x246-cm\/#breadcrumb"},"inLanguage":"de","potentialAction":[{"@type":"ReadAction","target":["https:\/\/tibladin.dk\/produkt\/marokkansk-boucherouite-taeppe-tazra-148x246-cm\/"]}]},{"@type":"ImageObject","inLanguage":"de","@id":"https:\/\/tibladin.dk\/produkt\/marokkansk-boucherouite-taeppe-tazra-148x246-cm\/#primaryimage","url":"https:\/\/tibladin.dk\/wp-content\/uploads\/2025\/06\/Boucherouite-taeppe_TAZRA_1.jpg","contentUrl":"https:\/\/tibladin.dk\/wp-content\/uploads\/2025\/06\/Boucherouite-taeppe_TAZRA_1.jpg","width":800,"height":800,"caption":"Boucherouite t\u00e6ppe_TAZRA"},{"@type":"BreadcrumbList","@id":"https:\/\/tibladin.dk\/produkt\/marokkansk-boucherouite-taeppe-tazra-148x246-cm\/#breadcrumb","itemListElement":[{"@type":"ListItem","position":1,"name":"Hjem","item":"https:\/\/tibladin.dk\/"},{"@type":"ListItem","position":2,"name":"Shop","item":"https:\/\/tibladin.dk\/shop\/"},{"@type":"ListItem","position":3,"name":"Marokkansk Boucherouite t\u00e6ppe &#8211; TAZRA | 148&#215;246 cm"}]},{"@type":"WebSite","@id":"https:\/\/tibladin.dk\/#website","url":"https:\/\/tibladin.dk\/","name":"Tibladin","description":"Tibladin","publisher":{"@id":"https:\/\/tibladin.dk\/#organization"},"potentialAction":[{"@type":"SearchAction","target":{"@type":"EntryPoint","urlTemplate":"https:\/\/tibladin.dk\/?s={search_term_string}"},"query-input":{"@type":"PropertyValueSpecification","valueRequired":true,"valueName":"search_term_string"}}],"inLanguage":"de"},{"@type":"Organization","@id":"https:\/\/tibladin.dk\/#organization","name":"Tibladin","url":"https:\/\/tibladin.dk\/","logo":{"@type":"ImageObject","inLanguage":"de","@id":"https:\/\/tibladin.dk\/#\/schema\/logo\/image\/","url":"https:\/\/tibladin.dk\/wp-content\/uploads\/2022\/09\/tibladin_logo.svg","contentUrl":"https:\/\/tibladin.dk\/wp-content\/uploads\/2022\/09\/tibladin_logo.svg","caption":"Tibladin"},"image":{"@id":"https:\/\/tibladin.dk\/#\/schema\/logo\/image\/"}}]}},"_links":{"self":[{"href":"https:\/\/tibladin.dk\/de\/wp-json\/wp\/v2\/product\/37277","targetHints":{"allow":["GET"]}}],"collection":[{"href":"https:\/\/tibladin.dk\/de\/wp-json\/wp\/v2\/product"}],"about":[{"href":"https:\/\/tibladin.dk\/de\/wp-json\/wp\/v2\/types\/product"}],"wp:featuredmedia":[{"embeddable":true,"href":"https:\/\/tibladin.dk\/de\/wp-json\/wp\/v2\/media\/37283"}],"wp:attachment":[{"href":"https:\/\/tibladin.dk\/de\/wp-json\/wp\/v2\/media?parent=37277"}],"wp:term":[{"taxonomy":"product_brand","embeddable":true,"href":"https:\/\/tibladin.dk\/de\/wp-json\/wp\/v2\/product_brand?post=37277"},{"taxonomy":"product_cat","embeddable":true,"href":"https:\/\/tibladin.dk\/de\/wp-json\/wp\/v2\/product_cat?post=37277"},{"taxonomy":"product_tag","embeddable":true,"href":"https:\/\/tibladin.dk\/de\/wp-json\/wp\/v2\/product_tag?post=37277"}],"curies":[{"name":"wp","href":"https:\/\/api.w.org\/{rel}","templated":true}]}}