{"id":37705,"date":"2025-07-02T14:54:52","date_gmt":"2025-07-02T12:54:52","guid":{"rendered":"https:\/\/tibladin.dk\/?post_type=product&#038;p=37705"},"modified":"2026-02-27T14:56:15","modified_gmt":"2026-02-27T13:56:15","slug":"marokkanische-schale-12-cm-verschiedene-farben","status":"publish","type":"product","link":"https:\/\/tibladin.dk\/de\/produkt\/marokkanske-skaale-12-cm-flere-farver\/","title":{"rendered":"Marokkanische Schalen 12 cm \u2013 Mehrere Farben"},"content":{"rendered":"<div class=\"wpb-content-wrapper\"><div class=\"vc_row wpb_row vc_row-fluid\"><div class=\"wpb_column vc_column_container vc_col-sm-4\"><div class=\"vc_column-inner\"><div class=\"wpb_wrapper\"><\/div><\/div><\/div><div class=\"wpb_column vc_column_container vc_col-sm-4\"><div class=\"vc_column-inner\"><div class=\"wpb_wrapper\"><h3 style=\"text-align: left\" class=\"vc_custom_heading vc_do_custom_heading\" >Wartung<\/h3>\n\t<div class=\"wpb_text_column wpb_content_element\" >\n\t\t<div class=\"wpb_wrapper\">\n\t\t\t<p><span style=\"font-weight: 400;\">Kann f\u00fcr Lebensmittel verwendet werden.<\/span><\/p>\n<p><span style=\"font-weight: 400;\">Da Keramik etwas por\u00f6ser ist als Steinzeug, empfehlen wir zur Reinigung keine Sp\u00fclmaschine. Um die Keramik m\u00f6glichst lange haltbar zu machen, sp\u00fclen Sie das Geschirr am besten von Hand.<\/span><\/p>\n<p><br style=\"font-weight: 400;\" \/><br style=\"font-weight: 400;\" \/><\/p>\n\n\t\t<\/div>\n\t<\/div>\n<\/div><\/div><\/div><div class=\"wpb_column vc_column_container vc_col-sm-4\"><div class=\"vc_column-inner\"><div class=\"wpb_wrapper\"><h3 style=\"text-align: left\" class=\"vc_custom_heading vc_do_custom_heading\" >Die Geschichte dahinter<\/h3>\n\t<div class=\"wpb_text_column wpb_content_element\" >\n\t\t<div class=\"wpb_wrapper\">\n\t\t\t<p>Safi ist eine Provinzhauptstadt und Hafenstadt im Westen Marokkos, die vor allem f\u00fcr die Herstellung wundersch\u00f6ner handgefertigter Keramik bekannt ist, die oft in vielen verschiedenen Farben und Schattierungen erstrahlt. \u201eSafi\u201c ist also keine T\u00f6pferart, sondern die Bezeichnung f\u00fcr den Ort, an dem die T\u00f6pferware hergestellt wird. Oft findet man \u201eSafi\u201c unter dem Boden von Keramik aus Marokko, da das Land dort ein gro\u00dfer Hersteller ist.<\/p>\n\n\t\t<\/div>\n\t<\/div>\n<\/div><\/div><\/div><\/div>\n<\/div>","protected":false},"excerpt":{"rendered":"<p>H\u00fcbsche marokkanische Schalen mit Mustern in den sch\u00f6nsten Farben. Die Schalen haben einen Durchmesser von 12 cm. Klicken Sie auf die Variante, um alle Farbt\u00f6ne und Muster anzuzeigen. Manche haben nur ein Muster, manche etwas mehr.<\/p>\n<p>Perfekt als kleine Fr\u00fchst\u00fccksschale oder zum Servieren von N\u00fcssen, S\u00fc\u00dfigkeiten, Dip etc.<\/p>\n<p>Die Schalen sind handgedreht und handbemalt und weisen kleine Unvollkommenheiten auf, die ihr ein pers\u00f6nliches Aussehen verleihen.<\/p>","protected":false},"featured_media":37713,"template":"","meta":{"inline_featured_image":false},"product_brand":[],"product_cat":[139,146,154],"product_tag":[],"class_list":{"0":"post-37705","1":"product","2":"type-product","3":"status-publish","4":"has-post-thumbnail","6":"product_cat-marokkansk-keramik","7":"product_cat-marokkanske-keramik-skaale","8":"product_cat-smaaskaale","10":"first","11":"instock","12":"taxable","13":"shipping-taxable","14":"purchasable","15":"product-type-variable"},"exclude_global_add_ons":false,"addons":[{"name":"M\u00f6chten Sie eine Geschenkverpackung?","type":"checkbox","position":0,"required":false,"title_format":"label","default":"","description_enable":false,"description":"","placeholder_enable":false,"placeholder":"","display":"images","restrictions_type":"any_text","adjust_price":false,"price":"","price_type":"flat_fee","restrictions":false,"min":"0","max":"0","options":[{"label":"Ja tak","price":"10","price_type":"flat_fee","image":11015,"visibility":true}],"id":1669646111}],"yoast_head":"<!-- This site is optimized with the Yoast SEO plugin v27.4 - https:\/\/yoast.com\/product\/yoast-seo-wordpress\/ -->\n<title>Marokkanske sk\u00e5le | Unikke m\u00f8nstre og smukke farver | Tibladin<\/title>\n<meta name=\"description\" content=\"Smukke marokkanske sk\u00e5le f\u00e5es mange forskellige farver. M\u00e5ler 12 cm. Stort udvalg af smuk marokkansk keramik, som er h\u00e5ndlavet i Marokko.\" \/>\n<meta name=\"robots\" content=\"index, follow, max-snippet:-1, max-image-preview:large, max-video-preview:-1\" \/>\n<link rel=\"canonical\" href=\"https:\/\/tibladin.dk\/de\/produkt\/marokkanische-schale-12-cm-verschiedene-farben\/\" \/>\n<meta property=\"og:locale\" content=\"de_DE\" \/>\n<meta property=\"og:type\" content=\"article\" \/>\n<meta property=\"og:title\" content=\"Marokkanske sk\u00e5le | Unikke m\u00f8nstre og smukke farver | Tibladin\" \/>\n<meta property=\"og:description\" content=\"Smukke marokkanske sk\u00e5le f\u00e5es mange forskellige farver. M\u00e5ler 12 cm. Stort udvalg af smuk marokkansk keramik, som er h\u00e5ndlavet i Marokko.\" \/>\n<meta property=\"og:url\" content=\"https:\/\/tibladin.dk\/de\/produkt\/marokkanische-schale-12-cm-verschiedene-farben\/\" \/>\n<meta property=\"og:site_name\" content=\"Tibladin\" \/>\n<meta property=\"article:modified_time\" content=\"2026-02-27T13:56:15+00:00\" \/>\n<meta property=\"og:image\" content=\"https:\/\/tibladin.dk\/wp-content\/uploads\/2025\/07\/Marokkansk-skaal-12-cm-flere-farver-.jpeg\" \/>\n\t<meta property=\"og:image:width\" content=\"800\" \/>\n\t<meta property=\"og:image:height\" content=\"800\" \/>\n\t<meta property=\"og:image:type\" content=\"image\/jpeg\" \/>\n<meta name=\"twitter:card\" content=\"summary_large_image\" \/>\n<meta name=\"twitter:label1\" content=\"Gesch\u00e4tzte Lesezeit\" \/>\n\t<meta name=\"twitter:data1\" content=\"2\u00a0Minuten\" \/>\n<script type=\"application\/ld+json\" class=\"yoast-schema-graph\">{\"@context\":\"https:\\\/\\\/schema.org\",\"@graph\":[{\"@type\":\"WebPage\",\"@id\":\"https:\\\/\\\/tibladin.dk\\\/produkt\\\/marokkanske-skaale-12-cm-flere-farver\\\/\",\"url\":\"https:\\\/\\\/tibladin.dk\\\/produkt\\\/marokkanske-skaale-12-cm-flere-farver\\\/\",\"name\":\"Marokkanske sk\u00e5le | Unikke m\u00f8nstre og smukke farver | Tibladin\",\"isPartOf\":{\"@id\":\"https:\\\/\\\/tibladin.dk\\\/#website\"},\"primaryImageOfPage\":{\"@id\":\"https:\\\/\\\/tibladin.dk\\\/produkt\\\/marokkanske-skaale-12-cm-flere-farver\\\/#primaryimage\"},\"image\":{\"@id\":\"https:\\\/\\\/tibladin.dk\\\/produkt\\\/marokkanske-skaale-12-cm-flere-farver\\\/#primaryimage\"},\"thumbnailUrl\":\"https:\\\/\\\/tibladin.dk\\\/wp-content\\\/uploads\\\/2025\\\/07\\\/Marokkansk-skaal-12-cm-flere-farver-.jpeg\",\"datePublished\":\"2025-07-02T12:54:52+00:00\",\"dateModified\":\"2026-02-27T13:56:15+00:00\",\"description\":\"Smukke marokkanske sk\u00e5le f\u00e5es mange forskellige farver. M\u00e5ler 12 cm. Stort udvalg af smuk marokkansk keramik, som er h\u00e5ndlavet i Marokko.\",\"breadcrumb\":{\"@id\":\"https:\\\/\\\/tibladin.dk\\\/produkt\\\/marokkanske-skaale-12-cm-flere-farver\\\/#breadcrumb\"},\"inLanguage\":\"de\",\"potentialAction\":[{\"@type\":\"ReadAction\",\"target\":[\"https:\\\/\\\/tibladin.dk\\\/produkt\\\/marokkanske-skaale-12-cm-flere-farver\\\/\"]}]},{\"@type\":\"ImageObject\",\"inLanguage\":\"de\",\"@id\":\"https:\\\/\\\/tibladin.dk\\\/produkt\\\/marokkanske-skaale-12-cm-flere-farver\\\/#primaryimage\",\"url\":\"https:\\\/\\\/tibladin.dk\\\/wp-content\\\/uploads\\\/2025\\\/07\\\/Marokkansk-skaal-12-cm-flere-farver-.jpeg\",\"contentUrl\":\"https:\\\/\\\/tibladin.dk\\\/wp-content\\\/uploads\\\/2025\\\/07\\\/Marokkansk-skaal-12-cm-flere-farver-.jpeg\",\"width\":800,\"height\":800,\"caption\":\"sk\u00e5le 12 cm i flere farver\"},{\"@type\":\"BreadcrumbList\",\"@id\":\"https:\\\/\\\/tibladin.dk\\\/produkt\\\/marokkanske-skaale-12-cm-flere-farver\\\/#breadcrumb\",\"itemListElement\":[{\"@type\":\"ListItem\",\"position\":1,\"name\":\"Hjem\",\"item\":\"https:\\\/\\\/tibladin.dk\\\/\"},{\"@type\":\"ListItem\",\"position\":2,\"name\":\"Shop\",\"item\":\"https:\\\/\\\/tibladin.dk\\\/shop\\\/\"},{\"@type\":\"ListItem\",\"position\":3,\"name\":\"Marokkanske sk\u00e5le 12 cm &#8211; Flere farver\"}]},{\"@type\":\"WebSite\",\"@id\":\"https:\\\/\\\/tibladin.dk\\\/#website\",\"url\":\"https:\\\/\\\/tibladin.dk\\\/\",\"name\":\"Tibladin\",\"description\":\"Tibladin\",\"publisher\":{\"@id\":\"https:\\\/\\\/tibladin.dk\\\/#organization\"},\"potentialAction\":[{\"@type\":\"SearchAction\",\"target\":{\"@type\":\"EntryPoint\",\"urlTemplate\":\"https:\\\/\\\/tibladin.dk\\\/?s={search_term_string}\"},\"query-input\":{\"@type\":\"PropertyValueSpecification\",\"valueRequired\":true,\"valueName\":\"search_term_string\"}}],\"inLanguage\":\"de\"},{\"@type\":\"Organization\",\"@id\":\"https:\\\/\\\/tibladin.dk\\\/#organization\",\"name\":\"Tibladin\",\"url\":\"https:\\\/\\\/tibladin.dk\\\/\",\"logo\":{\"@type\":\"ImageObject\",\"inLanguage\":\"de\",\"@id\":\"https:\\\/\\\/tibladin.dk\\\/#\\\/schema\\\/logo\\\/image\\\/\",\"url\":\"https:\\\/\\\/tibladin.dk\\\/wp-content\\\/uploads\\\/2022\\\/09\\\/tibladin_logo.svg\",\"contentUrl\":\"https:\\\/\\\/tibladin.dk\\\/wp-content\\\/uploads\\\/2022\\\/09\\\/tibladin_logo.svg\",\"caption\":\"Tibladin\"},\"image\":{\"@id\":\"https:\\\/\\\/tibladin.dk\\\/#\\\/schema\\\/logo\\\/image\\\/\"}}]}<\/script>\n<!-- \/ Yoast SEO plugin. -->","yoast_head_json":{"title":"Marokkanische Schalen | Einzigartige Muster und wundersch\u00f6ne Farben | Tibladin","description":"Wundersch\u00f6ne marokkanische Schalen in vielen verschiedenen Farben erh\u00e4ltlich. Ma\u00dfe: 12 cm. Gro\u00dfe Auswahl an wundersch\u00f6ner marokkanischer Keramik, handgefertigt in Marokko.","robots":{"index":"index","follow":"follow","max-snippet":"max-snippet:-1","max-image-preview":"max-image-preview:large","max-video-preview":"max-video-preview:-1"},"canonical":"https:\/\/tibladin.dk\/de\/produkt\/marokkanische-schale-12-cm-verschiedene-farben\/","og_locale":"de_DE","og_type":"article","og_title":"Marokkanske sk\u00e5le | Unikke m\u00f8nstre og smukke farver | Tibladin","og_description":"Smukke marokkanske sk\u00e5le f\u00e5es mange forskellige farver. M\u00e5ler 12 cm. Stort udvalg af smuk marokkansk keramik, som er h\u00e5ndlavet i Marokko.","og_url":"https:\/\/tibladin.dk\/de\/produkt\/marokkanische-schale-12-cm-verschiedene-farben\/","og_site_name":"Tibladin","article_modified_time":"2026-02-27T13:56:15+00:00","og_image":[{"width":800,"height":800,"url":"https:\/\/tibladin.dk\/wp-content\/uploads\/2025\/07\/Marokkansk-skaal-12-cm-flere-farver-.jpeg","type":"image\/jpeg"}],"twitter_card":"summary_large_image","twitter_misc":{"Gesch\u00e4tzte Lesezeit":"2\u00a0Minuten"},"schema":{"@context":"https:\/\/schema.org","@graph":[{"@type":"WebPage","@id":"https:\/\/tibladin.dk\/produkt\/marokkanske-skaale-12-cm-flere-farver\/","url":"https:\/\/tibladin.dk\/produkt\/marokkanske-skaale-12-cm-flere-farver\/","name":"Marokkanische Schalen | Einzigartige Muster und wundersch\u00f6ne Farben | Tibladin","isPartOf":{"@id":"https:\/\/tibladin.dk\/#website"},"primaryImageOfPage":{"@id":"https:\/\/tibladin.dk\/produkt\/marokkanske-skaale-12-cm-flere-farver\/#primaryimage"},"image":{"@id":"https:\/\/tibladin.dk\/produkt\/marokkanske-skaale-12-cm-flere-farver\/#primaryimage"},"thumbnailUrl":"https:\/\/tibladin.dk\/wp-content\/uploads\/2025\/07\/Marokkansk-skaal-12-cm-flere-farver-.jpeg","datePublished":"2025-07-02T12:54:52+00:00","dateModified":"2026-02-27T13:56:15+00:00","description":"Wundersch\u00f6ne marokkanische Schalen in vielen verschiedenen Farben erh\u00e4ltlich. Ma\u00dfe: 12 cm. Gro\u00dfe Auswahl an wundersch\u00f6ner marokkanischer Keramik, handgefertigt in Marokko.","breadcrumb":{"@id":"https:\/\/tibladin.dk\/produkt\/marokkanske-skaale-12-cm-flere-farver\/#breadcrumb"},"inLanguage":"de","potentialAction":[{"@type":"ReadAction","target":["https:\/\/tibladin.dk\/produkt\/marokkanske-skaale-12-cm-flere-farver\/"]}]},{"@type":"ImageObject","inLanguage":"de","@id":"https:\/\/tibladin.dk\/produkt\/marokkanske-skaale-12-cm-flere-farver\/#primaryimage","url":"https:\/\/tibladin.dk\/wp-content\/uploads\/2025\/07\/Marokkansk-skaal-12-cm-flere-farver-.jpeg","contentUrl":"https:\/\/tibladin.dk\/wp-content\/uploads\/2025\/07\/Marokkansk-skaal-12-cm-flere-farver-.jpeg","width":800,"height":800,"caption":"sk\u00e5le 12 cm i flere farver"},{"@type":"BreadcrumbList","@id":"https:\/\/tibladin.dk\/produkt\/marokkanske-skaale-12-cm-flere-farver\/#breadcrumb","itemListElement":[{"@type":"ListItem","position":1,"name":"Hjem","item":"https:\/\/tibladin.dk\/"},{"@type":"ListItem","position":2,"name":"Shop","item":"https:\/\/tibladin.dk\/shop\/"},{"@type":"ListItem","position":3,"name":"Marokkanske sk\u00e5le 12 cm &#8211; Flere farver"}]},{"@type":"WebSite","@id":"https:\/\/tibladin.dk\/#website","url":"https:\/\/tibladin.dk\/","name":"Tibladin","description":"Tibladin","publisher":{"@id":"https:\/\/tibladin.dk\/#organization"},"potentialAction":[{"@type":"SearchAction","target":{"@type":"EntryPoint","urlTemplate":"https:\/\/tibladin.dk\/?s={search_term_string}"},"query-input":{"@type":"PropertyValueSpecification","valueRequired":true,"valueName":"search_term_string"}}],"inLanguage":"de"},{"@type":"Organization","@id":"https:\/\/tibladin.dk\/#organization","name":"Tibladin","url":"https:\/\/tibladin.dk\/","logo":{"@type":"ImageObject","inLanguage":"de","@id":"https:\/\/tibladin.dk\/#\/schema\/logo\/image\/","url":"https:\/\/tibladin.dk\/wp-content\/uploads\/2022\/09\/tibladin_logo.svg","contentUrl":"https:\/\/tibladin.dk\/wp-content\/uploads\/2022\/09\/tibladin_logo.svg","caption":"Tibladin"},"image":{"@id":"https:\/\/tibladin.dk\/#\/schema\/logo\/image\/"}}]}},"_links":{"self":[{"href":"https:\/\/tibladin.dk\/de\/wp-json\/wp\/v2\/product\/37705","targetHints":{"allow":["GET"]}}],"collection":[{"href":"https:\/\/tibladin.dk\/de\/wp-json\/wp\/v2\/product"}],"about":[{"href":"https:\/\/tibladin.dk\/de\/wp-json\/wp\/v2\/types\/product"}],"wp:featuredmedia":[{"embeddable":true,"href":"https:\/\/tibladin.dk\/de\/wp-json\/wp\/v2\/media\/37713"}],"wp:attachment":[{"href":"https:\/\/tibladin.dk\/de\/wp-json\/wp\/v2\/media?parent=37705"}],"wp:term":[{"taxonomy":"product_brand","embeddable":true,"href":"https:\/\/tibladin.dk\/de\/wp-json\/wp\/v2\/product_brand?post=37705"},{"taxonomy":"product_cat","embeddable":true,"href":"https:\/\/tibladin.dk\/de\/wp-json\/wp\/v2\/product_cat?post=37705"},{"taxonomy":"product_tag","embeddable":true,"href":"https:\/\/tibladin.dk\/de\/wp-json\/wp\/v2\/product_tag?post=37705"}],"curies":[{"name":"wp","href":"https:\/\/api.w.org\/{rel}","templated":true}]}}