{"id":38077,"date":"2025-07-07T10:16:58","date_gmt":"2025-07-07T08:16:58","guid":{"rendered":"https:\/\/tibladin.dk\/?post_type=product&#038;p=38077"},"modified":"2026-05-13T00:51:54","modified_gmt":"2026-05-12T22:51:54","slug":"beldi-glas-braun-6-stk","status":"publish","type":"product","link":"https:\/\/tibladin.dk\/de\/produkt\/beldi-glas-brun-6-stk\/","title":{"rendered":"Beldi Glas braun \u2013 6 Stk."},"content":{"rendered":"<div class=\"wpb-content-wrapper\"><div class=\"vc_row wpb_row vc_row-fluid\"><div class=\"wpb_column vc_column_container vc_col-sm-4\"><div class=\"vc_column-inner\"><div class=\"wpb_wrapper\">\n\t<div class=\"wpb_video_widget wpb_content_element vc_clearfix   vc_video-aspect-ratio-43 vc_video-el-width-100 vc_video-align-left\" >\n\t\t<div class=\"wpb_wrapper\">\n\t\t\t\n\t\t\t<div class=\"wpb_video_wrapper\"><div class=\"video-container\"><iframe loading=\"lazy\" title=\"Beldi_glas&amp;Kande_transparent\" src=\"https:\/\/player.vimeo.com\/video\/456161325?dnt=1&amp;app_id=122963\" width=\"174\" height=\"310\" frameborder=\"0\" allow=\"autoplay; fullscreen; picture-in-picture\"><\/iframe><\/div><\/div>\n\t\t<\/div>\n\t<\/div>\n<\/div><\/div><\/div><div class=\"wpb_column vc_column_container vc_col-sm-4\"><div class=\"vc_column-inner\"><div class=\"wpb_wrapper\"><h3 style=\"text-align: left\" class=\"vc_custom_heading vc_do_custom_heading\" >Wartung<\/h3>\n\t<div class=\"wpb_text_column wpb_content_element\" >\n\t\t<div class=\"wpb_wrapper\">\n\t\t\t<p>Kann mit mildem Seifenwasser gewaschen werden \u2013 h\u00e4lt auch der Sp\u00fclmaschine stand.<\/p>\n<p>Beldi-Glas ist mundgeblasen und es kann zu Abweichungen in Farbe und Form kommen.<\/p>\n\n\t\t<\/div>\n\t<\/div>\n<\/div><\/div><\/div><div class=\"wpb_column vc_column_container vc_col-sm-4\"><div class=\"vc_column-inner\"><div class=\"wpb_wrapper\"><h3 style=\"text-align: left\" class=\"vc_custom_heading vc_do_custom_heading\" >Die Geschichte dahinter<\/h3>\n\t<div class=\"wpb_text_column wpb_content_element\" >\n\t\t<div class=\"wpb_wrapper\">\n\t\t\t<p>Beldi-Glas aus Marrakesch. Alles aus recyceltem Glas, das erhitzt, mundgeblasen und geformt und schlie\u00dflich in einem K\u00fchlofen nach und nach behandelt wird. Das Glas durchl\u00e4uft einen aufwendigen handwerklichen Prozess und wird zu eleganten Designs geformt.<\/p>\n<p>Trotz der Feinheit der Brille sind sie \u00e4u\u00dferst widerstandsf\u00e4hig und k\u00f6nnen in allen Alltagssituationen eingesetzt werden. Sie passen in die Sp\u00fclmaschine und halten sogar moderaten Temperaturen im Backofen stand. Die gr\u00fcne Reflexion kommt vom recycelten Glas.<\/p>\n<p>Gr\u00f6\u00dfe:<\/p>\n<p>15 cl. = H: 9 cm. , Durchmesser 5 cm.<\/p>\n<p>18 cl. = H: 11 cm. , Durchmesser 6 cm.<\/p>\n<p>22 cl. = H: 12 cm. , Durchmesser 6 cm.<\/p>\n<p>30 cl. = H: 13 cm. , Durchmesser 7 cm.<\/p>\n\n\t\t<\/div>\n\t<\/div>\n<\/div><\/div><\/div><\/div>\n<\/div>","protected":false},"excerpt":{"rendered":"<p>Wundersch\u00f6ne mundgeblasene Beldi-Gl\u00e4ser in Braun, vollst\u00e4ndig aus recyceltem Glas.<\/p>\n<p>Die Farbe ist ein sch\u00f6ner, warmer und heller Braunton, der zwischen Braun, Gelb und Gr\u00fcn changiert.<\/p>\n<p>Die Beldi-Gl\u00e4ser in Braun sind in 3 verschiedenen Gr\u00f6\u00dfen erh\u00e4ltlich: S: 18 cl., M: 22 cl. und L: 30 cl.<\/p>\n<p>Kann sowohl f\u00fcr Kaffee, Tee, Wasser als auch f\u00fcr verschiedene Erfrischungsgetr\u00e4nke verwendet werden.<\/p>\n<p>Es gibt einen Krug aus der gleichen Serie.<\/p>\n<p>Kann in der Sp\u00fclmaschine gereinigt werden.<\/p>\n<p>Der Preis gilt f\u00fcr eine Packung mit 6 St\u00fcck.<\/p>","protected":false},"featured_media":38051,"template":"","meta":{"inline_featured_image":false},"product_brand":[],"product_cat":[34,33,126],"product_tag":[],"class_list":{"0":"post-38077","1":"product","2":"type-product","3":"status-publish","4":"has-post-thumbnail","6":"product_cat-beldiglas","7":"product_cat-borddaekning","8":"product_cat-glas","10":"first","11":"instock","12":"taxable","13":"shipping-taxable","14":"purchasable","15":"product-type-variable"},"exclude_global_add_ons":false,"addons":[{"name":"M\u00f6chten Sie eine Geschenkverpackung?","type":"checkbox","position":0,"required":false,"title_format":"label","default":"","description_enable":false,"description":"","placeholder_enable":false,"placeholder":"","display":"images","restrictions_type":"any_text","adjust_price":false,"price":"","price_type":"flat_fee","restrictions":false,"min":"0","max":"0","options":[{"label":"Ja tak","price":"10","price_type":"flat_fee","image":11015,"visibility":true}],"id":1669646111}],"yoast_head":"<!-- This site is optimized with the Yoast SEO plugin v27.6 - https:\/\/yoast.com\/product\/yoast-seo-wordpress\/ -->\n<title>Beldi glas brun | Mundbl\u00e6ste af genbrugsglas | Tibladin<\/title>\n<meta name=\"description\" content=\"Beldi glas i brun, genbrugsglas. Changererer lidt i farven. Mundbl\u00e6ste efter gammel marokkansk tradition. F\u00e5s i 3 st\u00f8rrelser.\" \/>\n<meta name=\"robots\" content=\"index, follow, max-snippet:-1, max-image-preview:large, max-video-preview:-1\" \/>\n<link rel=\"canonical\" href=\"https:\/\/tibladin.dk\/de\/produkt\/beldi-glas-braun-6-stk\/\" \/>\n<meta property=\"og:locale\" content=\"de_DE\" \/>\n<meta property=\"og:type\" content=\"article\" \/>\n<meta property=\"og:title\" content=\"Beldi glas brun | Mundbl\u00e6ste af genbrugsglas | Tibladin\" \/>\n<meta property=\"og:description\" content=\"Beldi glas i brun, genbrugsglas. Changererer lidt i farven. Mundbl\u00e6ste efter gammel marokkansk tradition. F\u00e5s i 3 st\u00f8rrelser.\" \/>\n<meta property=\"og:url\" content=\"https:\/\/tibladin.dk\/de\/produkt\/beldi-glas-braun-6-stk\/\" \/>\n<meta property=\"og:site_name\" content=\"Tibladin\" \/>\n<meta property=\"article:modified_time\" content=\"2026-05-12T22:51:54+00:00\" \/>\n<meta property=\"og:image\" content=\"https:\/\/tibladin.dk\/wp-content\/uploads\/2025\/07\/Photoroom_20250704_145222.jpg\" \/>\n\t<meta property=\"og:image:width\" content=\"800\" \/>\n\t<meta property=\"og:image:height\" content=\"800\" \/>\n\t<meta property=\"og:image:type\" content=\"image\/jpeg\" \/>\n<meta name=\"twitter:card\" content=\"summary_large_image\" \/>\n<meta name=\"twitter:label1\" content=\"Gesch\u00e4tzte Lesezeit\" \/>\n\t<meta name=\"twitter:data1\" content=\"2\u00a0Minuten\" \/>\n<script type=\"application\/ld+json\" class=\"yoast-schema-graph\">{\"@context\":\"https:\\\/\\\/schema.org\",\"@graph\":[{\"@type\":\"WebPage\",\"@id\":\"https:\\\/\\\/tibladin.dk\\\/produkt\\\/beldi-glas-brun-6-stk\\\/\",\"url\":\"https:\\\/\\\/tibladin.dk\\\/produkt\\\/beldi-glas-brun-6-stk\\\/\",\"name\":\"Beldi glas brun | Mundbl\u00e6ste af genbrugsglas | Tibladin\",\"isPartOf\":{\"@id\":\"https:\\\/\\\/tibladin.dk\\\/#website\"},\"primaryImageOfPage\":{\"@id\":\"https:\\\/\\\/tibladin.dk\\\/produkt\\\/beldi-glas-brun-6-stk\\\/#primaryimage\"},\"image\":{\"@id\":\"https:\\\/\\\/tibladin.dk\\\/produkt\\\/beldi-glas-brun-6-stk\\\/#primaryimage\"},\"thumbnailUrl\":\"https:\\\/\\\/tibladin.dk\\\/wp-content\\\/uploads\\\/2025\\\/07\\\/Photoroom_20250704_145222.jpg\",\"datePublished\":\"2025-07-07T08:16:58+00:00\",\"dateModified\":\"2026-05-12T22:51:54+00:00\",\"description\":\"Beldi glas i brun, genbrugsglas. Changererer lidt i farven. Mundbl\u00e6ste efter gammel marokkansk tradition. F\u00e5s i 3 st\u00f8rrelser.\",\"breadcrumb\":{\"@id\":\"https:\\\/\\\/tibladin.dk\\\/produkt\\\/beldi-glas-brun-6-stk\\\/#breadcrumb\"},\"inLanguage\":\"de\",\"potentialAction\":[{\"@type\":\"ReadAction\",\"target\":[\"https:\\\/\\\/tibladin.dk\\\/produkt\\\/beldi-glas-brun-6-stk\\\/\"]}]},{\"@type\":\"ImageObject\",\"inLanguage\":\"de\",\"@id\":\"https:\\\/\\\/tibladin.dk\\\/produkt\\\/beldi-glas-brun-6-stk\\\/#primaryimage\",\"url\":\"https:\\\/\\\/tibladin.dk\\\/wp-content\\\/uploads\\\/2025\\\/07\\\/Photoroom_20250704_145222.jpg\",\"contentUrl\":\"https:\\\/\\\/tibladin.dk\\\/wp-content\\\/uploads\\\/2025\\\/07\\\/Photoroom_20250704_145222.jpg\",\"width\":800,\"height\":800,\"caption\":\"Beldi glas brun 3 str.\"},{\"@type\":\"BreadcrumbList\",\"@id\":\"https:\\\/\\\/tibladin.dk\\\/produkt\\\/beldi-glas-brun-6-stk\\\/#breadcrumb\",\"itemListElement\":[{\"@type\":\"ListItem\",\"position\":1,\"name\":\"Hjem\",\"item\":\"https:\\\/\\\/tibladin.dk\\\/\"},{\"@type\":\"ListItem\",\"position\":2,\"name\":\"Shop\",\"item\":\"https:\\\/\\\/tibladin.dk\\\/shop\\\/\"},{\"@type\":\"ListItem\",\"position\":3,\"name\":\"Beldi glas brun &#8211; 6 stk.\"}]},{\"@type\":\"WebSite\",\"@id\":\"https:\\\/\\\/tibladin.dk\\\/#website\",\"url\":\"https:\\\/\\\/tibladin.dk\\\/\",\"name\":\"Tibladin\",\"description\":\"Tibladin\",\"publisher\":{\"@id\":\"https:\\\/\\\/tibladin.dk\\\/#organization\"},\"potentialAction\":[{\"@type\":\"SearchAction\",\"target\":{\"@type\":\"EntryPoint\",\"urlTemplate\":\"https:\\\/\\\/tibladin.dk\\\/?s={search_term_string}\"},\"query-input\":{\"@type\":\"PropertyValueSpecification\",\"valueRequired\":true,\"valueName\":\"search_term_string\"}}],\"inLanguage\":\"de\"},{\"@type\":\"Organization\",\"@id\":\"https:\\\/\\\/tibladin.dk\\\/#organization\",\"name\":\"Tibladin\",\"url\":\"https:\\\/\\\/tibladin.dk\\\/\",\"logo\":{\"@type\":\"ImageObject\",\"inLanguage\":\"de\",\"@id\":\"https:\\\/\\\/tibladin.dk\\\/#\\\/schema\\\/logo\\\/image\\\/\",\"url\":\"https:\\\/\\\/tibladin.dk\\\/wp-content\\\/uploads\\\/2022\\\/09\\\/tibladin_logo.svg\",\"contentUrl\":\"https:\\\/\\\/tibladin.dk\\\/wp-content\\\/uploads\\\/2022\\\/09\\\/tibladin_logo.svg\",\"caption\":\"Tibladin\"},\"image\":{\"@id\":\"https:\\\/\\\/tibladin.dk\\\/#\\\/schema\\\/logo\\\/image\\\/\"}}]}<\/script>\n<!-- \/ Yoast SEO plugin. -->","yoast_head_json":{"title":"Beldi Glas braun | Mundgeblasen aus Recyclingglas | Tibladin","description":"Beldi-Glas aus braunem Recyclingglas. Ver\u00e4ndert leicht die Farbe. Mundgeblasen nach alter marokkanischer Tradition. Erh\u00e4ltlich in drei Gr\u00f6\u00dfen.","robots":{"index":"index","follow":"follow","max-snippet":"max-snippet:-1","max-image-preview":"max-image-preview:large","max-video-preview":"max-video-preview:-1"},"canonical":"https:\/\/tibladin.dk\/de\/produkt\/beldi-glas-braun-6-stk\/","og_locale":"de_DE","og_type":"article","og_title":"Beldi glas brun | Mundbl\u00e6ste af genbrugsglas | Tibladin","og_description":"Beldi glas i brun, genbrugsglas. Changererer lidt i farven. Mundbl\u00e6ste efter gammel marokkansk tradition. F\u00e5s i 3 st\u00f8rrelser.","og_url":"https:\/\/tibladin.dk\/de\/produkt\/beldi-glas-braun-6-stk\/","og_site_name":"Tibladin","article_modified_time":"2026-05-12T22:51:54+00:00","og_image":[{"width":800,"height":800,"url":"https:\/\/tibladin.dk\/wp-content\/uploads\/2025\/07\/Photoroom_20250704_145222.jpg","type":"image\/jpeg"}],"twitter_card":"summary_large_image","twitter_misc":{"Gesch\u00e4tzte Lesezeit":"2\u00a0Minuten"},"schema":{"@context":"https:\/\/schema.org","@graph":[{"@type":"WebPage","@id":"https:\/\/tibladin.dk\/produkt\/beldi-glas-brun-6-stk\/","url":"https:\/\/tibladin.dk\/produkt\/beldi-glas-brun-6-stk\/","name":"Beldi Glas braun | Mundgeblasen aus Recyclingglas | Tibladin","isPartOf":{"@id":"https:\/\/tibladin.dk\/#website"},"primaryImageOfPage":{"@id":"https:\/\/tibladin.dk\/produkt\/beldi-glas-brun-6-stk\/#primaryimage"},"image":{"@id":"https:\/\/tibladin.dk\/produkt\/beldi-glas-brun-6-stk\/#primaryimage"},"thumbnailUrl":"https:\/\/tibladin.dk\/wp-content\/uploads\/2025\/07\/Photoroom_20250704_145222.jpg","datePublished":"2025-07-07T08:16:58+00:00","dateModified":"2026-05-12T22:51:54+00:00","description":"Beldi-Glas aus braunem Recyclingglas. Ver\u00e4ndert leicht die Farbe. Mundgeblasen nach alter marokkanischer Tradition. Erh\u00e4ltlich in drei Gr\u00f6\u00dfen.","breadcrumb":{"@id":"https:\/\/tibladin.dk\/produkt\/beldi-glas-brun-6-stk\/#breadcrumb"},"inLanguage":"de","potentialAction":[{"@type":"ReadAction","target":["https:\/\/tibladin.dk\/produkt\/beldi-glas-brun-6-stk\/"]}]},{"@type":"ImageObject","inLanguage":"de","@id":"https:\/\/tibladin.dk\/produkt\/beldi-glas-brun-6-stk\/#primaryimage","url":"https:\/\/tibladin.dk\/wp-content\/uploads\/2025\/07\/Photoroom_20250704_145222.jpg","contentUrl":"https:\/\/tibladin.dk\/wp-content\/uploads\/2025\/07\/Photoroom_20250704_145222.jpg","width":800,"height":800,"caption":"Beldi glas brun 3 str."},{"@type":"BreadcrumbList","@id":"https:\/\/tibladin.dk\/produkt\/beldi-glas-brun-6-stk\/#breadcrumb","itemListElement":[{"@type":"ListItem","position":1,"name":"Hjem","item":"https:\/\/tibladin.dk\/"},{"@type":"ListItem","position":2,"name":"Shop","item":"https:\/\/tibladin.dk\/shop\/"},{"@type":"ListItem","position":3,"name":"Beldi glas brun &#8211; 6 stk."}]},{"@type":"WebSite","@id":"https:\/\/tibladin.dk\/#website","url":"https:\/\/tibladin.dk\/","name":"Tibladin","description":"Tibladin","publisher":{"@id":"https:\/\/tibladin.dk\/#organization"},"potentialAction":[{"@type":"SearchAction","target":{"@type":"EntryPoint","urlTemplate":"https:\/\/tibladin.dk\/?s={search_term_string}"},"query-input":{"@type":"PropertyValueSpecification","valueRequired":true,"valueName":"search_term_string"}}],"inLanguage":"de"},{"@type":"Organization","@id":"https:\/\/tibladin.dk\/#organization","name":"Tibladin","url":"https:\/\/tibladin.dk\/","logo":{"@type":"ImageObject","inLanguage":"de","@id":"https:\/\/tibladin.dk\/#\/schema\/logo\/image\/","url":"https:\/\/tibladin.dk\/wp-content\/uploads\/2022\/09\/tibladin_logo.svg","contentUrl":"https:\/\/tibladin.dk\/wp-content\/uploads\/2022\/09\/tibladin_logo.svg","caption":"Tibladin"},"image":{"@id":"https:\/\/tibladin.dk\/#\/schema\/logo\/image\/"}}]}},"_links":{"self":[{"href":"https:\/\/tibladin.dk\/de\/wp-json\/wp\/v2\/product\/38077","targetHints":{"allow":["GET"]}}],"collection":[{"href":"https:\/\/tibladin.dk\/de\/wp-json\/wp\/v2\/product"}],"about":[{"href":"https:\/\/tibladin.dk\/de\/wp-json\/wp\/v2\/types\/product"}],"wp:featuredmedia":[{"embeddable":true,"href":"https:\/\/tibladin.dk\/de\/wp-json\/wp\/v2\/media\/38051"}],"wp:attachment":[{"href":"https:\/\/tibladin.dk\/de\/wp-json\/wp\/v2\/media?parent=38077"}],"wp:term":[{"taxonomy":"product_brand","embeddable":true,"href":"https:\/\/tibladin.dk\/de\/wp-json\/wp\/v2\/product_brand?post=38077"},{"taxonomy":"product_cat","embeddable":true,"href":"https:\/\/tibladin.dk\/de\/wp-json\/wp\/v2\/product_cat?post=38077"},{"taxonomy":"product_tag","embeddable":true,"href":"https:\/\/tibladin.dk\/de\/wp-json\/wp\/v2\/product_tag?post=38077"}],"curies":[{"name":"wp","href":"https:\/\/api.w.org\/{rel}","templated":true}]}}