{"id":38462,"date":"2025-07-11T15:47:23","date_gmt":"2025-07-11T13:47:23","guid":{"rendered":"https:\/\/tibladin.dk\/?post_type=product&#038;p=38462"},"modified":"2025-07-12T06:16:55","modified_gmt":"2025-07-12T04:16:55","slug":"tunika-air-grose-m","status":"publish","type":"product","link":"https:\/\/tibladin.dk\/de\/produkt\/tunika-luft-str-m\/","title":{"rendered":"Tunika LUFT Gr\u00f6\u00dfe M"},"content":{"rendered":"<div class=\"wpb-content-wrapper\"><div class=\"vc_row wpb_row vc_row-fluid\"><div class=\"wpb_column vc_column_container vc_col-sm-4\"><div class=\"vc_column-inner\"><div class=\"wpb_wrapper\"><\/div><\/div><\/div><div class=\"wpb_column vc_column_container vc_col-sm-4\"><div class=\"vc_column-inner\"><div class=\"wpb_wrapper\"><h3 style=\"text-align: left\" class=\"vc_custom_heading vc_do_custom_heading\" >Wartung<\/h3>\n\t<div class=\"wpb_text_column wpb_content_element\" >\n\t\t<div class=\"wpb_wrapper\">\n\t\t\t<p>Die Tuniken bestehen aus 100%-Baumwolle und k\u00f6nnen daher bei bis zu 40 Grad in der Maschine gewaschen werden. Wir empfehlen au\u00dferdem, die Tuniken zu d\u00e4mpfen\/zu b\u00fcgeln, um Falten zu vermeiden.<\/p>\n\n\t\t<\/div>\n\t<\/div>\n<\/div><\/div><\/div><div class=\"wpb_column vc_column_container vc_col-sm-4\"><div class=\"vc_column-inner\"><div class=\"wpb_wrapper\"><h3 style=\"text-align: left\" class=\"vc_custom_heading vc_do_custom_heading\" >Die Geschichte dahinter<\/h3>\n\t<div class=\"wpb_text_column wpb_content_element\" >\n\t\t<div class=\"wpb_wrapper\">\n\t\t\t<p>Diese wundersch\u00f6nen marokkanischen Tuniken sind aus 100%-Baumwolle handgen\u00e4ht und strahlen Leben und Farbe aus. Die Tuniken werden in Zusammenarbeit mit einem Designer und Schneider in Marrakesch hergestellt und gemeinsam haben wir die Farben, Materialien und Muster f\u00fcr jede Tunika sorgf\u00e4ltig ausgew\u00e4hlt. Deshalb sind sie auch v\u00f6llig einzigartig \u2013 es gibt sie jeweils nur einmal und diese Designs sind nirgendwo anders zu finden. Die Passform der sch\u00f6nen Tuniken ist locker und bequem, aber gleichzeitig schmeichelhaft und k\u00f6stlich. Die Tunika kann sowohl zu Hause, im B\u00fcro als auch f\u00fcr einen Ausflug an den Strand oder auf die Terrasse an einem hei\u00dfen Sommertag verwendet werden.<\/p>\n\n\t\t<\/div>\n\t<\/div>\n<\/div><\/div><\/div><\/div>\n<\/div>","protected":false},"excerpt":{"rendered":"<p>Die Tunika wird in Marokko aus weicher, leichter Baumwolle mit feinen Streifen in Rosa, Blau und Wei\u00df gen\u00e4ht.<\/p>\n<p>Die Passform ist entspannt und schmeichelhaft mit einem eleganten V-Ausschnitt, ger\u00e4umigen Taschen und einem Bindeband in der Taille, sodass Sie die Silhouette nach Belieben formen k\u00f6nnen. Die R\u00fcckseite besticht durch zwei Fl\u00fcgel aus bl\u00e4ulich-floralem Stoff in Rosa- und T\u00fcrkist\u00f6nen, eingerahmt von roten N\u00e4hten. Die LUFT-Tunika ist f\u00fcr alle, die es wagen, aufzufallen, Farben lieben und Freiheit sp\u00fcren wollen \u2013 sowohl stilistisch als auch geistig. Perfekt f\u00fcr das Stadtleben, Strandausfl\u00fcge, Gartenpartys oder einfach Tage, an denen Sie gute Energie verbreiten m\u00f6chten.<\/p>\n<p>Handgefertigt in Marokko aus weicher, atmungsaktiver Baumwolle mit feinen Streifen, die einen frischen und eleganten Look verleihen. Der klassische Hemdschnitt<\/p>\n<p class=\"p1\">Alle Tuniken von Tibladin werden in Zusammenarbeit mit einem Designer und Schneider in Marrakesch hergestellt und jedes Design ist absolut einzigartig.<\/p>\n<p>POP: | \u00c4rmell\u00e4nge ab Hals: 55 cm | Taille: 62 cm | Vorderl\u00e4nge: 93 cm | R\u00fcckenl\u00e4nge: 103 cm | Ausschnitt: 8 | Krawatte: 158 cm |<\/p>\n<p>&nbsp;<\/p>\n<p>&nbsp;<\/p>","protected":false},"featured_media":38265,"template":"","meta":{"inline_featured_image":false},"product_brand":[],"product_cat":[27,109],"product_tag":[],"class_list":{"0":"post-38462","1":"product","2":"type-product","3":"status-publish","4":"has-post-thumbnail","6":"product_cat-diverse","7":"product_cat-kjoler","9":"first","10":"instock","11":"taxable","12":"shipping-taxable","13":"purchasable","14":"product-type-simple"},"exclude_global_add_ons":false,"addons":[{"name":"M\u00f6chten Sie eine Geschenkverpackung?","type":"checkbox","position":0,"required":false,"title_format":"label","default":"","description_enable":false,"description":"","placeholder_enable":false,"placeholder":"","display":"images","restrictions_type":"any_text","adjust_price":false,"price":"","price_type":"flat_fee","restrictions":false,"min":"0","max":"0","options":[{"label":"Ja tak","price":"10","price_type":"flat_fee","image":11015,"visibility":true}],"id":1669646111}],"yoast_head":"<!-- This site is optimized with the Yoast SEO plugin v27.4 - https:\/\/yoast.com\/product\/yoast-seo-wordpress\/ -->\n<title>H\u00e5ndsyet tunika fra Marokko | Rosa, bl\u00e5 &amp; hvide striber | Tibladin |<\/title>\n<meta name=\"description\" content=\"Smuk h\u00e5ndsyede tunika i 100% bomuld. Udviklet i samarbejde med designer og skr\u00e6dder i Marrakech. Hel unik tunika med vinger p\u00e5 ryggen.\" \/>\n<meta name=\"robots\" content=\"index, follow, max-snippet:-1, max-image-preview:large, max-video-preview:-1\" \/>\n<link rel=\"canonical\" href=\"https:\/\/tibladin.dk\/de\/produkt\/tunika-air-grose-m\/\" \/>\n<meta property=\"og:locale\" content=\"de_DE\" \/>\n<meta property=\"og:type\" content=\"article\" \/>\n<meta property=\"og:title\" content=\"H\u00e5ndsyet tunika fra Marokko | Rosa, bl\u00e5 &amp; hvide striber | Tibladin |\" \/>\n<meta property=\"og:description\" content=\"Smuk h\u00e5ndsyede tunika i 100% bomuld. Udviklet i samarbejde med designer og skr\u00e6dder i Marrakech. Hel unik tunika med vinger p\u00e5 ryggen.\" \/>\n<meta property=\"og:url\" content=\"https:\/\/tibladin.dk\/de\/produkt\/tunika-air-grose-m\/\" \/>\n<meta property=\"og:site_name\" content=\"Tibladin\" \/>\n<meta property=\"article:modified_time\" content=\"2025-07-12T04:16:55+00:00\" \/>\n<meta property=\"og:image\" content=\"https:\/\/tibladin.dk\/wp-content\/uploads\/2025\/07\/Tunika_Luft_2.jpg\" \/>\n\t<meta property=\"og:image:width\" content=\"800\" \/>\n\t<meta property=\"og:image:height\" content=\"800\" \/>\n\t<meta property=\"og:image:type\" content=\"image\/jpeg\" \/>\n<meta name=\"twitter:card\" content=\"summary_large_image\" \/>\n<meta name=\"twitter:label1\" content=\"Gesch\u00e4tzte Lesezeit\" \/>\n\t<meta name=\"twitter:data1\" content=\"2\u00a0Minuten\" \/>\n<script type=\"application\/ld+json\" class=\"yoast-schema-graph\">{\"@context\":\"https:\\\/\\\/schema.org\",\"@graph\":[{\"@type\":\"WebPage\",\"@id\":\"https:\\\/\\\/tibladin.dk\\\/produkt\\\/tunika-luft-str-m\\\/\",\"url\":\"https:\\\/\\\/tibladin.dk\\\/produkt\\\/tunika-luft-str-m\\\/\",\"name\":\"H\u00e5ndsyet tunika fra Marokko | Rosa, bl\u00e5 & hvide striber | Tibladin |\",\"isPartOf\":{\"@id\":\"https:\\\/\\\/tibladin.dk\\\/#website\"},\"primaryImageOfPage\":{\"@id\":\"https:\\\/\\\/tibladin.dk\\\/produkt\\\/tunika-luft-str-m\\\/#primaryimage\"},\"image\":{\"@id\":\"https:\\\/\\\/tibladin.dk\\\/produkt\\\/tunika-luft-str-m\\\/#primaryimage\"},\"thumbnailUrl\":\"https:\\\/\\\/tibladin.dk\\\/wp-content\\\/uploads\\\/2025\\\/07\\\/Tunika_Luft_2.jpg\",\"datePublished\":\"2025-07-11T13:47:23+00:00\",\"dateModified\":\"2025-07-12T04:16:55+00:00\",\"description\":\"Smuk h\u00e5ndsyede tunika i 100% bomuld. Udviklet i samarbejde med designer og skr\u00e6dder i Marrakech. Hel unik tunika med vinger p\u00e5 ryggen.\",\"breadcrumb\":{\"@id\":\"https:\\\/\\\/tibladin.dk\\\/produkt\\\/tunika-luft-str-m\\\/#breadcrumb\"},\"inLanguage\":\"de\",\"potentialAction\":[{\"@type\":\"ReadAction\",\"target\":[\"https:\\\/\\\/tibladin.dk\\\/produkt\\\/tunika-luft-str-m\\\/\"]}]},{\"@type\":\"ImageObject\",\"inLanguage\":\"de\",\"@id\":\"https:\\\/\\\/tibladin.dk\\\/produkt\\\/tunika-luft-str-m\\\/#primaryimage\",\"url\":\"https:\\\/\\\/tibladin.dk\\\/wp-content\\\/uploads\\\/2025\\\/07\\\/Tunika_Luft_2.jpg\",\"contentUrl\":\"https:\\\/\\\/tibladin.dk\\\/wp-content\\\/uploads\\\/2025\\\/07\\\/Tunika_Luft_2.jpg\",\"width\":800,\"height\":800,\"caption\":\"Tunika LUFT 2\"},{\"@type\":\"BreadcrumbList\",\"@id\":\"https:\\\/\\\/tibladin.dk\\\/produkt\\\/tunika-luft-str-m\\\/#breadcrumb\",\"itemListElement\":[{\"@type\":\"ListItem\",\"position\":1,\"name\":\"Hjem\",\"item\":\"https:\\\/\\\/tibladin.dk\\\/\"},{\"@type\":\"ListItem\",\"position\":2,\"name\":\"Shop\",\"item\":\"https:\\\/\\\/tibladin.dk\\\/shop\\\/\"},{\"@type\":\"ListItem\",\"position\":3,\"name\":\"Tunika LUFT str. M\"}]},{\"@type\":\"WebSite\",\"@id\":\"https:\\\/\\\/tibladin.dk\\\/#website\",\"url\":\"https:\\\/\\\/tibladin.dk\\\/\",\"name\":\"Tibladin\",\"description\":\"Tibladin\",\"publisher\":{\"@id\":\"https:\\\/\\\/tibladin.dk\\\/#organization\"},\"potentialAction\":[{\"@type\":\"SearchAction\",\"target\":{\"@type\":\"EntryPoint\",\"urlTemplate\":\"https:\\\/\\\/tibladin.dk\\\/?s={search_term_string}\"},\"query-input\":{\"@type\":\"PropertyValueSpecification\",\"valueRequired\":true,\"valueName\":\"search_term_string\"}}],\"inLanguage\":\"de\"},{\"@type\":\"Organization\",\"@id\":\"https:\\\/\\\/tibladin.dk\\\/#organization\",\"name\":\"Tibladin\",\"url\":\"https:\\\/\\\/tibladin.dk\\\/\",\"logo\":{\"@type\":\"ImageObject\",\"inLanguage\":\"de\",\"@id\":\"https:\\\/\\\/tibladin.dk\\\/#\\\/schema\\\/logo\\\/image\\\/\",\"url\":\"https:\\\/\\\/tibladin.dk\\\/wp-content\\\/uploads\\\/2022\\\/09\\\/tibladin_logo.svg\",\"contentUrl\":\"https:\\\/\\\/tibladin.dk\\\/wp-content\\\/uploads\\\/2022\\\/09\\\/tibladin_logo.svg\",\"caption\":\"Tibladin\"},\"image\":{\"@id\":\"https:\\\/\\\/tibladin.dk\\\/#\\\/schema\\\/logo\\\/image\\\/\"}}]}<\/script>\n<!-- \/ Yoast SEO plugin. -->","yoast_head_json":{"title":"Handgen\u00e4hte Tunika aus Marokko | Rosa, blau-wei\u00df gestreift | Tibladin |","description":"Wundersch\u00f6ne handgen\u00e4hte Tunika aus 100% Baumwolle. Entwickelt in Zusammenarbeit mit einem Designer und Schneider in Marrakesch. Einzigartige Tunika mit Fl\u00fcgeln auf der R\u00fcckseite.","robots":{"index":"index","follow":"follow","max-snippet":"max-snippet:-1","max-image-preview":"max-image-preview:large","max-video-preview":"max-video-preview:-1"},"canonical":"https:\/\/tibladin.dk\/de\/produkt\/tunika-air-grose-m\/","og_locale":"de_DE","og_type":"article","og_title":"H\u00e5ndsyet tunika fra Marokko | Rosa, bl\u00e5 & hvide striber | Tibladin |","og_description":"Smuk h\u00e5ndsyede tunika i 100% bomuld. Udviklet i samarbejde med designer og skr\u00e6dder i Marrakech. Hel unik tunika med vinger p\u00e5 ryggen.","og_url":"https:\/\/tibladin.dk\/de\/produkt\/tunika-air-grose-m\/","og_site_name":"Tibladin","article_modified_time":"2025-07-12T04:16:55+00:00","og_image":[{"width":800,"height":800,"url":"https:\/\/tibladin.dk\/wp-content\/uploads\/2025\/07\/Tunika_Luft_2.jpg","type":"image\/jpeg"}],"twitter_card":"summary_large_image","twitter_misc":{"Gesch\u00e4tzte Lesezeit":"2\u00a0Minuten"},"schema":{"@context":"https:\/\/schema.org","@graph":[{"@type":"WebPage","@id":"https:\/\/tibladin.dk\/produkt\/tunika-luft-str-m\/","url":"https:\/\/tibladin.dk\/produkt\/tunika-luft-str-m\/","name":"Handgen\u00e4hte Tunika aus Marokko | Rosa, blau-wei\u00df gestreift | Tibladin |","isPartOf":{"@id":"https:\/\/tibladin.dk\/#website"},"primaryImageOfPage":{"@id":"https:\/\/tibladin.dk\/produkt\/tunika-luft-str-m\/#primaryimage"},"image":{"@id":"https:\/\/tibladin.dk\/produkt\/tunika-luft-str-m\/#primaryimage"},"thumbnailUrl":"https:\/\/tibladin.dk\/wp-content\/uploads\/2025\/07\/Tunika_Luft_2.jpg","datePublished":"2025-07-11T13:47:23+00:00","dateModified":"2025-07-12T04:16:55+00:00","description":"Wundersch\u00f6ne handgen\u00e4hte Tunika aus 100% Baumwolle. Entwickelt in Zusammenarbeit mit einem Designer und Schneider in Marrakesch. Einzigartige Tunika mit Fl\u00fcgeln auf der R\u00fcckseite.","breadcrumb":{"@id":"https:\/\/tibladin.dk\/produkt\/tunika-luft-str-m\/#breadcrumb"},"inLanguage":"de","potentialAction":[{"@type":"ReadAction","target":["https:\/\/tibladin.dk\/produkt\/tunika-luft-str-m\/"]}]},{"@type":"ImageObject","inLanguage":"de","@id":"https:\/\/tibladin.dk\/produkt\/tunika-luft-str-m\/#primaryimage","url":"https:\/\/tibladin.dk\/wp-content\/uploads\/2025\/07\/Tunika_Luft_2.jpg","contentUrl":"https:\/\/tibladin.dk\/wp-content\/uploads\/2025\/07\/Tunika_Luft_2.jpg","width":800,"height":800,"caption":"Tunika LUFT 2"},{"@type":"BreadcrumbList","@id":"https:\/\/tibladin.dk\/produkt\/tunika-luft-str-m\/#breadcrumb","itemListElement":[{"@type":"ListItem","position":1,"name":"Hjem","item":"https:\/\/tibladin.dk\/"},{"@type":"ListItem","position":2,"name":"Shop","item":"https:\/\/tibladin.dk\/shop\/"},{"@type":"ListItem","position":3,"name":"Tunika LUFT str. M"}]},{"@type":"WebSite","@id":"https:\/\/tibladin.dk\/#website","url":"https:\/\/tibladin.dk\/","name":"Tibladin","description":"Tibladin","publisher":{"@id":"https:\/\/tibladin.dk\/#organization"},"potentialAction":[{"@type":"SearchAction","target":{"@type":"EntryPoint","urlTemplate":"https:\/\/tibladin.dk\/?s={search_term_string}"},"query-input":{"@type":"PropertyValueSpecification","valueRequired":true,"valueName":"search_term_string"}}],"inLanguage":"de"},{"@type":"Organization","@id":"https:\/\/tibladin.dk\/#organization","name":"Tibladin","url":"https:\/\/tibladin.dk\/","logo":{"@type":"ImageObject","inLanguage":"de","@id":"https:\/\/tibladin.dk\/#\/schema\/logo\/image\/","url":"https:\/\/tibladin.dk\/wp-content\/uploads\/2022\/09\/tibladin_logo.svg","contentUrl":"https:\/\/tibladin.dk\/wp-content\/uploads\/2022\/09\/tibladin_logo.svg","caption":"Tibladin"},"image":{"@id":"https:\/\/tibladin.dk\/#\/schema\/logo\/image\/"}}]}},"_links":{"self":[{"href":"https:\/\/tibladin.dk\/de\/wp-json\/wp\/v2\/product\/38462","targetHints":{"allow":["GET"]}}],"collection":[{"href":"https:\/\/tibladin.dk\/de\/wp-json\/wp\/v2\/product"}],"about":[{"href":"https:\/\/tibladin.dk\/de\/wp-json\/wp\/v2\/types\/product"}],"wp:featuredmedia":[{"embeddable":true,"href":"https:\/\/tibladin.dk\/de\/wp-json\/wp\/v2\/media\/38265"}],"wp:attachment":[{"href":"https:\/\/tibladin.dk\/de\/wp-json\/wp\/v2\/media?parent=38462"}],"wp:term":[{"taxonomy":"product_brand","embeddable":true,"href":"https:\/\/tibladin.dk\/de\/wp-json\/wp\/v2\/product_brand?post=38462"},{"taxonomy":"product_cat","embeddable":true,"href":"https:\/\/tibladin.dk\/de\/wp-json\/wp\/v2\/product_cat?post=38462"},{"taxonomy":"product_tag","embeddable":true,"href":"https:\/\/tibladin.dk\/de\/wp-json\/wp\/v2\/product_tag?post=38462"}],"curies":[{"name":"wp","href":"https:\/\/api.w.org\/{rel}","templated":true}]}}