{"id":38536,"date":"2025-07-16T14:12:39","date_gmt":"2025-07-16T12:12:39","guid":{"rendered":"https:\/\/tibladin.dk\/?post_type=product&#038;p=38536"},"modified":"2026-03-09T23:58:09","modified_gmt":"2026-03-09T22:58:09","slug":"marokkanische-tajine-24-cm","status":"publish","type":"product","link":"https:\/\/tibladin.dk\/de\/produkt\/marokkansk-tagine-24-cm\/","title":{"rendered":"Marokkanischer Tajine \u2013 24 cm."},"content":{"rendered":"<div class=\"wpb-content-wrapper\"><div class=\"vc_row wpb_row vc_row-fluid\"><div class=\"wpb_column vc_column_container vc_col-sm-4\"><div class=\"vc_column-inner\"><div class=\"wpb_wrapper\"><\/div><\/div><\/div><div class=\"wpb_column vc_column_container vc_col-sm-4\"><div class=\"vc_column-inner\"><div class=\"wpb_wrapper\"><h3 style=\"text-align: left\" class=\"vc_custom_heading vc_do_custom_heading\" >Wartung<\/h3>\n\t<div class=\"wpb_text_column wpb_content_element\" >\n\t\t<div class=\"wpb_wrapper\">\n\t\t\t<p>Lebensmittelzulassung<\/p>\n<p><br style=\"font-weight: 400;\" \/><br style=\"font-weight: 400;\" \/><\/p>\n\n\t\t<\/div>\n\t<\/div>\n<\/div><\/div><\/div><div class=\"wpb_column vc_column_container vc_col-sm-4\"><div class=\"vc_column-inner\"><div class=\"wpb_wrapper\"><h3 style=\"text-align: left\" class=\"vc_custom_heading vc_do_custom_heading\" >Die Geschichte dahinter<\/h3>\n\t<div class=\"wpb_text_column wpb_content_element\" >\n\t\t<div class=\"wpb_wrapper\">\n\t\t\t<p>Die Tajine ist ein ikonisches St\u00fcck marokkanischer Kultur und Handwerkskunst. Die kegelf\u00f6rmige Sch\u00fcssel wird traditionell zur Zubereitung langsam k\u00f6chelnder Gerichte \u2013 auch \u201eTajine\u201c genannt \u2013 verwendet. Diese Tajine sind speziell zum Servieren ausgew\u00e4hlt: Sie bringen W\u00e4rme, Farbe und authentische marokkanische Atmosph\u00e4re direkt auf Ihren Tisch. Alle Keramiken von Tibladin werden in Marokko handgefertigt.<\/p>\n\n\t\t<\/div>\n\t<\/div>\n<\/div><\/div><\/div><\/div>\n<\/div>","protected":false},"excerpt":{"rendered":"<h3 data-start=\"104\" data-end=\"134\"><strong data-start=\"108\" data-end=\"134\">Tajine \u2013 zum Servieren<\/strong><\/h3>\n<p data-start=\"158\" data-end=\"464\">Unsere wundersch\u00f6nen Servier-Tajines wurden von Tibladin entworfen und in Marokko in zeitlosem Wei\u00df- und Gr\u00fcnton handgefertigt. Die ikonische Form ist von der traditionellen marokkanischen Tajine inspiriert, die seit Jahrhunderten zum Zubereiten von k\u00f6chelnden Gerichten verwendet wird.<\/p>\n<p data-start=\"466\" data-end=\"654\">Die Tajine verleiht Ihrem Tisch W\u00e4rme, Farbe und authentische Handwerkskunst. Pr\u00e4sentieren Sie darin alles von Salaten und Snacks bis hin zu warmen Gerichten \u2013 und machen Sie sie zu einem dekorativen Bestandteil Ihrer Tischdekoration.<\/p>\n<p data-start=\"610\" data-end=\"733\">Jeder Tagine ist in seiner Glasur einzigartig und mit einer leichten, handgefertigten Unebenheit geformt, die ihn noch sch\u00f6ner und lebendiger macht.<\/p>\n<p>Sie haben einen Durchmesser von ca. 24,5 und eine H\u00f6he von ca. 16 cm.<\/p>\n<p>Tagines werden von Hand gedreht und bemalt und weisen kleine Unvollkommenheiten auf, die ihnen einen wundersch\u00f6nen Charme verleihen.<\/p>","protected":false},"featured_media":38438,"template":"","meta":{"inline_featured_image":false},"product_brand":[],"product_cat":[175,139,148],"product_tag":[],"class_list":{"0":"post-38536","1":"product","2":"type-product","3":"status-publish","4":"has-post-thumbnail","6":"product_cat-driverse-marokkansk-keramik","7":"product_cat-marokkansk-keramik","8":"product_cat-marokkanske-tallerkner","10":"first","11":"instock","12":"taxable","13":"shipping-taxable","14":"purchasable","15":"product-type-simple"},"exclude_global_add_ons":false,"addons":[{"name":"M\u00f6chten Sie eine Geschenkverpackung?","type":"checkbox","position":0,"required":false,"title_format":"label","default":"","description_enable":false,"description":"","placeholder_enable":false,"placeholder":"","display":"images","restrictions_type":"any_text","adjust_price":false,"price":"","price_type":"flat_fee","restrictions":false,"min":"0","max":"0","options":[{"label":"Ja tak","price":"10","price_type":"flat_fee","image":11015,"visibility":true}],"id":1669646111}],"yoast_head":"<!-- This site is optimized with the Yoast SEO plugin v27.4 - https:\/\/yoast.com\/product\/yoast-seo-wordpress\/ -->\n<title>Marokkansk tagine | H\u00e5ndlavet i Marokko | Tibladin<\/title>\n<meta name=\"description\" content=\"Smuk tagines i gr\u00f8n og hvid. Designet af Tibladin, h\u00e5ndlavet i Marokko. Disse tagines er egnet til servering af l\u00e6kre varme retter.\" \/>\n<meta name=\"robots\" content=\"index, follow, max-snippet:-1, max-image-preview:large, max-video-preview:-1\" \/>\n<link rel=\"canonical\" href=\"https:\/\/tibladin.dk\/de\/produkt\/marokkanische-tajine-24-cm\/\" \/>\n<meta property=\"og:locale\" content=\"de_DE\" \/>\n<meta property=\"og:type\" content=\"article\" \/>\n<meta property=\"og:title\" content=\"Marokkansk tagine | H\u00e5ndlavet i Marokko | Tibladin\" \/>\n<meta property=\"og:description\" content=\"Smuk tagines i gr\u00f8n og hvid. Designet af Tibladin, h\u00e5ndlavet i Marokko. Disse tagines er egnet til servering af l\u00e6kre varme retter.\" \/>\n<meta property=\"og:url\" content=\"https:\/\/tibladin.dk\/de\/produkt\/marokkanische-tajine-24-cm\/\" \/>\n<meta property=\"og:site_name\" content=\"Tibladin\" \/>\n<meta property=\"article:modified_time\" content=\"2026-03-09T22:58:09+00:00\" \/>\n<meta property=\"og:image\" content=\"https:\/\/tibladin.dk\/wp-content\/uploads\/2025\/07\/IMG_2080-scaled.jpeg\" \/>\n\t<meta property=\"og:image:width\" content=\"2560\" \/>\n\t<meta property=\"og:image:height\" content=\"2560\" \/>\n\t<meta property=\"og:image:type\" content=\"image\/jpeg\" \/>\n<meta name=\"twitter:card\" content=\"summary_large_image\" \/>\n<meta name=\"twitter:label1\" content=\"Gesch\u00e4tzte Lesezeit\" \/>\n\t<meta name=\"twitter:data1\" content=\"1\u00a0Minute\" \/>\n<script type=\"application\/ld+json\" class=\"yoast-schema-graph\">{\"@context\":\"https:\\\/\\\/schema.org\",\"@graph\":[{\"@type\":\"WebPage\",\"@id\":\"https:\\\/\\\/tibladin.dk\\\/produkt\\\/marokkansk-tagine-24-cm\\\/\",\"url\":\"https:\\\/\\\/tibladin.dk\\\/produkt\\\/marokkansk-tagine-24-cm\\\/\",\"name\":\"Marokkansk tagine | H\u00e5ndlavet i Marokko | Tibladin\",\"isPartOf\":{\"@id\":\"https:\\\/\\\/tibladin.dk\\\/#website\"},\"primaryImageOfPage\":{\"@id\":\"https:\\\/\\\/tibladin.dk\\\/produkt\\\/marokkansk-tagine-24-cm\\\/#primaryimage\"},\"image\":{\"@id\":\"https:\\\/\\\/tibladin.dk\\\/produkt\\\/marokkansk-tagine-24-cm\\\/#primaryimage\"},\"thumbnailUrl\":\"https:\\\/\\\/tibladin.dk\\\/wp-content\\\/uploads\\\/2025\\\/07\\\/IMG_2080-scaled.jpeg\",\"datePublished\":\"2025-07-16T12:12:39+00:00\",\"dateModified\":\"2026-03-09T22:58:09+00:00\",\"description\":\"Smuk tagines i gr\u00f8n og hvid. Designet af Tibladin, h\u00e5ndlavet i Marokko. Disse tagines er egnet til servering af l\u00e6kre varme retter.\",\"breadcrumb\":{\"@id\":\"https:\\\/\\\/tibladin.dk\\\/produkt\\\/marokkansk-tagine-24-cm\\\/#breadcrumb\"},\"inLanguage\":\"de\",\"potentialAction\":[{\"@type\":\"ReadAction\",\"target\":[\"https:\\\/\\\/tibladin.dk\\\/produkt\\\/marokkansk-tagine-24-cm\\\/\"]}]},{\"@type\":\"ImageObject\",\"inLanguage\":\"de\",\"@id\":\"https:\\\/\\\/tibladin.dk\\\/produkt\\\/marokkansk-tagine-24-cm\\\/#primaryimage\",\"url\":\"https:\\\/\\\/tibladin.dk\\\/wp-content\\\/uploads\\\/2025\\\/07\\\/IMG_2080-scaled.jpeg\",\"contentUrl\":\"https:\\\/\\\/tibladin.dk\\\/wp-content\\\/uploads\\\/2025\\\/07\\\/IMG_2080-scaled.jpeg\",\"width\":2560,\"height\":2560,\"caption\":\"Marokkansk tagine \u2013 14 cm 1\"},{\"@type\":\"BreadcrumbList\",\"@id\":\"https:\\\/\\\/tibladin.dk\\\/produkt\\\/marokkansk-tagine-24-cm\\\/#breadcrumb\",\"itemListElement\":[{\"@type\":\"ListItem\",\"position\":1,\"name\":\"Hjem\",\"item\":\"https:\\\/\\\/tibladin.dk\\\/\"},{\"@type\":\"ListItem\",\"position\":2,\"name\":\"Shop\",\"item\":\"https:\\\/\\\/tibladin.dk\\\/shop\\\/\"},{\"@type\":\"ListItem\",\"position\":3,\"name\":\"Marokkansk tagine \u2013 24 cm.\"}]},{\"@type\":\"WebSite\",\"@id\":\"https:\\\/\\\/tibladin.dk\\\/#website\",\"url\":\"https:\\\/\\\/tibladin.dk\\\/\",\"name\":\"Tibladin\",\"description\":\"Tibladin\",\"publisher\":{\"@id\":\"https:\\\/\\\/tibladin.dk\\\/#organization\"},\"potentialAction\":[{\"@type\":\"SearchAction\",\"target\":{\"@type\":\"EntryPoint\",\"urlTemplate\":\"https:\\\/\\\/tibladin.dk\\\/?s={search_term_string}\"},\"query-input\":{\"@type\":\"PropertyValueSpecification\",\"valueRequired\":true,\"valueName\":\"search_term_string\"}}],\"inLanguage\":\"de\"},{\"@type\":\"Organization\",\"@id\":\"https:\\\/\\\/tibladin.dk\\\/#organization\",\"name\":\"Tibladin\",\"url\":\"https:\\\/\\\/tibladin.dk\\\/\",\"logo\":{\"@type\":\"ImageObject\",\"inLanguage\":\"de\",\"@id\":\"https:\\\/\\\/tibladin.dk\\\/#\\\/schema\\\/logo\\\/image\\\/\",\"url\":\"https:\\\/\\\/tibladin.dk\\\/wp-content\\\/uploads\\\/2022\\\/09\\\/tibladin_logo.svg\",\"contentUrl\":\"https:\\\/\\\/tibladin.dk\\\/wp-content\\\/uploads\\\/2022\\\/09\\\/tibladin_logo.svg\",\"caption\":\"Tibladin\"},\"image\":{\"@id\":\"https:\\\/\\\/tibladin.dk\\\/#\\\/schema\\\/logo\\\/image\\\/\"}}]}<\/script>\n<!-- \/ Yoast SEO plugin. -->","yoast_head_json":{"title":"Marokkanische Tajine | Handgefertigt in Marokko | Tibladin","description":"Wundersch\u00f6ne Tajines in Gr\u00fcn und Wei\u00df. Entworfen von Tibladin, handgefertigt in Marokko. Diese Tajines eignen sich zum Servieren k\u00f6stlicher warmer Gerichte.","robots":{"index":"index","follow":"follow","max-snippet":"max-snippet:-1","max-image-preview":"max-image-preview:large","max-video-preview":"max-video-preview:-1"},"canonical":"https:\/\/tibladin.dk\/de\/produkt\/marokkanische-tajine-24-cm\/","og_locale":"de_DE","og_type":"article","og_title":"Marokkansk tagine | H\u00e5ndlavet i Marokko | Tibladin","og_description":"Smuk tagines i gr\u00f8n og hvid. Designet af Tibladin, h\u00e5ndlavet i Marokko. Disse tagines er egnet til servering af l\u00e6kre varme retter.","og_url":"https:\/\/tibladin.dk\/de\/produkt\/marokkanische-tajine-24-cm\/","og_site_name":"Tibladin","article_modified_time":"2026-03-09T22:58:09+00:00","og_image":[{"width":2560,"height":2560,"url":"https:\/\/tibladin.dk\/wp-content\/uploads\/2025\/07\/IMG_2080-scaled.jpeg","type":"image\/jpeg"}],"twitter_card":"summary_large_image","twitter_misc":{"Gesch\u00e4tzte Lesezeit":"1\u00a0Minute"},"schema":{"@context":"https:\/\/schema.org","@graph":[{"@type":"WebPage","@id":"https:\/\/tibladin.dk\/produkt\/marokkansk-tagine-24-cm\/","url":"https:\/\/tibladin.dk\/produkt\/marokkansk-tagine-24-cm\/","name":"Marokkanische Tajine | Handgefertigt in Marokko | Tibladin","isPartOf":{"@id":"https:\/\/tibladin.dk\/#website"},"primaryImageOfPage":{"@id":"https:\/\/tibladin.dk\/produkt\/marokkansk-tagine-24-cm\/#primaryimage"},"image":{"@id":"https:\/\/tibladin.dk\/produkt\/marokkansk-tagine-24-cm\/#primaryimage"},"thumbnailUrl":"https:\/\/tibladin.dk\/wp-content\/uploads\/2025\/07\/IMG_2080-scaled.jpeg","datePublished":"2025-07-16T12:12:39+00:00","dateModified":"2026-03-09T22:58:09+00:00","description":"Wundersch\u00f6ne Tajines in Gr\u00fcn und Wei\u00df. Entworfen von Tibladin, handgefertigt in Marokko. Diese Tajines eignen sich zum Servieren k\u00f6stlicher warmer Gerichte.","breadcrumb":{"@id":"https:\/\/tibladin.dk\/produkt\/marokkansk-tagine-24-cm\/#breadcrumb"},"inLanguage":"de","potentialAction":[{"@type":"ReadAction","target":["https:\/\/tibladin.dk\/produkt\/marokkansk-tagine-24-cm\/"]}]},{"@type":"ImageObject","inLanguage":"de","@id":"https:\/\/tibladin.dk\/produkt\/marokkansk-tagine-24-cm\/#primaryimage","url":"https:\/\/tibladin.dk\/wp-content\/uploads\/2025\/07\/IMG_2080-scaled.jpeg","contentUrl":"https:\/\/tibladin.dk\/wp-content\/uploads\/2025\/07\/IMG_2080-scaled.jpeg","width":2560,"height":2560,"caption":"Marokkansk tagine \u2013 14 cm 1"},{"@type":"BreadcrumbList","@id":"https:\/\/tibladin.dk\/produkt\/marokkansk-tagine-24-cm\/#breadcrumb","itemListElement":[{"@type":"ListItem","position":1,"name":"Hjem","item":"https:\/\/tibladin.dk\/"},{"@type":"ListItem","position":2,"name":"Shop","item":"https:\/\/tibladin.dk\/shop\/"},{"@type":"ListItem","position":3,"name":"Marokkansk tagine \u2013 24 cm."}]},{"@type":"WebSite","@id":"https:\/\/tibladin.dk\/#website","url":"https:\/\/tibladin.dk\/","name":"Tibladin","description":"Tibladin","publisher":{"@id":"https:\/\/tibladin.dk\/#organization"},"potentialAction":[{"@type":"SearchAction","target":{"@type":"EntryPoint","urlTemplate":"https:\/\/tibladin.dk\/?s={search_term_string}"},"query-input":{"@type":"PropertyValueSpecification","valueRequired":true,"valueName":"search_term_string"}}],"inLanguage":"de"},{"@type":"Organization","@id":"https:\/\/tibladin.dk\/#organization","name":"Tibladin","url":"https:\/\/tibladin.dk\/","logo":{"@type":"ImageObject","inLanguage":"de","@id":"https:\/\/tibladin.dk\/#\/schema\/logo\/image\/","url":"https:\/\/tibladin.dk\/wp-content\/uploads\/2022\/09\/tibladin_logo.svg","contentUrl":"https:\/\/tibladin.dk\/wp-content\/uploads\/2022\/09\/tibladin_logo.svg","caption":"Tibladin"},"image":{"@id":"https:\/\/tibladin.dk\/#\/schema\/logo\/image\/"}}]}},"_links":{"self":[{"href":"https:\/\/tibladin.dk\/de\/wp-json\/wp\/v2\/product\/38536","targetHints":{"allow":["GET"]}}],"collection":[{"href":"https:\/\/tibladin.dk\/de\/wp-json\/wp\/v2\/product"}],"about":[{"href":"https:\/\/tibladin.dk\/de\/wp-json\/wp\/v2\/types\/product"}],"wp:featuredmedia":[{"embeddable":true,"href":"https:\/\/tibladin.dk\/de\/wp-json\/wp\/v2\/media\/38438"}],"wp:attachment":[{"href":"https:\/\/tibladin.dk\/de\/wp-json\/wp\/v2\/media?parent=38536"}],"wp:term":[{"taxonomy":"product_brand","embeddable":true,"href":"https:\/\/tibladin.dk\/de\/wp-json\/wp\/v2\/product_brand?post=38536"},{"taxonomy":"product_cat","embeddable":true,"href":"https:\/\/tibladin.dk\/de\/wp-json\/wp\/v2\/product_cat?post=38536"},{"taxonomy":"product_tag","embeddable":true,"href":"https:\/\/tibladin.dk\/de\/wp-json\/wp\/v2\/product_tag?post=38536"}],"curies":[{"name":"wp","href":"https:\/\/api.w.org\/{rel}","templated":true}]}}