{"id":38541,"date":"2025-07-16T14:40:18","date_gmt":"2025-07-16T12:40:18","guid":{"rendered":"https:\/\/tibladin.dk\/?post_type=product&#038;p=38541"},"modified":"2025-07-16T16:31:57","modified_gmt":"2025-07-16T14:31:57","slug":"kleine-geflochtene-tasche-mit-farbigem-leder","status":"publish","type":"product","link":"https:\/\/tibladin.dk\/de\/produkt\/lille-flet-taske-m-farvet-laeder\/","title":{"rendered":"Kleine geflochtene Tasche mit farbigem Leder"},"content":{"rendered":"<div class=\"wpb-content-wrapper\"><div class=\"vc_row wpb_row vc_row-fluid\"><div class=\"wpb_column vc_column_container vc_col-sm-4\"><div class=\"vc_column-inner\"><div class=\"wpb_wrapper\"><\/div><\/div><\/div><div class=\"wpb_column vc_column_container vc_col-sm-4\"><div class=\"vc_column-inner\"><div class=\"wpb_wrapper\"><h3 style=\"text-align: left\" class=\"vc_custom_heading vc_do_custom_heading\" >Wartung<\/h3>\n\t<div class=\"wpb_text_column wpb_content_element\" >\n\t\t<div class=\"wpb_wrapper\">\n\t\t\t<p>Reinigungsbl\u00e4tter k\u00f6nnen abgesaugt werden. Das Leder kann mit Lederfett versehen werden.<\/p>\n<p>Die Taschen sind einzigartig und handgefertigt, und es k\u00f6nnen kleine Unvollkommenheiten auftreten, die nur bezaubernd sind.<\/p>\n\n\t\t<\/div>\n\t<\/div>\n<\/div><\/div><\/div><div class=\"wpb_column vc_column_container vc_col-sm-4\"><div class=\"vc_column-inner\"><div class=\"wpb_wrapper\"><h3 style=\"text-align: left\" class=\"vc_custom_heading vc_do_custom_heading\" >Die Geschichte dahinter<\/h3>\n\t<div class=\"wpb_text_column wpb_content_element\" >\n\t\t<div class=\"wpb_wrapper\">\n\t\t\t<p>Eine sch\u00f6ne Tasche kann Ihr Outfit aufpeppen. Ich habe mich in diese sch\u00f6nen Taschen aus robustem, nachhaltigem Schilf und hochwertigem Leder verliebt. Das Futter aus Stoff sch\u00fctzt Ihre Sachen.<\/p>\n<p>Die Taxis werden von Frauen einer Frauenkooperative s\u00fcdlich von Marrakesch handgefertigt, wo Eiferer ihr Leben der Verbesserung des Lebensstandards vieler Familien in dem kleinen Dorf gewidmet haben, indem sie den Frauen Arbeit anbieten und gleichzeitig ein Betreuungssystem und eine Schule anbieten f\u00fcr die Kinder der Frauen.<\/p>\n\n\t\t<\/div>\n\t<\/div>\n<\/div><\/div><\/div><\/div>\n<\/div>","protected":false},"excerpt":{"rendered":"<p class=\"p1\"><span class=\"s1\">Handgefertigte Tasche aus starkem Schilfmaterial, mit sch\u00f6nen Lederdetails, in 4 verschiedenen Farben.<\/span><\/p>\n<p>Der Riemen ist aus hochwertigem Leder gefertigt und abnehmbar. Der Riemen ist verstellbar und kann somit zwischen 5 verschiedenen L\u00e4ngen gewechselt werden.<\/p>\n<p class=\"p1\">ABMESSUNGEN: | Tiefe\/H\u00f6he: 18 cm | Breite: 24 cm | Riemen: 128\u2013118 cm | Griff: 8 cm |<\/p>\n<p class=\"p1\"><span class=\"s1\">Sind sowohl f\u00fcr den Alltag als auch f\u00fcr Partys oder einen Ausflug an den Strand wundersch\u00f6n.<\/span><\/p>\n<p>&nbsp;<\/p>","protected":false},"featured_media":38544,"template":"","meta":{"inline_featured_image":false},"product_brand":[],"product_cat":[27,35,36,31,32],"product_tag":[],"class_list":{"0":"post-38541","1":"product","2":"type-product","3":"status-publish","4":"has-post-thumbnail","6":"product_cat-diverse","7":"product_cat-gaven-til-hende","8":"product_cat-gaver-til-under-500-kr","9":"product_cat-tasker","10":"product_cat-tilbud","12":"first","13":"instock","14":"taxable","15":"shipping-taxable","16":"purchasable","17":"product-type-variable"},"exclude_global_add_ons":false,"addons":[{"name":"M\u00f6chten Sie eine Geschenkverpackung?","type":"checkbox","position":0,"required":false,"title_format":"label","default":"","description_enable":false,"description":"","placeholder_enable":false,"placeholder":"","display":"images","restrictions_type":"any_text","adjust_price":false,"price":"","price_type":"flat_fee","restrictions":false,"min":"0","max":"0","options":[{"label":"Ja tak","price":"10","price_type":"flat_fee","image":11015,"visibility":true}],"id":1669646111}],"yoast_head":"<!-- This site is optimized with the Yoast SEO plugin v27.4 - https:\/\/yoast.com\/product\/yoast-seo-wordpress\/ -->\n<title>H\u00e5ndlavet taske i siv med farvet l\u00e6der |\u00a0 Tibladin<\/title>\n<meta name=\"description\" content=\"H\u00e5ndlavede tasker i siv med l\u00e6der i smukke farver. Taskerne f\u00e5es 4 forskellige farver. Perfekt til strandturen, byen, cafetur og meget mere.\" \/>\n<meta name=\"robots\" content=\"index, follow, max-snippet:-1, max-image-preview:large, max-video-preview:-1\" \/>\n<link rel=\"canonical\" href=\"https:\/\/tibladin.dk\/de\/produkt\/kleine-geflochtene-tasche-mit-farbigem-leder\/\" \/>\n<meta property=\"og:locale\" content=\"de_DE\" \/>\n<meta property=\"og:type\" content=\"article\" \/>\n<meta property=\"og:title\" content=\"H\u00e5ndlavet taske i siv med farvet l\u00e6der |\u00a0 Tibladin\" \/>\n<meta property=\"og:description\" content=\"H\u00e5ndlavede tasker i siv med l\u00e6der i smukke farver. Taskerne f\u00e5es 4 forskellige farver. Perfekt til strandturen, byen, cafetur og meget mere.\" \/>\n<meta property=\"og:url\" content=\"https:\/\/tibladin.dk\/de\/produkt\/kleine-geflochtene-tasche-mit-farbigem-leder\/\" \/>\n<meta property=\"og:site_name\" content=\"Tibladin\" \/>\n<meta property=\"article:modified_time\" content=\"2025-07-16T14:31:57+00:00\" \/>\n<meta property=\"og:image\" content=\"https:\/\/tibladin.dk\/wp-content\/uploads\/2025\/07\/Tasker-i-flet-og-laeder_alle-farver_2.jpg\" \/>\n\t<meta property=\"og:image:width\" content=\"800\" \/>\n\t<meta property=\"og:image:height\" content=\"800\" \/>\n\t<meta property=\"og:image:type\" content=\"image\/jpeg\" \/>\n<meta name=\"twitter:card\" content=\"summary_large_image\" \/>\n<meta name=\"twitter:label1\" content=\"Gesch\u00e4tzte Lesezeit\" \/>\n\t<meta name=\"twitter:data1\" content=\"2\u00a0Minuten\" \/>\n<script type=\"application\/ld+json\" class=\"yoast-schema-graph\">{\"@context\":\"https:\\\/\\\/schema.org\",\"@graph\":[{\"@type\":\"WebPage\",\"@id\":\"https:\\\/\\\/tibladin.dk\\\/produkt\\\/lille-flet-taske-m-farvet-laeder\\\/\",\"url\":\"https:\\\/\\\/tibladin.dk\\\/produkt\\\/lille-flet-taske-m-farvet-laeder\\\/\",\"name\":\"H\u00e5ndlavet taske i siv med farvet l\u00e6der |\u00a0 Tibladin\",\"isPartOf\":{\"@id\":\"https:\\\/\\\/tibladin.dk\\\/#website\"},\"primaryImageOfPage\":{\"@id\":\"https:\\\/\\\/tibladin.dk\\\/produkt\\\/lille-flet-taske-m-farvet-laeder\\\/#primaryimage\"},\"image\":{\"@id\":\"https:\\\/\\\/tibladin.dk\\\/produkt\\\/lille-flet-taske-m-farvet-laeder\\\/#primaryimage\"},\"thumbnailUrl\":\"https:\\\/\\\/tibladin.dk\\\/wp-content\\\/uploads\\\/2025\\\/07\\\/Tasker-i-flet-og-laeder_alle-farver_2.jpg\",\"datePublished\":\"2025-07-16T12:40:18+00:00\",\"dateModified\":\"2025-07-16T14:31:57+00:00\",\"description\":\"H\u00e5ndlavede tasker i siv med l\u00e6der i smukke farver. Taskerne f\u00e5es 4 forskellige farver. Perfekt til strandturen, byen, cafetur og meget mere.\",\"breadcrumb\":{\"@id\":\"https:\\\/\\\/tibladin.dk\\\/produkt\\\/lille-flet-taske-m-farvet-laeder\\\/#breadcrumb\"},\"inLanguage\":\"de\",\"potentialAction\":[{\"@type\":\"ReadAction\",\"target\":[\"https:\\\/\\\/tibladin.dk\\\/produkt\\\/lille-flet-taske-m-farvet-laeder\\\/\"]}]},{\"@type\":\"ImageObject\",\"inLanguage\":\"de\",\"@id\":\"https:\\\/\\\/tibladin.dk\\\/produkt\\\/lille-flet-taske-m-farvet-laeder\\\/#primaryimage\",\"url\":\"https:\\\/\\\/tibladin.dk\\\/wp-content\\\/uploads\\\/2025\\\/07\\\/Tasker-i-flet-og-laeder_alle-farver_2.jpg\",\"contentUrl\":\"https:\\\/\\\/tibladin.dk\\\/wp-content\\\/uploads\\\/2025\\\/07\\\/Tasker-i-flet-og-laeder_alle-farver_2.jpg\",\"width\":800,\"height\":800,\"caption\":\"alle\"},{\"@type\":\"BreadcrumbList\",\"@id\":\"https:\\\/\\\/tibladin.dk\\\/produkt\\\/lille-flet-taske-m-farvet-laeder\\\/#breadcrumb\",\"itemListElement\":[{\"@type\":\"ListItem\",\"position\":1,\"name\":\"Hjem\",\"item\":\"https:\\\/\\\/tibladin.dk\\\/\"},{\"@type\":\"ListItem\",\"position\":2,\"name\":\"Shop\",\"item\":\"https:\\\/\\\/tibladin.dk\\\/shop\\\/\"},{\"@type\":\"ListItem\",\"position\":3,\"name\":\"Lille flet taske m. farvet l\u00e6der\"}]},{\"@type\":\"WebSite\",\"@id\":\"https:\\\/\\\/tibladin.dk\\\/#website\",\"url\":\"https:\\\/\\\/tibladin.dk\\\/\",\"name\":\"Tibladin\",\"description\":\"Tibladin\",\"publisher\":{\"@id\":\"https:\\\/\\\/tibladin.dk\\\/#organization\"},\"potentialAction\":[{\"@type\":\"SearchAction\",\"target\":{\"@type\":\"EntryPoint\",\"urlTemplate\":\"https:\\\/\\\/tibladin.dk\\\/?s={search_term_string}\"},\"query-input\":{\"@type\":\"PropertyValueSpecification\",\"valueRequired\":true,\"valueName\":\"search_term_string\"}}],\"inLanguage\":\"de\"},{\"@type\":\"Organization\",\"@id\":\"https:\\\/\\\/tibladin.dk\\\/#organization\",\"name\":\"Tibladin\",\"url\":\"https:\\\/\\\/tibladin.dk\\\/\",\"logo\":{\"@type\":\"ImageObject\",\"inLanguage\":\"de\",\"@id\":\"https:\\\/\\\/tibladin.dk\\\/#\\\/schema\\\/logo\\\/image\\\/\",\"url\":\"https:\\\/\\\/tibladin.dk\\\/wp-content\\\/uploads\\\/2022\\\/09\\\/tibladin_logo.svg\",\"contentUrl\":\"https:\\\/\\\/tibladin.dk\\\/wp-content\\\/uploads\\\/2022\\\/09\\\/tibladin_logo.svg\",\"caption\":\"Tibladin\"},\"image\":{\"@id\":\"https:\\\/\\\/tibladin.dk\\\/#\\\/schema\\\/logo\\\/image\\\/\"}}]}<\/script>\n<!-- \/ Yoast SEO plugin. -->","yoast_head_json":{"title":"Handgefertigte Tasche aus Schilf mit farbigem Leder | Tibladin","description":"Handgefertigte Taschen aus Schilf mit Leder in wundersch\u00f6nen Farben. Die Taschen sind in 4 verschiedenen Farben erh\u00e4ltlich. Perfekt f\u00fcr einen Ausflug an den Strand, in die Stadt, einen Caf\u00e9besuch und vieles mehr.","robots":{"index":"index","follow":"follow","max-snippet":"max-snippet:-1","max-image-preview":"max-image-preview:large","max-video-preview":"max-video-preview:-1"},"canonical":"https:\/\/tibladin.dk\/de\/produkt\/kleine-geflochtene-tasche-mit-farbigem-leder\/","og_locale":"de_DE","og_type":"article","og_title":"H\u00e5ndlavet taske i siv med farvet l\u00e6der |\u00a0 Tibladin","og_description":"H\u00e5ndlavede tasker i siv med l\u00e6der i smukke farver. Taskerne f\u00e5es 4 forskellige farver. Perfekt til strandturen, byen, cafetur og meget mere.","og_url":"https:\/\/tibladin.dk\/de\/produkt\/kleine-geflochtene-tasche-mit-farbigem-leder\/","og_site_name":"Tibladin","article_modified_time":"2025-07-16T14:31:57+00:00","og_image":[{"width":800,"height":800,"url":"https:\/\/tibladin.dk\/wp-content\/uploads\/2025\/07\/Tasker-i-flet-og-laeder_alle-farver_2.jpg","type":"image\/jpeg"}],"twitter_card":"summary_large_image","twitter_misc":{"Gesch\u00e4tzte Lesezeit":"2\u00a0Minuten"},"schema":{"@context":"https:\/\/schema.org","@graph":[{"@type":"WebPage","@id":"https:\/\/tibladin.dk\/produkt\/lille-flet-taske-m-farvet-laeder\/","url":"https:\/\/tibladin.dk\/produkt\/lille-flet-taske-m-farvet-laeder\/","name":"Handgefertigte Tasche aus Schilf mit farbigem Leder | Tibladin","isPartOf":{"@id":"https:\/\/tibladin.dk\/#website"},"primaryImageOfPage":{"@id":"https:\/\/tibladin.dk\/produkt\/lille-flet-taske-m-farvet-laeder\/#primaryimage"},"image":{"@id":"https:\/\/tibladin.dk\/produkt\/lille-flet-taske-m-farvet-laeder\/#primaryimage"},"thumbnailUrl":"https:\/\/tibladin.dk\/wp-content\/uploads\/2025\/07\/Tasker-i-flet-og-laeder_alle-farver_2.jpg","datePublished":"2025-07-16T12:40:18+00:00","dateModified":"2025-07-16T14:31:57+00:00","description":"Handgefertigte Taschen aus Schilf mit Leder in wundersch\u00f6nen Farben. Die Taschen sind in 4 verschiedenen Farben erh\u00e4ltlich. Perfekt f\u00fcr einen Ausflug an den Strand, in die Stadt, einen Caf\u00e9besuch und vieles mehr.","breadcrumb":{"@id":"https:\/\/tibladin.dk\/produkt\/lille-flet-taske-m-farvet-laeder\/#breadcrumb"},"inLanguage":"de","potentialAction":[{"@type":"ReadAction","target":["https:\/\/tibladin.dk\/produkt\/lille-flet-taske-m-farvet-laeder\/"]}]},{"@type":"ImageObject","inLanguage":"de","@id":"https:\/\/tibladin.dk\/produkt\/lille-flet-taske-m-farvet-laeder\/#primaryimage","url":"https:\/\/tibladin.dk\/wp-content\/uploads\/2025\/07\/Tasker-i-flet-og-laeder_alle-farver_2.jpg","contentUrl":"https:\/\/tibladin.dk\/wp-content\/uploads\/2025\/07\/Tasker-i-flet-og-laeder_alle-farver_2.jpg","width":800,"height":800,"caption":"alle"},{"@type":"BreadcrumbList","@id":"https:\/\/tibladin.dk\/produkt\/lille-flet-taske-m-farvet-laeder\/#breadcrumb","itemListElement":[{"@type":"ListItem","position":1,"name":"Hjem","item":"https:\/\/tibladin.dk\/"},{"@type":"ListItem","position":2,"name":"Shop","item":"https:\/\/tibladin.dk\/shop\/"},{"@type":"ListItem","position":3,"name":"Lille flet taske m. farvet l\u00e6der"}]},{"@type":"WebSite","@id":"https:\/\/tibladin.dk\/#website","url":"https:\/\/tibladin.dk\/","name":"Tibladin","description":"Tibladin","publisher":{"@id":"https:\/\/tibladin.dk\/#organization"},"potentialAction":[{"@type":"SearchAction","target":{"@type":"EntryPoint","urlTemplate":"https:\/\/tibladin.dk\/?s={search_term_string}"},"query-input":{"@type":"PropertyValueSpecification","valueRequired":true,"valueName":"search_term_string"}}],"inLanguage":"de"},{"@type":"Organization","@id":"https:\/\/tibladin.dk\/#organization","name":"Tibladin","url":"https:\/\/tibladin.dk\/","logo":{"@type":"ImageObject","inLanguage":"de","@id":"https:\/\/tibladin.dk\/#\/schema\/logo\/image\/","url":"https:\/\/tibladin.dk\/wp-content\/uploads\/2022\/09\/tibladin_logo.svg","contentUrl":"https:\/\/tibladin.dk\/wp-content\/uploads\/2022\/09\/tibladin_logo.svg","caption":"Tibladin"},"image":{"@id":"https:\/\/tibladin.dk\/#\/schema\/logo\/image\/"}}]}},"_links":{"self":[{"href":"https:\/\/tibladin.dk\/de\/wp-json\/wp\/v2\/product\/38541","targetHints":{"allow":["GET"]}}],"collection":[{"href":"https:\/\/tibladin.dk\/de\/wp-json\/wp\/v2\/product"}],"about":[{"href":"https:\/\/tibladin.dk\/de\/wp-json\/wp\/v2\/types\/product"}],"wp:featuredmedia":[{"embeddable":true,"href":"https:\/\/tibladin.dk\/de\/wp-json\/wp\/v2\/media\/38544"}],"wp:attachment":[{"href":"https:\/\/tibladin.dk\/de\/wp-json\/wp\/v2\/media?parent=38541"}],"wp:term":[{"taxonomy":"product_brand","embeddable":true,"href":"https:\/\/tibladin.dk\/de\/wp-json\/wp\/v2\/product_brand?post=38541"},{"taxonomy":"product_cat","embeddable":true,"href":"https:\/\/tibladin.dk\/de\/wp-json\/wp\/v2\/product_cat?post=38541"},{"taxonomy":"product_tag","embeddable":true,"href":"https:\/\/tibladin.dk\/de\/wp-json\/wp\/v2\/product_tag?post=38541"}],"curies":[{"name":"wp","href":"https:\/\/api.w.org\/{rel}","templated":true}]}}