{"id":39110,"date":"2025-08-18T14:35:42","date_gmt":"2025-08-18T12:35:42","guid":{"rendered":"https:\/\/tibladin.dk\/?post_type=product&#038;p=39110"},"modified":"2025-08-21T11:57:07","modified_gmt":"2025-08-21T09:57:07","slug":"beni-ouarain-195x340-cm-amal","status":"publish","type":"product","link":"https:\/\/tibladin.dk\/de\/produkt\/beni-ouarain-195x340-cm-amal\/","title":{"rendered":"Beni Ouarain 195\u00d7340 cm. \u2013 AMAL"},"content":{"rendered":"<div class=\"wpb-content-wrapper\"><div class=\"vc_row wpb_row vc_row-fluid\"><div class=\"wpb_column vc_column_container vc_col-sm-4\"><div class=\"vc_column-inner\"><div class=\"wpb_wrapper\"><\/div><\/div><\/div><div class=\"wpb_column vc_column_container vc_col-sm-4\"><div class=\"vc_column-inner\"><div class=\"wpb_wrapper\"><h3 style=\"text-align: left\" class=\"vc_custom_heading vc_do_custom_heading\" >Beni Ouarain Teppichpflege<\/h3>\n\t<div class=\"wpb_text_column wpb_content_element\" >\n\t\t<div class=\"wpb_wrapper\">\n\t\t\t<p>Staubsaugen Sie den Beni Ouarain-Teppich regelm\u00e4\u00dfig, nehmen Sie ihn mit nach drau\u00dfen und sch\u00fctteln Sie ihn gelegentlich. Flecken werden entfernt, indem man den Fleck schnellstm\u00f6glich mit einem Tuch aufsaugt und den Fleck anschlie\u00dfend mit einem feuchten Tuch abtupft. Der Teppich besteht zu 100 % aus reiner Wolle und ist auf jeder Faser von Natur aus mit Lanolin beschichtet, sodass Flecken nicht in den Teppich eindringen. Sollten wir das Gl\u00fcck haben, in einem Winter in D\u00e4nemark Schnee zu bekommen, dann breiten wir endlich die Decke im wei\u00dfen Schnee aus. Dadurch wird der Teppich gr\u00fcndlich gereinigt \u2013 ganz nat\u00fcrlich.<\/p>\n\n\t\t<\/div>\n\t<\/div>\n<\/div><\/div><\/div><div class=\"wpb_column vc_column_container vc_col-sm-4\"><div class=\"vc_column-inner\"><div class=\"wpb_wrapper\"><h3 style=\"text-align: left\" class=\"vc_custom_heading vc_do_custom_heading\" >Die Geschichte hinter Beni Ouarain-Teppichen<\/h3>\n\t<div class=\"wpb_text_column wpb_content_element\" >\n\t\t<div class=\"wpb_wrapper\">\n\t\t\t<p>Der Teppich von Beni Ouarain schm\u00fcckt, sorgt f\u00fcr Gem\u00fctlichkeit und W\u00e4rme und ist zudem ger\u00e4uschabsorbierend.<\/p>\n<p>Beni Ouarain-Teppiche erfreuen sich auf der ganzen Welt gro\u00dfer Beliebtheit und passen auch sehr gut zur skandinavischen Einrichtung. Viele Interior-Marken haben ihren Stil kopiert und industriell herstellen lassen. Hier bei Tibladin haben wir nur originale Beni Ouarain-Teppiche, die von Frauen des Berberstamms Beni Ouarain, der s\u00fcdlich des Rif-Gebirges in Marokko beheimatet ist, von Hand gefertigt wurden. Die Decken werden vom Berberstamm verwendet, um sich zuzudecken und darauf zu liegen, wenn sie schlafen m\u00fcssen. Jeder Teppich ist ein Kunstwerk und wird im Gegensatz zu Orientteppichen nicht nach Vorbild, sondern nur nach den eigenen W\u00fcnschen der Frauen hergestellt und symbolisiert oft die Gef\u00fchle, die die Frauen beim Weben hatten. Die Rautenform vieler Teppiche sch\u00fctzt vor dem B\u00f6sen. Die Farbt\u00f6ne sind in den Farben Wei\u00df, Beige, Braun und Schwarz nat\u00fcrlich.<\/p>\n<p>Werfen Sie Ihre Schuhe weg und sp\u00fcren Sie die weiche Wolle unter Ihren F\u00fc\u00dfen!<\/p>\n\n\t\t<\/div>\n\t<\/div>\n<\/div><\/div><\/div><\/div>\n<\/div>","protected":false},"excerpt":{"rendered":"<ul>\n<li>Beni Ourain-Teppich mit einer Basis aus schwarz-wei\u00dfem Zanafi-Kelim, wodurch das sch\u00f6ne Rautenmuster besser sichtbar wird.<\/li>\n<li>Handgewebter marokkanischer Teppich aus 100%-Wolle. Die Wolle ist herrlich weich und warm.<\/li>\n<\/ul>\n<p>Gro\u00dfer Teppich, der gut in eine Sofaecke oder unter den Esstisch passt. Sie k\u00f6nnen ihn auch in der Mitte eines Raumes verwenden, um ihn vor der K\u00e4lte vom Boden zu isolieren. Der Teppich wird von Berberfrauen der Beni Ouarain-St\u00e4mme im marokkanischen Atlasgebirge hergestellt.<\/p>\n<p>Das Rautenmuster hat symbolische Bedeutung: Schutz vor dem b\u00f6sen Blick und Fruchtbarkeit und Leben<\/p>\n<p><strong>Der Teppich misst 195\u00d7340 cm.<\/strong><\/p>","protected":false},"featured_media":39112,"template":"","meta":{"inline_featured_image":false},"product_brand":[],"product_cat":[62,59],"product_tag":[],"class_list":{"0":"post-39110","1":"product","2":"type-product","3":"status-publish","4":"has-post-thumbnail","6":"product_cat-beni-ouarain","7":"product_cat-marokkanske-taepper","9":"first","10":"instock","11":"taxable","12":"shipping-taxable","13":"purchasable","14":"product-type-simple"},"exclude_global_add_ons":[],"addons":[],"yoast_head":"<!-- This site is optimized with the Yoast SEO plugin v27.4 - https:\/\/yoast.com\/product\/yoast-seo-wordpress\/ -->\n<title>Beni Ouarain t\u00e6ppe | Bl\u00f8dt og hyggeligt | Kig her lige nu<\/title>\n<meta name=\"description\" content=\"Marokkansk t\u00e6ppe Beni Ouarain i 100% uld. Dejlig lys uld med beige m\u00f8nster. T\u00e6ppet er h\u00e5ndv\u00e6vet i kvalitetsuld og m\u00e5ler 195x340 cm.\" \/>\n<meta name=\"robots\" content=\"index, follow, max-snippet:-1, max-image-preview:large, max-video-preview:-1\" \/>\n<link rel=\"canonical\" href=\"https:\/\/tibladin.dk\/de\/produkt\/beni-ouarain-195x340-cm-amal\/\" \/>\n<meta property=\"og:locale\" content=\"de_DE\" \/>\n<meta property=\"og:type\" content=\"article\" \/>\n<meta property=\"og:title\" content=\"Beni Ouarain t\u00e6ppe | Bl\u00f8dt og hyggeligt | Kig her lige nu\" \/>\n<meta property=\"og:description\" content=\"Marokkansk t\u00e6ppe Beni Ouarain i 100% uld. Dejlig lys uld med beige m\u00f8nster. T\u00e6ppet er h\u00e5ndv\u00e6vet i kvalitetsuld og m\u00e5ler 195x340 cm.\" \/>\n<meta property=\"og:url\" content=\"https:\/\/tibladin.dk\/de\/produkt\/beni-ouarain-195x340-cm-amal\/\" \/>\n<meta property=\"og:site_name\" content=\"Tibladin\" \/>\n<meta property=\"article:modified_time\" content=\"2025-08-21T09:57:07+00:00\" \/>\n<meta property=\"og:image\" content=\"https:\/\/tibladin.dk\/wp-content\/uploads\/2025\/08\/Beni-Ouarain-AMAL_2.jpg\" \/>\n\t<meta property=\"og:image:width\" content=\"800\" \/>\n\t<meta property=\"og:image:height\" content=\"800\" \/>\n\t<meta property=\"og:image:type\" content=\"image\/jpeg\" \/>\n<meta name=\"twitter:card\" content=\"summary_large_image\" \/>\n<meta name=\"twitter:label1\" content=\"Gesch\u00e4tzte Lesezeit\" \/>\n\t<meta name=\"twitter:data1\" content=\"2\u00a0Minuten\" \/>\n<script type=\"application\/ld+json\" class=\"yoast-schema-graph\">{\"@context\":\"https:\\\/\\\/schema.org\",\"@graph\":[{\"@type\":\"WebPage\",\"@id\":\"https:\\\/\\\/tibladin.dk\\\/produkt\\\/beni-ouarain-195x340-cm-amal\\\/\",\"url\":\"https:\\\/\\\/tibladin.dk\\\/produkt\\\/beni-ouarain-195x340-cm-amal\\\/\",\"name\":\"Beni Ouarain t\u00e6ppe | Bl\u00f8dt og hyggeligt | Kig her lige nu\",\"isPartOf\":{\"@id\":\"https:\\\/\\\/tibladin.dk\\\/#website\"},\"primaryImageOfPage\":{\"@id\":\"https:\\\/\\\/tibladin.dk\\\/produkt\\\/beni-ouarain-195x340-cm-amal\\\/#primaryimage\"},\"image\":{\"@id\":\"https:\\\/\\\/tibladin.dk\\\/produkt\\\/beni-ouarain-195x340-cm-amal\\\/#primaryimage\"},\"thumbnailUrl\":\"https:\\\/\\\/tibladin.dk\\\/wp-content\\\/uploads\\\/2025\\\/08\\\/Beni-Ouarain-AMAL_2.jpg\",\"datePublished\":\"2025-08-18T12:35:42+00:00\",\"dateModified\":\"2025-08-21T09:57:07+00:00\",\"description\":\"Marokkansk t\u00e6ppe Beni Ouarain i 100% uld. Dejlig lys uld med beige m\u00f8nster. T\u00e6ppet er h\u00e5ndv\u00e6vet i kvalitetsuld og m\u00e5ler 195x340 cm.\",\"breadcrumb\":{\"@id\":\"https:\\\/\\\/tibladin.dk\\\/produkt\\\/beni-ouarain-195x340-cm-amal\\\/#breadcrumb\"},\"inLanguage\":\"de\",\"potentialAction\":[{\"@type\":\"ReadAction\",\"target\":[\"https:\\\/\\\/tibladin.dk\\\/produkt\\\/beni-ouarain-195x340-cm-amal\\\/\"]}]},{\"@type\":\"ImageObject\",\"inLanguage\":\"de\",\"@id\":\"https:\\\/\\\/tibladin.dk\\\/produkt\\\/beni-ouarain-195x340-cm-amal\\\/#primaryimage\",\"url\":\"https:\\\/\\\/tibladin.dk\\\/wp-content\\\/uploads\\\/2025\\\/08\\\/Beni-Ouarain-AMAL_2.jpg\",\"contentUrl\":\"https:\\\/\\\/tibladin.dk\\\/wp-content\\\/uploads\\\/2025\\\/08\\\/Beni-Ouarain-AMAL_2.jpg\",\"width\":800,\"height\":800,\"caption\":\"Beni Ouarain t\u00e6ppe AMAL 195x340 cm\"},{\"@type\":\"BreadcrumbList\",\"@id\":\"https:\\\/\\\/tibladin.dk\\\/produkt\\\/beni-ouarain-195x340-cm-amal\\\/#breadcrumb\",\"itemListElement\":[{\"@type\":\"ListItem\",\"position\":1,\"name\":\"Hjem\",\"item\":\"https:\\\/\\\/tibladin.dk\\\/\"},{\"@type\":\"ListItem\",\"position\":2,\"name\":\"Shop\",\"item\":\"https:\\\/\\\/tibladin.dk\\\/shop\\\/\"},{\"@type\":\"ListItem\",\"position\":3,\"name\":\"Beni Ouarain 195&#215;340 cm. &#8211; AMAL\"}]},{\"@type\":\"WebSite\",\"@id\":\"https:\\\/\\\/tibladin.dk\\\/#website\",\"url\":\"https:\\\/\\\/tibladin.dk\\\/\",\"name\":\"Tibladin\",\"description\":\"Tibladin\",\"publisher\":{\"@id\":\"https:\\\/\\\/tibladin.dk\\\/#organization\"},\"potentialAction\":[{\"@type\":\"SearchAction\",\"target\":{\"@type\":\"EntryPoint\",\"urlTemplate\":\"https:\\\/\\\/tibladin.dk\\\/?s={search_term_string}\"},\"query-input\":{\"@type\":\"PropertyValueSpecification\",\"valueRequired\":true,\"valueName\":\"search_term_string\"}}],\"inLanguage\":\"de\"},{\"@type\":\"Organization\",\"@id\":\"https:\\\/\\\/tibladin.dk\\\/#organization\",\"name\":\"Tibladin\",\"url\":\"https:\\\/\\\/tibladin.dk\\\/\",\"logo\":{\"@type\":\"ImageObject\",\"inLanguage\":\"de\",\"@id\":\"https:\\\/\\\/tibladin.dk\\\/#\\\/schema\\\/logo\\\/image\\\/\",\"url\":\"https:\\\/\\\/tibladin.dk\\\/wp-content\\\/uploads\\\/2022\\\/09\\\/tibladin_logo.svg\",\"contentUrl\":\"https:\\\/\\\/tibladin.dk\\\/wp-content\\\/uploads\\\/2022\\\/09\\\/tibladin_logo.svg\",\"caption\":\"Tibladin\"},\"image\":{\"@id\":\"https:\\\/\\\/tibladin.dk\\\/#\\\/schema\\\/logo\\\/image\\\/\"}}]}<\/script>\n<!-- \/ Yoast SEO plugin. -->","yoast_head_json":{"title":"Beni Ouarain Teppich | Weich und gem\u00fctlich | Schauen Sie gleich hierher","description":"Marokkanischer Teppich Beni Ouarain aus 100% Wolle. Sch\u00f6ne helle Wolle mit beigem Muster. Der Teppich ist handgewebt aus hochwertiger Wolle und misst 195 x 340 cm.","robots":{"index":"index","follow":"follow","max-snippet":"max-snippet:-1","max-image-preview":"max-image-preview:large","max-video-preview":"max-video-preview:-1"},"canonical":"https:\/\/tibladin.dk\/de\/produkt\/beni-ouarain-195x340-cm-amal\/","og_locale":"de_DE","og_type":"article","og_title":"Beni Ouarain t\u00e6ppe | Bl\u00f8dt og hyggeligt | Kig her lige nu","og_description":"Marokkansk t\u00e6ppe Beni Ouarain i 100% uld. Dejlig lys uld med beige m\u00f8nster. T\u00e6ppet er h\u00e5ndv\u00e6vet i kvalitetsuld og m\u00e5ler 195x340 cm.","og_url":"https:\/\/tibladin.dk\/de\/produkt\/beni-ouarain-195x340-cm-amal\/","og_site_name":"Tibladin","article_modified_time":"2025-08-21T09:57:07+00:00","og_image":[{"width":800,"height":800,"url":"https:\/\/tibladin.dk\/wp-content\/uploads\/2025\/08\/Beni-Ouarain-AMAL_2.jpg","type":"image\/jpeg"}],"twitter_card":"summary_large_image","twitter_misc":{"Gesch\u00e4tzte Lesezeit":"2\u00a0Minuten"},"schema":{"@context":"https:\/\/schema.org","@graph":[{"@type":"WebPage","@id":"https:\/\/tibladin.dk\/produkt\/beni-ouarain-195x340-cm-amal\/","url":"https:\/\/tibladin.dk\/produkt\/beni-ouarain-195x340-cm-amal\/","name":"Beni Ouarain Teppich | Weich und gem\u00fctlich | Schauen Sie gleich hierher","isPartOf":{"@id":"https:\/\/tibladin.dk\/#website"},"primaryImageOfPage":{"@id":"https:\/\/tibladin.dk\/produkt\/beni-ouarain-195x340-cm-amal\/#primaryimage"},"image":{"@id":"https:\/\/tibladin.dk\/produkt\/beni-ouarain-195x340-cm-amal\/#primaryimage"},"thumbnailUrl":"https:\/\/tibladin.dk\/wp-content\/uploads\/2025\/08\/Beni-Ouarain-AMAL_2.jpg","datePublished":"2025-08-18T12:35:42+00:00","dateModified":"2025-08-21T09:57:07+00:00","description":"Marokkanischer Teppich Beni Ouarain aus 100% Wolle. Sch\u00f6ne helle Wolle mit beigem Muster. Der Teppich ist handgewebt aus hochwertiger Wolle und misst 195 x 340 cm.","breadcrumb":{"@id":"https:\/\/tibladin.dk\/produkt\/beni-ouarain-195x340-cm-amal\/#breadcrumb"},"inLanguage":"de","potentialAction":[{"@type":"ReadAction","target":["https:\/\/tibladin.dk\/produkt\/beni-ouarain-195x340-cm-amal\/"]}]},{"@type":"ImageObject","inLanguage":"de","@id":"https:\/\/tibladin.dk\/produkt\/beni-ouarain-195x340-cm-amal\/#primaryimage","url":"https:\/\/tibladin.dk\/wp-content\/uploads\/2025\/08\/Beni-Ouarain-AMAL_2.jpg","contentUrl":"https:\/\/tibladin.dk\/wp-content\/uploads\/2025\/08\/Beni-Ouarain-AMAL_2.jpg","width":800,"height":800,"caption":"Beni Ouarain t\u00e6ppe AMAL 195x340 cm"},{"@type":"BreadcrumbList","@id":"https:\/\/tibladin.dk\/produkt\/beni-ouarain-195x340-cm-amal\/#breadcrumb","itemListElement":[{"@type":"ListItem","position":1,"name":"Hjem","item":"https:\/\/tibladin.dk\/"},{"@type":"ListItem","position":2,"name":"Shop","item":"https:\/\/tibladin.dk\/shop\/"},{"@type":"ListItem","position":3,"name":"Beni Ouarain 195&#215;340 cm. &#8211; AMAL"}]},{"@type":"WebSite","@id":"https:\/\/tibladin.dk\/#website","url":"https:\/\/tibladin.dk\/","name":"Tibladin","description":"Tibladin","publisher":{"@id":"https:\/\/tibladin.dk\/#organization"},"potentialAction":[{"@type":"SearchAction","target":{"@type":"EntryPoint","urlTemplate":"https:\/\/tibladin.dk\/?s={search_term_string}"},"query-input":{"@type":"PropertyValueSpecification","valueRequired":true,"valueName":"search_term_string"}}],"inLanguage":"de"},{"@type":"Organization","@id":"https:\/\/tibladin.dk\/#organization","name":"Tibladin","url":"https:\/\/tibladin.dk\/","logo":{"@type":"ImageObject","inLanguage":"de","@id":"https:\/\/tibladin.dk\/#\/schema\/logo\/image\/","url":"https:\/\/tibladin.dk\/wp-content\/uploads\/2022\/09\/tibladin_logo.svg","contentUrl":"https:\/\/tibladin.dk\/wp-content\/uploads\/2022\/09\/tibladin_logo.svg","caption":"Tibladin"},"image":{"@id":"https:\/\/tibladin.dk\/#\/schema\/logo\/image\/"}}]}},"_links":{"self":[{"href":"https:\/\/tibladin.dk\/de\/wp-json\/wp\/v2\/product\/39110","targetHints":{"allow":["GET"]}}],"collection":[{"href":"https:\/\/tibladin.dk\/de\/wp-json\/wp\/v2\/product"}],"about":[{"href":"https:\/\/tibladin.dk\/de\/wp-json\/wp\/v2\/types\/product"}],"wp:featuredmedia":[{"embeddable":true,"href":"https:\/\/tibladin.dk\/de\/wp-json\/wp\/v2\/media\/39112"}],"wp:attachment":[{"href":"https:\/\/tibladin.dk\/de\/wp-json\/wp\/v2\/media?parent=39110"}],"wp:term":[{"taxonomy":"product_brand","embeddable":true,"href":"https:\/\/tibladin.dk\/de\/wp-json\/wp\/v2\/product_brand?post=39110"},{"taxonomy":"product_cat","embeddable":true,"href":"https:\/\/tibladin.dk\/de\/wp-json\/wp\/v2\/product_cat?post=39110"},{"taxonomy":"product_tag","embeddable":true,"href":"https:\/\/tibladin.dk\/de\/wp-json\/wp\/v2\/product_tag?post=39110"}],"curies":[{"name":"wp","href":"https:\/\/api.w.org\/{rel}","templated":true}]}}