{"id":39282,"date":"2025-08-26T15:20:00","date_gmt":"2025-08-26T13:20:00","guid":{"rendered":"https:\/\/tibladin.dk\/?post_type=product&#038;p=39282"},"modified":"2026-02-06T18:48:38","modified_gmt":"2026-02-06T17:48:38","slug":"berber-teppich-vintage-185x310cm-eisgurtel","status":"publish","type":"product","link":"https:\/\/tibladin.dk\/de\/produkt\/berbertaeppe-vintage-185x310cm-asirem\/","title":{"rendered":"Berberteppich Vintage 185x310cm. ASIREM"},"content":{"rendered":"<div class=\"wpb-content-wrapper\"><div class=\"vc_row wpb_row vc_row-fluid\"><div class=\"wpb_column vc_column_container vc_col-sm-12\"><div class=\"vc_column-inner\"><div class=\"wpb_wrapper\">\n\t<div class=\"wpb_text_column wpb_content_element\" >\n\t\t<div class=\"wpb_wrapper\">\n\t\t\t<p>!<\/p>\n\n\t\t<\/div>\n\t<\/div>\n<\/div><\/div><\/div><\/div><div class=\"vc_row wpb_row vc_row-fluid\"><div class=\"wpb_column vc_column_container vc_col-sm-4\"><div class=\"vc_column-inner\"><div class=\"wpb_wrapper\"><\/div><\/div><\/div><div class=\"wpb_column vc_column_container vc_col-sm-4\"><div class=\"vc_column-inner\"><div class=\"wpb_wrapper\"><h3 style=\"text-align: left\" class=\"vc_custom_heading vc_do_custom_heading\" >Beni Mguild Teppichpflege<\/h3>\n\t<div class=\"wpb_text_column wpb_content_element\" >\n\t\t<div class=\"wpb_wrapper\">\n\t\t\t<p>Staubsaugen Sie den Berberteppich regelm\u00e4\u00dfig, nehmen Sie ihn mit nach drau\u00dfen und sch\u00fctteln Sie ihn ab und zu. Flecken werden entfernt, indem man den Fleck schnellstm\u00f6glich mit einem Tuch aufsaugt und den Fleck anschlie\u00dfend mit einem feuchten Tuch abtupft. Der Teppich besteht zu 100 % aus reiner Wolle und ist auf jeder Faser von Natur aus mit Lanolin beschichtet, sodass Flecken nicht in den Teppich eindringen. Sollten wir das Gl\u00fcck haben, in einem Winter in D\u00e4nemark Schnee zu bekommen, dann breiten wir endlich die Decke im wei\u00dfen Schnee aus. Dadurch wird der Teppich gr\u00fcndlich gereinigt \u2013 ganz nat\u00fcrlich.<\/p>\n\n\t\t<\/div>\n\t<\/div>\n<\/div><\/div><\/div><div class=\"wpb_column vc_column_container vc_col-sm-4\"><div class=\"vc_column-inner\"><div class=\"wpb_wrapper\"><h3 style=\"text-align: left\" class=\"vc_custom_heading vc_do_custom_heading\" >Die Geschichte hinter Beni Mguild-Teppichen<\/h3>\n\t<div class=\"wpb_text_column wpb_content_element\" >\n\t\t<div class=\"wpb_wrapper\">\n\t\t\t<h3 data-start=\"160\" data-end=\"191\"><strong data-start=\"167\" data-end=\"191\">Herkunft und Gebiet<\/strong><\/h3>\n<ul data-start=\"192\" data-end=\"439\">\n<li data-start=\"192\" data-end=\"314\">\n<p data-start=\"194\" data-end=\"314\">Der Stamm der Beni Mguild geh\u00f6rt zu <strong data-start=\"226\" data-end=\"250\">Mittleres Atlasgebirge<\/strong>, insbesondere in der N\u00e4he von St\u00e4dten <strong data-start=\"272\" data-end=\"291\">Azrou und Boujad<\/strong> in der Region Kh\u00e9nifra.<\/p>\n<\/li>\n<li data-start=\"315\" data-end=\"439\">\n<p data-start=\"317\" data-end=\"439\">Die Gegend ist bergig und kalt, was den Stil der Decken beeinflusst hat \u2013 sie wurden hergestellt, um in strengen Wintern W\u00e4rme zu speichern.<\/p>\n<\/li>\n<\/ul>\n<hr data-start=\"441\" data-end=\"444\" \/>\n<h3 data-start=\"446\" data-end=\"489\"><strong data-start=\"453\" data-end=\"489\">Eigenschaften von Beni Mguild-Teppichen<\/strong><\/h3>\n<ul data-start=\"490\" data-end=\"965\">\n<li data-start=\"490\" data-end=\"650\">\n<p data-start=\"492\" data-end=\"650\"><strong data-start=\"492\" data-end=\"503\">Farben:<\/strong> Oftmals tiefe und dunkle Farbt\u00f6ne \u2013 besonders <strong data-start=\"538\" data-end=\"582\">Indigoblau, Rot, Braun, Lila und Burgunderrot<\/strong>Das Dunkelblau (Indigo) ist fast ein Markenzeichen von Beni Mguild.<\/p>\n<\/li>\n<li data-start=\"651\" data-end=\"761\">\n<p data-start=\"653\" data-end=\"761\"><strong data-start=\"653\" data-end=\"665\">Muster:<\/strong> Klassiker <strong data-start=\"676\" data-end=\"694\">Rautenmuster<\/strong> in Wiederholungen, aber dichter und \u201evoller\u201c als beispielsweise Beni Ourain.<\/p>\n<\/li>\n<li data-start=\"762\" data-end=\"851\">\n<p data-start=\"764\" data-end=\"851\"><strong data-start=\"764\" data-end=\"776\">Textur:<\/strong> Dicke, robuste und schwere Wolldecken \u2013 perfekt f\u00fcr die K\u00e4lte der Berge.<\/p>\n<\/li>\n<li data-start=\"852\" data-end=\"965\">\n<p data-start=\"854\" data-end=\"965\"><strong data-start=\"854\" data-end=\"865\">Patina:<\/strong> Viele Vintage-Beni-Mguild-St\u00fccke haben eine sch\u00f6ne verblasste Oberfl\u00e4che, bei der die Farben mit der Zeit weicher geworden sind.<\/p>\n<\/li>\n<\/ul>\n<hr data-start=\"967\" data-end=\"970\" \/>\n<h3 data-start=\"972\" data-end=\"991\"><strong data-start=\"979\" data-end=\"991\">Symbolismus<\/strong><\/h3>\n<p data-start=\"992\" data-end=\"1052\">Wie bei anderen Berberst\u00e4mmen sind die Muster nicht zuf\u00e4llig:<\/p>\n<ul data-start=\"1053\" data-end=\"1240\">\n<li data-start=\"1053\" data-end=\"1134\">\n<p data-start=\"1055\" data-end=\"1134\"><strong data-start=\"1055\" data-end=\"1077\">Rauten und Kreuze<\/strong> symbolisiert Schutz, Fruchtbarkeit und Weiblichkeit.<\/p>\n<\/li>\n<li data-start=\"1135\" data-end=\"1240\">\n<p data-start=\"1137\" data-end=\"1240\">Wiederholte Formen k\u00f6nnen als Erz\u00e4hlung \u00fcber die Reise des Lebens, den Kreislauf der Natur und die spirituellen \u00dcberzeugungen der St\u00e4mme gesehen werden.<\/p>\n<\/li>\n<\/ul>\n\n\t\t<\/div>\n\t<\/div>\n<\/div><\/div><\/div><\/div>\n<\/div>","protected":false},"excerpt":{"rendered":"<p data-start=\"0\" data-end=\"114\">Dies ist eine beeindruckende <strong data-start=\"26\" data-end=\"49\">Vintage-Berberteppich BENI MAGHIL, auch BENI Mguild geschrieben<\/strong>\u00a0An <strong data-start=\"53\" data-end=\"67\">185\u00d7310 cm<\/strong>, und es erz\u00e4hlt wirklich eine starke Geschichte.<\/p>\n<p data-start=\"116\" data-end=\"407\">Der Teppich ist in einem detaillierten Rautenmuster gewebt, wobei die sich wiederholenden geometrischen Formen einen fast hypnotischen Rhythmus erzeugen. Die Farben sind wundersch\u00f6n verblasst mit Schattierungen von Grau, Blau, Beige und einem Hauch von Rostrot in der Mitte \u2013 die Patina verleiht dem Teppich einen lebendigen Charakter, der nur durch jahrzehntelangen Gebrauch entstehen kann.<\/p>\n<ul data-start=\"192\" data-end=\"439\">\n<li data-start=\"192\" data-end=\"314\">\n<p data-start=\"194\" data-end=\"314\">Der Stamm der Beni Mguild geh\u00f6rt zu <strong data-start=\"226\" data-end=\"250\">Mittleres Atlasgebirge<\/strong>, insbesondere in der N\u00e4he von St\u00e4dten <strong data-start=\"272\" data-end=\"291\">Azrou und Boujad<\/strong> in der Region Kh\u00e9nifra.<\/p>\n<\/li>\n<li data-start=\"315\" data-end=\"439\">\n<p data-start=\"317\" data-end=\"439\">Die Gegend ist bergig und kalt, was den Stil der Decken beeinflusst hat \u2013 sie wurden hergestellt, um in strengen Wintern W\u00e4rme zu speichern.<\/p>\n<\/li>\n<\/ul>\n<p data-start=\"409\" data-end=\"734\">Er ist ein klassisches Beispiel daf\u00fcr, wie Berberfrauen Kunst und Funktionalit\u00e4t verbinden: Die Muster wurzeln in der Symbolik von Schutz, Leben und Gleichgewicht und wirken gleichzeitig elegant und modern. Mit seiner Gr\u00f6\u00dfe eignet sich der Teppich ideal f\u00fcr ein gro\u00dfes Wohn- oder Esszimmer, wo er als markanter Mittelpunkt fungieren kann.<\/p>\n<p data-start=\"409\" data-end=\"734\">ASRIEM bedeutet auf Berberisch Hoffnung.<\/p>","protected":false},"featured_media":39290,"template":"","meta":{"inline_featured_image":false},"product_brand":[],"product_cat":[143,59],"product_tag":[],"class_list":{"0":"post-39282","1":"product","2":"type-product","3":"status-publish","4":"has-post-thumbnail","6":"product_cat-berbertaepper","7":"product_cat-marokkanske-taepper","9":"first","10":"instock","11":"taxable","12":"shipping-taxable","13":"purchasable","14":"product-type-simple"},"exclude_global_add_ons":[],"addons":[],"yoast_head":"<!-- This site is optimized with the Yoast SEO plugin v27.5 - https:\/\/yoast.com\/product\/yoast-seo-wordpress\/ -->\n<title>Berbert\u00e6ppe | Marokkansk t\u00e6ppe | Kig her lige nu!<\/title>\n<meta name=\"description\" content=\"\u00c6gte Vintage Berbert\u00e6ppe i rolige bl\u00e5, gr\u00e5 og beige nuancer. Et stort dejligt t\u00e6ppe med masser af historie og karakter. Se det hos Tibladin.\" \/>\n<meta name=\"robots\" content=\"index, follow, max-snippet:-1, max-image-preview:large, max-video-preview:-1\" \/>\n<link rel=\"canonical\" href=\"https:\/\/tibladin.dk\/de\/produkt\/berber-teppich-vintage-185x310cm-eisgurtel\/\" \/>\n<meta property=\"og:locale\" content=\"de_DE\" \/>\n<meta property=\"og:type\" content=\"article\" \/>\n<meta property=\"og:title\" content=\"Berbert\u00e6ppe | Marokkansk t\u00e6ppe | Kig her lige nu!\" \/>\n<meta property=\"og:description\" content=\"\u00c6gte Vintage Berbert\u00e6ppe i rolige bl\u00e5, gr\u00e5 og beige nuancer. Et stort dejligt t\u00e6ppe med masser af historie og karakter. Se det hos Tibladin.\" \/>\n<meta property=\"og:url\" content=\"https:\/\/tibladin.dk\/de\/produkt\/berber-teppich-vintage-185x310cm-eisgurtel\/\" \/>\n<meta property=\"og:site_name\" content=\"Tibladin\" \/>\n<meta property=\"article:modified_time\" content=\"2026-02-06T17:48:38+00:00\" \/>\n<meta property=\"og:image\" content=\"https:\/\/tibladin.dk\/wp-content\/uploads\/2025\/08\/Berbertaeppe_ASIREM_9.jpg\" \/>\n\t<meta property=\"og:image:width\" content=\"800\" \/>\n\t<meta property=\"og:image:height\" content=\"800\" \/>\n\t<meta property=\"og:image:type\" content=\"image\/jpeg\" \/>\n<meta name=\"twitter:card\" content=\"summary_large_image\" \/>\n<meta name=\"twitter:label1\" content=\"Gesch\u00e4tzte Lesezeit\" \/>\n\t<meta name=\"twitter:data1\" content=\"2\u00a0Minuten\" \/>\n<script type=\"application\/ld+json\" class=\"yoast-schema-graph\">{\"@context\":\"https:\\\/\\\/schema.org\",\"@graph\":[{\"@type\":\"WebPage\",\"@id\":\"https:\\\/\\\/tibladin.dk\\\/produkt\\\/berbertaeppe-vintage-185x310cm-asirem\\\/\",\"url\":\"https:\\\/\\\/tibladin.dk\\\/produkt\\\/berbertaeppe-vintage-185x310cm-asirem\\\/\",\"name\":\"Berbert\u00e6ppe | Marokkansk t\u00e6ppe | Kig her lige nu!\",\"isPartOf\":{\"@id\":\"https:\\\/\\\/tibladin.dk\\\/#website\"},\"primaryImageOfPage\":{\"@id\":\"https:\\\/\\\/tibladin.dk\\\/produkt\\\/berbertaeppe-vintage-185x310cm-asirem\\\/#primaryimage\"},\"image\":{\"@id\":\"https:\\\/\\\/tibladin.dk\\\/produkt\\\/berbertaeppe-vintage-185x310cm-asirem\\\/#primaryimage\"},\"thumbnailUrl\":\"https:\\\/\\\/tibladin.dk\\\/wp-content\\\/uploads\\\/2025\\\/08\\\/Berbertaeppe_ASIREM_9.jpg\",\"datePublished\":\"2025-08-26T13:20:00+00:00\",\"dateModified\":\"2026-02-06T17:48:38+00:00\",\"description\":\"\u00c6gte Vintage Berbert\u00e6ppe i rolige bl\u00e5, gr\u00e5 og beige nuancer. Et stort dejligt t\u00e6ppe med masser af historie og karakter. Se det hos Tibladin.\",\"breadcrumb\":{\"@id\":\"https:\\\/\\\/tibladin.dk\\\/produkt\\\/berbertaeppe-vintage-185x310cm-asirem\\\/#breadcrumb\"},\"inLanguage\":\"de\",\"potentialAction\":[{\"@type\":\"ReadAction\",\"target\":[\"https:\\\/\\\/tibladin.dk\\\/produkt\\\/berbertaeppe-vintage-185x310cm-asirem\\\/\"]}]},{\"@type\":\"ImageObject\",\"inLanguage\":\"de\",\"@id\":\"https:\\\/\\\/tibladin.dk\\\/produkt\\\/berbertaeppe-vintage-185x310cm-asirem\\\/#primaryimage\",\"url\":\"https:\\\/\\\/tibladin.dk\\\/wp-content\\\/uploads\\\/2025\\\/08\\\/Berbertaeppe_ASIREM_9.jpg\",\"contentUrl\":\"https:\\\/\\\/tibladin.dk\\\/wp-content\\\/uploads\\\/2025\\\/08\\\/Berbertaeppe_ASIREM_9.jpg\",\"width\":800,\"height\":800,\"caption\":\"Berbert\u00e6ppe_ASIREM\"},{\"@type\":\"BreadcrumbList\",\"@id\":\"https:\\\/\\\/tibladin.dk\\\/produkt\\\/berbertaeppe-vintage-185x310cm-asirem\\\/#breadcrumb\",\"itemListElement\":[{\"@type\":\"ListItem\",\"position\":1,\"name\":\"Hjem\",\"item\":\"https:\\\/\\\/tibladin.dk\\\/\"},{\"@type\":\"ListItem\",\"position\":2,\"name\":\"Shop\",\"item\":\"https:\\\/\\\/tibladin.dk\\\/shop\\\/\"},{\"@type\":\"ListItem\",\"position\":3,\"name\":\"Berbert\u00e6ppe vintage 185x310cm. ASIREM\"}]},{\"@type\":\"WebSite\",\"@id\":\"https:\\\/\\\/tibladin.dk\\\/#website\",\"url\":\"https:\\\/\\\/tibladin.dk\\\/\",\"name\":\"Tibladin\",\"description\":\"Tibladin\",\"publisher\":{\"@id\":\"https:\\\/\\\/tibladin.dk\\\/#organization\"},\"potentialAction\":[{\"@type\":\"SearchAction\",\"target\":{\"@type\":\"EntryPoint\",\"urlTemplate\":\"https:\\\/\\\/tibladin.dk\\\/?s={search_term_string}\"},\"query-input\":{\"@type\":\"PropertyValueSpecification\",\"valueRequired\":true,\"valueName\":\"search_term_string\"}}],\"inLanguage\":\"de\"},{\"@type\":\"Organization\",\"@id\":\"https:\\\/\\\/tibladin.dk\\\/#organization\",\"name\":\"Tibladin\",\"url\":\"https:\\\/\\\/tibladin.dk\\\/\",\"logo\":{\"@type\":\"ImageObject\",\"inLanguage\":\"de\",\"@id\":\"https:\\\/\\\/tibladin.dk\\\/#\\\/schema\\\/logo\\\/image\\\/\",\"url\":\"https:\\\/\\\/tibladin.dk\\\/wp-content\\\/uploads\\\/2022\\\/09\\\/tibladin_logo.svg\",\"contentUrl\":\"https:\\\/\\\/tibladin.dk\\\/wp-content\\\/uploads\\\/2022\\\/09\\\/tibladin_logo.svg\",\"caption\":\"Tibladin\"},\"image\":{\"@id\":\"https:\\\/\\\/tibladin.dk\\\/#\\\/schema\\\/logo\\\/image\\\/\"}}]}<\/script>\n<!-- \/ Yoast SEO plugin. -->","yoast_head_json":{"title":"Berberteppich | Marokkanischer Teppich | Schauen Sie gleich hierher!","description":"Echter Vintage-Berberteppich in ruhigen Blau-, Grau- und Beiget\u00f6nen. Ein gro\u00dfer, sch\u00f6ner Teppich mit viel Geschichte und Charakter. Sehen Sie ihn bei Tibladin.","robots":{"index":"index","follow":"follow","max-snippet":"max-snippet:-1","max-image-preview":"max-image-preview:large","max-video-preview":"max-video-preview:-1"},"canonical":"https:\/\/tibladin.dk\/de\/produkt\/berber-teppich-vintage-185x310cm-eisgurtel\/","og_locale":"de_DE","og_type":"article","og_title":"Berbert\u00e6ppe | Marokkansk t\u00e6ppe | Kig her lige nu!","og_description":"\u00c6gte Vintage Berbert\u00e6ppe i rolige bl\u00e5, gr\u00e5 og beige nuancer. Et stort dejligt t\u00e6ppe med masser af historie og karakter. Se det hos Tibladin.","og_url":"https:\/\/tibladin.dk\/de\/produkt\/berber-teppich-vintage-185x310cm-eisgurtel\/","og_site_name":"Tibladin","article_modified_time":"2026-02-06T17:48:38+00:00","og_image":[{"width":800,"height":800,"url":"https:\/\/tibladin.dk\/wp-content\/uploads\/2025\/08\/Berbertaeppe_ASIREM_9.jpg","type":"image\/jpeg"}],"twitter_card":"summary_large_image","twitter_misc":{"Gesch\u00e4tzte Lesezeit":"2\u00a0Minuten"},"schema":{"@context":"https:\/\/schema.org","@graph":[{"@type":"WebPage","@id":"https:\/\/tibladin.dk\/produkt\/berbertaeppe-vintage-185x310cm-asirem\/","url":"https:\/\/tibladin.dk\/produkt\/berbertaeppe-vintage-185x310cm-asirem\/","name":"Berberteppich | Marokkanischer Teppich | Schauen Sie gleich hierher!","isPartOf":{"@id":"https:\/\/tibladin.dk\/#website"},"primaryImageOfPage":{"@id":"https:\/\/tibladin.dk\/produkt\/berbertaeppe-vintage-185x310cm-asirem\/#primaryimage"},"image":{"@id":"https:\/\/tibladin.dk\/produkt\/berbertaeppe-vintage-185x310cm-asirem\/#primaryimage"},"thumbnailUrl":"https:\/\/tibladin.dk\/wp-content\/uploads\/2025\/08\/Berbertaeppe_ASIREM_9.jpg","datePublished":"2025-08-26T13:20:00+00:00","dateModified":"2026-02-06T17:48:38+00:00","description":"Echter Vintage-Berberteppich in ruhigen Blau-, Grau- und Beiget\u00f6nen. Ein gro\u00dfer, sch\u00f6ner Teppich mit viel Geschichte und Charakter. Sehen Sie ihn bei Tibladin.","breadcrumb":{"@id":"https:\/\/tibladin.dk\/produkt\/berbertaeppe-vintage-185x310cm-asirem\/#breadcrumb"},"inLanguage":"de","potentialAction":[{"@type":"ReadAction","target":["https:\/\/tibladin.dk\/produkt\/berbertaeppe-vintage-185x310cm-asirem\/"]}]},{"@type":"ImageObject","inLanguage":"de","@id":"https:\/\/tibladin.dk\/produkt\/berbertaeppe-vintage-185x310cm-asirem\/#primaryimage","url":"https:\/\/tibladin.dk\/wp-content\/uploads\/2025\/08\/Berbertaeppe_ASIREM_9.jpg","contentUrl":"https:\/\/tibladin.dk\/wp-content\/uploads\/2025\/08\/Berbertaeppe_ASIREM_9.jpg","width":800,"height":800,"caption":"Berbert\u00e6ppe_ASIREM"},{"@type":"BreadcrumbList","@id":"https:\/\/tibladin.dk\/produkt\/berbertaeppe-vintage-185x310cm-asirem\/#breadcrumb","itemListElement":[{"@type":"ListItem","position":1,"name":"Hjem","item":"https:\/\/tibladin.dk\/"},{"@type":"ListItem","position":2,"name":"Shop","item":"https:\/\/tibladin.dk\/shop\/"},{"@type":"ListItem","position":3,"name":"Berbert\u00e6ppe vintage 185x310cm. ASIREM"}]},{"@type":"WebSite","@id":"https:\/\/tibladin.dk\/#website","url":"https:\/\/tibladin.dk\/","name":"Tibladin","description":"Tibladin","publisher":{"@id":"https:\/\/tibladin.dk\/#organization"},"potentialAction":[{"@type":"SearchAction","target":{"@type":"EntryPoint","urlTemplate":"https:\/\/tibladin.dk\/?s={search_term_string}"},"query-input":{"@type":"PropertyValueSpecification","valueRequired":true,"valueName":"search_term_string"}}],"inLanguage":"de"},{"@type":"Organization","@id":"https:\/\/tibladin.dk\/#organization","name":"Tibladin","url":"https:\/\/tibladin.dk\/","logo":{"@type":"ImageObject","inLanguage":"de","@id":"https:\/\/tibladin.dk\/#\/schema\/logo\/image\/","url":"https:\/\/tibladin.dk\/wp-content\/uploads\/2022\/09\/tibladin_logo.svg","contentUrl":"https:\/\/tibladin.dk\/wp-content\/uploads\/2022\/09\/tibladin_logo.svg","caption":"Tibladin"},"image":{"@id":"https:\/\/tibladin.dk\/#\/schema\/logo\/image\/"}}]}},"_links":{"self":[{"href":"https:\/\/tibladin.dk\/de\/wp-json\/wp\/v2\/product\/39282","targetHints":{"allow":["GET"]}}],"collection":[{"href":"https:\/\/tibladin.dk\/de\/wp-json\/wp\/v2\/product"}],"about":[{"href":"https:\/\/tibladin.dk\/de\/wp-json\/wp\/v2\/types\/product"}],"wp:featuredmedia":[{"embeddable":true,"href":"https:\/\/tibladin.dk\/de\/wp-json\/wp\/v2\/media\/39290"}],"wp:attachment":[{"href":"https:\/\/tibladin.dk\/de\/wp-json\/wp\/v2\/media?parent=39282"}],"wp:term":[{"taxonomy":"product_brand","embeddable":true,"href":"https:\/\/tibladin.dk\/de\/wp-json\/wp\/v2\/product_brand?post=39282"},{"taxonomy":"product_cat","embeddable":true,"href":"https:\/\/tibladin.dk\/de\/wp-json\/wp\/v2\/product_cat?post=39282"},{"taxonomy":"product_tag","embeddable":true,"href":"https:\/\/tibladin.dk\/de\/wp-json\/wp\/v2\/product_tag?post=39282"}],"curies":[{"name":"wp","href":"https:\/\/api.w.org\/{rel}","templated":true}]}}