{"id":39418,"date":"2025-08-30T13:28:35","date_gmt":"2025-08-30T11:28:35","guid":{"rendered":"https:\/\/tibladin.dk\/?post_type=product&#038;p=39418"},"modified":"2026-02-06T18:48:37","modified_gmt":"2026-02-06T17:48:37","slug":"berber-teppich-vintage-190x320-cm-anir","status":"publish","type":"product","link":"https:\/\/tibladin.dk\/de\/produkt\/berbertaeppe-vintage-190x320-cm-anir\/","title":{"rendered":"Berberteppich Vintage 190\u00d7320 cm. ANIR"},"content":{"rendered":"<div class=\"wpb-content-wrapper\"><div class=\"vc_row wpb_row vc_row-fluid\"><div class=\"wpb_column vc_column_container vc_col-sm-12\"><div class=\"vc_column-inner\"><div class=\"wpb_wrapper\">\n\t<div class=\"wpb_text_column wpb_content_element\" >\n\t\t<div class=\"wpb_wrapper\">\n\t\t\t<p>!<\/p>\n\n\t\t<\/div>\n\t<\/div>\n<\/div><\/div><\/div><\/div><div class=\"vc_row wpb_row vc_row-fluid\"><div class=\"wpb_column vc_column_container vc_col-sm-4\"><div class=\"vc_column-inner\"><div class=\"wpb_wrapper\"><\/div><\/div><\/div><div class=\"wpb_column vc_column_container vc_col-sm-4\"><div class=\"vc_column-inner\"><div class=\"wpb_wrapper\"><h3 style=\"text-align: left\" class=\"vc_custom_heading vc_do_custom_heading\" >Teppiche von Taznakt Wartung<\/h3>\n\t<div class=\"wpb_text_column wpb_content_element\" >\n\t\t<div class=\"wpb_wrapper\">\n\t\t\t<h2 data-start=\"187\" data-end=\"209\"><strong data-start=\"193\" data-end=\"209\">T\u00e4gliche Pflege<\/strong><\/h2>\n<ul data-start=\"210\" data-end=\"513\">\n<li data-start=\"210\" data-end=\"332\">\n<p data-start=\"212\" data-end=\"332\"><strong data-start=\"212\" data-end=\"232\">Regelm\u00e4\u00dfig staubsaugen<\/strong> \u2013 allerdings ohne rotierende B\u00fcrste (nur D\u00fcse bzw. sanfte Saugkraft), damit die Wolle nicht unn\u00f6tig strapaziert wird.<\/p>\n<\/li>\n<li data-start=\"333\" data-end=\"411\">\n<p data-start=\"335\" data-end=\"411\"><strong data-start=\"335\" data-end=\"350\">Drehen Sie die Decke um.<\/strong> gelegentlich, damit sich die Abnutzung verteilt und die Farben gleichm\u00e4\u00dfig verblassen.<\/p>\n<\/li>\n<li data-start=\"412\" data-end=\"513\">\n<p data-start=\"414\" data-end=\"513\"><strong data-start=\"414\" data-end=\"433\">Sch\u00fctteln Sie den Teppich aus<\/strong> ein paar Mal im Jahr \u2013 dadurch werden Staub und Sandk\u00f6rner gel\u00f6st, die sich in den Fasern verstecken.<\/p>\n<\/li>\n<\/ul>\n<hr data-start=\"515\" data-end=\"518\" \/>\n<h2 data-start=\"520\" data-end=\"542\"><strong data-start=\"526\" data-end=\"542\">Fleckenentfernung<\/strong><\/h2>\n<ul data-start=\"543\" data-end=\"781\">\n<li data-start=\"543\" data-end=\"613\">\n<p data-start=\"545\" data-end=\"613\">Immer trocken <strong data-start=\"555\" data-end=\"571\">sofort entsorgen<\/strong> mit einem sauberen, wei\u00dfen Tuch \u2013 tupfen, nicht reiben.<\/p>\n<\/li>\n<li data-start=\"614\" data-end=\"710\">\n<p data-start=\"616\" data-end=\"710\">Bei kleinen Flecken lauwarmes Wasser mit etwas Neutralseife (z. B. Wollshampoo oder Seifenflocken) verwenden.<\/p>\n<\/li>\n<li data-start=\"711\" data-end=\"781\">\n<p data-start=\"713\" data-end=\"781\">Vermeiden Sie chemische Reiniger, da diese die Farben der Pflanzen zerst\u00f6ren k\u00f6nnen.<\/p>\n<\/li>\n<\/ul>\n<hr data-start=\"783\" data-end=\"786\" \/>\n<h2 data-start=\"788\" data-end=\"814\"><strong data-start=\"794\" data-end=\"814\">Gr\u00fcndlichere Reinigung<\/strong><\/h2>\n<ul data-start=\"815\" data-end=\"1109\">\n<li data-start=\"815\" data-end=\"971\">\n<p data-start=\"817\" data-end=\"971\">Reinigen Sie den Teppich schonend in <strong data-start=\"840\" data-end=\"854\">kaltes Wasser<\/strong> Bei Bedarf mit milder Wollseife behandeln. Liegend im Schatten trocknen lassen \u2013 niemals in der direkten Sonne (die Farben k\u00f6nnen ausbleichen).<\/p>\n<\/li>\n<li data-start=\"972\" data-end=\"1109\">\n<p data-start=\"974\" data-end=\"1109\">Eine professionelle Reinigung wird nur Personen empfohlen, die Erfahrung mit echten marokkanischen Berberteppichen haben \u2013 eine regelm\u00e4\u00dfige Teppichreinigung kann die Wolle und die Farben ruinieren.<\/p>\n<\/li>\n<\/ul>\n\n\t\t<\/div>\n\t<\/div>\n<\/div><\/div><\/div><div class=\"wpb_column vc_column_container vc_col-sm-4\"><div class=\"vc_column-inner\"><div class=\"wpb_wrapper\"><h3 style=\"text-align: left\" class=\"vc_custom_heading vc_do_custom_heading\" >Die Geschichte hinter Taznakt-Teppichen<\/h3>\n\t<div class=\"wpb_text_column wpb_content_element\" >\n\t\t<div class=\"wpb_wrapper\">\n\t\t\t<h2 data-start=\"157\" data-end=\"199\"><strong data-start=\"163\" data-end=\"197\">Der Ursprung der Taznakht-Teppiche<\/strong><\/h2>\n<ul data-start=\"200\" data-end=\"663\">\n<li data-start=\"200\" data-end=\"319\">\n<p data-start=\"202\" data-end=\"319\"><strong data-start=\"202\" data-end=\"215\">Geographie:<\/strong> Taznakht liegt in <strong data-start=\"234\" data-end=\"253\">S\u00fcdmarokko<\/strong>, zwischen Ouarzazate und der Sahara, am Fu\u00dfe des Antiatlasgebirges.<\/p>\n<\/li>\n<li data-start=\"320\" data-end=\"535\">\n<p data-start=\"322\" data-end=\"535\"><strong data-start=\"322\" data-end=\"335\">Geschichte:<\/strong> Die Gegend ist seit Jahrhunderten ein wichtiges Zentrum der Weberei, wo Berberfrauen Teppiche herstellen, die mehrere Webtechniken kombinieren: <strong data-start=\"464\" data-end=\"532\">Flachgewebe (Kelim), gekn\u00fcpfte Teppiche und stickereiartige Details<\/strong>.<\/p>\n<\/li>\n<li data-start=\"536\" data-end=\"663\">\n<p data-start=\"538\" data-end=\"663\"><strong data-start=\"538\" data-end=\"550\">St\u00e4mme:<\/strong> Die Teppiche sind verbunden mit <strong data-start=\"574\" data-end=\"601\">Stamm der A\u00eft Ouaouzguite<\/strong>, das f\u00fcr seine edlen und farbintensiven Teppiche bekannt ist.<\/p>\n<\/li>\n<\/ul>\n<hr data-start=\"665\" data-end=\"668\" \/>\n<h2 data-start=\"670\" data-end=\"719\"><strong data-start=\"676\" data-end=\"717\">Eigenschaften von Taznakht Vintage-Teppichen<\/strong><\/h2>\n<ul data-start=\"720\" data-end=\"1394\">\n<li data-start=\"720\" data-end=\"934\">\n<p data-start=\"722\" data-end=\"934\"><strong data-start=\"722\" data-end=\"733\">Farben:<\/strong> Nat\u00fcrliche Farbstoffe aus Pflanzen, Mineralien und Wurzeln \u2013 wie Safran (gelb), Henna (orange), Indigo (blau) und Granatapfelschale (rot) \u2013 sorgen f\u00fcr eine warme und intensive Farbpalette, die mit der Zeit wundersch\u00f6n verblasst.<\/p>\n<\/li>\n<li data-start=\"935\" data-end=\"1193\">\n<p data-start=\"937\" data-end=\"1046\"><strong data-start=\"937\" data-end=\"949\">Muster:<\/strong> Sehr detailliert und oft \u201eraffinierter\u201c als andere Berberteppiche. Typische Motive sind:<\/p>\n<ul data-start=\"1049\" data-end=\"1193\">\n<li data-start=\"1049\" data-end=\"1084\">\n<p data-start=\"1051\" data-end=\"1084\">Wiederholt <strong data-start=\"1060\" data-end=\"1082\">Rauten und Sterne<\/strong><\/p>\n<\/li>\n<li data-start=\"1087\" data-end=\"1141\">\n<p data-start=\"1089\" data-end=\"1141\"><strong data-start=\"1089\" data-end=\"1108\">Stammessymbole<\/strong> das vor dem b\u00f6sen Blick sch\u00fctzt<\/p>\n<\/li>\n<li data-start=\"1144\" data-end=\"1193\">\n<p data-start=\"1146\" data-end=\"1193\">Bord\u00fcren mit kleinen Mustern, die den Teppich einrahmen<\/p>\n<\/li>\n<\/ul>\n<\/li>\n<li data-start=\"1194\" data-end=\"1394\">\n<p data-start=\"1196\" data-end=\"1394\"><strong data-start=\"1196\" data-end=\"1207\">Technik:<\/strong> Taznakht ist besonders, weil die Teppiche oft kombinieren <strong data-start=\"1260\" data-end=\"1288\">drei Techniken in einer Decke<\/strong>: gekn\u00fcpfter Flor, Kelimoberfl\u00e4chen und stickerei\u00e4hnliche Muster. Dadurch sind sie komplexer als beispielsweise Beni Ourain.<\/p>\n<\/li>\n<\/ul>\n<hr data-start=\"1396\" data-end=\"1399\" \/>\n<h2 data-start=\"1401\" data-end=\"1432\"><strong data-start=\"1407\" data-end=\"1430\">Seltenheit und Wert<\/strong><\/h2>\n<ul data-start=\"1433\" data-end=\"2095\">\n<li data-start=\"1433\" data-end=\"1614\">\n<p data-start=\"1435\" data-end=\"1614\"><strong data-start=\"1435\" data-end=\"1462\">Vintage Taznakht Teppiche<\/strong> (aus den 1950er\u20131970er Jahren) sind heute sehr selten, da die Produktion damals auf kleine D\u00f6rfer beschr\u00e4nkt war und das Weben eines jeden Teppichs Monate dauern konnte.<\/p>\n<\/li>\n<li data-start=\"1615\" data-end=\"1788\">\n<p data-start=\"1617\" data-end=\"1788\">Im Gegensatz zu Beni Ouarain und Azilal, die in Massenproduktion f\u00fcr den Export hergestellt wurden, sind echte Taznakht-Teppiche <strong data-start=\"1725\" data-end=\"1746\">mehr Nische<\/strong> und sind daher auf dem Markt weniger verbreitet.<\/p>\n<\/li>\n<li data-start=\"1789\" data-end=\"1972\">\n<p data-start=\"1791\" data-end=\"1972\">Ihre besondere Kombination aus Webtechniken und satten Farben machen sie heute <strong data-start=\"1867\" data-end=\"1899\">begehrte Sammlerst\u00fccke<\/strong> \u2013 insbesondere jene Teppiche, die noch ihre urspr\u00fcnglichen Pflanzenfarben bewahrt haben.<\/p>\n<\/li>\n<li data-start=\"1973\" data-end=\"2095\">\n<p data-start=\"1975\" data-end=\"2095\">Viele Experten und Sammler betrachten Taznakht als eine der <strong data-start=\"2035\" data-end=\"2092\">anspruchsvollsten und kunstvollsten Teppiche aus Marokko<\/strong>.<\/p>\n<\/li>\n<\/ul>\n\n\t\t<\/div>\n\t<\/div>\n<\/div><\/div><\/div><\/div>\n<\/div>","protected":false},"excerpt":{"rendered":"<p data-start=\"0\" data-end=\"83\">Dies ist ein wirklich sch\u00f6ner und ruhiger Vintage-Teppich aus der Region Taznakht \ud83c\udf3f<\/p>\n<p data-start=\"106\" data-end=\"255\">Der Teppich wurde von Berberfrauen im Antiatlasgebirge rund um Taznakht aus 100%-Wolle handgewebt \u2013 einer Gegend, die f\u00fcr ihre farbenfrohen und symboltr\u00e4chtigen Teppiche bekannt ist.<\/p>\n<p data-start=\"257\" data-end=\"548\">Dieses St\u00fcck besticht durch sein schlichtes, elegantes Design mit drei gro\u00dfen Rauten in der Mitte \u2013 einem klassischen Berbersymbol f\u00fcr Schutz und den Kreislauf des Lebens \u2013 umgeben von einem Rahmen in staubigen T\u00fcrkist\u00f6nen. Die Grundfarbe ist ein warmer, verblasster Rosa-\/Beigeton, der dem Teppich einen sanften und ausgewogenen Charakter verleiht.<\/p>\n<p data-start=\"550\" data-end=\"710\">Die Farben sind mit der Zeit auf nat\u00fcrliche Weise verblasst und haben eine einzigartige Patina gebildet \u2013 eine echte Eigenschaft von Vintage-Teppichen aus Taznakht, die jedes St\u00fcck zu etwas ganz Besonderem macht.<\/p>\n<p data-start=\"712\" data-end=\"872\">Mit seiner Mischung aus warmen Erdt\u00f6nen und k\u00fchlem T\u00fcrkis passt der Teppich perfekt sowohl in moderne, nordische H\u00e4user als auch in farbenfrohere, vom Boh\u00e8me-Stil inspirierte Innenr\u00e4ume.<\/p>\n<p data-start=\"712\" data-end=\"872\">ANIR bedeutet auf Berberisch Traum und passt gut zum sanften, poetischen Ausdruck des Teppichs. Der Teppich misst 190 x 320 cm und passt wunderbar unter einen Esstisch, in eine Sofaecke oder in die Mitte eines Raumes.<\/p>","protected":false},"featured_media":39422,"template":"","meta":{"inline_featured_image":false},"product_brand":[],"product_cat":[143,59],"product_tag":[],"class_list":{"0":"post-39418","1":"product","2":"type-product","3":"status-publish","4":"has-post-thumbnail","6":"product_cat-berbertaepper","7":"product_cat-marokkanske-taepper","9":"first","10":"instock","11":"taxable","12":"shipping-taxable","13":"purchasable","14":"product-type-simple"},"exclude_global_add_ons":[],"addons":[],"yoast_head":"<!-- This site is optimized with the Yoast SEO plugin v27.5 - https:\/\/yoast.com\/product\/yoast-seo-wordpress\/ -->\n<title>Berbert\u00e6ppe | Marokkansk t\u00e6ppe | Kig her lige nu!<\/title>\n<meta name=\"description\" content=\"Unikt vintage Beni Mguild t\u00e6ppe 167x246 cm. H\u00e5ndv\u00e6vet i Marokko af 100% uld med klassisk diamantm\u00f8nster og smuk patina. Kun \u00e9t eksemplar.\" \/>\n<meta name=\"robots\" content=\"index, follow, max-snippet:-1, max-image-preview:large, max-video-preview:-1\" \/>\n<link rel=\"canonical\" href=\"https:\/\/tibladin.dk\/de\/produkt\/berber-teppich-vintage-190x320-cm-anir\/\" \/>\n<meta property=\"og:locale\" content=\"de_DE\" \/>\n<meta property=\"og:type\" content=\"article\" \/>\n<meta property=\"og:title\" content=\"Berbert\u00e6ppe | Marokkansk t\u00e6ppe | Kig her lige nu!\" \/>\n<meta property=\"og:description\" content=\"Unikt vintage Beni Mguild t\u00e6ppe 167x246 cm. H\u00e5ndv\u00e6vet i Marokko af 100% uld med klassisk diamantm\u00f8nster og smuk patina. Kun \u00e9t eksemplar.\" \/>\n<meta property=\"og:url\" content=\"https:\/\/tibladin.dk\/de\/produkt\/berber-teppich-vintage-190x320-cm-anir\/\" \/>\n<meta property=\"og:site_name\" content=\"Tibladin\" \/>\n<meta property=\"article:modified_time\" content=\"2026-02-06T17:48:37+00:00\" \/>\n<meta property=\"og:image\" content=\"https:\/\/tibladin.dk\/wp-content\/uploads\/2025\/08\/vintage-taeppe_ANIR_5.jpg\" \/>\n\t<meta property=\"og:image:width\" content=\"800\" \/>\n\t<meta property=\"og:image:height\" content=\"800\" \/>\n\t<meta property=\"og:image:type\" content=\"image\/jpeg\" \/>\n<meta name=\"twitter:card\" content=\"summary_large_image\" \/>\n<meta name=\"twitter:label1\" content=\"Gesch\u00e4tzte Lesezeit\" \/>\n\t<meta name=\"twitter:data1\" content=\"3\u00a0Minuten\" \/>\n<script type=\"application\/ld+json\" class=\"yoast-schema-graph\">{\"@context\":\"https:\\\/\\\/schema.org\",\"@graph\":[{\"@type\":\"WebPage\",\"@id\":\"https:\\\/\\\/tibladin.dk\\\/produkt\\\/berbertaeppe-vintage-190x320-cm-anir\\\/\",\"url\":\"https:\\\/\\\/tibladin.dk\\\/produkt\\\/berbertaeppe-vintage-190x320-cm-anir\\\/\",\"name\":\"Berbert\u00e6ppe | Marokkansk t\u00e6ppe | Kig her lige nu!\",\"isPartOf\":{\"@id\":\"https:\\\/\\\/tibladin.dk\\\/#website\"},\"primaryImageOfPage\":{\"@id\":\"https:\\\/\\\/tibladin.dk\\\/produkt\\\/berbertaeppe-vintage-190x320-cm-anir\\\/#primaryimage\"},\"image\":{\"@id\":\"https:\\\/\\\/tibladin.dk\\\/produkt\\\/berbertaeppe-vintage-190x320-cm-anir\\\/#primaryimage\"},\"thumbnailUrl\":\"https:\\\/\\\/tibladin.dk\\\/wp-content\\\/uploads\\\/2025\\\/08\\\/vintage-taeppe_ANIR_5.jpg\",\"datePublished\":\"2025-08-30T11:28:35+00:00\",\"dateModified\":\"2026-02-06T17:48:37+00:00\",\"description\":\"Unikt vintage Beni Mguild t\u00e6ppe 167x246 cm. H\u00e5ndv\u00e6vet i Marokko af 100% uld med klassisk diamantm\u00f8nster og smuk patina. Kun \u00e9t eksemplar.\",\"breadcrumb\":{\"@id\":\"https:\\\/\\\/tibladin.dk\\\/produkt\\\/berbertaeppe-vintage-190x320-cm-anir\\\/#breadcrumb\"},\"inLanguage\":\"de\",\"potentialAction\":[{\"@type\":\"ReadAction\",\"target\":[\"https:\\\/\\\/tibladin.dk\\\/produkt\\\/berbertaeppe-vintage-190x320-cm-anir\\\/\"]}]},{\"@type\":\"ImageObject\",\"inLanguage\":\"de\",\"@id\":\"https:\\\/\\\/tibladin.dk\\\/produkt\\\/berbertaeppe-vintage-190x320-cm-anir\\\/#primaryimage\",\"url\":\"https:\\\/\\\/tibladin.dk\\\/wp-content\\\/uploads\\\/2025\\\/08\\\/vintage-taeppe_ANIR_5.jpg\",\"contentUrl\":\"https:\\\/\\\/tibladin.dk\\\/wp-content\\\/uploads\\\/2025\\\/08\\\/vintage-taeppe_ANIR_5.jpg\",\"width\":800,\"height\":800,\"caption\":\"vintage t\u00e6ppe_ANIR\"},{\"@type\":\"BreadcrumbList\",\"@id\":\"https:\\\/\\\/tibladin.dk\\\/produkt\\\/berbertaeppe-vintage-190x320-cm-anir\\\/#breadcrumb\",\"itemListElement\":[{\"@type\":\"ListItem\",\"position\":1,\"name\":\"Hjem\",\"item\":\"https:\\\/\\\/tibladin.dk\\\/\"},{\"@type\":\"ListItem\",\"position\":2,\"name\":\"Shop\",\"item\":\"https:\\\/\\\/tibladin.dk\\\/shop\\\/\"},{\"@type\":\"ListItem\",\"position\":3,\"name\":\"Berbert\u00e6ppe vintage 190&#215;320 cm. ANIR\"}]},{\"@type\":\"WebSite\",\"@id\":\"https:\\\/\\\/tibladin.dk\\\/#website\",\"url\":\"https:\\\/\\\/tibladin.dk\\\/\",\"name\":\"Tibladin\",\"description\":\"Tibladin\",\"publisher\":{\"@id\":\"https:\\\/\\\/tibladin.dk\\\/#organization\"},\"potentialAction\":[{\"@type\":\"SearchAction\",\"target\":{\"@type\":\"EntryPoint\",\"urlTemplate\":\"https:\\\/\\\/tibladin.dk\\\/?s={search_term_string}\"},\"query-input\":{\"@type\":\"PropertyValueSpecification\",\"valueRequired\":true,\"valueName\":\"search_term_string\"}}],\"inLanguage\":\"de\"},{\"@type\":\"Organization\",\"@id\":\"https:\\\/\\\/tibladin.dk\\\/#organization\",\"name\":\"Tibladin\",\"url\":\"https:\\\/\\\/tibladin.dk\\\/\",\"logo\":{\"@type\":\"ImageObject\",\"inLanguage\":\"de\",\"@id\":\"https:\\\/\\\/tibladin.dk\\\/#\\\/schema\\\/logo\\\/image\\\/\",\"url\":\"https:\\\/\\\/tibladin.dk\\\/wp-content\\\/uploads\\\/2022\\\/09\\\/tibladin_logo.svg\",\"contentUrl\":\"https:\\\/\\\/tibladin.dk\\\/wp-content\\\/uploads\\\/2022\\\/09\\\/tibladin_logo.svg\",\"caption\":\"Tibladin\"},\"image\":{\"@id\":\"https:\\\/\\\/tibladin.dk\\\/#\\\/schema\\\/logo\\\/image\\\/\"}}]}<\/script>\n<!-- \/ Yoast SEO plugin. -->","yoast_head_json":{"title":"Berberteppich | Marokkanischer Teppich | Schauen Sie gleich hierher!","description":"Einzigartiger Vintage-Teppich von Beni Mguild, 167 x 246 cm. Handgewebt in Marokko aus 100%-Wolle mit klassischem Rautenmuster und wundersch\u00f6ner Patina. Nur ein Exemplar.","robots":{"index":"index","follow":"follow","max-snippet":"max-snippet:-1","max-image-preview":"max-image-preview:large","max-video-preview":"max-video-preview:-1"},"canonical":"https:\/\/tibladin.dk\/de\/produkt\/berber-teppich-vintage-190x320-cm-anir\/","og_locale":"de_DE","og_type":"article","og_title":"Berbert\u00e6ppe | Marokkansk t\u00e6ppe | Kig her lige nu!","og_description":"Unikt vintage Beni Mguild t\u00e6ppe 167x246 cm. H\u00e5ndv\u00e6vet i Marokko af 100% uld med klassisk diamantm\u00f8nster og smuk patina. Kun \u00e9t eksemplar.","og_url":"https:\/\/tibladin.dk\/de\/produkt\/berber-teppich-vintage-190x320-cm-anir\/","og_site_name":"Tibladin","article_modified_time":"2026-02-06T17:48:37+00:00","og_image":[{"width":800,"height":800,"url":"https:\/\/tibladin.dk\/wp-content\/uploads\/2025\/08\/vintage-taeppe_ANIR_5.jpg","type":"image\/jpeg"}],"twitter_card":"summary_large_image","twitter_misc":{"Gesch\u00e4tzte Lesezeit":"3\u00a0Minuten"},"schema":{"@context":"https:\/\/schema.org","@graph":[{"@type":"WebPage","@id":"https:\/\/tibladin.dk\/produkt\/berbertaeppe-vintage-190x320-cm-anir\/","url":"https:\/\/tibladin.dk\/produkt\/berbertaeppe-vintage-190x320-cm-anir\/","name":"Berberteppich | Marokkanischer Teppich | Schauen Sie gleich hierher!","isPartOf":{"@id":"https:\/\/tibladin.dk\/#website"},"primaryImageOfPage":{"@id":"https:\/\/tibladin.dk\/produkt\/berbertaeppe-vintage-190x320-cm-anir\/#primaryimage"},"image":{"@id":"https:\/\/tibladin.dk\/produkt\/berbertaeppe-vintage-190x320-cm-anir\/#primaryimage"},"thumbnailUrl":"https:\/\/tibladin.dk\/wp-content\/uploads\/2025\/08\/vintage-taeppe_ANIR_5.jpg","datePublished":"2025-08-30T11:28:35+00:00","dateModified":"2026-02-06T17:48:37+00:00","description":"Einzigartiger Vintage-Teppich von Beni Mguild, 167 x 246 cm. Handgewebt in Marokko aus 100%-Wolle mit klassischem Rautenmuster und wundersch\u00f6ner Patina. Nur ein Exemplar.","breadcrumb":{"@id":"https:\/\/tibladin.dk\/produkt\/berbertaeppe-vintage-190x320-cm-anir\/#breadcrumb"},"inLanguage":"de","potentialAction":[{"@type":"ReadAction","target":["https:\/\/tibladin.dk\/produkt\/berbertaeppe-vintage-190x320-cm-anir\/"]}]},{"@type":"ImageObject","inLanguage":"de","@id":"https:\/\/tibladin.dk\/produkt\/berbertaeppe-vintage-190x320-cm-anir\/#primaryimage","url":"https:\/\/tibladin.dk\/wp-content\/uploads\/2025\/08\/vintage-taeppe_ANIR_5.jpg","contentUrl":"https:\/\/tibladin.dk\/wp-content\/uploads\/2025\/08\/vintage-taeppe_ANIR_5.jpg","width":800,"height":800,"caption":"vintage t\u00e6ppe_ANIR"},{"@type":"BreadcrumbList","@id":"https:\/\/tibladin.dk\/produkt\/berbertaeppe-vintage-190x320-cm-anir\/#breadcrumb","itemListElement":[{"@type":"ListItem","position":1,"name":"Hjem","item":"https:\/\/tibladin.dk\/"},{"@type":"ListItem","position":2,"name":"Shop","item":"https:\/\/tibladin.dk\/shop\/"},{"@type":"ListItem","position":3,"name":"Berbert\u00e6ppe vintage 190&#215;320 cm. ANIR"}]},{"@type":"WebSite","@id":"https:\/\/tibladin.dk\/#website","url":"https:\/\/tibladin.dk\/","name":"Tibladin","description":"Tibladin","publisher":{"@id":"https:\/\/tibladin.dk\/#organization"},"potentialAction":[{"@type":"SearchAction","target":{"@type":"EntryPoint","urlTemplate":"https:\/\/tibladin.dk\/?s={search_term_string}"},"query-input":{"@type":"PropertyValueSpecification","valueRequired":true,"valueName":"search_term_string"}}],"inLanguage":"de"},{"@type":"Organization","@id":"https:\/\/tibladin.dk\/#organization","name":"Tibladin","url":"https:\/\/tibladin.dk\/","logo":{"@type":"ImageObject","inLanguage":"de","@id":"https:\/\/tibladin.dk\/#\/schema\/logo\/image\/","url":"https:\/\/tibladin.dk\/wp-content\/uploads\/2022\/09\/tibladin_logo.svg","contentUrl":"https:\/\/tibladin.dk\/wp-content\/uploads\/2022\/09\/tibladin_logo.svg","caption":"Tibladin"},"image":{"@id":"https:\/\/tibladin.dk\/#\/schema\/logo\/image\/"}}]}},"_links":{"self":[{"href":"https:\/\/tibladin.dk\/de\/wp-json\/wp\/v2\/product\/39418","targetHints":{"allow":["GET"]}}],"collection":[{"href":"https:\/\/tibladin.dk\/de\/wp-json\/wp\/v2\/product"}],"about":[{"href":"https:\/\/tibladin.dk\/de\/wp-json\/wp\/v2\/types\/product"}],"wp:featuredmedia":[{"embeddable":true,"href":"https:\/\/tibladin.dk\/de\/wp-json\/wp\/v2\/media\/39422"}],"wp:attachment":[{"href":"https:\/\/tibladin.dk\/de\/wp-json\/wp\/v2\/media?parent=39418"}],"wp:term":[{"taxonomy":"product_brand","embeddable":true,"href":"https:\/\/tibladin.dk\/de\/wp-json\/wp\/v2\/product_brand?post=39418"},{"taxonomy":"product_cat","embeddable":true,"href":"https:\/\/tibladin.dk\/de\/wp-json\/wp\/v2\/product_cat?post=39418"},{"taxonomy":"product_tag","embeddable":true,"href":"https:\/\/tibladin.dk\/de\/wp-json\/wp\/v2\/product_tag?post=39418"}],"curies":[{"name":"wp","href":"https:\/\/api.w.org\/{rel}","templated":true}]}}