{"id":40196,"date":"2025-10-02T10:50:44","date_gmt":"2025-10-02T08:50:44","guid":{"rendered":"https:\/\/tibladin.dk\/?post_type=product&#038;p=40196"},"modified":"2026-01-25T17:49:44","modified_gmt":"2026-01-25T16:49:44","slug":"marokkanische-tajine-fur-22-cm","status":"publish","type":"product","link":"https:\/\/tibladin.dk\/de\/produkt\/marokkansk-tagine-til-22-cm\/","title":{"rendered":"Marokkanische Tajine f\u00fcr \u2013 22 cm"},"content":{"rendered":"<div class=\"wpb-content-wrapper\"><p>Es ist in drei praktischen Gr\u00f6\u00dfen erh\u00e4ltlich und die kleinste Version mit 22 cm ist perfekt f\u00fcr 1\u20132 Personen.<div class=\"vc_row wpb_row vc_row-fluid\"><div class=\"wpb_column vc_column_container vc_col-sm-4\"><div class=\"vc_column-inner\"><div class=\"wpb_wrapper\"><\/div><\/div><\/div><div class=\"wpb_column vc_column_container vc_col-sm-4\"><div class=\"vc_column-inner\"><div class=\"wpb_wrapper\"><h3 style=\"text-align: left\" class=\"vc_custom_heading vc_do_custom_heading\" >Wartung<\/h3>\n\t<div class=\"wpb_text_column wpb_content_element\" >\n\t\t<div class=\"wpb_wrapper\">\n\t\t\t<p>Lebensmittelzulassung<\/p>\n<p><br style=\"font-weight: 400;\" \/><br style=\"font-weight: 400;\" \/><\/p>\n\n\t\t<\/div>\n\t<\/div>\n<\/div><\/div><\/div><div class=\"wpb_column vc_column_container vc_col-sm-4\"><div class=\"vc_column-inner\"><div class=\"wpb_wrapper\"><h3 style=\"text-align: left\" class=\"vc_custom_heading vc_do_custom_heading\" >Die Geschichte dahinter<\/h3>\n\t<div class=\"wpb_text_column wpb_content_element\" >\n\t\t<div class=\"wpb_wrapper\">\n\t\t\t<p>Die Tajine ist ein ikonisches St\u00fcck marokkanischer Kultur und Handwerkskunst. Die kegelf\u00f6rmige Sch\u00fcssel wird traditionell zur Zubereitung langsam k\u00f6chelnder Gerichte \u2013 auch \u201eTajine\u201c genannt \u2013 verwendet. Diese Tajine sind speziell zum Servieren ausgew\u00e4hlt: Sie bringen W\u00e4rme, Farbe und authentische marokkanische Atmosph\u00e4re direkt auf Ihren Tisch. Alle Keramiken von Tibladin werden in Marokko handgefertigt.<\/p>\n\n\t\t<\/div>\n\t<\/div>\n<\/div><\/div><\/div><\/div>\n<\/div>","protected":false},"excerpt":{"rendered":"<h3 data-start=\"104\" data-end=\"134\"><strong data-start=\"108\" data-end=\"134\">Handgemachte marokkanische Tajine \u2013 zum Kochen<\/strong><\/h3>\n<p>Erleben Sie den authentischen Geschmack Marokkos mit unseren wundersch\u00f6nen, handgefertigten Tajines. Jede Tajine wird von erfahrenen marokkanischen Kunsthandwerkern geformt und dekoriert und aus nat\u00fcrlichem, zum Kochen zugelassenem Ton hergestellt. Die Tajine kann mit einer Konverterplatte direkt auf dem Herd verwendet oder auf Ihre Pfanne oder in den Ofen gestellt werden. So k\u00f6nnen Sie Gerichte auf traditionelle Weise zubereiten \u2013 langsam, saftig und voller Geschmack.<\/p>\n<p>Es gibt ihn in drei praktischen Gr\u00f6\u00dfen und die kleinste Variante mit 22 cm ist perfekt f\u00fcr 1\u20132 Personen.<\/p>\n<p>Tagines gibt es in verschiedenen Farben und Motiven, sodass Sie sowohl ein funktionales K\u00fcchenger\u00e4t als auch ein dekoratives St\u00fcck Handwerkskunst erhalten, das marokkanische Atmosph\u00e4re in Ihr Zuhause bringt.<\/p>\n<p>Mit einer Tajine erhalten Sie sowohl traditionelle \u00c4sthetik als auch eine neue Art des Kochens \u2013 ideal f\u00fcr Schmorgerichte, Gem\u00fcsegerichte, Fisch, Huhn oder Lamm.<\/p>\n<p>Rezepte finden Sie hier auf Tibladins Blog: <a href=\"https:\/\/tibladin.dk\/de\/kategorie\/rezepte\/\">https:\/\/tibladin.dk\/kategori\/opskrifter\/\u00a0<\/a><\/p>\n<p>Oder kaufen Sie das tolle Rezeptbuch Mother&#039;s Moroccan Food:\u00a0<a href=\"https:\/\/tibladin.dk\/de\/produkt\/buch-mutters-marokkanisches-essen\/\">https:\/\/tibladin.dk\/produkt\/bog-mors-marokkanske-mad\/<\/a><\/p>","protected":false},"featured_media":40037,"template":"","meta":{"inline_featured_image":false},"product_brand":[],"product_cat":[175,139,157],"product_tag":[],"class_list":{"0":"post-40196","1":"product","2":"type-product","3":"status-publish","4":"has-post-thumbnail","6":"product_cat-driverse-marokkansk-keramik","7":"product_cat-marokkansk-keramik","8":"product_cat-tagines","10":"first","11":"outofstock","12":"taxable","13":"shipping-taxable","14":"purchasable","15":"product-type-variable"},"exclude_global_add_ons":false,"addons":[{"name":"M\u00f6chten Sie eine Geschenkverpackung?","type":"checkbox","position":0,"required":false,"title_format":"label","default":"","description_enable":false,"description":"","placeholder_enable":false,"placeholder":"","display":"images","restrictions_type":"any_text","adjust_price":false,"price":"","price_type":"flat_fee","restrictions":false,"min":"0","max":"0","options":[{"label":"Ja tak","price":"10","price_type":"flat_fee","image":11015,"visibility":true}],"id":1669646111}],"yoast_head":"<!-- This site is optimized with the Yoast SEO plugin v27.6 - https:\/\/yoast.com\/product\/yoast-seo-wordpress\/ -->\n<title>Marokkansk tagine | H\u00e5ndlavet i Marokko | Tibladin<\/title>\n<meta name=\"description\" content=\"Smuk tagines findes i forskellige farver og motiver. Taginen er til tilberedning og kan bruges direkte p\u00e5 komfuret eller i ovnen.\" \/>\n<meta name=\"robots\" content=\"index, follow, max-snippet:-1, max-image-preview:large, max-video-preview:-1\" \/>\n<link rel=\"canonical\" href=\"https:\/\/tibladin.dk\/de\/produkt\/marokkanische-tajine-fur-22-cm\/\" \/>\n<meta property=\"og:locale\" content=\"de_DE\" \/>\n<meta property=\"og:type\" content=\"article\" \/>\n<meta property=\"og:title\" content=\"Marokkansk tagine | H\u00e5ndlavet i Marokko | Tibladin\" \/>\n<meta property=\"og:description\" content=\"Smuk tagines findes i forskellige farver og motiver. Taginen er til tilberedning og kan bruges direkte p\u00e5 komfuret eller i ovnen.\" \/>\n<meta property=\"og:url\" content=\"https:\/\/tibladin.dk\/de\/produkt\/marokkanische-tajine-fur-22-cm\/\" \/>\n<meta property=\"og:site_name\" content=\"Tibladin\" \/>\n<meta property=\"article:modified_time\" content=\"2026-01-25T16:49:44+00:00\" \/>\n<meta property=\"og:image\" content=\"https:\/\/tibladin.dk\/wp-content\/uploads\/2025\/10\/Tagine_S_3.jpg\" \/>\n\t<meta property=\"og:image:width\" content=\"800\" \/>\n\t<meta property=\"og:image:height\" content=\"800\" \/>\n\t<meta property=\"og:image:type\" content=\"image\/jpeg\" \/>\n<meta name=\"twitter:card\" content=\"summary_large_image\" \/>\n<meta name=\"twitter:label1\" content=\"Gesch\u00e4tzte Lesezeit\" \/>\n\t<meta name=\"twitter:data1\" content=\"2\u00a0Minuten\" \/>\n<script type=\"application\/ld+json\" class=\"yoast-schema-graph\">{\"@context\":\"https:\\\/\\\/schema.org\",\"@graph\":[{\"@type\":\"WebPage\",\"@id\":\"https:\\\/\\\/tibladin.dk\\\/produkt\\\/marokkansk-tagine-til-22-cm\\\/\",\"url\":\"https:\\\/\\\/tibladin.dk\\\/produkt\\\/marokkansk-tagine-til-22-cm\\\/\",\"name\":\"Marokkansk tagine | H\u00e5ndlavet i Marokko | Tibladin\",\"isPartOf\":{\"@id\":\"https:\\\/\\\/tibladin.dk\\\/#website\"},\"primaryImageOfPage\":{\"@id\":\"https:\\\/\\\/tibladin.dk\\\/produkt\\\/marokkansk-tagine-til-22-cm\\\/#primaryimage\"},\"image\":{\"@id\":\"https:\\\/\\\/tibladin.dk\\\/produkt\\\/marokkansk-tagine-til-22-cm\\\/#primaryimage\"},\"thumbnailUrl\":\"https:\\\/\\\/tibladin.dk\\\/wp-content\\\/uploads\\\/2025\\\/10\\\/Tagine_S_3.jpg\",\"datePublished\":\"2025-10-02T08:50:44+00:00\",\"dateModified\":\"2026-01-25T16:49:44+00:00\",\"description\":\"Smuk tagines findes i forskellige farver og motiver. Taginen er til tilberedning og kan bruges direkte p\u00e5 komfuret eller i ovnen.\",\"breadcrumb\":{\"@id\":\"https:\\\/\\\/tibladin.dk\\\/produkt\\\/marokkansk-tagine-til-22-cm\\\/#breadcrumb\"},\"inLanguage\":\"de\",\"potentialAction\":[{\"@type\":\"ReadAction\",\"target\":[\"https:\\\/\\\/tibladin.dk\\\/produkt\\\/marokkansk-tagine-til-22-cm\\\/\"]}]},{\"@type\":\"ImageObject\",\"inLanguage\":\"de\",\"@id\":\"https:\\\/\\\/tibladin.dk\\\/produkt\\\/marokkansk-tagine-til-22-cm\\\/#primaryimage\",\"url\":\"https:\\\/\\\/tibladin.dk\\\/wp-content\\\/uploads\\\/2025\\\/10\\\/Tagine_S_3.jpg\",\"contentUrl\":\"https:\\\/\\\/tibladin.dk\\\/wp-content\\\/uploads\\\/2025\\\/10\\\/Tagine_S_3.jpg\",\"width\":800,\"height\":800,\"caption\":\"Tagine_S_3\"},{\"@type\":\"BreadcrumbList\",\"@id\":\"https:\\\/\\\/tibladin.dk\\\/produkt\\\/marokkansk-tagine-til-22-cm\\\/#breadcrumb\",\"itemListElement\":[{\"@type\":\"ListItem\",\"position\":1,\"name\":\"Hjem\",\"item\":\"https:\\\/\\\/tibladin.dk\\\/\"},{\"@type\":\"ListItem\",\"position\":2,\"name\":\"Shop\",\"item\":\"https:\\\/\\\/tibladin.dk\\\/shop\\\/\"},{\"@type\":\"ListItem\",\"position\":3,\"name\":\"Marokkansk tagine til \u2013 22 cm\"}]},{\"@type\":\"WebSite\",\"@id\":\"https:\\\/\\\/tibladin.dk\\\/#website\",\"url\":\"https:\\\/\\\/tibladin.dk\\\/\",\"name\":\"Tibladin\",\"description\":\"Tibladin\",\"publisher\":{\"@id\":\"https:\\\/\\\/tibladin.dk\\\/#organization\"},\"potentialAction\":[{\"@type\":\"SearchAction\",\"target\":{\"@type\":\"EntryPoint\",\"urlTemplate\":\"https:\\\/\\\/tibladin.dk\\\/?s={search_term_string}\"},\"query-input\":{\"@type\":\"PropertyValueSpecification\",\"valueRequired\":true,\"valueName\":\"search_term_string\"}}],\"inLanguage\":\"de\"},{\"@type\":\"Organization\",\"@id\":\"https:\\\/\\\/tibladin.dk\\\/#organization\",\"name\":\"Tibladin\",\"url\":\"https:\\\/\\\/tibladin.dk\\\/\",\"logo\":{\"@type\":\"ImageObject\",\"inLanguage\":\"de\",\"@id\":\"https:\\\/\\\/tibladin.dk\\\/#\\\/schema\\\/logo\\\/image\\\/\",\"url\":\"https:\\\/\\\/tibladin.dk\\\/wp-content\\\/uploads\\\/2022\\\/09\\\/tibladin_logo.svg\",\"contentUrl\":\"https:\\\/\\\/tibladin.dk\\\/wp-content\\\/uploads\\\/2022\\\/09\\\/tibladin_logo.svg\",\"caption\":\"Tibladin\"},\"image\":{\"@id\":\"https:\\\/\\\/tibladin.dk\\\/#\\\/schema\\\/logo\\\/image\\\/\"}}]}<\/script>\n<!-- \/ Yoast SEO plugin. -->","yoast_head_json":{"title":"Marokkanische Tajine | Handgefertigt in Marokko | Tibladin","description":"Sch\u00f6ne Tajine gibt es in verschiedenen Farben und Designs. Die Tajine dient zum Kochen und kann direkt auf dem Herd oder im Backofen verwendet werden.","robots":{"index":"index","follow":"follow","max-snippet":"max-snippet:-1","max-image-preview":"max-image-preview:large","max-video-preview":"max-video-preview:-1"},"canonical":"https:\/\/tibladin.dk\/de\/produkt\/marokkanische-tajine-fur-22-cm\/","og_locale":"de_DE","og_type":"article","og_title":"Marokkansk tagine | H\u00e5ndlavet i Marokko | Tibladin","og_description":"Smuk tagines findes i forskellige farver og motiver. Taginen er til tilberedning og kan bruges direkte p\u00e5 komfuret eller i ovnen.","og_url":"https:\/\/tibladin.dk\/de\/produkt\/marokkanische-tajine-fur-22-cm\/","og_site_name":"Tibladin","article_modified_time":"2026-01-25T16:49:44+00:00","og_image":[{"width":800,"height":800,"url":"https:\/\/tibladin.dk\/wp-content\/uploads\/2025\/10\/Tagine_S_3.jpg","type":"image\/jpeg"}],"twitter_card":"summary_large_image","twitter_misc":{"Gesch\u00e4tzte Lesezeit":"2\u00a0Minuten"},"schema":{"@context":"https:\/\/schema.org","@graph":[{"@type":"WebPage","@id":"https:\/\/tibladin.dk\/produkt\/marokkansk-tagine-til-22-cm\/","url":"https:\/\/tibladin.dk\/produkt\/marokkansk-tagine-til-22-cm\/","name":"Marokkanische Tajine | Handgefertigt in Marokko | Tibladin","isPartOf":{"@id":"https:\/\/tibladin.dk\/#website"},"primaryImageOfPage":{"@id":"https:\/\/tibladin.dk\/produkt\/marokkansk-tagine-til-22-cm\/#primaryimage"},"image":{"@id":"https:\/\/tibladin.dk\/produkt\/marokkansk-tagine-til-22-cm\/#primaryimage"},"thumbnailUrl":"https:\/\/tibladin.dk\/wp-content\/uploads\/2025\/10\/Tagine_S_3.jpg","datePublished":"2025-10-02T08:50:44+00:00","dateModified":"2026-01-25T16:49:44+00:00","description":"Sch\u00f6ne Tajine gibt es in verschiedenen Farben und Designs. Die Tajine dient zum Kochen und kann direkt auf dem Herd oder im Backofen verwendet werden.","breadcrumb":{"@id":"https:\/\/tibladin.dk\/produkt\/marokkansk-tagine-til-22-cm\/#breadcrumb"},"inLanguage":"de","potentialAction":[{"@type":"ReadAction","target":["https:\/\/tibladin.dk\/produkt\/marokkansk-tagine-til-22-cm\/"]}]},{"@type":"ImageObject","inLanguage":"de","@id":"https:\/\/tibladin.dk\/produkt\/marokkansk-tagine-til-22-cm\/#primaryimage","url":"https:\/\/tibladin.dk\/wp-content\/uploads\/2025\/10\/Tagine_S_3.jpg","contentUrl":"https:\/\/tibladin.dk\/wp-content\/uploads\/2025\/10\/Tagine_S_3.jpg","width":800,"height":800,"caption":"Tagine_S_3"},{"@type":"BreadcrumbList","@id":"https:\/\/tibladin.dk\/produkt\/marokkansk-tagine-til-22-cm\/#breadcrumb","itemListElement":[{"@type":"ListItem","position":1,"name":"Hjem","item":"https:\/\/tibladin.dk\/"},{"@type":"ListItem","position":2,"name":"Shop","item":"https:\/\/tibladin.dk\/shop\/"},{"@type":"ListItem","position":3,"name":"Marokkansk tagine til \u2013 22 cm"}]},{"@type":"WebSite","@id":"https:\/\/tibladin.dk\/#website","url":"https:\/\/tibladin.dk\/","name":"Tibladin","description":"Tibladin","publisher":{"@id":"https:\/\/tibladin.dk\/#organization"},"potentialAction":[{"@type":"SearchAction","target":{"@type":"EntryPoint","urlTemplate":"https:\/\/tibladin.dk\/?s={search_term_string}"},"query-input":{"@type":"PropertyValueSpecification","valueRequired":true,"valueName":"search_term_string"}}],"inLanguage":"de"},{"@type":"Organization","@id":"https:\/\/tibladin.dk\/#organization","name":"Tibladin","url":"https:\/\/tibladin.dk\/","logo":{"@type":"ImageObject","inLanguage":"de","@id":"https:\/\/tibladin.dk\/#\/schema\/logo\/image\/","url":"https:\/\/tibladin.dk\/wp-content\/uploads\/2022\/09\/tibladin_logo.svg","contentUrl":"https:\/\/tibladin.dk\/wp-content\/uploads\/2022\/09\/tibladin_logo.svg","caption":"Tibladin"},"image":{"@id":"https:\/\/tibladin.dk\/#\/schema\/logo\/image\/"}}]}},"_links":{"self":[{"href":"https:\/\/tibladin.dk\/de\/wp-json\/wp\/v2\/product\/40196","targetHints":{"allow":["GET"]}}],"collection":[{"href":"https:\/\/tibladin.dk\/de\/wp-json\/wp\/v2\/product"}],"about":[{"href":"https:\/\/tibladin.dk\/de\/wp-json\/wp\/v2\/types\/product"}],"wp:featuredmedia":[{"embeddable":true,"href":"https:\/\/tibladin.dk\/de\/wp-json\/wp\/v2\/media\/40037"}],"wp:attachment":[{"href":"https:\/\/tibladin.dk\/de\/wp-json\/wp\/v2\/media?parent=40196"}],"wp:term":[{"taxonomy":"product_brand","embeddable":true,"href":"https:\/\/tibladin.dk\/de\/wp-json\/wp\/v2\/product_brand?post=40196"},{"taxonomy":"product_cat","embeddable":true,"href":"https:\/\/tibladin.dk\/de\/wp-json\/wp\/v2\/product_cat?post=40196"},{"taxonomy":"product_tag","embeddable":true,"href":"https:\/\/tibladin.dk\/de\/wp-json\/wp\/v2\/product_tag?post=40196"}],"curies":[{"name":"wp","href":"https:\/\/api.w.org\/{rel}","templated":true}]}}