{"id":40326,"date":"2025-10-03T13:22:16","date_gmt":"2025-10-03T11:22:16","guid":{"rendered":"https:\/\/tibladin.dk\/?post_type=product&#038;p=40326"},"modified":"2025-10-03T13:31:16","modified_gmt":"2025-10-03T11:31:16","slug":"marokkanische-hakellampe-beige-sahara-light","status":"publish","type":"product","link":"https:\/\/tibladin.dk\/de\/produkt\/marokkanske-haeklet-lampe-beige-sahara-light\/","title":{"rendered":"Marokkanische H\u00e4kellampe \u2013 BEIGE \u2013 SAHARA LIGHT"},"content":{"rendered":"<div class=\"wpb-content-wrapper\"><div class=\"vc_row wpb_row vc_row-fluid\"><div class=\"wpb_column vc_column_container vc_col-sm-4\"><div class=\"vc_column-inner\"><div class=\"wpb_wrapper\"><\/div><\/div><\/div><div class=\"wpb_column vc_column_container vc_col-sm-4\"><div class=\"vc_column-inner\"><div class=\"wpb_wrapper\"><h3 style=\"text-align: left\" class=\"vc_custom_heading vc_do_custom_heading\" >Wartung<\/h3>\n\t<div class=\"wpb_text_column wpb_content_element\" >\n\t\t<div class=\"wpb_wrapper\">\n\t\t\t<p>Regelm\u00e4\u00dfig mit einem Staubwedel abstauben\/reinigen.<\/p>\n<p>Alternativ k\u00f6nnen Sie auch eine Fusselrolle oder einen Handstaubsauger mit Polsterd\u00fcse verwenden. Alternativ k\u00f6nnen Sie die M\u00f6bel auch mit einem leicht feuchten Tuch abwischen, nachdem Sie den Staub mit einer der oben genannten Methoden entfernt haben.<\/p>\n<p>Die Lampen sind handgefertigt und weisen kleine Unvollkommenheiten sowie kleine Unterschiede in Form und Muster auf.<\/p>\n\n\t\t<\/div>\n\t<\/div>\n<\/div><\/div><\/div><div class=\"wpb_column vc_column_container vc_col-sm-4\"><div class=\"vc_column-inner\"><div class=\"wpb_wrapper\"><h3 style=\"text-align: left\" class=\"vc_custom_heading vc_do_custom_heading\" >Die Geschichte dahinter<\/h3>\n\t<div class=\"wpb_text_column wpb_content_element\" >\n\t\t<div class=\"wpb_wrapper\">\n\t\t\t<p>Die Lampen werden von Frauen in einer Frauenkooperative s\u00fcdlich von Marrakesch handgefertigt.<\/p>\n<p>Die Frauenkooperative besch\u00e4ftigt 160 Frauen und tr\u00e4gt so dazu bei, den Lebensstandard vieler Familien in dem kleinen Dorf zu verbessern. F\u00fcr die Kinder der Frauen wurden eine Schule und ein Kindergarten eingerichtet, damit die Kinder eine Ausbildung erhalten und einer Besch\u00e4ftigung nachgehen k\u00f6nnen, w\u00e4hrend die M\u00fctter arbeiten. Es tr\u00e4gt zum Lebensstandard der vielen Familien in dem kleinen Dorf bei.<\/p>\n\n\t\t<\/div>\n\t<\/div>\n<\/div><\/div><\/div><\/div>\n<\/div>","protected":false},"excerpt":{"rendered":"<p><strong>SAHARA LIGHT in BEIGE \u00d840 cm.H:90 cm<\/strong><\/p>\n<p>Sahara Light ist eine skulpturale Leuchte, die mit ihrem handgeh\u00e4kelten Muster und den sanften, sandfarbenen Farbt\u00f6nen an die ruhigen Linien und Formen der W\u00fcste erinnert. Die elegante, organische Silhouette erinnert an marokkanische Architekturkuppeln und traditionelle Ornamente \u2013 eine Mischung aus kulturellem Erbe und moderner Schlichtheit.<\/p>\n<p>Jede Lampe wird sorgf\u00e4ltig von Frauen einer marokkanischen Kooperative handgefertigt, die f\u00fcr ihre exquisite Handwerkskunst und Liebe zum Detail bekannt ist. Mit dem Kauf von Sahara Light unterst\u00fctzen Sie gleichzeitig die Lebensbedingungen von Frauen und schaffen Raum f\u00fcr Entwicklung und neue M\u00f6glichkeiten in Marokko.<\/p>\n<p>Die Leuchte verbreitet ein warmes, angenehmes Licht, das Atmosph\u00e4re im Raum schafft \u2013 perfekt \u00fcber dem Esstisch, im Wohnzimmer oder als Statement-Piece im Flur.<\/p>\n<p>Die Qualit\u00e4t ist erstklassig, da wir nur mit den besten Materialien arbeiten und die Handarbeit die beste ihrer Art in Marokko ist.<\/p>\n<p data-start=\"632\" data-end=\"728\">\ud83d\udc49 Hinweis: Fassung und Kabel nicht im Lieferumfang enthalten \u2013 der Bildschirm wird einfach an einer vorhandenen Fassung befestigt.<\/p>\n<p>&nbsp;<\/p>\n<p>&nbsp;<\/p>\n<p>&nbsp;<\/p>","protected":false},"featured_media":40180,"template":"","meta":{"inline_featured_image":false},"product_brand":[],"product_cat":[177,67],"product_tag":[],"class_list":{"0":"post-40326","1":"product","2":"type-product","3":"status-publish","4":"has-post-thumbnail","6":"product_cat-haeklede-lamper","7":"product_cat-lamper","9":"first","10":"instock","11":"taxable","12":"shipping-taxable","13":"purchasable","14":"product-type-simple"},"exclude_global_add_ons":false,"addons":[{"name":"M\u00f6chten Sie eine Geschenkverpackung?","type":"checkbox","position":0,"required":false,"title_format":"label","default":"","description_enable":false,"description":"","placeholder_enable":false,"placeholder":"","display":"images","restrictions_type":"any_text","adjust_price":false,"price":"","price_type":"flat_fee","restrictions":false,"min":"0","max":"0","options":[{"label":"Ja tak","price":"10","price_type":"flat_fee","image":11015,"visibility":true}],"id":1669646111}],"yoast_head":"<!-- This site is optimized with the Yoast SEO plugin v27.4 - https:\/\/yoast.com\/product\/yoast-seo-wordpress\/ -->\n<title>Marokkansk h\u00e6klet pendel-lampe i viskose | H\u00e5ndlavet i Marrakech Tibladin<\/title>\n<meta name=\"description\" content=\"Flot marokkansk lampe h\u00e5ndh\u00e6klet i kvindekooperativ. Giver et hyggeligt og afslappet boheme look til din boligindretning \u21d2 Se den her!\" \/>\n<meta name=\"robots\" content=\"index, follow, max-snippet:-1, max-image-preview:large, max-video-preview:-1\" \/>\n<link rel=\"canonical\" href=\"https:\/\/tibladin.dk\/de\/produkt\/marokkanische-hakellampe-beige-sahara-light\/\" \/>\n<meta property=\"og:locale\" content=\"de_DE\" \/>\n<meta property=\"og:type\" content=\"article\" \/>\n<meta property=\"og:title\" content=\"Marokkansk h\u00e6klet pendel-lampe i viskose | H\u00e5ndlavet i Marrakech Tibladin\" \/>\n<meta property=\"og:description\" content=\"Flot marokkansk lampe h\u00e5ndh\u00e6klet i kvindekooperativ. Giver et hyggeligt og afslappet boheme look til din boligindretning \u21d2 Se den her!\" \/>\n<meta property=\"og:url\" content=\"https:\/\/tibladin.dk\/de\/produkt\/marokkanische-hakellampe-beige-sahara-light\/\" \/>\n<meta property=\"og:site_name\" content=\"Tibladin\" \/>\n<meta property=\"article:modified_time\" content=\"2025-10-03T11:31:16+00:00\" \/>\n<meta property=\"og:image\" content=\"https:\/\/tibladin.dk\/wp-content\/uploads\/2025\/10\/ATLAS-light-lampe_beige_1.jpg\" \/>\n\t<meta property=\"og:image:width\" content=\"800\" \/>\n\t<meta property=\"og:image:height\" content=\"800\" \/>\n\t<meta property=\"og:image:type\" content=\"image\/jpeg\" \/>\n<meta name=\"twitter:card\" content=\"summary_large_image\" \/>\n<meta name=\"twitter:label1\" content=\"Gesch\u00e4tzte Lesezeit\" \/>\n\t<meta name=\"twitter:data1\" content=\"2\u00a0Minuten\" \/>\n<script type=\"application\/ld+json\" class=\"yoast-schema-graph\">{\"@context\":\"https:\\\/\\\/schema.org\",\"@graph\":[{\"@type\":\"WebPage\",\"@id\":\"https:\\\/\\\/tibladin.dk\\\/produkt\\\/marokkanske-haeklet-lampe-beige-sahara-light\\\/\",\"url\":\"https:\\\/\\\/tibladin.dk\\\/produkt\\\/marokkanske-haeklet-lampe-beige-sahara-light\\\/\",\"name\":\"Marokkansk h\u00e6klet pendel-lampe i viskose | H\u00e5ndlavet i Marrakech Tibladin\",\"isPartOf\":{\"@id\":\"https:\\\/\\\/tibladin.dk\\\/#website\"},\"primaryImageOfPage\":{\"@id\":\"https:\\\/\\\/tibladin.dk\\\/produkt\\\/marokkanske-haeklet-lampe-beige-sahara-light\\\/#primaryimage\"},\"image\":{\"@id\":\"https:\\\/\\\/tibladin.dk\\\/produkt\\\/marokkanske-haeklet-lampe-beige-sahara-light\\\/#primaryimage\"},\"thumbnailUrl\":\"https:\\\/\\\/tibladin.dk\\\/wp-content\\\/uploads\\\/2025\\\/10\\\/ATLAS-light-lampe_beige_1.jpg\",\"datePublished\":\"2025-10-03T11:22:16+00:00\",\"dateModified\":\"2025-10-03T11:31:16+00:00\",\"description\":\"Flot marokkansk lampe h\u00e5ndh\u00e6klet i kvindekooperativ. Giver et hyggeligt og afslappet boheme look til din boligindretning \u21d2 Se den her!\",\"breadcrumb\":{\"@id\":\"https:\\\/\\\/tibladin.dk\\\/produkt\\\/marokkanske-haeklet-lampe-beige-sahara-light\\\/#breadcrumb\"},\"inLanguage\":\"de\",\"potentialAction\":[{\"@type\":\"ReadAction\",\"target\":[\"https:\\\/\\\/tibladin.dk\\\/produkt\\\/marokkanske-haeklet-lampe-beige-sahara-light\\\/\"]}]},{\"@type\":\"ImageObject\",\"inLanguage\":\"de\",\"@id\":\"https:\\\/\\\/tibladin.dk\\\/produkt\\\/marokkanske-haeklet-lampe-beige-sahara-light\\\/#primaryimage\",\"url\":\"https:\\\/\\\/tibladin.dk\\\/wp-content\\\/uploads\\\/2025\\\/10\\\/ATLAS-light-lampe_beige_1.jpg\",\"contentUrl\":\"https:\\\/\\\/tibladin.dk\\\/wp-content\\\/uploads\\\/2025\\\/10\\\/ATLAS-light-lampe_beige_1.jpg\",\"width\":800,\"height\":800},{\"@type\":\"BreadcrumbList\",\"@id\":\"https:\\\/\\\/tibladin.dk\\\/produkt\\\/marokkanske-haeklet-lampe-beige-sahara-light\\\/#breadcrumb\",\"itemListElement\":[{\"@type\":\"ListItem\",\"position\":1,\"name\":\"Hjem\",\"item\":\"https:\\\/\\\/tibladin.dk\\\/\"},{\"@type\":\"ListItem\",\"position\":2,\"name\":\"Shop\",\"item\":\"https:\\\/\\\/tibladin.dk\\\/shop\\\/\"},{\"@type\":\"ListItem\",\"position\":3,\"name\":\"Marokkanske h\u00e6klet lampe &#8211; BEIGE &#8211; SAHARA LIGHT\"}]},{\"@type\":\"WebSite\",\"@id\":\"https:\\\/\\\/tibladin.dk\\\/#website\",\"url\":\"https:\\\/\\\/tibladin.dk\\\/\",\"name\":\"Tibladin\",\"description\":\"Tibladin\",\"publisher\":{\"@id\":\"https:\\\/\\\/tibladin.dk\\\/#organization\"},\"potentialAction\":[{\"@type\":\"SearchAction\",\"target\":{\"@type\":\"EntryPoint\",\"urlTemplate\":\"https:\\\/\\\/tibladin.dk\\\/?s={search_term_string}\"},\"query-input\":{\"@type\":\"PropertyValueSpecification\",\"valueRequired\":true,\"valueName\":\"search_term_string\"}}],\"inLanguage\":\"de\"},{\"@type\":\"Organization\",\"@id\":\"https:\\\/\\\/tibladin.dk\\\/#organization\",\"name\":\"Tibladin\",\"url\":\"https:\\\/\\\/tibladin.dk\\\/\",\"logo\":{\"@type\":\"ImageObject\",\"inLanguage\":\"de\",\"@id\":\"https:\\\/\\\/tibladin.dk\\\/#\\\/schema\\\/logo\\\/image\\\/\",\"url\":\"https:\\\/\\\/tibladin.dk\\\/wp-content\\\/uploads\\\/2022\\\/09\\\/tibladin_logo.svg\",\"contentUrl\":\"https:\\\/\\\/tibladin.dk\\\/wp-content\\\/uploads\\\/2022\\\/09\\\/tibladin_logo.svg\",\"caption\":\"Tibladin\"},\"image\":{\"@id\":\"https:\\\/\\\/tibladin.dk\\\/#\\\/schema\\\/logo\\\/image\\\/\"}}]}<\/script>\n<!-- \/ Yoast SEO plugin. -->","yoast_head_json":{"title":"Marokkanische geh\u00e4kelte H\u00e4ngelampe aus Viskose | Handgefertigt in Marrakesch Tibladin","description":"Wundersch\u00f6ne marokkanische Lampe, handgeh\u00e4kelt in einer Frauenkooperative. Verleiht Ihrer Wohnkultur einen gem\u00fctlichen und entspannten Boh\u00e8me-Look \u21d2 Sehen Sie sie hier!","robots":{"index":"index","follow":"follow","max-snippet":"max-snippet:-1","max-image-preview":"max-image-preview:large","max-video-preview":"max-video-preview:-1"},"canonical":"https:\/\/tibladin.dk\/de\/produkt\/marokkanische-hakellampe-beige-sahara-light\/","og_locale":"de_DE","og_type":"article","og_title":"Marokkansk h\u00e6klet pendel-lampe i viskose | H\u00e5ndlavet i Marrakech Tibladin","og_description":"Flot marokkansk lampe h\u00e5ndh\u00e6klet i kvindekooperativ. Giver et hyggeligt og afslappet boheme look til din boligindretning \u21d2 Se den her!","og_url":"https:\/\/tibladin.dk\/de\/produkt\/marokkanische-hakellampe-beige-sahara-light\/","og_site_name":"Tibladin","article_modified_time":"2025-10-03T11:31:16+00:00","og_image":[{"width":800,"height":800,"url":"https:\/\/tibladin.dk\/wp-content\/uploads\/2025\/10\/ATLAS-light-lampe_beige_1.jpg","type":"image\/jpeg"}],"twitter_card":"summary_large_image","twitter_misc":{"Gesch\u00e4tzte Lesezeit":"2\u00a0Minuten"},"schema":{"@context":"https:\/\/schema.org","@graph":[{"@type":"WebPage","@id":"https:\/\/tibladin.dk\/produkt\/marokkanske-haeklet-lampe-beige-sahara-light\/","url":"https:\/\/tibladin.dk\/produkt\/marokkanske-haeklet-lampe-beige-sahara-light\/","name":"Marokkanische geh\u00e4kelte H\u00e4ngelampe aus Viskose | Handgefertigt in Marrakesch Tibladin","isPartOf":{"@id":"https:\/\/tibladin.dk\/#website"},"primaryImageOfPage":{"@id":"https:\/\/tibladin.dk\/produkt\/marokkanske-haeklet-lampe-beige-sahara-light\/#primaryimage"},"image":{"@id":"https:\/\/tibladin.dk\/produkt\/marokkanske-haeklet-lampe-beige-sahara-light\/#primaryimage"},"thumbnailUrl":"https:\/\/tibladin.dk\/wp-content\/uploads\/2025\/10\/ATLAS-light-lampe_beige_1.jpg","datePublished":"2025-10-03T11:22:16+00:00","dateModified":"2025-10-03T11:31:16+00:00","description":"Wundersch\u00f6ne marokkanische Lampe, handgeh\u00e4kelt in einer Frauenkooperative. Verleiht Ihrer Wohnkultur einen gem\u00fctlichen und entspannten Boh\u00e8me-Look \u21d2 Sehen Sie sie hier!","breadcrumb":{"@id":"https:\/\/tibladin.dk\/produkt\/marokkanske-haeklet-lampe-beige-sahara-light\/#breadcrumb"},"inLanguage":"de","potentialAction":[{"@type":"ReadAction","target":["https:\/\/tibladin.dk\/produkt\/marokkanske-haeklet-lampe-beige-sahara-light\/"]}]},{"@type":"ImageObject","inLanguage":"de","@id":"https:\/\/tibladin.dk\/produkt\/marokkanske-haeklet-lampe-beige-sahara-light\/#primaryimage","url":"https:\/\/tibladin.dk\/wp-content\/uploads\/2025\/10\/ATLAS-light-lampe_beige_1.jpg","contentUrl":"https:\/\/tibladin.dk\/wp-content\/uploads\/2025\/10\/ATLAS-light-lampe_beige_1.jpg","width":800,"height":800},{"@type":"BreadcrumbList","@id":"https:\/\/tibladin.dk\/produkt\/marokkanske-haeklet-lampe-beige-sahara-light\/#breadcrumb","itemListElement":[{"@type":"ListItem","position":1,"name":"Hjem","item":"https:\/\/tibladin.dk\/"},{"@type":"ListItem","position":2,"name":"Shop","item":"https:\/\/tibladin.dk\/shop\/"},{"@type":"ListItem","position":3,"name":"Marokkanske h\u00e6klet lampe &#8211; BEIGE &#8211; SAHARA LIGHT"}]},{"@type":"WebSite","@id":"https:\/\/tibladin.dk\/#website","url":"https:\/\/tibladin.dk\/","name":"Tibladin","description":"Tibladin","publisher":{"@id":"https:\/\/tibladin.dk\/#organization"},"potentialAction":[{"@type":"SearchAction","target":{"@type":"EntryPoint","urlTemplate":"https:\/\/tibladin.dk\/?s={search_term_string}"},"query-input":{"@type":"PropertyValueSpecification","valueRequired":true,"valueName":"search_term_string"}}],"inLanguage":"de"},{"@type":"Organization","@id":"https:\/\/tibladin.dk\/#organization","name":"Tibladin","url":"https:\/\/tibladin.dk\/","logo":{"@type":"ImageObject","inLanguage":"de","@id":"https:\/\/tibladin.dk\/#\/schema\/logo\/image\/","url":"https:\/\/tibladin.dk\/wp-content\/uploads\/2022\/09\/tibladin_logo.svg","contentUrl":"https:\/\/tibladin.dk\/wp-content\/uploads\/2022\/09\/tibladin_logo.svg","caption":"Tibladin"},"image":{"@id":"https:\/\/tibladin.dk\/#\/schema\/logo\/image\/"}}]}},"_links":{"self":[{"href":"https:\/\/tibladin.dk\/de\/wp-json\/wp\/v2\/product\/40326","targetHints":{"allow":["GET"]}}],"collection":[{"href":"https:\/\/tibladin.dk\/de\/wp-json\/wp\/v2\/product"}],"about":[{"href":"https:\/\/tibladin.dk\/de\/wp-json\/wp\/v2\/types\/product"}],"wp:featuredmedia":[{"embeddable":true,"href":"https:\/\/tibladin.dk\/de\/wp-json\/wp\/v2\/media\/40180"}],"wp:attachment":[{"href":"https:\/\/tibladin.dk\/de\/wp-json\/wp\/v2\/media?parent=40326"}],"wp:term":[{"taxonomy":"product_brand","embeddable":true,"href":"https:\/\/tibladin.dk\/de\/wp-json\/wp\/v2\/product_brand?post=40326"},{"taxonomy":"product_cat","embeddable":true,"href":"https:\/\/tibladin.dk\/de\/wp-json\/wp\/v2\/product_cat?post=40326"},{"taxonomy":"product_tag","embeddable":true,"href":"https:\/\/tibladin.dk\/de\/wp-json\/wp\/v2\/product_tag?post=40326"}],"curies":[{"name":"wp","href":"https:\/\/api.w.org\/{rel}","templated":true}]}}