{"id":40330,"date":"2025-10-03T13:36:50","date_gmt":"2025-10-03T11:36:50","guid":{"rendered":"https:\/\/tibladin.dk\/?post_type=product&#038;p=40330"},"modified":"2025-10-03T14:17:56","modified_gmt":"2025-10-03T12:17:56","slug":"bodenkissen-pouf-aus-wolle-midnight-atlas","status":"publish","type":"product","link":"https:\/\/tibladin.dk\/de\/produkt\/gulvpude-puf-i-uld-midnight-atlas\/","title":{"rendered":"Bodenkissen\/Pouf aus Wolle \u2013 MIDNIGHT ATLAS"},"content":{"rendered":"<div class=\"wpb-content-wrapper\"><div class=\"vc_row wpb_row vc_row-fluid\"><div class=\"wpb_column vc_column_container vc_col-sm-6\"><div class=\"vc_column-inner\"><div class=\"wpb_wrapper\"><h3 style=\"text-align: left\" class=\"vc_custom_heading vc_do_custom_heading\" >Pflege Ihres Bodenkissens<\/h3>\n\t<div class=\"wpb_text_column wpb_content_element\" >\n\t\t<div class=\"wpb_wrapper\">\n\t\t\t<p>Wenn Sie das Pech haben, einen Fleck auf Ihrem Wollpouf oder Wollbodenkissen zu bekommen, beginnen Sie mit dem Staubsaugen des Flecks. Die Wolle ist von Natur aus von Lanolin umgeben, das einen Schutzfilm auf den Fasern bildet, sodass Flecken schlechter eindringen k\u00f6nnen. Sollte sich der Fleck damit nicht l\u00f6sen lassen, k\u00f6nnen Sie den Fleck mit einem feuchten Tuch abtupfen, zum Schluss nicht reiben. Sollten wir an einem Wintertag das Gl\u00fcck haben, dass es schneit, legen Sie Ihren Wollpouf oder Ihre Wolldecke in den frisch gefallenen Schnee. Dies ist die effektivste Methode f\u00fcr eine gr\u00fcndliche Reinigung<\/p>\n\n\t\t<\/div>\n\t<\/div>\n<\/div><\/div><\/div><div class=\"wpb_column vc_column_container vc_col-sm-6\"><div class=\"vc_column-inner\"><div class=\"wpb_wrapper\"><h3 style=\"text-align: left\" class=\"vc_custom_heading vc_do_custom_heading\" >Bodenkissen\/Poufs aus Azilal-Teppichen<\/h3>\n\t<div class=\"wpb_text_column wpb_content_element\" >\n\t\t<div class=\"wpb_wrapper\">\n\t\t\t<p>Wir haben viele Bodenkissen\/Wollpoufs in verschiedenen Farben und Mustern erhalten. Diese Bodenkissen sind aus echten Vintage-Azilal-Teppichen handgen\u00e4ht, weshalb alle Bodenkissen unterschiedlich sind. Die Teppiche stammen aus der Region Azilal in den marokkanischen Bergen \u00f6stlich von Marrakesch, wo es meist die Aufgabe der Frauen ist, die Teppiche von Hand zu weben. Urspr\u00fcnglich verf\u00fcgten die einheimischen Berberfrauen \u00fcber keine Schriftsprache, deshalb haben sie Geschichten in die Teppiche eingewebt, weshalb jeder Teppich ein Unikat ist. Azilal-Teppiche werden aus 100%-Wolle hergestellt \u2013 manchmal kombiniert mit Baumwollgarn.<\/p>\n<p><a href=\"https:\/\/tibladin.dk\/de\/produktkategorie-3\/innere\/mobel\/puh\/\">Sehen Sie sich hier unser komplettes Sortiment an Bodenkissen aus recycelten Azilal- und Beni Ouarain-Teppichen an.<\/a><\/p>\n<p><b>F\u00fcllen Sie Ihren Hocker<\/b><br \/>\nAm besten f\u00fcllen Sie Ihren Pouf mit einem gro\u00dfen festen Kissen \u2013 am besten 90\u00d790 cm, das das gesamte Kissen gut ausf\u00fcllt. Sie k\u00f6nnen problemlos Dinge verwenden, die Sie bereits haben, Steppdecken, Kissen, Decken oder stark zerknittertes Zeitungspapier. Sie k\u00f6nnen f\u00fcr Ihren Pouf auch Schaumstoffgranulat oder Baumwollf\u00fcllung kaufen. Wenn Sie diese Art von F\u00fcllung verwenden, empfehlen wir Ihnen, einen Innenbezug zu n\u00e4hen oder einen alten Bettbezug zu nehmen und die F\u00fcllung dort hineinzulegen, bevor Sie ihn in Ihren Pouf legen.<\/p>\n<p>Bei zus\u00e4tzlichem Kauf versenden wir es mit einer Montageunterlage 90\u00d790 cm.<\/p>\n\n\t\t<\/div>\n\t<\/div>\n<\/div><\/div><\/div><\/div>\n<\/div>","protected":false},"excerpt":{"rendered":"<article class=\"text-token-text-primary w-full focus:outline-none scroll-mt-[calc(var(--header-height)+min(200px,max(70px,20svh)))]\" dir=\"auto\" tabindex=\"-1\" data-turn-id=\"43dfec14-1809-43f4-a852-c7415f8209c4\" data-testid=\"conversation-turn-30\" data-scroll-anchor=\"true\" data-turn=\"assistant\">\n<div class=\"text-base my-auto mx-auto pb-10 [--thread-content-margin:--spacing(4)] @[37rem]:[--thread-content-margin:--spacing(6)] @[72rem]:[--thread-content-margin:--spacing(16)] px-(--thread-content-margin)\">\n<div class=\"[--thread-content-max-width:32rem] @[34rem]:[--thread-content-max-width:40rem] @[64rem]:[--thread-content-max-width:48rem] mx-auto max-w-(--thread-content-max-width) flex-1 group\/turn-messages focus-visible:outline-hidden relative flex w-full min-w-0 flex-col agent-turn\" tabindex=\"-1\">\n<div class=\"flex max-w-full flex-col grow\">\n<div class=\"min-h-8 text-message relative flex w-full flex-col items-end gap-2 text-start break-words whitespace-normal [.text-message+&amp;]:mt-5\" dir=\"auto\" data-message-author-role=\"assistant\" data-message-id=\"5a20f797-1d00-4fae-b31c-c3b8fb963e0d\" data-message-model-slug=\"gpt-5\">\n<div class=\"flex w-full flex-col gap-1 empty:hidden first:pt-[3px]\">\n<div class=\"markdown prose dark:prose-invert w-full break-words light markdown-new-styling\">\n<p data-start=\"215\" data-end=\"264\">\u2600\ufe0f<strong> Midnight Atlas<\/strong>\u00a0<strong data-start=\"218\" data-end=\"259\">\u2013 vintage marokkansk gulvpude<\/strong> \u2600\ufe0f<\/p>\n<p data-start=\"703\" data-end=\"835\">\u2028Denne Midnight Atlas gulvpude er et kraftfuldt statement-piece, h\u00e5ndlavet i Marokko af et vintage berbert\u00e6ppe. Det dybe sorte udtryk st\u00e5r i smuk kontrast til de varme gule og orange diamantm\u00f8nstre, som symboliserer lys i natten \u2013 inspireret af stjernehimlen over Atlasbjergene.<\/p>\n<p data-start=\"703\" data-end=\"835\">Skabt af dygtige berberkvinder, er puden et autentisk stykke marokkansk h\u00e5ndv\u00e6rk, hvor tradition og tidens spor smelter sammen. Den er b\u00e5de dekorativ og funktionel \u2013 perfekt som ekstra siddeplads, fodskammel eller som et dramatisk blikfang i indretningen.<\/p>\n<ul>\n<li>\u00a0Materiale: Uld (genanvendt fra vintage t\u00e6ppe)<\/li>\n<li>\u00a0Oprindelse: H\u00e5ndlavet i Marokko<\/li>\n<li>\u00a0Fyld: Leveres uden fyld (kan nemt fyldes med fx t\u00e6pper, puder eller fyldv\u00e5r for at give den \u00f8nskede form og komfort)\n<p data-start=\"1205\" data-end=\"1265\">Du kan ogs\u00e5 v\u00e6lge din gulvpude med fyld af en stor monteringspude 90&#215;90 cm der fylder puden godt ud og g\u00f8r den bl\u00f8d og behagelig at sidde p\u00e5.<\/p>\n<p>M\u00e5l: ca. 60&#215;60 cm \u00a0og ca 25-30 cm i h\u00f8jden (kan variere lidt, da den er h\u00e5ndlavet) bagsiden er i stribet \u00a0berbert\u00e6ppe og der er praktisk lynl\u00e5s for lettere at kunne fylde den.<\/li>\n<\/ul>\n<p data-start=\"1205\" data-end=\"1265\">Kun \u00e9t eksemplar \u2013 et unikt stykke marokkansk kunsth\u00e5ndv\u00e6rk til dit hjem.<\/p>\n<\/div>\n<\/div>\n<\/div>\n<\/div>\n<div class=\"flex min-h-[46px] justify-start\"><\/div>\n<div class=\"mt-3 w-full empty:hidden\"><\/div>\n<\/div>\n<\/div>\n<\/article>\n","protected":false},"featured_media":40299,"template":"","meta":{"inline_featured_image":false},"product_brand":[],"product_cat":[101,39],"product_tag":[],"class_list":{"0":"post-40330","1":"product","2":"type-product","3":"status-publish","4":"has-post-thumbnail","6":"product_cat-gulvpuder-uldpufs","7":"product_cat-moebler","9":"first","10":"instock","11":"taxable","12":"shipping-taxable","13":"purchasable","14":"product-type-simple"},"exclude_global_add_ons":false,"addons":[{"name":"Lassen Sie sich Ihren Pouf mit F\u00fcllung und einer gro\u00dfen Montageunterlage liefern","type":"checkbox","position":0,"required":false,"title_format":"label","default":"","description_enable":true,"description":"Gef\u00fcllt mit einem gro\u00dfen 90x90 cm gro\u00dfen Befestigungskissen, das den Pouf gut ausf\u00fcllt und f\u00fcr ein weiches und bequemes Sitzgef\u00fchl sorgt. Der Bezug l\u00e4sst sich leicht abnehmen und reinigen.","placeholder_enable":false,"placeholder":"","display":"images","restrictions_type":"any_text","adjust_price":false,"price":"","price_type":"flat_fee","restrictions":false,"min":"0","max":"0","options":[{"label":"Ja tak","price":"300","price_type":"quantity_based","image":11028,"visibility":true}],"id":1672424044}],"yoast_head":"<!-- This site is optimized with the Yoast SEO plugin v27.4 - https:\/\/yoast.com\/product\/yoast-seo-wordpress\/ -->\n<title>Marokkansk gulvpude | H\u00e5ndsyet af Azilal-t\u00e6ppe | Tibladin<\/title>\n<meta name=\"description\" content=\"Unik marokkansk gulvpude i m\u00f8rke nuancer, hvor varme gule og orange diamantm\u00f8nstre skaber en smuk kontrast. H\u00e5ndlavet i Marrakech \u21d2 Se den her.\" \/>\n<meta name=\"robots\" content=\"index, follow, max-snippet:-1, max-image-preview:large, max-video-preview:-1\" \/>\n<link rel=\"canonical\" href=\"https:\/\/tibladin.dk\/de\/produkt\/bodenkissen-pouf-aus-wolle-midnight-atlas\/\" \/>\n<meta property=\"og:locale\" content=\"de_DE\" \/>\n<meta property=\"og:type\" content=\"article\" \/>\n<meta property=\"og:title\" content=\"Marokkansk gulvpude | H\u00e5ndsyet af Azilal-t\u00e6ppe | Tibladin\" \/>\n<meta property=\"og:description\" content=\"Unik marokkansk gulvpude i m\u00f8rke nuancer, hvor varme gule og orange diamantm\u00f8nstre skaber en smuk kontrast. H\u00e5ndlavet i Marrakech \u21d2 Se den her.\" \/>\n<meta property=\"og:url\" content=\"https:\/\/tibladin.dk\/de\/produkt\/bodenkissen-pouf-aus-wolle-midnight-atlas\/\" \/>\n<meta property=\"og:site_name\" content=\"Tibladin\" \/>\n<meta property=\"article:modified_time\" content=\"2025-10-03T12:17:56+00:00\" \/>\n<meta property=\"og:image\" content=\"https:\/\/tibladin.dk\/wp-content\/uploads\/2025\/10\/Marokkansk-gulvpude_Midnight-atlas_1.jpeg\" \/>\n\t<meta property=\"og:image:width\" content=\"800\" \/>\n\t<meta property=\"og:image:height\" content=\"800\" \/>\n\t<meta property=\"og:image:type\" content=\"image\/jpeg\" \/>\n<meta name=\"twitter:card\" content=\"summary_large_image\" \/>\n<meta name=\"twitter:label1\" content=\"Gesch\u00e4tzte Lesezeit\" \/>\n\t<meta name=\"twitter:data1\" content=\"3\u00a0Minuten\" \/>\n<script type=\"application\/ld+json\" class=\"yoast-schema-graph\">{\"@context\":\"https:\\\/\\\/schema.org\",\"@graph\":[{\"@type\":\"WebPage\",\"@id\":\"https:\\\/\\\/tibladin.dk\\\/produkt\\\/gulvpude-puf-i-uld-midnight-atlas\\\/\",\"url\":\"https:\\\/\\\/tibladin.dk\\\/produkt\\\/gulvpude-puf-i-uld-midnight-atlas\\\/\",\"name\":\"Marokkansk gulvpude | H\u00e5ndsyet af Azilal-t\u00e6ppe | Tibladin\",\"isPartOf\":{\"@id\":\"https:\\\/\\\/tibladin.dk\\\/#website\"},\"primaryImageOfPage\":{\"@id\":\"https:\\\/\\\/tibladin.dk\\\/produkt\\\/gulvpude-puf-i-uld-midnight-atlas\\\/#primaryimage\"},\"image\":{\"@id\":\"https:\\\/\\\/tibladin.dk\\\/produkt\\\/gulvpude-puf-i-uld-midnight-atlas\\\/#primaryimage\"},\"thumbnailUrl\":\"https:\\\/\\\/tibladin.dk\\\/wp-content\\\/uploads\\\/2025\\\/10\\\/Marokkansk-gulvpude_Midnight-atlas_1.jpeg\",\"datePublished\":\"2025-10-03T11:36:50+00:00\",\"dateModified\":\"2025-10-03T12:17:56+00:00\",\"description\":\"Unik marokkansk gulvpude i m\u00f8rke nuancer, hvor varme gule og orange diamantm\u00f8nstre skaber en smuk kontrast. H\u00e5ndlavet i Marrakech \u21d2 Se den her.\",\"breadcrumb\":{\"@id\":\"https:\\\/\\\/tibladin.dk\\\/produkt\\\/gulvpude-puf-i-uld-midnight-atlas\\\/#breadcrumb\"},\"inLanguage\":\"de\",\"potentialAction\":[{\"@type\":\"ReadAction\",\"target\":[\"https:\\\/\\\/tibladin.dk\\\/produkt\\\/gulvpude-puf-i-uld-midnight-atlas\\\/\"]}]},{\"@type\":\"ImageObject\",\"inLanguage\":\"de\",\"@id\":\"https:\\\/\\\/tibladin.dk\\\/produkt\\\/gulvpude-puf-i-uld-midnight-atlas\\\/#primaryimage\",\"url\":\"https:\\\/\\\/tibladin.dk\\\/wp-content\\\/uploads\\\/2025\\\/10\\\/Marokkansk-gulvpude_Midnight-atlas_1.jpeg\",\"contentUrl\":\"https:\\\/\\\/tibladin.dk\\\/wp-content\\\/uploads\\\/2025\\\/10\\\/Marokkansk-gulvpude_Midnight-atlas_1.jpeg\",\"width\":800,\"height\":800,\"caption\":\"Marokkansk-gulvpude_Midnight-atlas_1\"},{\"@type\":\"BreadcrumbList\",\"@id\":\"https:\\\/\\\/tibladin.dk\\\/produkt\\\/gulvpude-puf-i-uld-midnight-atlas\\\/#breadcrumb\",\"itemListElement\":[{\"@type\":\"ListItem\",\"position\":1,\"name\":\"Hjem\",\"item\":\"https:\\\/\\\/tibladin.dk\\\/\"},{\"@type\":\"ListItem\",\"position\":2,\"name\":\"Shop\",\"item\":\"https:\\\/\\\/tibladin.dk\\\/shop\\\/\"},{\"@type\":\"ListItem\",\"position\":3,\"name\":\"Gulvpude\\\/puf i uld &#8211; MIDNIGHT ATLAS\"}]},{\"@type\":\"WebSite\",\"@id\":\"https:\\\/\\\/tibladin.dk\\\/#website\",\"url\":\"https:\\\/\\\/tibladin.dk\\\/\",\"name\":\"Tibladin\",\"description\":\"Tibladin\",\"publisher\":{\"@id\":\"https:\\\/\\\/tibladin.dk\\\/#organization\"},\"potentialAction\":[{\"@type\":\"SearchAction\",\"target\":{\"@type\":\"EntryPoint\",\"urlTemplate\":\"https:\\\/\\\/tibladin.dk\\\/?s={search_term_string}\"},\"query-input\":{\"@type\":\"PropertyValueSpecification\",\"valueRequired\":true,\"valueName\":\"search_term_string\"}}],\"inLanguage\":\"de\"},{\"@type\":\"Organization\",\"@id\":\"https:\\\/\\\/tibladin.dk\\\/#organization\",\"name\":\"Tibladin\",\"url\":\"https:\\\/\\\/tibladin.dk\\\/\",\"logo\":{\"@type\":\"ImageObject\",\"inLanguage\":\"de\",\"@id\":\"https:\\\/\\\/tibladin.dk\\\/#\\\/schema\\\/logo\\\/image\\\/\",\"url\":\"https:\\\/\\\/tibladin.dk\\\/wp-content\\\/uploads\\\/2022\\\/09\\\/tibladin_logo.svg\",\"contentUrl\":\"https:\\\/\\\/tibladin.dk\\\/wp-content\\\/uploads\\\/2022\\\/09\\\/tibladin_logo.svg\",\"caption\":\"Tibladin\"},\"image\":{\"@id\":\"https:\\\/\\\/tibladin.dk\\\/#\\\/schema\\\/logo\\\/image\\\/\"}}]}<\/script>\n<!-- \/ Yoast SEO plugin. -->","yoast_head_json":{"title":"Marokkanisches Bodenkissen | Handgen\u00e4ht aus Azilal-Teppich | Tibladin","description":"Einzigartiges marokkanisches Bodenkissen in dunklen Farbt\u00f6nen, bei dem warme gelbe und orange Rautenmuster einen sch\u00f6nen Kontrast bilden. Handgefertigt in Marrakesch \u21d2 Hier ansehen.","robots":{"index":"index","follow":"follow","max-snippet":"max-snippet:-1","max-image-preview":"max-image-preview:large","max-video-preview":"max-video-preview:-1"},"canonical":"https:\/\/tibladin.dk\/de\/produkt\/bodenkissen-pouf-aus-wolle-midnight-atlas\/","og_locale":"de_DE","og_type":"article","og_title":"Marokkansk gulvpude | H\u00e5ndsyet af Azilal-t\u00e6ppe | Tibladin","og_description":"Unik marokkansk gulvpude i m\u00f8rke nuancer, hvor varme gule og orange diamantm\u00f8nstre skaber en smuk kontrast. H\u00e5ndlavet i Marrakech \u21d2 Se den her.","og_url":"https:\/\/tibladin.dk\/de\/produkt\/bodenkissen-pouf-aus-wolle-midnight-atlas\/","og_site_name":"Tibladin","article_modified_time":"2025-10-03T12:17:56+00:00","og_image":[{"width":800,"height":800,"url":"https:\/\/tibladin.dk\/wp-content\/uploads\/2025\/10\/Marokkansk-gulvpude_Midnight-atlas_1.jpeg","type":"image\/jpeg"}],"twitter_card":"summary_large_image","twitter_misc":{"Gesch\u00e4tzte Lesezeit":"3\u00a0Minuten"},"schema":{"@context":"https:\/\/schema.org","@graph":[{"@type":"WebPage","@id":"https:\/\/tibladin.dk\/produkt\/gulvpude-puf-i-uld-midnight-atlas\/","url":"https:\/\/tibladin.dk\/produkt\/gulvpude-puf-i-uld-midnight-atlas\/","name":"Marokkanisches Bodenkissen | Handgen\u00e4ht aus Azilal-Teppich | Tibladin","isPartOf":{"@id":"https:\/\/tibladin.dk\/#website"},"primaryImageOfPage":{"@id":"https:\/\/tibladin.dk\/produkt\/gulvpude-puf-i-uld-midnight-atlas\/#primaryimage"},"image":{"@id":"https:\/\/tibladin.dk\/produkt\/gulvpude-puf-i-uld-midnight-atlas\/#primaryimage"},"thumbnailUrl":"https:\/\/tibladin.dk\/wp-content\/uploads\/2025\/10\/Marokkansk-gulvpude_Midnight-atlas_1.jpeg","datePublished":"2025-10-03T11:36:50+00:00","dateModified":"2025-10-03T12:17:56+00:00","description":"Einzigartiges marokkanisches Bodenkissen in dunklen Farbt\u00f6nen, bei dem warme gelbe und orange Rautenmuster einen sch\u00f6nen Kontrast bilden. Handgefertigt in Marrakesch \u21d2 Hier ansehen.","breadcrumb":{"@id":"https:\/\/tibladin.dk\/produkt\/gulvpude-puf-i-uld-midnight-atlas\/#breadcrumb"},"inLanguage":"de","potentialAction":[{"@type":"ReadAction","target":["https:\/\/tibladin.dk\/produkt\/gulvpude-puf-i-uld-midnight-atlas\/"]}]},{"@type":"ImageObject","inLanguage":"de","@id":"https:\/\/tibladin.dk\/produkt\/gulvpude-puf-i-uld-midnight-atlas\/#primaryimage","url":"https:\/\/tibladin.dk\/wp-content\/uploads\/2025\/10\/Marokkansk-gulvpude_Midnight-atlas_1.jpeg","contentUrl":"https:\/\/tibladin.dk\/wp-content\/uploads\/2025\/10\/Marokkansk-gulvpude_Midnight-atlas_1.jpeg","width":800,"height":800,"caption":"Marokkansk-gulvpude_Midnight-atlas_1"},{"@type":"BreadcrumbList","@id":"https:\/\/tibladin.dk\/produkt\/gulvpude-puf-i-uld-midnight-atlas\/#breadcrumb","itemListElement":[{"@type":"ListItem","position":1,"name":"Hjem","item":"https:\/\/tibladin.dk\/"},{"@type":"ListItem","position":2,"name":"Shop","item":"https:\/\/tibladin.dk\/shop\/"},{"@type":"ListItem","position":3,"name":"Gulvpude\/puf i uld &#8211; MIDNIGHT ATLAS"}]},{"@type":"WebSite","@id":"https:\/\/tibladin.dk\/#website","url":"https:\/\/tibladin.dk\/","name":"Tibladin","description":"Tibladin","publisher":{"@id":"https:\/\/tibladin.dk\/#organization"},"potentialAction":[{"@type":"SearchAction","target":{"@type":"EntryPoint","urlTemplate":"https:\/\/tibladin.dk\/?s={search_term_string}"},"query-input":{"@type":"PropertyValueSpecification","valueRequired":true,"valueName":"search_term_string"}}],"inLanguage":"de"},{"@type":"Organization","@id":"https:\/\/tibladin.dk\/#organization","name":"Tibladin","url":"https:\/\/tibladin.dk\/","logo":{"@type":"ImageObject","inLanguage":"de","@id":"https:\/\/tibladin.dk\/#\/schema\/logo\/image\/","url":"https:\/\/tibladin.dk\/wp-content\/uploads\/2022\/09\/tibladin_logo.svg","contentUrl":"https:\/\/tibladin.dk\/wp-content\/uploads\/2022\/09\/tibladin_logo.svg","caption":"Tibladin"},"image":{"@id":"https:\/\/tibladin.dk\/#\/schema\/logo\/image\/"}}]}},"_links":{"self":[{"href":"https:\/\/tibladin.dk\/de\/wp-json\/wp\/v2\/product\/40330","targetHints":{"allow":["GET"]}}],"collection":[{"href":"https:\/\/tibladin.dk\/de\/wp-json\/wp\/v2\/product"}],"about":[{"href":"https:\/\/tibladin.dk\/de\/wp-json\/wp\/v2\/types\/product"}],"wp:featuredmedia":[{"embeddable":true,"href":"https:\/\/tibladin.dk\/de\/wp-json\/wp\/v2\/media\/40299"}],"wp:attachment":[{"href":"https:\/\/tibladin.dk\/de\/wp-json\/wp\/v2\/media?parent=40330"}],"wp:term":[{"taxonomy":"product_brand","embeddable":true,"href":"https:\/\/tibladin.dk\/de\/wp-json\/wp\/v2\/product_brand?post=40330"},{"taxonomy":"product_cat","embeddable":true,"href":"https:\/\/tibladin.dk\/de\/wp-json\/wp\/v2\/product_cat?post=40330"},{"taxonomy":"product_tag","embeddable":true,"href":"https:\/\/tibladin.dk\/de\/wp-json\/wp\/v2\/product_tag?post=40330"}],"curies":[{"name":"wp","href":"https:\/\/api.w.org\/{rel}","templated":true}]}}