{"id":40479,"date":"2025-10-10T10:01:20","date_gmt":"2025-10-10T08:01:20","guid":{"rendered":"https:\/\/tibladin.dk\/?post_type=product&#038;p=40479"},"modified":"2025-10-10T14:50:13","modified_gmt":"2025-10-10T12:50:13","slug":"berberkorb-l-amane","status":"publish","type":"product","link":"https:\/\/tibladin.dk\/de\/produkt\/berberkurv-l-amane\/","title":{"rendered":"Berberkorb L \u2013 AMANE"},"content":{"rendered":"<div class=\"wpb-content-wrapper\"><div class=\"vc_row wpb_row vc_row-fluid\"><div class=\"wpb_column vc_column_container vc_col-sm-4\"><div class=\"vc_column-inner\"><div class=\"wpb_wrapper\"><\/div><\/div><\/div><div class=\"wpb_column vc_column_container vc_col-sm-4\"><div class=\"vc_column-inner\"><div class=\"wpb_wrapper\"><h3 style=\"text-align: left\" class=\"vc_custom_heading vc_do_custom_heading\" >Wartung<\/h3>\n\t<div class=\"wpb_text_column wpb_content_element\" >\n\t\t<div class=\"wpb_wrapper\">\n\t\t\t<p>Zum Reinigen ist es am einfachsten, ihn vorsichtig abzusaugen.<\/p>\n\n\t\t<\/div>\n\t<\/div>\n<\/div><\/div><\/div><div class=\"wpb_column vc_column_container vc_col-sm-4\"><div class=\"vc_column-inner\"><div class=\"wpb_wrapper\"><h3 style=\"text-align: left\" class=\"vc_custom_heading vc_do_custom_heading\" >Die Geschichte dahinter<\/h3>\n\t<div class=\"wpb_text_column wpb_content_element\" >\n\t\t<div class=\"wpb_wrapper\">\n\t\t\t<p>Ich liebe Kurven! Sie k\u00f6nnen jedem Raum W\u00e4rme und Gem\u00fctlichkeit verleihen.<\/p>\n<p>Nutzen Sie diesen Korb als Aufbewahrung f\u00fcr zus\u00e4tzliche Kissen und Decken, Schals oder Hausschuhe.<\/p>\n<p>Die K\u00f6rbe sind handgefertigt und stammen von einem Familienunternehmen in Marrakesch, das sich auf Korbwaren spezialisiert hat und dies bereits seit Generationen tut.<\/p>\n\n\t\t<\/div>\n\t<\/div>\n<\/div><\/div><\/div><\/div>\n<\/div>","protected":false},"excerpt":{"rendered":"<p>Farbenfroh, lebendig und voller Seele \u2013 Amane ist ein authentischer Berberkorb, handgefertigt von Frauen in den Bergregionen Marokkos. Jeder Korb ist ein Unikat und aus nat\u00fcrlichem Gras geflochten, mit bunten Wollf\u00e4den in traditionellen Mustern umwickelt, die Geschichten von Leben, Natur und Gemeinschaft erz\u00e4hlen.<\/p>\n<p>Mit einer H\u00f6he von ca. 40 cm und einem Durchmesser von 26 cm eignet sich Amane ideal zur Aufbewahrung kleiner Gegenst\u00e4nde im Haushalt \u2013 von Schmuck und Schl\u00fcsseln bis hin zu Trockenblumen oder als rein dekoratives Kunstwerk an sich.<\/p>\n<p>Der Name Amane bedeutet im Berberischen Wasser \u2013 ein Symbol f\u00fcr Leben, Reinheit und Erneuerung. Er passt wunderbar sowohl in moderne als auch in b\u00f6hmisch inspirierte H\u00e4user, in denen Farben und Handwerkskunst ihre eigene Geschichte erz\u00e4hlen d\u00fcrfen.<\/p>\n<p>Details:<\/p>\n<p>* Handgefertigt in Marokko<br \/>\n* Material: Naturgras und Wollfaden<br \/>\n* Ma\u00dfe: ca. H 40 cm x \u00d8 26 cm<\/p>\n<p>Jeder Korb ist ein Unikat \u2013 leichte Abweichungen in Farbe und Muster k\u00f6nnen vorkommen<\/p>","protected":false},"featured_media":40439,"template":"","meta":{"inline_featured_image":false},"product_brand":[],"product_cat":[55,51],"product_tag":[],"class_list":{"0":"post-40479","1":"product","2":"type-product","3":"status-publish","4":"has-post-thumbnail","6":"product_cat-kurve","7":"product_cat-opbevaring","9":"first","10":"instock","11":"taxable","12":"shipping-taxable","13":"purchasable","14":"product-type-simple"},"exclude_global_add_ons":[],"addons":[],"yoast_head":"<!-- This site is optimized with the Yoast SEO plugin v27.4 - https:\/\/yoast.com\/product\/yoast-seo-wordpress\/ -->\n<title>Berberkurv L - AMANE - Tibladin<\/title>\n<meta name=\"description\" content=\"Farverig, h\u00e5ndlavet berberkurv med masser af sj\u00e6l. Perfekt til opbevaring i stue, bad og sovev\u00e6relse. Stort udvalg af unikke designs!\" \/>\n<meta name=\"robots\" content=\"index, follow, max-snippet:-1, max-image-preview:large, max-video-preview:-1\" \/>\n<link rel=\"canonical\" href=\"https:\/\/tibladin.dk\/de\/produkt\/berberkorb-l-amane\/\" \/>\n<meta property=\"og:locale\" content=\"de_DE\" \/>\n<meta property=\"og:type\" content=\"article\" \/>\n<meta property=\"og:title\" content=\"Berberkurv L - AMANE - Tibladin\" \/>\n<meta property=\"og:description\" content=\"Farverig, h\u00e5ndlavet berberkurv med masser af sj\u00e6l. Perfekt til opbevaring i stue, bad og sovev\u00e6relse. Stort udvalg af unikke designs!\" \/>\n<meta property=\"og:url\" content=\"https:\/\/tibladin.dk\/de\/produkt\/berberkorb-l-amane\/\" \/>\n<meta property=\"og:site_name\" content=\"Tibladin\" \/>\n<meta property=\"article:modified_time\" content=\"2025-10-10T12:50:13+00:00\" \/>\n<meta property=\"og:image\" content=\"https:\/\/tibladin.dk\/wp-content\/uploads\/2025\/10\/Amane-berberkurv-str-L.jpeg\" \/>\n\t<meta property=\"og:image:width\" content=\"800\" \/>\n\t<meta property=\"og:image:height\" content=\"800\" \/>\n\t<meta property=\"og:image:type\" content=\"image\/jpeg\" \/>\n<meta name=\"twitter:card\" content=\"summary_large_image\" \/>\n<meta name=\"twitter:label1\" content=\"Gesch\u00e4tzte Lesezeit\" \/>\n\t<meta name=\"twitter:data1\" content=\"1\u00a0Minute\" \/>\n<script type=\"application\/ld+json\" class=\"yoast-schema-graph\">{\"@context\":\"https:\\\/\\\/schema.org\",\"@graph\":[{\"@type\":\"WebPage\",\"@id\":\"https:\\\/\\\/tibladin.dk\\\/produkt\\\/berberkurv-l-amane\\\/\",\"url\":\"https:\\\/\\\/tibladin.dk\\\/produkt\\\/berberkurv-l-amane\\\/\",\"name\":\"Berberkurv L - AMANE - Tibladin\",\"isPartOf\":{\"@id\":\"https:\\\/\\\/tibladin.dk\\\/#website\"},\"primaryImageOfPage\":{\"@id\":\"https:\\\/\\\/tibladin.dk\\\/produkt\\\/berberkurv-l-amane\\\/#primaryimage\"},\"image\":{\"@id\":\"https:\\\/\\\/tibladin.dk\\\/produkt\\\/berberkurv-l-amane\\\/#primaryimage\"},\"thumbnailUrl\":\"https:\\\/\\\/tibladin.dk\\\/wp-content\\\/uploads\\\/2025\\\/10\\\/Amane-berberkurv-str-L.jpeg\",\"datePublished\":\"2025-10-10T08:01:20+00:00\",\"dateModified\":\"2025-10-10T12:50:13+00:00\",\"description\":\"Farverig, h\u00e5ndlavet berberkurv med masser af sj\u00e6l. Perfekt til opbevaring i stue, bad og sovev\u00e6relse. Stort udvalg af unikke designs!\",\"breadcrumb\":{\"@id\":\"https:\\\/\\\/tibladin.dk\\\/produkt\\\/berberkurv-l-amane\\\/#breadcrumb\"},\"inLanguage\":\"de\",\"potentialAction\":[{\"@type\":\"ReadAction\",\"target\":[\"https:\\\/\\\/tibladin.dk\\\/produkt\\\/berberkurv-l-amane\\\/\"]}]},{\"@type\":\"ImageObject\",\"inLanguage\":\"de\",\"@id\":\"https:\\\/\\\/tibladin.dk\\\/produkt\\\/berberkurv-l-amane\\\/#primaryimage\",\"url\":\"https:\\\/\\\/tibladin.dk\\\/wp-content\\\/uploads\\\/2025\\\/10\\\/Amane-berberkurv-str-L.jpeg\",\"contentUrl\":\"https:\\\/\\\/tibladin.dk\\\/wp-content\\\/uploads\\\/2025\\\/10\\\/Amane-berberkurv-str-L.jpeg\",\"width\":800,\"height\":800,\"caption\":\"Amane-berberkurv-str-L\"},{\"@type\":\"BreadcrumbList\",\"@id\":\"https:\\\/\\\/tibladin.dk\\\/produkt\\\/berberkurv-l-amane\\\/#breadcrumb\",\"itemListElement\":[{\"@type\":\"ListItem\",\"position\":1,\"name\":\"Hjem\",\"item\":\"https:\\\/\\\/tibladin.dk\\\/\"},{\"@type\":\"ListItem\",\"position\":2,\"name\":\"Shop\",\"item\":\"https:\\\/\\\/tibladin.dk\\\/shop\\\/\"},{\"@type\":\"ListItem\",\"position\":3,\"name\":\"Berberkurv L &#8211; AMANE\"}]},{\"@type\":\"WebSite\",\"@id\":\"https:\\\/\\\/tibladin.dk\\\/#website\",\"url\":\"https:\\\/\\\/tibladin.dk\\\/\",\"name\":\"Tibladin\",\"description\":\"Tibladin\",\"publisher\":{\"@id\":\"https:\\\/\\\/tibladin.dk\\\/#organization\"},\"potentialAction\":[{\"@type\":\"SearchAction\",\"target\":{\"@type\":\"EntryPoint\",\"urlTemplate\":\"https:\\\/\\\/tibladin.dk\\\/?s={search_term_string}\"},\"query-input\":{\"@type\":\"PropertyValueSpecification\",\"valueRequired\":true,\"valueName\":\"search_term_string\"}}],\"inLanguage\":\"de\"},{\"@type\":\"Organization\",\"@id\":\"https:\\\/\\\/tibladin.dk\\\/#organization\",\"name\":\"Tibladin\",\"url\":\"https:\\\/\\\/tibladin.dk\\\/\",\"logo\":{\"@type\":\"ImageObject\",\"inLanguage\":\"de\",\"@id\":\"https:\\\/\\\/tibladin.dk\\\/#\\\/schema\\\/logo\\\/image\\\/\",\"url\":\"https:\\\/\\\/tibladin.dk\\\/wp-content\\\/uploads\\\/2022\\\/09\\\/tibladin_logo.svg\",\"contentUrl\":\"https:\\\/\\\/tibladin.dk\\\/wp-content\\\/uploads\\\/2022\\\/09\\\/tibladin_logo.svg\",\"caption\":\"Tibladin\"},\"image\":{\"@id\":\"https:\\\/\\\/tibladin.dk\\\/#\\\/schema\\\/logo\\\/image\\\/\"}}]}<\/script>\n<!-- \/ Yoast SEO plugin. -->","yoast_head_json":{"title":"Berberkorb L - AMANE - Tibladin","description":"Farbenfroher, handgefertigter Berberkorb mit viel Seele. Perfekt zur Aufbewahrung im Wohnzimmer, Bad und Schlafzimmer. Gro\u00dfe Auswahl an einzigartigen Designs!","robots":{"index":"index","follow":"follow","max-snippet":"max-snippet:-1","max-image-preview":"max-image-preview:large","max-video-preview":"max-video-preview:-1"},"canonical":"https:\/\/tibladin.dk\/de\/produkt\/berberkorb-l-amane\/","og_locale":"de_DE","og_type":"article","og_title":"Berberkurv L - AMANE - Tibladin","og_description":"Farverig, h\u00e5ndlavet berberkurv med masser af sj\u00e6l. Perfekt til opbevaring i stue, bad og sovev\u00e6relse. Stort udvalg af unikke designs!","og_url":"https:\/\/tibladin.dk\/de\/produkt\/berberkorb-l-amane\/","og_site_name":"Tibladin","article_modified_time":"2025-10-10T12:50:13+00:00","og_image":[{"width":800,"height":800,"url":"https:\/\/tibladin.dk\/wp-content\/uploads\/2025\/10\/Amane-berberkurv-str-L.jpeg","type":"image\/jpeg"}],"twitter_card":"summary_large_image","twitter_misc":{"Gesch\u00e4tzte Lesezeit":"1\u00a0Minute"},"schema":{"@context":"https:\/\/schema.org","@graph":[{"@type":"WebPage","@id":"https:\/\/tibladin.dk\/produkt\/berberkurv-l-amane\/","url":"https:\/\/tibladin.dk\/produkt\/berberkurv-l-amane\/","name":"Berberkorb L - AMANE - Tibladin","isPartOf":{"@id":"https:\/\/tibladin.dk\/#website"},"primaryImageOfPage":{"@id":"https:\/\/tibladin.dk\/produkt\/berberkurv-l-amane\/#primaryimage"},"image":{"@id":"https:\/\/tibladin.dk\/produkt\/berberkurv-l-amane\/#primaryimage"},"thumbnailUrl":"https:\/\/tibladin.dk\/wp-content\/uploads\/2025\/10\/Amane-berberkurv-str-L.jpeg","datePublished":"2025-10-10T08:01:20+00:00","dateModified":"2025-10-10T12:50:13+00:00","description":"Farbenfroher, handgefertigter Berberkorb mit viel Seele. Perfekt zur Aufbewahrung im Wohnzimmer, Bad und Schlafzimmer. Gro\u00dfe Auswahl an einzigartigen Designs!","breadcrumb":{"@id":"https:\/\/tibladin.dk\/produkt\/berberkurv-l-amane\/#breadcrumb"},"inLanguage":"de","potentialAction":[{"@type":"ReadAction","target":["https:\/\/tibladin.dk\/produkt\/berberkurv-l-amane\/"]}]},{"@type":"ImageObject","inLanguage":"de","@id":"https:\/\/tibladin.dk\/produkt\/berberkurv-l-amane\/#primaryimage","url":"https:\/\/tibladin.dk\/wp-content\/uploads\/2025\/10\/Amane-berberkurv-str-L.jpeg","contentUrl":"https:\/\/tibladin.dk\/wp-content\/uploads\/2025\/10\/Amane-berberkurv-str-L.jpeg","width":800,"height":800,"caption":"Amane-berberkurv-str-L"},{"@type":"BreadcrumbList","@id":"https:\/\/tibladin.dk\/produkt\/berberkurv-l-amane\/#breadcrumb","itemListElement":[{"@type":"ListItem","position":1,"name":"Hjem","item":"https:\/\/tibladin.dk\/"},{"@type":"ListItem","position":2,"name":"Shop","item":"https:\/\/tibladin.dk\/shop\/"},{"@type":"ListItem","position":3,"name":"Berberkurv L &#8211; AMANE"}]},{"@type":"WebSite","@id":"https:\/\/tibladin.dk\/#website","url":"https:\/\/tibladin.dk\/","name":"Tibladin","description":"Tibladin","publisher":{"@id":"https:\/\/tibladin.dk\/#organization"},"potentialAction":[{"@type":"SearchAction","target":{"@type":"EntryPoint","urlTemplate":"https:\/\/tibladin.dk\/?s={search_term_string}"},"query-input":{"@type":"PropertyValueSpecification","valueRequired":true,"valueName":"search_term_string"}}],"inLanguage":"de"},{"@type":"Organization","@id":"https:\/\/tibladin.dk\/#organization","name":"Tibladin","url":"https:\/\/tibladin.dk\/","logo":{"@type":"ImageObject","inLanguage":"de","@id":"https:\/\/tibladin.dk\/#\/schema\/logo\/image\/","url":"https:\/\/tibladin.dk\/wp-content\/uploads\/2022\/09\/tibladin_logo.svg","contentUrl":"https:\/\/tibladin.dk\/wp-content\/uploads\/2022\/09\/tibladin_logo.svg","caption":"Tibladin"},"image":{"@id":"https:\/\/tibladin.dk\/#\/schema\/logo\/image\/"}}]}},"_links":{"self":[{"href":"https:\/\/tibladin.dk\/de\/wp-json\/wp\/v2\/product\/40479","targetHints":{"allow":["GET"]}}],"collection":[{"href":"https:\/\/tibladin.dk\/de\/wp-json\/wp\/v2\/product"}],"about":[{"href":"https:\/\/tibladin.dk\/de\/wp-json\/wp\/v2\/types\/product"}],"wp:featuredmedia":[{"embeddable":true,"href":"https:\/\/tibladin.dk\/de\/wp-json\/wp\/v2\/media\/40439"}],"wp:attachment":[{"href":"https:\/\/tibladin.dk\/de\/wp-json\/wp\/v2\/media?parent=40479"}],"wp:term":[{"taxonomy":"product_brand","embeddable":true,"href":"https:\/\/tibladin.dk\/de\/wp-json\/wp\/v2\/product_brand?post=40479"},{"taxonomy":"product_cat","embeddable":true,"href":"https:\/\/tibladin.dk\/de\/wp-json\/wp\/v2\/product_cat?post=40479"},{"taxonomy":"product_tag","embeddable":true,"href":"https:\/\/tibladin.dk\/de\/wp-json\/wp\/v2\/product_tag?post=40479"}],"curies":[{"name":"wp","href":"https:\/\/api.w.org\/{rel}","templated":true}]}}