{"id":41226,"date":"2025-10-19T09:41:03","date_gmt":"2025-10-19T07:41:03","guid":{"rendered":"https:\/\/tibladin.dk\/?post_type=product&#038;p=41226"},"modified":"2026-01-08T15:22:13","modified_gmt":"2026-01-08T14:22:13","slug":"hocker-mit-kordelgeflecht-grun","status":"publish","type":"product","link":"https:\/\/tibladin.dk\/de\/produkt\/skammel-med-snorflet-groen\/","title":{"rendered":"Hocker mit Kordelgeflecht \u2013 Gr\u00fcn"},"content":{"rendered":"<div class=\"wpb-content-wrapper\"><div class=\"vc_row wpb_row vc_row-fluid\"><div class=\"wpb_column vc_column_container vc_col-sm-4\"><div class=\"vc_column-inner\"><div class=\"wpb_wrapper\"><\/div><\/div><\/div><div class=\"wpb_column vc_column_container vc_col-sm-4\"><div class=\"vc_column-inner\"><div class=\"wpb_wrapper\"><h3 style=\"text-align: left\" class=\"vc_custom_heading vc_do_custom_heading\" >Wartung<\/h3>\n\t<div class=\"wpb_text_column wpb_content_element\" >\n\t\t<div class=\"wpb_wrapper\">\n\t\t\t<p>Die mit Kordel geflochtenen Hocker k\u00f6nnen einfach mit einem feuchten Tuch abgewischt werden.<\/p>\n\n\t\t<\/div>\n\t<\/div>\n<\/div><\/div><\/div><div class=\"wpb_column vc_column_container vc_col-sm-4\"><div class=\"vc_column-inner\"><div class=\"wpb_wrapper\"><h3 style=\"text-align: left\" class=\"vc_custom_heading vc_do_custom_heading\" >Die Geschichte dahinter<\/h3>\n\t<div class=\"wpb_text_column wpb_content_element\" >\n\t\t<div class=\"wpb_wrapper\">\n\t\t\t<p><span style=\"font-weight: 400;\">Kleine Hocker sind eine einfache und wirkungsvolle M\u00f6glichkeit, Ihrem Interieur eine exotische und pers\u00f6nliche Note zu verleihen. Sie bringen Leben, W\u00e4rme und Abwechslung in Ihre vier W\u00e4nde und wirken wie kleine Kunstwerke. Alle meine Hocker sind handgefertigt und somit Unikate. Materialien und Farben w\u00e4hle ich mit gr\u00f6\u00dfter Sorgfalt aus. Ich biete Holzhocker mit geflochtenen Kordeln in erlesenen Farbt\u00f6nen an, die zusammen einen eleganten, bohemischen Stil ergeben. Wir f\u00fchren eine Vielzahl verschiedener Hocker, jeder mit seinem ganz eigenen Charme.\u00a0<\/span><\/p>\n<p data-start=\"143\" data-end=\"626\">Die mit Leder bezogenen Hocker verleihen dem Raum W\u00e4rme, Gewicht und eine exklusive Note, die mit der Zeit durch die Patina des Materials und die Entwicklung einer einzigartigen Optik noch an Sch\u00f6nheit gewinnt. Das Naturleder bildet einen sch\u00f6nen Kontrast zur hellen Holzoberfl\u00e4che und verleiht dem Hocker ein zeitlos elegantes Aussehen.<\/p>\n<p data-start=\"628\" data-end=\"1086\">F\u00fcr einen leichteren und grafischeren Look sind die Hocker mit Kordelgeflecht ideal. Die robusten Kordeln werden in wundersch\u00f6nen Mustern und ausgew\u00e4hlten Farben von Hand geflochten und verleihen dem Raum Lebendigkeit, Pers\u00f6nlichkeit und einen Hauch von Boh\u00e8me. Dank der Kombination aus Farben, Mustern und Materialien finden Sie garantiert einen Hocker, der sich harmonisch in Ihre Einrichtung einf\u00fcgt oder als markantes Designelement dient.<\/p>\n<p><span style=\"font-weight: 400;\">Die runden Hocker sind aus Holz gefertigt, und ein besonderes, charmantes Detail ist die Verwendung eines recycelten Reifens f\u00fcr die Sitzfl\u00e4che. Diese originelle und kreative L\u00f6sung verleiht den M\u00f6beln eine unerwartete Geschichte und einen modernen Touch. Was zuvor einem ganz anderen Zweck diente, erh\u00e4lt so neues Leben und eine neue Funktion im Zuhause \u2013 aus Industrieabfall wird ein \u00e4sthetisches und funktionales M\u00f6belst\u00fcck. Diese Transformation verleiht dem Hocker Charakter und macht ihn zu einem Blickfang, der Neugier und Begeisterung weckt.<\/span><\/p>\n<p><span style=\"font-weight: 400;\">Gleichzeitig ist die Verwendung von Reifen eine \u00fcberzeugende und nachhaltige Wahl. Reifen sind in der Regel schwer zu recyceln und landen oft als umweltsch\u00e4dlicher Abfall. Durch ihr Recycling in der M\u00f6belproduktion wird die Lebensdauer des Materials deutlich verl\u00e4ngert und der Bedarf an neuen Rohstoffen reduziert. Die Kombination aus Recycling, handwerklicher Verarbeitung und \u00c4sthetik zeigt, wie Nachhaltigkeit und Design Hand in Hand gehen k\u00f6nnen, ohne Kompromisse bei Qualit\u00e4t oder Ausdruck einzugehen.<\/span><\/p>\n<p><span style=\"font-weight: 400;\">Die Verwendung eines Reifens als Basis f\u00fcr das Flechtwerk sorgt f\u00fcr einen robusten und langlebigen Kern und macht den Hocker alltagstauglich. Dies unterstreicht Tibladins Vision, M\u00f6bel zu schaffen, die nicht nur sch\u00f6n, sondern auch verantwortungsvoll sind \u2013 M\u00f6bel mit Seele, Geschichte und R\u00fccksichtnahme auf Mensch und Umwelt.<br \/>\n<\/span><\/p>\n<p data-start=\"107\" data-end=\"425\">Die aus Rattan geflochtenen Hocker strahlen Leichtigkeit, Nat\u00fcrlichkeit und echte Handwerkskunst aus. Rattan ist ein flexibles und robustes Naturmaterial, das von Hand geflochten wird. So entstehen wundersch\u00f6ne, harmonische Muster mit kleinen Variationen, die jeden Hocker zu einem Unikat machen. Die geflochtene Sitzfl\u00e4che verleiht dem Raum eine leichte und luftige Optik und sorgt f\u00fcr W\u00e4rme und Ruhe.<\/p>\n<p data-start=\"427\" data-end=\"691\">Rattan ist zudem eine nachhaltige Wahl, da es schnell nachw\u00e4chst und schonend geerntet werden kann. Zusammen mit der nat\u00fcrlichen Struktur des Holzes ergibt sich ein zeitloser und langlebiger Hocker, der sowohl als praktischer Sitzplatz als auch als dekoratives Element im Zuhause dient.<\/p>\n<p><span style=\"font-weight: 400;\">Die Hocker werden von Frauen in einer Kooperative s\u00fcdlich von Marrakesch handgefertigt. Die Kooperative besch\u00e4ftigt rund 160 Frauen und tr\u00e4gt ma\u00dfgeblich zur Verbesserung der Lebensbedingungen vieler Familien in dem kleinen Dorf bei. Mit dem Kauf dieses Hockers erwerben Sie nicht nur ein sch\u00f6nes und funktionales M\u00f6belst\u00fcck, sondern unterst\u00fctzen auch traditionelles Handwerk, nachhaltige Produktion und die wirtschaftliche Unabh\u00e4ngigkeit von Frauen.<\/span><\/p>\n\n\t\t<\/div>\n\t<\/div>\n<\/div><\/div><\/div><\/div>\n<\/div>","protected":false},"excerpt":{"rendered":"<p><span style=\"font-weight: 400;\">Dieser Hocker ist ein wundersch\u00f6nes Beispiel wahrer Handwerkskunst, bei der jedes Detail von Zeit, Sorgfalt und Respekt vor dem Material zeugt. Die Beine sind aus hellem Holz handgeschnitzt und geschliffen, was dem Hocker einen nat\u00fcrlichen, organischen und leicht rustikalen Look verleiht. Die feine Maserung und die kleinen Abweichungen machen jeden Hocker zu einem Unikat. Die solide Konstruktion gew\u00e4hrleistet Stabilit\u00e4t und Langlebigkeit, w\u00e4hrend der Hocker gleichzeitig leicht und elegant wirkt.<\/span><\/p>\n<p><span style=\"font-weight: 400;\">Der Sitz ist das Ergebnis stundenlanger, sorgf\u00e4ltiger Handarbeit. Die robusten Kordeln in einem tiefen, gedeckten Gr\u00fcn bilden einen sch\u00f6nen Kontrast zum hellen Holz. Die Flechttechnik erzeugt ein grafisches und harmonisches Muster, das sowohl bequem als auch \u00e4sthetisch ansprechend ist. Die Farbe verleiht dem Hocker eine ruhige, naturnahe Ausstrahlung, die sich perfekt in skandinavische, bohemische und andere Einrichtungsstile einf\u00fcgt.<\/span><\/p>\n<p><span style=\"font-weight: 400;\">Der Hocker ist ein vielseitiges M\u00f6belst\u00fcck, das sich m\u00fchelos in Ihre Einrichtung integrieren l\u00e4sst und dem Raum sofort eine pers\u00f6nliche und individuelle Note verleiht. Nutzen Sie ihn als zus\u00e4tzliche Sitzgelegenheit im Schlafzimmer, als dekoratives Element im Flur, als praktischen Hocker im Badezimmer oder als kleinen Beistelltisch neben Sofa oder Sessel. Er wirkt sowohl allein als auch in Kombination mit anderen Naturmaterialien und Textilien. Der Hocker ist dekorativ und funktional zugleich \u2013 ein M\u00f6belst\u00fcck, das im Alltag Verwendung findet und gleichzeitig den Raum versch\u00f6nert.<\/span><\/p>\n<p><span style=\"font-weight: 400;\">Der Hocker misst 35 x 35 x 35 cm und l\u00e4sst sich daher leicht bewegen und flexibel platzieren. Dank seiner kompakten Gr\u00f6\u00dfe eignet er sich ideal f\u00fcr kleine wie gro\u00dfe R\u00e4ume und verleiht ihnen Charakter, ohne viel Platz einzunehmen.<\/span><\/p>","protected":false},"featured_media":41228,"template":"","meta":{"inline_featured_image":false},"product_brand":[],"product_cat":[36,39,49],"product_tag":[],"class_list":{"0":"post-41226","1":"product","2":"type-product","3":"status-publish","4":"has-post-thumbnail","6":"product_cat-gaver-til-under-500-kr","7":"product_cat-moebler","8":"product_cat-skamler","10":"first","11":"instock","12":"featured","13":"taxable","14":"shipping-taxable","15":"purchasable","16":"product-type-simple"},"exclude_global_add_ons":[],"addons":[],"yoast_head":"<!-- This site is optimized with the Yoast SEO plugin v27.4 - https:\/\/yoast.com\/product\/yoast-seo-wordpress\/ -->\n<title>B\u00e6nk\/Skammel i tr\u00e6 med snor flet | Tibladin<\/title>\n<meta name=\"description\" content=\"Skammel\/b\u00e6nk med flet af snore ien dyb gr\u00f8n farve. Kan let tils\u00e6ttes din indretning og give et personligt og bo\u00eame udtryk.\" \/>\n<meta name=\"robots\" content=\"index, follow, max-snippet:-1, max-image-preview:large, max-video-preview:-1\" \/>\n<link rel=\"canonical\" href=\"https:\/\/tibladin.dk\/de\/produkt\/hocker-mit-kordelgeflecht-grun\/\" \/>\n<meta property=\"og:locale\" content=\"de_DE\" \/>\n<meta property=\"og:type\" content=\"article\" \/>\n<meta property=\"og:title\" content=\"B\u00e6nk\/Skammel i tr\u00e6 med snor flet | Tibladin\" \/>\n<meta property=\"og:description\" content=\"Skammel\/b\u00e6nk med flet af snore ien dyb gr\u00f8n farve. Kan let tils\u00e6ttes din indretning og give et personligt og bo\u00eame udtryk.\" \/>\n<meta property=\"og:url\" content=\"https:\/\/tibladin.dk\/de\/produkt\/hocker-mit-kordelgeflecht-grun\/\" \/>\n<meta property=\"og:site_name\" content=\"Tibladin\" \/>\n<meta property=\"article:modified_time\" content=\"2026-01-08T14:22:13+00:00\" \/>\n<meta property=\"og:image\" content=\"https:\/\/tibladin.dk\/wp-content\/uploads\/2025\/10\/lille-skammel-med-groen-snorflet_4.jpg\" \/>\n\t<meta property=\"og:image:width\" content=\"800\" \/>\n\t<meta property=\"og:image:height\" content=\"800\" \/>\n\t<meta property=\"og:image:type\" content=\"image\/jpeg\" \/>\n<meta name=\"twitter:card\" content=\"summary_large_image\" \/>\n<meta name=\"twitter:label1\" content=\"Gesch\u00e4tzte Lesezeit\" \/>\n\t<meta name=\"twitter:data1\" content=\"3\u00a0Minuten\" \/>\n<script type=\"application\/ld+json\" class=\"yoast-schema-graph\">{\"@context\":\"https:\\\/\\\/schema.org\",\"@graph\":[{\"@type\":\"WebPage\",\"@id\":\"https:\\\/\\\/tibladin.dk\\\/produkt\\\/skammel-med-snorflet-groen\\\/\",\"url\":\"https:\\\/\\\/tibladin.dk\\\/produkt\\\/skammel-med-snorflet-groen\\\/\",\"name\":\"B\u00e6nk\\\/Skammel i tr\u00e6 med snor flet | Tibladin\",\"isPartOf\":{\"@id\":\"https:\\\/\\\/tibladin.dk\\\/#website\"},\"primaryImageOfPage\":{\"@id\":\"https:\\\/\\\/tibladin.dk\\\/produkt\\\/skammel-med-snorflet-groen\\\/#primaryimage\"},\"image\":{\"@id\":\"https:\\\/\\\/tibladin.dk\\\/produkt\\\/skammel-med-snorflet-groen\\\/#primaryimage\"},\"thumbnailUrl\":\"https:\\\/\\\/tibladin.dk\\\/wp-content\\\/uploads\\\/2025\\\/10\\\/lille-skammel-med-groen-snorflet_4.jpg\",\"datePublished\":\"2025-10-19T07:41:03+00:00\",\"dateModified\":\"2026-01-08T14:22:13+00:00\",\"description\":\"Skammel\\\/b\u00e6nk med flet af snore ien dyb gr\u00f8n farve. Kan let tils\u00e6ttes din indretning og give et personligt og bo\u00eame udtryk.\",\"breadcrumb\":{\"@id\":\"https:\\\/\\\/tibladin.dk\\\/produkt\\\/skammel-med-snorflet-groen\\\/#breadcrumb\"},\"inLanguage\":\"de\",\"potentialAction\":[{\"@type\":\"ReadAction\",\"target\":[\"https:\\\/\\\/tibladin.dk\\\/produkt\\\/skammel-med-snorflet-groen\\\/\"]}]},{\"@type\":\"ImageObject\",\"inLanguage\":\"de\",\"@id\":\"https:\\\/\\\/tibladin.dk\\\/produkt\\\/skammel-med-snorflet-groen\\\/#primaryimage\",\"url\":\"https:\\\/\\\/tibladin.dk\\\/wp-content\\\/uploads\\\/2025\\\/10\\\/lille-skammel-med-groen-snorflet_4.jpg\",\"contentUrl\":\"https:\\\/\\\/tibladin.dk\\\/wp-content\\\/uploads\\\/2025\\\/10\\\/lille-skammel-med-groen-snorflet_4.jpg\",\"width\":800,\"height\":800,\"caption\":\"lille gr\u00f8n skammel med snorflet\"},{\"@type\":\"BreadcrumbList\",\"@id\":\"https:\\\/\\\/tibladin.dk\\\/produkt\\\/skammel-med-snorflet-groen\\\/#breadcrumb\",\"itemListElement\":[{\"@type\":\"ListItem\",\"position\":1,\"name\":\"Hjem\",\"item\":\"https:\\\/\\\/tibladin.dk\\\/\"},{\"@type\":\"ListItem\",\"position\":2,\"name\":\"Shop\",\"item\":\"https:\\\/\\\/tibladin.dk\\\/shop\\\/\"},{\"@type\":\"ListItem\",\"position\":3,\"name\":\"Skammel med snorflet &#8211; Gr\u00f8n\"}]},{\"@type\":\"WebSite\",\"@id\":\"https:\\\/\\\/tibladin.dk\\\/#website\",\"url\":\"https:\\\/\\\/tibladin.dk\\\/\",\"name\":\"Tibladin\",\"description\":\"Tibladin\",\"publisher\":{\"@id\":\"https:\\\/\\\/tibladin.dk\\\/#organization\"},\"potentialAction\":[{\"@type\":\"SearchAction\",\"target\":{\"@type\":\"EntryPoint\",\"urlTemplate\":\"https:\\\/\\\/tibladin.dk\\\/?s={search_term_string}\"},\"query-input\":{\"@type\":\"PropertyValueSpecification\",\"valueRequired\":true,\"valueName\":\"search_term_string\"}}],\"inLanguage\":\"de\"},{\"@type\":\"Organization\",\"@id\":\"https:\\\/\\\/tibladin.dk\\\/#organization\",\"name\":\"Tibladin\",\"url\":\"https:\\\/\\\/tibladin.dk\\\/\",\"logo\":{\"@type\":\"ImageObject\",\"inLanguage\":\"de\",\"@id\":\"https:\\\/\\\/tibladin.dk\\\/#\\\/schema\\\/logo\\\/image\\\/\",\"url\":\"https:\\\/\\\/tibladin.dk\\\/wp-content\\\/uploads\\\/2022\\\/09\\\/tibladin_logo.svg\",\"contentUrl\":\"https:\\\/\\\/tibladin.dk\\\/wp-content\\\/uploads\\\/2022\\\/09\\\/tibladin_logo.svg\",\"caption\":\"Tibladin\"},\"image\":{\"@id\":\"https:\\\/\\\/tibladin.dk\\\/#\\\/schema\\\/logo\\\/image\\\/\"}}]}<\/script>\n<!-- \/ Yoast SEO plugin. -->","yoast_head_json":{"title":"Bank\/Hocker aus Holz mit Schnurgeflecht | Tibladin","description":"Hocker\/Bank mit geflochtenen Kordeln in einem tiefgr\u00fcnen Farbton. L\u00e4sst sich leicht in Ihr Interieur integrieren und verleiht ihm einen pers\u00f6nlichen und unkonventionellen Ausdruck.","robots":{"index":"index","follow":"follow","max-snippet":"max-snippet:-1","max-image-preview":"max-image-preview:large","max-video-preview":"max-video-preview:-1"},"canonical":"https:\/\/tibladin.dk\/de\/produkt\/hocker-mit-kordelgeflecht-grun\/","og_locale":"de_DE","og_type":"article","og_title":"B\u00e6nk\/Skammel i tr\u00e6 med snor flet | Tibladin","og_description":"Skammel\/b\u00e6nk med flet af snore ien dyb gr\u00f8n farve. Kan let tils\u00e6ttes din indretning og give et personligt og bo\u00eame udtryk.","og_url":"https:\/\/tibladin.dk\/de\/produkt\/hocker-mit-kordelgeflecht-grun\/","og_site_name":"Tibladin","article_modified_time":"2026-01-08T14:22:13+00:00","og_image":[{"width":800,"height":800,"url":"https:\/\/tibladin.dk\/wp-content\/uploads\/2025\/10\/lille-skammel-med-groen-snorflet_4.jpg","type":"image\/jpeg"}],"twitter_card":"summary_large_image","twitter_misc":{"Gesch\u00e4tzte Lesezeit":"3\u00a0Minuten"},"schema":{"@context":"https:\/\/schema.org","@graph":[{"@type":"WebPage","@id":"https:\/\/tibladin.dk\/produkt\/skammel-med-snorflet-groen\/","url":"https:\/\/tibladin.dk\/produkt\/skammel-med-snorflet-groen\/","name":"Bank\/Hocker aus Holz mit Schnurgeflecht | Tibladin","isPartOf":{"@id":"https:\/\/tibladin.dk\/#website"},"primaryImageOfPage":{"@id":"https:\/\/tibladin.dk\/produkt\/skammel-med-snorflet-groen\/#primaryimage"},"image":{"@id":"https:\/\/tibladin.dk\/produkt\/skammel-med-snorflet-groen\/#primaryimage"},"thumbnailUrl":"https:\/\/tibladin.dk\/wp-content\/uploads\/2025\/10\/lille-skammel-med-groen-snorflet_4.jpg","datePublished":"2025-10-19T07:41:03+00:00","dateModified":"2026-01-08T14:22:13+00:00","description":"Hocker\/Bank mit geflochtenen Kordeln in einem tiefgr\u00fcnen Farbton. L\u00e4sst sich leicht in Ihr Interieur integrieren und verleiht ihm einen pers\u00f6nlichen und unkonventionellen Ausdruck.","breadcrumb":{"@id":"https:\/\/tibladin.dk\/produkt\/skammel-med-snorflet-groen\/#breadcrumb"},"inLanguage":"de","potentialAction":[{"@type":"ReadAction","target":["https:\/\/tibladin.dk\/produkt\/skammel-med-snorflet-groen\/"]}]},{"@type":"ImageObject","inLanguage":"de","@id":"https:\/\/tibladin.dk\/produkt\/skammel-med-snorflet-groen\/#primaryimage","url":"https:\/\/tibladin.dk\/wp-content\/uploads\/2025\/10\/lille-skammel-med-groen-snorflet_4.jpg","contentUrl":"https:\/\/tibladin.dk\/wp-content\/uploads\/2025\/10\/lille-skammel-med-groen-snorflet_4.jpg","width":800,"height":800,"caption":"lille gr\u00f8n skammel med snorflet"},{"@type":"BreadcrumbList","@id":"https:\/\/tibladin.dk\/produkt\/skammel-med-snorflet-groen\/#breadcrumb","itemListElement":[{"@type":"ListItem","position":1,"name":"Hjem","item":"https:\/\/tibladin.dk\/"},{"@type":"ListItem","position":2,"name":"Shop","item":"https:\/\/tibladin.dk\/shop\/"},{"@type":"ListItem","position":3,"name":"Skammel med snorflet &#8211; Gr\u00f8n"}]},{"@type":"WebSite","@id":"https:\/\/tibladin.dk\/#website","url":"https:\/\/tibladin.dk\/","name":"Tibladin","description":"Tibladin","publisher":{"@id":"https:\/\/tibladin.dk\/#organization"},"potentialAction":[{"@type":"SearchAction","target":{"@type":"EntryPoint","urlTemplate":"https:\/\/tibladin.dk\/?s={search_term_string}"},"query-input":{"@type":"PropertyValueSpecification","valueRequired":true,"valueName":"search_term_string"}}],"inLanguage":"de"},{"@type":"Organization","@id":"https:\/\/tibladin.dk\/#organization","name":"Tibladin","url":"https:\/\/tibladin.dk\/","logo":{"@type":"ImageObject","inLanguage":"de","@id":"https:\/\/tibladin.dk\/#\/schema\/logo\/image\/","url":"https:\/\/tibladin.dk\/wp-content\/uploads\/2022\/09\/tibladin_logo.svg","contentUrl":"https:\/\/tibladin.dk\/wp-content\/uploads\/2022\/09\/tibladin_logo.svg","caption":"Tibladin"},"image":{"@id":"https:\/\/tibladin.dk\/#\/schema\/logo\/image\/"}}]}},"_links":{"self":[{"href":"https:\/\/tibladin.dk\/de\/wp-json\/wp\/v2\/product\/41226","targetHints":{"allow":["GET"]}}],"collection":[{"href":"https:\/\/tibladin.dk\/de\/wp-json\/wp\/v2\/product"}],"about":[{"href":"https:\/\/tibladin.dk\/de\/wp-json\/wp\/v2\/types\/product"}],"wp:featuredmedia":[{"embeddable":true,"href":"https:\/\/tibladin.dk\/de\/wp-json\/wp\/v2\/media\/41228"}],"wp:attachment":[{"href":"https:\/\/tibladin.dk\/de\/wp-json\/wp\/v2\/media?parent=41226"}],"wp:term":[{"taxonomy":"product_brand","embeddable":true,"href":"https:\/\/tibladin.dk\/de\/wp-json\/wp\/v2\/product_brand?post=41226"},{"taxonomy":"product_cat","embeddable":true,"href":"https:\/\/tibladin.dk\/de\/wp-json\/wp\/v2\/product_cat?post=41226"},{"taxonomy":"product_tag","embeddable":true,"href":"https:\/\/tibladin.dk\/de\/wp-json\/wp\/v2\/product_tag?post=41226"}],"curies":[{"name":"wp","href":"https:\/\/api.w.org\/{rel}","templated":true}]}}