{"id":41307,"date":"2025-10-22T12:23:49","date_gmt":"2025-10-22T10:23:49","guid":{"rendered":"https:\/\/tibladin.dk\/?post_type=product&#038;p=41307"},"modified":"2026-03-13T14:42:12","modified_gmt":"2026-03-13T13:42:12","slug":"marokkanische-tischleuchte-atlas-glow","status":"publish","type":"product","link":"https:\/\/tibladin.dk\/de\/produkt\/marokkansk-bordlampe-atlas-glow\/","title":{"rendered":"Marokkanische Tischlampe \u2013 Atlas Glow"},"content":{"rendered":"<div class=\"wpb-content-wrapper\"><div class=\"vc_row wpb_row vc_row-fluid\"><div class=\"wpb_column vc_column_container vc_col-sm-4\"><div class=\"vc_column-inner\"><div class=\"wpb_wrapper\"><\/div><\/div><\/div><div class=\"wpb_column vc_column_container vc_col-sm-4\"><div class=\"vc_column-inner\"><div class=\"wpb_wrapper\"><h3 style=\"text-align: left\" class=\"vc_custom_heading vc_do_custom_heading\" >Wartung<\/h3>\n\t<div class=\"wpb_text_column wpb_content_element\" >\n\t\t<div class=\"wpb_wrapper\">\n\t\t\t<p>Mit einem feuchten Tuch abwischen. Die Lampen k\u00f6nnen mit der Zeit ein wenig oxidieren, was ihnen zus\u00e4tzlichen Charme verleiht. Wenn Sie Ihre Lampe polieren m\u00f6chten, k\u00f6nnen Sie wie die Marokkaner ein Poliermittel oder etwas Zitronensaft verwenden.<\/p>\n\n\t\t<\/div>\n\t<\/div>\n<\/div><\/div><\/div><div class=\"wpb_column vc_column_container vc_col-sm-4\"><div class=\"vc_column-inner\"><div class=\"wpb_wrapper\"><h3 style=\"text-align: left\" class=\"vc_custom_heading vc_do_custom_heading\" >Die Geschichte dahinter<\/h3>\n\t<div class=\"wpb_text_column wpb_content_element\" >\n\t\t<div class=\"wpb_wrapper\">\n\t\t\t<p>Die Lampen bestehen aus silberfarbenem Metall mit kleinen, von Hand ausgeschlagenen Lochmustern. Die L\u00f6cher in der Lampe reflektieren das Licht in einem zauberhaften Glanz an die Wand und verleihen dem Raum eine ganz besondere Atmosph\u00e4re.<\/p>\n<p>Lampen aus Marokko verleihen Ihrer Einrichtung eine einzigartige Note und sorgen f\u00fcr ein dekoratives Licht.<\/p>\n<p>Die Lampen sind handgefertigt und es kann zu kleinen Unvollkommenheiten und Unterschieden in Muster und Form kommen.<\/p>\n<p>Holen Sie sich Ihre eigene Riad-Atmosph\u00e4re mit einer handgefertigten Lampe aus Marrakesch.<\/p>\n\n\t\t<\/div>\n\t<\/div>\n<\/div><\/div><\/div><\/div>\n<\/div>","protected":false},"excerpt":{"rendered":"<p>Schlicht, elegant und voller W\u00e4rme. Atlas Glow ist eine handgefertigte Messinglampe, bei der kleine, pr\u00e4zise gestanzte L\u00f6cher das Licht wie einen goldenen Sternenregen ausstrahlen lassen.<\/p>\n<p>Die organische Tropfenform verleiht der Lampe einen sanften und harmonischen Ausdruck, der sich perfekt in moderne wie auch klassische Wohnr\u00e4ume einf\u00fcgt. Nutzen Sie sie als Stimmungsleuchte auf einem Beistelltisch, auf der Fensterbank oder als gem\u00fctliches Licht in einer Wohnzimmerecke.<\/p>\n<p>Abmessungen: H 30 cm, \u00d8 18 cm<\/p>\n<p>Material: Handgeschnitztes Messing<\/p>\n<p>Fassung: E14 (Leuchtmittel nicht im Lieferumfang enthalten)<\/p>\n<p>Farbe: Messing<\/p>","protected":false},"featured_media":40962,"template":"","meta":{"inline_featured_image":false},"product_brand":[],"product_cat":[67,68],"product_tag":[],"class_list":{"0":"post-41307","1":"product","2":"type-product","3":"status-publish","4":"has-post-thumbnail","6":"product_cat-lamper","7":"product_cat-metal-lamper","9":"first","10":"instock","11":"taxable","12":"shipping-taxable","13":"purchasable","14":"product-type-simple"},"exclude_global_add_ons":false,"addons":[{"name":"M\u00f6chten Sie eine Geschenkverpackung?","type":"checkbox","position":0,"required":false,"title_format":"label","default":"","description_enable":false,"description":"","placeholder_enable":false,"placeholder":"","display":"images","restrictions_type":"any_text","adjust_price":false,"price":"","price_type":"flat_fee","restrictions":false,"min":"0","max":"0","options":[{"label":"Ja tak","price":"10","price_type":"flat_fee","image":11015,"visibility":true}],"id":1669646111}],"yoast_head":"<!-- This site is optimized with the Yoast SEO plugin v27.5 - https:\/\/yoast.com\/product\/yoast-seo-wordpress\/ -->\n<title>Marokkansk h\u00e5ndlavet messinglampe- Tibladin<\/title>\n<meta name=\"description\" content=\"Elegant messinglampe i dr\u00e5beform med fint udsk\u00e5ret m\u00f8nster. Atlas Glow spreder et varmt, fortryllende lys og skaber stemning i ethvert rum.\" \/>\n<meta name=\"robots\" content=\"index, follow, max-snippet:-1, max-image-preview:large, max-video-preview:-1\" \/>\n<link rel=\"canonical\" href=\"https:\/\/tibladin.dk\/de\/produkt\/marokkanische-tischleuchte-atlas-glow\/\" \/>\n<meta property=\"og:locale\" content=\"de_DE\" \/>\n<meta property=\"og:type\" content=\"article\" \/>\n<meta property=\"og:title\" content=\"Marokkansk h\u00e5ndlavet messinglampe- Tibladin\" \/>\n<meta property=\"og:description\" content=\"Elegant messinglampe i dr\u00e5beform med fint udsk\u00e5ret m\u00f8nster. Atlas Glow spreder et varmt, fortryllende lys og skaber stemning i ethvert rum.\" \/>\n<meta property=\"og:url\" content=\"https:\/\/tibladin.dk\/de\/produkt\/marokkanische-tischleuchte-atlas-glow\/\" \/>\n<meta property=\"og:site_name\" content=\"Tibladin\" \/>\n<meta property=\"article:modified_time\" content=\"2026-03-13T13:42:12+00:00\" \/>\n<meta property=\"og:image\" content=\"https:\/\/tibladin.dk\/wp-content\/uploads\/2025\/10\/Atlas_glow_5.jpg\" \/>\n\t<meta property=\"og:image:width\" content=\"800\" \/>\n\t<meta property=\"og:image:height\" content=\"800\" \/>\n\t<meta property=\"og:image:type\" content=\"image\/jpeg\" \/>\n<meta name=\"twitter:card\" content=\"summary_large_image\" \/>\n<meta name=\"twitter:label1\" content=\"Gesch\u00e4tzte Lesezeit\" \/>\n\t<meta name=\"twitter:data1\" content=\"2\u00a0Minuten\" \/>\n<script type=\"application\/ld+json\" class=\"yoast-schema-graph\">{\"@context\":\"https:\\\/\\\/schema.org\",\"@graph\":[{\"@type\":\"WebPage\",\"@id\":\"https:\\\/\\\/tibladin.dk\\\/produkt\\\/marokkansk-bordlampe-atlas-glow\\\/\",\"url\":\"https:\\\/\\\/tibladin.dk\\\/produkt\\\/marokkansk-bordlampe-atlas-glow\\\/\",\"name\":\"Marokkansk h\u00e5ndlavet messinglampe- Tibladin\",\"isPartOf\":{\"@id\":\"https:\\\/\\\/tibladin.dk\\\/#website\"},\"primaryImageOfPage\":{\"@id\":\"https:\\\/\\\/tibladin.dk\\\/produkt\\\/marokkansk-bordlampe-atlas-glow\\\/#primaryimage\"},\"image\":{\"@id\":\"https:\\\/\\\/tibladin.dk\\\/produkt\\\/marokkansk-bordlampe-atlas-glow\\\/#primaryimage\"},\"thumbnailUrl\":\"https:\\\/\\\/tibladin.dk\\\/wp-content\\\/uploads\\\/2025\\\/10\\\/Atlas_glow_5.jpg\",\"datePublished\":\"2025-10-22T10:23:49+00:00\",\"dateModified\":\"2026-03-13T13:42:12+00:00\",\"description\":\"Elegant messinglampe i dr\u00e5beform med fint udsk\u00e5ret m\u00f8nster. Atlas Glow spreder et varmt, fortryllende lys og skaber stemning i ethvert rum.\",\"breadcrumb\":{\"@id\":\"https:\\\/\\\/tibladin.dk\\\/produkt\\\/marokkansk-bordlampe-atlas-glow\\\/#breadcrumb\"},\"inLanguage\":\"de\",\"potentialAction\":[{\"@type\":\"ReadAction\",\"target\":[\"https:\\\/\\\/tibladin.dk\\\/produkt\\\/marokkansk-bordlampe-atlas-glow\\\/\"]}]},{\"@type\":\"ImageObject\",\"inLanguage\":\"de\",\"@id\":\"https:\\\/\\\/tibladin.dk\\\/produkt\\\/marokkansk-bordlampe-atlas-glow\\\/#primaryimage\",\"url\":\"https:\\\/\\\/tibladin.dk\\\/wp-content\\\/uploads\\\/2025\\\/10\\\/Atlas_glow_5.jpg\",\"contentUrl\":\"https:\\\/\\\/tibladin.dk\\\/wp-content\\\/uploads\\\/2025\\\/10\\\/Atlas_glow_5.jpg\",\"width\":800,\"height\":800,\"caption\":\"Atlas_glow_5\"},{\"@type\":\"BreadcrumbList\",\"@id\":\"https:\\\/\\\/tibladin.dk\\\/produkt\\\/marokkansk-bordlampe-atlas-glow\\\/#breadcrumb\",\"itemListElement\":[{\"@type\":\"ListItem\",\"position\":1,\"name\":\"Hjem\",\"item\":\"https:\\\/\\\/tibladin.dk\\\/\"},{\"@type\":\"ListItem\",\"position\":2,\"name\":\"Shop\",\"item\":\"https:\\\/\\\/tibladin.dk\\\/shop\\\/\"},{\"@type\":\"ListItem\",\"position\":3,\"name\":\"Marokkansk bordlampe &#8211; Atlas Glow\"}]},{\"@type\":\"WebSite\",\"@id\":\"https:\\\/\\\/tibladin.dk\\\/#website\",\"url\":\"https:\\\/\\\/tibladin.dk\\\/\",\"name\":\"Tibladin\",\"description\":\"Tibladin\",\"publisher\":{\"@id\":\"https:\\\/\\\/tibladin.dk\\\/#organization\"},\"potentialAction\":[{\"@type\":\"SearchAction\",\"target\":{\"@type\":\"EntryPoint\",\"urlTemplate\":\"https:\\\/\\\/tibladin.dk\\\/?s={search_term_string}\"},\"query-input\":{\"@type\":\"PropertyValueSpecification\",\"valueRequired\":true,\"valueName\":\"search_term_string\"}}],\"inLanguage\":\"de\"},{\"@type\":\"Organization\",\"@id\":\"https:\\\/\\\/tibladin.dk\\\/#organization\",\"name\":\"Tibladin\",\"url\":\"https:\\\/\\\/tibladin.dk\\\/\",\"logo\":{\"@type\":\"ImageObject\",\"inLanguage\":\"de\",\"@id\":\"https:\\\/\\\/tibladin.dk\\\/#\\\/schema\\\/logo\\\/image\\\/\",\"url\":\"https:\\\/\\\/tibladin.dk\\\/wp-content\\\/uploads\\\/2022\\\/09\\\/tibladin_logo.svg\",\"contentUrl\":\"https:\\\/\\\/tibladin.dk\\\/wp-content\\\/uploads\\\/2022\\\/09\\\/tibladin_logo.svg\",\"caption\":\"Tibladin\"},\"image\":{\"@id\":\"https:\\\/\\\/tibladin.dk\\\/#\\\/schema\\\/logo\\\/image\\\/\"}}]}<\/script>\n<!-- \/ Yoast SEO plugin. -->","yoast_head_json":{"title":"Marokkanische handgefertigte Messinglampe - Tibladin","description":"Elegante Messinglampe in Tropfenform mit fein geschnitztem Muster. Atlas Glow verbreitet ein warmes, bezauberndes Licht und schafft in jedem Raum eine stimmungsvolle Atmosph\u00e4re.","robots":{"index":"index","follow":"follow","max-snippet":"max-snippet:-1","max-image-preview":"max-image-preview:large","max-video-preview":"max-video-preview:-1"},"canonical":"https:\/\/tibladin.dk\/de\/produkt\/marokkanische-tischleuchte-atlas-glow\/","og_locale":"de_DE","og_type":"article","og_title":"Marokkansk h\u00e5ndlavet messinglampe- Tibladin","og_description":"Elegant messinglampe i dr\u00e5beform med fint udsk\u00e5ret m\u00f8nster. Atlas Glow spreder et varmt, fortryllende lys og skaber stemning i ethvert rum.","og_url":"https:\/\/tibladin.dk\/de\/produkt\/marokkanische-tischleuchte-atlas-glow\/","og_site_name":"Tibladin","article_modified_time":"2026-03-13T13:42:12+00:00","og_image":[{"width":800,"height":800,"url":"https:\/\/tibladin.dk\/wp-content\/uploads\/2025\/10\/Atlas_glow_5.jpg","type":"image\/jpeg"}],"twitter_card":"summary_large_image","twitter_misc":{"Gesch\u00e4tzte Lesezeit":"2\u00a0Minuten"},"schema":{"@context":"https:\/\/schema.org","@graph":[{"@type":"WebPage","@id":"https:\/\/tibladin.dk\/produkt\/marokkansk-bordlampe-atlas-glow\/","url":"https:\/\/tibladin.dk\/produkt\/marokkansk-bordlampe-atlas-glow\/","name":"Marokkanische handgefertigte Messinglampe - Tibladin","isPartOf":{"@id":"https:\/\/tibladin.dk\/#website"},"primaryImageOfPage":{"@id":"https:\/\/tibladin.dk\/produkt\/marokkansk-bordlampe-atlas-glow\/#primaryimage"},"image":{"@id":"https:\/\/tibladin.dk\/produkt\/marokkansk-bordlampe-atlas-glow\/#primaryimage"},"thumbnailUrl":"https:\/\/tibladin.dk\/wp-content\/uploads\/2025\/10\/Atlas_glow_5.jpg","datePublished":"2025-10-22T10:23:49+00:00","dateModified":"2026-03-13T13:42:12+00:00","description":"Elegante Messinglampe in Tropfenform mit fein geschnitztem Muster. Atlas Glow verbreitet ein warmes, bezauberndes Licht und schafft in jedem Raum eine stimmungsvolle Atmosph\u00e4re.","breadcrumb":{"@id":"https:\/\/tibladin.dk\/produkt\/marokkansk-bordlampe-atlas-glow\/#breadcrumb"},"inLanguage":"de","potentialAction":[{"@type":"ReadAction","target":["https:\/\/tibladin.dk\/produkt\/marokkansk-bordlampe-atlas-glow\/"]}]},{"@type":"ImageObject","inLanguage":"de","@id":"https:\/\/tibladin.dk\/produkt\/marokkansk-bordlampe-atlas-glow\/#primaryimage","url":"https:\/\/tibladin.dk\/wp-content\/uploads\/2025\/10\/Atlas_glow_5.jpg","contentUrl":"https:\/\/tibladin.dk\/wp-content\/uploads\/2025\/10\/Atlas_glow_5.jpg","width":800,"height":800,"caption":"Atlas_glow_5"},{"@type":"BreadcrumbList","@id":"https:\/\/tibladin.dk\/produkt\/marokkansk-bordlampe-atlas-glow\/#breadcrumb","itemListElement":[{"@type":"ListItem","position":1,"name":"Hjem","item":"https:\/\/tibladin.dk\/"},{"@type":"ListItem","position":2,"name":"Shop","item":"https:\/\/tibladin.dk\/shop\/"},{"@type":"ListItem","position":3,"name":"Marokkansk bordlampe &#8211; Atlas Glow"}]},{"@type":"WebSite","@id":"https:\/\/tibladin.dk\/#website","url":"https:\/\/tibladin.dk\/","name":"Tibladin","description":"Tibladin","publisher":{"@id":"https:\/\/tibladin.dk\/#organization"},"potentialAction":[{"@type":"SearchAction","target":{"@type":"EntryPoint","urlTemplate":"https:\/\/tibladin.dk\/?s={search_term_string}"},"query-input":{"@type":"PropertyValueSpecification","valueRequired":true,"valueName":"search_term_string"}}],"inLanguage":"de"},{"@type":"Organization","@id":"https:\/\/tibladin.dk\/#organization","name":"Tibladin","url":"https:\/\/tibladin.dk\/","logo":{"@type":"ImageObject","inLanguage":"de","@id":"https:\/\/tibladin.dk\/#\/schema\/logo\/image\/","url":"https:\/\/tibladin.dk\/wp-content\/uploads\/2022\/09\/tibladin_logo.svg","contentUrl":"https:\/\/tibladin.dk\/wp-content\/uploads\/2022\/09\/tibladin_logo.svg","caption":"Tibladin"},"image":{"@id":"https:\/\/tibladin.dk\/#\/schema\/logo\/image\/"}}]}},"_links":{"self":[{"href":"https:\/\/tibladin.dk\/de\/wp-json\/wp\/v2\/product\/41307","targetHints":{"allow":["GET"]}}],"collection":[{"href":"https:\/\/tibladin.dk\/de\/wp-json\/wp\/v2\/product"}],"about":[{"href":"https:\/\/tibladin.dk\/de\/wp-json\/wp\/v2\/types\/product"}],"wp:featuredmedia":[{"embeddable":true,"href":"https:\/\/tibladin.dk\/de\/wp-json\/wp\/v2\/media\/40962"}],"wp:attachment":[{"href":"https:\/\/tibladin.dk\/de\/wp-json\/wp\/v2\/media?parent=41307"}],"wp:term":[{"taxonomy":"product_brand","embeddable":true,"href":"https:\/\/tibladin.dk\/de\/wp-json\/wp\/v2\/product_brand?post=41307"},{"taxonomy":"product_cat","embeddable":true,"href":"https:\/\/tibladin.dk\/de\/wp-json\/wp\/v2\/product_cat?post=41307"},{"taxonomy":"product_tag","embeddable":true,"href":"https:\/\/tibladin.dk\/de\/wp-json\/wp\/v2\/product_tag?post=41307"}],"curies":[{"name":"wp","href":"https:\/\/api.w.org\/{rel}","templated":true}]}}