{"id":41364,"date":"2025-10-23T10:42:30","date_gmt":"2025-10-23T08:42:30","guid":{"rendered":"https:\/\/tibladin.dk\/?post_type=product&#038;p=41364"},"modified":"2026-03-13T14:42:09","modified_gmt":"2026-03-13T13:42:09","slug":"gelber-blumentopfuberzug-fur-tamegroot","status":"publish","type":"product","link":"https:\/\/tibladin.dk\/de\/produkt\/tamegroute-urtepotteskjuler-gul\/","title":{"rendered":"Tamegroute Blumentopfabdeckung - GELB"},"content":{"rendered":"<div class=\"wpb-content-wrapper\"><div class=\"vc_row wpb_row vc_row-fluid\"><div class=\"wpb_column vc_column_container vc_col-sm-4\"><div class=\"vc_column-inner\"><div class=\"wpb_wrapper\"><\/div><\/div><\/div><div class=\"wpb_column vc_column_container vc_col-sm-4\"><div class=\"vc_column-inner\"><div class=\"wpb_wrapper\"><h3 style=\"text-align: left\" class=\"vc_custom_heading vc_do_custom_heading\" >Wartung<\/h3>\n\t<div class=\"wpb_text_column wpb_content_element\" >\n\t\t<div class=\"wpb_wrapper\">\n\t\t\t<p>Da die Oberfl\u00e4che mit einer Kupfer- und Eisenschicht \u00fcberzogen ist, kann sich das Gef\u00e4\u00df mit der Zeit fettig anf\u00fchlen. Dies l\u00e4sst sich durch Abwaschen mit Wasser und Seife entfernen.<\/p>\n\n\t\t<\/div>\n\t<\/div>\n<\/div><\/div><\/div><div class=\"wpb_column vc_column_container vc_col-sm-4\"><div class=\"vc_column-inner\"><div class=\"wpb_wrapper\"><h3 style=\"text-align: left\" class=\"vc_custom_heading vc_do_custom_heading\" >Die Geschichte dahinter<\/h3>\n\t<div class=\"wpb_text_column wpb_content_element\" >\n\t\t<div class=\"wpb_wrapper\">\n\t\t\t<p>Charakteristisch f\u00fcr die Keramik aus Tamegroute ist ihre tiefgr\u00fcne Farbe. Die Glasur verleiht ihr eine wundersch\u00f6ne, glatte Oberfl\u00e4che mit einem faszinierenden Farbenspiel und entsteht nach dem ersten Brand bei 1000 Grad im Steinofen. Dieser Brennvorgang dauert 24 Stunden, wobei die charakteristische Farbe unter sehr geringem Sauerstoffgehalt im Ofen entsteht. Nach dem Abk\u00fchlen des Ofens wird die Keramik mit einer Eisen-Kupfer-Mischung \u00fcberzogen, die ihr ein einzigartiges, rissiges und bezauberndes Aussehen verleiht.<\/p>\n<p>Kleine Risse, Spalten und Unebenheiten machen die Keramik aus Tamegroute einzigartig und besonders. Diese Brenn- und Bearbeitungsmethode ist den Kunsthandwerkern vorbehalten und wird ausschlie\u00dflich handwerklich und niemals industriell angewendet.<\/p>\n<div id=\"comp-k9oy2jpc\" class=\"_1Z_nJ\" data-testid=\"richTextElement\">\n<p class=\"font_7\">Tamegroute liegt im S\u00fcden Marokkos an der Grenze zur Sahara. In der Berbersprache bedeutet Tamegroute: \u201dder letzte Ort vor der W\u00fcste\u201d.\u201d<\/p>\n<\/div>\n\n\t\t<\/div>\n\t<\/div>\n<\/div><\/div><\/div><\/div>\n<\/div>","protected":false},"excerpt":{"rendered":"<p data-start=\"0\" data-end=\"100\">Wundersch\u00f6ner Blumentopfhalter aus der ikonischen gelben Tamegroute-Keramik \u2013 ein wahres St\u00fcck marokkanischer Handwerkskunst.<\/p>\n<p data-start=\"102\" data-end=\"404\">Die Keramik aus der Stadt Tamegroute ist bekannt f\u00fcr ihren warmen, goldenen Farbton und ihre glatte, lebendige Glasur mit nat\u00fcrlichem Farbspiel. Nach dem ersten Brand bei etwa 1000 Grad wird die Oberfl\u00e4che mit einer Mischung aus Eisen und Kupfer \u00fcberzogen, die ihr das charakteristische, leicht rissige und authentische Aussehen verleiht.<\/p>\n<p data-start=\"406\" data-end=\"609\">Kleine Risse, Unregelm\u00e4\u00dfigkeiten und Abweichungen in der Glasur sind ein nat\u00fcrlicher Teil der Handwerkskunst und machen jeden Topf zu einem Unikat. Diese traditionelle Technik wird ausschlie\u00dflich von lokalen Handwerkern ausgef\u00fchrt \u2013 niemals industriell.<\/p>\n<p data-start=\"611\" data-end=\"656\" data-is-last-node=\"\" data-is-only-node=\"\"><strong data-start=\"611\" data-end=\"619\">Ziel:<\/strong> H\u00f6he ca. 24 cm, Durchmesser ca. 20 cm.<\/p>\n<p data-start=\"611\" data-end=\"656\" data-is-last-node=\"\" data-is-only-node=\"\">Der Blumentopfdeckel ist innen nicht vollst\u00e4ndig glasiert und wir k\u00f6nnen nicht garantieren, dass er Wasser h\u00e4lt. Gie\u00dfen Sie Ihre Topfpflanze au\u00dferhalb des Blumentopfdeckels und legen Sie etwas Plastik auf den Boden.<\/p>","protected":false},"featured_media":41040,"template":"","meta":{"inline_featured_image":false},"product_brand":[],"product_cat":[51,138,92],"product_tag":[],"class_list":{"0":"post-41364","1":"product","2":"type-product","3":"status-publish","4":"has-post-thumbnail","6":"product_cat-opbevaring","7":"product_cat-tamegroute-keramik","8":"product_cat-urtepotteskjulere","10":"first","11":"instock","12":"taxable","13":"shipping-taxable","14":"purchasable","15":"product-type-simple"},"exclude_global_add_ons":false,"addons":[{"name":"M\u00f6chten Sie eine Geschenkverpackung?","type":"checkbox","position":0,"required":false,"title_format":"label","default":"","description_enable":false,"description":"","placeholder_enable":false,"placeholder":"","display":"images","restrictions_type":"any_text","adjust_price":false,"price":"","price_type":"flat_fee","restrictions":false,"min":"0","max":"0","options":[{"label":"Ja tak","price":"10","price_type":"flat_fee","image":11015,"visibility":true}],"id":1669646111}],"yoast_head":"<!-- This site is optimized with the Yoast SEO plugin v27.5 - https:\/\/yoast.com\/product\/yoast-seo-wordpress\/ -->\n<title>Urtepotteskjuler marokkansk Tamegroute keramik- Tibladin<\/title>\n<meta name=\"description\" content=\"Gul urtepotteskjuler i Tamegroute-keramik med smukt farvespil og r\u00e5, h\u00e5ndlavet overflade. Hver potte er unik og fuld af karakter.\" \/>\n<meta name=\"robots\" content=\"index, follow, max-snippet:-1, max-image-preview:large, max-video-preview:-1\" \/>\n<link rel=\"canonical\" href=\"https:\/\/tibladin.dk\/de\/produkt\/gelber-blumentopfuberzug-fur-tamegroot\/\" \/>\n<meta property=\"og:locale\" content=\"de_DE\" \/>\n<meta property=\"og:type\" content=\"article\" \/>\n<meta property=\"og:title\" content=\"Urtepotteskjuler marokkansk Tamegroute keramik- Tibladin\" \/>\n<meta property=\"og:description\" content=\"Gul urtepotteskjuler i Tamegroute-keramik med smukt farvespil og r\u00e5, h\u00e5ndlavet overflade. Hver potte er unik og fuld af karakter.\" \/>\n<meta property=\"og:url\" content=\"https:\/\/tibladin.dk\/de\/produkt\/gelber-blumentopfuberzug-fur-tamegroot\/\" \/>\n<meta property=\"og:site_name\" content=\"Tibladin\" \/>\n<meta property=\"article:modified_time\" content=\"2026-03-13T13:42:09+00:00\" \/>\n<meta property=\"og:image\" content=\"https:\/\/tibladin.dk\/wp-content\/uploads\/2025\/10\/urtepotteskjuler-paa-fod-gul-Tamegroute_8.jpg\" \/>\n\t<meta property=\"og:image:width\" content=\"800\" \/>\n\t<meta property=\"og:image:height\" content=\"800\" \/>\n\t<meta property=\"og:image:type\" content=\"image\/jpeg\" \/>\n<meta name=\"twitter:card\" content=\"summary_large_image\" \/>\n<meta name=\"twitter:label1\" content=\"Gesch\u00e4tzte Lesezeit\" \/>\n\t<meta name=\"twitter:data1\" content=\"2\u00a0Minuten\" \/>\n<script type=\"application\/ld+json\" class=\"yoast-schema-graph\">{\"@context\":\"https:\\\/\\\/schema.org\",\"@graph\":[{\"@type\":\"WebPage\",\"@id\":\"https:\\\/\\\/tibladin.dk\\\/produkt\\\/tamegroute-urtepotteskjuler-gul\\\/\",\"url\":\"https:\\\/\\\/tibladin.dk\\\/produkt\\\/tamegroute-urtepotteskjuler-gul\\\/\",\"name\":\"Urtepotteskjuler marokkansk Tamegroute keramik- Tibladin\",\"isPartOf\":{\"@id\":\"https:\\\/\\\/tibladin.dk\\\/#website\"},\"primaryImageOfPage\":{\"@id\":\"https:\\\/\\\/tibladin.dk\\\/produkt\\\/tamegroute-urtepotteskjuler-gul\\\/#primaryimage\"},\"image\":{\"@id\":\"https:\\\/\\\/tibladin.dk\\\/produkt\\\/tamegroute-urtepotteskjuler-gul\\\/#primaryimage\"},\"thumbnailUrl\":\"https:\\\/\\\/tibladin.dk\\\/wp-content\\\/uploads\\\/2025\\\/10\\\/urtepotteskjuler-paa-fod-gul-Tamegroute_8.jpg\",\"datePublished\":\"2025-10-23T08:42:30+00:00\",\"dateModified\":\"2026-03-13T13:42:09+00:00\",\"description\":\"Gul urtepotteskjuler i Tamegroute-keramik med smukt farvespil og r\u00e5, h\u00e5ndlavet overflade. Hver potte er unik og fuld af karakter.\",\"breadcrumb\":{\"@id\":\"https:\\\/\\\/tibladin.dk\\\/produkt\\\/tamegroute-urtepotteskjuler-gul\\\/#breadcrumb\"},\"inLanguage\":\"de\",\"potentialAction\":[{\"@type\":\"ReadAction\",\"target\":[\"https:\\\/\\\/tibladin.dk\\\/produkt\\\/tamegroute-urtepotteskjuler-gul\\\/\"]}]},{\"@type\":\"ImageObject\",\"inLanguage\":\"de\",\"@id\":\"https:\\\/\\\/tibladin.dk\\\/produkt\\\/tamegroute-urtepotteskjuler-gul\\\/#primaryimage\",\"url\":\"https:\\\/\\\/tibladin.dk\\\/wp-content\\\/uploads\\\/2025\\\/10\\\/urtepotteskjuler-paa-fod-gul-Tamegroute_8.jpg\",\"contentUrl\":\"https:\\\/\\\/tibladin.dk\\\/wp-content\\\/uploads\\\/2025\\\/10\\\/urtepotteskjuler-paa-fod-gul-Tamegroute_8.jpg\",\"width\":800,\"height\":800,\"caption\":\"urtepotteskjuler-paa-fod-gul-Tamegroute_8\"},{\"@type\":\"BreadcrumbList\",\"@id\":\"https:\\\/\\\/tibladin.dk\\\/produkt\\\/tamegroute-urtepotteskjuler-gul\\\/#breadcrumb\",\"itemListElement\":[{\"@type\":\"ListItem\",\"position\":1,\"name\":\"Hjem\",\"item\":\"https:\\\/\\\/tibladin.dk\\\/\"},{\"@type\":\"ListItem\",\"position\":2,\"name\":\"Shop\",\"item\":\"https:\\\/\\\/tibladin.dk\\\/shop\\\/\"},{\"@type\":\"ListItem\",\"position\":3,\"name\":\"Tamegroute Urtepotteskjuler- GUL\"}]},{\"@type\":\"WebSite\",\"@id\":\"https:\\\/\\\/tibladin.dk\\\/#website\",\"url\":\"https:\\\/\\\/tibladin.dk\\\/\",\"name\":\"Tibladin\",\"description\":\"Tibladin\",\"publisher\":{\"@id\":\"https:\\\/\\\/tibladin.dk\\\/#organization\"},\"potentialAction\":[{\"@type\":\"SearchAction\",\"target\":{\"@type\":\"EntryPoint\",\"urlTemplate\":\"https:\\\/\\\/tibladin.dk\\\/?s={search_term_string}\"},\"query-input\":{\"@type\":\"PropertyValueSpecification\",\"valueRequired\":true,\"valueName\":\"search_term_string\"}}],\"inLanguage\":\"de\"},{\"@type\":\"Organization\",\"@id\":\"https:\\\/\\\/tibladin.dk\\\/#organization\",\"name\":\"Tibladin\",\"url\":\"https:\\\/\\\/tibladin.dk\\\/\",\"logo\":{\"@type\":\"ImageObject\",\"inLanguage\":\"de\",\"@id\":\"https:\\\/\\\/tibladin.dk\\\/#\\\/schema\\\/logo\\\/image\\\/\",\"url\":\"https:\\\/\\\/tibladin.dk\\\/wp-content\\\/uploads\\\/2022\\\/09\\\/tibladin_logo.svg\",\"contentUrl\":\"https:\\\/\\\/tibladin.dk\\\/wp-content\\\/uploads\\\/2022\\\/09\\\/tibladin_logo.svg\",\"caption\":\"Tibladin\"},\"image\":{\"@id\":\"https:\\\/\\\/tibladin.dk\\\/#\\\/schema\\\/logo\\\/image\\\/\"}}]}<\/script>\n<!-- \/ Yoast SEO plugin. -->","yoast_head_json":{"title":"Blumentopf\u00fcberz\u00fcge aus marokkanischer Tamegroute-Keramik - Tibladin","description":"Gelber Blumentopfdeckel aus Tamegroute-Keramik mit wundersch\u00f6nem Farbenspiel und einer rauen, handgefertigten Oberfl\u00e4che. Jeder Topf ist ein Unikat und voller Charakter.","robots":{"index":"index","follow":"follow","max-snippet":"max-snippet:-1","max-image-preview":"max-image-preview:large","max-video-preview":"max-video-preview:-1"},"canonical":"https:\/\/tibladin.dk\/de\/produkt\/gelber-blumentopfuberzug-fur-tamegroot\/","og_locale":"de_DE","og_type":"article","og_title":"Urtepotteskjuler marokkansk Tamegroute keramik- Tibladin","og_description":"Gul urtepotteskjuler i Tamegroute-keramik med smukt farvespil og r\u00e5, h\u00e5ndlavet overflade. Hver potte er unik og fuld af karakter.","og_url":"https:\/\/tibladin.dk\/de\/produkt\/gelber-blumentopfuberzug-fur-tamegroot\/","og_site_name":"Tibladin","article_modified_time":"2026-03-13T13:42:09+00:00","og_image":[{"width":800,"height":800,"url":"https:\/\/tibladin.dk\/wp-content\/uploads\/2025\/10\/urtepotteskjuler-paa-fod-gul-Tamegroute_8.jpg","type":"image\/jpeg"}],"twitter_card":"summary_large_image","twitter_misc":{"Gesch\u00e4tzte Lesezeit":"2\u00a0Minuten"},"schema":{"@context":"https:\/\/schema.org","@graph":[{"@type":"WebPage","@id":"https:\/\/tibladin.dk\/produkt\/tamegroute-urtepotteskjuler-gul\/","url":"https:\/\/tibladin.dk\/produkt\/tamegroute-urtepotteskjuler-gul\/","name":"Blumentopf\u00fcberz\u00fcge aus marokkanischer Tamegroute-Keramik - Tibladin","isPartOf":{"@id":"https:\/\/tibladin.dk\/#website"},"primaryImageOfPage":{"@id":"https:\/\/tibladin.dk\/produkt\/tamegroute-urtepotteskjuler-gul\/#primaryimage"},"image":{"@id":"https:\/\/tibladin.dk\/produkt\/tamegroute-urtepotteskjuler-gul\/#primaryimage"},"thumbnailUrl":"https:\/\/tibladin.dk\/wp-content\/uploads\/2025\/10\/urtepotteskjuler-paa-fod-gul-Tamegroute_8.jpg","datePublished":"2025-10-23T08:42:30+00:00","dateModified":"2026-03-13T13:42:09+00:00","description":"Gelber Blumentopfdeckel aus Tamegroute-Keramik mit wundersch\u00f6nem Farbenspiel und einer rauen, handgefertigten Oberfl\u00e4che. Jeder Topf ist ein Unikat und voller Charakter.","breadcrumb":{"@id":"https:\/\/tibladin.dk\/produkt\/tamegroute-urtepotteskjuler-gul\/#breadcrumb"},"inLanguage":"de","potentialAction":[{"@type":"ReadAction","target":["https:\/\/tibladin.dk\/produkt\/tamegroute-urtepotteskjuler-gul\/"]}]},{"@type":"ImageObject","inLanguage":"de","@id":"https:\/\/tibladin.dk\/produkt\/tamegroute-urtepotteskjuler-gul\/#primaryimage","url":"https:\/\/tibladin.dk\/wp-content\/uploads\/2025\/10\/urtepotteskjuler-paa-fod-gul-Tamegroute_8.jpg","contentUrl":"https:\/\/tibladin.dk\/wp-content\/uploads\/2025\/10\/urtepotteskjuler-paa-fod-gul-Tamegroute_8.jpg","width":800,"height":800,"caption":"urtepotteskjuler-paa-fod-gul-Tamegroute_8"},{"@type":"BreadcrumbList","@id":"https:\/\/tibladin.dk\/produkt\/tamegroute-urtepotteskjuler-gul\/#breadcrumb","itemListElement":[{"@type":"ListItem","position":1,"name":"Hjem","item":"https:\/\/tibladin.dk\/"},{"@type":"ListItem","position":2,"name":"Shop","item":"https:\/\/tibladin.dk\/shop\/"},{"@type":"ListItem","position":3,"name":"Tamegroute Urtepotteskjuler- GUL"}]},{"@type":"WebSite","@id":"https:\/\/tibladin.dk\/#website","url":"https:\/\/tibladin.dk\/","name":"Tibladin","description":"Tibladin","publisher":{"@id":"https:\/\/tibladin.dk\/#organization"},"potentialAction":[{"@type":"SearchAction","target":{"@type":"EntryPoint","urlTemplate":"https:\/\/tibladin.dk\/?s={search_term_string}"},"query-input":{"@type":"PropertyValueSpecification","valueRequired":true,"valueName":"search_term_string"}}],"inLanguage":"de"},{"@type":"Organization","@id":"https:\/\/tibladin.dk\/#organization","name":"Tibladin","url":"https:\/\/tibladin.dk\/","logo":{"@type":"ImageObject","inLanguage":"de","@id":"https:\/\/tibladin.dk\/#\/schema\/logo\/image\/","url":"https:\/\/tibladin.dk\/wp-content\/uploads\/2022\/09\/tibladin_logo.svg","contentUrl":"https:\/\/tibladin.dk\/wp-content\/uploads\/2022\/09\/tibladin_logo.svg","caption":"Tibladin"},"image":{"@id":"https:\/\/tibladin.dk\/#\/schema\/logo\/image\/"}}]}},"_links":{"self":[{"href":"https:\/\/tibladin.dk\/de\/wp-json\/wp\/v2\/product\/41364","targetHints":{"allow":["GET"]}}],"collection":[{"href":"https:\/\/tibladin.dk\/de\/wp-json\/wp\/v2\/product"}],"about":[{"href":"https:\/\/tibladin.dk\/de\/wp-json\/wp\/v2\/types\/product"}],"wp:featuredmedia":[{"embeddable":true,"href":"https:\/\/tibladin.dk\/de\/wp-json\/wp\/v2\/media\/41040"}],"wp:attachment":[{"href":"https:\/\/tibladin.dk\/de\/wp-json\/wp\/v2\/media?parent=41364"}],"wp:term":[{"taxonomy":"product_brand","embeddable":true,"href":"https:\/\/tibladin.dk\/de\/wp-json\/wp\/v2\/product_brand?post=41364"},{"taxonomy":"product_cat","embeddable":true,"href":"https:\/\/tibladin.dk\/de\/wp-json\/wp\/v2\/product_cat?post=41364"},{"taxonomy":"product_tag","embeddable":true,"href":"https:\/\/tibladin.dk\/de\/wp-json\/wp\/v2\/product_tag?post=41364"}],"curies":[{"name":"wp","href":"https:\/\/api.w.org\/{rel}","templated":true}]}}