{"id":41421,"date":"2025-10-23T15:17:39","date_gmt":"2025-10-23T13:17:39","guid":{"rendered":"https:\/\/tibladin.dk\/?post_type=product&#038;p=41421"},"modified":"2025-10-28T12:20:07","modified_gmt":"2025-10-28T11:20:07","slug":"soelv-bakker-geometrie","status":"publish","type":"product","link":"https:\/\/tibladin.dk\/de\/produkt\/soelv-bakker-geometry\/","title":{"rendered":"Silbertabletts \u2013 GEOMETRIE"},"content":{"rendered":"<div class=\"wpb-content-wrapper\"><div class=\"vc_row wpb_row vc_row-fluid\"><div class=\"wpb_column vc_column_container vc_col-sm-4\"><div class=\"vc_column-inner\"><div class=\"wpb_wrapper\"><\/div><\/div><\/div><div class=\"wpb_column vc_column_container vc_col-sm-4\"><div class=\"vc_column-inner\"><div class=\"wpb_wrapper\"><h3 style=\"text-align: left\" class=\"vc_custom_heading vc_do_custom_heading\" >Wartung<\/h3>\n\t<div class=\"wpb_text_column wpb_content_element\" >\n\t\t<div class=\"wpb_wrapper\">\n\t\t\t<p>Das Tablett kann mit einem feuchten Tuch abgewischt und mit Silberpolitur poliert werden.<\/p>\n\n\t\t<\/div>\n\t<\/div>\n<\/div><\/div><\/div><div class=\"wpb_column vc_column_container vc_col-sm-4\"><div class=\"vc_column-inner\"><div class=\"wpb_wrapper\"><h3 style=\"text-align: left\" class=\"vc_custom_heading vc_do_custom_heading\" >Die Geschichte dahinter<\/h3>\n\t<div class=\"wpb_text_column wpb_content_element\" >\n\t\t<div class=\"wpb_wrapper\">\n\t\t\t<p data-start=\"0\" data-end=\"327\">Die Geschichte dieser handgefertigten Silbertabletts aus Marokko beginnt in den alten Souks, wo die Metallverarbeitung seit Jahrhunderten zur Handwerkstradition geh\u00f6rt. Besonders in St\u00e4dten wie F\u00e8s und Marrakesch sind die Metallhandwerker (genannt Metallschmiede) auf die Herstellung und Verarbeitung von Silbertabletts spezialisiert. <em data-start=\"220\" data-end=\"228\">Mahlzeit<\/em>) verfeinerte die Kunst des Gravierens, H\u00e4mmerns und Formens von Metall zu angewandter Kunst mit tiefer symbolischer Bedeutung.<\/p>\n<p data-start=\"329\" data-end=\"771\">Diese Tabletts sind aus silberfarbenem Messing gefertigt, einem Material, das sowohl robust als auch leicht zu bearbeiten ist. Jedes Tablett ist handgraviert mit traditionellen geometrischen Mustern, die von islamischer Kunst und Zellige-Fliesen \u2013 den detailreichen Mosaiken, die Riads und Moscheen in ganz Marokko schm\u00fccken \u2013 inspiriert sind. Die sich wiederholenden Sternmotive symbolisieren Harmonie und Ewigkeit, w\u00e4hrend die ineinander verschlungenen Muster die Verbindung zwischen dem Irdischen und dem Spirituellen darstellen.<\/p>\n<p data-start=\"773\" data-end=\"1169\">Die Tabletts sind nicht nur funktional, sondern erz\u00e4hlen auch eine Geschichte von Handwerkskunst, Tradition und \u00c4sthetik. Urspr\u00fcnglich wurden sie im Rahmen der marokkanischen Gastfreundschaft \u2013 einem zentralen Element der Kultur \u2013 zum Servieren von Tee und S\u00fc\u00dfigkeiten verwendet. Heute dienen sie als Serviertabletts, Dekorationsobjekte und Wandschmuck, wo ihre filigranen Gravuren das Licht reflektieren und modernen Wohnungen einen Hauch orientalischer Eleganz verleihen.<\/p>\n\n\t\t<\/div>\n\t<\/div>\n<\/div><\/div><\/div><\/div>\n<\/div>","protected":false},"excerpt":{"rendered":"<p>Antike, rechteckige Tabletts aus silberfarbenem Metall, handgraviert mit traditionellen marokkanischen Mustern, inspiriert von der Ornamentik der Riads. Die geometrischen Formen und floralen Rosetten symbolisieren Gleichgewicht, Schutz und Ewigkeit \u2013 eine Hommage an die unendliche Vielfalt der Muster, die die islamische Kunst pr\u00e4gen.<\/p>\n<p>Die wundersch\u00f6nen Tabletts tragen Patina und Spuren der Zeit, wodurch jedes einzelne zu einem einzigartigen Kunstwerk wird. Perfekt zum Servieren von Tee und<br \/>\nkleine Schalen, als Tablett f\u00fcr Kerzen oder einfach als dekoratives Element im Haus.<\/p>\n<p>Abmessungen: S: 22 \u00d7 29 cm | M: 25 \u00d7 33,5 cm | L: 31 \u00d7 41 cm<\/p>","protected":false},"featured_media":41152,"template":"","meta":{"inline_featured_image":false},"product_brand":[],"product_cat":[54,51],"product_tag":[],"class_list":{"0":"post-41421","1":"product","2":"type-product","3":"status-publish","4":"has-post-thumbnail","6":"product_cat-aesker-og-bakker","7":"product_cat-opbevaring","9":"first","10":"instock","11":"taxable","12":"shipping-taxable","13":"purchasable","14":"product-type-variable"},"exclude_global_add_ons":false,"addons":[{"name":"M\u00f6chten Sie eine Geschenkverpackung?","type":"checkbox","position":0,"required":false,"title_format":"label","default":"","description_enable":false,"description":"","placeholder_enable":false,"placeholder":"","display":"images","restrictions_type":"any_text","adjust_price":false,"price":"","price_type":"flat_fee","restrictions":false,"min":"0","max":"0","options":[{"label":"Ja tak","price":"10","price_type":"flat_fee","image":11015,"visibility":true}],"id":1669646111}],"yoast_head":"<!-- This site is optimized with the Yoast SEO plugin v27.4 - https:\/\/yoast.com\/product\/yoast-seo-wordpress\/ -->\n<title>S\u00f8lv bakker - GEOMETRY | Smukt design | Tibladin<\/title>\n<meta name=\"description\" content=\"Antikke serveringsbakker i s\u00f8lvfarvet metal, h\u00e5ndgraveret i Marokko med traditionelle m\u00f8nstre.Unikke og dekorative \u2013 f\u00e5s i tre varianter.\" \/>\n<meta name=\"robots\" content=\"index, follow, max-snippet:-1, max-image-preview:large, max-video-preview:-1\" \/>\n<link rel=\"canonical\" href=\"https:\/\/tibladin.dk\/de\/produkt\/soelv-bakker-geometrie\/\" \/>\n<meta property=\"og:locale\" content=\"de_DE\" \/>\n<meta property=\"og:type\" content=\"article\" \/>\n<meta property=\"og:title\" content=\"S\u00f8lv bakker - GEOMETRY | Smukt design | Tibladin\" \/>\n<meta property=\"og:description\" content=\"Antikke serveringsbakker i s\u00f8lvfarvet metal, h\u00e5ndgraveret i Marokko med traditionelle m\u00f8nstre.Unikke og dekorative \u2013 f\u00e5s i tre varianter.\" \/>\n<meta property=\"og:url\" content=\"https:\/\/tibladin.dk\/de\/produkt\/soelv-bakker-geometrie\/\" \/>\n<meta property=\"og:site_name\" content=\"Tibladin\" \/>\n<meta property=\"article:modified_time\" content=\"2025-10-28T11:20:07+00:00\" \/>\n<meta property=\"og:image\" content=\"https:\/\/tibladin.dk\/wp-content\/uploads\/2025\/10\/GEOMETRY_rektangulaer_soelvbakker_2.jpg\" \/>\n\t<meta property=\"og:image:width\" content=\"800\" \/>\n\t<meta property=\"og:image:height\" content=\"800\" \/>\n\t<meta property=\"og:image:type\" content=\"image\/jpeg\" \/>\n<meta name=\"twitter:card\" content=\"summary_large_image\" \/>\n<meta name=\"twitter:label1\" content=\"Gesch\u00e4tzte Lesezeit\" \/>\n\t<meta name=\"twitter:data1\" content=\"2\u00a0Minuten\" \/>\n<script type=\"application\/ld+json\" class=\"yoast-schema-graph\">{\"@context\":\"https:\\\/\\\/schema.org\",\"@graph\":[{\"@type\":\"WebPage\",\"@id\":\"https:\\\/\\\/tibladin.dk\\\/produkt\\\/soelv-bakker-geometry\\\/\",\"url\":\"https:\\\/\\\/tibladin.dk\\\/produkt\\\/soelv-bakker-geometry\\\/\",\"name\":\"S\u00f8lv bakker - GEOMETRY | Smukt design | Tibladin\",\"isPartOf\":{\"@id\":\"https:\\\/\\\/tibladin.dk\\\/#website\"},\"primaryImageOfPage\":{\"@id\":\"https:\\\/\\\/tibladin.dk\\\/produkt\\\/soelv-bakker-geometry\\\/#primaryimage\"},\"image\":{\"@id\":\"https:\\\/\\\/tibladin.dk\\\/produkt\\\/soelv-bakker-geometry\\\/#primaryimage\"},\"thumbnailUrl\":\"https:\\\/\\\/tibladin.dk\\\/wp-content\\\/uploads\\\/2025\\\/10\\\/GEOMETRY_rektangulaer_soelvbakker_2.jpg\",\"datePublished\":\"2025-10-23T13:17:39+00:00\",\"dateModified\":\"2025-10-28T11:20:07+00:00\",\"description\":\"Antikke serveringsbakker i s\u00f8lvfarvet metal, h\u00e5ndgraveret i Marokko med traditionelle m\u00f8nstre.Unikke og dekorative \u2013 f\u00e5s i tre varianter.\",\"breadcrumb\":{\"@id\":\"https:\\\/\\\/tibladin.dk\\\/produkt\\\/soelv-bakker-geometry\\\/#breadcrumb\"},\"inLanguage\":\"de\",\"potentialAction\":[{\"@type\":\"ReadAction\",\"target\":[\"https:\\\/\\\/tibladin.dk\\\/produkt\\\/soelv-bakker-geometry\\\/\"]}]},{\"@type\":\"ImageObject\",\"inLanguage\":\"de\",\"@id\":\"https:\\\/\\\/tibladin.dk\\\/produkt\\\/soelv-bakker-geometry\\\/#primaryimage\",\"url\":\"https:\\\/\\\/tibladin.dk\\\/wp-content\\\/uploads\\\/2025\\\/10\\\/GEOMETRY_rektangulaer_soelvbakker_2.jpg\",\"contentUrl\":\"https:\\\/\\\/tibladin.dk\\\/wp-content\\\/uploads\\\/2025\\\/10\\\/GEOMETRY_rektangulaer_soelvbakker_2.jpg\",\"width\":800,\"height\":800,\"caption\":\"GEOMETRY_rektangulaer_soelvbakker_2.\"},{\"@type\":\"BreadcrumbList\",\"@id\":\"https:\\\/\\\/tibladin.dk\\\/produkt\\\/soelv-bakker-geometry\\\/#breadcrumb\",\"itemListElement\":[{\"@type\":\"ListItem\",\"position\":1,\"name\":\"Hjem\",\"item\":\"https:\\\/\\\/tibladin.dk\\\/\"},{\"@type\":\"ListItem\",\"position\":2,\"name\":\"Shop\",\"item\":\"https:\\\/\\\/tibladin.dk\\\/shop\\\/\"},{\"@type\":\"ListItem\",\"position\":3,\"name\":\"S\u00f8lv bakker &#8211; GEOMETRY\"}]},{\"@type\":\"WebSite\",\"@id\":\"https:\\\/\\\/tibladin.dk\\\/#website\",\"url\":\"https:\\\/\\\/tibladin.dk\\\/\",\"name\":\"Tibladin\",\"description\":\"Tibladin\",\"publisher\":{\"@id\":\"https:\\\/\\\/tibladin.dk\\\/#organization\"},\"potentialAction\":[{\"@type\":\"SearchAction\",\"target\":{\"@type\":\"EntryPoint\",\"urlTemplate\":\"https:\\\/\\\/tibladin.dk\\\/?s={search_term_string}\"},\"query-input\":{\"@type\":\"PropertyValueSpecification\",\"valueRequired\":true,\"valueName\":\"search_term_string\"}}],\"inLanguage\":\"de\"},{\"@type\":\"Organization\",\"@id\":\"https:\\\/\\\/tibladin.dk\\\/#organization\",\"name\":\"Tibladin\",\"url\":\"https:\\\/\\\/tibladin.dk\\\/\",\"logo\":{\"@type\":\"ImageObject\",\"inLanguage\":\"de\",\"@id\":\"https:\\\/\\\/tibladin.dk\\\/#\\\/schema\\\/logo\\\/image\\\/\",\"url\":\"https:\\\/\\\/tibladin.dk\\\/wp-content\\\/uploads\\\/2022\\\/09\\\/tibladin_logo.svg\",\"contentUrl\":\"https:\\\/\\\/tibladin.dk\\\/wp-content\\\/uploads\\\/2022\\\/09\\\/tibladin_logo.svg\",\"caption\":\"Tibladin\"},\"image\":{\"@id\":\"https:\\\/\\\/tibladin.dk\\\/#\\\/schema\\\/logo\\\/image\\\/\"}}]}<\/script>\n<!-- \/ Yoast SEO plugin. -->","yoast_head_json":{"title":"Silbertabletts \u2013 GEOMETRIE | Sch\u00f6nes Design | Tibladin","description":"Antike Serviertabletts aus silberfarbenem Metall, handgraviert in Marokko mit traditionellen Mustern. Einzigartig und dekorativ \u2013 erh\u00e4ltlich in drei Varianten.","robots":{"index":"index","follow":"follow","max-snippet":"max-snippet:-1","max-image-preview":"max-image-preview:large","max-video-preview":"max-video-preview:-1"},"canonical":"https:\/\/tibladin.dk\/de\/produkt\/soelv-bakker-geometrie\/","og_locale":"de_DE","og_type":"article","og_title":"S\u00f8lv bakker - GEOMETRY | Smukt design | Tibladin","og_description":"Antikke serveringsbakker i s\u00f8lvfarvet metal, h\u00e5ndgraveret i Marokko med traditionelle m\u00f8nstre.Unikke og dekorative \u2013 f\u00e5s i tre varianter.","og_url":"https:\/\/tibladin.dk\/de\/produkt\/soelv-bakker-geometrie\/","og_site_name":"Tibladin","article_modified_time":"2025-10-28T11:20:07+00:00","og_image":[{"width":800,"height":800,"url":"https:\/\/tibladin.dk\/wp-content\/uploads\/2025\/10\/GEOMETRY_rektangulaer_soelvbakker_2.jpg","type":"image\/jpeg"}],"twitter_card":"summary_large_image","twitter_misc":{"Gesch\u00e4tzte Lesezeit":"2\u00a0Minuten"},"schema":{"@context":"https:\/\/schema.org","@graph":[{"@type":"WebPage","@id":"https:\/\/tibladin.dk\/produkt\/soelv-bakker-geometry\/","url":"https:\/\/tibladin.dk\/produkt\/soelv-bakker-geometry\/","name":"Silbertabletts \u2013 GEOMETRIE | Sch\u00f6nes Design | Tibladin","isPartOf":{"@id":"https:\/\/tibladin.dk\/#website"},"primaryImageOfPage":{"@id":"https:\/\/tibladin.dk\/produkt\/soelv-bakker-geometry\/#primaryimage"},"image":{"@id":"https:\/\/tibladin.dk\/produkt\/soelv-bakker-geometry\/#primaryimage"},"thumbnailUrl":"https:\/\/tibladin.dk\/wp-content\/uploads\/2025\/10\/GEOMETRY_rektangulaer_soelvbakker_2.jpg","datePublished":"2025-10-23T13:17:39+00:00","dateModified":"2025-10-28T11:20:07+00:00","description":"Antike Serviertabletts aus silberfarbenem Metall, handgraviert in Marokko mit traditionellen Mustern. Einzigartig und dekorativ \u2013 erh\u00e4ltlich in drei Varianten.","breadcrumb":{"@id":"https:\/\/tibladin.dk\/produkt\/soelv-bakker-geometry\/#breadcrumb"},"inLanguage":"de","potentialAction":[{"@type":"ReadAction","target":["https:\/\/tibladin.dk\/produkt\/soelv-bakker-geometry\/"]}]},{"@type":"ImageObject","inLanguage":"de","@id":"https:\/\/tibladin.dk\/produkt\/soelv-bakker-geometry\/#primaryimage","url":"https:\/\/tibladin.dk\/wp-content\/uploads\/2025\/10\/GEOMETRY_rektangulaer_soelvbakker_2.jpg","contentUrl":"https:\/\/tibladin.dk\/wp-content\/uploads\/2025\/10\/GEOMETRY_rektangulaer_soelvbakker_2.jpg","width":800,"height":800,"caption":"GEOMETRY_rektangulaer_soelvbakker_2."},{"@type":"BreadcrumbList","@id":"https:\/\/tibladin.dk\/produkt\/soelv-bakker-geometry\/#breadcrumb","itemListElement":[{"@type":"ListItem","position":1,"name":"Hjem","item":"https:\/\/tibladin.dk\/"},{"@type":"ListItem","position":2,"name":"Shop","item":"https:\/\/tibladin.dk\/shop\/"},{"@type":"ListItem","position":3,"name":"S\u00f8lv bakker &#8211; GEOMETRY"}]},{"@type":"WebSite","@id":"https:\/\/tibladin.dk\/#website","url":"https:\/\/tibladin.dk\/","name":"Tibladin","description":"Tibladin","publisher":{"@id":"https:\/\/tibladin.dk\/#organization"},"potentialAction":[{"@type":"SearchAction","target":{"@type":"EntryPoint","urlTemplate":"https:\/\/tibladin.dk\/?s={search_term_string}"},"query-input":{"@type":"PropertyValueSpecification","valueRequired":true,"valueName":"search_term_string"}}],"inLanguage":"de"},{"@type":"Organization","@id":"https:\/\/tibladin.dk\/#organization","name":"Tibladin","url":"https:\/\/tibladin.dk\/","logo":{"@type":"ImageObject","inLanguage":"de","@id":"https:\/\/tibladin.dk\/#\/schema\/logo\/image\/","url":"https:\/\/tibladin.dk\/wp-content\/uploads\/2022\/09\/tibladin_logo.svg","contentUrl":"https:\/\/tibladin.dk\/wp-content\/uploads\/2022\/09\/tibladin_logo.svg","caption":"Tibladin"},"image":{"@id":"https:\/\/tibladin.dk\/#\/schema\/logo\/image\/"}}]}},"_links":{"self":[{"href":"https:\/\/tibladin.dk\/de\/wp-json\/wp\/v2\/product\/41421","targetHints":{"allow":["GET"]}}],"collection":[{"href":"https:\/\/tibladin.dk\/de\/wp-json\/wp\/v2\/product"}],"about":[{"href":"https:\/\/tibladin.dk\/de\/wp-json\/wp\/v2\/types\/product"}],"wp:featuredmedia":[{"embeddable":true,"href":"https:\/\/tibladin.dk\/de\/wp-json\/wp\/v2\/media\/41152"}],"wp:attachment":[{"href":"https:\/\/tibladin.dk\/de\/wp-json\/wp\/v2\/media?parent=41421"}],"wp:term":[{"taxonomy":"product_brand","embeddable":true,"href":"https:\/\/tibladin.dk\/de\/wp-json\/wp\/v2\/product_brand?post=41421"},{"taxonomy":"product_cat","embeddable":true,"href":"https:\/\/tibladin.dk\/de\/wp-json\/wp\/v2\/product_cat?post=41421"},{"taxonomy":"product_tag","embeddable":true,"href":"https:\/\/tibladin.dk\/de\/wp-json\/wp\/v2\/product_tag?post=41421"}],"curies":[{"name":"wp","href":"https:\/\/api.w.org\/{rel}","templated":true}]}}