{"id":4163,"date":"2022-10-14T18:48:49","date_gmt":"2022-10-14T16:48:49","guid":{"rendered":"https:\/\/tibladin.dk\/?post_type=product&#038;p=4163"},"modified":"2026-04-10T19:45:42","modified_gmt":"2026-04-10T17:45:42","slug":"sitzpuff-aus-orangebraunem-leder-quadratisch","status":"publish","type":"product","link":"https:\/\/tibladin.dk\/de\/produkt\/puf-i-laeder-orangebrun-firkantet\/","title":{"rendered":"Pouf aus Leder - Orangebraun - Quadratisch"},"content":{"rendered":"<div class=\"wpb-content-wrapper\"><div class=\"vc_row wpb_row vc_row-fluid\"><div class=\"wpb_column vc_column_container vc_col-sm-4\"><div class=\"vc_column-inner\"><div class=\"wpb_wrapper\">\n\t<div class=\"wpb_video_widget wpb_content_element vc_clearfix   vc_video-aspect-ratio-43 vc_video-el-width-100 vc_video-align-left\" >\n\t\t<div class=\"wpb_wrapper\">\n\t\t\t\n\t\t\t<div class=\"wpb_video_wrapper\"><div class=\"video-container\"><iframe loading=\"lazy\" title=\"F\u00fcllen Sie Ihren marokkanischen Lederhocker\" src=\"https:\/\/player.vimeo.com\/video\/417093994?dnt=1&amp;app_id=122963\" width=\"310\" height=\"310\" frameborder=\"0\" allow=\"autoplay; fullscreen; picture-in-picture\"><\/iframe><\/div><\/div>\n\t\t<\/div>\n\t<\/div>\n<\/div><\/div><\/div><div class=\"wpb_column vc_column_container vc_col-sm-4\"><div class=\"vc_column-inner\"><div class=\"wpb_wrapper\"><h3 style=\"text-align: left\" class=\"vc_custom_heading vc_do_custom_heading\" >Wartung<\/h3>\n\t<div class=\"wpb_text_column wpb_content_element\" >\n\t\t<div class=\"wpb_wrapper\">\n\t\t\t<p>Bei Tibladin kaufen Sie Lederpoufs ohne F\u00fcllung, sodass Sie diese selbst mit F\u00fcllung nach Ihrem Geschmack f\u00fcllen k\u00f6nnen.<\/p>\n<p>Sie k\u00f6nnen ganz einfach Dinge verwenden, die Sie bereits haben, wie Kleidung, die Sie nicht mehr verwenden, Winterbettdecken, Kissen, Decken oder stark zerknittertes Zeitungspapier. Sie k\u00f6nnen auch Schaumstoffgranulat oder Baumwollf\u00fcllung f\u00fcr Ihren Pouf kaufen. Wenn Sie eine solche F\u00fcllung verwenden, kann ich Ihnen empfehlen, einen Innenbezug zu n\u00e4hen oder einen alten Bettbezug zu nehmen und die F\u00fcllung dort hineinzulegen, bevor Sie ihn in Ihren Pouf legen.<\/p>\n<p>Lederpoufs bestehen aus Ziegenleder und erhalten mit der Zeit eine sch\u00f6ne Patina. Wenn Sie m\u00f6chten, dass Ihr Pouf dunkler und gl\u00e4nzender wird, k\u00f6nnen Sie ihm etwas Leder\u00f6l geben. Gerade am Anfang, wenn man es benutzt, kann es ein wenig nach Leder riechen. Das geht schnell wieder weg. Wenn Sie diesen Vorgang beschleunigen m\u00f6chten, legen Sie es eine Weile in die Sonne, dann verschwindet es.<\/p>\n\n\t\t<\/div>\n\t<\/div>\n<\/div><\/div><\/div><div class=\"wpb_column vc_column_container vc_col-sm-4\"><div class=\"vc_column-inner\"><div class=\"wpb_wrapper\"><h3 style=\"text-align: left\" class=\"vc_custom_heading vc_do_custom_heading\" >Die Geschichte dahinter<\/h3>\n\t<div class=\"wpb_text_column wpb_content_element\" >\n\t\t<div class=\"wpb_wrapper\">\n\t\t\t<p>Kleine Poufs lassen sich leicht zu Ihrer Einrichtung hinzuf\u00fcgen und erhalten schnell einen exotischen Look und eine pers\u00f6nlichere Note. Mein Lieferant von Lederpoufs verf\u00fcgt \u00fcber langj\u00e4hrige Erfahrung in der Herstellung guter und sehr langlebiger Poufs, die er an verschiedene Orte auf der ganzen Welt exportiert. Alle meine Poufs bestehen aus Ziegenleder, da es den weichsten und flexibelsten Pouf ergibt. Alle Poufs sind handgefertigt und es k\u00f6nnen kleine Unvollkommenheiten auftreten.<\/p>\n\n\t\t<\/div>\n\t<\/div>\n<\/div><\/div><\/div><\/div>\n<\/div>","protected":false},"excerpt":{"rendered":"<p>Marokkanische handgemachte Poufs aus orange-braunem Ziegenleder. Eine wundersch\u00f6ne Farbe, die Ihrem Raum Charakter und W\u00e4rme verleiht.<\/p>\n<p>Wird ohne F\u00fcllung verkauft, sodass Sie es je nach gew\u00fcnschter Festigkeit selbst f\u00fcllen oder sich f\u00fcr eine F\u00fcllung aus Bio-Holzwolle entscheiden k\u00f6nnen.<\/p>\n<p>Erh\u00e4ltlich in zwei Gr\u00f6\u00dfen: 40 x 40 x 38 H und 50 x 50 cm x 43 H<\/p>","protected":false},"featured_media":11773,"template":"","meta":{"inline_featured_image":false},"product_brand":[],"product_cat":[41,39,40],"product_tag":[],"class_list":{"0":"post-4163","1":"product","2":"type-product","3":"status-publish","4":"has-post-thumbnail","6":"product_cat-laederpufs","7":"product_cat-moebler","8":"product_cat-pufs","10":"first","11":"instock","12":"taxable","13":"shipping-taxable","14":"purchasable","15":"product-type-variable","16":"has-default-attributes"},"exclude_global_add_ons":false,"addons":[{"name":"M\u00f6chten Sie, dass Ihr Pouf mit Holzwollef\u00fcllung geliefert wird?","type":"checkbox","position":0,"required":false,"title_format":"label","default":"","description_enable":false,"description":"","placeholder_enable":false,"placeholder":"","display":"select","restrictions_type":"any_text","adjust_price":false,"price":"","price_type":"flat_fee","restrictions":false,"min":"0","max":"0","options":[{"label":"Ja tak","price":"250.00","price_type":"quantity_based","image":0,"visibility":true}],"id":1712248083}],"yoast_head":"<!-- This site is optimized with the Yoast SEO plugin v27.4 - https:\/\/yoast.com\/product\/yoast-seo-wordpress\/ -->\n<title>Marokkansk puf i l\u00e6der. F\u00e5s i 40x40 el. 50x50 cm. | Tibladin<\/title>\n<meta name=\"description\" content=\"Marokkansk Puf i orangebrun l\u00e6der. F\u00e5s i st\u00f8rrelserne 40x40 eller 50x50 cm. Er h\u00e5ndlavet af gedel\u00e6der for en bl\u00f8d og fleksibel puf.\" \/>\n<meta name=\"robots\" content=\"index, follow, max-snippet:-1, max-image-preview:large, max-video-preview:-1\" \/>\n<link rel=\"canonical\" href=\"https:\/\/tibladin.dk\/de\/produkt\/sitzpuff-aus-orangebraunem-leder-quadratisch\/\" \/>\n<meta property=\"og:locale\" content=\"de_DE\" \/>\n<meta property=\"og:type\" content=\"article\" \/>\n<meta property=\"og:title\" content=\"Marokkansk puf i l\u00e6der. F\u00e5s i 40x40 el. 50x50 cm. | Tibladin\" \/>\n<meta property=\"og:description\" content=\"Marokkansk Puf i orangebrun l\u00e6der. F\u00e5s i st\u00f8rrelserne 40x40 eller 50x50 cm. Er h\u00e5ndlavet af gedel\u00e6der for en bl\u00f8d og fleksibel puf.\" \/>\n<meta property=\"og:url\" content=\"https:\/\/tibladin.dk\/de\/produkt\/sitzpuff-aus-orangebraunem-leder-quadratisch\/\" \/>\n<meta property=\"og:site_name\" content=\"Tibladin\" \/>\n<meta property=\"article:modified_time\" content=\"2026-04-10T17:45:42+00:00\" \/>\n<meta property=\"og:image\" content=\"https:\/\/tibladin.dk\/wp-content\/uploads\/2022\/10\/Marokkansk-firkantet-puf_roedbrun_12.jpg\" \/>\n\t<meta property=\"og:image:width\" content=\"800\" \/>\n\t<meta property=\"og:image:height\" content=\"800\" \/>\n\t<meta property=\"og:image:type\" content=\"image\/jpeg\" \/>\n<meta name=\"twitter:card\" content=\"summary_large_image\" \/>\n<meta name=\"twitter:label1\" content=\"Gesch\u00e4tzte Lesezeit\" \/>\n\t<meta name=\"twitter:data1\" content=\"2\u00a0Minuten\" \/>\n<script type=\"application\/ld+json\" class=\"yoast-schema-graph\">{\"@context\":\"https:\\\/\\\/schema.org\",\"@graph\":[{\"@type\":\"WebPage\",\"@id\":\"https:\\\/\\\/tibladin.dk\\\/produkt\\\/puf-i-laeder-orangebrun-firkantet\\\/\",\"url\":\"https:\\\/\\\/tibladin.dk\\\/produkt\\\/puf-i-laeder-orangebrun-firkantet\\\/\",\"name\":\"Marokkansk puf i l\u00e6der. F\u00e5s i 40x40 el. 50x50 cm. | Tibladin\",\"isPartOf\":{\"@id\":\"https:\\\/\\\/tibladin.dk\\\/#website\"},\"primaryImageOfPage\":{\"@id\":\"https:\\\/\\\/tibladin.dk\\\/produkt\\\/puf-i-laeder-orangebrun-firkantet\\\/#primaryimage\"},\"image\":{\"@id\":\"https:\\\/\\\/tibladin.dk\\\/produkt\\\/puf-i-laeder-orangebrun-firkantet\\\/#primaryimage\"},\"thumbnailUrl\":\"https:\\\/\\\/tibladin.dk\\\/wp-content\\\/uploads\\\/2022\\\/10\\\/Marokkansk-firkantet-puf_roedbrun_12.jpg\",\"datePublished\":\"2022-10-14T16:48:49+00:00\",\"dateModified\":\"2026-04-10T17:45:42+00:00\",\"description\":\"Marokkansk Puf i orangebrun l\u00e6der. F\u00e5s i st\u00f8rrelserne 40x40 eller 50x50 cm. Er h\u00e5ndlavet af gedel\u00e6der for en bl\u00f8d og fleksibel puf.\",\"breadcrumb\":{\"@id\":\"https:\\\/\\\/tibladin.dk\\\/produkt\\\/puf-i-laeder-orangebrun-firkantet\\\/#breadcrumb\"},\"inLanguage\":\"de\",\"potentialAction\":[{\"@type\":\"ReadAction\",\"target\":[\"https:\\\/\\\/tibladin.dk\\\/produkt\\\/puf-i-laeder-orangebrun-firkantet\\\/\"]}]},{\"@type\":\"ImageObject\",\"inLanguage\":\"de\",\"@id\":\"https:\\\/\\\/tibladin.dk\\\/produkt\\\/puf-i-laeder-orangebrun-firkantet\\\/#primaryimage\",\"url\":\"https:\\\/\\\/tibladin.dk\\\/wp-content\\\/uploads\\\/2022\\\/10\\\/Marokkansk-firkantet-puf_roedbrun_12.jpg\",\"contentUrl\":\"https:\\\/\\\/tibladin.dk\\\/wp-content\\\/uploads\\\/2022\\\/10\\\/Marokkansk-firkantet-puf_roedbrun_12.jpg\",\"width\":800,\"height\":800,\"caption\":\"Marokkansk puf i l\u00e6der. firkantet- r\u00f8dbrun\"},{\"@type\":\"BreadcrumbList\",\"@id\":\"https:\\\/\\\/tibladin.dk\\\/produkt\\\/puf-i-laeder-orangebrun-firkantet\\\/#breadcrumb\",\"itemListElement\":[{\"@type\":\"ListItem\",\"position\":1,\"name\":\"Hjem\",\"item\":\"https:\\\/\\\/tibladin.dk\\\/\"},{\"@type\":\"ListItem\",\"position\":2,\"name\":\"Shop\",\"item\":\"https:\\\/\\\/tibladin.dk\\\/shop\\\/\"},{\"@type\":\"ListItem\",\"position\":3,\"name\":\"Puf i l\u00e6der &#8211; Orangebrun &#8211; Firkantet\"}]},{\"@type\":\"WebSite\",\"@id\":\"https:\\\/\\\/tibladin.dk\\\/#website\",\"url\":\"https:\\\/\\\/tibladin.dk\\\/\",\"name\":\"Tibladin\",\"description\":\"Tibladin\",\"publisher\":{\"@id\":\"https:\\\/\\\/tibladin.dk\\\/#organization\"},\"potentialAction\":[{\"@type\":\"SearchAction\",\"target\":{\"@type\":\"EntryPoint\",\"urlTemplate\":\"https:\\\/\\\/tibladin.dk\\\/?s={search_term_string}\"},\"query-input\":{\"@type\":\"PropertyValueSpecification\",\"valueRequired\":true,\"valueName\":\"search_term_string\"}}],\"inLanguage\":\"de\"},{\"@type\":\"Organization\",\"@id\":\"https:\\\/\\\/tibladin.dk\\\/#organization\",\"name\":\"Tibladin\",\"url\":\"https:\\\/\\\/tibladin.dk\\\/\",\"logo\":{\"@type\":\"ImageObject\",\"inLanguage\":\"de\",\"@id\":\"https:\\\/\\\/tibladin.dk\\\/#\\\/schema\\\/logo\\\/image\\\/\",\"url\":\"https:\\\/\\\/tibladin.dk\\\/wp-content\\\/uploads\\\/2022\\\/09\\\/tibladin_logo.svg\",\"contentUrl\":\"https:\\\/\\\/tibladin.dk\\\/wp-content\\\/uploads\\\/2022\\\/09\\\/tibladin_logo.svg\",\"caption\":\"Tibladin\"},\"image\":{\"@id\":\"https:\\\/\\\/tibladin.dk\\\/#\\\/schema\\\/logo\\\/image\\\/\"}}]}<\/script>\n<!-- \/ Yoast SEO plugin. -->","yoast_head_json":{"title":"Marokkanischer Sitzpuff aus Leder. Erh\u00e4ltlich in 40x40 oder. 50x50 cm. | Tibladin","description":"Marokkanischer Pouf aus orangebraunem Leder. Erh\u00e4ltlich in den Gr\u00f6\u00dfen 40x40 oder 50x50 cm. Handgefertigt aus Ziegenleder f\u00fcr einen weichen und flexiblen Hocker.","robots":{"index":"index","follow":"follow","max-snippet":"max-snippet:-1","max-image-preview":"max-image-preview:large","max-video-preview":"max-video-preview:-1"},"canonical":"https:\/\/tibladin.dk\/de\/produkt\/sitzpuff-aus-orangebraunem-leder-quadratisch\/","og_locale":"de_DE","og_type":"article","og_title":"Marokkansk puf i l\u00e6der. F\u00e5s i 40x40 el. 50x50 cm. | Tibladin","og_description":"Marokkansk Puf i orangebrun l\u00e6der. F\u00e5s i st\u00f8rrelserne 40x40 eller 50x50 cm. Er h\u00e5ndlavet af gedel\u00e6der for en bl\u00f8d og fleksibel puf.","og_url":"https:\/\/tibladin.dk\/de\/produkt\/sitzpuff-aus-orangebraunem-leder-quadratisch\/","og_site_name":"Tibladin","article_modified_time":"2026-04-10T17:45:42+00:00","og_image":[{"width":800,"height":800,"url":"https:\/\/tibladin.dk\/wp-content\/uploads\/2022\/10\/Marokkansk-firkantet-puf_roedbrun_12.jpg","type":"image\/jpeg"}],"twitter_card":"summary_large_image","twitter_misc":{"Gesch\u00e4tzte Lesezeit":"2\u00a0Minuten"},"schema":{"@context":"https:\/\/schema.org","@graph":[{"@type":"WebPage","@id":"https:\/\/tibladin.dk\/produkt\/puf-i-laeder-orangebrun-firkantet\/","url":"https:\/\/tibladin.dk\/produkt\/puf-i-laeder-orangebrun-firkantet\/","name":"Marokkanischer Sitzpuff aus Leder. Erh\u00e4ltlich in 40x40 oder. 50x50 cm. | Tibladin","isPartOf":{"@id":"https:\/\/tibladin.dk\/#website"},"primaryImageOfPage":{"@id":"https:\/\/tibladin.dk\/produkt\/puf-i-laeder-orangebrun-firkantet\/#primaryimage"},"image":{"@id":"https:\/\/tibladin.dk\/produkt\/puf-i-laeder-orangebrun-firkantet\/#primaryimage"},"thumbnailUrl":"https:\/\/tibladin.dk\/wp-content\/uploads\/2022\/10\/Marokkansk-firkantet-puf_roedbrun_12.jpg","datePublished":"2022-10-14T16:48:49+00:00","dateModified":"2026-04-10T17:45:42+00:00","description":"Marokkanischer Pouf aus orangebraunem Leder. Erh\u00e4ltlich in den Gr\u00f6\u00dfen 40x40 oder 50x50 cm. Handgefertigt aus Ziegenleder f\u00fcr einen weichen und flexiblen Hocker.","breadcrumb":{"@id":"https:\/\/tibladin.dk\/produkt\/puf-i-laeder-orangebrun-firkantet\/#breadcrumb"},"inLanguage":"de","potentialAction":[{"@type":"ReadAction","target":["https:\/\/tibladin.dk\/produkt\/puf-i-laeder-orangebrun-firkantet\/"]}]},{"@type":"ImageObject","inLanguage":"de","@id":"https:\/\/tibladin.dk\/produkt\/puf-i-laeder-orangebrun-firkantet\/#primaryimage","url":"https:\/\/tibladin.dk\/wp-content\/uploads\/2022\/10\/Marokkansk-firkantet-puf_roedbrun_12.jpg","contentUrl":"https:\/\/tibladin.dk\/wp-content\/uploads\/2022\/10\/Marokkansk-firkantet-puf_roedbrun_12.jpg","width":800,"height":800,"caption":"Marokkansk puf i l\u00e6der. firkantet- r\u00f8dbrun"},{"@type":"BreadcrumbList","@id":"https:\/\/tibladin.dk\/produkt\/puf-i-laeder-orangebrun-firkantet\/#breadcrumb","itemListElement":[{"@type":"ListItem","position":1,"name":"Hjem","item":"https:\/\/tibladin.dk\/"},{"@type":"ListItem","position":2,"name":"Shop","item":"https:\/\/tibladin.dk\/shop\/"},{"@type":"ListItem","position":3,"name":"Puf i l\u00e6der &#8211; Orangebrun &#8211; Firkantet"}]},{"@type":"WebSite","@id":"https:\/\/tibladin.dk\/#website","url":"https:\/\/tibladin.dk\/","name":"Tibladin","description":"Tibladin","publisher":{"@id":"https:\/\/tibladin.dk\/#organization"},"potentialAction":[{"@type":"SearchAction","target":{"@type":"EntryPoint","urlTemplate":"https:\/\/tibladin.dk\/?s={search_term_string}"},"query-input":{"@type":"PropertyValueSpecification","valueRequired":true,"valueName":"search_term_string"}}],"inLanguage":"de"},{"@type":"Organization","@id":"https:\/\/tibladin.dk\/#organization","name":"Tibladin","url":"https:\/\/tibladin.dk\/","logo":{"@type":"ImageObject","inLanguage":"de","@id":"https:\/\/tibladin.dk\/#\/schema\/logo\/image\/","url":"https:\/\/tibladin.dk\/wp-content\/uploads\/2022\/09\/tibladin_logo.svg","contentUrl":"https:\/\/tibladin.dk\/wp-content\/uploads\/2022\/09\/tibladin_logo.svg","caption":"Tibladin"},"image":{"@id":"https:\/\/tibladin.dk\/#\/schema\/logo\/image\/"}}]}},"_links":{"self":[{"href":"https:\/\/tibladin.dk\/de\/wp-json\/wp\/v2\/product\/4163","targetHints":{"allow":["GET"]}}],"collection":[{"href":"https:\/\/tibladin.dk\/de\/wp-json\/wp\/v2\/product"}],"about":[{"href":"https:\/\/tibladin.dk\/de\/wp-json\/wp\/v2\/types\/product"}],"wp:featuredmedia":[{"embeddable":true,"href":"https:\/\/tibladin.dk\/de\/wp-json\/wp\/v2\/media\/11773"}],"wp:attachment":[{"href":"https:\/\/tibladin.dk\/de\/wp-json\/wp\/v2\/media?parent=4163"}],"wp:term":[{"taxonomy":"product_brand","embeddable":true,"href":"https:\/\/tibladin.dk\/de\/wp-json\/wp\/v2\/product_brand?post=4163"},{"taxonomy":"product_cat","embeddable":true,"href":"https:\/\/tibladin.dk\/de\/wp-json\/wp\/v2\/product_cat?post=4163"},{"taxonomy":"product_tag","embeddable":true,"href":"https:\/\/tibladin.dk\/de\/wp-json\/wp\/v2\/product_tag?post=4163"}],"curies":[{"name":"wp","href":"https:\/\/api.w.org\/{rel}","templated":true}]}}