{"id":41735,"date":"2025-11-11T12:39:17","date_gmt":"2025-11-11T11:39:17","guid":{"rendered":"https:\/\/tibladin.dk\/?post_type=product&#038;p=41735"},"modified":"2026-03-06T20:53:19","modified_gmt":"2026-03-06T19:53:19","slug":"ring-in-silber-amira","status":"publish","type":"product","link":"https:\/\/tibladin.dk\/de\/produkt\/ring-i-soelv-amira\/","title":{"rendered":"Silberring \u2013 AMIRA"},"content":{"rendered":"<div class=\"wpb-content-wrapper\"><div class=\"vc_row wpb_row vc_row-fluid\"><div class=\"wpb_column vc_column_container vc_col-sm-4\"><div class=\"vc_column-inner\"><div class=\"wpb_wrapper\"><\/div><\/div><\/div><div class=\"wpb_column vc_column_container vc_col-sm-4\"><div class=\"vc_column-inner\"><div class=\"wpb_wrapper\"><h3 style=\"text-align: left\" class=\"vc_custom_heading vc_do_custom_heading\" >Wartung<\/h3>\n\t<div class=\"wpb_text_column wpb_content_element\" >\n\t\t<div class=\"wpb_wrapper\">\n\t\t\t<p>Silber nimmt mit der Zeit Farbe an und wird dunkel. Dies ist ein v\u00f6llig nat\u00fcrlicher Prozess, der auftritt, wenn Silber mit Sauerstoff, S\u00e4ure und K\u00f6rperschwei\u00df in Kontakt kommt. So k\u00f6nnen Sie Ihren Silberschmuck ganz einfach wieder auf Vordermann bringen. Legen Sie sie in eine kleine Sch\u00fcssel mit milder Seife und Wasser und reiben Sie sie vorsichtig mit einem weichen Baumwolltuch ab.<\/p>\n<p>Zum Reinigen von T\u00fcrkis k\u00f6nnen Sie vorsichtig ein weiches Tuch verwenden. Niemals stark reiben oder schrubben. Vermeiden Sie Chemikalien, Parf\u00fcms und Cremes, da diese den Stein verf\u00e4rben k\u00f6nnen.<\/p>\n\n\t\t<\/div>\n\t<\/div>\n<\/div><\/div><\/div><div class=\"wpb_column vc_column_container vc_col-sm-4\"><div class=\"vc_column-inner\"><div class=\"wpb_wrapper\"><h3 style=\"text-align: left\" class=\"vc_custom_heading vc_do_custom_heading\" >Die Geschichte dahinter<\/h3>\n\t<div class=\"wpb_text_column wpb_content_element\" >\n\t\t<div class=\"wpb_wrapper\">\n\t\t\t<p><span style=\"font-weight: 400;\">Tiznit ist eine kleine Stadt in der Region Souss-Massa an der Westk\u00fcste Marokkos. Traditioneller marokkanischer Amazigh\/Berber-Schmuck wird mit Tiznit in Verbindung gebracht, da diese Stadt f\u00fcr ihre jahrelange Handwerkskunst mit hochwertigem, traditionellem Silberschmuck bekannt ist, der von erfahrenen Kunsthandwerkern handgefertigt wird. Jedes Schmuckst\u00fcck ist das Ergebnis hingebungsvoller Handwerkskunst und jedes erz\u00e4hlt eine Geschichte, die die kreative und sch\u00f6ne Handwerkskunst der Sch\u00f6pfer symbolisiert. Der Schmuck repr\u00e4sentiert nicht nur das kulturelle Erbe der Stadt, sondern das gesamte kulturelle Erbe Marokkos sowie die \u00fcber Generationen weitergegebenen Traditionen der Berber.\u00a0<\/span><\/p>\n<p><span style=\"font-weight: 400;\"><br \/>\n<\/span><b>Erz\u00e4hlen Sie Ihre Geschichte durch Schmuck<\/b><\/p>\n<p><span style=\"font-weight: 400;\">Ein Schmuckst\u00fcck kann viele Erinnerungen bewahren und Ihre pers\u00f6nliche Geschichte erz\u00e4hlen, denn Sie nehmen den Schmuck mit auf Ihre eigene Reise und schaffen sch\u00f6ne, unvergessliche Erlebnisse. Wenn Tibladin in der marokkanischen Stadt Tiznit, deren Herz f\u00fcr Schmuck schl\u00e4gt, auf Schmucksuche geht,<\/span><\/p>\n<p><span style=\"font-weight: 400;\">Wir w\u00e4hlen Schmuckst\u00fccke aus, die stilistisch variieren und auf ihre eigene charmante Art das klassische, historische Design, das die Berber bevorzugen, mit Eleganz und Zeitlosigkeit verbinden.\u00a0<\/span><\/p>\n<p><br style=\"font-weight: 400;\" \/><\/p>\n\n\t\t<\/div>\n\t<\/div>\n<\/div><\/div><\/div><\/div>\n<\/div>","protected":false},"excerpt":{"rendered":"<p>Handgefertigter Silberring mit einem <b>violetter Amethyst<\/b>, in ovaler Cabochonform geschliffen und in ein aufwendiges Silberdesign eingefasst.<br \/>\nDie tiefe, violette Farbe schimmert wundersch\u00f6n im Licht und strahlt eine ruhige, spirituelle Energie aus.<br \/>\nDer Ring wird in Marokko unter Ber\u00fccksichtigung der Traditionen des Handwerks gefertigt \u2013 ein Schmuckst\u00fcck, das sich elegant und gleichzeitig bodenst\u00e4ndig anf\u00fchlt.<\/p>\n<p>\ud83c\udf19<b> Name <\/b><b>\u201cAmira\u201d<\/b> - bedeutet <i>Prinzessin<\/i> im Arabischen und passt zum femininen, geheimnisvollen Ausdruck des Steins.<\/p>\n<h3 data-start=\"999\" data-end=\"1031\">\u2727 <strong data-start=\"1005\" data-end=\"1031\">Eigenschaften des Amethysts<\/strong><\/h3>\n<p data-start=\"1032\" data-end=\"1134\">Amethyst ist bekannt als <strong data-start=\"1053\" data-end=\"1083\">Stein der Intuition und Ruhe<\/strong> und ist verbunden mit <strong data-start=\"1101\" data-end=\"1117\">das Kronenchakra<\/strong>.<br data-start=\"1118\" data-end=\"1121\" \/>Es hei\u00dft, dass:<\/p>\n<ul data-start=\"1135\" data-end=\"1302\">\n<li data-start=\"1135\" data-end=\"1170\">\n<p data-start=\"1137\" data-end=\"1170\">Erstellen <strong data-start=\"1143\" data-end=\"1168\">Innerer Frieden und Ausgeglichenheit<\/strong><\/p>\n<\/li>\n<li data-start=\"1171\" data-end=\"1218\">\n<p data-start=\"1173\" data-end=\"1218\">Hilfe bei <strong data-start=\"1187\" data-end=\"1216\">Stress und Sorgen reduzieren<\/strong><\/p>\n<\/li>\n<li data-start=\"1219\" data-end=\"1264\">\n<p data-start=\"1221\" data-end=\"1264\">St\u00e4rke <strong data-start=\"1228\" data-end=\"1262\">Intuition und spirituelle Klarheit<\/strong><\/p>\n<\/li>\n<li data-start=\"1265\" data-end=\"1302\">\n<p data-start=\"1267\" data-end=\"1302\">F\u00f6rderung <strong data-start=\"1274\" data-end=\"1300\">Selbstwahrnehmung und Gelassenheit<\/strong><\/p>\n<\/li>\n<\/ul>\n<p>Ringgr\u00f6\u00dfe: 57<\/p>","protected":false},"featured_media":41738,"template":"","meta":{"inline_featured_image":false},"product_brand":[],"product_cat":[165,162],"product_tag":[],"class_list":{"0":"post-41735","1":"product","2":"type-product","3":"status-publish","4":"has-post-thumbnail","6":"product_cat-ringe","7":"product_cat-smykker","9":"first","10":"instock","11":"taxable","12":"shipping-taxable","13":"purchasable","14":"product-type-simple"},"exclude_global_add_ons":[],"addons":[],"yoast_head":"<!-- This site is optimized with the Yoast SEO plugin v27.4 - https:\/\/yoast.com\/product\/yoast-seo-wordpress\/ -->\n<title>S\u00f8lvring | H\u00e5ndlavede marokkanske kreationer | Kun hos Tibladin<\/title>\n<meta name=\"description\" content=\"Smuk s\u00f8lvring med turkis sten h\u00e5ndlavet i Tiznit. Helt unikke kreationer til dig, der elsker at have autentiske smykker med en historie.\" \/>\n<meta name=\"robots\" content=\"index, follow, max-snippet:-1, max-image-preview:large, max-video-preview:-1\" \/>\n<link rel=\"canonical\" href=\"https:\/\/tibladin.dk\/de\/produkt\/ring-in-silber-amira\/\" \/>\n<meta property=\"og:locale\" content=\"de_DE\" \/>\n<meta property=\"og:type\" content=\"article\" \/>\n<meta property=\"og:title\" content=\"S\u00f8lvring | H\u00e5ndlavede marokkanske kreationer | Kun hos Tibladin\" \/>\n<meta property=\"og:description\" content=\"Smuk s\u00f8lvring med turkis sten h\u00e5ndlavet i Tiznit. Helt unikke kreationer til dig, der elsker at have autentiske smykker med en historie.\" \/>\n<meta property=\"og:url\" content=\"https:\/\/tibladin.dk\/de\/produkt\/ring-in-silber-amira\/\" \/>\n<meta property=\"og:site_name\" content=\"Tibladin\" \/>\n<meta property=\"article:modified_time\" content=\"2026-03-06T19:53:19+00:00\" \/>\n<meta property=\"og:image\" content=\"https:\/\/tibladin.dk\/wp-content\/uploads\/2025\/11\/Amira_3.jpg\" \/>\n\t<meta property=\"og:image:width\" content=\"800\" \/>\n\t<meta property=\"og:image:height\" content=\"800\" \/>\n\t<meta property=\"og:image:type\" content=\"image\/jpeg\" \/>\n<meta name=\"twitter:card\" content=\"summary_large_image\" \/>\n<meta name=\"twitter:label1\" content=\"Gesch\u00e4tzte Lesezeit\" \/>\n\t<meta name=\"twitter:data1\" content=\"2\u00a0Minuten\" \/>\n<script type=\"application\/ld+json\" class=\"yoast-schema-graph\">{\"@context\":\"https:\\\/\\\/schema.org\",\"@graph\":[{\"@type\":\"WebPage\",\"@id\":\"https:\\\/\\\/tibladin.dk\\\/produkt\\\/ring-i-soelv-amira\\\/\",\"url\":\"https:\\\/\\\/tibladin.dk\\\/produkt\\\/ring-i-soelv-amira\\\/\",\"name\":\"S\u00f8lvring | H\u00e5ndlavede marokkanske kreationer | Kun hos Tibladin\",\"isPartOf\":{\"@id\":\"https:\\\/\\\/tibladin.dk\\\/#website\"},\"primaryImageOfPage\":{\"@id\":\"https:\\\/\\\/tibladin.dk\\\/produkt\\\/ring-i-soelv-amira\\\/#primaryimage\"},\"image\":{\"@id\":\"https:\\\/\\\/tibladin.dk\\\/produkt\\\/ring-i-soelv-amira\\\/#primaryimage\"},\"thumbnailUrl\":\"https:\\\/\\\/tibladin.dk\\\/wp-content\\\/uploads\\\/2025\\\/11\\\/Amira_3.jpg\",\"datePublished\":\"2025-11-11T11:39:17+00:00\",\"dateModified\":\"2026-03-06T19:53:19+00:00\",\"description\":\"Smuk s\u00f8lvring med turkis sten h\u00e5ndlavet i Tiznit. Helt unikke kreationer til dig, der elsker at have autentiske smykker med en historie.\",\"breadcrumb\":{\"@id\":\"https:\\\/\\\/tibladin.dk\\\/produkt\\\/ring-i-soelv-amira\\\/#breadcrumb\"},\"inLanguage\":\"de\",\"potentialAction\":[{\"@type\":\"ReadAction\",\"target\":[\"https:\\\/\\\/tibladin.dk\\\/produkt\\\/ring-i-soelv-amira\\\/\"]}]},{\"@type\":\"ImageObject\",\"inLanguage\":\"de\",\"@id\":\"https:\\\/\\\/tibladin.dk\\\/produkt\\\/ring-i-soelv-amira\\\/#primaryimage\",\"url\":\"https:\\\/\\\/tibladin.dk\\\/wp-content\\\/uploads\\\/2025\\\/11\\\/Amira_3.jpg\",\"contentUrl\":\"https:\\\/\\\/tibladin.dk\\\/wp-content\\\/uploads\\\/2025\\\/11\\\/Amira_3.jpg\",\"width\":800,\"height\":800,\"caption\":\"Amira ring med amethyst\"},{\"@type\":\"BreadcrumbList\",\"@id\":\"https:\\\/\\\/tibladin.dk\\\/produkt\\\/ring-i-soelv-amira\\\/#breadcrumb\",\"itemListElement\":[{\"@type\":\"ListItem\",\"position\":1,\"name\":\"Hjem\",\"item\":\"https:\\\/\\\/tibladin.dk\\\/\"},{\"@type\":\"ListItem\",\"position\":2,\"name\":\"Shop\",\"item\":\"https:\\\/\\\/tibladin.dk\\\/shop\\\/\"},{\"@type\":\"ListItem\",\"position\":3,\"name\":\"Ring i s\u00f8lv &#8211; AMIRA\"}]},{\"@type\":\"WebSite\",\"@id\":\"https:\\\/\\\/tibladin.dk\\\/#website\",\"url\":\"https:\\\/\\\/tibladin.dk\\\/\",\"name\":\"Tibladin\",\"description\":\"Tibladin\",\"publisher\":{\"@id\":\"https:\\\/\\\/tibladin.dk\\\/#organization\"},\"potentialAction\":[{\"@type\":\"SearchAction\",\"target\":{\"@type\":\"EntryPoint\",\"urlTemplate\":\"https:\\\/\\\/tibladin.dk\\\/?s={search_term_string}\"},\"query-input\":{\"@type\":\"PropertyValueSpecification\",\"valueRequired\":true,\"valueName\":\"search_term_string\"}}],\"inLanguage\":\"de\"},{\"@type\":\"Organization\",\"@id\":\"https:\\\/\\\/tibladin.dk\\\/#organization\",\"name\":\"Tibladin\",\"url\":\"https:\\\/\\\/tibladin.dk\\\/\",\"logo\":{\"@type\":\"ImageObject\",\"inLanguage\":\"de\",\"@id\":\"https:\\\/\\\/tibladin.dk\\\/#\\\/schema\\\/logo\\\/image\\\/\",\"url\":\"https:\\\/\\\/tibladin.dk\\\/wp-content\\\/uploads\\\/2022\\\/09\\\/tibladin_logo.svg\",\"contentUrl\":\"https:\\\/\\\/tibladin.dk\\\/wp-content\\\/uploads\\\/2022\\\/09\\\/tibladin_logo.svg\",\"caption\":\"Tibladin\"},\"image\":{\"@id\":\"https:\\\/\\\/tibladin.dk\\\/#\\\/schema\\\/logo\\\/image\\\/\"}}]}<\/script>\n<!-- \/ Yoast SEO plugin. -->","yoast_head_json":{"title":"Silberring | Handgefertigte marokkanische Kreationen | Nur bei Tibladin","description":"Wundersch\u00f6ner Silberring mit t\u00fcrkisfarbenem Stein, handgefertigt in Tiznit. Absolut einzigartige Kreationen f\u00fcr alle, die authentischen Schmuck mit einer Geschichte lieben.","robots":{"index":"index","follow":"follow","max-snippet":"max-snippet:-1","max-image-preview":"max-image-preview:large","max-video-preview":"max-video-preview:-1"},"canonical":"https:\/\/tibladin.dk\/de\/produkt\/ring-in-silber-amira\/","og_locale":"de_DE","og_type":"article","og_title":"S\u00f8lvring | H\u00e5ndlavede marokkanske kreationer | Kun hos Tibladin","og_description":"Smuk s\u00f8lvring med turkis sten h\u00e5ndlavet i Tiznit. Helt unikke kreationer til dig, der elsker at have autentiske smykker med en historie.","og_url":"https:\/\/tibladin.dk\/de\/produkt\/ring-in-silber-amira\/","og_site_name":"Tibladin","article_modified_time":"2026-03-06T19:53:19+00:00","og_image":[{"width":800,"height":800,"url":"https:\/\/tibladin.dk\/wp-content\/uploads\/2025\/11\/Amira_3.jpg","type":"image\/jpeg"}],"twitter_card":"summary_large_image","twitter_misc":{"Gesch\u00e4tzte Lesezeit":"2\u00a0Minuten"},"schema":{"@context":"https:\/\/schema.org","@graph":[{"@type":"WebPage","@id":"https:\/\/tibladin.dk\/produkt\/ring-i-soelv-amira\/","url":"https:\/\/tibladin.dk\/produkt\/ring-i-soelv-amira\/","name":"Silberring | Handgefertigte marokkanische Kreationen | Nur bei Tibladin","isPartOf":{"@id":"https:\/\/tibladin.dk\/#website"},"primaryImageOfPage":{"@id":"https:\/\/tibladin.dk\/produkt\/ring-i-soelv-amira\/#primaryimage"},"image":{"@id":"https:\/\/tibladin.dk\/produkt\/ring-i-soelv-amira\/#primaryimage"},"thumbnailUrl":"https:\/\/tibladin.dk\/wp-content\/uploads\/2025\/11\/Amira_3.jpg","datePublished":"2025-11-11T11:39:17+00:00","dateModified":"2026-03-06T19:53:19+00:00","description":"Wundersch\u00f6ner Silberring mit t\u00fcrkisfarbenem Stein, handgefertigt in Tiznit. Absolut einzigartige Kreationen f\u00fcr alle, die authentischen Schmuck mit einer Geschichte lieben.","breadcrumb":{"@id":"https:\/\/tibladin.dk\/produkt\/ring-i-soelv-amira\/#breadcrumb"},"inLanguage":"de","potentialAction":[{"@type":"ReadAction","target":["https:\/\/tibladin.dk\/produkt\/ring-i-soelv-amira\/"]}]},{"@type":"ImageObject","inLanguage":"de","@id":"https:\/\/tibladin.dk\/produkt\/ring-i-soelv-amira\/#primaryimage","url":"https:\/\/tibladin.dk\/wp-content\/uploads\/2025\/11\/Amira_3.jpg","contentUrl":"https:\/\/tibladin.dk\/wp-content\/uploads\/2025\/11\/Amira_3.jpg","width":800,"height":800,"caption":"Amira ring med amethyst"},{"@type":"BreadcrumbList","@id":"https:\/\/tibladin.dk\/produkt\/ring-i-soelv-amira\/#breadcrumb","itemListElement":[{"@type":"ListItem","position":1,"name":"Hjem","item":"https:\/\/tibladin.dk\/"},{"@type":"ListItem","position":2,"name":"Shop","item":"https:\/\/tibladin.dk\/shop\/"},{"@type":"ListItem","position":3,"name":"Ring i s\u00f8lv &#8211; AMIRA"}]},{"@type":"WebSite","@id":"https:\/\/tibladin.dk\/#website","url":"https:\/\/tibladin.dk\/","name":"Tibladin","description":"Tibladin","publisher":{"@id":"https:\/\/tibladin.dk\/#organization"},"potentialAction":[{"@type":"SearchAction","target":{"@type":"EntryPoint","urlTemplate":"https:\/\/tibladin.dk\/?s={search_term_string}"},"query-input":{"@type":"PropertyValueSpecification","valueRequired":true,"valueName":"search_term_string"}}],"inLanguage":"de"},{"@type":"Organization","@id":"https:\/\/tibladin.dk\/#organization","name":"Tibladin","url":"https:\/\/tibladin.dk\/","logo":{"@type":"ImageObject","inLanguage":"de","@id":"https:\/\/tibladin.dk\/#\/schema\/logo\/image\/","url":"https:\/\/tibladin.dk\/wp-content\/uploads\/2022\/09\/tibladin_logo.svg","contentUrl":"https:\/\/tibladin.dk\/wp-content\/uploads\/2022\/09\/tibladin_logo.svg","caption":"Tibladin"},"image":{"@id":"https:\/\/tibladin.dk\/#\/schema\/logo\/image\/"}}]}},"_links":{"self":[{"href":"https:\/\/tibladin.dk\/de\/wp-json\/wp\/v2\/product\/41735","targetHints":{"allow":["GET"]}}],"collection":[{"href":"https:\/\/tibladin.dk\/de\/wp-json\/wp\/v2\/product"}],"about":[{"href":"https:\/\/tibladin.dk\/de\/wp-json\/wp\/v2\/types\/product"}],"wp:featuredmedia":[{"embeddable":true,"href":"https:\/\/tibladin.dk\/de\/wp-json\/wp\/v2\/media\/41738"}],"wp:attachment":[{"href":"https:\/\/tibladin.dk\/de\/wp-json\/wp\/v2\/media?parent=41735"}],"wp:term":[{"taxonomy":"product_brand","embeddable":true,"href":"https:\/\/tibladin.dk\/de\/wp-json\/wp\/v2\/product_brand?post=41735"},{"taxonomy":"product_cat","embeddable":true,"href":"https:\/\/tibladin.dk\/de\/wp-json\/wp\/v2\/product_cat?post=41735"},{"taxonomy":"product_tag","embeddable":true,"href":"https:\/\/tibladin.dk\/de\/wp-json\/wp\/v2\/product_tag?post=41735"}],"curies":[{"name":"wp","href":"https:\/\/api.w.org\/{rel}","templated":true}]}}