{"id":418,"date":"2024-09-16T11:02:01","date_gmt":"2024-09-16T09:02:01","guid":{"rendered":"https:\/\/tibladin.dk\/?post_type=product&#038;p=418"},"modified":"2025-12-15T16:57:16","modified_gmt":"2025-12-15T15:57:16","slug":"tajine-aus-glas","status":"publish","type":"product","link":"https:\/\/tibladin.dk\/de\/produkt\/glastagine\/","title":{"rendered":"Tajine aus Glas"},"content":{"rendered":"<div class=\"wpb-content-wrapper\"><div class=\"vc_row wpb_row vc_row-fluid\"><div class=\"wpb_column vc_column_container vc_col-sm-4\"><div class=\"vc_column-inner\"><div class=\"wpb_wrapper\"><\/div><\/div><\/div><div class=\"wpb_column vc_column_container vc_col-sm-4\"><div class=\"vc_column-inner\"><div class=\"wpb_wrapper\"><h3 style=\"text-align: left\" class=\"vc_custom_heading vc_do_custom_heading\" >Wartung<\/h3>\n\t<div class=\"wpb_text_column wpb_content_element\" >\n\t\t<div class=\"wpb_wrapper\">\n\t\t\t<p>Glas-Tajines k\u00f6nnen in mildem Seifenwasser gewaschen werden. Wenn das Silberst\u00fcck zu viel Patina bekommt und Sie stattdessen einen gl\u00e4nzenderen Look w\u00fcnschen, k\u00f6nnen Sie etwas Silberpolitur verwenden.<\/p>\n\n\t\t<\/div>\n\t<\/div>\n<\/div><\/div><\/div><div class=\"wpb_column vc_column_container vc_col-sm-4\"><div class=\"vc_column-inner\"><div class=\"wpb_wrapper\"><h3 style=\"text-align: left\" class=\"vc_custom_heading vc_do_custom_heading\" >Die Geschichte dahinter<\/h3>\n\t<div class=\"wpb_text_column wpb_content_element\" >\n\t\t<div class=\"wpb_wrapper\">\n\t\t\t<p>Aufbewahrung, die schm\u00fcckt. Es ist immer sch\u00f6n, sich mit sch\u00f6nen Dingen zu umgeben, und wenn man sie auch noch zum Aufbewahren von Dingen nutzen kann, ist das besonders gut. Ich liebe kleine Dinge, die das Zuhause schm\u00fccken und einfach einen zus\u00e4tzlichen Hauch von W\u00e4rme und marokkanischem Geheimnis verleihen.<\/p>\n<p>Die kleinen Glas-Tajines sind handgefertigt aus Glas und silbernem Metall. Daher ist jedes Glas ein Unikat und es k\u00f6nnen leichte Unterschiede und Unvollkommenheiten auftreten. Die Gl\u00e4ser sind nicht zum Aufbewahren von Lebensmitteln zugelassen. Sie dienen als Dekoration z.B. auf dem Esstisch. Ihr Badezimmer oder auf Ihrer Fensterbank.<\/p>\n<p>Sie haben die freie Wahl zwischen den verschiedenen Farben der Quasten aus Seidenkordel \u2013 schreiben Sie dies einfach in das Kommentarfeld Ihrer Bestellung.<\/p>\n\n\t\t<\/div>\n\t<\/div>\n<\/div><\/div><\/div><\/div>\n<\/div>","protected":false},"excerpt":{"rendered":"<p>Handgefertigtes Glasgef\u00e4\u00df in Form einer Tajine zur Aufbewahrung beispielsweise Ihres Schmucks oder einfach als Dekoration.<\/p>\n<p>Glas-Tajine ist sowohl in Gold als auch in Silber erh\u00e4ltlich.<\/p>\n<p>Sie k\u00f6nnen aus verschiedenen Farben der Quasten aus Seidenkordel w\u00e4hlen. Schreiben Sie in das Kommentarfeld Ihrer Bestellung, welche Farbe Sie w\u00fcnschen<\/p>","protected":false},"featured_media":481,"template":"","meta":{"inline_featured_image":false},"product_brand":[],"product_cat":[29,52,51,45],"product_tag":[],"class_list":{"0":"post-418","1":"product","2":"type-product","3":"status-publish","4":"has-post-thumbnail","6":"product_cat-gaven-til-den-unge-pige","7":"product_cat-krukker-i-glas","8":"product_cat-opbevaring","9":"product_cat-vaert-vaertindegaver","11":"first","12":"outofstock","13":"taxable","14":"shipping-taxable","15":"purchasable","16":"product-type-variable"},"exclude_global_add_ons":false,"addons":[{"name":"M\u00f6chten Sie eine Geschenkverpackung?","type":"checkbox","position":0,"required":false,"title_format":"label","default":"","description_enable":false,"description":"","placeholder_enable":false,"placeholder":"","display":"images","restrictions_type":"any_text","adjust_price":false,"price":"","price_type":"flat_fee","restrictions":false,"min":"0","max":"0","options":[{"label":"Ja tak","price":"10","price_type":"flat_fee","image":11015,"visibility":true}],"id":1669646111}],"yoast_head":"<!-- This site is optimized with the Yoast SEO plugin v27.4 - https:\/\/yoast.com\/product\/yoast-seo-wordpress\/ -->\n<title>Glastagine med kvast | Marokkansk keramik | Tibladin<\/title>\n<meta name=\"description\" content=\"Glastagine til opbevaring. Lille fin marokkansk glaskrukke formet som en tagine til opbevaring af dine smykker eller andre ting eller blot som pynt.\" \/>\n<meta name=\"robots\" content=\"index, follow, max-snippet:-1, max-image-preview:large, max-video-preview:-1\" \/>\n<link rel=\"canonical\" href=\"https:\/\/tibladin.dk\/de\/produkt\/tajine-aus-glas\/\" \/>\n<meta property=\"og:locale\" content=\"de_DE\" \/>\n<meta property=\"og:type\" content=\"article\" \/>\n<meta property=\"og:title\" content=\"Glastagine med kvast | Marokkansk keramik | Tibladin\" \/>\n<meta property=\"og:description\" content=\"Glastagine til opbevaring. Lille fin marokkansk glaskrukke formet som en tagine til opbevaring af dine smykker eller andre ting eller blot som pynt.\" \/>\n<meta property=\"og:url\" content=\"https:\/\/tibladin.dk\/de\/produkt\/tajine-aus-glas\/\" \/>\n<meta property=\"og:site_name\" content=\"Tibladin\" \/>\n<meta property=\"article:modified_time\" content=\"2025-12-15T15:57:16+00:00\" \/>\n<meta property=\"og:image\" content=\"https:\/\/tibladin.dk\/wp-content\/uploads\/2022\/09\/Tibladin_glas-tagine_soelv_800x800-1.jpg\" \/>\n\t<meta property=\"og:image:width\" content=\"800\" \/>\n\t<meta property=\"og:image:height\" content=\"800\" \/>\n\t<meta property=\"og:image:type\" content=\"image\/jpeg\" \/>\n<meta name=\"twitter:card\" content=\"summary_large_image\" \/>\n<meta name=\"twitter:label1\" content=\"Gesch\u00e4tzte Lesezeit\" \/>\n\t<meta name=\"twitter:data1\" content=\"2\u00a0Minuten\" \/>\n<script type=\"application\/ld+json\" class=\"yoast-schema-graph\">{\"@context\":\"https:\\\/\\\/schema.org\",\"@graph\":[{\"@type\":\"WebPage\",\"@id\":\"https:\\\/\\\/tibladin.dk\\\/produkt\\\/glastagine\\\/\",\"url\":\"https:\\\/\\\/tibladin.dk\\\/produkt\\\/glastagine\\\/\",\"name\":\"Glastagine med kvast | Marokkansk keramik | Tibladin\",\"isPartOf\":{\"@id\":\"https:\\\/\\\/tibladin.dk\\\/#website\"},\"primaryImageOfPage\":{\"@id\":\"https:\\\/\\\/tibladin.dk\\\/produkt\\\/glastagine\\\/#primaryimage\"},\"image\":{\"@id\":\"https:\\\/\\\/tibladin.dk\\\/produkt\\\/glastagine\\\/#primaryimage\"},\"thumbnailUrl\":\"https:\\\/\\\/tibladin.dk\\\/wp-content\\\/uploads\\\/2022\\\/09\\\/Tibladin_glas-tagine_soelv_800x800-1.jpg\",\"datePublished\":\"2024-09-16T09:02:01+00:00\",\"dateModified\":\"2025-12-15T15:57:16+00:00\",\"description\":\"Glastagine til opbevaring. Lille fin marokkansk glaskrukke formet som en tagine til opbevaring af dine smykker eller andre ting eller blot som pynt.\",\"breadcrumb\":{\"@id\":\"https:\\\/\\\/tibladin.dk\\\/produkt\\\/glastagine\\\/#breadcrumb\"},\"inLanguage\":\"de\",\"potentialAction\":[{\"@type\":\"ReadAction\",\"target\":[\"https:\\\/\\\/tibladin.dk\\\/produkt\\\/glastagine\\\/\"]}]},{\"@type\":\"ImageObject\",\"inLanguage\":\"de\",\"@id\":\"https:\\\/\\\/tibladin.dk\\\/produkt\\\/glastagine\\\/#primaryimage\",\"url\":\"https:\\\/\\\/tibladin.dk\\\/wp-content\\\/uploads\\\/2022\\\/09\\\/Tibladin_glas-tagine_soelv_800x800-1.jpg\",\"contentUrl\":\"https:\\\/\\\/tibladin.dk\\\/wp-content\\\/uploads\\\/2022\\\/09\\\/Tibladin_glas-tagine_soelv_800x800-1.jpg\",\"width\":800,\"height\":800,\"caption\":\"Marokkansk glas tagine i s\u00f8lv\"},{\"@type\":\"BreadcrumbList\",\"@id\":\"https:\\\/\\\/tibladin.dk\\\/produkt\\\/glastagine\\\/#breadcrumb\",\"itemListElement\":[{\"@type\":\"ListItem\",\"position\":1,\"name\":\"Hjem\",\"item\":\"https:\\\/\\\/tibladin.dk\\\/\"},{\"@type\":\"ListItem\",\"position\":2,\"name\":\"Shop\",\"item\":\"https:\\\/\\\/tibladin.dk\\\/shop\\\/\"},{\"@type\":\"ListItem\",\"position\":3,\"name\":\"Glastagine\"}]},{\"@type\":\"WebSite\",\"@id\":\"https:\\\/\\\/tibladin.dk\\\/#website\",\"url\":\"https:\\\/\\\/tibladin.dk\\\/\",\"name\":\"Tibladin\",\"description\":\"Tibladin\",\"publisher\":{\"@id\":\"https:\\\/\\\/tibladin.dk\\\/#organization\"},\"potentialAction\":[{\"@type\":\"SearchAction\",\"target\":{\"@type\":\"EntryPoint\",\"urlTemplate\":\"https:\\\/\\\/tibladin.dk\\\/?s={search_term_string}\"},\"query-input\":{\"@type\":\"PropertyValueSpecification\",\"valueRequired\":true,\"valueName\":\"search_term_string\"}}],\"inLanguage\":\"de\"},{\"@type\":\"Organization\",\"@id\":\"https:\\\/\\\/tibladin.dk\\\/#organization\",\"name\":\"Tibladin\",\"url\":\"https:\\\/\\\/tibladin.dk\\\/\",\"logo\":{\"@type\":\"ImageObject\",\"inLanguage\":\"de\",\"@id\":\"https:\\\/\\\/tibladin.dk\\\/#\\\/schema\\\/logo\\\/image\\\/\",\"url\":\"https:\\\/\\\/tibladin.dk\\\/wp-content\\\/uploads\\\/2022\\\/09\\\/tibladin_logo.svg\",\"contentUrl\":\"https:\\\/\\\/tibladin.dk\\\/wp-content\\\/uploads\\\/2022\\\/09\\\/tibladin_logo.svg\",\"caption\":\"Tibladin\"},\"image\":{\"@id\":\"https:\\\/\\\/tibladin.dk\\\/#\\\/schema\\\/logo\\\/image\\\/\"}}]}<\/script>\n<!-- \/ Yoast SEO plugin. -->","yoast_head_json":{"title":"Glas-Tajine mit Quaste | Marokkanische Keramik | Tibladin","description":"Glas-Tajine zur Aufbewahrung. Kleines feines marokkanisches Glasgef\u00e4\u00df in Form einer Tajine zur Aufbewahrung Ihres Schmucks oder anderer Dinge oder einfach als Dekoration.","robots":{"index":"index","follow":"follow","max-snippet":"max-snippet:-1","max-image-preview":"max-image-preview:large","max-video-preview":"max-video-preview:-1"},"canonical":"https:\/\/tibladin.dk\/de\/produkt\/tajine-aus-glas\/","og_locale":"de_DE","og_type":"article","og_title":"Glastagine med kvast | Marokkansk keramik | Tibladin","og_description":"Glastagine til opbevaring. Lille fin marokkansk glaskrukke formet som en tagine til opbevaring af dine smykker eller andre ting eller blot som pynt.","og_url":"https:\/\/tibladin.dk\/de\/produkt\/tajine-aus-glas\/","og_site_name":"Tibladin","article_modified_time":"2025-12-15T15:57:16+00:00","og_image":[{"width":800,"height":800,"url":"https:\/\/tibladin.dk\/wp-content\/uploads\/2022\/09\/Tibladin_glas-tagine_soelv_800x800-1.jpg","type":"image\/jpeg"}],"twitter_card":"summary_large_image","twitter_misc":{"Gesch\u00e4tzte Lesezeit":"2\u00a0Minuten"},"schema":{"@context":"https:\/\/schema.org","@graph":[{"@type":"WebPage","@id":"https:\/\/tibladin.dk\/produkt\/glastagine\/","url":"https:\/\/tibladin.dk\/produkt\/glastagine\/","name":"Glas-Tajine mit Quaste | Marokkanische Keramik | Tibladin","isPartOf":{"@id":"https:\/\/tibladin.dk\/#website"},"primaryImageOfPage":{"@id":"https:\/\/tibladin.dk\/produkt\/glastagine\/#primaryimage"},"image":{"@id":"https:\/\/tibladin.dk\/produkt\/glastagine\/#primaryimage"},"thumbnailUrl":"https:\/\/tibladin.dk\/wp-content\/uploads\/2022\/09\/Tibladin_glas-tagine_soelv_800x800-1.jpg","datePublished":"2024-09-16T09:02:01+00:00","dateModified":"2025-12-15T15:57:16+00:00","description":"Glas-Tajine zur Aufbewahrung. Kleines feines marokkanisches Glasgef\u00e4\u00df in Form einer Tajine zur Aufbewahrung Ihres Schmucks oder anderer Dinge oder einfach als Dekoration.","breadcrumb":{"@id":"https:\/\/tibladin.dk\/produkt\/glastagine\/#breadcrumb"},"inLanguage":"de","potentialAction":[{"@type":"ReadAction","target":["https:\/\/tibladin.dk\/produkt\/glastagine\/"]}]},{"@type":"ImageObject","inLanguage":"de","@id":"https:\/\/tibladin.dk\/produkt\/glastagine\/#primaryimage","url":"https:\/\/tibladin.dk\/wp-content\/uploads\/2022\/09\/Tibladin_glas-tagine_soelv_800x800-1.jpg","contentUrl":"https:\/\/tibladin.dk\/wp-content\/uploads\/2022\/09\/Tibladin_glas-tagine_soelv_800x800-1.jpg","width":800,"height":800,"caption":"Marokkansk glas tagine i s\u00f8lv"},{"@type":"BreadcrumbList","@id":"https:\/\/tibladin.dk\/produkt\/glastagine\/#breadcrumb","itemListElement":[{"@type":"ListItem","position":1,"name":"Hjem","item":"https:\/\/tibladin.dk\/"},{"@type":"ListItem","position":2,"name":"Shop","item":"https:\/\/tibladin.dk\/shop\/"},{"@type":"ListItem","position":3,"name":"Glastagine"}]},{"@type":"WebSite","@id":"https:\/\/tibladin.dk\/#website","url":"https:\/\/tibladin.dk\/","name":"Tibladin","description":"Tibladin","publisher":{"@id":"https:\/\/tibladin.dk\/#organization"},"potentialAction":[{"@type":"SearchAction","target":{"@type":"EntryPoint","urlTemplate":"https:\/\/tibladin.dk\/?s={search_term_string}"},"query-input":{"@type":"PropertyValueSpecification","valueRequired":true,"valueName":"search_term_string"}}],"inLanguage":"de"},{"@type":"Organization","@id":"https:\/\/tibladin.dk\/#organization","name":"Tibladin","url":"https:\/\/tibladin.dk\/","logo":{"@type":"ImageObject","inLanguage":"de","@id":"https:\/\/tibladin.dk\/#\/schema\/logo\/image\/","url":"https:\/\/tibladin.dk\/wp-content\/uploads\/2022\/09\/tibladin_logo.svg","contentUrl":"https:\/\/tibladin.dk\/wp-content\/uploads\/2022\/09\/tibladin_logo.svg","caption":"Tibladin"},"image":{"@id":"https:\/\/tibladin.dk\/#\/schema\/logo\/image\/"}}]}},"_links":{"self":[{"href":"https:\/\/tibladin.dk\/de\/wp-json\/wp\/v2\/product\/418","targetHints":{"allow":["GET"]}}],"collection":[{"href":"https:\/\/tibladin.dk\/de\/wp-json\/wp\/v2\/product"}],"about":[{"href":"https:\/\/tibladin.dk\/de\/wp-json\/wp\/v2\/types\/product"}],"wp:featuredmedia":[{"embeddable":true,"href":"https:\/\/tibladin.dk\/de\/wp-json\/wp\/v2\/media\/481"}],"wp:attachment":[{"href":"https:\/\/tibladin.dk\/de\/wp-json\/wp\/v2\/media?parent=418"}],"wp:term":[{"taxonomy":"product_brand","embeddable":true,"href":"https:\/\/tibladin.dk\/de\/wp-json\/wp\/v2\/product_brand?post=418"},{"taxonomy":"product_cat","embeddable":true,"href":"https:\/\/tibladin.dk\/de\/wp-json\/wp\/v2\/product_cat?post=418"},{"taxonomy":"product_tag","embeddable":true,"href":"https:\/\/tibladin.dk\/de\/wp-json\/wp\/v2\/product_tag?post=418"}],"curies":[{"name":"wp","href":"https:\/\/api.w.org\/{rel}","templated":true}]}}