{"id":420,"date":"2022-09-20T11:02:01","date_gmt":"2022-09-20T09:02:01","guid":{"rendered":"https:\/\/tibladin.dk\/?post_type=product&#038;p=420"},"modified":"2025-03-26T19:25:21","modified_gmt":"2025-03-26T18:25:21","slug":"glaser-in-stucco-tadlekt-schwarz","status":"publish","type":"product","link":"https:\/\/tibladin.dk\/de\/produkt\/krukker-i-stucco-tadlekt-sort\/","title":{"rendered":"Gl\u00e4ser in Stucco\/Tadlect \u2013 Schwarz"},"content":{"rendered":"<div class=\"wpb-content-wrapper\"><div class=\"vc_row wpb_row vc_row-fluid\"><div class=\"wpb_column vc_column_container vc_col-sm-4\"><div class=\"vc_column-inner\"><div class=\"wpb_wrapper\"><\/div><\/div><\/div><div class=\"wpb_column vc_column_container vc_col-sm-4\"><div class=\"vc_column-inner\"><div class=\"wpb_wrapper\"><h3 style=\"text-align: left\" class=\"vc_custom_heading vc_do_custom_heading\" >Wartung<\/h3>\n\t<div class=\"wpb_text_column wpb_content_element\" >\n\t\t<div class=\"wpb_wrapper\">\n\t\t\t<p>Zur Reinigung empfehle ich einfach ein Staubtuch oder ein kr\u00e4ftig ausgewrungenes Tuch.<\/p>\n\n\t\t<\/div>\n\t<\/div>\n<\/div><\/div><\/div><div class=\"wpb_column vc_column_container vc_col-sm-4\"><div class=\"vc_column-inner\"><div class=\"wpb_wrapper\"><h3 style=\"text-align: left\" class=\"vc_custom_heading vc_do_custom_heading\" >Die Geschichte dahinter<\/h3>\n\t<div class=\"wpb_text_column wpb_content_element\" >\n\t\t<div class=\"wpb_wrapper\">\n\t\t\t<p>Aufbewahrung, die schm\u00fcckt. Es ist immer sch\u00f6n, sich mit sch\u00f6nen Dingen zu umgeben, und wenn man sie auch noch zum Aufbewahren von Dingen nutzen kann, ist das besonders gut. Ich liebe kleine Dinge, die das Zuhause schm\u00fccken und einfach einen zus\u00e4tzlichen Hauch von W\u00e4rme und marokkanischem Geheimnis verleihen.<\/p>\n<p>Tadlekt oder das europ\u00e4ische Wort Stuck ist ein Material, das in Marokko f\u00fcr W\u00e4nde, insbesondere in Badezimmern, verwendet wird. Es verleiht den W\u00e4nden eine Art Marmorierung, ein gl\u00e4nzendes, exklusives Aussehen. In Marokko sieht man Tadlekt oft an W\u00e4nden in den meisten R\u00e4umen, in Badezimmern, im Hammam (marokkanischem Dampfbad) usw. sehen. Ich liebe dieses Material absolut, ich finde es sieht so cool aus. Tadlekt wird auch zur Herstellung von Gl\u00e4sern verwendet. Sie eignen sich gut f\u00fcr Wattepads und Wattest\u00e4bchen im Badezimmer oder einfach als Dekoration.<\/p>\n<p>Sie k\u00f6nnen nicht zur Aufbewahrung von Lebensmitteln verwendet werden.<\/p>\n\n\t\t<\/div>\n\t<\/div>\n<\/div><\/div><\/div><\/div>\n<\/div>","protected":false},"excerpt":{"rendered":"<p>Handgefertigte T\u00f6pfe aus Stucco\/Tadlekt in Schwarz.<\/p>\n<p>in drei verschiedenen Gr\u00f6\u00dfen erh\u00e4ltlich. Wundersch\u00f6n als Aufbewahrung und Dekoration f\u00fcr Badezimmer, Schlafzimmer oder K\u00fcche. Verleiht einen exklusiven und eleganten Look.<\/p>","protected":false},"featured_media":496,"template":"","meta":{"inline_featured_image":false},"product_brand":[],"product_cat":[53,51,45],"product_tag":[],"class_list":{"0":"post-420","1":"product","2":"type-product","3":"status-publish","4":"has-post-thumbnail","6":"product_cat-krukker-i-stucco","7":"product_cat-opbevaring","8":"product_cat-vaert-vaertindegaver","10":"first","11":"instock","12":"taxable","13":"shipping-taxable","14":"purchasable","15":"product-type-variable"},"exclude_global_add_ons":false,"addons":[{"name":"M\u00f6chten Sie eine Geschenkverpackung?","type":"checkbox","position":0,"required":false,"title_format":"label","default":"","description_enable":false,"description":"","placeholder_enable":false,"placeholder":"","display":"images","restrictions_type":"any_text","adjust_price":false,"price":"","price_type":"flat_fee","restrictions":false,"min":"0","max":"0","options":[{"label":"Ja tak","price":"10","price_type":"flat_fee","image":11015,"visibility":true}],"id":1669646111}],"yoast_head":"<!-- This site is optimized with the Yoast SEO plugin v27.4 - https:\/\/yoast.com\/product\/yoast-seo-wordpress\/ -->\n<title>Krukker i stucco\/tadlekt - sort | Marokkansk keramik | Tibladin<\/title>\n<meta name=\"description\" content=\"Krukker i stucco\/tadlekt sort til opbevaring og pynt til f.eks. dit badev\u00e6relse. F\u00e5es i tre forskellige st\u00f8rrelser. Kan ogs\u00e5 findes i andre farver\" \/>\n<meta name=\"robots\" content=\"index, follow, max-snippet:-1, max-image-preview:large, max-video-preview:-1\" \/>\n<link rel=\"canonical\" href=\"https:\/\/tibladin.dk\/de\/produkt\/glaser-in-stucco-tadlekt-schwarz\/\" \/>\n<meta property=\"og:locale\" content=\"de_DE\" \/>\n<meta property=\"og:type\" content=\"article\" \/>\n<meta property=\"og:title\" content=\"Krukker i stucco\/tadlekt - sort | Marokkansk keramik | Tibladin\" \/>\n<meta property=\"og:description\" content=\"Krukker i stucco\/tadlekt sort til opbevaring og pynt til f.eks. dit badev\u00e6relse. F\u00e5es i tre forskellige st\u00f8rrelser. Kan ogs\u00e5 findes i andre farver\" \/>\n<meta property=\"og:url\" content=\"https:\/\/tibladin.dk\/de\/produkt\/glaser-in-stucco-tadlekt-schwarz\/\" \/>\n<meta property=\"og:site_name\" content=\"Tibladin\" \/>\n<meta property=\"article:modified_time\" content=\"2025-03-26T18:25:21+00:00\" \/>\n<meta property=\"og:image\" content=\"https:\/\/tibladin.dk\/wp-content\/uploads\/2022\/09\/Tibladin_Krukker_Tadlekt_sort_hoej_800x800-1.jpg\" \/>\n\t<meta property=\"og:image:width\" content=\"800\" \/>\n\t<meta property=\"og:image:height\" content=\"800\" \/>\n\t<meta property=\"og:image:type\" content=\"image\/jpeg\" \/>\n<meta name=\"twitter:card\" content=\"summary_large_image\" \/>\n<meta name=\"twitter:label1\" content=\"Gesch\u00e4tzte Lesezeit\" \/>\n\t<meta name=\"twitter:data1\" content=\"2\u00a0Minuten\" \/>\n<script type=\"application\/ld+json\" class=\"yoast-schema-graph\">{\"@context\":\"https:\\\/\\\/schema.org\",\"@graph\":[{\"@type\":\"WebPage\",\"@id\":\"https:\\\/\\\/tibladin.dk\\\/produkt\\\/krukker-i-stucco-tadlekt-sort\\\/\",\"url\":\"https:\\\/\\\/tibladin.dk\\\/produkt\\\/krukker-i-stucco-tadlekt-sort\\\/\",\"name\":\"Krukker i stucco\\\/tadlekt - sort | Marokkansk keramik | Tibladin\",\"isPartOf\":{\"@id\":\"https:\\\/\\\/tibladin.dk\\\/#website\"},\"primaryImageOfPage\":{\"@id\":\"https:\\\/\\\/tibladin.dk\\\/produkt\\\/krukker-i-stucco-tadlekt-sort\\\/#primaryimage\"},\"image\":{\"@id\":\"https:\\\/\\\/tibladin.dk\\\/produkt\\\/krukker-i-stucco-tadlekt-sort\\\/#primaryimage\"},\"thumbnailUrl\":\"https:\\\/\\\/tibladin.dk\\\/wp-content\\\/uploads\\\/2022\\\/09\\\/Tibladin_Krukker_Tadlekt_sort_hoej_800x800-1.jpg\",\"datePublished\":\"2022-09-20T09:02:01+00:00\",\"dateModified\":\"2025-03-26T18:25:21+00:00\",\"description\":\"Krukker i stucco\\\/tadlekt sort til opbevaring og pynt til f.eks. dit badev\u00e6relse. F\u00e5es i tre forskellige st\u00f8rrelser. Kan ogs\u00e5 findes i andre farver\",\"breadcrumb\":{\"@id\":\"https:\\\/\\\/tibladin.dk\\\/produkt\\\/krukker-i-stucco-tadlekt-sort\\\/#breadcrumb\"},\"inLanguage\":\"de\",\"potentialAction\":[{\"@type\":\"ReadAction\",\"target\":[\"https:\\\/\\\/tibladin.dk\\\/produkt\\\/krukker-i-stucco-tadlekt-sort\\\/\"]}]},{\"@type\":\"ImageObject\",\"inLanguage\":\"de\",\"@id\":\"https:\\\/\\\/tibladin.dk\\\/produkt\\\/krukker-i-stucco-tadlekt-sort\\\/#primaryimage\",\"url\":\"https:\\\/\\\/tibladin.dk\\\/wp-content\\\/uploads\\\/2022\\\/09\\\/Tibladin_Krukker_Tadlekt_sort_hoej_800x800-1.jpg\",\"contentUrl\":\"https:\\\/\\\/tibladin.dk\\\/wp-content\\\/uploads\\\/2022\\\/09\\\/Tibladin_Krukker_Tadlekt_sort_hoej_800x800-1.jpg\",\"width\":800,\"height\":800,\"caption\":\"Marokkanske krukker i stucco i forskellige st\u00f8rrelser\"},{\"@type\":\"BreadcrumbList\",\"@id\":\"https:\\\/\\\/tibladin.dk\\\/produkt\\\/krukker-i-stucco-tadlekt-sort\\\/#breadcrumb\",\"itemListElement\":[{\"@type\":\"ListItem\",\"position\":1,\"name\":\"Hjem\",\"item\":\"https:\\\/\\\/tibladin.dk\\\/\"},{\"@type\":\"ListItem\",\"position\":2,\"name\":\"Shop\",\"item\":\"https:\\\/\\\/tibladin.dk\\\/shop\\\/\"},{\"@type\":\"ListItem\",\"position\":3,\"name\":\"Krukker i stucco\\\/tadlekt &#8211; sort\"}]},{\"@type\":\"WebSite\",\"@id\":\"https:\\\/\\\/tibladin.dk\\\/#website\",\"url\":\"https:\\\/\\\/tibladin.dk\\\/\",\"name\":\"Tibladin\",\"description\":\"Tibladin\",\"publisher\":{\"@id\":\"https:\\\/\\\/tibladin.dk\\\/#organization\"},\"potentialAction\":[{\"@type\":\"SearchAction\",\"target\":{\"@type\":\"EntryPoint\",\"urlTemplate\":\"https:\\\/\\\/tibladin.dk\\\/?s={search_term_string}\"},\"query-input\":{\"@type\":\"PropertyValueSpecification\",\"valueRequired\":true,\"valueName\":\"search_term_string\"}}],\"inLanguage\":\"de\"},{\"@type\":\"Organization\",\"@id\":\"https:\\\/\\\/tibladin.dk\\\/#organization\",\"name\":\"Tibladin\",\"url\":\"https:\\\/\\\/tibladin.dk\\\/\",\"logo\":{\"@type\":\"ImageObject\",\"inLanguage\":\"de\",\"@id\":\"https:\\\/\\\/tibladin.dk\\\/#\\\/schema\\\/logo\\\/image\\\/\",\"url\":\"https:\\\/\\\/tibladin.dk\\\/wp-content\\\/uploads\\\/2022\\\/09\\\/tibladin_logo.svg\",\"contentUrl\":\"https:\\\/\\\/tibladin.dk\\\/wp-content\\\/uploads\\\/2022\\\/09\\\/tibladin_logo.svg\",\"caption\":\"Tibladin\"},\"image\":{\"@id\":\"https:\\\/\\\/tibladin.dk\\\/#\\\/schema\\\/logo\\\/image\\\/\"}}]}<\/script>\n<!-- \/ Yoast SEO plugin. -->","yoast_head_json":{"title":"Gl\u00e4ser in Stucco\/Tadlekt - Schwarz | Marokkanische Keramik | Tibladin","description":"Gl\u00e4ser in Stucco\/Tadlekt Schwarz zur Aufbewahrung und Dekoration f\u00fcr z.B. Ihr Badezimmer. Erh\u00e4ltlich in drei verschiedenen Gr\u00f6\u00dfen. Auch in anderen Farben erh\u00e4ltlich","robots":{"index":"index","follow":"follow","max-snippet":"max-snippet:-1","max-image-preview":"max-image-preview:large","max-video-preview":"max-video-preview:-1"},"canonical":"https:\/\/tibladin.dk\/de\/produkt\/glaser-in-stucco-tadlekt-schwarz\/","og_locale":"de_DE","og_type":"article","og_title":"Krukker i stucco\/tadlekt - sort | Marokkansk keramik | Tibladin","og_description":"Krukker i stucco\/tadlekt sort til opbevaring og pynt til f.eks. dit badev\u00e6relse. F\u00e5es i tre forskellige st\u00f8rrelser. Kan ogs\u00e5 findes i andre farver","og_url":"https:\/\/tibladin.dk\/de\/produkt\/glaser-in-stucco-tadlekt-schwarz\/","og_site_name":"Tibladin","article_modified_time":"2025-03-26T18:25:21+00:00","og_image":[{"width":800,"height":800,"url":"https:\/\/tibladin.dk\/wp-content\/uploads\/2022\/09\/Tibladin_Krukker_Tadlekt_sort_hoej_800x800-1.jpg","type":"image\/jpeg"}],"twitter_card":"summary_large_image","twitter_misc":{"Gesch\u00e4tzte Lesezeit":"2\u00a0Minuten"},"schema":{"@context":"https:\/\/schema.org","@graph":[{"@type":"WebPage","@id":"https:\/\/tibladin.dk\/produkt\/krukker-i-stucco-tadlekt-sort\/","url":"https:\/\/tibladin.dk\/produkt\/krukker-i-stucco-tadlekt-sort\/","name":"Gl\u00e4ser in Stucco\/Tadlekt - Schwarz | Marokkanische Keramik | Tibladin","isPartOf":{"@id":"https:\/\/tibladin.dk\/#website"},"primaryImageOfPage":{"@id":"https:\/\/tibladin.dk\/produkt\/krukker-i-stucco-tadlekt-sort\/#primaryimage"},"image":{"@id":"https:\/\/tibladin.dk\/produkt\/krukker-i-stucco-tadlekt-sort\/#primaryimage"},"thumbnailUrl":"https:\/\/tibladin.dk\/wp-content\/uploads\/2022\/09\/Tibladin_Krukker_Tadlekt_sort_hoej_800x800-1.jpg","datePublished":"2022-09-20T09:02:01+00:00","dateModified":"2025-03-26T18:25:21+00:00","description":"Gl\u00e4ser in Stucco\/Tadlekt Schwarz zur Aufbewahrung und Dekoration f\u00fcr z.B. Ihr Badezimmer. Erh\u00e4ltlich in drei verschiedenen Gr\u00f6\u00dfen. Auch in anderen Farben erh\u00e4ltlich","breadcrumb":{"@id":"https:\/\/tibladin.dk\/produkt\/krukker-i-stucco-tadlekt-sort\/#breadcrumb"},"inLanguage":"de","potentialAction":[{"@type":"ReadAction","target":["https:\/\/tibladin.dk\/produkt\/krukker-i-stucco-tadlekt-sort\/"]}]},{"@type":"ImageObject","inLanguage":"de","@id":"https:\/\/tibladin.dk\/produkt\/krukker-i-stucco-tadlekt-sort\/#primaryimage","url":"https:\/\/tibladin.dk\/wp-content\/uploads\/2022\/09\/Tibladin_Krukker_Tadlekt_sort_hoej_800x800-1.jpg","contentUrl":"https:\/\/tibladin.dk\/wp-content\/uploads\/2022\/09\/Tibladin_Krukker_Tadlekt_sort_hoej_800x800-1.jpg","width":800,"height":800,"caption":"Marokkanske krukker i stucco i forskellige st\u00f8rrelser"},{"@type":"BreadcrumbList","@id":"https:\/\/tibladin.dk\/produkt\/krukker-i-stucco-tadlekt-sort\/#breadcrumb","itemListElement":[{"@type":"ListItem","position":1,"name":"Hjem","item":"https:\/\/tibladin.dk\/"},{"@type":"ListItem","position":2,"name":"Shop","item":"https:\/\/tibladin.dk\/shop\/"},{"@type":"ListItem","position":3,"name":"Krukker i stucco\/tadlekt &#8211; sort"}]},{"@type":"WebSite","@id":"https:\/\/tibladin.dk\/#website","url":"https:\/\/tibladin.dk\/","name":"Tibladin","description":"Tibladin","publisher":{"@id":"https:\/\/tibladin.dk\/#organization"},"potentialAction":[{"@type":"SearchAction","target":{"@type":"EntryPoint","urlTemplate":"https:\/\/tibladin.dk\/?s={search_term_string}"},"query-input":{"@type":"PropertyValueSpecification","valueRequired":true,"valueName":"search_term_string"}}],"inLanguage":"de"},{"@type":"Organization","@id":"https:\/\/tibladin.dk\/#organization","name":"Tibladin","url":"https:\/\/tibladin.dk\/","logo":{"@type":"ImageObject","inLanguage":"de","@id":"https:\/\/tibladin.dk\/#\/schema\/logo\/image\/","url":"https:\/\/tibladin.dk\/wp-content\/uploads\/2022\/09\/tibladin_logo.svg","contentUrl":"https:\/\/tibladin.dk\/wp-content\/uploads\/2022\/09\/tibladin_logo.svg","caption":"Tibladin"},"image":{"@id":"https:\/\/tibladin.dk\/#\/schema\/logo\/image\/"}}]}},"_links":{"self":[{"href":"https:\/\/tibladin.dk\/de\/wp-json\/wp\/v2\/product\/420","targetHints":{"allow":["GET"]}}],"collection":[{"href":"https:\/\/tibladin.dk\/de\/wp-json\/wp\/v2\/product"}],"about":[{"href":"https:\/\/tibladin.dk\/de\/wp-json\/wp\/v2\/types\/product"}],"wp:featuredmedia":[{"embeddable":true,"href":"https:\/\/tibladin.dk\/de\/wp-json\/wp\/v2\/media\/496"}],"wp:attachment":[{"href":"https:\/\/tibladin.dk\/de\/wp-json\/wp\/v2\/media?parent=420"}],"wp:term":[{"taxonomy":"product_brand","embeddable":true,"href":"https:\/\/tibladin.dk\/de\/wp-json\/wp\/v2\/product_brand?post=420"},{"taxonomy":"product_cat","embeddable":true,"href":"https:\/\/tibladin.dk\/de\/wp-json\/wp\/v2\/product_cat?post=420"},{"taxonomy":"product_tag","embeddable":true,"href":"https:\/\/tibladin.dk\/de\/wp-json\/wp\/v2\/product_tag?post=420"}],"curies":[{"name":"wp","href":"https:\/\/api.w.org\/{rel}","templated":true}]}}