{"id":42250,"date":"2025-12-04T15:22:05","date_gmt":"2025-12-04T14:22:05","guid":{"rendered":"https:\/\/tibladin.dk\/?post_type=product&#038;p=42250"},"modified":"2026-04-01T15:42:44","modified_gmt":"2026-04-01T13:42:44","slug":"beni-ouarain-102x154-cm-tilmi","status":"publish","type":"product","link":"https:\/\/tibladin.dk\/de\/produkt\/beni-ouarain-102x154-cm-tilmi\/","title":{"rendered":"Beni Ouarain 102\u00d7154 cm. \u2013 TILMI"},"content":{"rendered":"<div class=\"wpb-content-wrapper\"><p>!<div class=\"vc_row wpb_row vc_row-fluid\"><div class=\"wpb_column vc_column_container vc_col-sm-4\"><div class=\"vc_column-inner\"><div class=\"wpb_wrapper\"><\/div><\/div><\/div><div class=\"wpb_column vc_column_container vc_col-sm-4\"><div class=\"vc_column-inner\"><div class=\"wpb_wrapper\"><h3 style=\"text-align: left\" class=\"vc_custom_heading vc_do_custom_heading\" >Beni Ouarain Teppichpflege<\/h3>\n\t<div class=\"wpb_text_column wpb_content_element\" >\n\t\t<div class=\"wpb_wrapper\">\n\t\t\t<p>Staubsaugen Sie den Beni Ouarain-Teppich regelm\u00e4\u00dfig, nehmen Sie ihn mit nach drau\u00dfen und sch\u00fctteln Sie ihn gelegentlich. Flecken werden entfernt, indem man den Fleck schnellstm\u00f6glich mit einem Tuch aufsaugt und den Fleck anschlie\u00dfend mit einem feuchten Tuch abtupft. Der Teppich besteht zu 100 % aus reiner Wolle und ist auf jeder Faser von Natur aus mit Lanolin beschichtet, sodass Flecken nicht in den Teppich eindringen. Sollten wir das Gl\u00fcck haben, in einem Winter in D\u00e4nemark Schnee zu bekommen, dann breiten wir endlich die Decke im wei\u00dfen Schnee aus. Dadurch wird der Teppich gr\u00fcndlich gereinigt \u2013 ganz nat\u00fcrlich.<\/p>\n\n\t\t<\/div>\n\t<\/div>\n<\/div><\/div><\/div><div class=\"wpb_column vc_column_container vc_col-sm-4\"><div class=\"vc_column-inner\"><div class=\"wpb_wrapper\"><h3 style=\"text-align: left\" class=\"vc_custom_heading vc_do_custom_heading\" >Die Geschichte hinter Beni Ouarain-Teppichen<\/h3>\n\t<div class=\"wpb_text_column wpb_content_element\" >\n\t\t<div class=\"wpb_wrapper\">\n\t\t\t<p>Der Teppich von Beni Ouarain schm\u00fcckt, sorgt f\u00fcr Gem\u00fctlichkeit und W\u00e4rme und ist zudem ger\u00e4uschabsorbierend.<\/p>\n<p>Beni Ouarain-Teppiche erfreuen sich auf der ganzen Welt gro\u00dfer Beliebtheit und passen auch sehr gut zur skandinavischen Einrichtung. Viele Interior-Marken haben ihren Stil kopiert und industriell herstellen lassen. Hier bei Tibladin haben wir nur originale Beni Ouarain-Teppiche, die von Frauen des Berberstamms Beni Ouarain, der s\u00fcdlich des Rif-Gebirges in Marokko beheimatet ist, von Hand gefertigt wurden. Die Decken werden vom Berberstamm verwendet, um sich zuzudecken und darauf zu liegen, wenn sie schlafen m\u00fcssen. Jeder Teppich ist ein Kunstwerk und wird im Gegensatz zu Orientteppichen nicht nach Vorbild, sondern nur nach den eigenen W\u00fcnschen der Frauen hergestellt und symbolisiert oft die Gef\u00fchle, die die Frauen beim Weben hatten. Die Rautenform vieler Teppiche sch\u00fctzt vor dem B\u00f6sen. Die Farbt\u00f6ne sind in den Farben Wei\u00df, Beige, Braun und Schwarz nat\u00fcrlich.<\/p>\n<p>Werfen Sie Ihre Schuhe weg und sp\u00fcren Sie die weiche Wolle unter Ihren F\u00fc\u00dfen!<\/p>\n\n\t\t<\/div>\n\t<\/div>\n<\/div><\/div><\/div><\/div>\n<\/div>","protected":false},"excerpt":{"rendered":"<h3 data-start=\"80\" data-end=\"125\"><strong data-start=\"84\" data-end=\"123\">TILMI \u2013 Beni Ourain Teppich 102\u00d7154 cm<\/strong><\/h3>\n<p data-start=\"359\" data-end=\"681\"><em data-start=\"359\" data-end=\"369\">Bis ich<\/em> Dieser klassische, handgekn\u00fcpfte Beni-Ouarain-Teppich aus dem marokkanischen Atlasgebirge wird aus der Wolle einheimischer Schafe gefertigt und von Berberfrauen nach alter Tradition gewebt. Der sanfte elfenbeinfarbene Grundton in Kombination mit dunklen, grafischen Rautenmustern und kleinen Sternenpunkten verleiht dem Teppich eine ruhige, moderne und zeitlose Ausstrahlung.<\/p>\n<p data-start=\"683\" data-end=\"967\">Der lange, luxuri\u00f6se Wollflor macht den Teppich unwiderstehlich weich unter den F\u00fc\u00dfen, w\u00e4hrend die neutrale Farbgebung zu allen Einrichtungsstilen passt \u2013 vom nordischen Minimalismus bis zum warmen Boh\u00e8me-Stil.<br data-start=\"867\" data-end=\"870\" \/><em data-start=\"870\" data-end=\"880\">Bis ich <\/em>ist ein einzigartiges St\u00fcck Handwerkskunst, das W\u00e4rme, Struktur und Berberkultur ins Haus bringt.<\/p>\n<h3 data-start=\"969\" data-end=\"985\"><strong data-start=\"973\" data-end=\"985\">Details<\/strong><\/h3>\n<ul data-start=\"986\" data-end=\"1196\">\n<li data-start=\"986\" data-end=\"1038\">\n<p data-start=\"988\" data-end=\"1038\">Herkunft: Beni Ourain, Atlasgebirge, Marokko<\/p>\n<\/li>\n<li data-start=\"1039\" data-end=\"1067\">\n<p data-start=\"1041\" data-end=\"1067\">Material: 100% Naturwolle<\/p>\n<\/li>\n<li data-start=\"1068\" data-end=\"1113\">\n<p data-start=\"1070\" data-end=\"1113\">Handgebunden nach traditionellen Techniken<\/p>\n<\/li>\n<li data-start=\"1114\" data-end=\"1158\">\n<p data-start=\"1116\" data-end=\"1158\">Farben: Elfenbein, warmes Beige und Dunkelgrau<\/p>\n<\/li>\n<li data-start=\"1159\" data-end=\"1196\">\n<p data-start=\"1161\" data-end=\"1196\">Einzigartig \u2013 nur ein Exemplar erh\u00e4ltlich<\/p>\n<\/li>\n<\/ul>\n<hr data-start=\"1198\" data-end=\"1201\" \/>","protected":false},"featured_media":42254,"template":"","meta":{"inline_featured_image":false},"product_brand":[],"product_cat":[62,59],"product_tag":[],"class_list":{"0":"post-42250","1":"product","2":"type-product","3":"status-publish","4":"has-post-thumbnail","6":"product_cat-beni-ouarain","7":"product_cat-marokkanske-taepper","9":"first","10":"outofstock","11":"taxable","12":"shipping-taxable","13":"purchasable","14":"product-type-simple"},"exclude_global_add_ons":[],"addons":[],"yoast_head":"<!-- This site is optimized with the Yoast SEO plugin v27.5 - https:\/\/yoast.com\/product\/yoast-seo-wordpress\/ -->\n<title>Beni Ouarain t\u00e6ppe | Marokkansk t\u00e6ppe | Kig her lige nu!<\/title>\n<meta name=\"description\" content=\"Marokkansk t\u00e6ppe Beni Ouarain i 100% uld. Dejlig lys uld med turkis diamantformet m\u00f8nster. T\u00e6ppet er h\u00e5ndv\u00e6vet i kvalitetsuld og m\u00e5ler 95x154 cm.\" \/>\n<meta name=\"robots\" content=\"index, follow, max-snippet:-1, max-image-preview:large, max-video-preview:-1\" \/>\n<link rel=\"canonical\" href=\"https:\/\/tibladin.dk\/de\/produkt\/beni-ouarain-102x154-cm-tilmi\/\" \/>\n<meta property=\"og:locale\" content=\"de_DE\" \/>\n<meta property=\"og:type\" content=\"article\" \/>\n<meta property=\"og:title\" content=\"Beni Ouarain t\u00e6ppe | Marokkansk t\u00e6ppe | Kig her lige nu!\" \/>\n<meta property=\"og:description\" content=\"Marokkansk t\u00e6ppe Beni Ouarain i 100% uld. Dejlig lys uld med turkis diamantformet m\u00f8nster. T\u00e6ppet er h\u00e5ndv\u00e6vet i kvalitetsuld og m\u00e5ler 95x154 cm.\" \/>\n<meta property=\"og:url\" content=\"https:\/\/tibladin.dk\/de\/produkt\/beni-ouarain-102x154-cm-tilmi\/\" \/>\n<meta property=\"og:site_name\" content=\"Tibladin\" \/>\n<meta property=\"article:modified_time\" content=\"2026-04-01T13:42:44+00:00\" \/>\n<meta property=\"og:image\" content=\"https:\/\/tibladin.dk\/wp-content\/uploads\/2025\/12\/Beni-Ouarain-taeppe_TILMI_2.jpg\" \/>\n\t<meta property=\"og:image:width\" content=\"800\" \/>\n\t<meta property=\"og:image:height\" content=\"800\" \/>\n\t<meta property=\"og:image:type\" content=\"image\/jpeg\" \/>\n<meta name=\"twitter:card\" content=\"summary_large_image\" \/>\n<meta name=\"twitter:label1\" content=\"Gesch\u00e4tzte Lesezeit\" \/>\n\t<meta name=\"twitter:data1\" content=\"2\u00a0Minuten\" \/>\n<script type=\"application\/ld+json\" class=\"yoast-schema-graph\">{\"@context\":\"https:\\\/\\\/schema.org\",\"@graph\":[{\"@type\":\"WebPage\",\"@id\":\"https:\\\/\\\/tibladin.dk\\\/produkt\\\/beni-ouarain-102x154-cm-tilmi\\\/\",\"url\":\"https:\\\/\\\/tibladin.dk\\\/produkt\\\/beni-ouarain-102x154-cm-tilmi\\\/\",\"name\":\"Beni Ouarain t\u00e6ppe | Marokkansk t\u00e6ppe | Kig her lige nu!\",\"isPartOf\":{\"@id\":\"https:\\\/\\\/tibladin.dk\\\/#website\"},\"primaryImageOfPage\":{\"@id\":\"https:\\\/\\\/tibladin.dk\\\/produkt\\\/beni-ouarain-102x154-cm-tilmi\\\/#primaryimage\"},\"image\":{\"@id\":\"https:\\\/\\\/tibladin.dk\\\/produkt\\\/beni-ouarain-102x154-cm-tilmi\\\/#primaryimage\"},\"thumbnailUrl\":\"https:\\\/\\\/tibladin.dk\\\/wp-content\\\/uploads\\\/2025\\\/12\\\/Beni-Ouarain-taeppe_TILMI_2.jpg\",\"datePublished\":\"2025-12-04T14:22:05+00:00\",\"dateModified\":\"2026-04-01T13:42:44+00:00\",\"description\":\"Marokkansk t\u00e6ppe Beni Ouarain i 100% uld. Dejlig lys uld med turkis diamantformet m\u00f8nster. T\u00e6ppet er h\u00e5ndv\u00e6vet i kvalitetsuld og m\u00e5ler 95x154 cm.\",\"breadcrumb\":{\"@id\":\"https:\\\/\\\/tibladin.dk\\\/produkt\\\/beni-ouarain-102x154-cm-tilmi\\\/#breadcrumb\"},\"inLanguage\":\"de\",\"potentialAction\":[{\"@type\":\"ReadAction\",\"target\":[\"https:\\\/\\\/tibladin.dk\\\/produkt\\\/beni-ouarain-102x154-cm-tilmi\\\/\"]}]},{\"@type\":\"ImageObject\",\"inLanguage\":\"de\",\"@id\":\"https:\\\/\\\/tibladin.dk\\\/produkt\\\/beni-ouarain-102x154-cm-tilmi\\\/#primaryimage\",\"url\":\"https:\\\/\\\/tibladin.dk\\\/wp-content\\\/uploads\\\/2025\\\/12\\\/Beni-Ouarain-taeppe_TILMI_2.jpg\",\"contentUrl\":\"https:\\\/\\\/tibladin.dk\\\/wp-content\\\/uploads\\\/2025\\\/12\\\/Beni-Ouarain-taeppe_TILMI_2.jpg\",\"width\":800,\"height\":800,\"caption\":\"lille beni ouarain i lys uld med sandfarvet m\u00f8nster - m\u00e5ler 102x154 cm\"},{\"@type\":\"BreadcrumbList\",\"@id\":\"https:\\\/\\\/tibladin.dk\\\/produkt\\\/beni-ouarain-102x154-cm-tilmi\\\/#breadcrumb\",\"itemListElement\":[{\"@type\":\"ListItem\",\"position\":1,\"name\":\"Hjem\",\"item\":\"https:\\\/\\\/tibladin.dk\\\/\"},{\"@type\":\"ListItem\",\"position\":2,\"name\":\"Shop\",\"item\":\"https:\\\/\\\/tibladin.dk\\\/shop\\\/\"},{\"@type\":\"ListItem\",\"position\":3,\"name\":\"Beni Ouarain 102&#215;154 cm. &#8211; TILMI\"}]},{\"@type\":\"WebSite\",\"@id\":\"https:\\\/\\\/tibladin.dk\\\/#website\",\"url\":\"https:\\\/\\\/tibladin.dk\\\/\",\"name\":\"Tibladin\",\"description\":\"Tibladin\",\"publisher\":{\"@id\":\"https:\\\/\\\/tibladin.dk\\\/#organization\"},\"potentialAction\":[{\"@type\":\"SearchAction\",\"target\":{\"@type\":\"EntryPoint\",\"urlTemplate\":\"https:\\\/\\\/tibladin.dk\\\/?s={search_term_string}\"},\"query-input\":{\"@type\":\"PropertyValueSpecification\",\"valueRequired\":true,\"valueName\":\"search_term_string\"}}],\"inLanguage\":\"de\"},{\"@type\":\"Organization\",\"@id\":\"https:\\\/\\\/tibladin.dk\\\/#organization\",\"name\":\"Tibladin\",\"url\":\"https:\\\/\\\/tibladin.dk\\\/\",\"logo\":{\"@type\":\"ImageObject\",\"inLanguage\":\"de\",\"@id\":\"https:\\\/\\\/tibladin.dk\\\/#\\\/schema\\\/logo\\\/image\\\/\",\"url\":\"https:\\\/\\\/tibladin.dk\\\/wp-content\\\/uploads\\\/2022\\\/09\\\/tibladin_logo.svg\",\"contentUrl\":\"https:\\\/\\\/tibladin.dk\\\/wp-content\\\/uploads\\\/2022\\\/09\\\/tibladin_logo.svg\",\"caption\":\"Tibladin\"},\"image\":{\"@id\":\"https:\\\/\\\/tibladin.dk\\\/#\\\/schema\\\/logo\\\/image\\\/\"}}]}<\/script>\n<!-- \/ Yoast SEO plugin. -->","yoast_head_json":{"title":"Beni Ouarain Teppich | Marokkanischer Teppich | Schauen Sie gleich hierher!","description":"Marokkanischer Teppich Beni Ourain aus 100% Wolle. Sch\u00f6ne, leichte Wolle mit t\u00fcrkisfarbenem Rautenmuster. Der Teppich ist handgewebt aus hochwertiger Wolle und misst 95 x 154 cm.","robots":{"index":"index","follow":"follow","max-snippet":"max-snippet:-1","max-image-preview":"max-image-preview:large","max-video-preview":"max-video-preview:-1"},"canonical":"https:\/\/tibladin.dk\/de\/produkt\/beni-ouarain-102x154-cm-tilmi\/","og_locale":"de_DE","og_type":"article","og_title":"Beni Ouarain t\u00e6ppe | Marokkansk t\u00e6ppe | Kig her lige nu!","og_description":"Marokkansk t\u00e6ppe Beni Ouarain i 100% uld. Dejlig lys uld med turkis diamantformet m\u00f8nster. T\u00e6ppet er h\u00e5ndv\u00e6vet i kvalitetsuld og m\u00e5ler 95x154 cm.","og_url":"https:\/\/tibladin.dk\/de\/produkt\/beni-ouarain-102x154-cm-tilmi\/","og_site_name":"Tibladin","article_modified_time":"2026-04-01T13:42:44+00:00","og_image":[{"width":800,"height":800,"url":"https:\/\/tibladin.dk\/wp-content\/uploads\/2025\/12\/Beni-Ouarain-taeppe_TILMI_2.jpg","type":"image\/jpeg"}],"twitter_card":"summary_large_image","twitter_misc":{"Gesch\u00e4tzte Lesezeit":"2\u00a0Minuten"},"schema":{"@context":"https:\/\/schema.org","@graph":[{"@type":"WebPage","@id":"https:\/\/tibladin.dk\/produkt\/beni-ouarain-102x154-cm-tilmi\/","url":"https:\/\/tibladin.dk\/produkt\/beni-ouarain-102x154-cm-tilmi\/","name":"Beni Ouarain Teppich | Marokkanischer Teppich | Schauen Sie gleich hierher!","isPartOf":{"@id":"https:\/\/tibladin.dk\/#website"},"primaryImageOfPage":{"@id":"https:\/\/tibladin.dk\/produkt\/beni-ouarain-102x154-cm-tilmi\/#primaryimage"},"image":{"@id":"https:\/\/tibladin.dk\/produkt\/beni-ouarain-102x154-cm-tilmi\/#primaryimage"},"thumbnailUrl":"https:\/\/tibladin.dk\/wp-content\/uploads\/2025\/12\/Beni-Ouarain-taeppe_TILMI_2.jpg","datePublished":"2025-12-04T14:22:05+00:00","dateModified":"2026-04-01T13:42:44+00:00","description":"Marokkanischer Teppich Beni Ourain aus 100% Wolle. Sch\u00f6ne, leichte Wolle mit t\u00fcrkisfarbenem Rautenmuster. Der Teppich ist handgewebt aus hochwertiger Wolle und misst 95 x 154 cm.","breadcrumb":{"@id":"https:\/\/tibladin.dk\/produkt\/beni-ouarain-102x154-cm-tilmi\/#breadcrumb"},"inLanguage":"de","potentialAction":[{"@type":"ReadAction","target":["https:\/\/tibladin.dk\/produkt\/beni-ouarain-102x154-cm-tilmi\/"]}]},{"@type":"ImageObject","inLanguage":"de","@id":"https:\/\/tibladin.dk\/produkt\/beni-ouarain-102x154-cm-tilmi\/#primaryimage","url":"https:\/\/tibladin.dk\/wp-content\/uploads\/2025\/12\/Beni-Ouarain-taeppe_TILMI_2.jpg","contentUrl":"https:\/\/tibladin.dk\/wp-content\/uploads\/2025\/12\/Beni-Ouarain-taeppe_TILMI_2.jpg","width":800,"height":800,"caption":"lille beni ouarain i lys uld med sandfarvet m\u00f8nster - m\u00e5ler 102x154 cm"},{"@type":"BreadcrumbList","@id":"https:\/\/tibladin.dk\/produkt\/beni-ouarain-102x154-cm-tilmi\/#breadcrumb","itemListElement":[{"@type":"ListItem","position":1,"name":"Hjem","item":"https:\/\/tibladin.dk\/"},{"@type":"ListItem","position":2,"name":"Shop","item":"https:\/\/tibladin.dk\/shop\/"},{"@type":"ListItem","position":3,"name":"Beni Ouarain 102&#215;154 cm. &#8211; TILMI"}]},{"@type":"WebSite","@id":"https:\/\/tibladin.dk\/#website","url":"https:\/\/tibladin.dk\/","name":"Tibladin","description":"Tibladin","publisher":{"@id":"https:\/\/tibladin.dk\/#organization"},"potentialAction":[{"@type":"SearchAction","target":{"@type":"EntryPoint","urlTemplate":"https:\/\/tibladin.dk\/?s={search_term_string}"},"query-input":{"@type":"PropertyValueSpecification","valueRequired":true,"valueName":"search_term_string"}}],"inLanguage":"de"},{"@type":"Organization","@id":"https:\/\/tibladin.dk\/#organization","name":"Tibladin","url":"https:\/\/tibladin.dk\/","logo":{"@type":"ImageObject","inLanguage":"de","@id":"https:\/\/tibladin.dk\/#\/schema\/logo\/image\/","url":"https:\/\/tibladin.dk\/wp-content\/uploads\/2022\/09\/tibladin_logo.svg","contentUrl":"https:\/\/tibladin.dk\/wp-content\/uploads\/2022\/09\/tibladin_logo.svg","caption":"Tibladin"},"image":{"@id":"https:\/\/tibladin.dk\/#\/schema\/logo\/image\/"}}]}},"_links":{"self":[{"href":"https:\/\/tibladin.dk\/de\/wp-json\/wp\/v2\/product\/42250","targetHints":{"allow":["GET"]}}],"collection":[{"href":"https:\/\/tibladin.dk\/de\/wp-json\/wp\/v2\/product"}],"about":[{"href":"https:\/\/tibladin.dk\/de\/wp-json\/wp\/v2\/types\/product"}],"wp:featuredmedia":[{"embeddable":true,"href":"https:\/\/tibladin.dk\/de\/wp-json\/wp\/v2\/media\/42254"}],"wp:attachment":[{"href":"https:\/\/tibladin.dk\/de\/wp-json\/wp\/v2\/media?parent=42250"}],"wp:term":[{"taxonomy":"product_brand","embeddable":true,"href":"https:\/\/tibladin.dk\/de\/wp-json\/wp\/v2\/product_brand?post=42250"},{"taxonomy":"product_cat","embeddable":true,"href":"https:\/\/tibladin.dk\/de\/wp-json\/wp\/v2\/product_cat?post=42250"},{"taxonomy":"product_tag","embeddable":true,"href":"https:\/\/tibladin.dk\/de\/wp-json\/wp\/v2\/product_tag?post=42250"}],"curies":[{"name":"wp","href":"https:\/\/api.w.org\/{rel}","templated":true}]}}