{"id":43759,"date":"2026-03-16T12:52:49","date_gmt":"2026-03-16T11:52:49","guid":{"rendered":"https:\/\/tibladin.dk\/?post_type=product&#038;p=43759"},"modified":"2026-03-20T12:01:05","modified_gmt":"2026-03-20T11:01:05","slug":"gelbe-perlenkette","status":"publish","type":"product","link":"https:\/\/tibladin.dk\/de\/produkt\/perlehalskaede-i-gul\/","title":{"rendered":"gelbe Perlenkette"},"content":{"rendered":"<div class=\"wpb-content-wrapper\"><div class=\"vc_row wpb_row vc_row-fluid\"><div class=\"wpb_column vc_column_container vc_col-sm-4\"><div class=\"vc_column-inner\"><div class=\"wpb_wrapper\"><\/div><\/div><\/div><\/div>\n<\/div>","protected":false},"excerpt":{"rendered":"<p>Einzigartige, handgefertigte Perlenkette aus Marokko von einer afrikanischen Designerin. Die Kette vereint traditionelle Handwerkskunst mit einem modernen und auff\u00e4lligen Design.<\/p>\n<p>Die aus schwarzem Leder geflochtene Halskette bildet einen sch\u00f6nen Kontrast zu den gelben Perlen. Die langen, feinen Perlenstr\u00e4nge fallen elegant \u00fcber die Brust und verleihen dem Schmuckst\u00fcck eine ausdrucksstarke, zugleich leichte und flie\u00dfende Anmutung. Die strukturierte Oberfl\u00e4che verleiht ihm einen exklusiven und handwerklichen Charakter.<\/p>\n<p>Diese Halskette setzt mit ihrer langen Perlenreihe und dem fr\u00f6hlichen, leuchtenden Gelbton ein farbenfrohes Statement. Sie sieht wundersch\u00f6n zu einem schlichten Kleid oder einer figurbetonten Bluse aus, wo die Perlen besonders gut zur Geltung kommen.<\/p>\n<p>Man kann es auch \u00fcber einem Hemd, einem leichten Strickpullover oder einem Kleid f\u00fcr festliche Anl\u00e4sse tragen, wo es dem Look Farbe und Charakter verleiht.<\/p>\n<p>W\u00e4hlen Sie ein Oberteil im gleichen Gelbton wie die Perlen der Halskette f\u00fcr einen dezenteren Look, bei dem die Perlen fast mit den Farben der Kleidung verschmelzen und als integraler Bestandteil des Outfits fungieren \u2013 sie bilden den letzten Schliff.<\/p>\n<p>Um einen st\u00e4rkeren Kontrast zu erzeugen, k\u00f6nnen Perlenketten mit einem Oberteil kombiniert werden, das einen Kontrast zu den Farben der Perlen bildet und die Farben der Perlen deutlich hervortreten l\u00e4sst, sodass die Kette zum Star des Outfits wird.<\/p>\n<p>Man k\u00f6nnte die Sandwich-Methode anwenden, bei der man eine Hose oder ein Paar Schuhe in der Farbe Gelb ausw\u00e4hlt, um mit einem durchsichtigen roten Faden einen kompletten Look zu kreieren.<\/p>\n<p>Der Perlenanh\u00e4nger ist 30 cm lang, die Halskette insgesamt 18 cm.<\/p>\n<p>Die Halskette eignet sich sowohl f\u00fcr den Alltag als auch f\u00fcr festliche Anl\u00e4sse \u2013 sie wertet ein schlichtes Outfit auf oder dient als k\u00fcnstlerisches Element in einem individuelleren Stil.<\/p>","protected":false},"featured_media":43763,"template":"","meta":{"inline_featured_image":false},"product_brand":[],"product_cat":[180,162],"product_tag":[],"class_list":{"0":"post-43759","1":"product","2":"type-product","3":"status-publish","4":"has-post-thumbnail","6":"product_cat-halskaeder","7":"product_cat-smykker","9":"first","10":"instock","11":"taxable","12":"shipping-taxable","13":"purchasable","14":"product-type-simple"},"exclude_global_add_ons":[],"addons":[],"yoast_head":"<!-- This site is optimized with the Yoast SEO plugin v27.4 - https:\/\/yoast.com\/product\/yoast-seo-wordpress\/ -->\n<title>H\u00e5ndlavede marokkanske smykker | Stort udvalg | Kun hos Tibladin<\/title>\n<meta name=\"description\" content=\"Smukke \u00f8reringe i s\u00f8lv h\u00e5ndlavet i Tiznit i Marokko. Elegante og specielle til dig, der elsker at have unikke smykker med en historie.\" \/>\n<meta name=\"robots\" content=\"index, follow, max-snippet:-1, max-image-preview:large, max-video-preview:-1\" \/>\n<link rel=\"canonical\" href=\"https:\/\/tibladin.dk\/de\/produkt\/gelbe-perlenkette\/\" \/>\n<meta property=\"og:locale\" content=\"de_DE\" \/>\n<meta property=\"og:type\" content=\"article\" \/>\n<meta property=\"og:title\" content=\"H\u00e5ndlavede marokkanske smykker | Stort udvalg | Kun hos Tibladin\" \/>\n<meta property=\"og:description\" content=\"Smukke \u00f8reringe i s\u00f8lv h\u00e5ndlavet i Tiznit i Marokko. Elegante og specielle til dig, der elsker at have unikke smykker med en historie.\" \/>\n<meta property=\"og:url\" content=\"https:\/\/tibladin.dk\/de\/produkt\/gelbe-perlenkette\/\" \/>\n<meta property=\"og:site_name\" content=\"Tibladin\" \/>\n<meta property=\"article:modified_time\" content=\"2026-03-20T11:01:05+00:00\" \/>\n<meta property=\"og:image\" content=\"https:\/\/tibladin.dk\/wp-content\/uploads\/2026\/03\/Photoroom_20260311_124125.jpeg\" \/>\n\t<meta property=\"og:image:width\" content=\"800\" \/>\n\t<meta property=\"og:image:height\" content=\"800\" \/>\n\t<meta property=\"og:image:type\" content=\"image\/jpeg\" \/>\n<meta name=\"twitter:card\" content=\"summary_large_image\" \/>\n<meta name=\"twitter:label1\" content=\"Gesch\u00e4tzte Lesezeit\" \/>\n\t<meta name=\"twitter:data1\" content=\"1\u00a0Minute\" \/>\n<script type=\"application\/ld+json\" class=\"yoast-schema-graph\">{\"@context\":\"https:\\\/\\\/schema.org\",\"@graph\":[{\"@type\":\"WebPage\",\"@id\":\"https:\\\/\\\/tibladin.dk\\\/produkt\\\/perlehalskaede-i-gul\\\/\",\"url\":\"https:\\\/\\\/tibladin.dk\\\/produkt\\\/perlehalskaede-i-gul\\\/\",\"name\":\"H\u00e5ndlavede marokkanske smykker | Stort udvalg | Kun hos Tibladin\",\"isPartOf\":{\"@id\":\"https:\\\/\\\/tibladin.dk\\\/#website\"},\"primaryImageOfPage\":{\"@id\":\"https:\\\/\\\/tibladin.dk\\\/produkt\\\/perlehalskaede-i-gul\\\/#primaryimage\"},\"image\":{\"@id\":\"https:\\\/\\\/tibladin.dk\\\/produkt\\\/perlehalskaede-i-gul\\\/#primaryimage\"},\"thumbnailUrl\":\"https:\\\/\\\/tibladin.dk\\\/wp-content\\\/uploads\\\/2026\\\/03\\\/Photoroom_20260311_124125.jpeg\",\"datePublished\":\"2026-03-16T11:52:49+00:00\",\"dateModified\":\"2026-03-20T11:01:05+00:00\",\"description\":\"Smukke \u00f8reringe i s\u00f8lv h\u00e5ndlavet i Tiznit i Marokko. Elegante og specielle til dig, der elsker at have unikke smykker med en historie.\",\"breadcrumb\":{\"@id\":\"https:\\\/\\\/tibladin.dk\\\/produkt\\\/perlehalskaede-i-gul\\\/#breadcrumb\"},\"inLanguage\":\"de\",\"potentialAction\":[{\"@type\":\"ReadAction\",\"target\":[\"https:\\\/\\\/tibladin.dk\\\/produkt\\\/perlehalskaede-i-gul\\\/\"]}]},{\"@type\":\"ImageObject\",\"inLanguage\":\"de\",\"@id\":\"https:\\\/\\\/tibladin.dk\\\/produkt\\\/perlehalskaede-i-gul\\\/#primaryimage\",\"url\":\"https:\\\/\\\/tibladin.dk\\\/wp-content\\\/uploads\\\/2026\\\/03\\\/Photoroom_20260311_124125.jpeg\",\"contentUrl\":\"https:\\\/\\\/tibladin.dk\\\/wp-content\\\/uploads\\\/2026\\\/03\\\/Photoroom_20260311_124125.jpeg\",\"width\":800,\"height\":800,\"caption\":\"Perlehalsk\u00e6de med gule perler og sort halsring flettet i l\u00e6der.\"},{\"@type\":\"BreadcrumbList\",\"@id\":\"https:\\\/\\\/tibladin.dk\\\/produkt\\\/perlehalskaede-i-gul\\\/#breadcrumb\",\"itemListElement\":[{\"@type\":\"ListItem\",\"position\":1,\"name\":\"Hjem\",\"item\":\"https:\\\/\\\/tibladin.dk\\\/\"},{\"@type\":\"ListItem\",\"position\":2,\"name\":\"Shop\",\"item\":\"https:\\\/\\\/tibladin.dk\\\/shop\\\/\"},{\"@type\":\"ListItem\",\"position\":3,\"name\":\"Perlehalsk\u00e6de i gul\"}]},{\"@type\":\"WebSite\",\"@id\":\"https:\\\/\\\/tibladin.dk\\\/#website\",\"url\":\"https:\\\/\\\/tibladin.dk\\\/\",\"name\":\"Tibladin\",\"description\":\"Tibladin\",\"publisher\":{\"@id\":\"https:\\\/\\\/tibladin.dk\\\/#organization\"},\"potentialAction\":[{\"@type\":\"SearchAction\",\"target\":{\"@type\":\"EntryPoint\",\"urlTemplate\":\"https:\\\/\\\/tibladin.dk\\\/?s={search_term_string}\"},\"query-input\":{\"@type\":\"PropertyValueSpecification\",\"valueRequired\":true,\"valueName\":\"search_term_string\"}}],\"inLanguage\":\"de\"},{\"@type\":\"Organization\",\"@id\":\"https:\\\/\\\/tibladin.dk\\\/#organization\",\"name\":\"Tibladin\",\"url\":\"https:\\\/\\\/tibladin.dk\\\/\",\"logo\":{\"@type\":\"ImageObject\",\"inLanguage\":\"de\",\"@id\":\"https:\\\/\\\/tibladin.dk\\\/#\\\/schema\\\/logo\\\/image\\\/\",\"url\":\"https:\\\/\\\/tibladin.dk\\\/wp-content\\\/uploads\\\/2022\\\/09\\\/tibladin_logo.svg\",\"contentUrl\":\"https:\\\/\\\/tibladin.dk\\\/wp-content\\\/uploads\\\/2022\\\/09\\\/tibladin_logo.svg\",\"caption\":\"Tibladin\"},\"image\":{\"@id\":\"https:\\\/\\\/tibladin.dk\\\/#\\\/schema\\\/logo\\\/image\\\/\"}}]}<\/script>\n<!-- \/ Yoast SEO plugin. -->","yoast_head_json":{"title":"Handgefertigter marokkanischer Schmuck | Gro\u00dfe Auswahl | Nur in Tibladin","description":"Wundersch\u00f6ne Silberohrringe, handgefertigt in Tiznit in Marokko. Elegant und besonders f\u00fcr Sie, die einzigartigen Schmuck mit einer Geschichte lieben.","robots":{"index":"index","follow":"follow","max-snippet":"max-snippet:-1","max-image-preview":"max-image-preview:large","max-video-preview":"max-video-preview:-1"},"canonical":"https:\/\/tibladin.dk\/de\/produkt\/gelbe-perlenkette\/","og_locale":"de_DE","og_type":"article","og_title":"H\u00e5ndlavede marokkanske smykker | Stort udvalg | Kun hos Tibladin","og_description":"Smukke \u00f8reringe i s\u00f8lv h\u00e5ndlavet i Tiznit i Marokko. Elegante og specielle til dig, der elsker at have unikke smykker med en historie.","og_url":"https:\/\/tibladin.dk\/de\/produkt\/gelbe-perlenkette\/","og_site_name":"Tibladin","article_modified_time":"2026-03-20T11:01:05+00:00","og_image":[{"width":800,"height":800,"url":"https:\/\/tibladin.dk\/wp-content\/uploads\/2026\/03\/Photoroom_20260311_124125.jpeg","type":"image\/jpeg"}],"twitter_card":"summary_large_image","twitter_misc":{"Gesch\u00e4tzte Lesezeit":"1\u00a0Minute"},"schema":{"@context":"https:\/\/schema.org","@graph":[{"@type":"WebPage","@id":"https:\/\/tibladin.dk\/produkt\/perlehalskaede-i-gul\/","url":"https:\/\/tibladin.dk\/produkt\/perlehalskaede-i-gul\/","name":"Handgefertigter marokkanischer Schmuck | Gro\u00dfe Auswahl | Nur in Tibladin","isPartOf":{"@id":"https:\/\/tibladin.dk\/#website"},"primaryImageOfPage":{"@id":"https:\/\/tibladin.dk\/produkt\/perlehalskaede-i-gul\/#primaryimage"},"image":{"@id":"https:\/\/tibladin.dk\/produkt\/perlehalskaede-i-gul\/#primaryimage"},"thumbnailUrl":"https:\/\/tibladin.dk\/wp-content\/uploads\/2026\/03\/Photoroom_20260311_124125.jpeg","datePublished":"2026-03-16T11:52:49+00:00","dateModified":"2026-03-20T11:01:05+00:00","description":"Wundersch\u00f6ne Silberohrringe, handgefertigt in Tiznit in Marokko. Elegant und besonders f\u00fcr Sie, die einzigartigen Schmuck mit einer Geschichte lieben.","breadcrumb":{"@id":"https:\/\/tibladin.dk\/produkt\/perlehalskaede-i-gul\/#breadcrumb"},"inLanguage":"de","potentialAction":[{"@type":"ReadAction","target":["https:\/\/tibladin.dk\/produkt\/perlehalskaede-i-gul\/"]}]},{"@type":"ImageObject","inLanguage":"de","@id":"https:\/\/tibladin.dk\/produkt\/perlehalskaede-i-gul\/#primaryimage","url":"https:\/\/tibladin.dk\/wp-content\/uploads\/2026\/03\/Photoroom_20260311_124125.jpeg","contentUrl":"https:\/\/tibladin.dk\/wp-content\/uploads\/2026\/03\/Photoroom_20260311_124125.jpeg","width":800,"height":800,"caption":"Perlehalsk\u00e6de med gule perler og sort halsring flettet i l\u00e6der."},{"@type":"BreadcrumbList","@id":"https:\/\/tibladin.dk\/produkt\/perlehalskaede-i-gul\/#breadcrumb","itemListElement":[{"@type":"ListItem","position":1,"name":"Hjem","item":"https:\/\/tibladin.dk\/"},{"@type":"ListItem","position":2,"name":"Shop","item":"https:\/\/tibladin.dk\/shop\/"},{"@type":"ListItem","position":3,"name":"Perlehalsk\u00e6de i gul"}]},{"@type":"WebSite","@id":"https:\/\/tibladin.dk\/#website","url":"https:\/\/tibladin.dk\/","name":"Tibladin","description":"Tibladin","publisher":{"@id":"https:\/\/tibladin.dk\/#organization"},"potentialAction":[{"@type":"SearchAction","target":{"@type":"EntryPoint","urlTemplate":"https:\/\/tibladin.dk\/?s={search_term_string}"},"query-input":{"@type":"PropertyValueSpecification","valueRequired":true,"valueName":"search_term_string"}}],"inLanguage":"de"},{"@type":"Organization","@id":"https:\/\/tibladin.dk\/#organization","name":"Tibladin","url":"https:\/\/tibladin.dk\/","logo":{"@type":"ImageObject","inLanguage":"de","@id":"https:\/\/tibladin.dk\/#\/schema\/logo\/image\/","url":"https:\/\/tibladin.dk\/wp-content\/uploads\/2022\/09\/tibladin_logo.svg","contentUrl":"https:\/\/tibladin.dk\/wp-content\/uploads\/2022\/09\/tibladin_logo.svg","caption":"Tibladin"},"image":{"@id":"https:\/\/tibladin.dk\/#\/schema\/logo\/image\/"}}]}},"_links":{"self":[{"href":"https:\/\/tibladin.dk\/de\/wp-json\/wp\/v2\/product\/43759","targetHints":{"allow":["GET"]}}],"collection":[{"href":"https:\/\/tibladin.dk\/de\/wp-json\/wp\/v2\/product"}],"about":[{"href":"https:\/\/tibladin.dk\/de\/wp-json\/wp\/v2\/types\/product"}],"wp:featuredmedia":[{"embeddable":true,"href":"https:\/\/tibladin.dk\/de\/wp-json\/wp\/v2\/media\/43763"}],"wp:attachment":[{"href":"https:\/\/tibladin.dk\/de\/wp-json\/wp\/v2\/media?parent=43759"}],"wp:term":[{"taxonomy":"product_brand","embeddable":true,"href":"https:\/\/tibladin.dk\/de\/wp-json\/wp\/v2\/product_brand?post=43759"},{"taxonomy":"product_cat","embeddable":true,"href":"https:\/\/tibladin.dk\/de\/wp-json\/wp\/v2\/product_cat?post=43759"},{"taxonomy":"product_tag","embeddable":true,"href":"https:\/\/tibladin.dk\/de\/wp-json\/wp\/v2\/product_tag?post=43759"}],"curies":[{"name":"wp","href":"https:\/\/api.w.org\/{rel}","templated":true}]}}