{"id":43810,"date":"2026-03-20T10:26:20","date_gmt":"2026-03-20T09:26:20","guid":{"rendered":"https:\/\/tibladin.dk\/?post_type=product&#038;p=43810"},"modified":"2026-03-20T12:09:49","modified_gmt":"2026-03-20T11:09:49","slug":"mehrfarbige-perlenkette","status":"publish","type":"product","link":"https:\/\/tibladin.dk\/de\/produkt\/perlehalskaede-i-multifarvet\/","title":{"rendered":"Mehrfarbige Perlenkette"},"content":{"rendered":"<div class=\"wpb-content-wrapper\"><div class=\"vc_row wpb_row vc_row-fluid\"><div class=\"wpb_column vc_column_container vc_col-sm-4\"><div class=\"vc_column-inner\"><div class=\"wpb_wrapper\"><\/div><\/div><\/div><\/div>\n<\/div>","protected":false},"excerpt":{"rendered":"<p>Einzigartige, handgefertigte Perlenkette aus Marokko von einer afrikanischen Designerin. Die Kette vereint traditionelle Handwerkskunst mit einem modernen und auff\u00e4lligen Design.<\/p>\n<p>Die Halskette ist aus burgunderrotem Leder geflochten. Die langen, feinen Perlenf\u00e4den fallen elegant \u00fcber die Brust und verleihen ihr eine besondere, zugleich leichte und flie\u00dfende Ausstrahlung. Die strukturierte Oberfl\u00e4che unterstreicht den exklusiven und handgefertigten Charakter des Schmuckst\u00fccks.<\/p>\n<p>Diese Halskette mit ihrer langen Perlenreihe und dem verspielten Farbmix der Perlen ist ein wundersch\u00f6nes und farbenfrohes Accessoire f\u00fcr jedes Outfit. Sie sieht sowohl \u00fcber einem schlichten Kleid als auch \u00fcber einer figurbetonten Bluse, wo die Perlen besonders gut zur Geltung kommen, wundersch\u00f6n aus.<\/p>\n<p>Man kann es auch \u00fcber einem Hemd, einem leichten Strickpullover oder einem Kleid f\u00fcr festliche Anl\u00e4sse tragen, wo es dem Look Farbe und Charakter verleiht.<\/p>\n<p>Der Perlenanh\u00e4nger ist 32 cm lang, die Halskette insgesamt 17 cm.<\/p>\n<p>Die Halskette eignet sich sowohl f\u00fcr den Alltag als auch f\u00fcr festliche Anl\u00e4sse \u2013 sie wertet ein schlichtes Outfit auf oder dient als k\u00fcnstlerisches Element in einem individuelleren Stil.<\/p>","protected":false},"featured_media":43811,"template":"","meta":{"inline_featured_image":false},"product_brand":[],"product_cat":[180,162],"product_tag":[],"class_list":{"0":"post-43810","1":"product","2":"type-product","3":"status-publish","4":"has-post-thumbnail","6":"product_cat-halskaeder","7":"product_cat-smykker","9":"first","10":"instock","11":"taxable","12":"shipping-taxable","13":"purchasable","14":"product-type-simple"},"exclude_global_add_ons":[],"addons":[],"yoast_head":"<!-- This site is optimized with the Yoast SEO plugin v27.5 - https:\/\/yoast.com\/product\/yoast-seo-wordpress\/ -->\n<title>H\u00e5ndlavede marokkanske smykker | Stort udvalg | Kun hos Tibladin<\/title>\n<meta name=\"description\" content=\"Smukke \u00f8reringe i s\u00f8lv h\u00e5ndlavet i Tiznit i Marokko. Elegante og specielle til dig, der elsker at have unikke smykker med en historie.\" \/>\n<meta name=\"robots\" content=\"index, follow, max-snippet:-1, max-image-preview:large, max-video-preview:-1\" \/>\n<link rel=\"canonical\" href=\"https:\/\/tibladin.dk\/de\/produkt\/mehrfarbige-perlenkette\/\" \/>\n<meta property=\"og:locale\" content=\"de_DE\" \/>\n<meta property=\"og:type\" content=\"article\" \/>\n<meta property=\"og:title\" content=\"H\u00e5ndlavede marokkanske smykker | Stort udvalg | Kun hos Tibladin\" \/>\n<meta property=\"og:description\" content=\"Smukke \u00f8reringe i s\u00f8lv h\u00e5ndlavet i Tiznit i Marokko. Elegante og specielle til dig, der elsker at have unikke smykker med en historie.\" \/>\n<meta property=\"og:url\" content=\"https:\/\/tibladin.dk\/de\/produkt\/mehrfarbige-perlenkette\/\" \/>\n<meta property=\"og:site_name\" content=\"Tibladin\" \/>\n<meta property=\"article:modified_time\" content=\"2026-03-20T11:09:49+00:00\" \/>\n<meta property=\"og:image\" content=\"https:\/\/tibladin.dk\/wp-content\/uploads\/2026\/03\/Photoroom_20260311_123921.jpeg\" \/>\n\t<meta property=\"og:image:width\" content=\"800\" \/>\n\t<meta property=\"og:image:height\" content=\"800\" \/>\n\t<meta property=\"og:image:type\" content=\"image\/jpeg\" \/>\n<meta name=\"twitter:card\" content=\"summary_large_image\" \/>\n<meta name=\"twitter:label1\" content=\"Gesch\u00e4tzte Lesezeit\" \/>\n\t<meta name=\"twitter:data1\" content=\"1\u00a0Minute\" \/>\n<script type=\"application\/ld+json\" class=\"yoast-schema-graph\">{\"@context\":\"https:\\\/\\\/schema.org\",\"@graph\":[{\"@type\":\"WebPage\",\"@id\":\"https:\\\/\\\/tibladin.dk\\\/produkt\\\/perlehalskaede-i-multifarvet\\\/\",\"url\":\"https:\\\/\\\/tibladin.dk\\\/produkt\\\/perlehalskaede-i-multifarvet\\\/\",\"name\":\"H\u00e5ndlavede marokkanske smykker | Stort udvalg | Kun hos Tibladin\",\"isPartOf\":{\"@id\":\"https:\\\/\\\/tibladin.dk\\\/#website\"},\"primaryImageOfPage\":{\"@id\":\"https:\\\/\\\/tibladin.dk\\\/produkt\\\/perlehalskaede-i-multifarvet\\\/#primaryimage\"},\"image\":{\"@id\":\"https:\\\/\\\/tibladin.dk\\\/produkt\\\/perlehalskaede-i-multifarvet\\\/#primaryimage\"},\"thumbnailUrl\":\"https:\\\/\\\/tibladin.dk\\\/wp-content\\\/uploads\\\/2026\\\/03\\\/Photoroom_20260311_123921.jpeg\",\"datePublished\":\"2026-03-20T09:26:20+00:00\",\"dateModified\":\"2026-03-20T11:09:49+00:00\",\"description\":\"Smukke \u00f8reringe i s\u00f8lv h\u00e5ndlavet i Tiznit i Marokko. Elegante og specielle til dig, der elsker at have unikke smykker med en historie.\",\"breadcrumb\":{\"@id\":\"https:\\\/\\\/tibladin.dk\\\/produkt\\\/perlehalskaede-i-multifarvet\\\/#breadcrumb\"},\"inLanguage\":\"de\",\"potentialAction\":[{\"@type\":\"ReadAction\",\"target\":[\"https:\\\/\\\/tibladin.dk\\\/produkt\\\/perlehalskaede-i-multifarvet\\\/\"]}]},{\"@type\":\"ImageObject\",\"inLanguage\":\"de\",\"@id\":\"https:\\\/\\\/tibladin.dk\\\/produkt\\\/perlehalskaede-i-multifarvet\\\/#primaryimage\",\"url\":\"https:\\\/\\\/tibladin.dk\\\/wp-content\\\/uploads\\\/2026\\\/03\\\/Photoroom_20260311_123921.jpeg\",\"contentUrl\":\"https:\\\/\\\/tibladin.dk\\\/wp-content\\\/uploads\\\/2026\\\/03\\\/Photoroom_20260311_123921.jpeg\",\"width\":800,\"height\":800,\"caption\":\"multifarvet perlehalsk\u00e6de med halsring i bordeauxr\u00f8d flettet l\u00e6der.\"},{\"@type\":\"BreadcrumbList\",\"@id\":\"https:\\\/\\\/tibladin.dk\\\/produkt\\\/perlehalskaede-i-multifarvet\\\/#breadcrumb\",\"itemListElement\":[{\"@type\":\"ListItem\",\"position\":1,\"name\":\"Hjem\",\"item\":\"https:\\\/\\\/tibladin.dk\\\/\"},{\"@type\":\"ListItem\",\"position\":2,\"name\":\"Shop\",\"item\":\"https:\\\/\\\/tibladin.dk\\\/shop\\\/\"},{\"@type\":\"ListItem\",\"position\":3,\"name\":\"Perlehalsk\u00e6de i multifarvet\"}]},{\"@type\":\"WebSite\",\"@id\":\"https:\\\/\\\/tibladin.dk\\\/#website\",\"url\":\"https:\\\/\\\/tibladin.dk\\\/\",\"name\":\"Tibladin\",\"description\":\"Tibladin\",\"publisher\":{\"@id\":\"https:\\\/\\\/tibladin.dk\\\/#organization\"},\"potentialAction\":[{\"@type\":\"SearchAction\",\"target\":{\"@type\":\"EntryPoint\",\"urlTemplate\":\"https:\\\/\\\/tibladin.dk\\\/?s={search_term_string}\"},\"query-input\":{\"@type\":\"PropertyValueSpecification\",\"valueRequired\":true,\"valueName\":\"search_term_string\"}}],\"inLanguage\":\"de\"},{\"@type\":\"Organization\",\"@id\":\"https:\\\/\\\/tibladin.dk\\\/#organization\",\"name\":\"Tibladin\",\"url\":\"https:\\\/\\\/tibladin.dk\\\/\",\"logo\":{\"@type\":\"ImageObject\",\"inLanguage\":\"de\",\"@id\":\"https:\\\/\\\/tibladin.dk\\\/#\\\/schema\\\/logo\\\/image\\\/\",\"url\":\"https:\\\/\\\/tibladin.dk\\\/wp-content\\\/uploads\\\/2022\\\/09\\\/tibladin_logo.svg\",\"contentUrl\":\"https:\\\/\\\/tibladin.dk\\\/wp-content\\\/uploads\\\/2022\\\/09\\\/tibladin_logo.svg\",\"caption\":\"Tibladin\"},\"image\":{\"@id\":\"https:\\\/\\\/tibladin.dk\\\/#\\\/schema\\\/logo\\\/image\\\/\"}}]}<\/script>\n<!-- \/ Yoast SEO plugin. -->","yoast_head_json":{"title":"Handgefertigter marokkanischer Schmuck | Gro\u00dfe Auswahl | Nur in Tibladin","description":"Wundersch\u00f6ne Silberohrringe, handgefertigt in Tiznit in Marokko. Elegant und besonders f\u00fcr Sie, die einzigartigen Schmuck mit einer Geschichte lieben.","robots":{"index":"index","follow":"follow","max-snippet":"max-snippet:-1","max-image-preview":"max-image-preview:large","max-video-preview":"max-video-preview:-1"},"canonical":"https:\/\/tibladin.dk\/de\/produkt\/mehrfarbige-perlenkette\/","og_locale":"de_DE","og_type":"article","og_title":"H\u00e5ndlavede marokkanske smykker | Stort udvalg | Kun hos Tibladin","og_description":"Smukke \u00f8reringe i s\u00f8lv h\u00e5ndlavet i Tiznit i Marokko. Elegante og specielle til dig, der elsker at have unikke smykker med en historie.","og_url":"https:\/\/tibladin.dk\/de\/produkt\/mehrfarbige-perlenkette\/","og_site_name":"Tibladin","article_modified_time":"2026-03-20T11:09:49+00:00","og_image":[{"width":800,"height":800,"url":"https:\/\/tibladin.dk\/wp-content\/uploads\/2026\/03\/Photoroom_20260311_123921.jpeg","type":"image\/jpeg"}],"twitter_card":"summary_large_image","twitter_misc":{"Gesch\u00e4tzte Lesezeit":"1\u00a0Minute"},"schema":{"@context":"https:\/\/schema.org","@graph":[{"@type":"WebPage","@id":"https:\/\/tibladin.dk\/produkt\/perlehalskaede-i-multifarvet\/","url":"https:\/\/tibladin.dk\/produkt\/perlehalskaede-i-multifarvet\/","name":"Handgefertigter marokkanischer Schmuck | Gro\u00dfe Auswahl | Nur in Tibladin","isPartOf":{"@id":"https:\/\/tibladin.dk\/#website"},"primaryImageOfPage":{"@id":"https:\/\/tibladin.dk\/produkt\/perlehalskaede-i-multifarvet\/#primaryimage"},"image":{"@id":"https:\/\/tibladin.dk\/produkt\/perlehalskaede-i-multifarvet\/#primaryimage"},"thumbnailUrl":"https:\/\/tibladin.dk\/wp-content\/uploads\/2026\/03\/Photoroom_20260311_123921.jpeg","datePublished":"2026-03-20T09:26:20+00:00","dateModified":"2026-03-20T11:09:49+00:00","description":"Wundersch\u00f6ne Silberohrringe, handgefertigt in Tiznit in Marokko. Elegant und besonders f\u00fcr Sie, die einzigartigen Schmuck mit einer Geschichte lieben.","breadcrumb":{"@id":"https:\/\/tibladin.dk\/produkt\/perlehalskaede-i-multifarvet\/#breadcrumb"},"inLanguage":"de","potentialAction":[{"@type":"ReadAction","target":["https:\/\/tibladin.dk\/produkt\/perlehalskaede-i-multifarvet\/"]}]},{"@type":"ImageObject","inLanguage":"de","@id":"https:\/\/tibladin.dk\/produkt\/perlehalskaede-i-multifarvet\/#primaryimage","url":"https:\/\/tibladin.dk\/wp-content\/uploads\/2026\/03\/Photoroom_20260311_123921.jpeg","contentUrl":"https:\/\/tibladin.dk\/wp-content\/uploads\/2026\/03\/Photoroom_20260311_123921.jpeg","width":800,"height":800,"caption":"multifarvet perlehalsk\u00e6de med halsring i bordeauxr\u00f8d flettet l\u00e6der."},{"@type":"BreadcrumbList","@id":"https:\/\/tibladin.dk\/produkt\/perlehalskaede-i-multifarvet\/#breadcrumb","itemListElement":[{"@type":"ListItem","position":1,"name":"Hjem","item":"https:\/\/tibladin.dk\/"},{"@type":"ListItem","position":2,"name":"Shop","item":"https:\/\/tibladin.dk\/shop\/"},{"@type":"ListItem","position":3,"name":"Perlehalsk\u00e6de i multifarvet"}]},{"@type":"WebSite","@id":"https:\/\/tibladin.dk\/#website","url":"https:\/\/tibladin.dk\/","name":"Tibladin","description":"Tibladin","publisher":{"@id":"https:\/\/tibladin.dk\/#organization"},"potentialAction":[{"@type":"SearchAction","target":{"@type":"EntryPoint","urlTemplate":"https:\/\/tibladin.dk\/?s={search_term_string}"},"query-input":{"@type":"PropertyValueSpecification","valueRequired":true,"valueName":"search_term_string"}}],"inLanguage":"de"},{"@type":"Organization","@id":"https:\/\/tibladin.dk\/#organization","name":"Tibladin","url":"https:\/\/tibladin.dk\/","logo":{"@type":"ImageObject","inLanguage":"de","@id":"https:\/\/tibladin.dk\/#\/schema\/logo\/image\/","url":"https:\/\/tibladin.dk\/wp-content\/uploads\/2022\/09\/tibladin_logo.svg","contentUrl":"https:\/\/tibladin.dk\/wp-content\/uploads\/2022\/09\/tibladin_logo.svg","caption":"Tibladin"},"image":{"@id":"https:\/\/tibladin.dk\/#\/schema\/logo\/image\/"}}]}},"_links":{"self":[{"href":"https:\/\/tibladin.dk\/de\/wp-json\/wp\/v2\/product\/43810","targetHints":{"allow":["GET"]}}],"collection":[{"href":"https:\/\/tibladin.dk\/de\/wp-json\/wp\/v2\/product"}],"about":[{"href":"https:\/\/tibladin.dk\/de\/wp-json\/wp\/v2\/types\/product"}],"wp:featuredmedia":[{"embeddable":true,"href":"https:\/\/tibladin.dk\/de\/wp-json\/wp\/v2\/media\/43811"}],"wp:attachment":[{"href":"https:\/\/tibladin.dk\/de\/wp-json\/wp\/v2\/media?parent=43810"}],"wp:term":[{"taxonomy":"product_brand","embeddable":true,"href":"https:\/\/tibladin.dk\/de\/wp-json\/wp\/v2\/product_brand?post=43810"},{"taxonomy":"product_cat","embeddable":true,"href":"https:\/\/tibladin.dk\/de\/wp-json\/wp\/v2\/product_cat?post=43810"},{"taxonomy":"product_tag","embeddable":true,"href":"https:\/\/tibladin.dk\/de\/wp-json\/wp\/v2\/product_tag?post=43810"}],"curies":[{"name":"wp","href":"https:\/\/api.w.org\/{rel}","templated":true}]}}