{"id":44073,"date":"2026-04-18T14:29:28","date_gmt":"2026-04-18T12:29:28","guid":{"rendered":"https:\/\/tibladin.dk\/?post_type=product&#038;p=44073"},"modified":"2026-04-19T07:57:26","modified_gmt":"2026-04-19T05:57:26","slug":"groser-quadratischer-lederpouf-60x60-cm","status":"publish","type":"product","link":"https:\/\/tibladin.dk\/de\/produkt\/stor-firkantet-puf-i-laeder-60x60-cm\/","title":{"rendered":"Gro\u00dfer quadratischer Lederpouf 60\u00d760 cm."},"content":{"rendered":"<div class=\"wpb-content-wrapper\"><div class=\"vc_row wpb_row vc_row-fluid\"><div class=\"wpb_column vc_column_container vc_col-sm-4\"><div class=\"vc_column-inner\"><div class=\"wpb_wrapper\">\n\t<div class=\"wpb_video_widget wpb_content_element vc_clearfix   vc_video-aspect-ratio-43 vc_video-el-width-100 vc_video-align-left\" >\n\t\t<div class=\"wpb_wrapper\">\n\t\t\t\n\t\t\t<div class=\"wpb_video_wrapper\"><div class=\"video-container\"><iframe loading=\"lazy\" title=\"F\u00fcllen Sie Ihren marokkanischen Lederhocker\" src=\"https:\/\/player.vimeo.com\/video\/417093994?dnt=1&amp;app_id=122963\" width=\"310\" height=\"310\" frameborder=\"0\" allow=\"autoplay; fullscreen; picture-in-picture\"><\/iframe><\/div><\/div>\n\t\t<\/div>\n\t<\/div>\n<\/div><\/div><\/div><div class=\"wpb_column vc_column_container vc_col-sm-4\"><div class=\"vc_column-inner\"><div class=\"wpb_wrapper\"><h3 style=\"text-align: left\" class=\"vc_custom_heading vc_do_custom_heading\" >Wartung<\/h3>\n\t<div class=\"wpb_text_column wpb_content_element\" >\n\t\t<div class=\"wpb_wrapper\">\n\t\t\t<p>Bei Tibladin kaufen Sie Lederpoufs ohne F\u00fcllung, sodass Sie diese selbst mit F\u00fcllung nach Ihrem Geschmack f\u00fcllen k\u00f6nnen.<\/p>\n<p>Sie k\u00f6nnen ganz einfach Dinge verwenden, die Sie bereits haben, wie Kleidung, die Sie nicht mehr verwenden, Winterbettdecken, Kissen, Decken oder stark zerknittertes Zeitungspapier. Sie k\u00f6nnen auch Schaumstoffgranulat oder Baumwollf\u00fcllung f\u00fcr Ihren Pouf kaufen. Wenn Sie eine solche F\u00fcllung verwenden, kann ich Ihnen empfehlen, einen Innenbezug zu n\u00e4hen oder einen alten Bettbezug zu nehmen und die F\u00fcllung dort hineinzulegen, bevor Sie ihn in Ihren Pouf legen.<\/p>\n<p>Lederpoufs bestehen aus Ziegenleder und erhalten mit der Zeit eine sch\u00f6ne Patina. Wenn Sie m\u00f6chten, dass Ihr Pouf dunkler und gl\u00e4nzender wird, k\u00f6nnen Sie ihm etwas Leder\u00f6l geben. Gerade am Anfang, wenn man es benutzt, kann es ein wenig nach Leder riechen. Das geht schnell wieder weg. Wenn Sie diesen Vorgang beschleunigen m\u00f6chten, legen Sie es eine Weile in die Sonne, dann verschwindet es.<\/p>\n\n\t\t<\/div>\n\t<\/div>\n<\/div><\/div><\/div><div class=\"wpb_column vc_column_container vc_col-sm-4\"><div class=\"vc_column-inner\"><div class=\"wpb_wrapper\"><h3 style=\"text-align: left\" class=\"vc_custom_heading vc_do_custom_heading\" >Die Geschichte dahinter<\/h3>\n\t<div class=\"wpb_text_column wpb_content_element\" >\n\t\t<div class=\"wpb_wrapper\">\n\t\t\t<p>Poufs lassen sich leicht zu Ihrer Einrichtung hinzuf\u00fcgen und erhalten schnell einen exotischen Look und eine pers\u00f6nlichere Note. Mein Lieferant von Lederpoufs verf\u00fcgt \u00fcber langj\u00e4hrige Erfahrung in der Herstellung guter und sehr langlebiger Poufs, die er an verschiedene Orte auf der ganzen Welt exportiert. Alle meine Poufs bestehen aus Ziegenleder, da es den weichsten und flexibelsten Pouf ergibt. Alle Poufs sind handgefertigt und es k\u00f6nnen kleine Unvollkommenheiten auftreten.<\/p>\n\n\t\t<\/div>\n\t<\/div>\n<\/div><\/div><\/div><\/div>\n<\/div>","protected":false},"excerpt":{"rendered":"<p data-start=\"0\" data-end=\"265\">Dieser marokkanische Pouf ist handgefertigt aus wundersch\u00f6nem, weichem Ziegenleder und verleiht jedem Raum eine warme und authentische Atmosph\u00e4re. Die nat\u00fcrliche Lederstruktur und der warme, hellrotbraune Farbton verleihen dem Pouf Charakter, und die Oberfl\u00e4che entwickelt mit der Zeit eine wundersch\u00f6ne Patina, die ihn noch einzigartiger macht.<\/p>\n<p data-start=\"267\" data-end=\"541\">Der Pouf wird von erfahrenen Handwerkern handgen\u00e4ht, wobei jeder Stich von traditioneller Handwerkskunst und hohem Qualit\u00e4tsanspruch zeugt. Sein schlichtes, kubisches Design macht ihn zeitlos und vielseitig \u2013 perfekt als zus\u00e4tzliche Sitzgelegenheit f\u00fcr zwei Personen oder als dekoratives Element im Interieur.<\/p>\n<p data-start=\"543\" data-end=\"754\">Es wird ohne F\u00fcllung verkauft, sodass Sie den H\u00e4rtegrad nach Bedarf selbst anpassen k\u00f6nnen \u2013 f\u00fcllen Sie es mit Textilien, Kissen oder Schaumstoff f\u00fcr eine nachhaltigere Alternative. Falls Sie eine fertige L\u00f6sung bevorzugen, ist die F\u00fcllung optional erh\u00e4ltlich.<\/p>\n<p data-start=\"756\" data-end=\"930\" data-is-last-node=\"\" data-is-only-node=\"\">Der Pouf misst 60 x 60 cm und ist im gef\u00fcllten Zustand ca. 50 cm hoch. Ein ger\u00e4umiger und funktionaler Pouf, der Komfort, \u00c4sthetik und echte marokkanische Handwerkskunst vereint.<\/p>","protected":false},"featured_media":44078,"template":"","meta":{"inline_featured_image":false},"product_brand":[],"product_cat":[41,39,40],"product_tag":[],"class_list":{"0":"post-44073","1":"product","2":"type-product","3":"status-publish","4":"has-post-thumbnail","6":"product_cat-laederpufs","7":"product_cat-moebler","8":"product_cat-pufs","10":"first","11":"instock","12":"taxable","13":"shipping-taxable","14":"purchasable","15":"product-type-simple"},"exclude_global_add_ons":false,"addons":[{"name":"M\u00f6chten Sie, dass Ihr Pouf mit Holzwollef\u00fcllung geliefert wird?","type":"checkbox","position":0,"required":false,"title_format":"label","default":"","description_enable":false,"description":"","placeholder_enable":false,"placeholder":"","display":"select","restrictions_type":"any_text","adjust_price":false,"price":"","price_type":"flat_fee","restrictions":false,"min":"0","max":"0","options":[{"label":"Ja tak!","price":"350.00","price_type":"quantity_based","image":0,"visibility":true}],"id":1712670669}],"yoast_head":"<!-- This site is optimized with the Yoast SEO plugin v27.4 - https:\/\/yoast.com\/product\/yoast-seo-wordpress\/ -->\n<title>Stor marokkansk puf i l\u00e6der 60x60cm | H\u00e5ndlavet i Marokko<\/title>\n<meta name=\"description\" content=\"Stor marokkansk puf i l\u00e6der. Sammensat af firkanter af 15x15 cm med kraftige syninger. Sk\u00f8n flyder. H\u00e5ndlavet i Marokko \u21d2 Se mere\" \/>\n<meta name=\"robots\" content=\"index, follow, max-snippet:-1, max-image-preview:large, max-video-preview:-1\" \/>\n<link rel=\"canonical\" href=\"https:\/\/tibladin.dk\/de\/produkt\/groser-quadratischer-lederpouf-60x60-cm\/\" \/>\n<meta property=\"og:locale\" content=\"de_DE\" \/>\n<meta property=\"og:type\" content=\"article\" \/>\n<meta property=\"og:title\" content=\"Stor marokkansk puf i l\u00e6der 60x60cm | H\u00e5ndlavet i Marokko\" \/>\n<meta property=\"og:description\" content=\"Stor marokkansk puf i l\u00e6der. Sammensat af firkanter af 15x15 cm med kraftige syninger. Sk\u00f8n flyder. H\u00e5ndlavet i Marokko \u21d2 Se mere\" \/>\n<meta property=\"og:url\" content=\"https:\/\/tibladin.dk\/de\/produkt\/groser-quadratischer-lederpouf-60x60-cm\/\" \/>\n<meta property=\"og:site_name\" content=\"Tibladin\" \/>\n<meta property=\"article:modified_time\" content=\"2026-04-19T05:57:26+00:00\" \/>\n<meta property=\"og:image\" content=\"https:\/\/tibladin.dk\/wp-content\/uploads\/2026\/04\/Photoroom_20260418_142729.jpg\" \/>\n\t<meta property=\"og:image:width\" content=\"800\" \/>\n\t<meta property=\"og:image:height\" content=\"800\" \/>\n\t<meta property=\"og:image:type\" content=\"image\/jpeg\" \/>\n<meta name=\"twitter:card\" content=\"summary_large_image\" \/>\n<meta name=\"twitter:label1\" content=\"Gesch\u00e4tzte Lesezeit\" \/>\n\t<meta name=\"twitter:data1\" content=\"2\u00a0Minuten\" \/>\n<script type=\"application\/ld+json\" class=\"yoast-schema-graph\">{\"@context\":\"https:\\\/\\\/schema.org\",\"@graph\":[{\"@type\":\"WebPage\",\"@id\":\"https:\\\/\\\/tibladin.dk\\\/produkt\\\/stor-firkantet-puf-i-laeder-60x60-cm\\\/\",\"url\":\"https:\\\/\\\/tibladin.dk\\\/produkt\\\/stor-firkantet-puf-i-laeder-60x60-cm\\\/\",\"name\":\"Stor marokkansk puf i l\u00e6der 60x60cm | H\u00e5ndlavet i Marokko\",\"isPartOf\":{\"@id\":\"https:\\\/\\\/tibladin.dk\\\/#website\"},\"primaryImageOfPage\":{\"@id\":\"https:\\\/\\\/tibladin.dk\\\/produkt\\\/stor-firkantet-puf-i-laeder-60x60-cm\\\/#primaryimage\"},\"image\":{\"@id\":\"https:\\\/\\\/tibladin.dk\\\/produkt\\\/stor-firkantet-puf-i-laeder-60x60-cm\\\/#primaryimage\"},\"thumbnailUrl\":\"https:\\\/\\\/tibladin.dk\\\/wp-content\\\/uploads\\\/2026\\\/04\\\/Photoroom_20260418_142729.jpg\",\"datePublished\":\"2026-04-18T12:29:28+00:00\",\"dateModified\":\"2026-04-19T05:57:26+00:00\",\"description\":\"Stor marokkansk puf i l\u00e6der. Sammensat af firkanter af 15x15 cm med kraftige syninger. Sk\u00f8n flyder. H\u00e5ndlavet i Marokko \u21d2 Se mere\",\"breadcrumb\":{\"@id\":\"https:\\\/\\\/tibladin.dk\\\/produkt\\\/stor-firkantet-puf-i-laeder-60x60-cm\\\/#breadcrumb\"},\"inLanguage\":\"de\",\"potentialAction\":[{\"@type\":\"ReadAction\",\"target\":[\"https:\\\/\\\/tibladin.dk\\\/produkt\\\/stor-firkantet-puf-i-laeder-60x60-cm\\\/\"]}]},{\"@type\":\"ImageObject\",\"inLanguage\":\"de\",\"@id\":\"https:\\\/\\\/tibladin.dk\\\/produkt\\\/stor-firkantet-puf-i-laeder-60x60-cm\\\/#primaryimage\",\"url\":\"https:\\\/\\\/tibladin.dk\\\/wp-content\\\/uploads\\\/2026\\\/04\\\/Photoroom_20260418_142729.jpg\",\"contentUrl\":\"https:\\\/\\\/tibladin.dk\\\/wp-content\\\/uploads\\\/2026\\\/04\\\/Photoroom_20260418_142729.jpg\",\"width\":800,\"height\":800,\"caption\":\"Smuk stor firkantet puf i lysebrunt gedel\u00e6der.\"},{\"@type\":\"BreadcrumbList\",\"@id\":\"https:\\\/\\\/tibladin.dk\\\/produkt\\\/stor-firkantet-puf-i-laeder-60x60-cm\\\/#breadcrumb\",\"itemListElement\":[{\"@type\":\"ListItem\",\"position\":1,\"name\":\"Hjem\",\"item\":\"https:\\\/\\\/tibladin.dk\\\/\"},{\"@type\":\"ListItem\",\"position\":2,\"name\":\"Shop\",\"item\":\"https:\\\/\\\/tibladin.dk\\\/shop\\\/\"},{\"@type\":\"ListItem\",\"position\":3,\"name\":\"Stor firkantet puf i l\u00e6der 60&#215;60 cm.\"}]},{\"@type\":\"WebSite\",\"@id\":\"https:\\\/\\\/tibladin.dk\\\/#website\",\"url\":\"https:\\\/\\\/tibladin.dk\\\/\",\"name\":\"Tibladin\",\"description\":\"Tibladin\",\"publisher\":{\"@id\":\"https:\\\/\\\/tibladin.dk\\\/#organization\"},\"potentialAction\":[{\"@type\":\"SearchAction\",\"target\":{\"@type\":\"EntryPoint\",\"urlTemplate\":\"https:\\\/\\\/tibladin.dk\\\/?s={search_term_string}\"},\"query-input\":{\"@type\":\"PropertyValueSpecification\",\"valueRequired\":true,\"valueName\":\"search_term_string\"}}],\"inLanguage\":\"de\"},{\"@type\":\"Organization\",\"@id\":\"https:\\\/\\\/tibladin.dk\\\/#organization\",\"name\":\"Tibladin\",\"url\":\"https:\\\/\\\/tibladin.dk\\\/\",\"logo\":{\"@type\":\"ImageObject\",\"inLanguage\":\"de\",\"@id\":\"https:\\\/\\\/tibladin.dk\\\/#\\\/schema\\\/logo\\\/image\\\/\",\"url\":\"https:\\\/\\\/tibladin.dk\\\/wp-content\\\/uploads\\\/2022\\\/09\\\/tibladin_logo.svg\",\"contentUrl\":\"https:\\\/\\\/tibladin.dk\\\/wp-content\\\/uploads\\\/2022\\\/09\\\/tibladin_logo.svg\",\"caption\":\"Tibladin\"},\"image\":{\"@id\":\"https:\\\/\\\/tibladin.dk\\\/#\\\/schema\\\/logo\\\/image\\\/\"}}]}<\/script>\n<!-- \/ Yoast SEO plugin. -->","yoast_head_json":{"title":"Gro\u00dfer marokkanischer Sitzpuff aus Leder 60x60cm | Handgefertigt in Marokko","description":"Gro\u00dfer marokkanischer Sitzpuff aus Leder. Bestehend aus Quadraten von 15 x 15 cm mit starker Naht. Sch\u00f6n flie\u00dfend. Handgefertigt in Marokko \u21d2 Mehr erfahren","robots":{"index":"index","follow":"follow","max-snippet":"max-snippet:-1","max-image-preview":"max-image-preview:large","max-video-preview":"max-video-preview:-1"},"canonical":"https:\/\/tibladin.dk\/de\/produkt\/groser-quadratischer-lederpouf-60x60-cm\/","og_locale":"de_DE","og_type":"article","og_title":"Stor marokkansk puf i l\u00e6der 60x60cm | H\u00e5ndlavet i Marokko","og_description":"Stor marokkansk puf i l\u00e6der. Sammensat af firkanter af 15x15 cm med kraftige syninger. Sk\u00f8n flyder. H\u00e5ndlavet i Marokko \u21d2 Se mere","og_url":"https:\/\/tibladin.dk\/de\/produkt\/groser-quadratischer-lederpouf-60x60-cm\/","og_site_name":"Tibladin","article_modified_time":"2026-04-19T05:57:26+00:00","og_image":[{"width":800,"height":800,"url":"https:\/\/tibladin.dk\/wp-content\/uploads\/2026\/04\/Photoroom_20260418_142729.jpg","type":"image\/jpeg"}],"twitter_card":"summary_large_image","twitter_misc":{"Gesch\u00e4tzte Lesezeit":"2\u00a0Minuten"},"schema":{"@context":"https:\/\/schema.org","@graph":[{"@type":"WebPage","@id":"https:\/\/tibladin.dk\/produkt\/stor-firkantet-puf-i-laeder-60x60-cm\/","url":"https:\/\/tibladin.dk\/produkt\/stor-firkantet-puf-i-laeder-60x60-cm\/","name":"Gro\u00dfer marokkanischer Sitzpuff aus Leder 60x60cm | Handgefertigt in Marokko","isPartOf":{"@id":"https:\/\/tibladin.dk\/#website"},"primaryImageOfPage":{"@id":"https:\/\/tibladin.dk\/produkt\/stor-firkantet-puf-i-laeder-60x60-cm\/#primaryimage"},"image":{"@id":"https:\/\/tibladin.dk\/produkt\/stor-firkantet-puf-i-laeder-60x60-cm\/#primaryimage"},"thumbnailUrl":"https:\/\/tibladin.dk\/wp-content\/uploads\/2026\/04\/Photoroom_20260418_142729.jpg","datePublished":"2026-04-18T12:29:28+00:00","dateModified":"2026-04-19T05:57:26+00:00","description":"Gro\u00dfer marokkanischer Sitzpuff aus Leder. Bestehend aus Quadraten von 15 x 15 cm mit starker Naht. Sch\u00f6n flie\u00dfend. Handgefertigt in Marokko \u21d2 Mehr erfahren","breadcrumb":{"@id":"https:\/\/tibladin.dk\/produkt\/stor-firkantet-puf-i-laeder-60x60-cm\/#breadcrumb"},"inLanguage":"de","potentialAction":[{"@type":"ReadAction","target":["https:\/\/tibladin.dk\/produkt\/stor-firkantet-puf-i-laeder-60x60-cm\/"]}]},{"@type":"ImageObject","inLanguage":"de","@id":"https:\/\/tibladin.dk\/produkt\/stor-firkantet-puf-i-laeder-60x60-cm\/#primaryimage","url":"https:\/\/tibladin.dk\/wp-content\/uploads\/2026\/04\/Photoroom_20260418_142729.jpg","contentUrl":"https:\/\/tibladin.dk\/wp-content\/uploads\/2026\/04\/Photoroom_20260418_142729.jpg","width":800,"height":800,"caption":"Smuk stor firkantet puf i lysebrunt gedel\u00e6der."},{"@type":"BreadcrumbList","@id":"https:\/\/tibladin.dk\/produkt\/stor-firkantet-puf-i-laeder-60x60-cm\/#breadcrumb","itemListElement":[{"@type":"ListItem","position":1,"name":"Hjem","item":"https:\/\/tibladin.dk\/"},{"@type":"ListItem","position":2,"name":"Shop","item":"https:\/\/tibladin.dk\/shop\/"},{"@type":"ListItem","position":3,"name":"Stor firkantet puf i l\u00e6der 60&#215;60 cm."}]},{"@type":"WebSite","@id":"https:\/\/tibladin.dk\/#website","url":"https:\/\/tibladin.dk\/","name":"Tibladin","description":"Tibladin","publisher":{"@id":"https:\/\/tibladin.dk\/#organization"},"potentialAction":[{"@type":"SearchAction","target":{"@type":"EntryPoint","urlTemplate":"https:\/\/tibladin.dk\/?s={search_term_string}"},"query-input":{"@type":"PropertyValueSpecification","valueRequired":true,"valueName":"search_term_string"}}],"inLanguage":"de"},{"@type":"Organization","@id":"https:\/\/tibladin.dk\/#organization","name":"Tibladin","url":"https:\/\/tibladin.dk\/","logo":{"@type":"ImageObject","inLanguage":"de","@id":"https:\/\/tibladin.dk\/#\/schema\/logo\/image\/","url":"https:\/\/tibladin.dk\/wp-content\/uploads\/2022\/09\/tibladin_logo.svg","contentUrl":"https:\/\/tibladin.dk\/wp-content\/uploads\/2022\/09\/tibladin_logo.svg","caption":"Tibladin"},"image":{"@id":"https:\/\/tibladin.dk\/#\/schema\/logo\/image\/"}}]}},"_links":{"self":[{"href":"https:\/\/tibladin.dk\/de\/wp-json\/wp\/v2\/product\/44073","targetHints":{"allow":["GET"]}}],"collection":[{"href":"https:\/\/tibladin.dk\/de\/wp-json\/wp\/v2\/product"}],"about":[{"href":"https:\/\/tibladin.dk\/de\/wp-json\/wp\/v2\/types\/product"}],"wp:featuredmedia":[{"embeddable":true,"href":"https:\/\/tibladin.dk\/de\/wp-json\/wp\/v2\/media\/44078"}],"wp:attachment":[{"href":"https:\/\/tibladin.dk\/de\/wp-json\/wp\/v2\/media?parent=44073"}],"wp:term":[{"taxonomy":"product_brand","embeddable":true,"href":"https:\/\/tibladin.dk\/de\/wp-json\/wp\/v2\/product_brand?post=44073"},{"taxonomy":"product_cat","embeddable":true,"href":"https:\/\/tibladin.dk\/de\/wp-json\/wp\/v2\/product_cat?post=44073"},{"taxonomy":"product_tag","embeddable":true,"href":"https:\/\/tibladin.dk\/de\/wp-json\/wp\/v2\/product_tag?post=44073"}],"curies":[{"name":"wp","href":"https:\/\/api.w.org\/{rel}","templated":true}]}}