{"id":4453,"date":"2022-10-27T10:22:32","date_gmt":"2022-10-27T08:22:32","guid":{"rendered":"https:\/\/tibladin.dk\/?post_type=product&#038;p=4453"},"modified":"2025-10-17T09:53:01","modified_gmt":"2025-10-17T07:53:01","slug":"plakat-marokko","status":"publish","type":"product","link":"https:\/\/tibladin.dk\/de\/produkt\/plakat-marokko\/","title":{"rendered":"Plakat MAROKKO"},"content":{"rendered":"<div class=\"wpb-content-wrapper\"><div class=\"vc_row wpb_row vc_row-fluid\"><div class=\"wpb_column vc_column_container vc_col-sm-4\"><div class=\"vc_column-inner\"><div class=\"wpb_wrapper\"><\/div><\/div><\/div><div class=\"wpb_column vc_column_container vc_col-sm-4\"><div class=\"vc_column-inner\"><div class=\"wpb_wrapper\"><h3 style=\"text-align: left\" class=\"vc_custom_heading vc_do_custom_heading\" >Rahmen<\/h3>\n\t<div class=\"wpb_text_column wpb_content_element\" >\n\t\t<div class=\"wpb_wrapper\">\n\t\t\t<p>M\u00f6glichkeit des Zukaufs von farbigen und naturfarbenen Rahmen.<\/p>\n\n\t\t<\/div>\n\t<\/div>\n<\/div><\/div><\/div><div class=\"wpb_column vc_column_container vc_col-sm-4\"><div class=\"vc_column-inner\"><div class=\"wpb_wrapper\"><h3 style=\"text-align: left\" class=\"vc_custom_heading vc_do_custom_heading\" >So dekoriere ich meine W\u00e4nde<\/h3>\n\t<div class=\"wpb_text_column wpb_content_element\" >\n\t\t<div class=\"wpb_wrapper\">\n\t\t\t<p><span class=\"JsGRdQ\">Sollen Ihre W\u00e4nde wie ein Champagnerglas voller Romantik \u00fcbersprudeln, Exklusivit\u00e4t ausstrahlen, eine warme Atmosph\u00e4re schaffen<\/span><span class=\"JsGRdQ\">\u00a0<\/span><span class=\"JsGRdQ\">Boh\u00e8me-Flair oder etwas ganz anderes? Dies kann mit kleinen \u00c4nderungen und einigen einfachen Entscheidungen erreicht werden. Verwenden Sie Poster lokaler marokkanischer K\u00fcnstler, um Ihrem Interieur ein pers\u00f6nliches und einzigartiges Aussehen zu verleihen.<\/span><\/p>\n\n\t\t<\/div>\n\t<\/div>\n<\/div><\/div><\/div><\/div>\n<\/div>","protected":false},"excerpt":{"rendered":"<h3>Marokko von Claude Fevrier<\/h3>\n<div>Marokkanisches Poster aus 100%-Recyclingpapier. Die Poster sind von hoher Qualit\u00e4t und werden in einer sorgf\u00e4ltigen und sch\u00fctzenden dreieckigen Box geliefert.<\/div>\n<div><\/div>\n<div>Sch\u00f6nes stimmungsvolles Poster in hellblauer Hintergrundfarbe. Der Schatten eines afrikanischen Mannes mit Hut und Tasche ist auf dem Weg in die Stadt Rabat. Die Stadt Rabat im Bild besteht aus roten Geb\u00e4uden, einer roten Moschee und einigen schwarzen Palmen. Am Horizont sieht man die Gipfel einiger wei\u00dfer Berge. Auf dem Plakat steht \u201eMarokko\u201c sowohl auf D\u00e4nisch als auch auf Arabisch.<\/div>\n<div>\n<h3><strong>Rahmen<\/strong><\/h3>\n<div>Es besteht die M\u00f6glichkeit, einen Rahmen in genau der von Ihnen gew\u00fcnschten Farbe zu erwerben. Durch die Wahl eines farbigen Rahmens, der zu den Farben des Posters passt, wird die Sch\u00f6nheit des Posters hervorgehoben. Unsere Rahmen bringen Farbe und runden den gesamten Look ab. Es ist wirklich das i-T\u00fcpfelchen. Die Rahmen sind in den Gr\u00f6\u00dfen 30\u00d740 bzw. 50\u00d770 erh\u00e4ltlich. Die Rahmen werden separat von Ihrer Bestellung versandt, da sie vom Fernlager aus versandt werden. Die Rahmen werden mit Plexiglas geliefert, aber wenn Sie normales Glas bevorzugen, schreiben Sie es einfach in das Kommentarfeld.<\/div>\n<\/div>","protected":false},"featured_media":5263,"template":"","meta":{"inline_featured_image":false},"product_brand":[],"product_cat":[47,111,133,114,56],"product_tag":[],"class_list":{"0":"post-4453","1":"product","2":"type-product","3":"status-publish","4":"has-post-thumbnail","6":"product_cat-gaven-til-ham","7":"product_cat-plakater","8":"product_cat-plakater30x40","9":"product_cat-plakater-50x70","10":"product_cat-vaegdekoration","12":"first","13":"instock","14":"taxable","15":"shipping-taxable","16":"purchasable","17":"product-type-variable"},"exclude_global_add_ons":false,"addons":[{"name":"M\u00f6chten Sie eine Geschenkverpackung?","type":"checkbox","position":0,"required":false,"title_format":"label","default":"","description_enable":false,"description":"","placeholder_enable":false,"placeholder":"","display":"images","restrictions_type":"any_text","adjust_price":false,"price":"","price_type":"flat_fee","restrictions":false,"min":"0","max":"0","options":[{"label":"Ja tak","price":"10","price_type":"flat_fee","image":11015,"visibility":true}],"id":1669646111},{"name":"Kaufen Sie einen Rahmen f\u00fcr Ihr Poster","type":"multiple_choice","position":0,"required":false,"title_format":"label","default":"","description_enable":true,"description":"Die Rahmen werden mit Plexiglas geliefert. Sollten Sie normales Glas bevorzugen, schreiben Sie dies einfach in das Kommentarfeld. Die farbigen Rahmen werden separat geliefert, da sie aus einem entfernten Lager versendet werden.","placeholder_enable":false,"placeholder":"","display":"images","restrictions_type":"any_text","adjust_price":false,"price":"","price_type":"flat_fee","restrictions":false,"min":"0","max":"0","options":[{"label":"GUL 30x40","price":"199","price_type":"flat_fee","image":7321,"visibility":true},{"label":"GUL 50x70","price":"299","price_type":"flat_fee","image":7322,"visibility":true},{"label":"LYSEBL\u00c5 30x40","price":"199","price_type":"flat_fee","image":7325,"visibility":true},{"label":"LYSEBL\u00c5 50x70","price":"299","price_type":"flat_fee","image":7336,"visibility":true},{"label":"KOBOLTBL\u00c5 30x40","price":"199","price_type":"flat_fee","image":7323,"visibility":true},{"label":"KOBOLTBL\u00c5 50x70","price":"299","price_type":"flat_fee","image":7324,"visibility":true},{"label":"M\u00d8RKEBL\u00c5 30x40","price":"199","price_type":"flat_fee","image":7329,"visibility":true},{"label":"M\u00d8RKEBL\u00c5 50x70","price":"299","price_type":"flat_fee","image":7330,"visibility":true},{"label":"ROSA 30x40","price":"199","price_type":"flat_fee","image":7327,"visibility":true},{"label":"ROSA 50x70","price":"299","price_type":"flat_fee","image":7328,"visibility":true},{"label":"ORANGE 30x40","price":"199","price_type":"flat_fee","image":7333,"visibility":true},{"label":"ORANGE 50x70","price":"299","price_type":"flat_fee","image":7334,"visibility":true},{"label":"SORT 30x40","price":"199","price_type":"flat_fee","image":7319,"visibility":true},{"label":"SORT 50x70","price":"299","price_type":"flat_fee","image":7320,"visibility":true},{"label":"NATUR 30x40","price":"70","price_type":"flat_fee","image":7331,"visibility":true},{"label":"NATUR 50x70","price":"149","price_type":"flat_fee","image":7332,"visibility":true}],"id":1683372015}],"yoast_head":"<!-- This site is optimized with the Yoast SEO plugin v27.4 - https:\/\/yoast.com\/product\/yoast-seo-wordpress\/ -->\n<title>Plakat MAROKKO af Claude Fevrier<\/title>\n<meta name=\"description\" content=\"Plakat MAROKKO af Claude Fevrier. Smuk plakat i en lysebl\u00e5 farve med en afrikansk mand p\u00e5 vej til rabat. Stort udvalg af marokkansk plakater\" \/>\n<meta name=\"robots\" content=\"index, follow, max-snippet:-1, max-image-preview:large, max-video-preview:-1\" \/>\n<link rel=\"canonical\" href=\"https:\/\/tibladin.dk\/de\/produkt\/plakat-marokko\/\" \/>\n<meta property=\"og:locale\" content=\"de_DE\" \/>\n<meta property=\"og:type\" content=\"article\" \/>\n<meta property=\"og:title\" content=\"Plakat MAROKKO af Claude Fevrier\" \/>\n<meta property=\"og:description\" content=\"Plakat MAROKKO af Claude Fevrier. Smuk plakat i en lysebl\u00e5 farve med en afrikansk mand p\u00e5 vej til rabat. Stort udvalg af marokkansk plakater\" \/>\n<meta property=\"og:url\" content=\"https:\/\/tibladin.dk\/de\/produkt\/plakat-marokko\/\" \/>\n<meta property=\"og:site_name\" content=\"Tibladin\" \/>\n<meta property=\"article:modified_time\" content=\"2025-10-17T07:53:01+00:00\" \/>\n<meta property=\"og:image\" content=\"https:\/\/tibladin.dk\/wp-content\/uploads\/2022\/10\/Marokko.jpg\" \/>\n\t<meta property=\"og:image:width\" content=\"800\" \/>\n\t<meta property=\"og:image:height\" content=\"800\" \/>\n\t<meta property=\"og:image:type\" content=\"image\/jpeg\" \/>\n<meta name=\"twitter:card\" content=\"summary_large_image\" \/>\n<meta name=\"twitter:label1\" content=\"Gesch\u00e4tzte Lesezeit\" \/>\n\t<meta name=\"twitter:data1\" content=\"1\u00a0Minute\" \/>\n<script type=\"application\/ld+json\" class=\"yoast-schema-graph\">{\"@context\":\"https:\\\/\\\/schema.org\",\"@graph\":[{\"@type\":\"WebPage\",\"@id\":\"https:\\\/\\\/tibladin.dk\\\/produkt\\\/plakat-marokko\\\/\",\"url\":\"https:\\\/\\\/tibladin.dk\\\/produkt\\\/plakat-marokko\\\/\",\"name\":\"Plakat MAROKKO af Claude Fevrier\",\"isPartOf\":{\"@id\":\"https:\\\/\\\/tibladin.dk\\\/#website\"},\"primaryImageOfPage\":{\"@id\":\"https:\\\/\\\/tibladin.dk\\\/produkt\\\/plakat-marokko\\\/#primaryimage\"},\"image\":{\"@id\":\"https:\\\/\\\/tibladin.dk\\\/produkt\\\/plakat-marokko\\\/#primaryimage\"},\"thumbnailUrl\":\"https:\\\/\\\/tibladin.dk\\\/wp-content\\\/uploads\\\/2022\\\/10\\\/Marokko.jpg\",\"datePublished\":\"2022-10-27T08:22:32+00:00\",\"dateModified\":\"2025-10-17T07:53:01+00:00\",\"description\":\"Plakat MAROKKO af Claude Fevrier. Smuk plakat i en lysebl\u00e5 farve med en afrikansk mand p\u00e5 vej til rabat. Stort udvalg af marokkansk plakater\",\"breadcrumb\":{\"@id\":\"https:\\\/\\\/tibladin.dk\\\/produkt\\\/plakat-marokko\\\/#breadcrumb\"},\"inLanguage\":\"de\",\"potentialAction\":[{\"@type\":\"ReadAction\",\"target\":[\"https:\\\/\\\/tibladin.dk\\\/produkt\\\/plakat-marokko\\\/\"]}]},{\"@type\":\"ImageObject\",\"inLanguage\":\"de\",\"@id\":\"https:\\\/\\\/tibladin.dk\\\/produkt\\\/plakat-marokko\\\/#primaryimage\",\"url\":\"https:\\\/\\\/tibladin.dk\\\/wp-content\\\/uploads\\\/2022\\\/10\\\/Marokko.jpg\",\"contentUrl\":\"https:\\\/\\\/tibladin.dk\\\/wp-content\\\/uploads\\\/2022\\\/10\\\/Marokko.jpg\",\"width\":800,\"height\":800,\"caption\":\"marokkansk plakat Marokko\"},{\"@type\":\"BreadcrumbList\",\"@id\":\"https:\\\/\\\/tibladin.dk\\\/produkt\\\/plakat-marokko\\\/#breadcrumb\",\"itemListElement\":[{\"@type\":\"ListItem\",\"position\":1,\"name\":\"Hjem\",\"item\":\"https:\\\/\\\/tibladin.dk\\\/\"},{\"@type\":\"ListItem\",\"position\":2,\"name\":\"Shop\",\"item\":\"https:\\\/\\\/tibladin.dk\\\/shop\\\/\"},{\"@type\":\"ListItem\",\"position\":3,\"name\":\"Plakat MAROKKO\"}]},{\"@type\":\"WebSite\",\"@id\":\"https:\\\/\\\/tibladin.dk\\\/#website\",\"url\":\"https:\\\/\\\/tibladin.dk\\\/\",\"name\":\"Tibladin\",\"description\":\"Tibladin\",\"publisher\":{\"@id\":\"https:\\\/\\\/tibladin.dk\\\/#organization\"},\"potentialAction\":[{\"@type\":\"SearchAction\",\"target\":{\"@type\":\"EntryPoint\",\"urlTemplate\":\"https:\\\/\\\/tibladin.dk\\\/?s={search_term_string}\"},\"query-input\":{\"@type\":\"PropertyValueSpecification\",\"valueRequired\":true,\"valueName\":\"search_term_string\"}}],\"inLanguage\":\"de\"},{\"@type\":\"Organization\",\"@id\":\"https:\\\/\\\/tibladin.dk\\\/#organization\",\"name\":\"Tibladin\",\"url\":\"https:\\\/\\\/tibladin.dk\\\/\",\"logo\":{\"@type\":\"ImageObject\",\"inLanguage\":\"de\",\"@id\":\"https:\\\/\\\/tibladin.dk\\\/#\\\/schema\\\/logo\\\/image\\\/\",\"url\":\"https:\\\/\\\/tibladin.dk\\\/wp-content\\\/uploads\\\/2022\\\/09\\\/tibladin_logo.svg\",\"contentUrl\":\"https:\\\/\\\/tibladin.dk\\\/wp-content\\\/uploads\\\/2022\\\/09\\\/tibladin_logo.svg\",\"caption\":\"Tibladin\"},\"image\":{\"@id\":\"https:\\\/\\\/tibladin.dk\\\/#\\\/schema\\\/logo\\\/image\\\/\"}}]}<\/script>\n<!-- \/ Yoast SEO plugin. -->","yoast_head_json":{"title":"Poster MAROKKO von Claude Fevrier","description":"Poster MAROKKO von Claude Fevrier. Sch\u00f6nes Poster in hellblauer Farbe mit einem afrikanischen Mann auf dem Weg zu einem Rabatt. Gro\u00dfe Auswahl an marokkanischen Postern","robots":{"index":"index","follow":"follow","max-snippet":"max-snippet:-1","max-image-preview":"max-image-preview:large","max-video-preview":"max-video-preview:-1"},"canonical":"https:\/\/tibladin.dk\/de\/produkt\/plakat-marokko\/","og_locale":"de_DE","og_type":"article","og_title":"Plakat MAROKKO af Claude Fevrier","og_description":"Plakat MAROKKO af Claude Fevrier. Smuk plakat i en lysebl\u00e5 farve med en afrikansk mand p\u00e5 vej til rabat. Stort udvalg af marokkansk plakater","og_url":"https:\/\/tibladin.dk\/de\/produkt\/plakat-marokko\/","og_site_name":"Tibladin","article_modified_time":"2025-10-17T07:53:01+00:00","og_image":[{"width":800,"height":800,"url":"https:\/\/tibladin.dk\/wp-content\/uploads\/2022\/10\/Marokko.jpg","type":"image\/jpeg"}],"twitter_card":"summary_large_image","twitter_misc":{"Gesch\u00e4tzte Lesezeit":"1\u00a0Minute"},"schema":{"@context":"https:\/\/schema.org","@graph":[{"@type":"WebPage","@id":"https:\/\/tibladin.dk\/produkt\/plakat-marokko\/","url":"https:\/\/tibladin.dk\/produkt\/plakat-marokko\/","name":"Poster MAROKKO von Claude Fevrier","isPartOf":{"@id":"https:\/\/tibladin.dk\/#website"},"primaryImageOfPage":{"@id":"https:\/\/tibladin.dk\/produkt\/plakat-marokko\/#primaryimage"},"image":{"@id":"https:\/\/tibladin.dk\/produkt\/plakat-marokko\/#primaryimage"},"thumbnailUrl":"https:\/\/tibladin.dk\/wp-content\/uploads\/2022\/10\/Marokko.jpg","datePublished":"2022-10-27T08:22:32+00:00","dateModified":"2025-10-17T07:53:01+00:00","description":"Poster MAROKKO von Claude Fevrier. Sch\u00f6nes Poster in hellblauer Farbe mit einem afrikanischen Mann auf dem Weg zu einem Rabatt. Gro\u00dfe Auswahl an marokkanischen Postern","breadcrumb":{"@id":"https:\/\/tibladin.dk\/produkt\/plakat-marokko\/#breadcrumb"},"inLanguage":"de","potentialAction":[{"@type":"ReadAction","target":["https:\/\/tibladin.dk\/produkt\/plakat-marokko\/"]}]},{"@type":"ImageObject","inLanguage":"de","@id":"https:\/\/tibladin.dk\/produkt\/plakat-marokko\/#primaryimage","url":"https:\/\/tibladin.dk\/wp-content\/uploads\/2022\/10\/Marokko.jpg","contentUrl":"https:\/\/tibladin.dk\/wp-content\/uploads\/2022\/10\/Marokko.jpg","width":800,"height":800,"caption":"marokkansk plakat Marokko"},{"@type":"BreadcrumbList","@id":"https:\/\/tibladin.dk\/produkt\/plakat-marokko\/#breadcrumb","itemListElement":[{"@type":"ListItem","position":1,"name":"Hjem","item":"https:\/\/tibladin.dk\/"},{"@type":"ListItem","position":2,"name":"Shop","item":"https:\/\/tibladin.dk\/shop\/"},{"@type":"ListItem","position":3,"name":"Plakat MAROKKO"}]},{"@type":"WebSite","@id":"https:\/\/tibladin.dk\/#website","url":"https:\/\/tibladin.dk\/","name":"Tibladin","description":"Tibladin","publisher":{"@id":"https:\/\/tibladin.dk\/#organization"},"potentialAction":[{"@type":"SearchAction","target":{"@type":"EntryPoint","urlTemplate":"https:\/\/tibladin.dk\/?s={search_term_string}"},"query-input":{"@type":"PropertyValueSpecification","valueRequired":true,"valueName":"search_term_string"}}],"inLanguage":"de"},{"@type":"Organization","@id":"https:\/\/tibladin.dk\/#organization","name":"Tibladin","url":"https:\/\/tibladin.dk\/","logo":{"@type":"ImageObject","inLanguage":"de","@id":"https:\/\/tibladin.dk\/#\/schema\/logo\/image\/","url":"https:\/\/tibladin.dk\/wp-content\/uploads\/2022\/09\/tibladin_logo.svg","contentUrl":"https:\/\/tibladin.dk\/wp-content\/uploads\/2022\/09\/tibladin_logo.svg","caption":"Tibladin"},"image":{"@id":"https:\/\/tibladin.dk\/#\/schema\/logo\/image\/"}}]}},"_links":{"self":[{"href":"https:\/\/tibladin.dk\/de\/wp-json\/wp\/v2\/product\/4453","targetHints":{"allow":["GET"]}}],"collection":[{"href":"https:\/\/tibladin.dk\/de\/wp-json\/wp\/v2\/product"}],"about":[{"href":"https:\/\/tibladin.dk\/de\/wp-json\/wp\/v2\/types\/product"}],"wp:featuredmedia":[{"embeddable":true,"href":"https:\/\/tibladin.dk\/de\/wp-json\/wp\/v2\/media\/5263"}],"wp:attachment":[{"href":"https:\/\/tibladin.dk\/de\/wp-json\/wp\/v2\/media?parent=4453"}],"wp:term":[{"taxonomy":"product_brand","embeddable":true,"href":"https:\/\/tibladin.dk\/de\/wp-json\/wp\/v2\/product_brand?post=4453"},{"taxonomy":"product_cat","embeddable":true,"href":"https:\/\/tibladin.dk\/de\/wp-json\/wp\/v2\/product_cat?post=4453"},{"taxonomy":"product_tag","embeddable":true,"href":"https:\/\/tibladin.dk\/de\/wp-json\/wp\/v2\/product_tag?post=4453"}],"curies":[{"name":"wp","href":"https:\/\/api.w.org\/{rel}","templated":true}]}}