{"id":460,"date":"2022-09-20T11:02:20","date_gmt":"2022-09-20T09:02:20","guid":{"rendered":"https:\/\/tibladin.dk\/vare\/skammel-med-snorflet\/"},"modified":"2026-01-08T15:56:54","modified_gmt":"2026-01-08T14:56:54","slug":"hocker-mit-kordelgeflecht","status":"publish","type":"product","link":"https:\/\/tibladin.dk\/de\/produkt\/skammel-med-snorflet\/","title":{"rendered":"Hocker mit Kordelgeflecht"},"content":{"rendered":"<div class=\"wpb-content-wrapper\"><div class=\"vc_row wpb_row vc_row-fluid\"><div class=\"wpb_column vc_column_container vc_col-sm-4\"><div class=\"vc_column-inner\"><div class=\"wpb_wrapper\"><\/div><\/div><\/div><div class=\"wpb_column vc_column_container vc_col-sm-4\"><div class=\"vc_column-inner\"><div class=\"wpb_wrapper\"><h3 style=\"text-align: left\" class=\"vc_custom_heading vc_do_custom_heading\" >Wartung<\/h3>\n\t<div class=\"wpb_text_column wpb_content_element\" >\n\t\t<div class=\"wpb_wrapper\">\n\t\t\t<p>Die mit Kordel geflochtenen Hocker k\u00f6nnen einfach mit einem feuchten Tuch abgewischt werden.<\/p>\n\n\t\t<\/div>\n\t<\/div>\n<\/div><\/div><\/div><div class=\"wpb_column vc_column_container vc_col-sm-4\"><div class=\"vc_column-inner\"><div class=\"wpb_wrapper\"><h3 style=\"text-align: left\" class=\"vc_custom_heading vc_do_custom_heading\" >Die Geschichte dahinter<\/h3>\n\t<div class=\"wpb_text_column wpb_content_element\" >\n\t\t<div class=\"wpb_wrapper\">\n\t\t\t<p><span style=\"font-weight: 400;\">Die kleinen wie auch die gro\u00dfen Hocker sind eine einfache und wirkungsvolle M\u00f6glichkeit, Ihrem Interieur eine exotische und pers\u00f6nliche Note zu verleihen. Sie bringen Leben, W\u00e4rme und Abwechslung in Ihr Zuhause und sind kleine Kunstwerke. Alle meine Hocker sind handgefertigt und somit Unikate. Ich w\u00e4hle Materialien und Farben mit gr\u00f6\u00dfter Sorgfalt aus und biete Holzhocker mit geflochtenen Kordeln in erlesenen Farbt\u00f6nen an, die zusammen einen eleganten, bohemischen Stil ergeben.<\/span><\/p>\n<p><span style=\"font-weight: 400;\">Die runden Hocker sind aus Holz gefertigt, und ein besonderes, charmantes Detail ist die Verwendung eines recycelten Reifens f\u00fcr die Sitzfl\u00e4che. Diese originelle und kreative L\u00f6sung verleiht den M\u00f6beln eine unerwartete Geschichte und einen modernen Touch. Was zuvor einem ganz anderen Zweck diente, erh\u00e4lt so neues Leben und eine neue Funktion im Zuhause \u2013 aus Industrieabfall wird ein \u00e4sthetisches und funktionales M\u00f6belst\u00fcck. Diese Transformation verleiht dem Hocker Charakter und macht ihn zu einem Blickfang, der Neugier und Begeisterung weckt.<\/span><\/p>\n<p><span style=\"font-weight: 400;\">Gleichzeitig ist die Verwendung von Reifen eine \u00fcberzeugende und nachhaltige Wahl. Reifen sind in der Regel schwer zu recyceln und landen oft als umweltsch\u00e4dlicher Abfall. Durch ihr Recycling in der M\u00f6belproduktion wird die Lebensdauer des Materials deutlich verl\u00e4ngert und der Bedarf an neuen Rohstoffen reduziert. Die Kombination aus Recycling, handwerklicher Verarbeitung und \u00c4sthetik zeigt, wie Nachhaltigkeit und Design Hand in Hand gehen k\u00f6nnen, ohne Kompromisse bei Qualit\u00e4t oder Ausdruck einzugehen.<\/span><\/p>\n<p><span style=\"font-weight: 400;\">Die Verwendung eines Reifens als Basis f\u00fcr das Flechtwerk sorgt f\u00fcr einen robusten und langlebigen Kern und macht den Hocker alltagstauglich. Dies unterstreicht Tibladins Vision, M\u00f6bel zu schaffen, die nicht nur sch\u00f6n, sondern auch verantwortungsvoll sind \u2013 M\u00f6bel mit Seele, Geschichte und R\u00fccksichtnahme auf Mensch und Umwelt.<\/span><\/p>\n<p><span style=\"font-weight: 400;\">Die Hocker werden von Frauen in einer Kooperative s\u00fcdlich von Marrakesch handgefertigt. Die Kooperative besch\u00e4ftigt rund 160 Frauen und tr\u00e4gt ma\u00dfgeblich zur Verbesserung der Lebensbedingungen vieler Familien in dem kleinen Dorf bei. Mit dem Kauf dieses Hockers erwerben Sie nicht nur ein sch\u00f6nes und funktionales M\u00f6belst\u00fcck, sondern unterst\u00fctzen auch traditionelles Handwerk, nachhaltige Produktion und die wirtschaftliche Unabh\u00e4ngigkeit von Frauen.<\/span><\/p>\n\n\t\t<\/div>\n\t<\/div>\n<\/div><\/div><\/div><\/div>\n<\/div>","protected":false},"excerpt":{"rendered":"<p class=\"p1\"><span class=\"s1\">Bank aus Holz und geflochtenen Kordeln in einem feinen Muster in blauen und braunen Farben. <\/span><\/p>\n<p class=\"p1\"><span class=\"s1\">Ein leichtes M\u00f6belst\u00fcck, das Ihrem Interieur einen pers\u00f6nlichen Ausdruck verleiht. Passt z.B. gut im Schlafzimmer, im Flur und im Badezimmer.<\/span><\/p>\n<p>Der Hocker misst ca. 63 cm in der L\u00e4nge, 37 cm in der Breite und ist 33 cm hoch. Da die Hocker handgefertigt sind, kann es zu leichten Ma\u00dfabweichungen kommen.<\/p>","protected":false},"featured_media":454,"template":"","meta":{"inline_featured_image":false},"product_brand":[],"product_cat":[36,39,49],"product_tag":[],"class_list":{"0":"post-460","1":"product","2":"type-product","3":"status-publish","4":"has-post-thumbnail","6":"product_cat-gaver-til-under-500-kr","7":"product_cat-moebler","8":"product_cat-skamler","10":"first","11":"instock","12":"featured","13":"taxable","14":"shipping-taxable","15":"purchasable","16":"product-type-simple"},"exclude_global_add_ons":[],"addons":[],"yoast_head":"<!-- This site is optimized with the Yoast SEO plugin v27.4 - https:\/\/yoast.com\/product\/yoast-seo-wordpress\/ -->\n<title>B\u00e6nk\/Skammel i tr\u00e6 med snor flet | Tibladin<\/title>\n<meta name=\"description\" content=\"Skammel\/b\u00e6nk med flet af snore i bl\u00e5 og brune nuancer.Kan let tils\u00e6ttes din indretning og give et personligt og bo\u00eame udtryk.\" \/>\n<meta name=\"robots\" content=\"index, follow, max-snippet:-1, max-image-preview:large, max-video-preview:-1\" \/>\n<link rel=\"canonical\" href=\"https:\/\/tibladin.dk\/de\/produkt\/hocker-mit-kordelgeflecht\/\" \/>\n<meta property=\"og:locale\" content=\"de_DE\" \/>\n<meta property=\"og:type\" content=\"article\" \/>\n<meta property=\"og:title\" content=\"B\u00e6nk\/Skammel i tr\u00e6 med snor flet | Tibladin\" \/>\n<meta property=\"og:description\" content=\"Skammel\/b\u00e6nk med flet af snore i bl\u00e5 og brune nuancer.Kan let tils\u00e6ttes din indretning og give et personligt og bo\u00eame udtryk.\" \/>\n<meta property=\"og:url\" content=\"https:\/\/tibladin.dk\/de\/produkt\/hocker-mit-kordelgeflecht\/\" \/>\n<meta property=\"og:site_name\" content=\"Tibladin\" \/>\n<meta property=\"article:modified_time\" content=\"2026-01-08T14:56:54+00:00\" \/>\n<meta property=\"og:image\" content=\"https:\/\/tibladin.dk\/wp-content\/uploads\/2022\/09\/Tibladin_baenk_snorflet_2_800x800-1.jpg\" \/>\n\t<meta property=\"og:image:width\" content=\"800\" \/>\n\t<meta property=\"og:image:height\" content=\"800\" \/>\n\t<meta property=\"og:image:type\" content=\"image\/jpeg\" \/>\n<meta name=\"twitter:card\" content=\"summary_large_image\" \/>\n<meta name=\"twitter:label1\" content=\"Gesch\u00e4tzte Lesezeit\" \/>\n\t<meta name=\"twitter:data1\" content=\"2\u00a0Minuten\" \/>\n<script type=\"application\/ld+json\" class=\"yoast-schema-graph\">{\"@context\":\"https:\\\/\\\/schema.org\",\"@graph\":[{\"@type\":\"WebPage\",\"@id\":\"https:\\\/\\\/tibladin.dk\\\/produkt\\\/skammel-med-snorflet\\\/\",\"url\":\"https:\\\/\\\/tibladin.dk\\\/produkt\\\/skammel-med-snorflet\\\/\",\"name\":\"B\u00e6nk\\\/Skammel i tr\u00e6 med snor flet | Tibladin\",\"isPartOf\":{\"@id\":\"https:\\\/\\\/tibladin.dk\\\/#website\"},\"primaryImageOfPage\":{\"@id\":\"https:\\\/\\\/tibladin.dk\\\/produkt\\\/skammel-med-snorflet\\\/#primaryimage\"},\"image\":{\"@id\":\"https:\\\/\\\/tibladin.dk\\\/produkt\\\/skammel-med-snorflet\\\/#primaryimage\"},\"thumbnailUrl\":\"https:\\\/\\\/tibladin.dk\\\/wp-content\\\/uploads\\\/2022\\\/09\\\/Tibladin_baenk_snorflet_2_800x800-1.jpg\",\"datePublished\":\"2022-09-20T09:02:20+00:00\",\"dateModified\":\"2026-01-08T14:56:54+00:00\",\"description\":\"Skammel\\\/b\u00e6nk med flet af snore i bl\u00e5 og brune nuancer.Kan let tils\u00e6ttes din indretning og give et personligt og bo\u00eame udtryk.\",\"breadcrumb\":{\"@id\":\"https:\\\/\\\/tibladin.dk\\\/produkt\\\/skammel-med-snorflet\\\/#breadcrumb\"},\"inLanguage\":\"de\",\"potentialAction\":[{\"@type\":\"ReadAction\",\"target\":[\"https:\\\/\\\/tibladin.dk\\\/produkt\\\/skammel-med-snorflet\\\/\"]}]},{\"@type\":\"ImageObject\",\"inLanguage\":\"de\",\"@id\":\"https:\\\/\\\/tibladin.dk\\\/produkt\\\/skammel-med-snorflet\\\/#primaryimage\",\"url\":\"https:\\\/\\\/tibladin.dk\\\/wp-content\\\/uploads\\\/2022\\\/09\\\/Tibladin_baenk_snorflet_2_800x800-1.jpg\",\"contentUrl\":\"https:\\\/\\\/tibladin.dk\\\/wp-content\\\/uploads\\\/2022\\\/09\\\/Tibladin_baenk_snorflet_2_800x800-1.jpg\",\"width\":800,\"height\":800,\"caption\":\"Marokkansk skammel\"},{\"@type\":\"BreadcrumbList\",\"@id\":\"https:\\\/\\\/tibladin.dk\\\/produkt\\\/skammel-med-snorflet\\\/#breadcrumb\",\"itemListElement\":[{\"@type\":\"ListItem\",\"position\":1,\"name\":\"Hjem\",\"item\":\"https:\\\/\\\/tibladin.dk\\\/\"},{\"@type\":\"ListItem\",\"position\":2,\"name\":\"Shop\",\"item\":\"https:\\\/\\\/tibladin.dk\\\/shop\\\/\"},{\"@type\":\"ListItem\",\"position\":3,\"name\":\"Skammel med snorflet\"}]},{\"@type\":\"WebSite\",\"@id\":\"https:\\\/\\\/tibladin.dk\\\/#website\",\"url\":\"https:\\\/\\\/tibladin.dk\\\/\",\"name\":\"Tibladin\",\"description\":\"Tibladin\",\"publisher\":{\"@id\":\"https:\\\/\\\/tibladin.dk\\\/#organization\"},\"potentialAction\":[{\"@type\":\"SearchAction\",\"target\":{\"@type\":\"EntryPoint\",\"urlTemplate\":\"https:\\\/\\\/tibladin.dk\\\/?s={search_term_string}\"},\"query-input\":{\"@type\":\"PropertyValueSpecification\",\"valueRequired\":true,\"valueName\":\"search_term_string\"}}],\"inLanguage\":\"de\"},{\"@type\":\"Organization\",\"@id\":\"https:\\\/\\\/tibladin.dk\\\/#organization\",\"name\":\"Tibladin\",\"url\":\"https:\\\/\\\/tibladin.dk\\\/\",\"logo\":{\"@type\":\"ImageObject\",\"inLanguage\":\"de\",\"@id\":\"https:\\\/\\\/tibladin.dk\\\/#\\\/schema\\\/logo\\\/image\\\/\",\"url\":\"https:\\\/\\\/tibladin.dk\\\/wp-content\\\/uploads\\\/2022\\\/09\\\/tibladin_logo.svg\",\"contentUrl\":\"https:\\\/\\\/tibladin.dk\\\/wp-content\\\/uploads\\\/2022\\\/09\\\/tibladin_logo.svg\",\"caption\":\"Tibladin\"},\"image\":{\"@id\":\"https:\\\/\\\/tibladin.dk\\\/#\\\/schema\\\/logo\\\/image\\\/\"}}]}<\/script>\n<!-- \/ Yoast SEO plugin. -->","yoast_head_json":{"title":"Bank\/Hocker aus Holz mit Schnurgeflecht | Tibladin","description":"Hocker\/Bank mit geflochtenen Kordeln in Blau- und Braunt\u00f6nen. Kann problemlos zu Ihrer Einrichtung hinzugef\u00fcgt werden und verleiht einen pers\u00f6nlichen und unkonventionellen Look.","robots":{"index":"index","follow":"follow","max-snippet":"max-snippet:-1","max-image-preview":"max-image-preview:large","max-video-preview":"max-video-preview:-1"},"canonical":"https:\/\/tibladin.dk\/de\/produkt\/hocker-mit-kordelgeflecht\/","og_locale":"de_DE","og_type":"article","og_title":"B\u00e6nk\/Skammel i tr\u00e6 med snor flet | Tibladin","og_description":"Skammel\/b\u00e6nk med flet af snore i bl\u00e5 og brune nuancer.Kan let tils\u00e6ttes din indretning og give et personligt og bo\u00eame udtryk.","og_url":"https:\/\/tibladin.dk\/de\/produkt\/hocker-mit-kordelgeflecht\/","og_site_name":"Tibladin","article_modified_time":"2026-01-08T14:56:54+00:00","og_image":[{"width":800,"height":800,"url":"https:\/\/tibladin.dk\/wp-content\/uploads\/2022\/09\/Tibladin_baenk_snorflet_2_800x800-1.jpg","type":"image\/jpeg"}],"twitter_card":"summary_large_image","twitter_misc":{"Gesch\u00e4tzte Lesezeit":"2\u00a0Minuten"},"schema":{"@context":"https:\/\/schema.org","@graph":[{"@type":"WebPage","@id":"https:\/\/tibladin.dk\/produkt\/skammel-med-snorflet\/","url":"https:\/\/tibladin.dk\/produkt\/skammel-med-snorflet\/","name":"Bank\/Hocker aus Holz mit Schnurgeflecht | Tibladin","isPartOf":{"@id":"https:\/\/tibladin.dk\/#website"},"primaryImageOfPage":{"@id":"https:\/\/tibladin.dk\/produkt\/skammel-med-snorflet\/#primaryimage"},"image":{"@id":"https:\/\/tibladin.dk\/produkt\/skammel-med-snorflet\/#primaryimage"},"thumbnailUrl":"https:\/\/tibladin.dk\/wp-content\/uploads\/2022\/09\/Tibladin_baenk_snorflet_2_800x800-1.jpg","datePublished":"2022-09-20T09:02:20+00:00","dateModified":"2026-01-08T14:56:54+00:00","description":"Hocker\/Bank mit geflochtenen Kordeln in Blau- und Braunt\u00f6nen. Kann problemlos zu Ihrer Einrichtung hinzugef\u00fcgt werden und verleiht einen pers\u00f6nlichen und unkonventionellen Look.","breadcrumb":{"@id":"https:\/\/tibladin.dk\/produkt\/skammel-med-snorflet\/#breadcrumb"},"inLanguage":"de","potentialAction":[{"@type":"ReadAction","target":["https:\/\/tibladin.dk\/produkt\/skammel-med-snorflet\/"]}]},{"@type":"ImageObject","inLanguage":"de","@id":"https:\/\/tibladin.dk\/produkt\/skammel-med-snorflet\/#primaryimage","url":"https:\/\/tibladin.dk\/wp-content\/uploads\/2022\/09\/Tibladin_baenk_snorflet_2_800x800-1.jpg","contentUrl":"https:\/\/tibladin.dk\/wp-content\/uploads\/2022\/09\/Tibladin_baenk_snorflet_2_800x800-1.jpg","width":800,"height":800,"caption":"Marokkansk skammel"},{"@type":"BreadcrumbList","@id":"https:\/\/tibladin.dk\/produkt\/skammel-med-snorflet\/#breadcrumb","itemListElement":[{"@type":"ListItem","position":1,"name":"Hjem","item":"https:\/\/tibladin.dk\/"},{"@type":"ListItem","position":2,"name":"Shop","item":"https:\/\/tibladin.dk\/shop\/"},{"@type":"ListItem","position":3,"name":"Skammel med snorflet"}]},{"@type":"WebSite","@id":"https:\/\/tibladin.dk\/#website","url":"https:\/\/tibladin.dk\/","name":"Tibladin","description":"Tibladin","publisher":{"@id":"https:\/\/tibladin.dk\/#organization"},"potentialAction":[{"@type":"SearchAction","target":{"@type":"EntryPoint","urlTemplate":"https:\/\/tibladin.dk\/?s={search_term_string}"},"query-input":{"@type":"PropertyValueSpecification","valueRequired":true,"valueName":"search_term_string"}}],"inLanguage":"de"},{"@type":"Organization","@id":"https:\/\/tibladin.dk\/#organization","name":"Tibladin","url":"https:\/\/tibladin.dk\/","logo":{"@type":"ImageObject","inLanguage":"de","@id":"https:\/\/tibladin.dk\/#\/schema\/logo\/image\/","url":"https:\/\/tibladin.dk\/wp-content\/uploads\/2022\/09\/tibladin_logo.svg","contentUrl":"https:\/\/tibladin.dk\/wp-content\/uploads\/2022\/09\/tibladin_logo.svg","caption":"Tibladin"},"image":{"@id":"https:\/\/tibladin.dk\/#\/schema\/logo\/image\/"}}]}},"_links":{"self":[{"href":"https:\/\/tibladin.dk\/de\/wp-json\/wp\/v2\/product\/460","targetHints":{"allow":["GET"]}}],"collection":[{"href":"https:\/\/tibladin.dk\/de\/wp-json\/wp\/v2\/product"}],"about":[{"href":"https:\/\/tibladin.dk\/de\/wp-json\/wp\/v2\/types\/product"}],"wp:featuredmedia":[{"embeddable":true,"href":"https:\/\/tibladin.dk\/de\/wp-json\/wp\/v2\/media\/454"}],"wp:attachment":[{"href":"https:\/\/tibladin.dk\/de\/wp-json\/wp\/v2\/media?parent=460"}],"wp:term":[{"taxonomy":"product_brand","embeddable":true,"href":"https:\/\/tibladin.dk\/de\/wp-json\/wp\/v2\/product_brand?post=460"},{"taxonomy":"product_cat","embeddable":true,"href":"https:\/\/tibladin.dk\/de\/wp-json\/wp\/v2\/product_cat?post=460"},{"taxonomy":"product_tag","embeddable":true,"href":"https:\/\/tibladin.dk\/de\/wp-json\/wp\/v2\/product_tag?post=460"}],"curies":[{"name":"wp","href":"https:\/\/api.w.org\/{rel}","templated":true}]}}