{"id":4647,"date":"2022-10-31T10:41:34","date_gmt":"2022-10-31T09:41:34","guid":{"rendered":"https:\/\/tibladin.dk\/?post_type=product&#038;p=4647"},"modified":"2025-09-25T11:20:30","modified_gmt":"2025-09-25T09:20:30","slug":"hausschuhe-boern-splash-dore","status":"publish","type":"product","link":"https:\/\/tibladin.dk\/de\/produkt\/slippers-boern-splash-dore\/","title":{"rendered":"Kinderhausschuhe - Splash Dor\u00e9"},"content":{"rendered":"<div class=\"wpb-content-wrapper\"><p>Insel<div class=\"vc_row wpb_row vc_row-fluid\"><div class=\"wpb_column vc_column_container vc_col-sm-4\"><div class=\"vc_column-inner\"><div class=\"wpb_wrapper\"><\/div><\/div><\/div><div class=\"wpb_column vc_column_container vc_col-sm-4\"><div class=\"vc_column-inner\"><div class=\"wpb_wrapper\"><h3 style=\"text-align: left\" class=\"vc_custom_heading vc_do_custom_heading\" >Gr\u00f6\u00dfentabelle f\u00fcr Hausschuhe <\/h3>\n\t<div class=\"wpb_text_column wpb_content_element\" >\n\t\t<div class=\"wpb_wrapper\">\n\t\t\t<p>Gr\u00f6\u00dfentabelle Kinder \u2013 ca. Ziel:<\/p>\n<p>27: 17,3 cm.<\/p>\n<p>28: 18 cm.<\/p>\n<p>29: 18,5 cm.<\/p>\n<p>30: 19,2 cm.<\/p>\n<p>31: 20 cm.<\/p>\n<p>32: 20,7 cm.<\/p>\n<p>33: 21,5 cm.<\/p>\n<p>34: 22,2 cm.<\/p>\n\n\t\t<\/div>\n\t<\/div>\n<\/div><\/div><\/div><div class=\"wpb_column vc_column_container vc_col-sm-4\"><div class=\"vc_column-inner\"><div class=\"wpb_wrapper\"><h3 style=\"text-align: left\" class=\"vc_custom_heading vc_do_custom_heading\" >Die Geschichte dahinter<\/h3>\n\t<div class=\"wpb_text_column wpb_content_element\" >\n\t\t<div class=\"wpb_wrapper\">\n\t\t\t<p><i>Babouches\u00a0<\/i>sind klassische marokkanische Hausschuhe.<\/p>\n<p>Sie werden auf traditionelle Weise in Marokko handgefertigt. Alles aus Ziegenleder, sodass sie sich seidig weich an Ihren F\u00fc\u00dfen anf\u00fchlen. Mit ihren vielen verschiedenen Farben und Mustern passen sie zu den meisten Outfits und verleihen einem skandinavischen Look eine k\u00f6stliche Boh\u00e8me-Note. In Marokko werden sie sowohl drinnen als auch drau\u00dfen verwendet, und sobald Sie diese sch\u00f6nen Hausschuhe an den F\u00fc\u00dfen haben, m\u00f6chten Sie nichts anderes mehr anziehen.<\/p>\n<p><strong>Warum Hausschuhe von Tibladin w\u00e4hlen?<\/strong><\/p>\n<ul>\n<li>Man hat fast nicht das Gef\u00fchl, etwas am Fu\u00df zu haben; sie f\u00fchlen sich sch\u00f6n und leicht an<\/li>\n<li>Perfekt zum Mitnehmen, wenn Sie Freunde und Familie besuchen<\/li>\n<li>Wiegt und nimmt nichts weg, wenn Sie sie in den Urlaub mitnehmen m\u00fcssen<\/li>\n<li>H\u00e4lt Ihre F\u00fc\u00dfe auf einer angenehmen Temperatur, nicht zu hei\u00df, nicht zu kalt<\/li>\n<li>Weich und flexibel und passt f\u00fcr die meisten F\u00fc\u00dfe<\/li>\n<li>Viele Farben und Stile zur Auswahl<\/li>\n<li>Handgefertigt aus 100 %-Fellen<\/li>\n<li>Mit Ihrem Kauf unterst\u00fctzen Sie die kleinen Kunsthandwerker in Marokko<\/li>\n<\/ul>\n\n\t\t<\/div>\n\t<\/div>\n<\/div><\/div><\/div><\/div>\n<\/div>","protected":false},"excerpt":{"rendered":"<ul>\n<li>Marokkanische Lederhausschuhe f\u00fcr Kinder in einem wundersch\u00f6nen cremegrauen Farbton mit goldenem SPLASH-Muster. Die Basis und die Sohle sind ebenfalls goldfarben.<\/li>\n<li>Die Hausschuhe sind leicht anzuziehen, sitzen gut am Fu\u00df und bieten einen hohen Tragekomfort.<\/li>\n<\/ul>","protected":false},"featured_media":5033,"template":"","meta":{"inline_featured_image":false},"product_brand":[],"product_cat":[79,135],"product_tag":[],"class_list":{"0":"post-4647","1":"product","2":"type-product","3":"status-publish","4":"has-post-thumbnail","6":"product_cat-slippers","7":"product_cat-slippers-boern","9":"first","10":"instock","11":"taxable","12":"shipping-taxable","13":"purchasable","14":"product-type-variable"},"exclude_global_add_ons":false,"addons":[{"name":"M\u00f6chten Sie eine Geschenkverpackung?","type":"checkbox","position":0,"required":false,"title_format":"label","default":"","description_enable":false,"description":"","placeholder_enable":false,"placeholder":"","display":"images","restrictions_type":"any_text","adjust_price":false,"price":"","price_type":"flat_fee","restrictions":false,"min":"0","max":"0","options":[{"label":"Ja tak","price":"10","price_type":"flat_fee","image":11015,"visibility":true}],"id":1669646111}],"yoast_head":"<!-- This site is optimized with the Yoast SEO plugin v27.4 - https:\/\/yoast.com\/product\/yoast-seo-wordpress\/ -->\n<title>Slippers b\u00f8rn | Marokkanske sko | hos Tibladin<\/title>\n<meta name=\"description\" content=\"Marokkanske slippers til b\u00f8rn i en smuk cremet gr\u00e5 farve med guldfarvet SPLASH. Stort udvalg af marokkanske slippers i forskellige farver og m\u00f8nstre\" \/>\n<meta name=\"robots\" content=\"index, follow, max-snippet:-1, max-image-preview:large, max-video-preview:-1\" \/>\n<link rel=\"canonical\" href=\"https:\/\/tibladin.dk\/de\/produkt\/hausschuhe-boern-splash-dore\/\" \/>\n<meta property=\"og:locale\" content=\"de_DE\" \/>\n<meta property=\"og:type\" content=\"article\" \/>\n<meta property=\"og:title\" content=\"Slippers b\u00f8rn | Marokkanske sko | hos Tibladin\" \/>\n<meta property=\"og:description\" content=\"Marokkanske slippers til b\u00f8rn i en smuk cremet gr\u00e5 farve med guldfarvet SPLASH. Stort udvalg af marokkanske slippers i forskellige farver og m\u00f8nstre\" \/>\n<meta property=\"og:url\" content=\"https:\/\/tibladin.dk\/de\/produkt\/hausschuhe-boern-splash-dore\/\" \/>\n<meta property=\"og:site_name\" content=\"Tibladin\" \/>\n<meta property=\"article:modified_time\" content=\"2025-09-25T09:20:30+00:00\" \/>\n<meta property=\"og:image\" content=\"https:\/\/tibladin.dk\/wp-content\/uploads\/2022\/10\/Splash-dore_boern-3.jpg\" \/>\n\t<meta property=\"og:image:width\" content=\"800\" \/>\n\t<meta property=\"og:image:height\" content=\"800\" \/>\n\t<meta property=\"og:image:type\" content=\"image\/jpeg\" \/>\n<meta name=\"twitter:card\" content=\"summary_large_image\" \/>\n<meta name=\"twitter:label1\" content=\"Gesch\u00e4tzte Lesezeit\" \/>\n\t<meta name=\"twitter:data1\" content=\"2\u00a0Minuten\" \/>\n<script type=\"application\/ld+json\" class=\"yoast-schema-graph\">{\"@context\":\"https:\\\/\\\/schema.org\",\"@graph\":[{\"@type\":\"WebPage\",\"@id\":\"https:\\\/\\\/tibladin.dk\\\/produkt\\\/slippers-boern-splash-dore\\\/\",\"url\":\"https:\\\/\\\/tibladin.dk\\\/produkt\\\/slippers-boern-splash-dore\\\/\",\"name\":\"Slippers b\u00f8rn | Marokkanske sko | hos Tibladin\",\"isPartOf\":{\"@id\":\"https:\\\/\\\/tibladin.dk\\\/#website\"},\"primaryImageOfPage\":{\"@id\":\"https:\\\/\\\/tibladin.dk\\\/produkt\\\/slippers-boern-splash-dore\\\/#primaryimage\"},\"image\":{\"@id\":\"https:\\\/\\\/tibladin.dk\\\/produkt\\\/slippers-boern-splash-dore\\\/#primaryimage\"},\"thumbnailUrl\":\"https:\\\/\\\/tibladin.dk\\\/wp-content\\\/uploads\\\/2022\\\/10\\\/Splash-dore_boern-3.jpg\",\"datePublished\":\"2022-10-31T09:41:34+00:00\",\"dateModified\":\"2025-09-25T09:20:30+00:00\",\"description\":\"Marokkanske slippers til b\u00f8rn i en smuk cremet gr\u00e5 farve med guldfarvet SPLASH. Stort udvalg af marokkanske slippers i forskellige farver og m\u00f8nstre\",\"breadcrumb\":{\"@id\":\"https:\\\/\\\/tibladin.dk\\\/produkt\\\/slippers-boern-splash-dore\\\/#breadcrumb\"},\"inLanguage\":\"de\",\"potentialAction\":[{\"@type\":\"ReadAction\",\"target\":[\"https:\\\/\\\/tibladin.dk\\\/produkt\\\/slippers-boern-splash-dore\\\/\"]}]},{\"@type\":\"ImageObject\",\"inLanguage\":\"de\",\"@id\":\"https:\\\/\\\/tibladin.dk\\\/produkt\\\/slippers-boern-splash-dore\\\/#primaryimage\",\"url\":\"https:\\\/\\\/tibladin.dk\\\/wp-content\\\/uploads\\\/2022\\\/10\\\/Splash-dore_boern-3.jpg\",\"contentUrl\":\"https:\\\/\\\/tibladin.dk\\\/wp-content\\\/uploads\\\/2022\\\/10\\\/Splash-dore_boern-3.jpg\",\"width\":800,\"height\":800,\"caption\":\"B\u00f8rne slippers i skind - lys gr\u00e5\\\/beide med guld splash\"},{\"@type\":\"BreadcrumbList\",\"@id\":\"https:\\\/\\\/tibladin.dk\\\/produkt\\\/slippers-boern-splash-dore\\\/#breadcrumb\",\"itemListElement\":[{\"@type\":\"ListItem\",\"position\":1,\"name\":\"Hjem\",\"item\":\"https:\\\/\\\/tibladin.dk\\\/\"},{\"@type\":\"ListItem\",\"position\":2,\"name\":\"Shop\",\"item\":\"https:\\\/\\\/tibladin.dk\\\/shop\\\/\"},{\"@type\":\"ListItem\",\"position\":3,\"name\":\"Slippers b\u00f8rn &#8211; splash dor\u00e9\"}]},{\"@type\":\"WebSite\",\"@id\":\"https:\\\/\\\/tibladin.dk\\\/#website\",\"url\":\"https:\\\/\\\/tibladin.dk\\\/\",\"name\":\"Tibladin\",\"description\":\"Tibladin\",\"publisher\":{\"@id\":\"https:\\\/\\\/tibladin.dk\\\/#organization\"},\"potentialAction\":[{\"@type\":\"SearchAction\",\"target\":{\"@type\":\"EntryPoint\",\"urlTemplate\":\"https:\\\/\\\/tibladin.dk\\\/?s={search_term_string}\"},\"query-input\":{\"@type\":\"PropertyValueSpecification\",\"valueRequired\":true,\"valueName\":\"search_term_string\"}}],\"inLanguage\":\"de\"},{\"@type\":\"Organization\",\"@id\":\"https:\\\/\\\/tibladin.dk\\\/#organization\",\"name\":\"Tibladin\",\"url\":\"https:\\\/\\\/tibladin.dk\\\/\",\"logo\":{\"@type\":\"ImageObject\",\"inLanguage\":\"de\",\"@id\":\"https:\\\/\\\/tibladin.dk\\\/#\\\/schema\\\/logo\\\/image\\\/\",\"url\":\"https:\\\/\\\/tibladin.dk\\\/wp-content\\\/uploads\\\/2022\\\/09\\\/tibladin_logo.svg\",\"contentUrl\":\"https:\\\/\\\/tibladin.dk\\\/wp-content\\\/uploads\\\/2022\\\/09\\\/tibladin_logo.svg\",\"caption\":\"Tibladin\"},\"image\":{\"@id\":\"https:\\\/\\\/tibladin.dk\\\/#\\\/schema\\\/logo\\\/image\\\/\"}}]}<\/script>\n<!-- \/ Yoast SEO plugin. -->","yoast_head_json":{"title":"Hausschuhe Kinder | Marokkanische Schuhe | in Tibladin","description":"Marokkanische Hausschuhe f\u00fcr Kinder in einem wundersch\u00f6nen cremegrauen Farbton mit goldfarbenen SPLASH. Gro\u00dfe Auswahl an marokkanischen Hausschuhen in verschiedenen Farben und Mustern","robots":{"index":"index","follow":"follow","max-snippet":"max-snippet:-1","max-image-preview":"max-image-preview:large","max-video-preview":"max-video-preview:-1"},"canonical":"https:\/\/tibladin.dk\/de\/produkt\/hausschuhe-boern-splash-dore\/","og_locale":"de_DE","og_type":"article","og_title":"Slippers b\u00f8rn | Marokkanske sko | hos Tibladin","og_description":"Marokkanske slippers til b\u00f8rn i en smuk cremet gr\u00e5 farve med guldfarvet SPLASH. Stort udvalg af marokkanske slippers i forskellige farver og m\u00f8nstre","og_url":"https:\/\/tibladin.dk\/de\/produkt\/hausschuhe-boern-splash-dore\/","og_site_name":"Tibladin","article_modified_time":"2025-09-25T09:20:30+00:00","og_image":[{"width":800,"height":800,"url":"https:\/\/tibladin.dk\/wp-content\/uploads\/2022\/10\/Splash-dore_boern-3.jpg","type":"image\/jpeg"}],"twitter_card":"summary_large_image","twitter_misc":{"Gesch\u00e4tzte Lesezeit":"2\u00a0Minuten"},"schema":{"@context":"https:\/\/schema.org","@graph":[{"@type":"WebPage","@id":"https:\/\/tibladin.dk\/produkt\/slippers-boern-splash-dore\/","url":"https:\/\/tibladin.dk\/produkt\/slippers-boern-splash-dore\/","name":"Hausschuhe Kinder | Marokkanische Schuhe | in Tibladin","isPartOf":{"@id":"https:\/\/tibladin.dk\/#website"},"primaryImageOfPage":{"@id":"https:\/\/tibladin.dk\/produkt\/slippers-boern-splash-dore\/#primaryimage"},"image":{"@id":"https:\/\/tibladin.dk\/produkt\/slippers-boern-splash-dore\/#primaryimage"},"thumbnailUrl":"https:\/\/tibladin.dk\/wp-content\/uploads\/2022\/10\/Splash-dore_boern-3.jpg","datePublished":"2022-10-31T09:41:34+00:00","dateModified":"2025-09-25T09:20:30+00:00","description":"Marokkanische Hausschuhe f\u00fcr Kinder in einem wundersch\u00f6nen cremegrauen Farbton mit goldfarbenen SPLASH. Gro\u00dfe Auswahl an marokkanischen Hausschuhen in verschiedenen Farben und Mustern","breadcrumb":{"@id":"https:\/\/tibladin.dk\/produkt\/slippers-boern-splash-dore\/#breadcrumb"},"inLanguage":"de","potentialAction":[{"@type":"ReadAction","target":["https:\/\/tibladin.dk\/produkt\/slippers-boern-splash-dore\/"]}]},{"@type":"ImageObject","inLanguage":"de","@id":"https:\/\/tibladin.dk\/produkt\/slippers-boern-splash-dore\/#primaryimage","url":"https:\/\/tibladin.dk\/wp-content\/uploads\/2022\/10\/Splash-dore_boern-3.jpg","contentUrl":"https:\/\/tibladin.dk\/wp-content\/uploads\/2022\/10\/Splash-dore_boern-3.jpg","width":800,"height":800,"caption":"B\u00f8rne slippers i skind - lys gr\u00e5\/beide med guld splash"},{"@type":"BreadcrumbList","@id":"https:\/\/tibladin.dk\/produkt\/slippers-boern-splash-dore\/#breadcrumb","itemListElement":[{"@type":"ListItem","position":1,"name":"Hjem","item":"https:\/\/tibladin.dk\/"},{"@type":"ListItem","position":2,"name":"Shop","item":"https:\/\/tibladin.dk\/shop\/"},{"@type":"ListItem","position":3,"name":"Slippers b\u00f8rn &#8211; splash dor\u00e9"}]},{"@type":"WebSite","@id":"https:\/\/tibladin.dk\/#website","url":"https:\/\/tibladin.dk\/","name":"Tibladin","description":"Tibladin","publisher":{"@id":"https:\/\/tibladin.dk\/#organization"},"potentialAction":[{"@type":"SearchAction","target":{"@type":"EntryPoint","urlTemplate":"https:\/\/tibladin.dk\/?s={search_term_string}"},"query-input":{"@type":"PropertyValueSpecification","valueRequired":true,"valueName":"search_term_string"}}],"inLanguage":"de"},{"@type":"Organization","@id":"https:\/\/tibladin.dk\/#organization","name":"Tibladin","url":"https:\/\/tibladin.dk\/","logo":{"@type":"ImageObject","inLanguage":"de","@id":"https:\/\/tibladin.dk\/#\/schema\/logo\/image\/","url":"https:\/\/tibladin.dk\/wp-content\/uploads\/2022\/09\/tibladin_logo.svg","contentUrl":"https:\/\/tibladin.dk\/wp-content\/uploads\/2022\/09\/tibladin_logo.svg","caption":"Tibladin"},"image":{"@id":"https:\/\/tibladin.dk\/#\/schema\/logo\/image\/"}}]}},"_links":{"self":[{"href":"https:\/\/tibladin.dk\/de\/wp-json\/wp\/v2\/product\/4647","targetHints":{"allow":["GET"]}}],"collection":[{"href":"https:\/\/tibladin.dk\/de\/wp-json\/wp\/v2\/product"}],"about":[{"href":"https:\/\/tibladin.dk\/de\/wp-json\/wp\/v2\/types\/product"}],"wp:featuredmedia":[{"embeddable":true,"href":"https:\/\/tibladin.dk\/de\/wp-json\/wp\/v2\/media\/5033"}],"wp:attachment":[{"href":"https:\/\/tibladin.dk\/de\/wp-json\/wp\/v2\/media?parent=4647"}],"wp:term":[{"taxonomy":"product_brand","embeddable":true,"href":"https:\/\/tibladin.dk\/de\/wp-json\/wp\/v2\/product_brand?post=4647"},{"taxonomy":"product_cat","embeddable":true,"href":"https:\/\/tibladin.dk\/de\/wp-json\/wp\/v2\/product_cat?post=4647"},{"taxonomy":"product_tag","embeddable":true,"href":"https:\/\/tibladin.dk\/de\/wp-json\/wp\/v2\/product_tag?post=4647"}],"curies":[{"name":"wp","href":"https:\/\/api.w.org\/{rel}","templated":true}]}}