{"id":4732,"date":"2022-11-07T08:47:38","date_gmt":"2022-11-07T07:47:38","guid":{"rendered":"https:\/\/tibladin.dk\/?post_type=product&#038;p=4732"},"modified":"2024-12-09T14:18:27","modified_gmt":"2024-12-09T13:18:27","slug":"teddybarkorb-aus-naturgeflecht","status":"publish","type":"product","link":"https:\/\/tibladin.dk\/de\/produkt\/bamsekurv-i-naturflet\/","title":{"rendered":"Teddyb\u00e4rkorb aus Naturgeflecht"},"content":{"rendered":"<div class=\"wpb-content-wrapper\"><div class=\"vc_row wpb_row vc_row-fluid\"><div class=\"wpb_column vc_column_container vc_col-sm-4\"><div class=\"vc_column-inner\"><div class=\"wpb_wrapper\"><\/div><\/div><\/div><div class=\"wpb_column vc_column_container vc_col-sm-4\"><div class=\"vc_column-inner\"><div class=\"wpb_wrapper\"><h3 style=\"text-align: left\" class=\"vc_custom_heading vc_do_custom_heading\" >Wartung<\/h3>\n\t<div class=\"wpb_text_column wpb_content_element\" >\n\t\t<div class=\"wpb_wrapper\">\n\t\t\t<p>Zum Reinigen ist es am einfachsten, ihn vorsichtig abzusaugen.<\/p>\n\n\t\t<\/div>\n\t<\/div>\n<\/div><\/div><\/div><div class=\"wpb_column vc_column_container vc_col-sm-4\"><div class=\"vc_column-inner\"><div class=\"wpb_wrapper\"><h3 style=\"text-align: left\" class=\"vc_custom_heading vc_do_custom_heading\" >Die Geschichte dahinter<\/h3>\n\t<div class=\"wpb_text_column wpb_content_element\" >\n\t\t<div class=\"wpb_wrapper\">\n\t\t\t<p>Dieser dekorative Korb kann f\u00fcr G\u00e4stehandt\u00fccher im Badezimmer, zus\u00e4tzliches Toilettenpapier oder im Zimmer als Papierkorb oder zum Stricken verwendet werden. Die M\u00f6glichkeiten sind vielf\u00e4ltig.<\/p>\n<p>Die K\u00f6rbe sind handgefertigt aus Naturbast und stammen von einem Familienunternehmen in Marrakesch, das sich auf Korbwaren spezialisiert hat und dies bereits seit Generationen tut. Da die K\u00f6rbe handgefertigt sind, variieren sie geringf\u00fcgig in Gr\u00f6\u00dfe und Breite, was dem Produkt nur einen gewissen Charme verleiht.<\/p>\n\n\t\t<\/div>\n\t<\/div>\n<\/div><\/div><\/div><\/div>\n<\/div>","protected":false},"excerpt":{"rendered":"<p>Feine handgefertigte K\u00f6rbe mit einem niedlichen Teddyb\u00e4rgesicht mit geschlossenen Augen aus Rattangeflecht. Die K\u00f6rbe sind in drei verschiedenen Gr\u00f6\u00dfen erh\u00e4ltlich und haben alle ein s\u00fc\u00dfes Teddyb\u00e4rmuster mit feinen Ohren auf der Oberseite. Die s\u00fc\u00dfen Ohren dienen der Dekoration und verleihen dem kuscheligen Teddyb\u00e4ren zus\u00e4tzlichen Charakter.<\/p>\n<p>Gr\u00f6\u00dfe: S: 23 cm hoch und 23 cm im Durchmesser | M: 30 cm hoch und 30 cm im Durchmesser | L: 44 cm hoch und 44 cm Durchmesser<\/p>\n<p>Die K\u00f6rbe haben viele Verwendungsm\u00f6glichkeiten. Fehlt Ihnen im Bad Stauraum, zum Beispiel f\u00fcr kleine G\u00e4stehandt\u00fccher? Oder f\u00fcr das Kinderspielzeug? Sie k\u00f6nnen den Deckel auch abnehmen, dann haben Sie einen sch\u00f6nen T\u00f6pfchenversteck oder k\u00f6nnen ihn zum Stricken verwenden.<\/p>\n<p>Da das Produkt vor Ort in Marokko handgefertigt wird, k\u00f6nnen die Gr\u00f6\u00dfen in H\u00f6he und Breite leicht variieren.<\/p>","protected":false},"featured_media":4861,"template":"","meta":{"inline_featured_image":false},"product_brand":[],"product_cat":[55,51],"product_tag":[],"class_list":{"0":"post-4732","1":"product","2":"type-product","3":"status-publish","4":"has-post-thumbnail","6":"product_cat-kurve","7":"product_cat-opbevaring","9":"first","10":"instock","11":"taxable","12":"shipping-taxable","13":"purchasable","14":"product-type-variable"},"exclude_global_add_ons":[],"addons":[],"yoast_head":"<!-- This site is optimized with the Yoast SEO plugin v27.5 - https:\/\/yoast.com\/product\/yoast-seo-wordpress\/ -->\n<title>Bamsekurv kurv i naturflet | f\u00e5es i 3 forskellige st\u00f8rrelser |Tibladin<\/title>\n<meta name=\"description\" content=\"Fin h\u00e5ndlavet kurv med bamsem\u00f8nster i rattan flet med \u00f8rer p\u00e5 l\u00e5get. F\u00e5es i tre forskellige st\u00f8rrelser. S\u00e5 fine til eksempelvis b\u00f8rnev\u00e6relset. Se dem her!\" \/>\n<meta name=\"robots\" content=\"index, follow, max-snippet:-1, max-image-preview:large, max-video-preview:-1\" \/>\n<link rel=\"canonical\" href=\"https:\/\/tibladin.dk\/de\/produkt\/teddybarkorb-aus-naturgeflecht\/\" \/>\n<meta property=\"og:locale\" content=\"de_DE\" \/>\n<meta property=\"og:type\" content=\"article\" \/>\n<meta property=\"og:title\" content=\"Bamsekurv kurv i naturflet | f\u00e5es i 3 forskellige st\u00f8rrelser |Tibladin\" \/>\n<meta property=\"og:description\" content=\"Fin h\u00e5ndlavet kurv med bamsem\u00f8nster i rattan flet med \u00f8rer p\u00e5 l\u00e5get. F\u00e5es i tre forskellige st\u00f8rrelser. S\u00e5 fine til eksempelvis b\u00f8rnev\u00e6relset. Se dem her!\" \/>\n<meta property=\"og:url\" content=\"https:\/\/tibladin.dk\/de\/produkt\/teddybarkorb-aus-naturgeflecht\/\" \/>\n<meta property=\"og:site_name\" content=\"Tibladin\" \/>\n<meta property=\"article:modified_time\" content=\"2024-12-09T13:18:27+00:00\" \/>\n<meta property=\"og:image\" content=\"https:\/\/tibladin.dk\/wp-content\/uploads\/2022\/11\/Bamsekurv-3-stk.jpg\" \/>\n\t<meta property=\"og:image:width\" content=\"800\" \/>\n\t<meta property=\"og:image:height\" content=\"800\" \/>\n\t<meta property=\"og:image:type\" content=\"image\/jpeg\" \/>\n<meta name=\"twitter:card\" content=\"summary_large_image\" \/>\n<meta name=\"twitter:label1\" content=\"Gesch\u00e4tzte Lesezeit\" \/>\n\t<meta name=\"twitter:data1\" content=\"1\u00a0Minute\" \/>\n<script type=\"application\/ld+json\" class=\"yoast-schema-graph\">{\"@context\":\"https:\\\/\\\/schema.org\",\"@graph\":[{\"@type\":\"WebPage\",\"@id\":\"https:\\\/\\\/tibladin.dk\\\/produkt\\\/bamsekurv-i-naturflet\\\/\",\"url\":\"https:\\\/\\\/tibladin.dk\\\/produkt\\\/bamsekurv-i-naturflet\\\/\",\"name\":\"Bamsekurv kurv i naturflet | f\u00e5es i 3 forskellige st\u00f8rrelser |Tibladin\",\"isPartOf\":{\"@id\":\"https:\\\/\\\/tibladin.dk\\\/#website\"},\"primaryImageOfPage\":{\"@id\":\"https:\\\/\\\/tibladin.dk\\\/produkt\\\/bamsekurv-i-naturflet\\\/#primaryimage\"},\"image\":{\"@id\":\"https:\\\/\\\/tibladin.dk\\\/produkt\\\/bamsekurv-i-naturflet\\\/#primaryimage\"},\"thumbnailUrl\":\"https:\\\/\\\/tibladin.dk\\\/wp-content\\\/uploads\\\/2022\\\/11\\\/Bamsekurv-3-stk.jpg\",\"datePublished\":\"2022-11-07T07:47:38+00:00\",\"dateModified\":\"2024-12-09T13:18:27+00:00\",\"description\":\"Fin h\u00e5ndlavet kurv med bamsem\u00f8nster i rattan flet med \u00f8rer p\u00e5 l\u00e5get. F\u00e5es i tre forskellige st\u00f8rrelser. S\u00e5 fine til eksempelvis b\u00f8rnev\u00e6relset. Se dem her!\",\"breadcrumb\":{\"@id\":\"https:\\\/\\\/tibladin.dk\\\/produkt\\\/bamsekurv-i-naturflet\\\/#breadcrumb\"},\"inLanguage\":\"de\",\"potentialAction\":[{\"@type\":\"ReadAction\",\"target\":[\"https:\\\/\\\/tibladin.dk\\\/produkt\\\/bamsekurv-i-naturflet\\\/\"]}]},{\"@type\":\"ImageObject\",\"inLanguage\":\"de\",\"@id\":\"https:\\\/\\\/tibladin.dk\\\/produkt\\\/bamsekurv-i-naturflet\\\/#primaryimage\",\"url\":\"https:\\\/\\\/tibladin.dk\\\/wp-content\\\/uploads\\\/2022\\\/11\\\/Bamsekurv-3-stk.jpg\",\"contentUrl\":\"https:\\\/\\\/tibladin.dk\\\/wp-content\\\/uploads\\\/2022\\\/11\\\/Bamsekurv-3-stk.jpg\",\"width\":800,\"height\":800,\"caption\":\"bamsekurv i naturflet\"},{\"@type\":\"BreadcrumbList\",\"@id\":\"https:\\\/\\\/tibladin.dk\\\/produkt\\\/bamsekurv-i-naturflet\\\/#breadcrumb\",\"itemListElement\":[{\"@type\":\"ListItem\",\"position\":1,\"name\":\"Hjem\",\"item\":\"https:\\\/\\\/tibladin.dk\\\/\"},{\"@type\":\"ListItem\",\"position\":2,\"name\":\"Shop\",\"item\":\"https:\\\/\\\/tibladin.dk\\\/shop\\\/\"},{\"@type\":\"ListItem\",\"position\":3,\"name\":\"Bamsekurv i naturflet\"}]},{\"@type\":\"WebSite\",\"@id\":\"https:\\\/\\\/tibladin.dk\\\/#website\",\"url\":\"https:\\\/\\\/tibladin.dk\\\/\",\"name\":\"Tibladin\",\"description\":\"Tibladin\",\"publisher\":{\"@id\":\"https:\\\/\\\/tibladin.dk\\\/#organization\"},\"potentialAction\":[{\"@type\":\"SearchAction\",\"target\":{\"@type\":\"EntryPoint\",\"urlTemplate\":\"https:\\\/\\\/tibladin.dk\\\/?s={search_term_string}\"},\"query-input\":{\"@type\":\"PropertyValueSpecification\",\"valueRequired\":true,\"valueName\":\"search_term_string\"}}],\"inLanguage\":\"de\"},{\"@type\":\"Organization\",\"@id\":\"https:\\\/\\\/tibladin.dk\\\/#organization\",\"name\":\"Tibladin\",\"url\":\"https:\\\/\\\/tibladin.dk\\\/\",\"logo\":{\"@type\":\"ImageObject\",\"inLanguage\":\"de\",\"@id\":\"https:\\\/\\\/tibladin.dk\\\/#\\\/schema\\\/logo\\\/image\\\/\",\"url\":\"https:\\\/\\\/tibladin.dk\\\/wp-content\\\/uploads\\\/2022\\\/09\\\/tibladin_logo.svg\",\"contentUrl\":\"https:\\\/\\\/tibladin.dk\\\/wp-content\\\/uploads\\\/2022\\\/09\\\/tibladin_logo.svg\",\"caption\":\"Tibladin\"},\"image\":{\"@id\":\"https:\\\/\\\/tibladin.dk\\\/#\\\/schema\\\/logo\\\/image\\\/\"}}]}<\/script>\n<!-- \/ Yoast SEO plugin. -->","yoast_head_json":{"title":"Teddyb\u00e4r-Korb aus Naturgeflecht | erh\u00e4ltlich in 3 verschiedenen Gr\u00f6\u00dfen |Tibladin","description":"Feiner handgefertigter Korb mit Teddyb\u00e4rmuster aus Rattangeflecht mit Ohren auf dem Deckel. Erh\u00e4ltlich in drei verschiedenen Gr\u00f6\u00dfen. So sch\u00f6n zum Beispiel f\u00fcr das Kinderzimmer. Sehen Sie sie hier!","robots":{"index":"index","follow":"follow","max-snippet":"max-snippet:-1","max-image-preview":"max-image-preview:large","max-video-preview":"max-video-preview:-1"},"canonical":"https:\/\/tibladin.dk\/de\/produkt\/teddybarkorb-aus-naturgeflecht\/","og_locale":"de_DE","og_type":"article","og_title":"Bamsekurv kurv i naturflet | f\u00e5es i 3 forskellige st\u00f8rrelser |Tibladin","og_description":"Fin h\u00e5ndlavet kurv med bamsem\u00f8nster i rattan flet med \u00f8rer p\u00e5 l\u00e5get. F\u00e5es i tre forskellige st\u00f8rrelser. S\u00e5 fine til eksempelvis b\u00f8rnev\u00e6relset. Se dem her!","og_url":"https:\/\/tibladin.dk\/de\/produkt\/teddybarkorb-aus-naturgeflecht\/","og_site_name":"Tibladin","article_modified_time":"2024-12-09T13:18:27+00:00","og_image":[{"width":800,"height":800,"url":"https:\/\/tibladin.dk\/wp-content\/uploads\/2022\/11\/Bamsekurv-3-stk.jpg","type":"image\/jpeg"}],"twitter_card":"summary_large_image","twitter_misc":{"Gesch\u00e4tzte Lesezeit":"1\u00a0Minute"},"schema":{"@context":"https:\/\/schema.org","@graph":[{"@type":"WebPage","@id":"https:\/\/tibladin.dk\/produkt\/bamsekurv-i-naturflet\/","url":"https:\/\/tibladin.dk\/produkt\/bamsekurv-i-naturflet\/","name":"Teddyb\u00e4r-Korb aus Naturgeflecht | erh\u00e4ltlich in 3 verschiedenen Gr\u00f6\u00dfen |Tibladin","isPartOf":{"@id":"https:\/\/tibladin.dk\/#website"},"primaryImageOfPage":{"@id":"https:\/\/tibladin.dk\/produkt\/bamsekurv-i-naturflet\/#primaryimage"},"image":{"@id":"https:\/\/tibladin.dk\/produkt\/bamsekurv-i-naturflet\/#primaryimage"},"thumbnailUrl":"https:\/\/tibladin.dk\/wp-content\/uploads\/2022\/11\/Bamsekurv-3-stk.jpg","datePublished":"2022-11-07T07:47:38+00:00","dateModified":"2024-12-09T13:18:27+00:00","description":"Feiner handgefertigter Korb mit Teddyb\u00e4rmuster aus Rattangeflecht mit Ohren auf dem Deckel. Erh\u00e4ltlich in drei verschiedenen Gr\u00f6\u00dfen. So sch\u00f6n zum Beispiel f\u00fcr das Kinderzimmer. Sehen Sie sie hier!","breadcrumb":{"@id":"https:\/\/tibladin.dk\/produkt\/bamsekurv-i-naturflet\/#breadcrumb"},"inLanguage":"de","potentialAction":[{"@type":"ReadAction","target":["https:\/\/tibladin.dk\/produkt\/bamsekurv-i-naturflet\/"]}]},{"@type":"ImageObject","inLanguage":"de","@id":"https:\/\/tibladin.dk\/produkt\/bamsekurv-i-naturflet\/#primaryimage","url":"https:\/\/tibladin.dk\/wp-content\/uploads\/2022\/11\/Bamsekurv-3-stk.jpg","contentUrl":"https:\/\/tibladin.dk\/wp-content\/uploads\/2022\/11\/Bamsekurv-3-stk.jpg","width":800,"height":800,"caption":"bamsekurv i naturflet"},{"@type":"BreadcrumbList","@id":"https:\/\/tibladin.dk\/produkt\/bamsekurv-i-naturflet\/#breadcrumb","itemListElement":[{"@type":"ListItem","position":1,"name":"Hjem","item":"https:\/\/tibladin.dk\/"},{"@type":"ListItem","position":2,"name":"Shop","item":"https:\/\/tibladin.dk\/shop\/"},{"@type":"ListItem","position":3,"name":"Bamsekurv i naturflet"}]},{"@type":"WebSite","@id":"https:\/\/tibladin.dk\/#website","url":"https:\/\/tibladin.dk\/","name":"Tibladin","description":"Tibladin","publisher":{"@id":"https:\/\/tibladin.dk\/#organization"},"potentialAction":[{"@type":"SearchAction","target":{"@type":"EntryPoint","urlTemplate":"https:\/\/tibladin.dk\/?s={search_term_string}"},"query-input":{"@type":"PropertyValueSpecification","valueRequired":true,"valueName":"search_term_string"}}],"inLanguage":"de"},{"@type":"Organization","@id":"https:\/\/tibladin.dk\/#organization","name":"Tibladin","url":"https:\/\/tibladin.dk\/","logo":{"@type":"ImageObject","inLanguage":"de","@id":"https:\/\/tibladin.dk\/#\/schema\/logo\/image\/","url":"https:\/\/tibladin.dk\/wp-content\/uploads\/2022\/09\/tibladin_logo.svg","contentUrl":"https:\/\/tibladin.dk\/wp-content\/uploads\/2022\/09\/tibladin_logo.svg","caption":"Tibladin"},"image":{"@id":"https:\/\/tibladin.dk\/#\/schema\/logo\/image\/"}}]}},"_links":{"self":[{"href":"https:\/\/tibladin.dk\/de\/wp-json\/wp\/v2\/product\/4732","targetHints":{"allow":["GET"]}}],"collection":[{"href":"https:\/\/tibladin.dk\/de\/wp-json\/wp\/v2\/product"}],"about":[{"href":"https:\/\/tibladin.dk\/de\/wp-json\/wp\/v2\/types\/product"}],"wp:featuredmedia":[{"embeddable":true,"href":"https:\/\/tibladin.dk\/de\/wp-json\/wp\/v2\/media\/4861"}],"wp:attachment":[{"href":"https:\/\/tibladin.dk\/de\/wp-json\/wp\/v2\/media?parent=4732"}],"wp:term":[{"taxonomy":"product_brand","embeddable":true,"href":"https:\/\/tibladin.dk\/de\/wp-json\/wp\/v2\/product_brand?post=4732"},{"taxonomy":"product_cat","embeddable":true,"href":"https:\/\/tibladin.dk\/de\/wp-json\/wp\/v2\/product_cat?post=4732"},{"taxonomy":"product_tag","embeddable":true,"href":"https:\/\/tibladin.dk\/de\/wp-json\/wp\/v2\/product_tag?post=4732"}],"curies":[{"name":"wp","href":"https:\/\/api.w.org\/{rel}","templated":true}]}}