{"id":4738,"date":"2022-11-07T09:05:10","date_gmt":"2022-11-07T08:05:10","guid":{"rendered":"https:\/\/tibladin.dk\/?post_type=product&#038;p=4738"},"modified":"2026-03-11T16:07:10","modified_gmt":"2026-03-11T15:07:10","slug":"mini-wohnzimmerstuhl","status":"publish","type":"product","link":"https:\/\/tibladin.dk\/de\/produkt\/mini-boernestol\/","title":{"rendered":"Mini-Kinderstuhl"},"content":{"rendered":"<div class=\"wpb-content-wrapper\"><div class=\"vc_row wpb_row vc_row-fluid\"><div class=\"wpb_column vc_column_container vc_col-sm-4\"><div class=\"vc_column-inner\"><div class=\"wpb_wrapper\"><\/div><\/div><\/div><div class=\"wpb_column vc_column_container vc_col-sm-4\"><div class=\"vc_column-inner\"><div class=\"wpb_wrapper\"><h3 style=\"text-align: left\" class=\"vc_custom_heading vc_do_custom_heading\" >Wartung<\/h3>\n\t<div class=\"wpb_text_column wpb_content_element\" >\n\t\t<div class=\"wpb_wrapper\">\n\t\t\t<p>Die St\u00fchle k\u00f6nnen gesaugt werden. Sollte ein Fleck entstehen, kann dieser mit einem kr\u00e4ftig ausgewrungenen Tuch entfernt werden<\/p>\n\n\t\t<\/div>\n\t<\/div>\n<\/div><\/div><\/div><div class=\"wpb_column vc_column_container vc_col-sm-4\"><div class=\"vc_column-inner\"><div class=\"wpb_wrapper\"><h3 style=\"text-align: left\" class=\"vc_custom_heading vc_do_custom_heading\" >Die Geschichte dahinter<\/h3>\n\t<div class=\"wpb_text_column wpb_content_element\" >\n\t\t<div class=\"wpb_wrapper\">\n\t\t\t<p><span style=\"font-weight: 400;\">Die langen und kleinen Hocker sind eine einfache und wirkungsvolle M\u00f6glichkeit, Ihrem Interieur eine exotische und pers\u00f6nliche Note zu verleihen. Sie bringen Leben, W\u00e4rme und Abwechslung in Ihre vier W\u00e4nde und sind kleine Kunstwerke f\u00fcr Ihr Zuhause. Jeder Hocker ist handgefertigt und ein Unikat. Materialien und Farben w\u00e4hle ich mit gr\u00f6\u00dfter Sorgfalt aus. So biete ich beispielsweise Holzhocker mit geflochtenen Kordeln in erlesenen Farbt\u00f6nen an, die zusammen einen eleganten, unkonventionellen Stil ergeben. Wir bieten eine Vielzahl verschiedener Hocker an, jeder mit seinem ganz eigenen Charme.\u00a0<\/span><\/p>\n<p data-start=\"143\" data-end=\"626\">Die mit Leder bezogenen Hocker verleihen dem Raum W\u00e4rme, Gewicht und eine exklusive Note, die mit der Zeit durch die Patina des Materials und die Entwicklung einer einzigartigen Optik noch an Sch\u00f6nheit gewinnt. Das Naturleder bildet einen sch\u00f6nen Kontrast zur hellen Holzoberfl\u00e4che und verleiht dem Hocker ein zeitlos elegantes Aussehen.<\/p>\n<p data-start=\"628\" data-end=\"1086\">F\u00fcr einen leichteren und grafischeren Look sind die Hocker mit Kordelgeflecht ideal. Die robusten Kordeln werden in wundersch\u00f6nen Mustern und ausgew\u00e4hlten Farben von Hand geflochten und verleihen dem Raum Lebendigkeit, Pers\u00f6nlichkeit und einen Hauch von Boh\u00e8me. Dank der Kombination aus Farben, Mustern und Materialien finden Sie garantiert einen Hocker, der sich harmonisch in Ihre Einrichtung einf\u00fcgt oder als markantes Designelement dient.<\/p>\n<p><span style=\"font-weight: 400;\">Die runden Hocker sind aus Holz gefertigt, und ein besonderes, charmantes Detail ist die Verwendung eines recycelten Reifens f\u00fcr die Sitzfl\u00e4che. Diese originelle und kreative L\u00f6sung verleiht den M\u00f6beln eine unerwartete Geschichte und einen modernen Touch. Was zuvor einem ganz anderen Zweck diente, erh\u00e4lt so neues Leben und eine neue Funktion im Zuhause \u2013 aus Industrieabfall wird ein \u00e4sthetisches und funktionales M\u00f6belst\u00fcck. Diese Transformation verleiht dem Hocker Charakter und macht ihn zu einem Blickfang, der Neugier und Begeisterung weckt.<\/span><\/p>\n<p><span style=\"font-weight: 400;\">Gleichzeitig ist die Verwendung von Reifen eine \u00fcberzeugende und nachhaltige Wahl. Reifen sind in der Regel schwer zu recyceln und landen oft als umweltsch\u00e4dlicher Abfall. Durch ihr Recycling in der M\u00f6belproduktion wird die Lebensdauer des Materials deutlich verl\u00e4ngert und der Bedarf an neuen Rohstoffen reduziert. Die Kombination aus Recycling, handwerklicher Verarbeitung und \u00c4sthetik zeigt, wie Nachhaltigkeit und Design Hand in Hand gehen k\u00f6nnen, ohne Kompromisse bei Qualit\u00e4t oder Ausdruck einzugehen.<\/span><\/p>\n<p><span style=\"font-weight: 400;\">Die Verwendung eines Reifens als Basis f\u00fcr das Flechtwerk sorgt f\u00fcr einen robusten und langlebigen Kern und macht den Hocker alltagstauglich. Dies unterstreicht Tibladins Vision, M\u00f6bel zu schaffen, die nicht nur sch\u00f6n, sondern auch verantwortungsvoll sind \u2013 M\u00f6bel mit Seele, Geschichte und R\u00fccksichtnahme auf Mensch und Umwelt.<br \/>\n<\/span><\/p>\n<p data-start=\"107\" data-end=\"425\">Die aus Rattan geflochtenen Hocker strahlen Leichtigkeit, Nat\u00fcrlichkeit und echte Handwerkskunst aus. Rattan ist ein flexibles und robustes Naturmaterial, das von Hand geflochten wird. So entstehen wundersch\u00f6ne, harmonische Muster mit kleinen Variationen, die jeden Hocker zu einem Unikat machen. Die geflochtene Sitzfl\u00e4che verleiht dem Raum eine leichte und luftige Optik und sorgt f\u00fcr W\u00e4rme und Ruhe.<\/p>\n<p data-start=\"427\" data-end=\"691\">Rattan ist zudem eine nachhaltige Wahl, da es schnell nachw\u00e4chst und schonend geerntet werden kann. Zusammen mit der nat\u00fcrlichen Struktur des Holzes ergibt sich ein zeitloser und langlebiger Hocker, der sowohl als praktischer Sitzplatz als auch als dekoratives Element im Zuhause dient.<\/p>\n<p><span style=\"font-weight: 400;\">Die Hocker werden von Frauen in einer Kooperative s\u00fcdlich von Marrakesch handgefertigt. Die Kooperative besch\u00e4ftigt rund 160 Frauen und tr\u00e4gt ma\u00dfgeblich zur Verbesserung der Lebensbedingungen vieler Familien in dem kleinen Dorf bei. Mit dem Kauf dieses Hockers erwerben Sie nicht nur ein sch\u00f6nes und funktionales M\u00f6belst\u00fcck, sondern unterst\u00fctzen auch traditionelles Handwerk, nachhaltige Produktion und die wirtschaftliche Unabh\u00e4ngigkeit von Frauen.<\/span><\/p>\n<p>Die niedlichen Kinderst\u00fchle sind bei den Kleinen im Kinderzimmer sehr beliebt. Ein M\u00f6belst\u00fcck in Kinderh\u00f6he, das an das Kind angepasst ist \u2013 so hat jedes Kind sein eigenes kleines M\u00f6belst\u00fcck. Sie eignen sich auch hervorragend als Miniaturm\u00f6bel f\u00fcr die Wohnung.\u00a0<\/p>\n\n\t\t<\/div>\n\t<\/div>\n<\/div><\/div><\/div><\/div>\n<\/div>","protected":false},"excerpt":{"rendered":"<p class=\"p1\"><span class=\"s1\">S\u00fc\u00dfer Boheme-Mini-Kinderstuhl mit weichem Boucherouite-Kordelgeflecht. Erh\u00e4ltlich in zehn verschiedenen Farben. Sie k\u00f6nnen in der Gr\u00f6\u00dfe leicht variieren.<\/span><\/p>\n<p class=\"p1\"><span class=\"s1\">Ein leichtes M\u00f6belst\u00fcck, das Ihrem Interieur einen pers\u00f6nlichen Ausdruck verleiht. Passt z.B. gut im Schlafzimmer, im Flur und im Badezimmer.<\/span><\/p>\n<p>Die Seitenh\u00f6he betr\u00e4gt 22 cm. Geeignet f\u00fcr Kinder von 1 bis 6 Jahren.<\/p>","protected":false},"featured_media":5282,"template":"","meta":{"inline_featured_image":false},"product_brand":[],"product_cat":[49],"product_tag":[],"class_list":{"0":"post-4738","1":"product","2":"type-product","3":"status-publish","4":"has-post-thumbnail","6":"product_cat-skamler","8":"first","9":"instock","10":"taxable","11":"shipping-taxable","12":"purchasable","13":"product-type-variable"},"exclude_global_add_ons":[],"addons":[],"yoast_head":"<!-- This site is optimized with the Yoast SEO plugin v27.4 - https:\/\/yoast.com\/product\/yoast-seo-wordpress\/ -->\n<title>Mini b\u00f8rnestol - Tibladin<\/title>\n<meta name=\"description\" content=\"Fin mini b\u00f8rnestol med s\u00e6de af bl\u00f8dt boucherouite snorflet. Rigtig god til b\u00f8rnev\u00e6relset. Stort udvalg af forskellige skamler og b\u00e6nke\" \/>\n<meta name=\"robots\" content=\"index, follow, max-snippet:-1, max-image-preview:large, max-video-preview:-1\" \/>\n<link rel=\"canonical\" href=\"https:\/\/tibladin.dk\/de\/produkt\/mini-wohnzimmerstuhl\/\" \/>\n<meta property=\"og:locale\" content=\"de_DE\" \/>\n<meta property=\"og:type\" content=\"article\" \/>\n<meta property=\"og:title\" content=\"Mini b\u00f8rnestol - Tibladin\" \/>\n<meta property=\"og:description\" content=\"Fin mini b\u00f8rnestol med s\u00e6de af bl\u00f8dt boucherouite snorflet. Rigtig god til b\u00f8rnev\u00e6relset. Stort udvalg af forskellige skamler og b\u00e6nke\" \/>\n<meta property=\"og:url\" content=\"https:\/\/tibladin.dk\/de\/produkt\/mini-wohnzimmerstuhl\/\" \/>\n<meta property=\"og:site_name\" content=\"Tibladin\" \/>\n<meta property=\"article:modified_time\" content=\"2026-03-11T15:07:10+00:00\" \/>\n<meta property=\"og:image\" content=\"https:\/\/tibladin.dk\/wp-content\/uploads\/2022\/11\/Boernestol-motiv-7.jpg\" \/>\n\t<meta property=\"og:image:width\" content=\"800\" \/>\n\t<meta property=\"og:image:height\" content=\"800\" \/>\n\t<meta property=\"og:image:type\" content=\"image\/jpeg\" \/>\n<meta name=\"twitter:card\" content=\"summary_large_image\" \/>\n<meta name=\"twitter:label1\" content=\"Gesch\u00e4tzte Lesezeit\" \/>\n\t<meta name=\"twitter:data1\" content=\"2\u00a0Minuten\" \/>\n<script type=\"application\/ld+json\" class=\"yoast-schema-graph\">{\"@context\":\"https:\\\/\\\/schema.org\",\"@graph\":[{\"@type\":\"WebPage\",\"@id\":\"https:\\\/\\\/tibladin.dk\\\/produkt\\\/mini-boernestol\\\/\",\"url\":\"https:\\\/\\\/tibladin.dk\\\/produkt\\\/mini-boernestol\\\/\",\"name\":\"Mini b\u00f8rnestol - Tibladin\",\"isPartOf\":{\"@id\":\"https:\\\/\\\/tibladin.dk\\\/#website\"},\"primaryImageOfPage\":{\"@id\":\"https:\\\/\\\/tibladin.dk\\\/produkt\\\/mini-boernestol\\\/#primaryimage\"},\"image\":{\"@id\":\"https:\\\/\\\/tibladin.dk\\\/produkt\\\/mini-boernestol\\\/#primaryimage\"},\"thumbnailUrl\":\"https:\\\/\\\/tibladin.dk\\\/wp-content\\\/uploads\\\/2022\\\/11\\\/Boernestol-motiv-7.jpg\",\"datePublished\":\"2022-11-07T08:05:10+00:00\",\"dateModified\":\"2026-03-11T15:07:10+00:00\",\"description\":\"Fin mini b\u00f8rnestol med s\u00e6de af bl\u00f8dt boucherouite snorflet. Rigtig god til b\u00f8rnev\u00e6relset. Stort udvalg af forskellige skamler og b\u00e6nke\",\"breadcrumb\":{\"@id\":\"https:\\\/\\\/tibladin.dk\\\/produkt\\\/mini-boernestol\\\/#breadcrumb\"},\"inLanguage\":\"de\",\"potentialAction\":[{\"@type\":\"ReadAction\",\"target\":[\"https:\\\/\\\/tibladin.dk\\\/produkt\\\/mini-boernestol\\\/\"]}]},{\"@type\":\"ImageObject\",\"inLanguage\":\"de\",\"@id\":\"https:\\\/\\\/tibladin.dk\\\/produkt\\\/mini-boernestol\\\/#primaryimage\",\"url\":\"https:\\\/\\\/tibladin.dk\\\/wp-content\\\/uploads\\\/2022\\\/11\\\/Boernestol-motiv-7.jpg\",\"contentUrl\":\"https:\\\/\\\/tibladin.dk\\\/wp-content\\\/uploads\\\/2022\\\/11\\\/Boernestol-motiv-7.jpg\",\"width\":800,\"height\":800,\"caption\":\"B\u00f8rnestol i snorflet\"},{\"@type\":\"BreadcrumbList\",\"@id\":\"https:\\\/\\\/tibladin.dk\\\/produkt\\\/mini-boernestol\\\/#breadcrumb\",\"itemListElement\":[{\"@type\":\"ListItem\",\"position\":1,\"name\":\"Hjem\",\"item\":\"https:\\\/\\\/tibladin.dk\\\/\"},{\"@type\":\"ListItem\",\"position\":2,\"name\":\"Shop\",\"item\":\"https:\\\/\\\/tibladin.dk\\\/shop\\\/\"},{\"@type\":\"ListItem\",\"position\":3,\"name\":\"Mini b\u00f8rnestol\"}]},{\"@type\":\"WebSite\",\"@id\":\"https:\\\/\\\/tibladin.dk\\\/#website\",\"url\":\"https:\\\/\\\/tibladin.dk\\\/\",\"name\":\"Tibladin\",\"description\":\"Tibladin\",\"publisher\":{\"@id\":\"https:\\\/\\\/tibladin.dk\\\/#organization\"},\"potentialAction\":[{\"@type\":\"SearchAction\",\"target\":{\"@type\":\"EntryPoint\",\"urlTemplate\":\"https:\\\/\\\/tibladin.dk\\\/?s={search_term_string}\"},\"query-input\":{\"@type\":\"PropertyValueSpecification\",\"valueRequired\":true,\"valueName\":\"search_term_string\"}}],\"inLanguage\":\"de\"},{\"@type\":\"Organization\",\"@id\":\"https:\\\/\\\/tibladin.dk\\\/#organization\",\"name\":\"Tibladin\",\"url\":\"https:\\\/\\\/tibladin.dk\\\/\",\"logo\":{\"@type\":\"ImageObject\",\"inLanguage\":\"de\",\"@id\":\"https:\\\/\\\/tibladin.dk\\\/#\\\/schema\\\/logo\\\/image\\\/\",\"url\":\"https:\\\/\\\/tibladin.dk\\\/wp-content\\\/uploads\\\/2022\\\/09\\\/tibladin_logo.svg\",\"contentUrl\":\"https:\\\/\\\/tibladin.dk\\\/wp-content\\\/uploads\\\/2022\\\/09\\\/tibladin_logo.svg\",\"caption\":\"Tibladin\"},\"image\":{\"@id\":\"https:\\\/\\\/tibladin.dk\\\/#\\\/schema\\\/logo\\\/image\\\/\"}}]}<\/script>\n<!-- \/ Yoast SEO plugin. -->","yoast_head_json":{"title":"Mini-Kinderstuhl - Tibladin","description":"Feiner Mini-Kinderstuhl mit Sitz aus weichem Boucherouite-Kordelgeflecht. Wirklich gut f\u00fcr das Kinderzimmer. Gro\u00dfe Auswahl an verschiedenen Hockern und B\u00e4nken","robots":{"index":"index","follow":"follow","max-snippet":"max-snippet:-1","max-image-preview":"max-image-preview:large","max-video-preview":"max-video-preview:-1"},"canonical":"https:\/\/tibladin.dk\/de\/produkt\/mini-wohnzimmerstuhl\/","og_locale":"de_DE","og_type":"article","og_title":"Mini b\u00f8rnestol - Tibladin","og_description":"Fin mini b\u00f8rnestol med s\u00e6de af bl\u00f8dt boucherouite snorflet. Rigtig god til b\u00f8rnev\u00e6relset. Stort udvalg af forskellige skamler og b\u00e6nke","og_url":"https:\/\/tibladin.dk\/de\/produkt\/mini-wohnzimmerstuhl\/","og_site_name":"Tibladin","article_modified_time":"2026-03-11T15:07:10+00:00","og_image":[{"width":800,"height":800,"url":"https:\/\/tibladin.dk\/wp-content\/uploads\/2022\/11\/Boernestol-motiv-7.jpg","type":"image\/jpeg"}],"twitter_card":"summary_large_image","twitter_misc":{"Gesch\u00e4tzte Lesezeit":"2\u00a0Minuten"},"schema":{"@context":"https:\/\/schema.org","@graph":[{"@type":"WebPage","@id":"https:\/\/tibladin.dk\/produkt\/mini-boernestol\/","url":"https:\/\/tibladin.dk\/produkt\/mini-boernestol\/","name":"Mini-Kinderstuhl - Tibladin","isPartOf":{"@id":"https:\/\/tibladin.dk\/#website"},"primaryImageOfPage":{"@id":"https:\/\/tibladin.dk\/produkt\/mini-boernestol\/#primaryimage"},"image":{"@id":"https:\/\/tibladin.dk\/produkt\/mini-boernestol\/#primaryimage"},"thumbnailUrl":"https:\/\/tibladin.dk\/wp-content\/uploads\/2022\/11\/Boernestol-motiv-7.jpg","datePublished":"2022-11-07T08:05:10+00:00","dateModified":"2026-03-11T15:07:10+00:00","description":"Feiner Mini-Kinderstuhl mit Sitz aus weichem Boucherouite-Kordelgeflecht. Wirklich gut f\u00fcr das Kinderzimmer. Gro\u00dfe Auswahl an verschiedenen Hockern und B\u00e4nken","breadcrumb":{"@id":"https:\/\/tibladin.dk\/produkt\/mini-boernestol\/#breadcrumb"},"inLanguage":"de","potentialAction":[{"@type":"ReadAction","target":["https:\/\/tibladin.dk\/produkt\/mini-boernestol\/"]}]},{"@type":"ImageObject","inLanguage":"de","@id":"https:\/\/tibladin.dk\/produkt\/mini-boernestol\/#primaryimage","url":"https:\/\/tibladin.dk\/wp-content\/uploads\/2022\/11\/Boernestol-motiv-7.jpg","contentUrl":"https:\/\/tibladin.dk\/wp-content\/uploads\/2022\/11\/Boernestol-motiv-7.jpg","width":800,"height":800,"caption":"B\u00f8rnestol i snorflet"},{"@type":"BreadcrumbList","@id":"https:\/\/tibladin.dk\/produkt\/mini-boernestol\/#breadcrumb","itemListElement":[{"@type":"ListItem","position":1,"name":"Hjem","item":"https:\/\/tibladin.dk\/"},{"@type":"ListItem","position":2,"name":"Shop","item":"https:\/\/tibladin.dk\/shop\/"},{"@type":"ListItem","position":3,"name":"Mini b\u00f8rnestol"}]},{"@type":"WebSite","@id":"https:\/\/tibladin.dk\/#website","url":"https:\/\/tibladin.dk\/","name":"Tibladin","description":"Tibladin","publisher":{"@id":"https:\/\/tibladin.dk\/#organization"},"potentialAction":[{"@type":"SearchAction","target":{"@type":"EntryPoint","urlTemplate":"https:\/\/tibladin.dk\/?s={search_term_string}"},"query-input":{"@type":"PropertyValueSpecification","valueRequired":true,"valueName":"search_term_string"}}],"inLanguage":"de"},{"@type":"Organization","@id":"https:\/\/tibladin.dk\/#organization","name":"Tibladin","url":"https:\/\/tibladin.dk\/","logo":{"@type":"ImageObject","inLanguage":"de","@id":"https:\/\/tibladin.dk\/#\/schema\/logo\/image\/","url":"https:\/\/tibladin.dk\/wp-content\/uploads\/2022\/09\/tibladin_logo.svg","contentUrl":"https:\/\/tibladin.dk\/wp-content\/uploads\/2022\/09\/tibladin_logo.svg","caption":"Tibladin"},"image":{"@id":"https:\/\/tibladin.dk\/#\/schema\/logo\/image\/"}}]}},"_links":{"self":[{"href":"https:\/\/tibladin.dk\/de\/wp-json\/wp\/v2\/product\/4738","targetHints":{"allow":["GET"]}}],"collection":[{"href":"https:\/\/tibladin.dk\/de\/wp-json\/wp\/v2\/product"}],"about":[{"href":"https:\/\/tibladin.dk\/de\/wp-json\/wp\/v2\/types\/product"}],"wp:featuredmedia":[{"embeddable":true,"href":"https:\/\/tibladin.dk\/de\/wp-json\/wp\/v2\/media\/5282"}],"wp:attachment":[{"href":"https:\/\/tibladin.dk\/de\/wp-json\/wp\/v2\/media?parent=4738"}],"wp:term":[{"taxonomy":"product_brand","embeddable":true,"href":"https:\/\/tibladin.dk\/de\/wp-json\/wp\/v2\/product_brand?post=4738"},{"taxonomy":"product_cat","embeddable":true,"href":"https:\/\/tibladin.dk\/de\/wp-json\/wp\/v2\/product_cat?post=4738"},{"taxonomy":"product_tag","embeddable":true,"href":"https:\/\/tibladin.dk\/de\/wp-json\/wp\/v2\/product_tag?post=4738"}],"curies":[{"name":"wp","href":"https:\/\/api.w.org\/{rel}","templated":true}]}}