{"id":474,"date":"2022-09-20T11:02:30","date_gmt":"2022-09-20T09:02:30","guid":{"rendered":"https:\/\/tibladin.dk\/?post_type=product&#038;p=474"},"modified":"2025-10-22T11:32:19","modified_gmt":"2025-10-22T09:32:19","slug":"hocker-aus-grauer-wolle","status":"publish","type":"product","link":"https:\/\/tibladin.dk\/de\/produkt\/puf-i-uld-graa\/","title":{"rendered":"Pouf aus Wolle \u2013 Grau"},"content":{"rendered":"<div class=\"wpb-content-wrapper\"><div class=\"vc_row wpb_row vc_row-fluid\"><div class=\"wpb_column vc_column_container vc_col-sm-4\"><div class=\"vc_column-inner\"><div class=\"wpb_wrapper\">\n\t<div class=\"wpb_video_widget wpb_content_element vc_clearfix   vc_video-aspect-ratio-43 vc_video-el-width-100 vc_video-align-left\" >\n\t\t<div class=\"wpb_wrapper\">\n\t\t\t\n\t\t\t<div class=\"wpb_video_wrapper\"><div class=\"video-container\"><iframe loading=\"lazy\" title=\"Frauenkooperative Marrakesch\" src=\"https:\/\/player.vimeo.com\/video\/416218536?dnt=1&amp;app_id=122963\" width=\"500\" height=\"281\" frameborder=\"0\" allow=\"autoplay; fullscreen; picture-in-picture\"><\/iframe><\/div><\/div>\n\t\t<\/div>\n\t<\/div>\n<\/div><\/div><\/div><div class=\"wpb_column vc_column_container vc_col-sm-4\"><div class=\"vc_column-inner\"><div class=\"wpb_wrapper\"><h3 style=\"text-align: left\" class=\"vc_custom_heading vc_do_custom_heading\" >Wartung<\/h3>\n\t<div class=\"wpb_text_column wpb_content_element\" >\n\t\t<div class=\"wpb_wrapper\">\n\t\t\t<p>Wenn Sie das Pech haben, einen Fleck auf Ihrem Wollpouf zu bekommen, beginnen Sie damit, den Fleck abzusaugen. Die Wolle ist von Natur aus von Lanolin umgeben, das einen Schutzfilm auf den Fasern bildet, sodass Flecken schlechter eindringen k\u00f6nnen. Sollte sich der Fleck damit nicht l\u00f6sen lassen, k\u00f6nnen Sie den Fleck mit einem feuchten Tuch abtupfen, zum Schluss nicht reiben. Sollten wir an einem Wintertag das Gl\u00fcck haben, dass es schneit, legen Sie Ihren Wollpouf oder Ihre Wolldecke in den frisch gefallenen Schnee. Dies ist die effektivste Methode f\u00fcr eine gr\u00fcndliche Reinigung<\/p>\n\n\t\t<\/div>\n\t<\/div>\n<\/div><\/div><\/div><div class=\"wpb_column vc_column_container vc_col-sm-4\"><div class=\"vc_column-inner\"><div class=\"wpb_wrapper\"><h3 style=\"text-align: left\" class=\"vc_custom_heading vc_do_custom_heading\" >Die Geschichte dahinter<\/h3>\n\t<div class=\"wpb_text_column wpb_content_element\" >\n\t\t<div class=\"wpb_wrapper\">\n\t\t\t<p>Der Wollpuff wird von Frauen in einer Frauenkooperative s\u00fcdlich von Marrakesch handgefertigt. Im Gegensatz zu den anderen Puffs im Shop wird dieser mit F\u00fcllung geliefert. Die Wollz\u00f6pfe sind in einen harten Kern eingen\u00e4ht, der die F\u00fcllung des Puffs bildet.<\/p>\n<p>Die Frauenkooperative besch\u00e4ftigt 160 Frauen und tr\u00e4gt so dazu bei, den Lebensstandard vieler Familien in dem kleinen Dorf zu verbessern. F\u00fcr die Kinder der Frauen wurden eine Schule und ein Kindergarten eingerichtet, damit die Kinder eine Ausbildung erhalten und einer Besch\u00e4ftigung nachgehen k\u00f6nnen, w\u00e4hrend die M\u00fctter arbeiten. Es tr\u00e4gt zum Lebensstandard der vielen Familien in dem kleinen Dorf bei.<\/p>\n\n\t\t<\/div>\n\t<\/div>\n<\/div><\/div><\/div><\/div>\n<\/div>","protected":false},"excerpt":{"rendered":"<p class=\"p1\"><span class=\"s1\">Ovaler Hocker aus massiver Wolle.<\/span><\/p>\n<p class=\"p1\"><span class=\"s1\">Handgefertigt von Frauen einer Kooperative s\u00fcdlich von Marrakesch. Einzigartiger Wollpouf, in den viele Stunden Handarbeit geflossen sind. Qualit\u00e4tswolle von freilaufenden Schafen aus den Bergen Marokkos \u2013 geflochten und auf den Baumwollkern aufgen\u00e4ht. <\/span><\/p>\n<p class=\"p1\"><span class=\"s1\">L\u00e4sst sich leicht zu Ihrer skandinavischen Einrichtung hinzuf\u00fcgen und zeigt gleichzeitig einen einzigartigen Ausdruck.<\/span><\/p>\n<p>Kann nicht zerlegt werden. Kann vorteilhafterweise im Schnee oder in einer chemischen Reinigung gereinigt werden.<\/p>","protected":false},"featured_media":469,"template":"","meta":{"inline_featured_image":false},"product_brand":[],"product_cat":[39,40,50],"product_tag":[],"class_list":{"0":"post-474","1":"product","2":"type-product","3":"status-publish","4":"has-post-thumbnail","6":"product_cat-moebler","7":"product_cat-pufs","8":"product_cat-uldpufs","10":"first","11":"outofstock","12":"taxable","13":"shipping-taxable","14":"purchasable","15":"product-type-simple"},"exclude_global_add_ons":[],"addons":[],"yoast_head":"<!-- This site is optimized with the Yoast SEO plugin v27.4 - https:\/\/yoast.com\/product\/yoast-seo-wordpress\/ -->\n<title>H\u00e5ndlavet puf flettet af l\u00e6kker bl\u00f8d gr\u00e5 uld. - Tibladin<\/title>\n<meta name=\"description\" content=\"H\u00e5ndlavet uldpuf lavet af kvinder fra et kooperativ syd for Marrakech. Unika uld pufs hvor er er lagt mange timers h\u00e5ndarbejde i.\" \/>\n<meta name=\"robots\" content=\"index, follow, max-snippet:-1, max-image-preview:large, max-video-preview:-1\" \/>\n<link rel=\"canonical\" href=\"https:\/\/tibladin.dk\/de\/produkt\/hocker-aus-grauer-wolle\/\" \/>\n<meta property=\"og:locale\" content=\"de_DE\" \/>\n<meta property=\"og:type\" content=\"article\" \/>\n<meta property=\"og:title\" content=\"H\u00e5ndlavet puf flettet af l\u00e6kker bl\u00f8d gr\u00e5 uld. - Tibladin\" \/>\n<meta property=\"og:description\" content=\"H\u00e5ndlavet uldpuf lavet af kvinder fra et kooperativ syd for Marrakech. Unika uld pufs hvor er er lagt mange timers h\u00e5ndarbejde i.\" \/>\n<meta property=\"og:url\" content=\"https:\/\/tibladin.dk\/de\/produkt\/hocker-aus-grauer-wolle\/\" \/>\n<meta property=\"og:site_name\" content=\"Tibladin\" \/>\n<meta property=\"article:modified_time\" content=\"2025-10-22T09:32:19+00:00\" \/>\n<meta property=\"og:image\" content=\"https:\/\/tibladin.dk\/wp-content\/uploads\/2022\/09\/Tibladin_Uldpuf_800x800-1.jpg\" \/>\n\t<meta property=\"og:image:width\" content=\"801\" \/>\n\t<meta property=\"og:image:height\" content=\"804\" \/>\n\t<meta property=\"og:image:type\" content=\"image\/jpeg\" \/>\n<meta name=\"twitter:card\" content=\"summary_large_image\" \/>\n<meta name=\"twitter:label1\" content=\"Gesch\u00e4tzte Lesezeit\" \/>\n\t<meta name=\"twitter:data1\" content=\"2\u00a0Minuten\" \/>\n<script type=\"application\/ld+json\" class=\"yoast-schema-graph\">{\"@context\":\"https:\\\/\\\/schema.org\",\"@graph\":[{\"@type\":\"WebPage\",\"@id\":\"https:\\\/\\\/tibladin.dk\\\/produkt\\\/puf-i-uld-graa\\\/\",\"url\":\"https:\\\/\\\/tibladin.dk\\\/produkt\\\/puf-i-uld-graa\\\/\",\"name\":\"H\u00e5ndlavet puf flettet af l\u00e6kker bl\u00f8d gr\u00e5 uld. - Tibladin\",\"isPartOf\":{\"@id\":\"https:\\\/\\\/tibladin.dk\\\/#website\"},\"primaryImageOfPage\":{\"@id\":\"https:\\\/\\\/tibladin.dk\\\/produkt\\\/puf-i-uld-graa\\\/#primaryimage\"},\"image\":{\"@id\":\"https:\\\/\\\/tibladin.dk\\\/produkt\\\/puf-i-uld-graa\\\/#primaryimage\"},\"thumbnailUrl\":\"https:\\\/\\\/tibladin.dk\\\/wp-content\\\/uploads\\\/2022\\\/09\\\/Tibladin_Uldpuf_800x800-1.jpg\",\"datePublished\":\"2022-09-20T09:02:30+00:00\",\"dateModified\":\"2025-10-22T09:32:19+00:00\",\"description\":\"H\u00e5ndlavet uldpuf lavet af kvinder fra et kooperativ syd for Marrakech. Unika uld pufs hvor er er lagt mange timers h\u00e5ndarbejde i.\",\"breadcrumb\":{\"@id\":\"https:\\\/\\\/tibladin.dk\\\/produkt\\\/puf-i-uld-graa\\\/#breadcrumb\"},\"inLanguage\":\"de\",\"potentialAction\":[{\"@type\":\"ReadAction\",\"target\":[\"https:\\\/\\\/tibladin.dk\\\/produkt\\\/puf-i-uld-graa\\\/\"]}]},{\"@type\":\"ImageObject\",\"inLanguage\":\"de\",\"@id\":\"https:\\\/\\\/tibladin.dk\\\/produkt\\\/puf-i-uld-graa\\\/#primaryimage\",\"url\":\"https:\\\/\\\/tibladin.dk\\\/wp-content\\\/uploads\\\/2022\\\/09\\\/Tibladin_Uldpuf_800x800-1.jpg\",\"contentUrl\":\"https:\\\/\\\/tibladin.dk\\\/wp-content\\\/uploads\\\/2022\\\/09\\\/Tibladin_Uldpuf_800x800-1.jpg\",\"width\":801,\"height\":804,\"caption\":\"Marokkansk uldpuf i gr\u00e5\"},{\"@type\":\"BreadcrumbList\",\"@id\":\"https:\\\/\\\/tibladin.dk\\\/produkt\\\/puf-i-uld-graa\\\/#breadcrumb\",\"itemListElement\":[{\"@type\":\"ListItem\",\"position\":1,\"name\":\"Hjem\",\"item\":\"https:\\\/\\\/tibladin.dk\\\/\"},{\"@type\":\"ListItem\",\"position\":2,\"name\":\"Shop\",\"item\":\"https:\\\/\\\/tibladin.dk\\\/shop\\\/\"},{\"@type\":\"ListItem\",\"position\":3,\"name\":\"Puf i uld &#8211; Gr\u00e5\"}]},{\"@type\":\"WebSite\",\"@id\":\"https:\\\/\\\/tibladin.dk\\\/#website\",\"url\":\"https:\\\/\\\/tibladin.dk\\\/\",\"name\":\"Tibladin\",\"description\":\"Tibladin\",\"publisher\":{\"@id\":\"https:\\\/\\\/tibladin.dk\\\/#organization\"},\"potentialAction\":[{\"@type\":\"SearchAction\",\"target\":{\"@type\":\"EntryPoint\",\"urlTemplate\":\"https:\\\/\\\/tibladin.dk\\\/?s={search_term_string}\"},\"query-input\":{\"@type\":\"PropertyValueSpecification\",\"valueRequired\":true,\"valueName\":\"search_term_string\"}}],\"inLanguage\":\"de\"},{\"@type\":\"Organization\",\"@id\":\"https:\\\/\\\/tibladin.dk\\\/#organization\",\"name\":\"Tibladin\",\"url\":\"https:\\\/\\\/tibladin.dk\\\/\",\"logo\":{\"@type\":\"ImageObject\",\"inLanguage\":\"de\",\"@id\":\"https:\\\/\\\/tibladin.dk\\\/#\\\/schema\\\/logo\\\/image\\\/\",\"url\":\"https:\\\/\\\/tibladin.dk\\\/wp-content\\\/uploads\\\/2022\\\/09\\\/tibladin_logo.svg\",\"contentUrl\":\"https:\\\/\\\/tibladin.dk\\\/wp-content\\\/uploads\\\/2022\\\/09\\\/tibladin_logo.svg\",\"caption\":\"Tibladin\"},\"image\":{\"@id\":\"https:\\\/\\\/tibladin.dk\\\/#\\\/schema\\\/logo\\\/image\\\/\"}}]}<\/script>\n<!-- \/ Yoast SEO plugin. -->","yoast_head_json":{"title":"Handgefertigter Pouf aus herrlich weicher grauer Wolle geflochten. - Tibladin","description":"Handgefertigter Wollhocker, hergestellt von Frauen aus einer Kooperative s\u00fcdlich von Marrakesch. Einzigartige Wollhocker, in die viele Stunden Handarbeit gesteckt wurden.","robots":{"index":"index","follow":"follow","max-snippet":"max-snippet:-1","max-image-preview":"max-image-preview:large","max-video-preview":"max-video-preview:-1"},"canonical":"https:\/\/tibladin.dk\/de\/produkt\/hocker-aus-grauer-wolle\/","og_locale":"de_DE","og_type":"article","og_title":"H\u00e5ndlavet puf flettet af l\u00e6kker bl\u00f8d gr\u00e5 uld. - Tibladin","og_description":"H\u00e5ndlavet uldpuf lavet af kvinder fra et kooperativ syd for Marrakech. Unika uld pufs hvor er er lagt mange timers h\u00e5ndarbejde i.","og_url":"https:\/\/tibladin.dk\/de\/produkt\/hocker-aus-grauer-wolle\/","og_site_name":"Tibladin","article_modified_time":"2025-10-22T09:32:19+00:00","og_image":[{"width":801,"height":804,"url":"https:\/\/tibladin.dk\/wp-content\/uploads\/2022\/09\/Tibladin_Uldpuf_800x800-1.jpg","type":"image\/jpeg"}],"twitter_card":"summary_large_image","twitter_misc":{"Gesch\u00e4tzte Lesezeit":"2\u00a0Minuten"},"schema":{"@context":"https:\/\/schema.org","@graph":[{"@type":"WebPage","@id":"https:\/\/tibladin.dk\/produkt\/puf-i-uld-graa\/","url":"https:\/\/tibladin.dk\/produkt\/puf-i-uld-graa\/","name":"Handgefertigter Pouf aus herrlich weicher grauer Wolle geflochten. - Tibladin","isPartOf":{"@id":"https:\/\/tibladin.dk\/#website"},"primaryImageOfPage":{"@id":"https:\/\/tibladin.dk\/produkt\/puf-i-uld-graa\/#primaryimage"},"image":{"@id":"https:\/\/tibladin.dk\/produkt\/puf-i-uld-graa\/#primaryimage"},"thumbnailUrl":"https:\/\/tibladin.dk\/wp-content\/uploads\/2022\/09\/Tibladin_Uldpuf_800x800-1.jpg","datePublished":"2022-09-20T09:02:30+00:00","dateModified":"2025-10-22T09:32:19+00:00","description":"Handgefertigter Wollhocker, hergestellt von Frauen aus einer Kooperative s\u00fcdlich von Marrakesch. Einzigartige Wollhocker, in die viele Stunden Handarbeit gesteckt wurden.","breadcrumb":{"@id":"https:\/\/tibladin.dk\/produkt\/puf-i-uld-graa\/#breadcrumb"},"inLanguage":"de","potentialAction":[{"@type":"ReadAction","target":["https:\/\/tibladin.dk\/produkt\/puf-i-uld-graa\/"]}]},{"@type":"ImageObject","inLanguage":"de","@id":"https:\/\/tibladin.dk\/produkt\/puf-i-uld-graa\/#primaryimage","url":"https:\/\/tibladin.dk\/wp-content\/uploads\/2022\/09\/Tibladin_Uldpuf_800x800-1.jpg","contentUrl":"https:\/\/tibladin.dk\/wp-content\/uploads\/2022\/09\/Tibladin_Uldpuf_800x800-1.jpg","width":801,"height":804,"caption":"Marokkansk uldpuf i gr\u00e5"},{"@type":"BreadcrumbList","@id":"https:\/\/tibladin.dk\/produkt\/puf-i-uld-graa\/#breadcrumb","itemListElement":[{"@type":"ListItem","position":1,"name":"Hjem","item":"https:\/\/tibladin.dk\/"},{"@type":"ListItem","position":2,"name":"Shop","item":"https:\/\/tibladin.dk\/shop\/"},{"@type":"ListItem","position":3,"name":"Puf i uld &#8211; Gr\u00e5"}]},{"@type":"WebSite","@id":"https:\/\/tibladin.dk\/#website","url":"https:\/\/tibladin.dk\/","name":"Tibladin","description":"Tibladin","publisher":{"@id":"https:\/\/tibladin.dk\/#organization"},"potentialAction":[{"@type":"SearchAction","target":{"@type":"EntryPoint","urlTemplate":"https:\/\/tibladin.dk\/?s={search_term_string}"},"query-input":{"@type":"PropertyValueSpecification","valueRequired":true,"valueName":"search_term_string"}}],"inLanguage":"de"},{"@type":"Organization","@id":"https:\/\/tibladin.dk\/#organization","name":"Tibladin","url":"https:\/\/tibladin.dk\/","logo":{"@type":"ImageObject","inLanguage":"de","@id":"https:\/\/tibladin.dk\/#\/schema\/logo\/image\/","url":"https:\/\/tibladin.dk\/wp-content\/uploads\/2022\/09\/tibladin_logo.svg","contentUrl":"https:\/\/tibladin.dk\/wp-content\/uploads\/2022\/09\/tibladin_logo.svg","caption":"Tibladin"},"image":{"@id":"https:\/\/tibladin.dk\/#\/schema\/logo\/image\/"}}]}},"_links":{"self":[{"href":"https:\/\/tibladin.dk\/de\/wp-json\/wp\/v2\/product\/474","targetHints":{"allow":["GET"]}}],"collection":[{"href":"https:\/\/tibladin.dk\/de\/wp-json\/wp\/v2\/product"}],"about":[{"href":"https:\/\/tibladin.dk\/de\/wp-json\/wp\/v2\/types\/product"}],"wp:featuredmedia":[{"embeddable":true,"href":"https:\/\/tibladin.dk\/de\/wp-json\/wp\/v2\/media\/469"}],"wp:attachment":[{"href":"https:\/\/tibladin.dk\/de\/wp-json\/wp\/v2\/media?parent=474"}],"wp:term":[{"taxonomy":"product_brand","embeddable":true,"href":"https:\/\/tibladin.dk\/de\/wp-json\/wp\/v2\/product_brand?post=474"},{"taxonomy":"product_cat","embeddable":true,"href":"https:\/\/tibladin.dk\/de\/wp-json\/wp\/v2\/product_cat?post=474"},{"taxonomy":"product_tag","embeddable":true,"href":"https:\/\/tibladin.dk\/de\/wp-json\/wp\/v2\/product_tag?post=474"}],"curies":[{"name":"wp","href":"https:\/\/api.w.org\/{rel}","templated":true}]}}