{"id":4830,"date":"2022-11-07T14:54:41","date_gmt":"2022-11-07T13:54:41","guid":{"rendered":"https:\/\/tibladin.dk\/?post_type=product&#038;p=4830"},"modified":"2025-10-02T15:20:56","modified_gmt":"2025-10-02T13:20:56","slug":"berberkorb-l-tulpe","status":"publish","type":"product","link":"https:\/\/tibladin.dk\/de\/produkt\/berberkurv-l-tulip\/","title":{"rendered":"Berberkorb L \u2013 TULPE"},"content":{"rendered":"<div class=\"wpb-content-wrapper\"><div class=\"vc_row wpb_row vc_row-fluid\"><div class=\"wpb_column vc_column_container vc_col-sm-4\"><div class=\"vc_column-inner\"><div class=\"wpb_wrapper\"><\/div><\/div><\/div><div class=\"wpb_column vc_column_container vc_col-sm-4\"><div class=\"vc_column-inner\"><div class=\"wpb_wrapper\"><h3 style=\"text-align: left\" class=\"vc_custom_heading vc_do_custom_heading\" >Wartung<\/h3>\n\t<div class=\"wpb_text_column wpb_content_element\" >\n\t\t<div class=\"wpb_wrapper\">\n\t\t\t<p>Zum Reinigen ist es am einfachsten, ihn vorsichtig abzusaugen.<\/p>\n\n\t\t<\/div>\n\t<\/div>\n<\/div><\/div><\/div><div class=\"wpb_column vc_column_container vc_col-sm-4\"><div class=\"vc_column-inner\"><div class=\"wpb_wrapper\"><h3 style=\"text-align: left\" class=\"vc_custom_heading vc_do_custom_heading\" >Die Geschichte dahinter<\/h3>\n\t<div class=\"wpb_text_column wpb_content_element\" >\n\t\t<div class=\"wpb_wrapper\">\n\t\t\t<p>Ich liebe Kurven! Sie k\u00f6nnen jedem Raum W\u00e4rme und Gem\u00fctlichkeit verleihen.<\/p>\n<p>Verwenden Sie diesen Korb als W\u00e4schekorb oder zum Aufbewahren zus\u00e4tzlicher Kissen und Decken.<\/p>\n<p>Die K\u00f6rbe sind handgefertigt und stammen von einem Familienunternehmen in Marrakesch, das sich auf Korbwaren spezialisiert hat und dies bereits seit Generationen tut.<\/p>\n<p>Wenn Sie diesen Korb als W\u00e4schekorb verwenden, k\u00f6nnen Sie einen W\u00e4schesack n\u00e4hen und in den Korb legen. Es l\u00e4sst sich nicht vermeiden, dass der Korb ein wenig Weide abgibt.<\/p>\n\n\t\t<\/div>\n\t<\/div>\n<\/div><\/div><\/div><\/div>\n<\/div>","protected":false},"excerpt":{"rendered":"<p>Wundersch\u00f6ner Berberkorb aus Bast und Wollgarn mit Zickzackmuster in roten, violetten und wei\u00dfen Zickzackmustern. Urspr\u00fcnglich als Brotkorb von den Nomadenv\u00f6lkern in der Sahara-Region verwendet.<\/p>\n<p>Der Korb misst 48 cm bei einem Durchmesser von 27 cm.<\/p>\n<p>Kann in der K\u00fcche, im Wohnzimmer, im Badezimmer oder im Schlafzimmer verwendet werden.<\/p>","protected":false},"featured_media":5130,"template":"","meta":{"inline_featured_image":false},"product_brand":[],"product_cat":[55,51],"product_tag":[],"class_list":{"0":"post-4830","1":"product","2":"type-product","3":"status-publish","4":"has-post-thumbnail","6":"product_cat-kurve","7":"product_cat-opbevaring","9":"first","10":"instock","11":"taxable","12":"shipping-taxable","13":"purchasable","14":"product-type-simple"},"exclude_global_add_ons":[],"addons":[],"yoast_head":"<!-- This site is optimized with the Yoast SEO plugin v27.4 - https:\/\/yoast.com\/product\/yoast-seo-wordpress\/ -->\n<title>Berberkurv L - TULIP - Tibladin<\/title>\n<meta name=\"description\" content=\"Flot berberkurv med zigzag m\u00f8nster i r\u00f8de, violette og hvide nuancer. Passer til stuen, badev\u00e6relset og sovev\u00e6relset. Stort udvalg af berberkurve\" \/>\n<meta name=\"robots\" content=\"index, follow, max-snippet:-1, max-image-preview:large, max-video-preview:-1\" \/>\n<link rel=\"canonical\" href=\"https:\/\/tibladin.dk\/de\/produkt\/berberkorb-l-tulpe\/\" \/>\n<meta property=\"og:locale\" content=\"de_DE\" \/>\n<meta property=\"og:type\" content=\"article\" \/>\n<meta property=\"og:title\" content=\"Berberkurv L - TULIP - Tibladin\" \/>\n<meta property=\"og:description\" content=\"Flot berberkurv med zigzag m\u00f8nster i r\u00f8de, violette og hvide nuancer. Passer til stuen, badev\u00e6relset og sovev\u00e6relset. Stort udvalg af berberkurve\" \/>\n<meta property=\"og:url\" content=\"https:\/\/tibladin.dk\/de\/produkt\/berberkorb-l-tulpe\/\" \/>\n<meta property=\"og:site_name\" content=\"Tibladin\" \/>\n<meta property=\"article:modified_time\" content=\"2025-10-02T13:20:56+00:00\" \/>\n<meta property=\"og:image\" content=\"https:\/\/tibladin.dk\/wp-content\/uploads\/2022\/11\/Tulip.jpg\" \/>\n\t<meta property=\"og:image:width\" content=\"800\" \/>\n\t<meta property=\"og:image:height\" content=\"800\" \/>\n\t<meta property=\"og:image:type\" content=\"image\/jpeg\" \/>\n<meta name=\"twitter:card\" content=\"summary_large_image\" \/>\n<meta name=\"twitter:label1\" content=\"Gesch\u00e4tzte Lesezeit\" \/>\n\t<meta name=\"twitter:data1\" content=\"1\u00a0Minute\" \/>\n<script type=\"application\/ld+json\" class=\"yoast-schema-graph\">{\"@context\":\"https:\\\/\\\/schema.org\",\"@graph\":[{\"@type\":\"WebPage\",\"@id\":\"https:\\\/\\\/tibladin.dk\\\/produkt\\\/berberkurv-l-tulip\\\/\",\"url\":\"https:\\\/\\\/tibladin.dk\\\/produkt\\\/berberkurv-l-tulip\\\/\",\"name\":\"Berberkurv L - TULIP - Tibladin\",\"isPartOf\":{\"@id\":\"https:\\\/\\\/tibladin.dk\\\/#website\"},\"primaryImageOfPage\":{\"@id\":\"https:\\\/\\\/tibladin.dk\\\/produkt\\\/berberkurv-l-tulip\\\/#primaryimage\"},\"image\":{\"@id\":\"https:\\\/\\\/tibladin.dk\\\/produkt\\\/berberkurv-l-tulip\\\/#primaryimage\"},\"thumbnailUrl\":\"https:\\\/\\\/tibladin.dk\\\/wp-content\\\/uploads\\\/2022\\\/11\\\/Tulip.jpg\",\"datePublished\":\"2022-11-07T13:54:41+00:00\",\"dateModified\":\"2025-10-02T13:20:56+00:00\",\"description\":\"Flot berberkurv med zigzag m\u00f8nster i r\u00f8de, violette og hvide nuancer. Passer til stuen, badev\u00e6relset og sovev\u00e6relset. Stort udvalg af berberkurve\",\"breadcrumb\":{\"@id\":\"https:\\\/\\\/tibladin.dk\\\/produkt\\\/berberkurv-l-tulip\\\/#breadcrumb\"},\"inLanguage\":\"de\",\"potentialAction\":[{\"@type\":\"ReadAction\",\"target\":[\"https:\\\/\\\/tibladin.dk\\\/produkt\\\/berberkurv-l-tulip\\\/\"]}]},{\"@type\":\"ImageObject\",\"inLanguage\":\"de\",\"@id\":\"https:\\\/\\\/tibladin.dk\\\/produkt\\\/berberkurv-l-tulip\\\/#primaryimage\",\"url\":\"https:\\\/\\\/tibladin.dk\\\/wp-content\\\/uploads\\\/2022\\\/11\\\/Tulip.jpg\",\"contentUrl\":\"https:\\\/\\\/tibladin.dk\\\/wp-content\\\/uploads\\\/2022\\\/11\\\/Tulip.jpg\",\"width\":800,\"height\":800,\"caption\":\"Stor berberkurv i r\u00f8de, violette og hvide zigzag m\u00f8nstrer\"},{\"@type\":\"BreadcrumbList\",\"@id\":\"https:\\\/\\\/tibladin.dk\\\/produkt\\\/berberkurv-l-tulip\\\/#breadcrumb\",\"itemListElement\":[{\"@type\":\"ListItem\",\"position\":1,\"name\":\"Hjem\",\"item\":\"https:\\\/\\\/tibladin.dk\\\/\"},{\"@type\":\"ListItem\",\"position\":2,\"name\":\"Shop\",\"item\":\"https:\\\/\\\/tibladin.dk\\\/shop\\\/\"},{\"@type\":\"ListItem\",\"position\":3,\"name\":\"Berberkurv L &#8211; TULIP\"}]},{\"@type\":\"WebSite\",\"@id\":\"https:\\\/\\\/tibladin.dk\\\/#website\",\"url\":\"https:\\\/\\\/tibladin.dk\\\/\",\"name\":\"Tibladin\",\"description\":\"Tibladin\",\"publisher\":{\"@id\":\"https:\\\/\\\/tibladin.dk\\\/#organization\"},\"potentialAction\":[{\"@type\":\"SearchAction\",\"target\":{\"@type\":\"EntryPoint\",\"urlTemplate\":\"https:\\\/\\\/tibladin.dk\\\/?s={search_term_string}\"},\"query-input\":{\"@type\":\"PropertyValueSpecification\",\"valueRequired\":true,\"valueName\":\"search_term_string\"}}],\"inLanguage\":\"de\"},{\"@type\":\"Organization\",\"@id\":\"https:\\\/\\\/tibladin.dk\\\/#organization\",\"name\":\"Tibladin\",\"url\":\"https:\\\/\\\/tibladin.dk\\\/\",\"logo\":{\"@type\":\"ImageObject\",\"inLanguage\":\"de\",\"@id\":\"https:\\\/\\\/tibladin.dk\\\/#\\\/schema\\\/logo\\\/image\\\/\",\"url\":\"https:\\\/\\\/tibladin.dk\\\/wp-content\\\/uploads\\\/2022\\\/09\\\/tibladin_logo.svg\",\"contentUrl\":\"https:\\\/\\\/tibladin.dk\\\/wp-content\\\/uploads\\\/2022\\\/09\\\/tibladin_logo.svg\",\"caption\":\"Tibladin\"},\"image\":{\"@id\":\"https:\\\/\\\/tibladin.dk\\\/#\\\/schema\\\/logo\\\/image\\\/\"}}]}<\/script>\n<!-- \/ Yoast SEO plugin. -->","yoast_head_json":{"title":"Berberkorb L - TULPE - Tibladin","description":"Wundersch\u00f6ner Berberkorb mit Zickzackmuster in Rot-, Violett- und Wei\u00dft\u00f6nen. Geeignet f\u00fcr Wohnzimmer, Bad und Schlafzimmer. Gro\u00dfe Auswahl an Berberk\u00f6rben","robots":{"index":"index","follow":"follow","max-snippet":"max-snippet:-1","max-image-preview":"max-image-preview:large","max-video-preview":"max-video-preview:-1"},"canonical":"https:\/\/tibladin.dk\/de\/produkt\/berberkorb-l-tulpe\/","og_locale":"de_DE","og_type":"article","og_title":"Berberkurv L - TULIP - Tibladin","og_description":"Flot berberkurv med zigzag m\u00f8nster i r\u00f8de, violette og hvide nuancer. Passer til stuen, badev\u00e6relset og sovev\u00e6relset. Stort udvalg af berberkurve","og_url":"https:\/\/tibladin.dk\/de\/produkt\/berberkorb-l-tulpe\/","og_site_name":"Tibladin","article_modified_time":"2025-10-02T13:20:56+00:00","og_image":[{"width":800,"height":800,"url":"https:\/\/tibladin.dk\/wp-content\/uploads\/2022\/11\/Tulip.jpg","type":"image\/jpeg"}],"twitter_card":"summary_large_image","twitter_misc":{"Gesch\u00e4tzte Lesezeit":"1\u00a0Minute"},"schema":{"@context":"https:\/\/schema.org","@graph":[{"@type":"WebPage","@id":"https:\/\/tibladin.dk\/produkt\/berberkurv-l-tulip\/","url":"https:\/\/tibladin.dk\/produkt\/berberkurv-l-tulip\/","name":"Berberkorb L - TULPE - Tibladin","isPartOf":{"@id":"https:\/\/tibladin.dk\/#website"},"primaryImageOfPage":{"@id":"https:\/\/tibladin.dk\/produkt\/berberkurv-l-tulip\/#primaryimage"},"image":{"@id":"https:\/\/tibladin.dk\/produkt\/berberkurv-l-tulip\/#primaryimage"},"thumbnailUrl":"https:\/\/tibladin.dk\/wp-content\/uploads\/2022\/11\/Tulip.jpg","datePublished":"2022-11-07T13:54:41+00:00","dateModified":"2025-10-02T13:20:56+00:00","description":"Wundersch\u00f6ner Berberkorb mit Zickzackmuster in Rot-, Violett- und Wei\u00dft\u00f6nen. Geeignet f\u00fcr Wohnzimmer, Bad und Schlafzimmer. Gro\u00dfe Auswahl an Berberk\u00f6rben","breadcrumb":{"@id":"https:\/\/tibladin.dk\/produkt\/berberkurv-l-tulip\/#breadcrumb"},"inLanguage":"de","potentialAction":[{"@type":"ReadAction","target":["https:\/\/tibladin.dk\/produkt\/berberkurv-l-tulip\/"]}]},{"@type":"ImageObject","inLanguage":"de","@id":"https:\/\/tibladin.dk\/produkt\/berberkurv-l-tulip\/#primaryimage","url":"https:\/\/tibladin.dk\/wp-content\/uploads\/2022\/11\/Tulip.jpg","contentUrl":"https:\/\/tibladin.dk\/wp-content\/uploads\/2022\/11\/Tulip.jpg","width":800,"height":800,"caption":"Stor berberkurv i r\u00f8de, violette og hvide zigzag m\u00f8nstrer"},{"@type":"BreadcrumbList","@id":"https:\/\/tibladin.dk\/produkt\/berberkurv-l-tulip\/#breadcrumb","itemListElement":[{"@type":"ListItem","position":1,"name":"Hjem","item":"https:\/\/tibladin.dk\/"},{"@type":"ListItem","position":2,"name":"Shop","item":"https:\/\/tibladin.dk\/shop\/"},{"@type":"ListItem","position":3,"name":"Berberkurv L &#8211; TULIP"}]},{"@type":"WebSite","@id":"https:\/\/tibladin.dk\/#website","url":"https:\/\/tibladin.dk\/","name":"Tibladin","description":"Tibladin","publisher":{"@id":"https:\/\/tibladin.dk\/#organization"},"potentialAction":[{"@type":"SearchAction","target":{"@type":"EntryPoint","urlTemplate":"https:\/\/tibladin.dk\/?s={search_term_string}"},"query-input":{"@type":"PropertyValueSpecification","valueRequired":true,"valueName":"search_term_string"}}],"inLanguage":"de"},{"@type":"Organization","@id":"https:\/\/tibladin.dk\/#organization","name":"Tibladin","url":"https:\/\/tibladin.dk\/","logo":{"@type":"ImageObject","inLanguage":"de","@id":"https:\/\/tibladin.dk\/#\/schema\/logo\/image\/","url":"https:\/\/tibladin.dk\/wp-content\/uploads\/2022\/09\/tibladin_logo.svg","contentUrl":"https:\/\/tibladin.dk\/wp-content\/uploads\/2022\/09\/tibladin_logo.svg","caption":"Tibladin"},"image":{"@id":"https:\/\/tibladin.dk\/#\/schema\/logo\/image\/"}}]}},"_links":{"self":[{"href":"https:\/\/tibladin.dk\/de\/wp-json\/wp\/v2\/product\/4830","targetHints":{"allow":["GET"]}}],"collection":[{"href":"https:\/\/tibladin.dk\/de\/wp-json\/wp\/v2\/product"}],"about":[{"href":"https:\/\/tibladin.dk\/de\/wp-json\/wp\/v2\/types\/product"}],"wp:featuredmedia":[{"embeddable":true,"href":"https:\/\/tibladin.dk\/de\/wp-json\/wp\/v2\/media\/5130"}],"wp:attachment":[{"href":"https:\/\/tibladin.dk\/de\/wp-json\/wp\/v2\/media?parent=4830"}],"wp:term":[{"taxonomy":"product_brand","embeddable":true,"href":"https:\/\/tibladin.dk\/de\/wp-json\/wp\/v2\/product_brand?post=4830"},{"taxonomy":"product_cat","embeddable":true,"href":"https:\/\/tibladin.dk\/de\/wp-json\/wp\/v2\/product_cat?post=4830"},{"taxonomy":"product_tag","embeddable":true,"href":"https:\/\/tibladin.dk\/de\/wp-json\/wp\/v2\/product_tag?post=4830"}],"curies":[{"name":"wp","href":"https:\/\/api.w.org\/{rel}","templated":true}]}}