{"id":4831,"date":"2022-11-07T15:01:35","date_gmt":"2022-11-07T14:01:35","guid":{"rendered":"https:\/\/tibladin.dk\/?post_type=product&#038;p=4831"},"modified":"2025-11-15T12:44:08","modified_gmt":"2025-11-15T11:44:08","slug":"kleiner-korb-mit-goldmuster","status":"publish","type":"product","link":"https:\/\/tibladin.dk\/de\/produkt\/lille-kurv-med-guldmoenster\/","title":{"rendered":"Kleiner Korb mit Goldmuster"},"content":{"rendered":"<div class=\"wpb-content-wrapper\"><div class=\"vc_row wpb_row vc_row-fluid\"><div class=\"wpb_column vc_column_container vc_col-sm-4\"><div class=\"vc_column-inner\"><div class=\"wpb_wrapper\"><h3 style=\"text-align: left\" class=\"vc_custom_heading vc_do_custom_heading\" >Wartung<\/h3>\n\t<div class=\"wpb_text_column wpb_content_element\" >\n\t\t<div class=\"wpb_wrapper\">\n\t\t\t<p>Zum Reinigen ist es am einfachsten, ihn vorsichtig abzusaugen.<\/p>\n\n\t\t<\/div>\n\t<\/div>\n<\/div><\/div><\/div><div class=\"wpb_column vc_column_container vc_col-sm-4\"><div class=\"vc_column-inner\"><div class=\"wpb_wrapper\"><h3 style=\"text-align: left\" class=\"vc_custom_heading vc_do_custom_heading\" >Die Geschichte dahinter<\/h3>\n\t<div class=\"wpb_text_column wpb_content_element\" >\n\t\t<div class=\"wpb_wrapper\">\n\t\t\t<p>Ich liebe Kurven! Sie k\u00f6nnen jedem Raum W\u00e4rme und Gem\u00fctlichkeit verleihen.<\/p>\n<p>Verwenden Sie diesen Korb als W\u00e4schekorb oder zum Aufbewahren zus\u00e4tzlicher Kissen und Decken.<\/p>\n<p>Die K\u00f6rbe werden in Marrakesch von Hand gefertigt, wo sich die Firma auf Korbgeflecht spezialisiert hat und das schon seit Generationen.<\/p>\n<p>Wenn Sie diesen Korb als W\u00e4schekorb verwenden, k\u00f6nnen Sie einen W\u00e4schesack n\u00e4hen und in den Korb legen. Es l\u00e4sst sich nicht vermeiden, dass der Korb ein wenig Weide abgibt.<\/p>\n\n\t\t<\/div>\n\t<\/div>\n<\/div><\/div><\/div><div class=\"wpb_column vc_column_container vc_col-sm-4\"><div class=\"vc_column-inner\"><div class=\"wpb_wrapper\"><h3 style=\"text-align: left\" class=\"vc_custom_heading vc_do_custom_heading\" >Was ist Rattan?<\/h3>\n\t<div class=\"wpb_text_column wpb_content_element\" >\n\t\t<div class=\"wpb_wrapper\">\n\t\t\t<p>Rattan wird aus einer tropischen Palme hergestellt, die in Australien, Asien und Afrika heimisch ist. Das Material ist sehr stabil und \u00e4hnelt Bambus, weshalb es f\u00fcr alles verwendet wird, von Tabletts und K\u00f6rben bis hin zu Kopfteilen und Getr\u00e4nketischen.<\/p>\n<p>Bast \u00e4hnelt Rattan, da beide aus Palmbl\u00e4ttern gewonnen werden, Bast ist jedoch etwas weicher.<\/p>\n\n\t\t<\/div>\n\t<\/div>\n<\/div><\/div><\/div><\/div>\n<\/div>","protected":false},"excerpt":{"rendered":"<p>Marokkanischer Korb, handgefertigt aus nat\u00fcrlichem Rattan, geflochten mit Goldfaden. Erh\u00e4ltlich in drei Farben: Rosa, Schwarz und Blau.<\/p>\n<p>Verleihen Sie Ihrem Zuhause einen Hauch von Marokko mit diesem wundersch\u00f6nen Korb. K\u00f6rbe sorgen f\u00fcr einen warmen Innenraum und sind gleichzeitig sehr praktisch zur Aufbewahrung.<\/p>\n<p>Die Kurve betr\u00e4gt ca. 15 cm hoch ohne Deckel und 30 cm mit. 13 cm Durchmesser.<\/p>\n<p>Der Korb ist handgefertigt und es kann zu Gr\u00f6\u00dfenunterschieden und kleinen Unvollkommenheiten kommen.<\/p>","protected":false},"featured_media":41221,"template":"","meta":{"inline_featured_image":false},"product_brand":[],"product_cat":[55,51],"product_tag":[],"class_list":{"0":"post-4831","1":"product","2":"type-product","3":"status-publish","4":"has-post-thumbnail","6":"product_cat-kurve","7":"product_cat-opbevaring","9":"first","10":"instock","11":"taxable","12":"shipping-taxable","13":"purchasable","14":"product-type-variable"},"exclude_global_add_ons":[],"addons":[],"yoast_head":"<!-- This site is optimized with the Yoast SEO plugin v27.5 - https:\/\/yoast.com\/product\/yoast-seo-wordpress\/ -->\n<title>Lille kurv med guldm\u00f8nster<\/title>\n<meta name=\"description\" content=\"H\u00e5ndlavet marokkansk rattan-kurv, flettet af naturmaterialer. Giver varme, hygge og et touch af Marokko i ethvert rum. Stort udvalg af kurve hus Tibladin.\" \/>\n<meta name=\"robots\" content=\"index, follow, max-snippet:-1, max-image-preview:large, max-video-preview:-1\" \/>\n<link rel=\"canonical\" href=\"https:\/\/tibladin.dk\/de\/produkt\/kleiner-korb-mit-goldmuster\/\" \/>\n<meta property=\"og:locale\" content=\"de_DE\" \/>\n<meta property=\"og:type\" content=\"article\" \/>\n<meta property=\"og:title\" content=\"Lille kurv med guldm\u00f8nster\" \/>\n<meta property=\"og:description\" content=\"H\u00e5ndlavet marokkansk rattan-kurv, flettet af naturmaterialer. Giver varme, hygge og et touch af Marokko i ethvert rum. Stort udvalg af kurve hus Tibladin.\" \/>\n<meta property=\"og:url\" content=\"https:\/\/tibladin.dk\/de\/produkt\/kleiner-korb-mit-goldmuster\/\" \/>\n<meta property=\"og:site_name\" content=\"Tibladin\" \/>\n<meta property=\"article:modified_time\" content=\"2025-11-15T11:44:08+00:00\" \/>\n<meta property=\"og:image\" content=\"https:\/\/tibladin.dk\/wp-content\/uploads\/2022\/11\/Smaa-kurve-fl-farver_2.jpeg\" \/>\n\t<meta property=\"og:image:width\" content=\"800\" \/>\n\t<meta property=\"og:image:height\" content=\"800\" \/>\n\t<meta property=\"og:image:type\" content=\"image\/jpeg\" \/>\n<meta name=\"twitter:card\" content=\"summary_large_image\" \/>\n<meta name=\"twitter:label1\" content=\"Gesch\u00e4tzte Lesezeit\" \/>\n\t<meta name=\"twitter:data1\" content=\"2\u00a0Minuten\" \/>\n<script type=\"application\/ld+json\" class=\"yoast-schema-graph\">{\"@context\":\"https:\\\/\\\/schema.org\",\"@graph\":[{\"@type\":\"WebPage\",\"@id\":\"https:\\\/\\\/tibladin.dk\\\/produkt\\\/lille-kurv-med-guldmoenster\\\/\",\"url\":\"https:\\\/\\\/tibladin.dk\\\/produkt\\\/lille-kurv-med-guldmoenster\\\/\",\"name\":\"Lille kurv med guldm\u00f8nster\",\"isPartOf\":{\"@id\":\"https:\\\/\\\/tibladin.dk\\\/#website\"},\"primaryImageOfPage\":{\"@id\":\"https:\\\/\\\/tibladin.dk\\\/produkt\\\/lille-kurv-med-guldmoenster\\\/#primaryimage\"},\"image\":{\"@id\":\"https:\\\/\\\/tibladin.dk\\\/produkt\\\/lille-kurv-med-guldmoenster\\\/#primaryimage\"},\"thumbnailUrl\":\"https:\\\/\\\/tibladin.dk\\\/wp-content\\\/uploads\\\/2022\\\/11\\\/Smaa-kurve-fl-farver_2.jpeg\",\"datePublished\":\"2022-11-07T14:01:35+00:00\",\"dateModified\":\"2025-11-15T11:44:08+00:00\",\"description\":\"H\u00e5ndlavet marokkansk rattan-kurv, flettet af naturmaterialer. Giver varme, hygge og et touch af Marokko i ethvert rum. Stort udvalg af kurve hus Tibladin.\",\"breadcrumb\":{\"@id\":\"https:\\\/\\\/tibladin.dk\\\/produkt\\\/lille-kurv-med-guldmoenster\\\/#breadcrumb\"},\"inLanguage\":\"de\",\"potentialAction\":[{\"@type\":\"ReadAction\",\"target\":[\"https:\\\/\\\/tibladin.dk\\\/produkt\\\/lille-kurv-med-guldmoenster\\\/\"]}]},{\"@type\":\"ImageObject\",\"inLanguage\":\"de\",\"@id\":\"https:\\\/\\\/tibladin.dk\\\/produkt\\\/lille-kurv-med-guldmoenster\\\/#primaryimage\",\"url\":\"https:\\\/\\\/tibladin.dk\\\/wp-content\\\/uploads\\\/2022\\\/11\\\/Smaa-kurve-fl-farver_2.jpeg\",\"contentUrl\":\"https:\\\/\\\/tibladin.dk\\\/wp-content\\\/uploads\\\/2022\\\/11\\\/Smaa-kurve-fl-farver_2.jpeg\",\"width\":800,\"height\":800,\"caption\":\"lille kurv med guldm\u00f8nster_flere farver\"},{\"@type\":\"BreadcrumbList\",\"@id\":\"https:\\\/\\\/tibladin.dk\\\/produkt\\\/lille-kurv-med-guldmoenster\\\/#breadcrumb\",\"itemListElement\":[{\"@type\":\"ListItem\",\"position\":1,\"name\":\"Hjem\",\"item\":\"https:\\\/\\\/tibladin.dk\\\/\"},{\"@type\":\"ListItem\",\"position\":2,\"name\":\"Shop\",\"item\":\"https:\\\/\\\/tibladin.dk\\\/shop\\\/\"},{\"@type\":\"ListItem\",\"position\":3,\"name\":\"Lille kurv med guldm\u00f8nster\"}]},{\"@type\":\"WebSite\",\"@id\":\"https:\\\/\\\/tibladin.dk\\\/#website\",\"url\":\"https:\\\/\\\/tibladin.dk\\\/\",\"name\":\"Tibladin\",\"description\":\"Tibladin\",\"publisher\":{\"@id\":\"https:\\\/\\\/tibladin.dk\\\/#organization\"},\"potentialAction\":[{\"@type\":\"SearchAction\",\"target\":{\"@type\":\"EntryPoint\",\"urlTemplate\":\"https:\\\/\\\/tibladin.dk\\\/?s={search_term_string}\"},\"query-input\":{\"@type\":\"PropertyValueSpecification\",\"valueRequired\":true,\"valueName\":\"search_term_string\"}}],\"inLanguage\":\"de\"},{\"@type\":\"Organization\",\"@id\":\"https:\\\/\\\/tibladin.dk\\\/#organization\",\"name\":\"Tibladin\",\"url\":\"https:\\\/\\\/tibladin.dk\\\/\",\"logo\":{\"@type\":\"ImageObject\",\"inLanguage\":\"de\",\"@id\":\"https:\\\/\\\/tibladin.dk\\\/#\\\/schema\\\/logo\\\/image\\\/\",\"url\":\"https:\\\/\\\/tibladin.dk\\\/wp-content\\\/uploads\\\/2022\\\/09\\\/tibladin_logo.svg\",\"contentUrl\":\"https:\\\/\\\/tibladin.dk\\\/wp-content\\\/uploads\\\/2022\\\/09\\\/tibladin_logo.svg\",\"caption\":\"Tibladin\"},\"image\":{\"@id\":\"https:\\\/\\\/tibladin.dk\\\/#\\\/schema\\\/logo\\\/image\\\/\"}}]}<\/script>\n<!-- \/ Yoast SEO plugin. -->","yoast_head_json":{"title":"Kleiner Korb mit Goldmuster","description":"Handgefertigter marokkanischer Rattankorb, geflochten aus nat\u00fcrlichen Materialien. Sorgt f\u00fcr W\u00e4rme, Gem\u00fctlichkeit und einen Hauch von Marokko in jedem Raum. Gro\u00dfe Auswahl an Korbh\u00e4usern von Tibladin.","robots":{"index":"index","follow":"follow","max-snippet":"max-snippet:-1","max-image-preview":"max-image-preview:large","max-video-preview":"max-video-preview:-1"},"canonical":"https:\/\/tibladin.dk\/de\/produkt\/kleiner-korb-mit-goldmuster\/","og_locale":"de_DE","og_type":"article","og_title":"Lille kurv med guldm\u00f8nster","og_description":"H\u00e5ndlavet marokkansk rattan-kurv, flettet af naturmaterialer. Giver varme, hygge og et touch af Marokko i ethvert rum. Stort udvalg af kurve hus Tibladin.","og_url":"https:\/\/tibladin.dk\/de\/produkt\/kleiner-korb-mit-goldmuster\/","og_site_name":"Tibladin","article_modified_time":"2025-11-15T11:44:08+00:00","og_image":[{"width":800,"height":800,"url":"https:\/\/tibladin.dk\/wp-content\/uploads\/2022\/11\/Smaa-kurve-fl-farver_2.jpeg","type":"image\/jpeg"}],"twitter_card":"summary_large_image","twitter_misc":{"Gesch\u00e4tzte Lesezeit":"2\u00a0Minuten"},"schema":{"@context":"https:\/\/schema.org","@graph":[{"@type":"WebPage","@id":"https:\/\/tibladin.dk\/produkt\/lille-kurv-med-guldmoenster\/","url":"https:\/\/tibladin.dk\/produkt\/lille-kurv-med-guldmoenster\/","name":"Kleiner Korb mit Goldmuster","isPartOf":{"@id":"https:\/\/tibladin.dk\/#website"},"primaryImageOfPage":{"@id":"https:\/\/tibladin.dk\/produkt\/lille-kurv-med-guldmoenster\/#primaryimage"},"image":{"@id":"https:\/\/tibladin.dk\/produkt\/lille-kurv-med-guldmoenster\/#primaryimage"},"thumbnailUrl":"https:\/\/tibladin.dk\/wp-content\/uploads\/2022\/11\/Smaa-kurve-fl-farver_2.jpeg","datePublished":"2022-11-07T14:01:35+00:00","dateModified":"2025-11-15T11:44:08+00:00","description":"Handgefertigter marokkanischer Rattankorb, geflochten aus nat\u00fcrlichen Materialien. Sorgt f\u00fcr W\u00e4rme, Gem\u00fctlichkeit und einen Hauch von Marokko in jedem Raum. Gro\u00dfe Auswahl an Korbh\u00e4usern von Tibladin.","breadcrumb":{"@id":"https:\/\/tibladin.dk\/produkt\/lille-kurv-med-guldmoenster\/#breadcrumb"},"inLanguage":"de","potentialAction":[{"@type":"ReadAction","target":["https:\/\/tibladin.dk\/produkt\/lille-kurv-med-guldmoenster\/"]}]},{"@type":"ImageObject","inLanguage":"de","@id":"https:\/\/tibladin.dk\/produkt\/lille-kurv-med-guldmoenster\/#primaryimage","url":"https:\/\/tibladin.dk\/wp-content\/uploads\/2022\/11\/Smaa-kurve-fl-farver_2.jpeg","contentUrl":"https:\/\/tibladin.dk\/wp-content\/uploads\/2022\/11\/Smaa-kurve-fl-farver_2.jpeg","width":800,"height":800,"caption":"lille kurv med guldm\u00f8nster_flere farver"},{"@type":"BreadcrumbList","@id":"https:\/\/tibladin.dk\/produkt\/lille-kurv-med-guldmoenster\/#breadcrumb","itemListElement":[{"@type":"ListItem","position":1,"name":"Hjem","item":"https:\/\/tibladin.dk\/"},{"@type":"ListItem","position":2,"name":"Shop","item":"https:\/\/tibladin.dk\/shop\/"},{"@type":"ListItem","position":3,"name":"Lille kurv med guldm\u00f8nster"}]},{"@type":"WebSite","@id":"https:\/\/tibladin.dk\/#website","url":"https:\/\/tibladin.dk\/","name":"Tibladin","description":"Tibladin","publisher":{"@id":"https:\/\/tibladin.dk\/#organization"},"potentialAction":[{"@type":"SearchAction","target":{"@type":"EntryPoint","urlTemplate":"https:\/\/tibladin.dk\/?s={search_term_string}"},"query-input":{"@type":"PropertyValueSpecification","valueRequired":true,"valueName":"search_term_string"}}],"inLanguage":"de"},{"@type":"Organization","@id":"https:\/\/tibladin.dk\/#organization","name":"Tibladin","url":"https:\/\/tibladin.dk\/","logo":{"@type":"ImageObject","inLanguage":"de","@id":"https:\/\/tibladin.dk\/#\/schema\/logo\/image\/","url":"https:\/\/tibladin.dk\/wp-content\/uploads\/2022\/09\/tibladin_logo.svg","contentUrl":"https:\/\/tibladin.dk\/wp-content\/uploads\/2022\/09\/tibladin_logo.svg","caption":"Tibladin"},"image":{"@id":"https:\/\/tibladin.dk\/#\/schema\/logo\/image\/"}}]}},"_links":{"self":[{"href":"https:\/\/tibladin.dk\/de\/wp-json\/wp\/v2\/product\/4831","targetHints":{"allow":["GET"]}}],"collection":[{"href":"https:\/\/tibladin.dk\/de\/wp-json\/wp\/v2\/product"}],"about":[{"href":"https:\/\/tibladin.dk\/de\/wp-json\/wp\/v2\/types\/product"}],"wp:featuredmedia":[{"embeddable":true,"href":"https:\/\/tibladin.dk\/de\/wp-json\/wp\/v2\/media\/41221"}],"wp:attachment":[{"href":"https:\/\/tibladin.dk\/de\/wp-json\/wp\/v2\/media?parent=4831"}],"wp:term":[{"taxonomy":"product_brand","embeddable":true,"href":"https:\/\/tibladin.dk\/de\/wp-json\/wp\/v2\/product_brand?post=4831"},{"taxonomy":"product_cat","embeddable":true,"href":"https:\/\/tibladin.dk\/de\/wp-json\/wp\/v2\/product_cat?post=4831"},{"taxonomy":"product_tag","embeddable":true,"href":"https:\/\/tibladin.dk\/de\/wp-json\/wp\/v2\/product_tag?post=4831"}],"curies":[{"name":"wp","href":"https:\/\/api.w.org\/{rel}","templated":true}]}}