{"id":5613,"date":"2025-08-18T11:04:48","date_gmt":"2025-08-18T09:04:48","guid":{"rendered":"https:\/\/tibladin.dk\/?post_type=product&#038;p=5613"},"modified":"2026-02-26T14:33:53","modified_gmt":"2026-02-26T13:33:53","slug":"beni-ouarain-196x290-cm-amira","status":"publish","type":"product","link":"https:\/\/tibladin.dk\/de\/produkt\/beni-ouarain-196x290-cm-amira\/","title":{"rendered":"Beni Ouarain 196\u00d7290 cm \u2013 AMIRA"},"content":{"rendered":"<div class=\"wpb-content-wrapper\"><div class=\"vc_row wpb_row vc_row-fluid\"><div class=\"wpb_column vc_column_container vc_col-sm-4\"><div class=\"vc_column-inner\"><div class=\"wpb_wrapper\"><\/div><\/div><\/div><div class=\"wpb_column vc_column_container vc_col-sm-4\"><div class=\"vc_column-inner\"><div class=\"wpb_wrapper\"><h3 style=\"text-align: left\" class=\"vc_custom_heading vc_do_custom_heading\" >Wartung<\/h3>\n\t<div class=\"wpb_text_column wpb_content_element\" >\n\t\t<div class=\"wpb_wrapper\">\n\t\t\t<p>Saugen Sie den Teppich regelm\u00e4\u00dfig ab, bringen Sie ihn nach drau\u00dfen und sch\u00fctteln Sie ihn ab und zu. Flecken werden entfernt, indem man den Fleck schnellstm\u00f6glich mit einem Tuch aufsaugt und den Fleck anschlie\u00dfend mit einem feuchten Tuch abtupft. Der Teppich besteht zu 100 % aus reiner Wolle und ist auf jeder Faser von Natur aus mit Lanolin beschichtet, sodass Flecken nicht in den Teppich eindringen. Sollten wir das Gl\u00fcck haben, in einem Winter in D\u00e4nemark Schnee zu bekommen, dann breiten wir endlich die Decke im wei\u00dfen Schnee aus. Dadurch wird der Teppich gr\u00fcndlich gereinigt \u2013 ganz nat\u00fcrlich.<\/p>\n\n\t\t<\/div>\n\t<\/div>\n<\/div><\/div><\/div><div class=\"wpb_column vc_column_container vc_col-sm-4\"><div class=\"vc_column-inner\"><div class=\"wpb_wrapper\"><h3 style=\"text-align: left\" class=\"vc_custom_heading vc_do_custom_heading\" >Die Geschichte dahinter<\/h3>\n\t<div class=\"wpb_text_column wpb_content_element\" >\n\t\t<div class=\"wpb_wrapper\">\n\t\t\t<p>Teppiche schm\u00fccken, sorgen f\u00fcr Gem\u00fctlichkeit und W\u00e4rme und sind zudem ger\u00e4uschabsorbierend.<\/p>\n<p>Beni Ouarain-Teppiche erfreuen sich auf der ganzen Welt gro\u00dfer Beliebtheit und passen auch sehr gut zur skandinavischen Einrichtung. Viele Interior-Marken haben den Beni Ouarain-Stil kopiert und industriell herstellen lassen. Hier bei Tibladin haben wir nur originale Beni Ouarain-Teppiche, die von Frauen des Berberstamms Beni Ouarain, der s\u00fcdlich des Rif-Gebirges in Marokko beheimatet ist, von Hand gefertigt wurden. Die Decken werden vom Berberstamm verwendet, um sich zuzudecken und darauf zu liegen, wenn sie schlafen m\u00fcssen. Jeder Teppich ist ein Kunstwerk und wird im Gegensatz zu Orientteppichen nicht nach Vorbild, sondern nur nach den eigenen W\u00fcnschen der Frauen hergestellt und symbolisiert oft die Gef\u00fchle, die die Frauen beim Weben hatten. Die Rautenform vieler Teppiche sch\u00fctzt vor dem B\u00f6sen. Die Farbt\u00f6ne sind in den Farben Wei\u00df, Beige, Braun und Schwarz nat\u00fcrlich.<\/p>\n<p>Werfen Sie Ihre Schuhe weg und sp\u00fcren Sie die weiche Wolle unter Ihren F\u00fc\u00dfen!<\/p>\n\n\t\t<\/div>\n\t<\/div>\n<\/div><\/div><\/div><\/div>\n<\/div>","protected":false},"excerpt":{"rendered":"<ul class=\"ul1\">\n<li class=\"li1\">Der Beni Ourain-Teppich hat eine Basis aus hellem Kelim, der wundersch\u00f6n im 3D-Format erscheint. Die leichte, flauschige Wolle bildet ein gleichm\u00e4\u00dfiges Zickzackmuster.<\/li>\n<li class=\"li1\">Handgewebter marokkanischer Teppich aus 100%-Wolle.<\/li>\n<\/ul>\n<p class=\"p1\">Hier ist der Teppich f\u00fcr Sie, der einen langen Flur oder einen Bereich im Haus hat, in dem dieser Teppich durchgehend verlegt werden kann. Der Teppich wird von Berberfrauen der Beni Ouarain-St\u00e4mme im marokkanischen Atlasgebirge hergestellt.<\/p>\n<p class=\"p1\"><b>Der Teppich misst 196\u00d7290 cm.<\/b><\/p>","protected":false},"featured_media":39105,"template":"","meta":{"inline_featured_image":false},"product_brand":[],"product_cat":[62,59],"product_tag":[],"class_list":{"0":"post-5613","1":"product","2":"type-product","3":"status-publish","4":"has-post-thumbnail","6":"product_cat-beni-ouarain","7":"product_cat-marokkanske-taepper","9":"first","10":"instock","11":"taxable","12":"shipping-taxable","13":"purchasable","14":"product-type-simple"},"exclude_global_add_ons":[],"addons":[],"yoast_head":"<!-- This site is optimized with the Yoast SEO plugin v27.4 - https:\/\/yoast.com\/product\/yoast-seo-wordpress\/ -->\n<title>Beni Ouarain t\u00e6ppe | Med harmoniske farver | Klik her og se!<\/title>\n<meta name=\"description\" content=\"Marokkansk t\u00e6ppe Beni Ouarain i 100% uld. Dejligt lyst t\u00e6ppe med en bund af lys kelim i zig zag m\u00f8nster. Smukt lyst t\u00e6ppe med et touch af Marokko.\" \/>\n<meta name=\"robots\" content=\"index, follow, max-snippet:-1, max-image-preview:large, max-video-preview:-1\" \/>\n<link rel=\"canonical\" href=\"https:\/\/tibladin.dk\/de\/produkt\/beni-ouarain-196x290-cm-amira\/\" \/>\n<meta property=\"og:locale\" content=\"de_DE\" \/>\n<meta property=\"og:type\" content=\"article\" \/>\n<meta property=\"og:title\" content=\"Beni Ouarain t\u00e6ppe | Med harmoniske farver | Klik her og se!\" \/>\n<meta property=\"og:description\" content=\"Marokkansk t\u00e6ppe Beni Ouarain i 100% uld. Dejligt lyst t\u00e6ppe med en bund af lys kelim i zig zag m\u00f8nster. Smukt lyst t\u00e6ppe med et touch af Marokko.\" \/>\n<meta property=\"og:url\" content=\"https:\/\/tibladin.dk\/de\/produkt\/beni-ouarain-196x290-cm-amira\/\" \/>\n<meta property=\"og:site_name\" content=\"Tibladin\" \/>\n<meta property=\"article:modified_time\" content=\"2026-02-26T13:33:53+00:00\" \/>\n<meta property=\"og:image\" content=\"https:\/\/tibladin.dk\/wp-content\/uploads\/2022\/11\/AMIRA-196x290-cm_1.jpg\" \/>\n\t<meta property=\"og:image:width\" content=\"800\" \/>\n\t<meta property=\"og:image:height\" content=\"800\" \/>\n\t<meta property=\"og:image:type\" content=\"image\/jpeg\" \/>\n<meta name=\"twitter:card\" content=\"summary_large_image\" \/>\n<meta name=\"twitter:label1\" content=\"Gesch\u00e4tzte Lesezeit\" \/>\n\t<meta name=\"twitter:data1\" content=\"2\u00a0Minuten\" \/>\n<script type=\"application\/ld+json\" class=\"yoast-schema-graph\">{\"@context\":\"https:\\\/\\\/schema.org\",\"@graph\":[{\"@type\":\"WebPage\",\"@id\":\"https:\\\/\\\/tibladin.dk\\\/produkt\\\/beni-ouarain-196x290-cm-amira\\\/\",\"url\":\"https:\\\/\\\/tibladin.dk\\\/produkt\\\/beni-ouarain-196x290-cm-amira\\\/\",\"name\":\"Beni Ouarain t\u00e6ppe | Med harmoniske farver | Klik her og se!\",\"isPartOf\":{\"@id\":\"https:\\\/\\\/tibladin.dk\\\/#website\"},\"primaryImageOfPage\":{\"@id\":\"https:\\\/\\\/tibladin.dk\\\/produkt\\\/beni-ouarain-196x290-cm-amira\\\/#primaryimage\"},\"image\":{\"@id\":\"https:\\\/\\\/tibladin.dk\\\/produkt\\\/beni-ouarain-196x290-cm-amira\\\/#primaryimage\"},\"thumbnailUrl\":\"https:\\\/\\\/tibladin.dk\\\/wp-content\\\/uploads\\\/2022\\\/11\\\/AMIRA-196x290-cm_1.jpg\",\"datePublished\":\"2025-08-18T09:04:48+00:00\",\"dateModified\":\"2026-02-26T13:33:53+00:00\",\"description\":\"Marokkansk t\u00e6ppe Beni Ouarain i 100% uld. Dejligt lyst t\u00e6ppe med en bund af lys kelim i zig zag m\u00f8nster. Smukt lyst t\u00e6ppe med et touch af Marokko.\",\"breadcrumb\":{\"@id\":\"https:\\\/\\\/tibladin.dk\\\/produkt\\\/beni-ouarain-196x290-cm-amira\\\/#breadcrumb\"},\"inLanguage\":\"de\",\"potentialAction\":[{\"@type\":\"ReadAction\",\"target\":[\"https:\\\/\\\/tibladin.dk\\\/produkt\\\/beni-ouarain-196x290-cm-amira\\\/\"]}]},{\"@type\":\"ImageObject\",\"inLanguage\":\"de\",\"@id\":\"https:\\\/\\\/tibladin.dk\\\/produkt\\\/beni-ouarain-196x290-cm-amira\\\/#primaryimage\",\"url\":\"https:\\\/\\\/tibladin.dk\\\/wp-content\\\/uploads\\\/2022\\\/11\\\/AMIRA-196x290-cm_1.jpg\",\"contentUrl\":\"https:\\\/\\\/tibladin.dk\\\/wp-content\\\/uploads\\\/2022\\\/11\\\/AMIRA-196x290-cm_1.jpg\",\"width\":800,\"height\":800,\"caption\":\"beni-ouarain-196x290-cm-amira\"},{\"@type\":\"BreadcrumbList\",\"@id\":\"https:\\\/\\\/tibladin.dk\\\/produkt\\\/beni-ouarain-196x290-cm-amira\\\/#breadcrumb\",\"itemListElement\":[{\"@type\":\"ListItem\",\"position\":1,\"name\":\"Hjem\",\"item\":\"https:\\\/\\\/tibladin.dk\\\/\"},{\"@type\":\"ListItem\",\"position\":2,\"name\":\"Shop\",\"item\":\"https:\\\/\\\/tibladin.dk\\\/shop\\\/\"},{\"@type\":\"ListItem\",\"position\":3,\"name\":\"Beni Ouarain 196&#215;290 cm &#8211; AMIRA\"}]},{\"@type\":\"WebSite\",\"@id\":\"https:\\\/\\\/tibladin.dk\\\/#website\",\"url\":\"https:\\\/\\\/tibladin.dk\\\/\",\"name\":\"Tibladin\",\"description\":\"Tibladin\",\"publisher\":{\"@id\":\"https:\\\/\\\/tibladin.dk\\\/#organization\"},\"potentialAction\":[{\"@type\":\"SearchAction\",\"target\":{\"@type\":\"EntryPoint\",\"urlTemplate\":\"https:\\\/\\\/tibladin.dk\\\/?s={search_term_string}\"},\"query-input\":{\"@type\":\"PropertyValueSpecification\",\"valueRequired\":true,\"valueName\":\"search_term_string\"}}],\"inLanguage\":\"de\"},{\"@type\":\"Organization\",\"@id\":\"https:\\\/\\\/tibladin.dk\\\/#organization\",\"name\":\"Tibladin\",\"url\":\"https:\\\/\\\/tibladin.dk\\\/\",\"logo\":{\"@type\":\"ImageObject\",\"inLanguage\":\"de\",\"@id\":\"https:\\\/\\\/tibladin.dk\\\/#\\\/schema\\\/logo\\\/image\\\/\",\"url\":\"https:\\\/\\\/tibladin.dk\\\/wp-content\\\/uploads\\\/2022\\\/09\\\/tibladin_logo.svg\",\"contentUrl\":\"https:\\\/\\\/tibladin.dk\\\/wp-content\\\/uploads\\\/2022\\\/09\\\/tibladin_logo.svg\",\"caption\":\"Tibladin\"},\"image\":{\"@id\":\"https:\\\/\\\/tibladin.dk\\\/#\\\/schema\\\/logo\\\/image\\\/\"}}]}<\/script>\n<!-- \/ Yoast SEO plugin. -->","yoast_head_json":{"title":"Beni Ouarain Teppich | Mit harmonischen Farben | Klicken Sie hier und sehen Sie!","description":"Marokkanischer Teppich Beni Ouarain aus 100% Wolle. Sch\u00f6ner heller Teppich mit einer Basis aus hellem Kelim im Zickzackmuster. Sch\u00f6ner heller Teppich mit einem Hauch von Marokko.","robots":{"index":"index","follow":"follow","max-snippet":"max-snippet:-1","max-image-preview":"max-image-preview:large","max-video-preview":"max-video-preview:-1"},"canonical":"https:\/\/tibladin.dk\/de\/produkt\/beni-ouarain-196x290-cm-amira\/","og_locale":"de_DE","og_type":"article","og_title":"Beni Ouarain t\u00e6ppe | Med harmoniske farver | Klik her og se!","og_description":"Marokkansk t\u00e6ppe Beni Ouarain i 100% uld. Dejligt lyst t\u00e6ppe med en bund af lys kelim i zig zag m\u00f8nster. Smukt lyst t\u00e6ppe med et touch af Marokko.","og_url":"https:\/\/tibladin.dk\/de\/produkt\/beni-ouarain-196x290-cm-amira\/","og_site_name":"Tibladin","article_modified_time":"2026-02-26T13:33:53+00:00","og_image":[{"width":800,"height":800,"url":"https:\/\/tibladin.dk\/wp-content\/uploads\/2022\/11\/AMIRA-196x290-cm_1.jpg","type":"image\/jpeg"}],"twitter_card":"summary_large_image","twitter_misc":{"Gesch\u00e4tzte Lesezeit":"2\u00a0Minuten"},"schema":{"@context":"https:\/\/schema.org","@graph":[{"@type":"WebPage","@id":"https:\/\/tibladin.dk\/produkt\/beni-ouarain-196x290-cm-amira\/","url":"https:\/\/tibladin.dk\/produkt\/beni-ouarain-196x290-cm-amira\/","name":"Beni Ouarain Teppich | Mit harmonischen Farben | Klicken Sie hier und sehen Sie!","isPartOf":{"@id":"https:\/\/tibladin.dk\/#website"},"primaryImageOfPage":{"@id":"https:\/\/tibladin.dk\/produkt\/beni-ouarain-196x290-cm-amira\/#primaryimage"},"image":{"@id":"https:\/\/tibladin.dk\/produkt\/beni-ouarain-196x290-cm-amira\/#primaryimage"},"thumbnailUrl":"https:\/\/tibladin.dk\/wp-content\/uploads\/2022\/11\/AMIRA-196x290-cm_1.jpg","datePublished":"2025-08-18T09:04:48+00:00","dateModified":"2026-02-26T13:33:53+00:00","description":"Marokkanischer Teppich Beni Ouarain aus 100% Wolle. Sch\u00f6ner heller Teppich mit einer Basis aus hellem Kelim im Zickzackmuster. Sch\u00f6ner heller Teppich mit einem Hauch von Marokko.","breadcrumb":{"@id":"https:\/\/tibladin.dk\/produkt\/beni-ouarain-196x290-cm-amira\/#breadcrumb"},"inLanguage":"de","potentialAction":[{"@type":"ReadAction","target":["https:\/\/tibladin.dk\/produkt\/beni-ouarain-196x290-cm-amira\/"]}]},{"@type":"ImageObject","inLanguage":"de","@id":"https:\/\/tibladin.dk\/produkt\/beni-ouarain-196x290-cm-amira\/#primaryimage","url":"https:\/\/tibladin.dk\/wp-content\/uploads\/2022\/11\/AMIRA-196x290-cm_1.jpg","contentUrl":"https:\/\/tibladin.dk\/wp-content\/uploads\/2022\/11\/AMIRA-196x290-cm_1.jpg","width":800,"height":800,"caption":"beni-ouarain-196x290-cm-amira"},{"@type":"BreadcrumbList","@id":"https:\/\/tibladin.dk\/produkt\/beni-ouarain-196x290-cm-amira\/#breadcrumb","itemListElement":[{"@type":"ListItem","position":1,"name":"Hjem","item":"https:\/\/tibladin.dk\/"},{"@type":"ListItem","position":2,"name":"Shop","item":"https:\/\/tibladin.dk\/shop\/"},{"@type":"ListItem","position":3,"name":"Beni Ouarain 196&#215;290 cm &#8211; AMIRA"}]},{"@type":"WebSite","@id":"https:\/\/tibladin.dk\/#website","url":"https:\/\/tibladin.dk\/","name":"Tibladin","description":"Tibladin","publisher":{"@id":"https:\/\/tibladin.dk\/#organization"},"potentialAction":[{"@type":"SearchAction","target":{"@type":"EntryPoint","urlTemplate":"https:\/\/tibladin.dk\/?s={search_term_string}"},"query-input":{"@type":"PropertyValueSpecification","valueRequired":true,"valueName":"search_term_string"}}],"inLanguage":"de"},{"@type":"Organization","@id":"https:\/\/tibladin.dk\/#organization","name":"Tibladin","url":"https:\/\/tibladin.dk\/","logo":{"@type":"ImageObject","inLanguage":"de","@id":"https:\/\/tibladin.dk\/#\/schema\/logo\/image\/","url":"https:\/\/tibladin.dk\/wp-content\/uploads\/2022\/09\/tibladin_logo.svg","contentUrl":"https:\/\/tibladin.dk\/wp-content\/uploads\/2022\/09\/tibladin_logo.svg","caption":"Tibladin"},"image":{"@id":"https:\/\/tibladin.dk\/#\/schema\/logo\/image\/"}}]}},"_links":{"self":[{"href":"https:\/\/tibladin.dk\/de\/wp-json\/wp\/v2\/product\/5613","targetHints":{"allow":["GET"]}}],"collection":[{"href":"https:\/\/tibladin.dk\/de\/wp-json\/wp\/v2\/product"}],"about":[{"href":"https:\/\/tibladin.dk\/de\/wp-json\/wp\/v2\/types\/product"}],"wp:featuredmedia":[{"embeddable":true,"href":"https:\/\/tibladin.dk\/de\/wp-json\/wp\/v2\/media\/39105"}],"wp:attachment":[{"href":"https:\/\/tibladin.dk\/de\/wp-json\/wp\/v2\/media?parent=5613"}],"wp:term":[{"taxonomy":"product_brand","embeddable":true,"href":"https:\/\/tibladin.dk\/de\/wp-json\/wp\/v2\/product_brand?post=5613"},{"taxonomy":"product_cat","embeddable":true,"href":"https:\/\/tibladin.dk\/de\/wp-json\/wp\/v2\/product_cat?post=5613"},{"taxonomy":"product_tag","embeddable":true,"href":"https:\/\/tibladin.dk\/de\/wp-json\/wp\/v2\/product_tag?post=5613"}],"curies":[{"name":"wp","href":"https:\/\/api.w.org\/{rel}","templated":true}]}}