{"id":573,"date":"2022-09-20T11:03:10","date_gmt":"2022-09-20T09:03:10","guid":{"rendered":"https:\/\/tibladin.dk\/vare\/fjer-vaegdekoration-juju-hat-lysebrun-str-l\/"},"modified":"2024-12-09T14:59:30","modified_gmt":"2024-12-09T13:59:30","slug":"feder-wanddekoration-juju-hut-hellbraun-grose-l","status":"publish","type":"product","link":"https:\/\/tibladin.dk\/de\/produkt\/fjer-vaegdekoration-juju-hat-lysebrun-str-l\/","title":{"rendered":"Feder-Wanddekoration Juju-Hut \u2013 hellbraun Gr\u00f6\u00dfe L"},"content":{"rendered":"<div class=\"wpb-content-wrapper\"><div class=\"vc_row wpb_row vc_row-fluid\"><div class=\"wpb_column vc_column_container vc_col-sm-4\"><div class=\"vc_column-inner\"><div class=\"wpb_wrapper\">\n\t<div class=\"wpb_video_widget wpb_content_element vc_clearfix   vc_video-aspect-ratio-43 vc_video-el-width-100 vc_video-align-left\" >\n\t\t<div class=\"wpb_wrapper\">\n\t\t\t\n\t\t\t<div class=\"wpb_video_wrapper\"><div class=\"video-container\"><iframe loading=\"lazy\" title=\"Tibladin_Juju-H\u00fcte\" src=\"https:\/\/player.vimeo.com\/video\/416817931?dnt=1&amp;app_id=122963\" width=\"310\" height=\"310\" frameborder=\"0\" allow=\"autoplay; fullscreen; picture-in-picture\"><\/iframe><\/div><\/div>\n\t\t<\/div>\n\t<\/div>\n<\/div><\/div><\/div><div class=\"wpb_column vc_column_container vc_col-sm-4\"><div class=\"vc_column-inner\"><div class=\"wpb_wrapper\"><h3 style=\"text-align: left\" class=\"vc_custom_heading vc_do_custom_heading\" >Wartung<\/h3>\n\t<div class=\"wpb_text_column wpb_content_element\" >\n\t\t<div class=\"wpb_wrapper\">\n\t\t\t<p class=\"p1\">Sie erhalten Ihren Juju-Hut in einer sch\u00f6nen und wiederverwendbaren Tibladin-Stofftasche. Nachdem Sie den Hut auseinandergefaltet haben, k\u00f6nnen Sie die Federn entsprechend sanft mit einer weichen B\u00fcrste abb\u00fcrsten. Da Juju-H\u00fcte aus nat\u00fcrlichen Materialien \u2013 Federn und Bast \u2013 bestehen, k\u00f6nnen sie Motten anlocken. Der Hut wird daher mit einem kleinen Tibladin-Stoffbeutel gef\u00fcllt mit duftendem, getrocknetem Lavendel und einer Holzkugel aus reinem Zedernholz geliefert, die Sie auf der R\u00fcckseite Ihrer Dekoration aufh\u00e4ngen k\u00f6nnen. Sowohl der Stoffbeutel als auch der Inhalt bestehen aus biologischem und nachhaltigem Material. Sollte die Zedernkugel mit der Zeit ihren Duft verlieren, schleifen Sie sie einfach mit etwas Schleifpapier ab und der Duft kehrt zur\u00fcck. Tibladin empfiehlt au\u00dferdem, Ihren Juju-Hut alle zwei Monate mit einem Insektenspray einzuspr\u00fchen.<\/p>\n\n\t\t<\/div>\n\t<\/div>\n<\/div><\/div><\/div><div class=\"wpb_column vc_column_container vc_col-sm-4\"><div class=\"vc_column-inner\"><div class=\"wpb_wrapper\"><h3 style=\"text-align: left\" class=\"vc_custom_heading vc_do_custom_heading\" >Die Geschichte dahinter<\/h3>\n\t<div class=\"wpb_text_column wpb_content_element\" >\n\t\t<div class=\"wpb_wrapper\">\n\t\t\t<p class=\"p2\">Bei einer pers\u00f6nlichen Inneneinrichtung geht es auch ums \u00dcberraschen. Mit diesem dekorativen Juju-Hut verleihen Sie Ihren W\u00e4nden neues Leben. Jedes Kunstwerk ist ein Unikat und handgefertigt aus geflochtenem Rattan\/Bast, an dem echte H\u00fchnerfedern und andere Vogelfedern einzeln befestigt sind.<\/p>\n<p class=\"p2\">Juju-H\u00fcte werden in Kamerun in Afrika hergestellt und liegen in der Innenarchitekturwelt voll im Trend, wo die wundersch\u00f6nen Dekorationen die W\u00e4nde von Hotels, Restaurants und Privath\u00e4usern schm\u00fccken. Urspr\u00fcnglich wurden diese von der k\u00f6niglichen Familie in Kamerun als Haarschmuck f\u00fcr Zeremonien verwendet. Sie stellen die F\u00e4higkeit eines Anh\u00e4ngers dar, den Himmel zu erreichen.<\/p>\n<p class=\"p2\">Dekorieren Sie Ihre W\u00e4nde mit einer Mischung aus Bildern, Juju-H\u00fcten und Spiegeln und sorgen Sie f\u00fcr einen lebendigen und pers\u00f6nlichen Ausdruck.<\/p>\n<p class=\"p2\">Es wird gefaltet geliefert. Wenn Sie ihn erhalten, binden Sie die Schnur zusammen und entfalten den Juju-Hut. Platzieren Sie es auf einem Nagel an der Wand.<\/p>\n\n\t\t<\/div>\n\t<\/div>\n<\/div><\/div><\/div><\/div>\n<\/div>","protected":false},"excerpt":{"rendered":"<p class=\"p2\">Handgefertigter Juju-Hut mit feinen hellbraunen Federn in vielen verschiedenen Farbt\u00f6nen.<\/p>\n<p class=\"p2\">Der Juju-Hut ist eine pers\u00f6nliche und auff\u00e4llige Wanddekoration f\u00fcr Ihr Zuhause. Erh\u00e4ltlich in der Gr\u00f6\u00dfe L, die zwischen 60 und 65 cm gro\u00df ist und gefaltet in einem Bio-Stoffbeutel mit dazugeh\u00f6rigem kleinen Dufts\u00e4ckchen geliefert wird, das einfach an der R\u00fcckseite der M\u00fctze aufgeh\u00e4ngt werden kann.<\/p>\n<p class=\"p2\">","protected":false},"featured_media":569,"template":"","meta":{"inline_featured_image":false},"product_brand":[],"product_cat":[57,56],"product_tag":[],"class_list":{"0":"post-573","1":"product","2":"type-product","3":"status-publish","4":"has-post-thumbnail","6":"product_cat-fjerdekoration","7":"product_cat-vaegdekoration","9":"first","10":"instock","11":"taxable","12":"shipping-taxable","13":"purchasable","14":"product-type-simple"},"exclude_global_add_ons":false,"addons":[{"name":"M\u00f6chten Sie eine Geschenkverpackung?","type":"checkbox","position":0,"required":false,"title_format":"label","default":"","description_enable":false,"description":"","placeholder_enable":false,"placeholder":"","display":"images","restrictions_type":"any_text","adjust_price":false,"price":"","price_type":"flat_fee","restrictions":false,"min":"0","max":"0","options":[{"label":"Ja tak","price":"10","price_type":"flat_fee","image":11015,"visibility":true}],"id":1669646111}],"yoast_head":"<!-- This site is optimized with the Yoast SEO plugin v27.4 - https:\/\/yoast.com\/product\/yoast-seo-wordpress\/ -->\n<title>Fjer v\u00e6gdekoration juju hat - lysebrun str. L | Tibladin<\/title>\n<meta name=\"description\" content=\"V\u00e6gdekoration i fjer-juju hat - lys brun. H\u00e5ndlavet af lokale h\u00e5ndv\u00e6rkere i Cameroon i Afrika. Giver dine v\u00e6gge liv og personlighed.\" \/>\n<meta name=\"robots\" content=\"index, follow, max-snippet:-1, max-image-preview:large, max-video-preview:-1\" \/>\n<link rel=\"canonical\" href=\"https:\/\/tibladin.dk\/de\/produkt\/feder-wanddekoration-juju-hut-hellbraun-grose-l\/\" \/>\n<meta property=\"og:locale\" content=\"de_DE\" \/>\n<meta property=\"og:type\" content=\"article\" \/>\n<meta property=\"og:title\" content=\"Fjer v\u00e6gdekoration juju hat - lysebrun str. L | Tibladin\" \/>\n<meta property=\"og:description\" content=\"V\u00e6gdekoration i fjer-juju hat - lys brun. H\u00e5ndlavet af lokale h\u00e5ndv\u00e6rkere i Cameroon i Afrika. Giver dine v\u00e6gge liv og personlighed.\" \/>\n<meta property=\"og:url\" content=\"https:\/\/tibladin.dk\/de\/produkt\/feder-wanddekoration-juju-hut-hellbraun-grose-l\/\" \/>\n<meta property=\"og:site_name\" content=\"Tibladin\" \/>\n<meta property=\"article:modified_time\" content=\"2024-12-09T13:59:30+00:00\" \/>\n<meta property=\"og:image\" content=\"https:\/\/tibladin.dk\/wp-content\/uploads\/2022\/09\/Tibladin_juju-hat-lys-brun_800x800-1.jpg\" \/>\n\t<meta property=\"og:image:width\" content=\"800\" \/>\n\t<meta property=\"og:image:height\" content=\"800\" \/>\n\t<meta property=\"og:image:type\" content=\"image\/jpeg\" \/>\n<meta name=\"twitter:card\" content=\"summary_large_image\" \/>\n<meta name=\"twitter:label1\" content=\"Gesch\u00e4tzte Lesezeit\" \/>\n\t<meta name=\"twitter:data1\" content=\"2\u00a0Minuten\" \/>\n<script type=\"application\/ld+json\" class=\"yoast-schema-graph\">{\"@context\":\"https:\\\/\\\/schema.org\",\"@graph\":[{\"@type\":\"WebPage\",\"@id\":\"https:\\\/\\\/tibladin.dk\\\/produkt\\\/fjer-vaegdekoration-juju-hat-lysebrun-str-l\\\/\",\"url\":\"https:\\\/\\\/tibladin.dk\\\/produkt\\\/fjer-vaegdekoration-juju-hat-lysebrun-str-l\\\/\",\"name\":\"Fjer v\u00e6gdekoration juju hat - lysebrun str. L | Tibladin\",\"isPartOf\":{\"@id\":\"https:\\\/\\\/tibladin.dk\\\/#website\"},\"primaryImageOfPage\":{\"@id\":\"https:\\\/\\\/tibladin.dk\\\/produkt\\\/fjer-vaegdekoration-juju-hat-lysebrun-str-l\\\/#primaryimage\"},\"image\":{\"@id\":\"https:\\\/\\\/tibladin.dk\\\/produkt\\\/fjer-vaegdekoration-juju-hat-lysebrun-str-l\\\/#primaryimage\"},\"thumbnailUrl\":\"https:\\\/\\\/tibladin.dk\\\/wp-content\\\/uploads\\\/2022\\\/09\\\/Tibladin_juju-hat-lys-brun_800x800-1.jpg\",\"datePublished\":\"2022-09-20T09:03:10+00:00\",\"dateModified\":\"2024-12-09T13:59:30+00:00\",\"description\":\"V\u00e6gdekoration i fjer-juju hat - lys brun. H\u00e5ndlavet af lokale h\u00e5ndv\u00e6rkere i Cameroon i Afrika. Giver dine v\u00e6gge liv og personlighed.\",\"breadcrumb\":{\"@id\":\"https:\\\/\\\/tibladin.dk\\\/produkt\\\/fjer-vaegdekoration-juju-hat-lysebrun-str-l\\\/#breadcrumb\"},\"inLanguage\":\"de\",\"potentialAction\":[{\"@type\":\"ReadAction\",\"target\":[\"https:\\\/\\\/tibladin.dk\\\/produkt\\\/fjer-vaegdekoration-juju-hat-lysebrun-str-l\\\/\"]}]},{\"@type\":\"ImageObject\",\"inLanguage\":\"de\",\"@id\":\"https:\\\/\\\/tibladin.dk\\\/produkt\\\/fjer-vaegdekoration-juju-hat-lysebrun-str-l\\\/#primaryimage\",\"url\":\"https:\\\/\\\/tibladin.dk\\\/wp-content\\\/uploads\\\/2022\\\/09\\\/Tibladin_juju-hat-lys-brun_800x800-1.jpg\",\"contentUrl\":\"https:\\\/\\\/tibladin.dk\\\/wp-content\\\/uploads\\\/2022\\\/09\\\/Tibladin_juju-hat-lys-brun_800x800-1.jpg\",\"width\":800,\"height\":800,\"caption\":\"Jujuhat i lysebrun\"},{\"@type\":\"BreadcrumbList\",\"@id\":\"https:\\\/\\\/tibladin.dk\\\/produkt\\\/fjer-vaegdekoration-juju-hat-lysebrun-str-l\\\/#breadcrumb\",\"itemListElement\":[{\"@type\":\"ListItem\",\"position\":1,\"name\":\"Hjem\",\"item\":\"https:\\\/\\\/tibladin.dk\\\/\"},{\"@type\":\"ListItem\",\"position\":2,\"name\":\"Shop\",\"item\":\"https:\\\/\\\/tibladin.dk\\\/shop\\\/\"},{\"@type\":\"ListItem\",\"position\":3,\"name\":\"Fjer v\u00e6gdekoration juju hat &#8211; lysebrun str. L\"}]},{\"@type\":\"WebSite\",\"@id\":\"https:\\\/\\\/tibladin.dk\\\/#website\",\"url\":\"https:\\\/\\\/tibladin.dk\\\/\",\"name\":\"Tibladin\",\"description\":\"Tibladin\",\"publisher\":{\"@id\":\"https:\\\/\\\/tibladin.dk\\\/#organization\"},\"potentialAction\":[{\"@type\":\"SearchAction\",\"target\":{\"@type\":\"EntryPoint\",\"urlTemplate\":\"https:\\\/\\\/tibladin.dk\\\/?s={search_term_string}\"},\"query-input\":{\"@type\":\"PropertyValueSpecification\",\"valueRequired\":true,\"valueName\":\"search_term_string\"}}],\"inLanguage\":\"de\"},{\"@type\":\"Organization\",\"@id\":\"https:\\\/\\\/tibladin.dk\\\/#organization\",\"name\":\"Tibladin\",\"url\":\"https:\\\/\\\/tibladin.dk\\\/\",\"logo\":{\"@type\":\"ImageObject\",\"inLanguage\":\"de\",\"@id\":\"https:\\\/\\\/tibladin.dk\\\/#\\\/schema\\\/logo\\\/image\\\/\",\"url\":\"https:\\\/\\\/tibladin.dk\\\/wp-content\\\/uploads\\\/2022\\\/09\\\/tibladin_logo.svg\",\"contentUrl\":\"https:\\\/\\\/tibladin.dk\\\/wp-content\\\/uploads\\\/2022\\\/09\\\/tibladin_logo.svg\",\"caption\":\"Tibladin\"},\"image\":{\"@id\":\"https:\\\/\\\/tibladin.dk\\\/#\\\/schema\\\/logo\\\/image\\\/\"}}]}<\/script>\n<!-- \/ Yoast SEO plugin. -->","yoast_head_json":{"title":"Feder-Wanddekoration Juju-Hut \u2013 hellbraun Gr\u00f6\u00dfe L | Tibladin","description":"Wanddekoration mit Feder-Juju-Hut \u2013 hellbraun. Handgefertigt von lokalen Kunsthandwerkern in Kamerun, Afrika. Verleiht Ihren W\u00e4nden Leben und Pers\u00f6nlichkeit.","robots":{"index":"index","follow":"follow","max-snippet":"max-snippet:-1","max-image-preview":"max-image-preview:large","max-video-preview":"max-video-preview:-1"},"canonical":"https:\/\/tibladin.dk\/de\/produkt\/feder-wanddekoration-juju-hut-hellbraun-grose-l\/","og_locale":"de_DE","og_type":"article","og_title":"Fjer v\u00e6gdekoration juju hat - lysebrun str. L | Tibladin","og_description":"V\u00e6gdekoration i fjer-juju hat - lys brun. H\u00e5ndlavet af lokale h\u00e5ndv\u00e6rkere i Cameroon i Afrika. Giver dine v\u00e6gge liv og personlighed.","og_url":"https:\/\/tibladin.dk\/de\/produkt\/feder-wanddekoration-juju-hut-hellbraun-grose-l\/","og_site_name":"Tibladin","article_modified_time":"2024-12-09T13:59:30+00:00","og_image":[{"width":800,"height":800,"url":"https:\/\/tibladin.dk\/wp-content\/uploads\/2022\/09\/Tibladin_juju-hat-lys-brun_800x800-1.jpg","type":"image\/jpeg"}],"twitter_card":"summary_large_image","twitter_misc":{"Gesch\u00e4tzte Lesezeit":"2\u00a0Minuten"},"schema":{"@context":"https:\/\/schema.org","@graph":[{"@type":"WebPage","@id":"https:\/\/tibladin.dk\/produkt\/fjer-vaegdekoration-juju-hat-lysebrun-str-l\/","url":"https:\/\/tibladin.dk\/produkt\/fjer-vaegdekoration-juju-hat-lysebrun-str-l\/","name":"Feder-Wanddekoration Juju-Hut \u2013 hellbraun Gr\u00f6\u00dfe L | Tibladin","isPartOf":{"@id":"https:\/\/tibladin.dk\/#website"},"primaryImageOfPage":{"@id":"https:\/\/tibladin.dk\/produkt\/fjer-vaegdekoration-juju-hat-lysebrun-str-l\/#primaryimage"},"image":{"@id":"https:\/\/tibladin.dk\/produkt\/fjer-vaegdekoration-juju-hat-lysebrun-str-l\/#primaryimage"},"thumbnailUrl":"https:\/\/tibladin.dk\/wp-content\/uploads\/2022\/09\/Tibladin_juju-hat-lys-brun_800x800-1.jpg","datePublished":"2022-09-20T09:03:10+00:00","dateModified":"2024-12-09T13:59:30+00:00","description":"Wanddekoration mit Feder-Juju-Hut \u2013 hellbraun. Handgefertigt von lokalen Kunsthandwerkern in Kamerun, Afrika. Verleiht Ihren W\u00e4nden Leben und Pers\u00f6nlichkeit.","breadcrumb":{"@id":"https:\/\/tibladin.dk\/produkt\/fjer-vaegdekoration-juju-hat-lysebrun-str-l\/#breadcrumb"},"inLanguage":"de","potentialAction":[{"@type":"ReadAction","target":["https:\/\/tibladin.dk\/produkt\/fjer-vaegdekoration-juju-hat-lysebrun-str-l\/"]}]},{"@type":"ImageObject","inLanguage":"de","@id":"https:\/\/tibladin.dk\/produkt\/fjer-vaegdekoration-juju-hat-lysebrun-str-l\/#primaryimage","url":"https:\/\/tibladin.dk\/wp-content\/uploads\/2022\/09\/Tibladin_juju-hat-lys-brun_800x800-1.jpg","contentUrl":"https:\/\/tibladin.dk\/wp-content\/uploads\/2022\/09\/Tibladin_juju-hat-lys-brun_800x800-1.jpg","width":800,"height":800,"caption":"Jujuhat i lysebrun"},{"@type":"BreadcrumbList","@id":"https:\/\/tibladin.dk\/produkt\/fjer-vaegdekoration-juju-hat-lysebrun-str-l\/#breadcrumb","itemListElement":[{"@type":"ListItem","position":1,"name":"Hjem","item":"https:\/\/tibladin.dk\/"},{"@type":"ListItem","position":2,"name":"Shop","item":"https:\/\/tibladin.dk\/shop\/"},{"@type":"ListItem","position":3,"name":"Fjer v\u00e6gdekoration juju hat &#8211; lysebrun str. L"}]},{"@type":"WebSite","@id":"https:\/\/tibladin.dk\/#website","url":"https:\/\/tibladin.dk\/","name":"Tibladin","description":"Tibladin","publisher":{"@id":"https:\/\/tibladin.dk\/#organization"},"potentialAction":[{"@type":"SearchAction","target":{"@type":"EntryPoint","urlTemplate":"https:\/\/tibladin.dk\/?s={search_term_string}"},"query-input":{"@type":"PropertyValueSpecification","valueRequired":true,"valueName":"search_term_string"}}],"inLanguage":"de"},{"@type":"Organization","@id":"https:\/\/tibladin.dk\/#organization","name":"Tibladin","url":"https:\/\/tibladin.dk\/","logo":{"@type":"ImageObject","inLanguage":"de","@id":"https:\/\/tibladin.dk\/#\/schema\/logo\/image\/","url":"https:\/\/tibladin.dk\/wp-content\/uploads\/2022\/09\/tibladin_logo.svg","contentUrl":"https:\/\/tibladin.dk\/wp-content\/uploads\/2022\/09\/tibladin_logo.svg","caption":"Tibladin"},"image":{"@id":"https:\/\/tibladin.dk\/#\/schema\/logo\/image\/"}}]}},"_links":{"self":[{"href":"https:\/\/tibladin.dk\/de\/wp-json\/wp\/v2\/product\/573","targetHints":{"allow":["GET"]}}],"collection":[{"href":"https:\/\/tibladin.dk\/de\/wp-json\/wp\/v2\/product"}],"about":[{"href":"https:\/\/tibladin.dk\/de\/wp-json\/wp\/v2\/types\/product"}],"wp:featuredmedia":[{"embeddable":true,"href":"https:\/\/tibladin.dk\/de\/wp-json\/wp\/v2\/media\/569"}],"wp:attachment":[{"href":"https:\/\/tibladin.dk\/de\/wp-json\/wp\/v2\/media?parent=573"}],"wp:term":[{"taxonomy":"product_brand","embeddable":true,"href":"https:\/\/tibladin.dk\/de\/wp-json\/wp\/v2\/product_brand?post=573"},{"taxonomy":"product_cat","embeddable":true,"href":"https:\/\/tibladin.dk\/de\/wp-json\/wp\/v2\/product_cat?post=573"},{"taxonomy":"product_tag","embeddable":true,"href":"https:\/\/tibladin.dk\/de\/wp-json\/wp\/v2\/product_tag?post=573"}],"curies":[{"name":"wp","href":"https:\/\/api.w.org\/{rel}","templated":true}]}}