{"id":6005,"date":"2022-12-03T12:48:01","date_gmt":"2022-12-03T11:48:01","guid":{"rendered":"https:\/\/tibladin.dk\/?post_type=product&#038;p=6005"},"modified":"2025-09-19T14:20:41","modified_gmt":"2025-09-19T12:20:41","slug":"salbe-fur-lippen-und-haut","status":"publish","type":"product","link":"https:\/\/tibladin.dk\/de\/produkt\/salve-til-laeber-og-hud\/","title":{"rendered":"Salbe f\u00fcr Lippen und Haut"},"content":{"rendered":"<div class=\"wpb-content-wrapper\"><div class=\"vc_row wpb_row vc_row-fluid\"><div class=\"wpb_column vc_column_container vc_col-sm-4\"><div class=\"vc_column-inner\"><div class=\"wpb_wrapper\"><\/div><\/div><\/div><div class=\"wpb_column vc_column_container vc_col-sm-4\"><div class=\"vc_column-inner\"><div class=\"wpb_wrapper\"><h3 style=\"text-align: left\" class=\"vc_custom_heading vc_do_custom_heading\" >Wartung<\/h3>\n\t<div class=\"wpb_text_column wpb_content_element\" >\n\t\t<div class=\"wpb_wrapper\">\n\t\t\t<p>Tragen Sie die Salbe auf die Lippen, das Gesicht, die H\u00e4nde oder den K\u00f6rper auf, wo trockene Stellen auftreten. In einer praktischen Metallbox, einfach zum Mitnehmen in der Tasche.<\/p>\n\n\t\t<\/div>\n\t<\/div>\n<\/div><\/div><\/div><div class=\"wpb_column vc_column_container vc_col-sm-4\"><div class=\"vc_column-inner\"><div class=\"wpb_wrapper\"><h3 style=\"text-align: left\" class=\"vc_custom_heading vc_do_custom_heading\" >Die Geschichte dahinter<\/h3>\n\t<div class=\"wpb_text_column wpb_content_element\" >\n\t\t<div class=\"wpb_wrapper\">\n\t\t\t<p>Diese k\u00f6stliche Salbe stammt von der Marke L&#039;art du bain, die 2004 in Marrakesch gegr\u00fcndet wurde und seit 2016 in Nantes in Frankreich produziert wird.<\/p>\n<p>Die Salbe besteht aus nat\u00fcrlichen, biologischen Inhaltsstoffen und spendet der Haut Feuchtigkeit und einen sch\u00f6nen Glanz. Sie kann sowohl im Gesicht als auch am K\u00f6rper und an den F\u00fc\u00dfen angewendet werden. Durch die sorgf\u00e4ltige Herstellung, bei der die \u00d6le kalt gepresst werden, entsteht eine wirklich gute Qualit\u00e4t und eine k\u00f6stliche, nicht fettende Salbe.<\/p>\n\n\t\t<\/div>\n\t<\/div>\n<\/div><\/div><\/div><\/div>\n<\/div>","protected":false},"excerpt":{"rendered":"<p><span style=\"font-weight: 400;\">Eine k\u00f6stliche Feuchtigkeitssalbe in einer praktischen Metalldose, perfekt zum Mitnehmen in der Tasche. Apfelkern\u00f6l, Kokos\u00f6l und Schwarzk\u00fcmmel\u00f6l, ein perfektes Trio. 100 % nat\u00fcrliche Inhaltsstoffe.<\/span><\/p>\n<p>Spendet Feuchtigkeit genau dort, wo Sie sie brauchen. Bei spr\u00f6den Lippen in der Winterk\u00e4lte, bei trockenen Stellen auf der Haut oder bei trockenen H\u00e4nden.<\/p>\n<p>&nbsp;<\/p>","protected":false},"featured_media":6007,"template":"","meta":{"inline_featured_image":false},"product_brand":[],"product_cat":[27,35,110,103],"product_tag":[],"class_list":{"0":"post-6005","1":"product","2":"type-product","3":"status-publish","4":"has-post-thumbnail","6":"product_cat-diverse","7":"product_cat-gaven-til-hende","8":"product_cat-kropsolie","9":"product_cat-personlig-pleje","11":"first","12":"outofstock","13":"taxable","14":"shipping-taxable","15":"purchasable","16":"product-type-simple"},"exclude_global_add_ons":false,"addons":[{"name":"M\u00f6chten Sie eine Geschenkverpackung?","type":"checkbox","position":0,"required":false,"title_format":"label","default":"","description_enable":false,"description":"","placeholder_enable":false,"placeholder":"","display":"images","restrictions_type":"any_text","adjust_price":false,"price":"","price_type":"flat_fee","restrictions":false,"min":"0","max":"0","options":[{"label":"Ja tak","price":"10","price_type":"flat_fee","image":11015,"visibility":true}],"id":1669646111}],"yoast_head":"<!-- This site is optimized with the Yoast SEO plugin v27.4 - https:\/\/yoast.com\/product\/yoast-seo-wordpress\/ -->\n<title>\u00d8kologisk kropsolie | Naturlige ingredienser | Tibladin<\/title>\n<meta name=\"description\" content=\"L\u00e6kker salve til sprunkne l\u00e6ber, t\u00f8rhed i ansigtet, p\u00e5 h\u00e6nderne eller kroppen. I praktisk metal\u00e6ske, lige til at tage med dig i tasken.\" \/>\n<meta name=\"robots\" content=\"index, follow, max-snippet:-1, max-image-preview:large, max-video-preview:-1\" \/>\n<link rel=\"canonical\" href=\"https:\/\/tibladin.dk\/de\/produkt\/salbe-fur-lippen-und-haut\/\" \/>\n<meta property=\"og:locale\" content=\"de_DE\" \/>\n<meta property=\"og:type\" content=\"article\" \/>\n<meta property=\"og:title\" content=\"\u00d8kologisk kropsolie | Naturlige ingredienser | Tibladin\" \/>\n<meta property=\"og:description\" content=\"L\u00e6kker salve til sprunkne l\u00e6ber, t\u00f8rhed i ansigtet, p\u00e5 h\u00e6nderne eller kroppen. I praktisk metal\u00e6ske, lige til at tage med dig i tasken.\" \/>\n<meta property=\"og:url\" content=\"https:\/\/tibladin.dk\/de\/produkt\/salbe-fur-lippen-und-haut\/\" \/>\n<meta property=\"og:site_name\" content=\"Tibladin\" \/>\n<meta property=\"article:modified_time\" content=\"2025-09-19T12:20:41+00:00\" \/>\n<meta property=\"og:image\" content=\"https:\/\/tibladin.dk\/wp-content\/uploads\/2022\/12\/Gamme-sur-place-ou-a-emporter.jpg\" \/>\n\t<meta property=\"og:image:width\" content=\"800\" \/>\n\t<meta property=\"og:image:height\" content=\"800\" \/>\n\t<meta property=\"og:image:type\" content=\"image\/jpeg\" \/>\n<meta name=\"twitter:card\" content=\"summary_large_image\" \/>\n<meta name=\"twitter:label1\" content=\"Gesch\u00e4tzte Lesezeit\" \/>\n\t<meta name=\"twitter:data1\" content=\"2\u00a0Minuten\" \/>\n<script type=\"application\/ld+json\" class=\"yoast-schema-graph\">{\"@context\":\"https:\\\/\\\/schema.org\",\"@graph\":[{\"@type\":\"WebPage\",\"@id\":\"https:\\\/\\\/tibladin.dk\\\/produkt\\\/salve-til-laeber-og-hud\\\/\",\"url\":\"https:\\\/\\\/tibladin.dk\\\/produkt\\\/salve-til-laeber-og-hud\\\/\",\"name\":\"\u00d8kologisk kropsolie | Naturlige ingredienser | Tibladin\",\"isPartOf\":{\"@id\":\"https:\\\/\\\/tibladin.dk\\\/#website\"},\"primaryImageOfPage\":{\"@id\":\"https:\\\/\\\/tibladin.dk\\\/produkt\\\/salve-til-laeber-og-hud\\\/#primaryimage\"},\"image\":{\"@id\":\"https:\\\/\\\/tibladin.dk\\\/produkt\\\/salve-til-laeber-og-hud\\\/#primaryimage\"},\"thumbnailUrl\":\"https:\\\/\\\/tibladin.dk\\\/wp-content\\\/uploads\\\/2022\\\/12\\\/Gamme-sur-place-ou-a-emporter.jpg\",\"datePublished\":\"2022-12-03T11:48:01+00:00\",\"dateModified\":\"2025-09-19T12:20:41+00:00\",\"description\":\"L\u00e6kker salve til sprunkne l\u00e6ber, t\u00f8rhed i ansigtet, p\u00e5 h\u00e6nderne eller kroppen. I praktisk metal\u00e6ske, lige til at tage med dig i tasken.\",\"breadcrumb\":{\"@id\":\"https:\\\/\\\/tibladin.dk\\\/produkt\\\/salve-til-laeber-og-hud\\\/#breadcrumb\"},\"inLanguage\":\"de\",\"potentialAction\":[{\"@type\":\"ReadAction\",\"target\":[\"https:\\\/\\\/tibladin.dk\\\/produkt\\\/salve-til-laeber-og-hud\\\/\"]}]},{\"@type\":\"ImageObject\",\"inLanguage\":\"de\",\"@id\":\"https:\\\/\\\/tibladin.dk\\\/produkt\\\/salve-til-laeber-og-hud\\\/#primaryimage\",\"url\":\"https:\\\/\\\/tibladin.dk\\\/wp-content\\\/uploads\\\/2022\\\/12\\\/Gamme-sur-place-ou-a-emporter.jpg\",\"contentUrl\":\"https:\\\/\\\/tibladin.dk\\\/wp-content\\\/uploads\\\/2022\\\/12\\\/Gamme-sur-place-ou-a-emporter.jpg\",\"width\":800,\"height\":800,\"caption\":\"fugtgivende salve\"},{\"@type\":\"BreadcrumbList\",\"@id\":\"https:\\\/\\\/tibladin.dk\\\/produkt\\\/salve-til-laeber-og-hud\\\/#breadcrumb\",\"itemListElement\":[{\"@type\":\"ListItem\",\"position\":1,\"name\":\"Hjem\",\"item\":\"https:\\\/\\\/tibladin.dk\\\/\"},{\"@type\":\"ListItem\",\"position\":2,\"name\":\"Shop\",\"item\":\"https:\\\/\\\/tibladin.dk\\\/shop\\\/\"},{\"@type\":\"ListItem\",\"position\":3,\"name\":\"Salve til l\u00e6ber og hud\"}]},{\"@type\":\"WebSite\",\"@id\":\"https:\\\/\\\/tibladin.dk\\\/#website\",\"url\":\"https:\\\/\\\/tibladin.dk\\\/\",\"name\":\"Tibladin\",\"description\":\"Tibladin\",\"publisher\":{\"@id\":\"https:\\\/\\\/tibladin.dk\\\/#organization\"},\"potentialAction\":[{\"@type\":\"SearchAction\",\"target\":{\"@type\":\"EntryPoint\",\"urlTemplate\":\"https:\\\/\\\/tibladin.dk\\\/?s={search_term_string}\"},\"query-input\":{\"@type\":\"PropertyValueSpecification\",\"valueRequired\":true,\"valueName\":\"search_term_string\"}}],\"inLanguage\":\"de\"},{\"@type\":\"Organization\",\"@id\":\"https:\\\/\\\/tibladin.dk\\\/#organization\",\"name\":\"Tibladin\",\"url\":\"https:\\\/\\\/tibladin.dk\\\/\",\"logo\":{\"@type\":\"ImageObject\",\"inLanguage\":\"de\",\"@id\":\"https:\\\/\\\/tibladin.dk\\\/#\\\/schema\\\/logo\\\/image\\\/\",\"url\":\"https:\\\/\\\/tibladin.dk\\\/wp-content\\\/uploads\\\/2022\\\/09\\\/tibladin_logo.svg\",\"contentUrl\":\"https:\\\/\\\/tibladin.dk\\\/wp-content\\\/uploads\\\/2022\\\/09\\\/tibladin_logo.svg\",\"caption\":\"Tibladin\"},\"image\":{\"@id\":\"https:\\\/\\\/tibladin.dk\\\/#\\\/schema\\\/logo\\\/image\\\/\"}}]}<\/script>\n<!-- \/ Yoast SEO plugin. -->","yoast_head_json":{"title":"Bio-K\u00f6rper\u00f6l | Nat\u00fcrliche Inhaltsstoffe | Tibladin","description":"K\u00f6stliche Salbe f\u00fcr rissige Lippen, Trockenheit im Gesicht, an den H\u00e4nden oder am K\u00f6rper. In einer praktischen Metallbox, einfach zum Mitnehmen in der Tasche.","robots":{"index":"index","follow":"follow","max-snippet":"max-snippet:-1","max-image-preview":"max-image-preview:large","max-video-preview":"max-video-preview:-1"},"canonical":"https:\/\/tibladin.dk\/de\/produkt\/salbe-fur-lippen-und-haut\/","og_locale":"de_DE","og_type":"article","og_title":"\u00d8kologisk kropsolie | Naturlige ingredienser | Tibladin","og_description":"L\u00e6kker salve til sprunkne l\u00e6ber, t\u00f8rhed i ansigtet, p\u00e5 h\u00e6nderne eller kroppen. I praktisk metal\u00e6ske, lige til at tage med dig i tasken.","og_url":"https:\/\/tibladin.dk\/de\/produkt\/salbe-fur-lippen-und-haut\/","og_site_name":"Tibladin","article_modified_time":"2025-09-19T12:20:41+00:00","og_image":[{"width":800,"height":800,"url":"https:\/\/tibladin.dk\/wp-content\/uploads\/2022\/12\/Gamme-sur-place-ou-a-emporter.jpg","type":"image\/jpeg"}],"twitter_card":"summary_large_image","twitter_misc":{"Gesch\u00e4tzte Lesezeit":"2\u00a0Minuten"},"schema":{"@context":"https:\/\/schema.org","@graph":[{"@type":"WebPage","@id":"https:\/\/tibladin.dk\/produkt\/salve-til-laeber-og-hud\/","url":"https:\/\/tibladin.dk\/produkt\/salve-til-laeber-og-hud\/","name":"Bio-K\u00f6rper\u00f6l | Nat\u00fcrliche Inhaltsstoffe | Tibladin","isPartOf":{"@id":"https:\/\/tibladin.dk\/#website"},"primaryImageOfPage":{"@id":"https:\/\/tibladin.dk\/produkt\/salve-til-laeber-og-hud\/#primaryimage"},"image":{"@id":"https:\/\/tibladin.dk\/produkt\/salve-til-laeber-og-hud\/#primaryimage"},"thumbnailUrl":"https:\/\/tibladin.dk\/wp-content\/uploads\/2022\/12\/Gamme-sur-place-ou-a-emporter.jpg","datePublished":"2022-12-03T11:48:01+00:00","dateModified":"2025-09-19T12:20:41+00:00","description":"K\u00f6stliche Salbe f\u00fcr rissige Lippen, Trockenheit im Gesicht, an den H\u00e4nden oder am K\u00f6rper. In einer praktischen Metallbox, einfach zum Mitnehmen in der Tasche.","breadcrumb":{"@id":"https:\/\/tibladin.dk\/produkt\/salve-til-laeber-og-hud\/#breadcrumb"},"inLanguage":"de","potentialAction":[{"@type":"ReadAction","target":["https:\/\/tibladin.dk\/produkt\/salve-til-laeber-og-hud\/"]}]},{"@type":"ImageObject","inLanguage":"de","@id":"https:\/\/tibladin.dk\/produkt\/salve-til-laeber-og-hud\/#primaryimage","url":"https:\/\/tibladin.dk\/wp-content\/uploads\/2022\/12\/Gamme-sur-place-ou-a-emporter.jpg","contentUrl":"https:\/\/tibladin.dk\/wp-content\/uploads\/2022\/12\/Gamme-sur-place-ou-a-emporter.jpg","width":800,"height":800,"caption":"fugtgivende salve"},{"@type":"BreadcrumbList","@id":"https:\/\/tibladin.dk\/produkt\/salve-til-laeber-og-hud\/#breadcrumb","itemListElement":[{"@type":"ListItem","position":1,"name":"Hjem","item":"https:\/\/tibladin.dk\/"},{"@type":"ListItem","position":2,"name":"Shop","item":"https:\/\/tibladin.dk\/shop\/"},{"@type":"ListItem","position":3,"name":"Salve til l\u00e6ber og hud"}]},{"@type":"WebSite","@id":"https:\/\/tibladin.dk\/#website","url":"https:\/\/tibladin.dk\/","name":"Tibladin","description":"Tibladin","publisher":{"@id":"https:\/\/tibladin.dk\/#organization"},"potentialAction":[{"@type":"SearchAction","target":{"@type":"EntryPoint","urlTemplate":"https:\/\/tibladin.dk\/?s={search_term_string}"},"query-input":{"@type":"PropertyValueSpecification","valueRequired":true,"valueName":"search_term_string"}}],"inLanguage":"de"},{"@type":"Organization","@id":"https:\/\/tibladin.dk\/#organization","name":"Tibladin","url":"https:\/\/tibladin.dk\/","logo":{"@type":"ImageObject","inLanguage":"de","@id":"https:\/\/tibladin.dk\/#\/schema\/logo\/image\/","url":"https:\/\/tibladin.dk\/wp-content\/uploads\/2022\/09\/tibladin_logo.svg","contentUrl":"https:\/\/tibladin.dk\/wp-content\/uploads\/2022\/09\/tibladin_logo.svg","caption":"Tibladin"},"image":{"@id":"https:\/\/tibladin.dk\/#\/schema\/logo\/image\/"}}]}},"_links":{"self":[{"href":"https:\/\/tibladin.dk\/de\/wp-json\/wp\/v2\/product\/6005","targetHints":{"allow":["GET"]}}],"collection":[{"href":"https:\/\/tibladin.dk\/de\/wp-json\/wp\/v2\/product"}],"about":[{"href":"https:\/\/tibladin.dk\/de\/wp-json\/wp\/v2\/types\/product"}],"wp:featuredmedia":[{"embeddable":true,"href":"https:\/\/tibladin.dk\/de\/wp-json\/wp\/v2\/media\/6007"}],"wp:attachment":[{"href":"https:\/\/tibladin.dk\/de\/wp-json\/wp\/v2\/media?parent=6005"}],"wp:term":[{"taxonomy":"product_brand","embeddable":true,"href":"https:\/\/tibladin.dk\/de\/wp-json\/wp\/v2\/product_brand?post=6005"},{"taxonomy":"product_cat","embeddable":true,"href":"https:\/\/tibladin.dk\/de\/wp-json\/wp\/v2\/product_cat?post=6005"},{"taxonomy":"product_tag","embeddable":true,"href":"https:\/\/tibladin.dk\/de\/wp-json\/wp\/v2\/product_tag?post=6005"}],"curies":[{"name":"wp","href":"https:\/\/api.w.org\/{rel}","templated":true}]}}