{"id":6349,"date":"2022-12-17T07:28:24","date_gmt":"2022-12-17T06:28:24","guid":{"rendered":"https:\/\/tibladin.dk\/?post_type=product&#038;p=6349"},"modified":"2025-02-21T17:23:50","modified_gmt":"2025-02-21T16:23:50","slug":"salatbesteck-aus-walnussholz","status":"publish","type":"product","link":"https:\/\/tibladin.dk\/de\/produkt\/salatbestik-i-valnoeddetrae\/","title":{"rendered":"Salatbesteck aus Walnussholz"},"content":{"rendered":"<div class=\"wpb-content-wrapper\"><div class=\"vc_row wpb_row vc_row-fluid\"><div class=\"wpb_column vc_column_container vc_col-sm-4\"><div class=\"vc_column-inner\"><div class=\"wpb_wrapper\"><\/div><\/div><\/div><div class=\"wpb_column vc_column_container vc_col-sm-4\"><div class=\"vc_column-inner\"><div class=\"wpb_wrapper\"><h3 style=\"text-align: left\" class=\"vc_custom_heading vc_do_custom_heading\" >Wartung<\/h3>\n\t<div class=\"wpb_text_column wpb_content_element\" >\n\t\t<div class=\"wpb_wrapper\">\n\t\t\t<p>Die K\u00fcchenutensilien k\u00f6nnen von Hand gewaschen werden. F\u00fcr einen w\u00e4rmeren Glanz des Holzes k\u00f6nnen Sie ihm etwas Speise\u00f6l geben.<\/p>\n\n\t\t<\/div>\n\t<\/div>\n<\/div><\/div><\/div><div class=\"wpb_column vc_column_container vc_col-sm-4\"><div class=\"vc_column-inner\"><div class=\"wpb_wrapper\"><h3 style=\"text-align: left\" class=\"vc_custom_heading vc_do_custom_heading\" >Die Geschichte dahinter<\/h3>\n\t<div class=\"wpb_text_column wpb_content_element\" >\n\t\t<div class=\"wpb_wrapper\">\n\t\t\t<p>Wundersch\u00f6ne handgeschnitzte K\u00fcchenutensilien aus Walnussholz. Verleiht Ihrem K\u00fccheninterieur ein warmes und gem\u00fctliches Aussehen.<\/p>\n\n\t\t<\/div>\n\t<\/div>\n<\/div><\/div><\/div><\/div>\n<\/div>","protected":false},"excerpt":{"rendered":"<p>Wundersch\u00f6ne handgeschnitzte Schalen. Versuchen Sie, Ihren Salat in dieser sch\u00f6nen Sch\u00fcssel aus Walnussholz zu servieren. Der Salat wird einen sehr leichten Walnussgeschmack haben. Verwenden Sie sie zur Dekoration, f\u00fcr Obst oder als Servierschale f\u00fcr den Esstisch.<\/p>\n<p>Bleibt unbehandelt. Wenn Sie einen w\u00e4rmeren und dunkleren Glanz w\u00fcnschen, k\u00f6nnen Sie etwas Speise\u00f6l hinzuf\u00fcgen. Kann von Hand gewaschen werden.<\/p>\n<p>Kann in Gr\u00f6\u00dfe und Farbe\/Muster variieren. Erh\u00e4ltlich in zwei Gr\u00f6\u00dfen.<\/p>\n<p>20 cm Durchmesser und 9 cm H\u00f6he | 28 cm und 9 cm hoch<\/p>","protected":false},"featured_media":6354,"template":"","meta":{"inline_featured_image":false},"product_brand":[],"product_cat":[144],"product_tag":[],"class_list":{"0":"post-6349","1":"product","2":"type-product","3":"status-publish","4":"has-post-thumbnail","6":"product_cat-koekkenredskaber-trae","8":"first","9":"instock","10":"featured","11":"taxable","12":"shipping-taxable","13":"purchasable","14":"product-type-variable"},"exclude_global_add_ons":[],"addons":[],"yoast_head":"<!-- This site is optimized with the Yoast SEO plugin v27.4 - https:\/\/yoast.com\/product\/yoast-seo-wordpress\/ -->\n<title>Salatbestik i valn\u00f8ddetr\u00e6 | H\u00e5ndsk\u00e5ret i Marokko | Tibladin<\/title>\n<meta name=\"description\" content=\"Hos Tibladin finder du et udvalg af l\u00e6kre h\u00e5ndsk\u00e5rne k\u00f8kkenredskaber i valn\u00f8ddetr\u00e6. Salatbestik i to forskellige st\u00f8rrelser.\" \/>\n<meta name=\"robots\" content=\"index, follow, max-snippet:-1, max-image-preview:large, max-video-preview:-1\" \/>\n<link rel=\"canonical\" href=\"https:\/\/tibladin.dk\/de\/produkt\/salatbesteck-aus-walnussholz\/\" \/>\n<meta property=\"og:locale\" content=\"de_DE\" \/>\n<meta property=\"og:type\" content=\"article\" \/>\n<meta property=\"og:title\" content=\"Salatbestik i valn\u00f8ddetr\u00e6 | H\u00e5ndsk\u00e5ret i Marokko | Tibladin\" \/>\n<meta property=\"og:description\" content=\"Hos Tibladin finder du et udvalg af l\u00e6kre h\u00e5ndsk\u00e5rne k\u00f8kkenredskaber i valn\u00f8ddetr\u00e6. Salatbestik i to forskellige st\u00f8rrelser.\" \/>\n<meta property=\"og:url\" content=\"https:\/\/tibladin.dk\/de\/produkt\/salatbesteck-aus-walnussholz\/\" \/>\n<meta property=\"og:site_name\" content=\"Tibladin\" \/>\n<meta property=\"article:modified_time\" content=\"2025-02-21T16:23:50+00:00\" \/>\n<meta property=\"og:image\" content=\"https:\/\/tibladin.dk\/wp-content\/uploads\/2022\/12\/Salatbestik-i-valnoeddetrae_4.jpg\" \/>\n\t<meta property=\"og:image:width\" content=\"800\" \/>\n\t<meta property=\"og:image:height\" content=\"800\" \/>\n\t<meta property=\"og:image:type\" content=\"image\/jpeg\" \/>\n<meta name=\"twitter:card\" content=\"summary_large_image\" \/>\n<meta name=\"twitter:label1\" content=\"Gesch\u00e4tzte Lesezeit\" \/>\n\t<meta name=\"twitter:data1\" content=\"1\u00a0Minute\" \/>\n<script type=\"application\/ld+json\" class=\"yoast-schema-graph\">{\"@context\":\"https:\\\/\\\/schema.org\",\"@graph\":[{\"@type\":\"WebPage\",\"@id\":\"https:\\\/\\\/tibladin.dk\\\/produkt\\\/salatbestik-i-valnoeddetrae\\\/\",\"url\":\"https:\\\/\\\/tibladin.dk\\\/produkt\\\/salatbestik-i-valnoeddetrae\\\/\",\"name\":\"Salatbestik i valn\u00f8ddetr\u00e6 | H\u00e5ndsk\u00e5ret i Marokko | Tibladin\",\"isPartOf\":{\"@id\":\"https:\\\/\\\/tibladin.dk\\\/#website\"},\"primaryImageOfPage\":{\"@id\":\"https:\\\/\\\/tibladin.dk\\\/produkt\\\/salatbestik-i-valnoeddetrae\\\/#primaryimage\"},\"image\":{\"@id\":\"https:\\\/\\\/tibladin.dk\\\/produkt\\\/salatbestik-i-valnoeddetrae\\\/#primaryimage\"},\"thumbnailUrl\":\"https:\\\/\\\/tibladin.dk\\\/wp-content\\\/uploads\\\/2022\\\/12\\\/Salatbestik-i-valnoeddetrae_4.jpg\",\"datePublished\":\"2022-12-17T06:28:24+00:00\",\"dateModified\":\"2025-02-21T16:23:50+00:00\",\"description\":\"Hos Tibladin finder du et udvalg af l\u00e6kre h\u00e5ndsk\u00e5rne k\u00f8kkenredskaber i valn\u00f8ddetr\u00e6. Salatbestik i to forskellige st\u00f8rrelser.\",\"breadcrumb\":{\"@id\":\"https:\\\/\\\/tibladin.dk\\\/produkt\\\/salatbestik-i-valnoeddetrae\\\/#breadcrumb\"},\"inLanguage\":\"de\",\"potentialAction\":[{\"@type\":\"ReadAction\",\"target\":[\"https:\\\/\\\/tibladin.dk\\\/produkt\\\/salatbestik-i-valnoeddetrae\\\/\"]}]},{\"@type\":\"ImageObject\",\"inLanguage\":\"de\",\"@id\":\"https:\\\/\\\/tibladin.dk\\\/produkt\\\/salatbestik-i-valnoeddetrae\\\/#primaryimage\",\"url\":\"https:\\\/\\\/tibladin.dk\\\/wp-content\\\/uploads\\\/2022\\\/12\\\/Salatbestik-i-valnoeddetrae_4.jpg\",\"contentUrl\":\"https:\\\/\\\/tibladin.dk\\\/wp-content\\\/uploads\\\/2022\\\/12\\\/Salatbestik-i-valnoeddetrae_4.jpg\",\"width\":800,\"height\":800,\"caption\":\"Salatbestik i valn\u00f8ddetr\u00e6\"},{\"@type\":\"BreadcrumbList\",\"@id\":\"https:\\\/\\\/tibladin.dk\\\/produkt\\\/salatbestik-i-valnoeddetrae\\\/#breadcrumb\",\"itemListElement\":[{\"@type\":\"ListItem\",\"position\":1,\"name\":\"Hjem\",\"item\":\"https:\\\/\\\/tibladin.dk\\\/\"},{\"@type\":\"ListItem\",\"position\":2,\"name\":\"Shop\",\"item\":\"https:\\\/\\\/tibladin.dk\\\/shop\\\/\"},{\"@type\":\"ListItem\",\"position\":3,\"name\":\"salatbestik i valn\u00f8ddetr\u00e6\"}]},{\"@type\":\"WebSite\",\"@id\":\"https:\\\/\\\/tibladin.dk\\\/#website\",\"url\":\"https:\\\/\\\/tibladin.dk\\\/\",\"name\":\"Tibladin\",\"description\":\"Tibladin\",\"publisher\":{\"@id\":\"https:\\\/\\\/tibladin.dk\\\/#organization\"},\"potentialAction\":[{\"@type\":\"SearchAction\",\"target\":{\"@type\":\"EntryPoint\",\"urlTemplate\":\"https:\\\/\\\/tibladin.dk\\\/?s={search_term_string}\"},\"query-input\":{\"@type\":\"PropertyValueSpecification\",\"valueRequired\":true,\"valueName\":\"search_term_string\"}}],\"inLanguage\":\"de\"},{\"@type\":\"Organization\",\"@id\":\"https:\\\/\\\/tibladin.dk\\\/#organization\",\"name\":\"Tibladin\",\"url\":\"https:\\\/\\\/tibladin.dk\\\/\",\"logo\":{\"@type\":\"ImageObject\",\"inLanguage\":\"de\",\"@id\":\"https:\\\/\\\/tibladin.dk\\\/#\\\/schema\\\/logo\\\/image\\\/\",\"url\":\"https:\\\/\\\/tibladin.dk\\\/wp-content\\\/uploads\\\/2022\\\/09\\\/tibladin_logo.svg\",\"contentUrl\":\"https:\\\/\\\/tibladin.dk\\\/wp-content\\\/uploads\\\/2022\\\/09\\\/tibladin_logo.svg\",\"caption\":\"Tibladin\"},\"image\":{\"@id\":\"https:\\\/\\\/tibladin.dk\\\/#\\\/schema\\\/logo\\\/image\\\/\"}}]}<\/script>\n<!-- \/ Yoast SEO plugin. -->","yoast_head_json":{"title":"Salatbesteck aus Walnussholz | Handgeschnitzt in Marokko | Tibladin","description":"Bei Tibladin finden Sie eine Auswahl k\u00f6stlicher handgeschnitzter K\u00fcchenutensilien aus Walnussholz. Salatbesteck in zwei verschiedenen Gr\u00f6\u00dfen.","robots":{"index":"index","follow":"follow","max-snippet":"max-snippet:-1","max-image-preview":"max-image-preview:large","max-video-preview":"max-video-preview:-1"},"canonical":"https:\/\/tibladin.dk\/de\/produkt\/salatbesteck-aus-walnussholz\/","og_locale":"de_DE","og_type":"article","og_title":"Salatbestik i valn\u00f8ddetr\u00e6 | H\u00e5ndsk\u00e5ret i Marokko | Tibladin","og_description":"Hos Tibladin finder du et udvalg af l\u00e6kre h\u00e5ndsk\u00e5rne k\u00f8kkenredskaber i valn\u00f8ddetr\u00e6. Salatbestik i to forskellige st\u00f8rrelser.","og_url":"https:\/\/tibladin.dk\/de\/produkt\/salatbesteck-aus-walnussholz\/","og_site_name":"Tibladin","article_modified_time":"2025-02-21T16:23:50+00:00","og_image":[{"width":800,"height":800,"url":"https:\/\/tibladin.dk\/wp-content\/uploads\/2022\/12\/Salatbestik-i-valnoeddetrae_4.jpg","type":"image\/jpeg"}],"twitter_card":"summary_large_image","twitter_misc":{"Gesch\u00e4tzte Lesezeit":"1\u00a0Minute"},"schema":{"@context":"https:\/\/schema.org","@graph":[{"@type":"WebPage","@id":"https:\/\/tibladin.dk\/produkt\/salatbestik-i-valnoeddetrae\/","url":"https:\/\/tibladin.dk\/produkt\/salatbestik-i-valnoeddetrae\/","name":"Salatbesteck aus Walnussholz | Handgeschnitzt in Marokko | Tibladin","isPartOf":{"@id":"https:\/\/tibladin.dk\/#website"},"primaryImageOfPage":{"@id":"https:\/\/tibladin.dk\/produkt\/salatbestik-i-valnoeddetrae\/#primaryimage"},"image":{"@id":"https:\/\/tibladin.dk\/produkt\/salatbestik-i-valnoeddetrae\/#primaryimage"},"thumbnailUrl":"https:\/\/tibladin.dk\/wp-content\/uploads\/2022\/12\/Salatbestik-i-valnoeddetrae_4.jpg","datePublished":"2022-12-17T06:28:24+00:00","dateModified":"2025-02-21T16:23:50+00:00","description":"Bei Tibladin finden Sie eine Auswahl k\u00f6stlicher handgeschnitzter K\u00fcchenutensilien aus Walnussholz. Salatbesteck in zwei verschiedenen Gr\u00f6\u00dfen.","breadcrumb":{"@id":"https:\/\/tibladin.dk\/produkt\/salatbestik-i-valnoeddetrae\/#breadcrumb"},"inLanguage":"de","potentialAction":[{"@type":"ReadAction","target":["https:\/\/tibladin.dk\/produkt\/salatbestik-i-valnoeddetrae\/"]}]},{"@type":"ImageObject","inLanguage":"de","@id":"https:\/\/tibladin.dk\/produkt\/salatbestik-i-valnoeddetrae\/#primaryimage","url":"https:\/\/tibladin.dk\/wp-content\/uploads\/2022\/12\/Salatbestik-i-valnoeddetrae_4.jpg","contentUrl":"https:\/\/tibladin.dk\/wp-content\/uploads\/2022\/12\/Salatbestik-i-valnoeddetrae_4.jpg","width":800,"height":800,"caption":"Salatbestik i valn\u00f8ddetr\u00e6"},{"@type":"BreadcrumbList","@id":"https:\/\/tibladin.dk\/produkt\/salatbestik-i-valnoeddetrae\/#breadcrumb","itemListElement":[{"@type":"ListItem","position":1,"name":"Hjem","item":"https:\/\/tibladin.dk\/"},{"@type":"ListItem","position":2,"name":"Shop","item":"https:\/\/tibladin.dk\/shop\/"},{"@type":"ListItem","position":3,"name":"salatbestik i valn\u00f8ddetr\u00e6"}]},{"@type":"WebSite","@id":"https:\/\/tibladin.dk\/#website","url":"https:\/\/tibladin.dk\/","name":"Tibladin","description":"Tibladin","publisher":{"@id":"https:\/\/tibladin.dk\/#organization"},"potentialAction":[{"@type":"SearchAction","target":{"@type":"EntryPoint","urlTemplate":"https:\/\/tibladin.dk\/?s={search_term_string}"},"query-input":{"@type":"PropertyValueSpecification","valueRequired":true,"valueName":"search_term_string"}}],"inLanguage":"de"},{"@type":"Organization","@id":"https:\/\/tibladin.dk\/#organization","name":"Tibladin","url":"https:\/\/tibladin.dk\/","logo":{"@type":"ImageObject","inLanguage":"de","@id":"https:\/\/tibladin.dk\/#\/schema\/logo\/image\/","url":"https:\/\/tibladin.dk\/wp-content\/uploads\/2022\/09\/tibladin_logo.svg","contentUrl":"https:\/\/tibladin.dk\/wp-content\/uploads\/2022\/09\/tibladin_logo.svg","caption":"Tibladin"},"image":{"@id":"https:\/\/tibladin.dk\/#\/schema\/logo\/image\/"}}]}},"_links":{"self":[{"href":"https:\/\/tibladin.dk\/de\/wp-json\/wp\/v2\/product\/6349","targetHints":{"allow":["GET"]}}],"collection":[{"href":"https:\/\/tibladin.dk\/de\/wp-json\/wp\/v2\/product"}],"about":[{"href":"https:\/\/tibladin.dk\/de\/wp-json\/wp\/v2\/types\/product"}],"wp:featuredmedia":[{"embeddable":true,"href":"https:\/\/tibladin.dk\/de\/wp-json\/wp\/v2\/media\/6354"}],"wp:attachment":[{"href":"https:\/\/tibladin.dk\/de\/wp-json\/wp\/v2\/media?parent=6349"}],"wp:term":[{"taxonomy":"product_brand","embeddable":true,"href":"https:\/\/tibladin.dk\/de\/wp-json\/wp\/v2\/product_brand?post=6349"},{"taxonomy":"product_cat","embeddable":true,"href":"https:\/\/tibladin.dk\/de\/wp-json\/wp\/v2\/product_cat?post=6349"},{"taxonomy":"product_tag","embeddable":true,"href":"https:\/\/tibladin.dk\/de\/wp-json\/wp\/v2\/product_tag?post=6349"}],"curies":[{"name":"wp","href":"https:\/\/api.w.org\/{rel}","templated":true}]}}