{"id":7288,"date":"2023-05-04T08:50:09","date_gmt":"2023-05-04T06:50:09","guid":{"rendered":"https:\/\/tibladin.dk\/?post_type=product&#038;p=7288"},"modified":"2026-03-10T12:50:19","modified_gmt":"2026-03-10T11:50:19","slug":"hocker-aus-leder-mit-majorelle-blau-stickerei","status":"publish","type":"product","link":"https:\/\/tibladin.dk\/de\/produkt\/puf-i-laeder-med-broderi-majorelle-blaa\/","title":{"rendered":"Pouf aus Leder mit Stickerei \u2013 Majorelleblau"},"content":{"rendered":"<div class=\"wpb-content-wrapper\"><div class=\"vc_row wpb_row vc_row-fluid\"><div class=\"wpb_column vc_column_container vc_col-sm-4\"><div class=\"vc_column-inner\"><div class=\"wpb_wrapper\">\n\t<div class=\"wpb_video_widget wpb_content_element vc_clearfix   vc_video-aspect-ratio-43 vc_video-el-width-100 vc_video-align-left\" >\n\t\t<div class=\"wpb_wrapper\">\n\t\t\t\n\t\t\t<div class=\"wpb_video_wrapper\"><div class=\"video-container\"><iframe loading=\"lazy\" title=\"F\u00fcllen Sie Ihren marokkanischen Lederhocker\" src=\"https:\/\/player.vimeo.com\/video\/417093994?dnt=1&amp;app_id=122963\" width=\"310\" height=\"310\" frameborder=\"0\" allow=\"autoplay; fullscreen; picture-in-picture\"><\/iframe><\/div><\/div>\n\t\t<\/div>\n\t<\/div>\n<\/div><\/div><\/div><div class=\"wpb_column vc_column_container vc_col-sm-4\"><div class=\"vc_column-inner\"><div class=\"wpb_wrapper\"><h3 style=\"text-align: left\" class=\"vc_custom_heading vc_do_custom_heading\" >Wartung<\/h3>\n\t<div class=\"wpb_text_column wpb_content_element\" >\n\t\t<div class=\"wpb_wrapper\">\n\t\t\t<p>Bei Tibladin kaufen Sie Lederpoufs ohne F\u00fcllung, sodass Sie diese selbst mit F\u00fcllung nach Ihrem Geschmack f\u00fcllen k\u00f6nnen. Sie k\u00f6nnen problemlos Dinge verwenden, die Sie bereits haben, z. B. Kleidung, die Sie nicht mehr verwenden, Winterbettdecken, Kissen, Decken oder stark zerknittertes Zeitungspapier.<\/p>\n<p>Sie k\u00f6nnen f\u00fcr Ihren Pouf auch Schaumstoffgranulat oder Baumwollf\u00fcllung kaufen. Wenn Sie eine solche F\u00fcllung verwenden, kann ich Ihnen empfehlen, einen Innenbezug zu n\u00e4hen oder einen alten Bettbezug zu nehmen und die F\u00fcllung dort hineinzulegen, bevor Sie ihn in Ihren Pouf legen<\/p>\n<p>Lederpoufs bestehen aus Ziegenleder und erhalten mit der Zeit eine sch\u00f6ne Patina. Wenn Sie m\u00f6chten, dass Ihr Pouf dunkler und gl\u00e4nzender wird, k\u00f6nnen Sie ihm etwas Leder\u00f6l geben. Gerade am Anfang, wenn man es benutzt, kann es ein wenig nach Leder riechen. Das geht schnell wieder weg. Wenn Sie diesen Vorgang beschleunigen m\u00f6chten, legen Sie es eine Weile in die Sonne, dann verschwindet es.<\/p>\n\n\t\t<\/div>\n\t<\/div>\n<\/div><\/div><\/div><div class=\"wpb_column vc_column_container vc_col-sm-4\"><div class=\"vc_column-inner\"><div class=\"wpb_wrapper\"><h3 style=\"text-align: left\" class=\"vc_custom_heading vc_do_custom_heading\" >Die Geschichte dahinter<\/h3>\n\t<div class=\"wpb_text_column wpb_content_element\" >\n\t\t<div class=\"wpb_wrapper\">\n\t\t\t<p>Kleine Poufs lassen sich leicht zu Ihrer Einrichtung hinzuf\u00fcgen und erhalten schnell einen exotischen Look und eine pers\u00f6nlichere Note. Mein Lieferant von Lederpoufs verf\u00fcgt \u00fcber langj\u00e4hrige Erfahrung in der Herstellung guter und sehr langlebiger Poufs und exportiert in mehrere L\u00e4nder auf der ganzen Welt. Alle meine Poufs bestehen aus Ziegenleder, da es den weichsten und flexibelsten Pouf ergibt.<\/p>\n\n\t\t<\/div>\n\t<\/div>\n<\/div><\/div><\/div><\/div>\n<\/div>","protected":false},"excerpt":{"rendered":"<p class=\"p1\"><span class=\"s1\">Dieser marokkanische Pouf im sch\u00f6nsten Majorelle-Blau harmoniert wunderbar mit dem wei\u00dfen Stickmuster. Verleiht Ihrer Einrichtung wirklich eine einzigartige Note!\u00a0<\/span><\/p>\n<p class=\"p1\"><span class=\"s1\">Kann mit vielen verschiedenen Dingen gef\u00fcllt werden: Kleidung, die Sie nicht mehr verwenden, der Winterdecke, Schaumstoffgranulat, Zeitungspapier usw., je nach gew\u00fcnschter Festigkeit. Sie k\u00f6nnen hier auch eine F\u00fcllung f\u00fcr den Pouf ausw\u00e4hlen, dann wird er mit Holzwollef\u00fcllung verschickt.<\/span><\/p>","protected":false},"featured_media":7292,"template":"","meta":{"inline_featured_image":false},"product_brand":[],"product_cat":[29,41,40],"product_tag":[],"class_list":{"0":"post-7288","1":"product","2":"type-product","3":"status-publish","4":"has-post-thumbnail","6":"product_cat-gaven-til-den-unge-pige","7":"product_cat-laederpufs","8":"product_cat-pufs","10":"first","11":"instock","12":"taxable","13":"shipping-taxable","14":"purchasable","15":"product-type-simple"},"exclude_global_add_ons":false,"addons":[{"name":"M\u00f6chten Sie, dass Ihr Pouf mit Holzwollef\u00fcllung geliefert wird?","type":"checkbox","position":0,"required":false,"title_format":"label","default":"","description_enable":false,"description":"","placeholder_enable":false,"placeholder":"","display":"select","restrictions_type":"any_text","adjust_price":false,"price":"","price_type":"flat_fee","restrictions":false,"min":"0","max":"0","options":[{"label":"Ja tak!","price":"200.00","price_type":"quantity_based","image":0,"visibility":true}],"id":1708085317}],"yoast_head":"<!-- This site is optimized with the Yoast SEO plugin v27.4 - https:\/\/yoast.com\/product\/yoast-seo-wordpress\/ -->\n<title>Marokkansk puf i l\u00e6der 50x50 cm med broderet m\u00f8nster | Tibladin<\/title>\n<meta name=\"description\" content=\"Marokkansk indfarvet l\u00e6der 50x50 cm i bl\u00f8d og fleksibel kvalitet. Smukt broderi og lavet med ekstra syninger for at sikre en god holdbarhed.\" \/>\n<meta name=\"robots\" content=\"index, follow, max-snippet:-1, max-image-preview:large, max-video-preview:-1\" \/>\n<link rel=\"canonical\" href=\"https:\/\/tibladin.dk\/de\/produkt\/hocker-aus-leder-mit-majorelle-blau-stickerei\/\" \/>\n<meta property=\"og:locale\" content=\"de_DE\" \/>\n<meta property=\"og:type\" content=\"article\" \/>\n<meta property=\"og:title\" content=\"Marokkansk puf i l\u00e6der 50x50 cm med broderet m\u00f8nster | Tibladin\" \/>\n<meta property=\"og:description\" content=\"Marokkansk indfarvet l\u00e6der 50x50 cm i bl\u00f8d og fleksibel kvalitet. Smukt broderi og lavet med ekstra syninger for at sikre en god holdbarhed.\" \/>\n<meta property=\"og:url\" content=\"https:\/\/tibladin.dk\/de\/produkt\/hocker-aus-leder-mit-majorelle-blau-stickerei\/\" \/>\n<meta property=\"og:site_name\" content=\"Tibladin\" \/>\n<meta property=\"article:modified_time\" content=\"2026-03-10T11:50:19+00:00\" \/>\n<meta property=\"og:image\" content=\"https:\/\/tibladin.dk\/wp-content\/uploads\/2023\/05\/Tibladin-marokkansk-puf-i-blaa.jpg\" \/>\n\t<meta property=\"og:image:width\" content=\"800\" \/>\n\t<meta property=\"og:image:height\" content=\"800\" \/>\n\t<meta property=\"og:image:type\" content=\"image\/jpeg\" \/>\n<meta name=\"twitter:card\" content=\"summary_large_image\" \/>\n<meta name=\"twitter:label1\" content=\"Gesch\u00e4tzte Lesezeit\" \/>\n\t<meta name=\"twitter:data1\" content=\"2\u00a0Minuten\" \/>\n<script type=\"application\/ld+json\" class=\"yoast-schema-graph\">{\"@context\":\"https:\\\/\\\/schema.org\",\"@graph\":[{\"@type\":\"WebPage\",\"@id\":\"https:\\\/\\\/tibladin.dk\\\/produkt\\\/puf-i-laeder-med-broderi-majorelle-blaa\\\/\",\"url\":\"https:\\\/\\\/tibladin.dk\\\/produkt\\\/puf-i-laeder-med-broderi-majorelle-blaa\\\/\",\"name\":\"Marokkansk puf i l\u00e6der 50x50 cm med broderet m\u00f8nster | Tibladin\",\"isPartOf\":{\"@id\":\"https:\\\/\\\/tibladin.dk\\\/#website\"},\"primaryImageOfPage\":{\"@id\":\"https:\\\/\\\/tibladin.dk\\\/produkt\\\/puf-i-laeder-med-broderi-majorelle-blaa\\\/#primaryimage\"},\"image\":{\"@id\":\"https:\\\/\\\/tibladin.dk\\\/produkt\\\/puf-i-laeder-med-broderi-majorelle-blaa\\\/#primaryimage\"},\"thumbnailUrl\":\"https:\\\/\\\/tibladin.dk\\\/wp-content\\\/uploads\\\/2023\\\/05\\\/Tibladin-marokkansk-puf-i-blaa.jpg\",\"datePublished\":\"2023-05-04T06:50:09+00:00\",\"dateModified\":\"2026-03-10T11:50:19+00:00\",\"description\":\"Marokkansk indfarvet l\u00e6der 50x50 cm i bl\u00f8d og fleksibel kvalitet. Smukt broderi og lavet med ekstra syninger for at sikre en god holdbarhed.\",\"breadcrumb\":{\"@id\":\"https:\\\/\\\/tibladin.dk\\\/produkt\\\/puf-i-laeder-med-broderi-majorelle-blaa\\\/#breadcrumb\"},\"inLanguage\":\"de\",\"potentialAction\":[{\"@type\":\"ReadAction\",\"target\":[\"https:\\\/\\\/tibladin.dk\\\/produkt\\\/puf-i-laeder-med-broderi-majorelle-blaa\\\/\"]}]},{\"@type\":\"ImageObject\",\"inLanguage\":\"de\",\"@id\":\"https:\\\/\\\/tibladin.dk\\\/produkt\\\/puf-i-laeder-med-broderi-majorelle-blaa\\\/#primaryimage\",\"url\":\"https:\\\/\\\/tibladin.dk\\\/wp-content\\\/uploads\\\/2023\\\/05\\\/Tibladin-marokkansk-puf-i-blaa.jpg\",\"contentUrl\":\"https:\\\/\\\/tibladin.dk\\\/wp-content\\\/uploads\\\/2023\\\/05\\\/Tibladin-marokkansk-puf-i-blaa.jpg\",\"width\":800,\"height\":800,\"caption\":\"marokkansk l\u00e6derpuf i en smuk majorelle bl\u00e5\"},{\"@type\":\"BreadcrumbList\",\"@id\":\"https:\\\/\\\/tibladin.dk\\\/produkt\\\/puf-i-laeder-med-broderi-majorelle-blaa\\\/#breadcrumb\",\"itemListElement\":[{\"@type\":\"ListItem\",\"position\":1,\"name\":\"Hjem\",\"item\":\"https:\\\/\\\/tibladin.dk\\\/\"},{\"@type\":\"ListItem\",\"position\":2,\"name\":\"Shop\",\"item\":\"https:\\\/\\\/tibladin.dk\\\/shop\\\/\"},{\"@type\":\"ListItem\",\"position\":3,\"name\":\"Puf i l\u00e6der med broderi &#8211; Majorelle bl\u00e5\"}]},{\"@type\":\"WebSite\",\"@id\":\"https:\\\/\\\/tibladin.dk\\\/#website\",\"url\":\"https:\\\/\\\/tibladin.dk\\\/\",\"name\":\"Tibladin\",\"description\":\"Tibladin\",\"publisher\":{\"@id\":\"https:\\\/\\\/tibladin.dk\\\/#organization\"},\"potentialAction\":[{\"@type\":\"SearchAction\",\"target\":{\"@type\":\"EntryPoint\",\"urlTemplate\":\"https:\\\/\\\/tibladin.dk\\\/?s={search_term_string}\"},\"query-input\":{\"@type\":\"PropertyValueSpecification\",\"valueRequired\":true,\"valueName\":\"search_term_string\"}}],\"inLanguage\":\"de\"},{\"@type\":\"Organization\",\"@id\":\"https:\\\/\\\/tibladin.dk\\\/#organization\",\"name\":\"Tibladin\",\"url\":\"https:\\\/\\\/tibladin.dk\\\/\",\"logo\":{\"@type\":\"ImageObject\",\"inLanguage\":\"de\",\"@id\":\"https:\\\/\\\/tibladin.dk\\\/#\\\/schema\\\/logo\\\/image\\\/\",\"url\":\"https:\\\/\\\/tibladin.dk\\\/wp-content\\\/uploads\\\/2022\\\/09\\\/tibladin_logo.svg\",\"contentUrl\":\"https:\\\/\\\/tibladin.dk\\\/wp-content\\\/uploads\\\/2022\\\/09\\\/tibladin_logo.svg\",\"caption\":\"Tibladin\"},\"image\":{\"@id\":\"https:\\\/\\\/tibladin.dk\\\/#\\\/schema\\\/logo\\\/image\\\/\"}}]}<\/script>\n<!-- \/ Yoast SEO plugin. -->","yoast_head_json":{"title":"Marokkanischer Sitzpuff aus Leder 50x50 cm mit gesticktem Muster | Tibladin","description":"Marokkanisch gef\u00e4rbtes Leder 50x50 cm in weicher und flexibler Qualit\u00e4t. Wundersch\u00f6ne Stickerei und zus\u00e4tzliche N\u00e4hte sorgen f\u00fcr eine gute Haltbarkeit.","robots":{"index":"index","follow":"follow","max-snippet":"max-snippet:-1","max-image-preview":"max-image-preview:large","max-video-preview":"max-video-preview:-1"},"canonical":"https:\/\/tibladin.dk\/de\/produkt\/hocker-aus-leder-mit-majorelle-blau-stickerei\/","og_locale":"de_DE","og_type":"article","og_title":"Marokkansk puf i l\u00e6der 50x50 cm med broderet m\u00f8nster | Tibladin","og_description":"Marokkansk indfarvet l\u00e6der 50x50 cm i bl\u00f8d og fleksibel kvalitet. Smukt broderi og lavet med ekstra syninger for at sikre en god holdbarhed.","og_url":"https:\/\/tibladin.dk\/de\/produkt\/hocker-aus-leder-mit-majorelle-blau-stickerei\/","og_site_name":"Tibladin","article_modified_time":"2026-03-10T11:50:19+00:00","og_image":[{"width":800,"height":800,"url":"https:\/\/tibladin.dk\/wp-content\/uploads\/2023\/05\/Tibladin-marokkansk-puf-i-blaa.jpg","type":"image\/jpeg"}],"twitter_card":"summary_large_image","twitter_misc":{"Gesch\u00e4tzte Lesezeit":"2\u00a0Minuten"},"schema":{"@context":"https:\/\/schema.org","@graph":[{"@type":"WebPage","@id":"https:\/\/tibladin.dk\/produkt\/puf-i-laeder-med-broderi-majorelle-blaa\/","url":"https:\/\/tibladin.dk\/produkt\/puf-i-laeder-med-broderi-majorelle-blaa\/","name":"Marokkanischer Sitzpuff aus Leder 50x50 cm mit gesticktem Muster | Tibladin","isPartOf":{"@id":"https:\/\/tibladin.dk\/#website"},"primaryImageOfPage":{"@id":"https:\/\/tibladin.dk\/produkt\/puf-i-laeder-med-broderi-majorelle-blaa\/#primaryimage"},"image":{"@id":"https:\/\/tibladin.dk\/produkt\/puf-i-laeder-med-broderi-majorelle-blaa\/#primaryimage"},"thumbnailUrl":"https:\/\/tibladin.dk\/wp-content\/uploads\/2023\/05\/Tibladin-marokkansk-puf-i-blaa.jpg","datePublished":"2023-05-04T06:50:09+00:00","dateModified":"2026-03-10T11:50:19+00:00","description":"Marokkanisch gef\u00e4rbtes Leder 50x50 cm in weicher und flexibler Qualit\u00e4t. Wundersch\u00f6ne Stickerei und zus\u00e4tzliche N\u00e4hte sorgen f\u00fcr eine gute Haltbarkeit.","breadcrumb":{"@id":"https:\/\/tibladin.dk\/produkt\/puf-i-laeder-med-broderi-majorelle-blaa\/#breadcrumb"},"inLanguage":"de","potentialAction":[{"@type":"ReadAction","target":["https:\/\/tibladin.dk\/produkt\/puf-i-laeder-med-broderi-majorelle-blaa\/"]}]},{"@type":"ImageObject","inLanguage":"de","@id":"https:\/\/tibladin.dk\/produkt\/puf-i-laeder-med-broderi-majorelle-blaa\/#primaryimage","url":"https:\/\/tibladin.dk\/wp-content\/uploads\/2023\/05\/Tibladin-marokkansk-puf-i-blaa.jpg","contentUrl":"https:\/\/tibladin.dk\/wp-content\/uploads\/2023\/05\/Tibladin-marokkansk-puf-i-blaa.jpg","width":800,"height":800,"caption":"marokkansk l\u00e6derpuf i en smuk majorelle bl\u00e5"},{"@type":"BreadcrumbList","@id":"https:\/\/tibladin.dk\/produkt\/puf-i-laeder-med-broderi-majorelle-blaa\/#breadcrumb","itemListElement":[{"@type":"ListItem","position":1,"name":"Hjem","item":"https:\/\/tibladin.dk\/"},{"@type":"ListItem","position":2,"name":"Shop","item":"https:\/\/tibladin.dk\/shop\/"},{"@type":"ListItem","position":3,"name":"Puf i l\u00e6der med broderi &#8211; Majorelle bl\u00e5"}]},{"@type":"WebSite","@id":"https:\/\/tibladin.dk\/#website","url":"https:\/\/tibladin.dk\/","name":"Tibladin","description":"Tibladin","publisher":{"@id":"https:\/\/tibladin.dk\/#organization"},"potentialAction":[{"@type":"SearchAction","target":{"@type":"EntryPoint","urlTemplate":"https:\/\/tibladin.dk\/?s={search_term_string}"},"query-input":{"@type":"PropertyValueSpecification","valueRequired":true,"valueName":"search_term_string"}}],"inLanguage":"de"},{"@type":"Organization","@id":"https:\/\/tibladin.dk\/#organization","name":"Tibladin","url":"https:\/\/tibladin.dk\/","logo":{"@type":"ImageObject","inLanguage":"de","@id":"https:\/\/tibladin.dk\/#\/schema\/logo\/image\/","url":"https:\/\/tibladin.dk\/wp-content\/uploads\/2022\/09\/tibladin_logo.svg","contentUrl":"https:\/\/tibladin.dk\/wp-content\/uploads\/2022\/09\/tibladin_logo.svg","caption":"Tibladin"},"image":{"@id":"https:\/\/tibladin.dk\/#\/schema\/logo\/image\/"}}]}},"_links":{"self":[{"href":"https:\/\/tibladin.dk\/de\/wp-json\/wp\/v2\/product\/7288","targetHints":{"allow":["GET"]}}],"collection":[{"href":"https:\/\/tibladin.dk\/de\/wp-json\/wp\/v2\/product"}],"about":[{"href":"https:\/\/tibladin.dk\/de\/wp-json\/wp\/v2\/types\/product"}],"wp:featuredmedia":[{"embeddable":true,"href":"https:\/\/tibladin.dk\/de\/wp-json\/wp\/v2\/media\/7292"}],"wp:attachment":[{"href":"https:\/\/tibladin.dk\/de\/wp-json\/wp\/v2\/media?parent=7288"}],"wp:term":[{"taxonomy":"product_brand","embeddable":true,"href":"https:\/\/tibladin.dk\/de\/wp-json\/wp\/v2\/product_brand?post=7288"},{"taxonomy":"product_cat","embeddable":true,"href":"https:\/\/tibladin.dk\/de\/wp-json\/wp\/v2\/product_cat?post=7288"},{"taxonomy":"product_tag","embeddable":true,"href":"https:\/\/tibladin.dk\/de\/wp-json\/wp\/v2\/product_tag?post=7288"}],"curies":[{"name":"wp","href":"https:\/\/api.w.org\/{rel}","templated":true}]}}