{"id":754,"date":"2022-09-20T11:04:28","date_gmt":"2022-09-20T09:04:28","guid":{"rendered":"https:\/\/tibladin.dk\/vare\/marokkansk-pendellampe-twist-draabe-guld\/"},"modified":"2026-03-20T16:04:25","modified_gmt":"2026-03-20T15:04:25","slug":"marokkanische-pendelleuchte-aus-messing-gedrehter-tropfen","status":"publish","type":"product","link":"https:\/\/tibladin.dk\/de\/produkt\/marokkansk-pendellampe-twist-draabe-messing\/","title":{"rendered":"Marokkanische Pendelleuchte mit gedrehtem Anh\u00e4nger \u2013 Messing"},"content":{"rendered":"<div class=\"wpb-content-wrapper\"><div class=\"vc_row wpb_row vc_row-fluid\"><div class=\"wpb_column vc_column_container vc_col-sm-4\"><div class=\"vc_column-inner\"><div class=\"wpb_wrapper\"><\/div><\/div><\/div><div class=\"wpb_column vc_column_container vc_col-sm-4\"><div class=\"vc_column-inner\"><div class=\"wpb_wrapper\"><h3 style=\"text-align: left\" class=\"vc_custom_heading vc_do_custom_heading\" >Wartung<\/h3>\n\t<div class=\"wpb_text_column wpb_content_element\" >\n\t\t<div class=\"wpb_wrapper\">\n\t\t\t<p>Mit einem feuchten Tuch abwischen. Die Lampen k\u00f6nnen mit der Zeit ein wenig oxidieren, was ihnen zus\u00e4tzlichen Charme verleiht. Wenn Sie Ihre Lampe polieren m\u00f6chten, k\u00f6nnen Sie wie die Marokkaner ein Poliermittel oder etwas Zitronensaft verwenden.<\/p>\n<p>Das Metall, aus dem die Lampen bestehen, ist flexibel und sollte Ihre Lampe eine kleine Delle bekommen, l\u00e4sst sie sich ganz einfach wieder ausrichten. Verwenden Sie einen Teel\u00f6ffel und reiben Sie ihn dort, wo die Beule hervorsteht, und gl\u00e4tten Sie ihn sanft.<\/p>\n\n\t\t<\/div>\n\t<\/div>\n<\/div><\/div><\/div><div class=\"wpb_column vc_column_container vc_col-sm-4\"><div class=\"vc_column-inner\"><div class=\"wpb_wrapper\"><h3 style=\"text-align: left\" class=\"vc_custom_heading vc_do_custom_heading\" >Die Geschichte dahinter<\/h3>\n\t<div class=\"wpb_text_column wpb_content_element\" >\n\t\t<div class=\"wpb_wrapper\">\n\t\t\t<p>Die Lampen bestehen aus silberfarbenem Metall mit dekorativem Lochmuster. Die L\u00f6cher in der Lampe reflektieren das Licht in einem zauberhaften Glanz an die Wand und verleihen dem Raum eine ganz besondere Atmosph\u00e4re.<\/p>\n<p>Lampen aus Marokko verleihen Ihrer Einrichtung eine einzigartige Note und sorgen f\u00fcr ein dekoratives Licht.<\/p>\n<p>Die Lampen sind handgefertigt und es kann zu kleinen Unvollkommenheiten und Unterschieden in Muster und Form kommen.<\/p>\n<p>Holen Sie sich Ihre eigene Riad-Atmosph\u00e4re mit einer handgefertigten Lampe aus Marrakesch.<\/p>\n\n\t\t<\/div>\n\t<\/div>\n<\/div><\/div><\/div><\/div>\n<\/div>","protected":false},"excerpt":{"rendered":"<p>Dekorative, gedrehte H\u00e4ngeleuchte aus Messing. Das dekorative Lochmuster erzeugt ein wundersch\u00f6nes Licht im Raum.<\/p>\n<p>Die Lampe ist in zwei Gr\u00f6\u00dfen erh\u00e4ltlich: H33 cm, \u00d822 cm | H42 cm, \u00d827 cm.<\/p>\n<p>Die Lampe wird mit Fassung und goldfarbenem Textilkabel verkauft.<\/p>\n<p>Holen Sie sich mit dieser marokkanischen Lampe Ihre eigene 1001-Nacht-Stimmung.<\/p>\n<p>&nbsp;<\/p>\n<p>&nbsp;<\/p>","protected":false},"featured_media":749,"template":"","meta":{"inline_featured_image":false},"product_brand":[],"product_cat":[67,68],"product_tag":[],"class_list":{"0":"post-754","1":"product","2":"type-product","3":"status-publish","4":"has-post-thumbnail","6":"product_cat-lamper","7":"product_cat-metal-lamper","9":"first","10":"outofstock","11":"taxable","12":"shipping-taxable","13":"purchasable","14":"product-type-variable"},"exclude_global_add_ons":false,"addons":[{"name":"M\u00f6chten Sie eine Geschenkverpackung?","type":"checkbox","position":0,"required":false,"title_format":"label","default":"","description_enable":false,"description":"","placeholder_enable":false,"placeholder":"","display":"images","restrictions_type":"any_text","adjust_price":false,"price":"","price_type":"flat_fee","restrictions":false,"min":"0","max":"0","options":[{"label":"Ja tak","price":"10","price_type":"flat_fee","image":11015,"visibility":true}],"id":1669646111}],"yoast_head":"<!-- This site is optimized with the Yoast SEO plugin v27.4 - https:\/\/yoast.com\/product\/yoast-seo-wordpress\/ -->\n<title>Marokkansk h\u00e5ndlavet pendel lampe i guldmetal | Tibladin<\/title>\n<meta name=\"description\" content=\"Marokkansk pendel lampe twist i guldmetal med h\u00e5ndlavet hulm\u00f8nster der giver et dekorativt og hyggeligt lys i rummet. Passer rigtig godt til sovev\u00e6relset\" \/>\n<meta name=\"robots\" content=\"index, follow, max-snippet:-1, max-image-preview:large, max-video-preview:-1\" \/>\n<link rel=\"canonical\" href=\"https:\/\/tibladin.dk\/de\/produkt\/marokkanische-pendelleuchte-aus-messing-gedrehter-tropfen\/\" \/>\n<meta property=\"og:locale\" content=\"de_DE\" \/>\n<meta property=\"og:type\" content=\"article\" \/>\n<meta property=\"og:title\" content=\"Marokkansk h\u00e5ndlavet pendel lampe i guldmetal | Tibladin\" \/>\n<meta property=\"og:description\" content=\"Marokkansk pendel lampe twist i guldmetal med h\u00e5ndlavet hulm\u00f8nster der giver et dekorativt og hyggeligt lys i rummet. Passer rigtig godt til sovev\u00e6relset\" \/>\n<meta property=\"og:url\" content=\"https:\/\/tibladin.dk\/de\/produkt\/marokkanische-pendelleuchte-aus-messing-gedrehter-tropfen\/\" \/>\n<meta property=\"og:site_name\" content=\"Tibladin\" \/>\n<meta property=\"article:modified_time\" content=\"2026-03-20T15:04:25+00:00\" \/>\n<meta property=\"og:image\" content=\"https:\/\/tibladin.dk\/wp-content\/uploads\/2022\/09\/Tibladin-marokkansk-twist-pendellampe_close_night_800x800-1.jpg\" \/>\n\t<meta property=\"og:image:width\" content=\"800\" \/>\n\t<meta property=\"og:image:height\" content=\"800\" \/>\n\t<meta property=\"og:image:type\" content=\"image\/jpeg\" \/>\n<meta name=\"twitter:card\" content=\"summary_large_image\" \/>\n<meta name=\"twitter:label1\" content=\"Gesch\u00e4tzte Lesezeit\" \/>\n\t<meta name=\"twitter:data1\" content=\"2\u00a0Minuten\" \/>\n<script type=\"application\/ld+json\" class=\"yoast-schema-graph\">{\"@context\":\"https:\\\/\\\/schema.org\",\"@graph\":[{\"@type\":\"WebPage\",\"@id\":\"https:\\\/\\\/tibladin.dk\\\/produkt\\\/marokkansk-pendellampe-twist-draabe-messing\\\/\",\"url\":\"https:\\\/\\\/tibladin.dk\\\/produkt\\\/marokkansk-pendellampe-twist-draabe-messing\\\/\",\"name\":\"Marokkansk h\u00e5ndlavet pendel lampe i guldmetal | Tibladin\",\"isPartOf\":{\"@id\":\"https:\\\/\\\/tibladin.dk\\\/#website\"},\"primaryImageOfPage\":{\"@id\":\"https:\\\/\\\/tibladin.dk\\\/produkt\\\/marokkansk-pendellampe-twist-draabe-messing\\\/#primaryimage\"},\"image\":{\"@id\":\"https:\\\/\\\/tibladin.dk\\\/produkt\\\/marokkansk-pendellampe-twist-draabe-messing\\\/#primaryimage\"},\"thumbnailUrl\":\"https:\\\/\\\/tibladin.dk\\\/wp-content\\\/uploads\\\/2022\\\/09\\\/Tibladin-marokkansk-twist-pendellampe_close_night_800x800-1.jpg\",\"datePublished\":\"2022-09-20T09:04:28+00:00\",\"dateModified\":\"2026-03-20T15:04:25+00:00\",\"description\":\"Marokkansk pendel lampe twist i guldmetal med h\u00e5ndlavet hulm\u00f8nster der giver et dekorativt og hyggeligt lys i rummet. Passer rigtig godt til sovev\u00e6relset\",\"breadcrumb\":{\"@id\":\"https:\\\/\\\/tibladin.dk\\\/produkt\\\/marokkansk-pendellampe-twist-draabe-messing\\\/#breadcrumb\"},\"inLanguage\":\"de\",\"potentialAction\":[{\"@type\":\"ReadAction\",\"target\":[\"https:\\\/\\\/tibladin.dk\\\/produkt\\\/marokkansk-pendellampe-twist-draabe-messing\\\/\"]}]},{\"@type\":\"ImageObject\",\"inLanguage\":\"de\",\"@id\":\"https:\\\/\\\/tibladin.dk\\\/produkt\\\/marokkansk-pendellampe-twist-draabe-messing\\\/#primaryimage\",\"url\":\"https:\\\/\\\/tibladin.dk\\\/wp-content\\\/uploads\\\/2022\\\/09\\\/Tibladin-marokkansk-twist-pendellampe_close_night_800x800-1.jpg\",\"contentUrl\":\"https:\\\/\\\/tibladin.dk\\\/wp-content\\\/uploads\\\/2022\\\/09\\\/Tibladin-marokkansk-twist-pendellampe_close_night_800x800-1.jpg\",\"width\":800,\"height\":800,\"caption\":\"Marokkansk h\u00e5ndlavet snoende dr\u00e5beformet lampe, t\u00e6ndt i m\u00f8rke\"},{\"@type\":\"BreadcrumbList\",\"@id\":\"https:\\\/\\\/tibladin.dk\\\/produkt\\\/marokkansk-pendellampe-twist-draabe-messing\\\/#breadcrumb\",\"itemListElement\":[{\"@type\":\"ListItem\",\"position\":1,\"name\":\"Hjem\",\"item\":\"https:\\\/\\\/tibladin.dk\\\/\"},{\"@type\":\"ListItem\",\"position\":2,\"name\":\"Shop\",\"item\":\"https:\\\/\\\/tibladin.dk\\\/shop\\\/\"},{\"@type\":\"ListItem\",\"position\":3,\"name\":\"Marokkansk pendellampe twist dr\u00e5be &#8211; Messing\"}]},{\"@type\":\"WebSite\",\"@id\":\"https:\\\/\\\/tibladin.dk\\\/#website\",\"url\":\"https:\\\/\\\/tibladin.dk\\\/\",\"name\":\"Tibladin\",\"description\":\"Tibladin\",\"publisher\":{\"@id\":\"https:\\\/\\\/tibladin.dk\\\/#organization\"},\"potentialAction\":[{\"@type\":\"SearchAction\",\"target\":{\"@type\":\"EntryPoint\",\"urlTemplate\":\"https:\\\/\\\/tibladin.dk\\\/?s={search_term_string}\"},\"query-input\":{\"@type\":\"PropertyValueSpecification\",\"valueRequired\":true,\"valueName\":\"search_term_string\"}}],\"inLanguage\":\"de\"},{\"@type\":\"Organization\",\"@id\":\"https:\\\/\\\/tibladin.dk\\\/#organization\",\"name\":\"Tibladin\",\"url\":\"https:\\\/\\\/tibladin.dk\\\/\",\"logo\":{\"@type\":\"ImageObject\",\"inLanguage\":\"de\",\"@id\":\"https:\\\/\\\/tibladin.dk\\\/#\\\/schema\\\/logo\\\/image\\\/\",\"url\":\"https:\\\/\\\/tibladin.dk\\\/wp-content\\\/uploads\\\/2022\\\/09\\\/tibladin_logo.svg\",\"contentUrl\":\"https:\\\/\\\/tibladin.dk\\\/wp-content\\\/uploads\\\/2022\\\/09\\\/tibladin_logo.svg\",\"caption\":\"Tibladin\"},\"image\":{\"@id\":\"https:\\\/\\\/tibladin.dk\\\/#\\\/schema\\\/logo\\\/image\\\/\"}}]}<\/script>\n<!-- \/ Yoast SEO plugin. -->","yoast_head_json":{"title":"Marokkanische handgefertigte Pendelleuchte aus goldenem Metall | Tibladin","description":"Marokkanische Pendelleuchte Twist aus goldfarbenem Metall mit handgefertigtem Lochmuster, das f\u00fcr ein dekoratives und gem\u00fctliches Licht im Raum sorgt. Passt sehr gut ins Schlafzimmer","robots":{"index":"index","follow":"follow","max-snippet":"max-snippet:-1","max-image-preview":"max-image-preview:large","max-video-preview":"max-video-preview:-1"},"canonical":"https:\/\/tibladin.dk\/de\/produkt\/marokkanische-pendelleuchte-aus-messing-gedrehter-tropfen\/","og_locale":"de_DE","og_type":"article","og_title":"Marokkansk h\u00e5ndlavet pendel lampe i guldmetal | Tibladin","og_description":"Marokkansk pendel lampe twist i guldmetal med h\u00e5ndlavet hulm\u00f8nster der giver et dekorativt og hyggeligt lys i rummet. Passer rigtig godt til sovev\u00e6relset","og_url":"https:\/\/tibladin.dk\/de\/produkt\/marokkanische-pendelleuchte-aus-messing-gedrehter-tropfen\/","og_site_name":"Tibladin","article_modified_time":"2026-03-20T15:04:25+00:00","og_image":[{"width":800,"height":800,"url":"https:\/\/tibladin.dk\/wp-content\/uploads\/2022\/09\/Tibladin-marokkansk-twist-pendellampe_close_night_800x800-1.jpg","type":"image\/jpeg"}],"twitter_card":"summary_large_image","twitter_misc":{"Gesch\u00e4tzte Lesezeit":"2\u00a0Minuten"},"schema":{"@context":"https:\/\/schema.org","@graph":[{"@type":"WebPage","@id":"https:\/\/tibladin.dk\/produkt\/marokkansk-pendellampe-twist-draabe-messing\/","url":"https:\/\/tibladin.dk\/produkt\/marokkansk-pendellampe-twist-draabe-messing\/","name":"Marokkanische handgefertigte Pendelleuchte aus goldenem Metall | Tibladin","isPartOf":{"@id":"https:\/\/tibladin.dk\/#website"},"primaryImageOfPage":{"@id":"https:\/\/tibladin.dk\/produkt\/marokkansk-pendellampe-twist-draabe-messing\/#primaryimage"},"image":{"@id":"https:\/\/tibladin.dk\/produkt\/marokkansk-pendellampe-twist-draabe-messing\/#primaryimage"},"thumbnailUrl":"https:\/\/tibladin.dk\/wp-content\/uploads\/2022\/09\/Tibladin-marokkansk-twist-pendellampe_close_night_800x800-1.jpg","datePublished":"2022-09-20T09:04:28+00:00","dateModified":"2026-03-20T15:04:25+00:00","description":"Marokkanische Pendelleuchte Twist aus goldfarbenem Metall mit handgefertigtem Lochmuster, das f\u00fcr ein dekoratives und gem\u00fctliches Licht im Raum sorgt. Passt sehr gut ins Schlafzimmer","breadcrumb":{"@id":"https:\/\/tibladin.dk\/produkt\/marokkansk-pendellampe-twist-draabe-messing\/#breadcrumb"},"inLanguage":"de","potentialAction":[{"@type":"ReadAction","target":["https:\/\/tibladin.dk\/produkt\/marokkansk-pendellampe-twist-draabe-messing\/"]}]},{"@type":"ImageObject","inLanguage":"de","@id":"https:\/\/tibladin.dk\/produkt\/marokkansk-pendellampe-twist-draabe-messing\/#primaryimage","url":"https:\/\/tibladin.dk\/wp-content\/uploads\/2022\/09\/Tibladin-marokkansk-twist-pendellampe_close_night_800x800-1.jpg","contentUrl":"https:\/\/tibladin.dk\/wp-content\/uploads\/2022\/09\/Tibladin-marokkansk-twist-pendellampe_close_night_800x800-1.jpg","width":800,"height":800,"caption":"Marokkansk h\u00e5ndlavet snoende dr\u00e5beformet lampe, t\u00e6ndt i m\u00f8rke"},{"@type":"BreadcrumbList","@id":"https:\/\/tibladin.dk\/produkt\/marokkansk-pendellampe-twist-draabe-messing\/#breadcrumb","itemListElement":[{"@type":"ListItem","position":1,"name":"Hjem","item":"https:\/\/tibladin.dk\/"},{"@type":"ListItem","position":2,"name":"Shop","item":"https:\/\/tibladin.dk\/shop\/"},{"@type":"ListItem","position":3,"name":"Marokkansk pendellampe twist dr\u00e5be &#8211; Messing"}]},{"@type":"WebSite","@id":"https:\/\/tibladin.dk\/#website","url":"https:\/\/tibladin.dk\/","name":"Tibladin","description":"Tibladin","publisher":{"@id":"https:\/\/tibladin.dk\/#organization"},"potentialAction":[{"@type":"SearchAction","target":{"@type":"EntryPoint","urlTemplate":"https:\/\/tibladin.dk\/?s={search_term_string}"},"query-input":{"@type":"PropertyValueSpecification","valueRequired":true,"valueName":"search_term_string"}}],"inLanguage":"de"},{"@type":"Organization","@id":"https:\/\/tibladin.dk\/#organization","name":"Tibladin","url":"https:\/\/tibladin.dk\/","logo":{"@type":"ImageObject","inLanguage":"de","@id":"https:\/\/tibladin.dk\/#\/schema\/logo\/image\/","url":"https:\/\/tibladin.dk\/wp-content\/uploads\/2022\/09\/tibladin_logo.svg","contentUrl":"https:\/\/tibladin.dk\/wp-content\/uploads\/2022\/09\/tibladin_logo.svg","caption":"Tibladin"},"image":{"@id":"https:\/\/tibladin.dk\/#\/schema\/logo\/image\/"}}]}},"_links":{"self":[{"href":"https:\/\/tibladin.dk\/de\/wp-json\/wp\/v2\/product\/754","targetHints":{"allow":["GET"]}}],"collection":[{"href":"https:\/\/tibladin.dk\/de\/wp-json\/wp\/v2\/product"}],"about":[{"href":"https:\/\/tibladin.dk\/de\/wp-json\/wp\/v2\/types\/product"}],"wp:featuredmedia":[{"embeddable":true,"href":"https:\/\/tibladin.dk\/de\/wp-json\/wp\/v2\/media\/749"}],"wp:attachment":[{"href":"https:\/\/tibladin.dk\/de\/wp-json\/wp\/v2\/media?parent=754"}],"wp:term":[{"taxonomy":"product_brand","embeddable":true,"href":"https:\/\/tibladin.dk\/de\/wp-json\/wp\/v2\/product_brand?post=754"},{"taxonomy":"product_cat","embeddable":true,"href":"https:\/\/tibladin.dk\/de\/wp-json\/wp\/v2\/product_cat?post=754"},{"taxonomy":"product_tag","embeddable":true,"href":"https:\/\/tibladin.dk\/de\/wp-json\/wp\/v2\/product_tag?post=754"}],"curies":[{"name":"wp","href":"https:\/\/api.w.org\/{rel}","templated":true}]}}