{"id":8333,"date":"2025-07-04T11:31:46","date_gmt":"2025-07-04T09:31:46","guid":{"rendered":"https:\/\/tibladin.dk\/?post_type=product&#038;p=8333"},"modified":"2026-04-25T13:28:46","modified_gmt":"2026-04-25T11:28:46","slug":"marokkanische-tajine-12-13-cm","status":"publish","type":"product","link":"https:\/\/tibladin.dk\/de\/produkt\/marokkansk-tagine-12-13-cm\/","title":{"rendered":"Marokkanischer Tajine \u2013 12-13 cm"},"content":{"rendered":"<div class=\"wpb-content-wrapper\"><div class=\"vc_row wpb_row vc_row-fluid\"><div class=\"wpb_column vc_column_container vc_col-sm-4\"><div class=\"vc_column-inner\"><div class=\"wpb_wrapper\"><\/div><\/div><\/div><div class=\"wpb_column vc_column_container vc_col-sm-4\"><div class=\"vc_column-inner\"><div class=\"wpb_wrapper\"><h3 style=\"text-align: left\" class=\"vc_custom_heading vc_do_custom_heading\" >Wartung<\/h3>\n\t<div class=\"wpb_text_column wpb_content_element\" >\n\t\t<div class=\"wpb_wrapper\">\n\t\t\t<p><span style=\"font-weight: 400;\">Kann f\u00fcr Lebensmittel verwendet werden.<\/span><\/p>\n<p>Wir empfehlen, das Geschirr per Hand zu sp\u00fclen.<\/p>\n\n\t\t<\/div>\n\t<\/div>\n<\/div><\/div><\/div><div class=\"wpb_column vc_column_container vc_col-sm-4\"><div class=\"vc_column-inner\"><div class=\"wpb_wrapper\"><h3 style=\"text-align: left\" class=\"vc_custom_heading vc_do_custom_heading\" >Die Geschichte dahinter<\/h3>\n\t<div class=\"wpb_text_column wpb_content_element\" >\n\t\t<div class=\"wpb_wrapper\">\n\t\t\t<p>Safi ist eine Provinzhauptstadt und Hafenstadt im Westen Marokkos, die vor allem f\u00fcr die Herstellung wundersch\u00f6ner handgefertigter Keramik bekannt ist, die oft in vielen verschiedenen Farben und Schattierungen erstrahlt. \u201eSafi\u201c ist also keine T\u00f6pferart, sondern die Bezeichnung f\u00fcr den Ort, an dem die T\u00f6pferware hergestellt wird. Oft findet man \u201eSafi\u201c unter dem Boden von Keramik aus Marokko, da das Land dort ein gro\u00dfer Hersteller ist.<\/p>\n\n\t\t<\/div>\n\t<\/div>\n<\/div><\/div><\/div><\/div>\n<\/div>","protected":false},"excerpt":{"rendered":"<p><span data-sheets-value=\"{&quot;1&quot;:2,&quot;2&quot;:&quot;S\u00f8d lille sk\u00e5l med marokkansk farvet m\u00f8nster. Perfekt som soyask\u00e5l, tappenda sk\u00e5l, lille serveringssk\u00e5l til lidt chokolade, sukkersk\u00e5l, krydderisk\u00e5l&quot;}\" data-sheets-userformat=\"{&quot;2&quot;:15293,&quot;3&quot;:{&quot;1&quot;:0},&quot;5&quot;:{&quot;1&quot;:[{&quot;1&quot;:2,&quot;2&quot;:0,&quot;5&quot;:{&quot;1&quot;:2,&quot;2&quot;:0}},{&quot;1&quot;:0,&quot;2&quot;:0,&quot;3&quot;:3},{&quot;1&quot;:1,&quot;2&quot;:0,&quot;4&quot;:1}]},&quot;6&quot;:{&quot;1&quot;:[{&quot;1&quot;:2,&quot;2&quot;:0,&quot;5&quot;:{&quot;1&quot;:2,&quot;2&quot;:0}},{&quot;1&quot;:0,&quot;2&quot;:0,&quot;3&quot;:3},{&quot;1&quot;:1,&quot;2&quot;:0,&quot;4&quot;:1}]},&quot;7&quot;:{&quot;1&quot;:[{&quot;1&quot;:2,&quot;2&quot;:0,&quot;5&quot;:{&quot;1&quot;:2,&quot;2&quot;:0}},{&quot;1&quot;:0,&quot;2&quot;:0,&quot;3&quot;:3},{&quot;1&quot;:1,&quot;2&quot;:0,&quot;4&quot;:1}]},&quot;8&quot;:{&quot;1&quot;:[{&quot;1&quot;:2,&quot;2&quot;:0,&quot;5&quot;:{&quot;1&quot;:2,&quot;2&quot;:0}},{&quot;1&quot;:0,&quot;2&quot;:0,&quot;3&quot;:3},{&quot;1&quot;:1,&quot;2&quot;:0,&quot;4&quot;:1}]},&quot;10&quot;:0,&quot;11&quot;:4,&quot;12&quot;:0,&quot;14&quot;:{&quot;1&quot;:2,&quot;2&quot;:0},&quot;15&quot;:&quot;Helvetica Neue&quot;,&quot;16&quot;:10}\">Smuk marokkansk tagine af keramik. Den f\u00e5es i mange forskellige farver og i forskellige unikke h\u00e5ndmalede m\u00f8nstre.\u00a0<\/span><\/p>\n<p><span data-sheets-value=\"{&quot;1&quot;:2,&quot;2&quot;:&quot;S\u00f8d lille sk\u00e5l med marokkansk farvet m\u00f8nster. Perfekt som soyask\u00e5l, tappenda sk\u00e5l, lille serveringssk\u00e5l til lidt chokolade, sukkersk\u00e5l, krydderisk\u00e5l&quot;}\" data-sheets-userformat=\"{&quot;2&quot;:15293,&quot;3&quot;:{&quot;1&quot;:0},&quot;5&quot;:{&quot;1&quot;:[{&quot;1&quot;:2,&quot;2&quot;:0,&quot;5&quot;:{&quot;1&quot;:2,&quot;2&quot;:0}},{&quot;1&quot;:0,&quot;2&quot;:0,&quot;3&quot;:3},{&quot;1&quot;:1,&quot;2&quot;:0,&quot;4&quot;:1}]},&quot;6&quot;:{&quot;1&quot;:[{&quot;1&quot;:2,&quot;2&quot;:0,&quot;5&quot;:{&quot;1&quot;:2,&quot;2&quot;:0}},{&quot;1&quot;:0,&quot;2&quot;:0,&quot;3&quot;:3},{&quot;1&quot;:1,&quot;2&quot;:0,&quot;4&quot;:1}]},&quot;7&quot;:{&quot;1&quot;:[{&quot;1&quot;:2,&quot;2&quot;:0,&quot;5&quot;:{&quot;1&quot;:2,&quot;2&quot;:0}},{&quot;1&quot;:0,&quot;2&quot;:0,&quot;3&quot;:3},{&quot;1&quot;:1,&quot;2&quot;:0,&quot;4&quot;:1}]},&quot;8&quot;:{&quot;1&quot;:[{&quot;1&quot;:2,&quot;2&quot;:0,&quot;5&quot;:{&quot;1&quot;:2,&quot;2&quot;:0}},{&quot;1&quot;:0,&quot;2&quot;:0,&quot;3&quot;:3},{&quot;1&quot;:1,&quot;2&quot;:0,&quot;4&quot;:1}]},&quot;10&quot;:0,&quot;11&quot;:4,&quot;12&quot;:0,&quot;14&quot;:{&quot;1&quot;:2,&quot;2&quot;:0},&quot;15&quot;:&quot;Helvetica Neue&quot;,&quot;16&quot;:10}\">Dette kunsth\u00e5ndv\u00e6rk af en tagine er h\u00e5ndlavet i Marokko af dygtige kunsth\u00e5ndv\u00e6rkere.\u00a0<\/span><\/p>\n<p>Perfekt til at have ens smykker liggende i eller som serveringssk\u00e5l af f.eks. tapenade, n\u00f8dder eller syltet\u00f8j.<\/p>\n<p>M\u00e5ler 12-13 cm. Se det specifikke m\u00e5l under hver variant.<\/p>\n<p>&nbsp;<\/p>\n","protected":false},"featured_media":37987,"template":"","meta":{"inline_featured_image":false},"product_brand":[],"product_cat":[139,146,157],"product_tag":[],"class_list":{"0":"post-8333","1":"product","2":"type-product","3":"status-publish","4":"has-post-thumbnail","6":"product_cat-marokkansk-keramik","7":"product_cat-marokkanske-keramik-skaale","8":"product_cat-tagines","10":"first","11":"instock","12":"taxable","13":"shipping-taxable","14":"purchasable","15":"product-type-variable"},"exclude_global_add_ons":false,"addons":[{"name":"M\u00f6chten Sie eine Geschenkverpackung?","type":"checkbox","position":0,"required":false,"title_format":"label","default":"","description_enable":false,"description":"","placeholder_enable":false,"placeholder":"","display":"images","restrictions_type":"any_text","adjust_price":false,"price":"","price_type":"flat_fee","restrictions":false,"min":"0","max":"0","options":[{"label":"Ja tak","price":"10","price_type":"flat_fee","image":11015,"visibility":true}],"id":1669646111}],"yoast_head":"<!-- This site is optimized with the Yoast SEO plugin v27.5 - https:\/\/yoast.com\/product\/yoast-seo-wordpress\/ -->\n<title>Marokkansk tagine | Perfekt til sm\u00e5 serveringer | Tibladin<\/title>\n<meta name=\"description\" content=\"Smuk marokkansk tagine. F\u00e5es i forskellige farver og m\u00f8nstre. M\u00e5ler 12-13 cm. Stort udvalg af unika marokkansk keramik, h\u00e5ndlavet i Marokko.\" \/>\n<meta name=\"robots\" content=\"index, follow, max-snippet:-1, max-image-preview:large, max-video-preview:-1\" \/>\n<link rel=\"canonical\" href=\"https:\/\/tibladin.dk\/de\/produkt\/marokkanische-tajine-12-13-cm\/\" \/>\n<meta property=\"og:locale\" content=\"de_DE\" \/>\n<meta property=\"og:type\" content=\"article\" \/>\n<meta property=\"og:title\" content=\"Marokkansk tagine | Perfekt til sm\u00e5 serveringer | Tibladin\" \/>\n<meta property=\"og:description\" content=\"Smuk marokkansk tagine. F\u00e5es i forskellige farver og m\u00f8nstre. M\u00e5ler 12-13 cm. Stort udvalg af unika marokkansk keramik, h\u00e5ndlavet i Marokko.\" \/>\n<meta property=\"og:url\" content=\"https:\/\/tibladin.dk\/de\/produkt\/marokkanische-tajine-12-13-cm\/\" \/>\n<meta property=\"og:site_name\" content=\"Tibladin\" \/>\n<meta property=\"article:modified_time\" content=\"2026-04-25T11:28:46+00:00\" \/>\n<meta property=\"og:image\" content=\"https:\/\/tibladin.dk\/wp-content\/uploads\/2025\/07\/marokkanske-smaa-tagines-12-cm.-flere-farver_6.jpg\" \/>\n\t<meta property=\"og:image:width\" content=\"800\" \/>\n\t<meta property=\"og:image:height\" content=\"800\" \/>\n\t<meta property=\"og:image:type\" content=\"image\/jpeg\" \/>\n<meta name=\"twitter:card\" content=\"summary_large_image\" \/>\n<meta name=\"twitter:label1\" content=\"Gesch\u00e4tzte Lesezeit\" \/>\n\t<meta name=\"twitter:data1\" content=\"2\u00a0Minuten\" \/>\n<script type=\"application\/ld+json\" class=\"yoast-schema-graph\">{\"@context\":\"https:\\\/\\\/schema.org\",\"@graph\":[{\"@type\":\"WebPage\",\"@id\":\"https:\\\/\\\/tibladin.dk\\\/produkt\\\/marokkansk-tagine-12-13-cm\\\/\",\"url\":\"https:\\\/\\\/tibladin.dk\\\/produkt\\\/marokkansk-tagine-12-13-cm\\\/\",\"name\":\"Marokkansk tagine | Perfekt til sm\u00e5 serveringer | Tibladin\",\"isPartOf\":{\"@id\":\"https:\\\/\\\/tibladin.dk\\\/#website\"},\"primaryImageOfPage\":{\"@id\":\"https:\\\/\\\/tibladin.dk\\\/produkt\\\/marokkansk-tagine-12-13-cm\\\/#primaryimage\"},\"image\":{\"@id\":\"https:\\\/\\\/tibladin.dk\\\/produkt\\\/marokkansk-tagine-12-13-cm\\\/#primaryimage\"},\"thumbnailUrl\":\"https:\\\/\\\/tibladin.dk\\\/wp-content\\\/uploads\\\/2025\\\/07\\\/marokkanske-smaa-tagines-12-cm.-flere-farver_6.jpg\",\"datePublished\":\"2025-07-04T09:31:46+00:00\",\"dateModified\":\"2026-04-25T11:28:46+00:00\",\"description\":\"Smuk marokkansk tagine. F\u00e5es i forskellige farver og m\u00f8nstre. M\u00e5ler 12-13 cm. Stort udvalg af unika marokkansk keramik, h\u00e5ndlavet i Marokko.\",\"breadcrumb\":{\"@id\":\"https:\\\/\\\/tibladin.dk\\\/produkt\\\/marokkansk-tagine-12-13-cm\\\/#breadcrumb\"},\"inLanguage\":\"de\",\"potentialAction\":[{\"@type\":\"ReadAction\",\"target\":[\"https:\\\/\\\/tibladin.dk\\\/produkt\\\/marokkansk-tagine-12-13-cm\\\/\"]}]},{\"@type\":\"ImageObject\",\"inLanguage\":\"de\",\"@id\":\"https:\\\/\\\/tibladin.dk\\\/produkt\\\/marokkansk-tagine-12-13-cm\\\/#primaryimage\",\"url\":\"https:\\\/\\\/tibladin.dk\\\/wp-content\\\/uploads\\\/2025\\\/07\\\/marokkanske-smaa-tagines-12-cm.-flere-farver_6.jpg\",\"contentUrl\":\"https:\\\/\\\/tibladin.dk\\\/wp-content\\\/uploads\\\/2025\\\/07\\\/marokkanske-smaa-tagines-12-cm.-flere-farver_6.jpg\",\"width\":800,\"height\":800,\"caption\":\"Smukke marokkanske tagines, der m\u00e5ler 12 cm. Kommer i flere farvestr\u00e5lende varianter med unikke m\u00f8nstre. H\u00e5ndlavet i Marokko.\"},{\"@type\":\"BreadcrumbList\",\"@id\":\"https:\\\/\\\/tibladin.dk\\\/produkt\\\/marokkansk-tagine-12-13-cm\\\/#breadcrumb\",\"itemListElement\":[{\"@type\":\"ListItem\",\"position\":1,\"name\":\"Hjem\",\"item\":\"https:\\\/\\\/tibladin.dk\\\/\"},{\"@type\":\"ListItem\",\"position\":2,\"name\":\"Shop\",\"item\":\"https:\\\/\\\/tibladin.dk\\\/shop\\\/\"},{\"@type\":\"ListItem\",\"position\":3,\"name\":\"Marokkansk tagine &#8211; 12-13 cm\"}]},{\"@type\":\"WebSite\",\"@id\":\"https:\\\/\\\/tibladin.dk\\\/#website\",\"url\":\"https:\\\/\\\/tibladin.dk\\\/\",\"name\":\"Tibladin\",\"description\":\"Tibladin\",\"publisher\":{\"@id\":\"https:\\\/\\\/tibladin.dk\\\/#organization\"},\"potentialAction\":[{\"@type\":\"SearchAction\",\"target\":{\"@type\":\"EntryPoint\",\"urlTemplate\":\"https:\\\/\\\/tibladin.dk\\\/?s={search_term_string}\"},\"query-input\":{\"@type\":\"PropertyValueSpecification\",\"valueRequired\":true,\"valueName\":\"search_term_string\"}}],\"inLanguage\":\"de\"},{\"@type\":\"Organization\",\"@id\":\"https:\\\/\\\/tibladin.dk\\\/#organization\",\"name\":\"Tibladin\",\"url\":\"https:\\\/\\\/tibladin.dk\\\/\",\"logo\":{\"@type\":\"ImageObject\",\"inLanguage\":\"de\",\"@id\":\"https:\\\/\\\/tibladin.dk\\\/#\\\/schema\\\/logo\\\/image\\\/\",\"url\":\"https:\\\/\\\/tibladin.dk\\\/wp-content\\\/uploads\\\/2022\\\/09\\\/tibladin_logo.svg\",\"contentUrl\":\"https:\\\/\\\/tibladin.dk\\\/wp-content\\\/uploads\\\/2022\\\/09\\\/tibladin_logo.svg\",\"caption\":\"Tibladin\"},\"image\":{\"@id\":\"https:\\\/\\\/tibladin.dk\\\/#\\\/schema\\\/logo\\\/image\\\/\"}}]}<\/script>\n<!-- \/ Yoast SEO plugin. -->","yoast_head_json":{"title":"Marokkanische Tajine | Perfekt f\u00fcr kleine Portionen | Tibladin","description":"Wundersch\u00f6ner marokkanischer Tajine. Erh\u00e4ltlich in verschiedenen Farben und Mustern. Ma\u00dfe: 12\u201313 cm. Gro\u00dfe Auswahl an einzigartiger marokkanischer Keramik, handgefertigt in Marokko.","robots":{"index":"index","follow":"follow","max-snippet":"max-snippet:-1","max-image-preview":"max-image-preview:large","max-video-preview":"max-video-preview:-1"},"canonical":"https:\/\/tibladin.dk\/de\/produkt\/marokkanische-tajine-12-13-cm\/","og_locale":"de_DE","og_type":"article","og_title":"Marokkansk tagine | Perfekt til sm\u00e5 serveringer | Tibladin","og_description":"Smuk marokkansk tagine. F\u00e5es i forskellige farver og m\u00f8nstre. M\u00e5ler 12-13 cm. Stort udvalg af unika marokkansk keramik, h\u00e5ndlavet i Marokko.","og_url":"https:\/\/tibladin.dk\/de\/produkt\/marokkanische-tajine-12-13-cm\/","og_site_name":"Tibladin","article_modified_time":"2026-04-25T11:28:46+00:00","og_image":[{"width":800,"height":800,"url":"https:\/\/tibladin.dk\/wp-content\/uploads\/2025\/07\/marokkanske-smaa-tagines-12-cm.-flere-farver_6.jpg","type":"image\/jpeg"}],"twitter_card":"summary_large_image","twitter_misc":{"Gesch\u00e4tzte Lesezeit":"2\u00a0Minuten"},"schema":{"@context":"https:\/\/schema.org","@graph":[{"@type":"WebPage","@id":"https:\/\/tibladin.dk\/produkt\/marokkansk-tagine-12-13-cm\/","url":"https:\/\/tibladin.dk\/produkt\/marokkansk-tagine-12-13-cm\/","name":"Marokkanische Tajine | Perfekt f\u00fcr kleine Portionen | Tibladin","isPartOf":{"@id":"https:\/\/tibladin.dk\/#website"},"primaryImageOfPage":{"@id":"https:\/\/tibladin.dk\/produkt\/marokkansk-tagine-12-13-cm\/#primaryimage"},"image":{"@id":"https:\/\/tibladin.dk\/produkt\/marokkansk-tagine-12-13-cm\/#primaryimage"},"thumbnailUrl":"https:\/\/tibladin.dk\/wp-content\/uploads\/2025\/07\/marokkanske-smaa-tagines-12-cm.-flere-farver_6.jpg","datePublished":"2025-07-04T09:31:46+00:00","dateModified":"2026-04-25T11:28:46+00:00","description":"Wundersch\u00f6ner marokkanischer Tajine. Erh\u00e4ltlich in verschiedenen Farben und Mustern. Ma\u00dfe: 12\u201313 cm. Gro\u00dfe Auswahl an einzigartiger marokkanischer Keramik, handgefertigt in Marokko.","breadcrumb":{"@id":"https:\/\/tibladin.dk\/produkt\/marokkansk-tagine-12-13-cm\/#breadcrumb"},"inLanguage":"de","potentialAction":[{"@type":"ReadAction","target":["https:\/\/tibladin.dk\/produkt\/marokkansk-tagine-12-13-cm\/"]}]},{"@type":"ImageObject","inLanguage":"de","@id":"https:\/\/tibladin.dk\/produkt\/marokkansk-tagine-12-13-cm\/#primaryimage","url":"https:\/\/tibladin.dk\/wp-content\/uploads\/2025\/07\/marokkanske-smaa-tagines-12-cm.-flere-farver_6.jpg","contentUrl":"https:\/\/tibladin.dk\/wp-content\/uploads\/2025\/07\/marokkanske-smaa-tagines-12-cm.-flere-farver_6.jpg","width":800,"height":800,"caption":"Smukke marokkanske tagines, der m\u00e5ler 12 cm. Kommer i flere farvestr\u00e5lende varianter med unikke m\u00f8nstre. H\u00e5ndlavet i Marokko."},{"@type":"BreadcrumbList","@id":"https:\/\/tibladin.dk\/produkt\/marokkansk-tagine-12-13-cm\/#breadcrumb","itemListElement":[{"@type":"ListItem","position":1,"name":"Hjem","item":"https:\/\/tibladin.dk\/"},{"@type":"ListItem","position":2,"name":"Shop","item":"https:\/\/tibladin.dk\/shop\/"},{"@type":"ListItem","position":3,"name":"Marokkansk tagine &#8211; 12-13 cm"}]},{"@type":"WebSite","@id":"https:\/\/tibladin.dk\/#website","url":"https:\/\/tibladin.dk\/","name":"Tibladin","description":"Tibladin","publisher":{"@id":"https:\/\/tibladin.dk\/#organization"},"potentialAction":[{"@type":"SearchAction","target":{"@type":"EntryPoint","urlTemplate":"https:\/\/tibladin.dk\/?s={search_term_string}"},"query-input":{"@type":"PropertyValueSpecification","valueRequired":true,"valueName":"search_term_string"}}],"inLanguage":"de"},{"@type":"Organization","@id":"https:\/\/tibladin.dk\/#organization","name":"Tibladin","url":"https:\/\/tibladin.dk\/","logo":{"@type":"ImageObject","inLanguage":"de","@id":"https:\/\/tibladin.dk\/#\/schema\/logo\/image\/","url":"https:\/\/tibladin.dk\/wp-content\/uploads\/2022\/09\/tibladin_logo.svg","contentUrl":"https:\/\/tibladin.dk\/wp-content\/uploads\/2022\/09\/tibladin_logo.svg","caption":"Tibladin"},"image":{"@id":"https:\/\/tibladin.dk\/#\/schema\/logo\/image\/"}}]}},"_links":{"self":[{"href":"https:\/\/tibladin.dk\/de\/wp-json\/wp\/v2\/product\/8333","targetHints":{"allow":["GET"]}}],"collection":[{"href":"https:\/\/tibladin.dk\/de\/wp-json\/wp\/v2\/product"}],"about":[{"href":"https:\/\/tibladin.dk\/de\/wp-json\/wp\/v2\/types\/product"}],"wp:featuredmedia":[{"embeddable":true,"href":"https:\/\/tibladin.dk\/de\/wp-json\/wp\/v2\/media\/37987"}],"wp:attachment":[{"href":"https:\/\/tibladin.dk\/de\/wp-json\/wp\/v2\/media?parent=8333"}],"wp:term":[{"taxonomy":"product_brand","embeddable":true,"href":"https:\/\/tibladin.dk\/de\/wp-json\/wp\/v2\/product_brand?post=8333"},{"taxonomy":"product_cat","embeddable":true,"href":"https:\/\/tibladin.dk\/de\/wp-json\/wp\/v2\/product_cat?post=8333"},{"taxonomy":"product_tag","embeddable":true,"href":"https:\/\/tibladin.dk\/de\/wp-json\/wp\/v2\/product_tag?post=8333"}],"curies":[{"name":"wp","href":"https:\/\/api.w.org\/{rel}","templated":true}]}}