{"id":9266,"date":"2026-04-10T05:46:16","date_gmt":"2026-04-10T03:46:16","guid":{"rendered":"https:\/\/tibladin.dk\/?post_type=product&#038;p=9266"},"modified":"2026-04-14T16:33:20","modified_gmt":"2026-04-14T14:33:20","slug":"bodenkissen-pouf-aus-wolle-in-karamell","status":"publish","type":"product","link":"https:\/\/tibladin.dk\/de\/produkt\/gulvpude-puf-i-uld-caramel\/","title":{"rendered":"Bodenkissen\/Pouf aus Wolle \u2013 CARAMEL"},"content":{"rendered":"<div class=\"wpb-content-wrapper\"><div class=\"vc_row wpb_row vc_row-fluid\"><div class=\"wpb_column vc_column_container vc_col-sm-6\"><div class=\"vc_column-inner\"><div class=\"wpb_wrapper\"><h3 style=\"text-align: left\" class=\"vc_custom_heading vc_do_custom_heading\" >Wartung<\/h3>\n\t<div class=\"wpb_text_column wpb_content_element\" >\n\t\t<div class=\"wpb_wrapper\">\n\t\t\t<p>Wenn Sie das Pech haben, einen Fleck auf Ihrem Wollpouf oder Wollbodenkissen zu bekommen, beginnen Sie mit dem Staubsaugen des Flecks. Die Wolle ist von Natur aus von Lanolin umgeben, das einen Schutzfilm auf den Fasern bildet, sodass Flecken schlechter eindringen k\u00f6nnen. Sollte sich der Fleck damit nicht l\u00f6sen lassen, k\u00f6nnen Sie den Fleck mit einem feuchten Tuch abtupfen, zum Schluss nicht reiben. Sollten wir an einem Wintertag das Gl\u00fcck haben, dass es schneit, legen Sie Ihren Wollpouf oder Ihre Wolldecke in den frisch gefallenen Schnee. Dies ist die effektivste Methode f\u00fcr eine gr\u00fcndliche Reinigung<\/p>\n\n\t\t<\/div>\n\t<\/div>\n<\/div><\/div><\/div><div class=\"wpb_column vc_column_container vc_col-sm-6\"><div class=\"vc_column-inner\"><div class=\"wpb_wrapper\"><h3 style=\"text-align: left\" class=\"vc_custom_heading vc_do_custom_heading\" >Bodenkissen\/Poufs aus Azilal-Teppichen<\/h3>\n\t<div class=\"wpb_text_column wpb_content_element\" >\n\t\t<div class=\"wpb_wrapper\">\n\t\t\t<p>Wir haben viele Bodenkissen\/Wollpoufs in verschiedenen Farben und Mustern erhalten. Diese Bodenkissen sind aus echten Vintage-Azilal-Teppichen handgen\u00e4ht, weshalb alle Bodenkissen unterschiedlich sind. Die Teppiche stammen aus der Region Azilal in den marokkanischen Bergen \u00f6stlich von Marrakesch, wo es meist die Aufgabe der Frauen ist, die Teppiche von Hand zu weben. Urspr\u00fcnglich verf\u00fcgten die einheimischen Berberfrauen \u00fcber keine Schriftsprache, deshalb haben sie Geschichten in die Teppiche eingewebt, weshalb jeder Teppich ein Unikat ist. Azilal-Teppiche werden aus 100%-Wolle hergestellt \u2013 manchmal kombiniert mit Baumwollgarn.<\/p>\n<p><a href=\"https:\/\/tibladin.dk\/de\/produktkategorie-3\/innere\/mobel\/puh\/\">Sehen Sie sich hier unser komplettes Sortiment an Bodenkissen aus recycelten Azilal- und Beni Ouarain-Teppichen an.<\/a><\/p>\n<p><b>F\u00fcllen Sie Ihren Hocker<\/b><br \/>\nAm besten f\u00fcllen Sie Ihren Pouf mit einem gro\u00dfen festen Kissen \u2013 am besten 90\u00d790 cm, das das gesamte Kissen gut ausf\u00fcllt. Sie k\u00f6nnen problemlos Dinge verwenden, die Sie bereits haben, Steppdecken, Kissen, Decken oder stark zerknittertes Zeitungspapier. Sie k\u00f6nnen f\u00fcr Ihren Pouf auch Schaumstoffgranulat oder Baumwollf\u00fcllung kaufen. Wenn Sie diese Art von F\u00fcllung verwenden, empfehlen wir Ihnen, einen Innenbezug zu n\u00e4hen oder einen alten Bettbezug zu nehmen und die F\u00fcllung dort hineinzulegen, bevor Sie ihn in Ihren Pouf legen.<\/p>\n<p>Bei zus\u00e4tzlichem Kauf versenden wir es mit einer Montageunterlage 90\u00d790 cm.<\/p>\n\n\t\t<\/div>\n\t<\/div>\n<\/div><\/div><\/div><\/div>\n<\/div>","protected":false},"excerpt":{"rendered":"<p class=\"p1\"><span class=\"s1\">Wundersch\u00f6nes, quadratisches marokkanisches Bodenkissen\/Pouf aus Vintage-Azilal-Teppichen, handgen\u00e4ht aus hochwertiger Wolle. Der Pouf in einem herrlichen Karamellton mit warmen r\u00f6tlichen Untert\u00f6nen erzeugt ein wundersch\u00f6nes Lichtspiel.<\/span><\/p>\n<p class=\"p1\">Es gibt nur ein Exemplar dieses Hockers \u2013 handgen\u00e4ht aus Vintage-Azilal-Teppichen im Atlasgebirge von erfahrenen und geschickten Berbern.<\/p>\n<p>Unterseite des Teppichs \u2013 mit einem Rei\u00dfverschluss an zwei angrenzenden Seiten, so dass Sie ihn leicht bef\u00fcllen k\u00f6nnen. Wenn Sie m\u00f6chten, dass wir es mit F\u00fcllung von Tibladin f\u00fcllen, senden wir es mit einem gro\u00dfen 90\u00d790-Montagekissen, das Ihr Bodenkissen weich und angenehm zum Sitzen macht.<\/p>\n<p>Ma\u00dfe: 60 x 60 x 20<\/p>\n<p class=\"p1\"><span class=\"s1\">F\u00fcgen Sie diesen einzigartigen Hocker zu Ihrer Einrichtung hinzu und sehen Sie, wie er Gem\u00fctlichkeit und W\u00e4rme verbreitet und einen marokkanischen Touch verleiht. Das Bodenkissen passt perfekt in jeden Raum. Sowohl im Wohnzimmer durch die Sofaanordnung als auch im Schlafzimmer als auch im Kinderzimmer. Sehen Sie, wie Sie den Boden nun als zus\u00e4tzlichen Raum nutzen m\u00f6chten. Es \u00fcberzeugt das Sofa :-)<br \/>\n<\/span><\/p>","protected":false},"featured_media":9271,"template":"","meta":{"inline_featured_image":false},"product_brand":[],"product_cat":[101,39],"product_tag":[],"class_list":{"0":"post-9266","1":"product","2":"type-product","3":"status-publish","4":"has-post-thumbnail","6":"product_cat-gulvpuder-uldpufs","7":"product_cat-moebler","9":"first","10":"instock","11":"taxable","12":"shipping-taxable","13":"purchasable","14":"product-type-simple"},"exclude_global_add_ons":false,"addons":[{"name":"Lassen Sie sich Ihren Pouf mit F\u00fcllung und einer gro\u00dfen Montageunterlage liefern","type":"checkbox","position":0,"required":false,"title_format":"label","default":"","description_enable":true,"description":"Gef\u00fcllt mit einem gro\u00dfen 90x90 cm gro\u00dfen Befestigungskissen, das den Pouf gut ausf\u00fcllt und f\u00fcr ein weiches und bequemes Sitzgef\u00fchl sorgt. Der Bezug l\u00e4sst sich leicht abnehmen und reinigen.","placeholder_enable":false,"placeholder":"","display":"images","restrictions_type":"any_text","adjust_price":false,"price":"","price_type":"flat_fee","restrictions":false,"min":"0","max":"0","options":[{"label":"Ja tak","price":"300","price_type":"quantity_based","image":11028,"visibility":true}],"id":1672424044}],"yoast_head":"<!-- This site is optimized with the Yoast SEO plugin v27.5 - https:\/\/yoast.com\/product\/yoast-seo-wordpress\/ -->\n<title>Unik marokkansk gulvpude | H\u00e5ndsyet af vintage azilal-t\u00e6pper<\/title>\n<meta name=\"description\" content=\"Marokkansk gulvpude i smukke nuancer, som pryder din indretning. H\u00e5ndsyet af vintage azilal-t\u00e6pper i atlasbjergene i Marrakech.\" \/>\n<meta name=\"robots\" content=\"index, follow, max-snippet:-1, max-image-preview:large, max-video-preview:-1\" \/>\n<link rel=\"canonical\" href=\"https:\/\/tibladin.dk\/de\/produkt\/bodenkissen-pouf-aus-wolle-in-karamell\/\" \/>\n<meta property=\"og:locale\" content=\"de_DE\" \/>\n<meta property=\"og:type\" content=\"article\" \/>\n<meta property=\"og:title\" content=\"Unik marokkansk gulvpude | H\u00e5ndsyet af vintage azilal-t\u00e6pper\" \/>\n<meta property=\"og:description\" content=\"Marokkansk gulvpude i smukke nuancer, som pryder din indretning. H\u00e5ndsyet af vintage azilal-t\u00e6pper i atlasbjergene i Marrakech.\" \/>\n<meta property=\"og:url\" content=\"https:\/\/tibladin.dk\/de\/produkt\/bodenkissen-pouf-aus-wolle-in-karamell\/\" \/>\n<meta property=\"og:site_name\" content=\"Tibladin\" \/>\n<meta property=\"article:modified_time\" content=\"2026-04-14T14:33:20+00:00\" \/>\n<meta property=\"og:image\" content=\"https:\/\/tibladin.dk\/wp-content\/uploads\/2023\/11\/Marokkansk-gulvpude_CARAMEL_side2.jpg\" \/>\n\t<meta property=\"og:image:width\" content=\"800\" \/>\n\t<meta property=\"og:image:height\" content=\"800\" \/>\n\t<meta property=\"og:image:type\" content=\"image\/jpeg\" \/>\n<meta name=\"twitter:card\" content=\"summary_large_image\" \/>\n<meta name=\"twitter:label1\" content=\"Gesch\u00e4tzte Lesezeit\" \/>\n\t<meta name=\"twitter:data1\" content=\"3\u00a0Minuten\" \/>\n<script type=\"application\/ld+json\" class=\"yoast-schema-graph\">{\"@context\":\"https:\\\/\\\/schema.org\",\"@graph\":[{\"@type\":\"WebPage\",\"@id\":\"https:\\\/\\\/tibladin.dk\\\/produkt\\\/gulvpude-puf-i-uld-caramel\\\/\",\"url\":\"https:\\\/\\\/tibladin.dk\\\/produkt\\\/gulvpude-puf-i-uld-caramel\\\/\",\"name\":\"Unik marokkansk gulvpude | H\u00e5ndsyet af vintage azilal-t\u00e6pper\",\"isPartOf\":{\"@id\":\"https:\\\/\\\/tibladin.dk\\\/#website\"},\"primaryImageOfPage\":{\"@id\":\"https:\\\/\\\/tibladin.dk\\\/produkt\\\/gulvpude-puf-i-uld-caramel\\\/#primaryimage\"},\"image\":{\"@id\":\"https:\\\/\\\/tibladin.dk\\\/produkt\\\/gulvpude-puf-i-uld-caramel\\\/#primaryimage\"},\"thumbnailUrl\":\"https:\\\/\\\/tibladin.dk\\\/wp-content\\\/uploads\\\/2023\\\/11\\\/Marokkansk-gulvpude_CARAMEL_side2.jpg\",\"datePublished\":\"2026-04-10T03:46:16+00:00\",\"dateModified\":\"2026-04-14T14:33:20+00:00\",\"description\":\"Marokkansk gulvpude i smukke nuancer, som pryder din indretning. H\u00e5ndsyet af vintage azilal-t\u00e6pper i atlasbjergene i Marrakech.\",\"breadcrumb\":{\"@id\":\"https:\\\/\\\/tibladin.dk\\\/produkt\\\/gulvpude-puf-i-uld-caramel\\\/#breadcrumb\"},\"inLanguage\":\"de\",\"potentialAction\":[{\"@type\":\"ReadAction\",\"target\":[\"https:\\\/\\\/tibladin.dk\\\/produkt\\\/gulvpude-puf-i-uld-caramel\\\/\"]}]},{\"@type\":\"ImageObject\",\"inLanguage\":\"de\",\"@id\":\"https:\\\/\\\/tibladin.dk\\\/produkt\\\/gulvpude-puf-i-uld-caramel\\\/#primaryimage\",\"url\":\"https:\\\/\\\/tibladin.dk\\\/wp-content\\\/uploads\\\/2023\\\/11\\\/Marokkansk-gulvpude_CARAMEL_side2.jpg\",\"contentUrl\":\"https:\\\/\\\/tibladin.dk\\\/wp-content\\\/uploads\\\/2023\\\/11\\\/Marokkansk-gulvpude_CARAMEL_side2.jpg\",\"width\":800,\"height\":800,\"caption\":\"Marokkansk gulvpude_CARAMEL\"},{\"@type\":\"BreadcrumbList\",\"@id\":\"https:\\\/\\\/tibladin.dk\\\/produkt\\\/gulvpude-puf-i-uld-caramel\\\/#breadcrumb\",\"itemListElement\":[{\"@type\":\"ListItem\",\"position\":1,\"name\":\"Hjem\",\"item\":\"https:\\\/\\\/tibladin.dk\\\/\"},{\"@type\":\"ListItem\",\"position\":2,\"name\":\"Shop\",\"item\":\"https:\\\/\\\/tibladin.dk\\\/shop\\\/\"},{\"@type\":\"ListItem\",\"position\":3,\"name\":\"Gulvpude\\\/puf i uld &#8211; CARAMEL\"}]},{\"@type\":\"WebSite\",\"@id\":\"https:\\\/\\\/tibladin.dk\\\/#website\",\"url\":\"https:\\\/\\\/tibladin.dk\\\/\",\"name\":\"Tibladin\",\"description\":\"Tibladin\",\"publisher\":{\"@id\":\"https:\\\/\\\/tibladin.dk\\\/#organization\"},\"potentialAction\":[{\"@type\":\"SearchAction\",\"target\":{\"@type\":\"EntryPoint\",\"urlTemplate\":\"https:\\\/\\\/tibladin.dk\\\/?s={search_term_string}\"},\"query-input\":{\"@type\":\"PropertyValueSpecification\",\"valueRequired\":true,\"valueName\":\"search_term_string\"}}],\"inLanguage\":\"de\"},{\"@type\":\"Organization\",\"@id\":\"https:\\\/\\\/tibladin.dk\\\/#organization\",\"name\":\"Tibladin\",\"url\":\"https:\\\/\\\/tibladin.dk\\\/\",\"logo\":{\"@type\":\"ImageObject\",\"inLanguage\":\"de\",\"@id\":\"https:\\\/\\\/tibladin.dk\\\/#\\\/schema\\\/logo\\\/image\\\/\",\"url\":\"https:\\\/\\\/tibladin.dk\\\/wp-content\\\/uploads\\\/2022\\\/09\\\/tibladin_logo.svg\",\"contentUrl\":\"https:\\\/\\\/tibladin.dk\\\/wp-content\\\/uploads\\\/2022\\\/09\\\/tibladin_logo.svg\",\"caption\":\"Tibladin\"},\"image\":{\"@id\":\"https:\\\/\\\/tibladin.dk\\\/#\\\/schema\\\/logo\\\/image\\\/\"}}]}<\/script>\n<!-- \/ Yoast SEO plugin. -->","yoast_head_json":{"title":"Einzigartiges marokkanisches Bodenkissen | Handgen\u00e4ht aus Vintage-Azilal-Teppichen","description":"Marokkanisches Bodenkissen in wundersch\u00f6nen Farbt\u00f6nen, die Ihre Einrichtung schm\u00fccken. Handgen\u00e4ht aus Vintage-Azilal-Teppichen im Atlasgebirge von Marrakesch.","robots":{"index":"index","follow":"follow","max-snippet":"max-snippet:-1","max-image-preview":"max-image-preview:large","max-video-preview":"max-video-preview:-1"},"canonical":"https:\/\/tibladin.dk\/de\/produkt\/bodenkissen-pouf-aus-wolle-in-karamell\/","og_locale":"de_DE","og_type":"article","og_title":"Unik marokkansk gulvpude | H\u00e5ndsyet af vintage azilal-t\u00e6pper","og_description":"Marokkansk gulvpude i smukke nuancer, som pryder din indretning. H\u00e5ndsyet af vintage azilal-t\u00e6pper i atlasbjergene i Marrakech.","og_url":"https:\/\/tibladin.dk\/de\/produkt\/bodenkissen-pouf-aus-wolle-in-karamell\/","og_site_name":"Tibladin","article_modified_time":"2026-04-14T14:33:20+00:00","og_image":[{"width":800,"height":800,"url":"https:\/\/tibladin.dk\/wp-content\/uploads\/2023\/11\/Marokkansk-gulvpude_CARAMEL_side2.jpg","type":"image\/jpeg"}],"twitter_card":"summary_large_image","twitter_misc":{"Gesch\u00e4tzte Lesezeit":"3\u00a0Minuten"},"schema":{"@context":"https:\/\/schema.org","@graph":[{"@type":"WebPage","@id":"https:\/\/tibladin.dk\/produkt\/gulvpude-puf-i-uld-caramel\/","url":"https:\/\/tibladin.dk\/produkt\/gulvpude-puf-i-uld-caramel\/","name":"Einzigartiges marokkanisches Bodenkissen | Handgen\u00e4ht aus Vintage-Azilal-Teppichen","isPartOf":{"@id":"https:\/\/tibladin.dk\/#website"},"primaryImageOfPage":{"@id":"https:\/\/tibladin.dk\/produkt\/gulvpude-puf-i-uld-caramel\/#primaryimage"},"image":{"@id":"https:\/\/tibladin.dk\/produkt\/gulvpude-puf-i-uld-caramel\/#primaryimage"},"thumbnailUrl":"https:\/\/tibladin.dk\/wp-content\/uploads\/2023\/11\/Marokkansk-gulvpude_CARAMEL_side2.jpg","datePublished":"2026-04-10T03:46:16+00:00","dateModified":"2026-04-14T14:33:20+00:00","description":"Marokkanisches Bodenkissen in wundersch\u00f6nen Farbt\u00f6nen, die Ihre Einrichtung schm\u00fccken. Handgen\u00e4ht aus Vintage-Azilal-Teppichen im Atlasgebirge von Marrakesch.","breadcrumb":{"@id":"https:\/\/tibladin.dk\/produkt\/gulvpude-puf-i-uld-caramel\/#breadcrumb"},"inLanguage":"de","potentialAction":[{"@type":"ReadAction","target":["https:\/\/tibladin.dk\/produkt\/gulvpude-puf-i-uld-caramel\/"]}]},{"@type":"ImageObject","inLanguage":"de","@id":"https:\/\/tibladin.dk\/produkt\/gulvpude-puf-i-uld-caramel\/#primaryimage","url":"https:\/\/tibladin.dk\/wp-content\/uploads\/2023\/11\/Marokkansk-gulvpude_CARAMEL_side2.jpg","contentUrl":"https:\/\/tibladin.dk\/wp-content\/uploads\/2023\/11\/Marokkansk-gulvpude_CARAMEL_side2.jpg","width":800,"height":800,"caption":"Marokkansk gulvpude_CARAMEL"},{"@type":"BreadcrumbList","@id":"https:\/\/tibladin.dk\/produkt\/gulvpude-puf-i-uld-caramel\/#breadcrumb","itemListElement":[{"@type":"ListItem","position":1,"name":"Hjem","item":"https:\/\/tibladin.dk\/"},{"@type":"ListItem","position":2,"name":"Shop","item":"https:\/\/tibladin.dk\/shop\/"},{"@type":"ListItem","position":3,"name":"Gulvpude\/puf i uld &#8211; CARAMEL"}]},{"@type":"WebSite","@id":"https:\/\/tibladin.dk\/#website","url":"https:\/\/tibladin.dk\/","name":"Tibladin","description":"Tibladin","publisher":{"@id":"https:\/\/tibladin.dk\/#organization"},"potentialAction":[{"@type":"SearchAction","target":{"@type":"EntryPoint","urlTemplate":"https:\/\/tibladin.dk\/?s={search_term_string}"},"query-input":{"@type":"PropertyValueSpecification","valueRequired":true,"valueName":"search_term_string"}}],"inLanguage":"de"},{"@type":"Organization","@id":"https:\/\/tibladin.dk\/#organization","name":"Tibladin","url":"https:\/\/tibladin.dk\/","logo":{"@type":"ImageObject","inLanguage":"de","@id":"https:\/\/tibladin.dk\/#\/schema\/logo\/image\/","url":"https:\/\/tibladin.dk\/wp-content\/uploads\/2022\/09\/tibladin_logo.svg","contentUrl":"https:\/\/tibladin.dk\/wp-content\/uploads\/2022\/09\/tibladin_logo.svg","caption":"Tibladin"},"image":{"@id":"https:\/\/tibladin.dk\/#\/schema\/logo\/image\/"}}]}},"_links":{"self":[{"href":"https:\/\/tibladin.dk\/de\/wp-json\/wp\/v2\/product\/9266","targetHints":{"allow":["GET"]}}],"collection":[{"href":"https:\/\/tibladin.dk\/de\/wp-json\/wp\/v2\/product"}],"about":[{"href":"https:\/\/tibladin.dk\/de\/wp-json\/wp\/v2\/types\/product"}],"wp:featuredmedia":[{"embeddable":true,"href":"https:\/\/tibladin.dk\/de\/wp-json\/wp\/v2\/media\/9271"}],"wp:attachment":[{"href":"https:\/\/tibladin.dk\/de\/wp-json\/wp\/v2\/media?parent=9266"}],"wp:term":[{"taxonomy":"product_brand","embeddable":true,"href":"https:\/\/tibladin.dk\/de\/wp-json\/wp\/v2\/product_brand?post=9266"},{"taxonomy":"product_cat","embeddable":true,"href":"https:\/\/tibladin.dk\/de\/wp-json\/wp\/v2\/product_cat?post=9266"},{"taxonomy":"product_tag","embeddable":true,"href":"https:\/\/tibladin.dk\/de\/wp-json\/wp\/v2\/product_tag?post=9266"}],"curies":[{"name":"wp","href":"https:\/\/api.w.org\/{rel}","templated":true}]}}