{"id":9367,"date":"2025-03-04T15:02:50","date_gmt":"2025-03-04T14:02:50","guid":{"rendered":"https:\/\/tibladin.dk\/?post_type=product&#038;p=9367"},"modified":"2025-10-19T14:17:24","modified_gmt":"2025-10-19T12:17:24","slug":"schussel-aus-gruner-tamegroute-keramik-20-cm","status":"publish","type":"product","link":"https:\/\/tibladin.dk\/de\/produkt\/skaal-i-groen-tamegroute-keramik-20-cm\/","title":{"rendered":"Sch\u00fcssel aus gr\u00fcner Tamegroute-Keramik, 20 cm."},"content":{"rendered":"<div class=\"wpb-content-wrapper\"><div class=\"vc_row wpb_row vc_row-fluid\"><div class=\"wpb_column vc_column_container vc_col-sm-4\"><div class=\"vc_column-inner\"><div class=\"wpb_wrapper\"><\/div><\/div><\/div><div class=\"wpb_column vc_column_container vc_col-sm-4\"><div class=\"vc_column-inner\"><div class=\"wpb_wrapper\"><h3 style=\"text-align: left\" class=\"vc_custom_heading vc_do_custom_heading\" >Wartung<\/h3>\n\t<div class=\"wpb_text_column wpb_content_element\" >\n\t\t<div class=\"wpb_wrapper\">\n\t\t\t<p>Von der Sp\u00fclmaschine raten wir ab. Es ist besser, sie von Hand zu waschen.<\/p>\n\n\t\t<\/div>\n\t<\/div>\n<\/div><\/div><\/div><div class=\"wpb_column vc_column_container vc_col-sm-4\"><div class=\"vc_column-inner\"><div class=\"wpb_wrapper\"><h3 style=\"text-align: left\" class=\"vc_custom_heading vc_do_custom_heading\" >Die Geschichte dahinter<\/h3>\n\t<div class=\"wpb_text_column wpb_content_element\" >\n\t\t<div class=\"wpb_wrapper\">\n\t\t\t<p>Tamegroute-Keramik ist eine traditionelle Art der Keramikherstellung, die von den Marokkanern in der Region Zagora stammt. Die Art der Herstellung und die einzigartige gr\u00fcne Farbe zeichnen die Keramik am besten aus. Aufgrund der Herstellungsweise hat die Keramik eine sehr haptische Oberfl\u00e4che. Da es sich um Handarbeit handelt, kann es auch zu verschiedenen kleinen Abweichungen in Gr\u00f6\u00dfe, Farbe und Beschichtung sowie zu Unvollkommenheiten in der Keramik kommen. Es ist Teil des Charmes, dass es einzigartig ist, und es verleiht der Keramik mehr Charakter.<\/p>\n\n\t\t<\/div>\n\t<\/div>\n<\/div><\/div><\/div><\/div>\n<\/div>","protected":false},"excerpt":{"rendered":"<p><span data-sheets-value=\"{&quot;1&quot;:2,&quot;2&quot;:&quot;Smukt og rustikt fad i gul Tamegroute keramik. Smukt fad til pynt eller til servering. Kan ogs\u00e5 bruges som frokosttallerkner.&quot;}\" data-sheets-userformat=\"{&quot;2&quot;:15293,&quot;3&quot;:{&quot;1&quot;:0},&quot;5&quot;:{&quot;1&quot;:[{&quot;1&quot;:2,&quot;2&quot;:0,&quot;5&quot;:{&quot;1&quot;:2,&quot;2&quot;:0}},{&quot;1&quot;:0,&quot;2&quot;:0,&quot;3&quot;:3},{&quot;1&quot;:1,&quot;2&quot;:0,&quot;4&quot;:1}]},&quot;6&quot;:{&quot;1&quot;:[{&quot;1&quot;:2,&quot;2&quot;:0,&quot;5&quot;:{&quot;1&quot;:2,&quot;2&quot;:0}},{&quot;1&quot;:0,&quot;2&quot;:0,&quot;3&quot;:3},{&quot;1&quot;:1,&quot;2&quot;:0,&quot;4&quot;:1}]},&quot;7&quot;:{&quot;1&quot;:[{&quot;1&quot;:2,&quot;2&quot;:0,&quot;5&quot;:{&quot;1&quot;:2,&quot;2&quot;:0}},{&quot;1&quot;:0,&quot;2&quot;:0,&quot;3&quot;:3},{&quot;1&quot;:1,&quot;2&quot;:0,&quot;4&quot;:1}]},&quot;8&quot;:{&quot;1&quot;:[{&quot;1&quot;:2,&quot;2&quot;:0,&quot;5&quot;:{&quot;1&quot;:2,&quot;2&quot;:0}},{&quot;1&quot;:0,&quot;2&quot;:0,&quot;3&quot;:3},{&quot;1&quot;:1,&quot;2&quot;:0,&quot;4&quot;:1}]},&quot;10&quot;:0,&quot;11&quot;:4,&quot;12&quot;:0,&quot;14&quot;:{&quot;1&quot;:2,&quot;2&quot;:0},&quot;15&quot;:&quot;Helvetica Neue&quot;,&quot;16&quot;:10}\">Sk\u00e5l i gr\u00f8n Tamegroute keramik. Smukt sk\u00e5l til pynt eller til mindre serveringer.\u00a0<\/span><\/p>\n<p>Sk\u00e5lene m\u00e5ler 20 cm i diameter og 7 cm h\u00f8je.<\/p>\n<p>Der kan forekomme forskellige sm\u00e5 variationer i st\u00f8rrelser, farver og bel\u00e6gningen, da Tamegroute keramik er h\u00e5ndlavet p\u00e5 en meget speciel m\u00e5de.<\/p>\n<p><span style=\"font-weight: 400;\">Tamegroute keramik er kendt for et uf\u00e6rdige, rustikt og r\u00e5t udtryk. Keramikken har hakker, lidt sk\u00e5ret nogle steder, m\u00e6rker og glasur forskelligheder. Helt perfekt uperfekt!<\/span><\/p>\n<p><br style=\"font-weight: 400;\" \/><br style=\"font-weight: 400;\" \/><\/p>\n","protected":false},"featured_media":35370,"template":"","meta":{"inline_featured_image":false},"product_brand":[],"product_cat":[138],"product_tag":[],"class_list":{"0":"post-9367","1":"product","2":"type-product","3":"status-publish","4":"has-post-thumbnail","6":"product_cat-tamegroute-keramik","8":"first","9":"instock","10":"taxable","11":"shipping-taxable","12":"purchasable","13":"product-type-variable"},"exclude_global_add_ons":false,"addons":[{"name":"M\u00f6chten Sie eine Geschenkverpackung?","type":"checkbox","position":0,"required":false,"title_format":"label","default":"","description_enable":false,"description":"","placeholder_enable":false,"placeholder":"","display":"images","restrictions_type":"any_text","adjust_price":false,"price":"","price_type":"flat_fee","restrictions":false,"min":"0","max":"0","options":[{"label":"Ja tak","price":"10","price_type":"flat_fee","image":11015,"visibility":true}],"id":1669646111}],"yoast_head":"<!-- This site is optimized with the Yoast SEO plugin v27.4 - https:\/\/yoast.com\/product\/yoast-seo-wordpress\/ -->\n<title>Sk\u00e5l i gr\u00f8n Tamegroute keramik 20 cm.<\/title>\n<meta name=\"description\" content=\"Sk\u00e5l i den smukke gr\u00f8nne Tamegroute keramik. H\u00e5ndlavet i Marokko med traditionelle teknikker. Helt perfekt uperfekt og giver karakter til dit hjem.\" \/>\n<meta name=\"robots\" content=\"index, follow, max-snippet:-1, max-image-preview:large, max-video-preview:-1\" \/>\n<link rel=\"canonical\" href=\"https:\/\/tibladin.dk\/de\/produkt\/schussel-aus-gruner-tamegroute-keramik-20-cm\/\" \/>\n<meta property=\"og:locale\" content=\"de_DE\" \/>\n<meta property=\"og:type\" content=\"article\" \/>\n<meta property=\"og:title\" content=\"Sk\u00e5l i gr\u00f8n Tamegroute keramik 20 cm.\" \/>\n<meta property=\"og:description\" content=\"Sk\u00e5l i den smukke gr\u00f8nne Tamegroute keramik. H\u00e5ndlavet i Marokko med traditionelle teknikker. Helt perfekt uperfekt og giver karakter til dit hjem.\" \/>\n<meta property=\"og:url\" content=\"https:\/\/tibladin.dk\/de\/produkt\/schussel-aus-gruner-tamegroute-keramik-20-cm\/\" \/>\n<meta property=\"og:site_name\" content=\"Tibladin\" \/>\n<meta property=\"article:modified_time\" content=\"2025-10-19T12:17:24+00:00\" \/>\n<meta property=\"og:image\" content=\"https:\/\/tibladin.dk\/wp-content\/uploads\/2025\/03\/groen-skaal-tamegroute-20-cm_v4_LS1.jpg\" \/>\n\t<meta property=\"og:image:width\" content=\"800\" \/>\n\t<meta property=\"og:image:height\" content=\"800\" \/>\n\t<meta property=\"og:image:type\" content=\"image\/jpeg\" \/>\n<meta name=\"twitter:card\" content=\"summary_large_image\" \/>\n<meta name=\"twitter:label1\" content=\"Gesch\u00e4tzte Lesezeit\" \/>\n\t<meta name=\"twitter:data1\" content=\"2\u00a0Minuten\" \/>\n<script type=\"application\/ld+json\" class=\"yoast-schema-graph\">{\"@context\":\"https:\\\/\\\/schema.org\",\"@graph\":[{\"@type\":\"WebPage\",\"@id\":\"https:\\\/\\\/tibladin.dk\\\/produkt\\\/skaal-i-groen-tamegroute-keramik-20-cm\\\/\",\"url\":\"https:\\\/\\\/tibladin.dk\\\/produkt\\\/skaal-i-groen-tamegroute-keramik-20-cm\\\/\",\"name\":\"Sk\u00e5l i gr\u00f8n Tamegroute keramik 20 cm.\",\"isPartOf\":{\"@id\":\"https:\\\/\\\/tibladin.dk\\\/#website\"},\"primaryImageOfPage\":{\"@id\":\"https:\\\/\\\/tibladin.dk\\\/produkt\\\/skaal-i-groen-tamegroute-keramik-20-cm\\\/#primaryimage\"},\"image\":{\"@id\":\"https:\\\/\\\/tibladin.dk\\\/produkt\\\/skaal-i-groen-tamegroute-keramik-20-cm\\\/#primaryimage\"},\"thumbnailUrl\":\"https:\\\/\\\/tibladin.dk\\\/wp-content\\\/uploads\\\/2025\\\/03\\\/groen-skaal-tamegroute-20-cm_v4_LS1.jpg\",\"datePublished\":\"2025-03-04T14:02:50+00:00\",\"dateModified\":\"2025-10-19T12:17:24+00:00\",\"description\":\"Sk\u00e5l i den smukke gr\u00f8nne Tamegroute keramik. H\u00e5ndlavet i Marokko med traditionelle teknikker. Helt perfekt uperfekt og giver karakter til dit hjem.\",\"breadcrumb\":{\"@id\":\"https:\\\/\\\/tibladin.dk\\\/produkt\\\/skaal-i-groen-tamegroute-keramik-20-cm\\\/#breadcrumb\"},\"inLanguage\":\"de\",\"potentialAction\":[{\"@type\":\"ReadAction\",\"target\":[\"https:\\\/\\\/tibladin.dk\\\/produkt\\\/skaal-i-groen-tamegroute-keramik-20-cm\\\/\"]}]},{\"@type\":\"ImageObject\",\"inLanguage\":\"de\",\"@id\":\"https:\\\/\\\/tibladin.dk\\\/produkt\\\/skaal-i-groen-tamegroute-keramik-20-cm\\\/#primaryimage\",\"url\":\"https:\\\/\\\/tibladin.dk\\\/wp-content\\\/uploads\\\/2025\\\/03\\\/groen-skaal-tamegroute-20-cm_v4_LS1.jpg\",\"contentUrl\":\"https:\\\/\\\/tibladin.dk\\\/wp-content\\\/uploads\\\/2025\\\/03\\\/groen-skaal-tamegroute-20-cm_v4_LS1.jpg\",\"width\":800,\"height\":800,\"caption\":\"Sk\u00e5l i gr\u00f8n tamegroute keramik_V4\"},{\"@type\":\"BreadcrumbList\",\"@id\":\"https:\\\/\\\/tibladin.dk\\\/produkt\\\/skaal-i-groen-tamegroute-keramik-20-cm\\\/#breadcrumb\",\"itemListElement\":[{\"@type\":\"ListItem\",\"position\":1,\"name\":\"Hjem\",\"item\":\"https:\\\/\\\/tibladin.dk\\\/\"},{\"@type\":\"ListItem\",\"position\":2,\"name\":\"Shop\",\"item\":\"https:\\\/\\\/tibladin.dk\\\/shop\\\/\"},{\"@type\":\"ListItem\",\"position\":3,\"name\":\"Sk\u00e5l i gr\u00f8n Tamegroute keramik 20 cm.\"}]},{\"@type\":\"WebSite\",\"@id\":\"https:\\\/\\\/tibladin.dk\\\/#website\",\"url\":\"https:\\\/\\\/tibladin.dk\\\/\",\"name\":\"Tibladin\",\"description\":\"Tibladin\",\"publisher\":{\"@id\":\"https:\\\/\\\/tibladin.dk\\\/#organization\"},\"potentialAction\":[{\"@type\":\"SearchAction\",\"target\":{\"@type\":\"EntryPoint\",\"urlTemplate\":\"https:\\\/\\\/tibladin.dk\\\/?s={search_term_string}\"},\"query-input\":{\"@type\":\"PropertyValueSpecification\",\"valueRequired\":true,\"valueName\":\"search_term_string\"}}],\"inLanguage\":\"de\"},{\"@type\":\"Organization\",\"@id\":\"https:\\\/\\\/tibladin.dk\\\/#organization\",\"name\":\"Tibladin\",\"url\":\"https:\\\/\\\/tibladin.dk\\\/\",\"logo\":{\"@type\":\"ImageObject\",\"inLanguage\":\"de\",\"@id\":\"https:\\\/\\\/tibladin.dk\\\/#\\\/schema\\\/logo\\\/image\\\/\",\"url\":\"https:\\\/\\\/tibladin.dk\\\/wp-content\\\/uploads\\\/2022\\\/09\\\/tibladin_logo.svg\",\"contentUrl\":\"https:\\\/\\\/tibladin.dk\\\/wp-content\\\/uploads\\\/2022\\\/09\\\/tibladin_logo.svg\",\"caption\":\"Tibladin\"},\"image\":{\"@id\":\"https:\\\/\\\/tibladin.dk\\\/#\\\/schema\\\/logo\\\/image\\\/\"}}]}<\/script>\n<!-- \/ Yoast SEO plugin. -->","yoast_head_json":{"title":"Sch\u00fcssel aus gr\u00fcner Tamegroute-Keramik, 20 cm.","description":"Schale aus wundersch\u00f6ner gr\u00fcner Tamegroute-Keramik. Handgefertigt in Marokko nach traditionellen Techniken. Perfekt unperfekt und verleiht Ihrem Zuhause Charakter.","robots":{"index":"index","follow":"follow","max-snippet":"max-snippet:-1","max-image-preview":"max-image-preview:large","max-video-preview":"max-video-preview:-1"},"canonical":"https:\/\/tibladin.dk\/de\/produkt\/schussel-aus-gruner-tamegroute-keramik-20-cm\/","og_locale":"de_DE","og_type":"article","og_title":"Sk\u00e5l i gr\u00f8n Tamegroute keramik 20 cm.","og_description":"Sk\u00e5l i den smukke gr\u00f8nne Tamegroute keramik. H\u00e5ndlavet i Marokko med traditionelle teknikker. Helt perfekt uperfekt og giver karakter til dit hjem.","og_url":"https:\/\/tibladin.dk\/de\/produkt\/schussel-aus-gruner-tamegroute-keramik-20-cm\/","og_site_name":"Tibladin","article_modified_time":"2025-10-19T12:17:24+00:00","og_image":[{"width":800,"height":800,"url":"https:\/\/tibladin.dk\/wp-content\/uploads\/2025\/03\/groen-skaal-tamegroute-20-cm_v4_LS1.jpg","type":"image\/jpeg"}],"twitter_card":"summary_large_image","twitter_misc":{"Gesch\u00e4tzte Lesezeit":"2\u00a0Minuten"},"schema":{"@context":"https:\/\/schema.org","@graph":[{"@type":"WebPage","@id":"https:\/\/tibladin.dk\/produkt\/skaal-i-groen-tamegroute-keramik-20-cm\/","url":"https:\/\/tibladin.dk\/produkt\/skaal-i-groen-tamegroute-keramik-20-cm\/","name":"Sch\u00fcssel aus gr\u00fcner Tamegroute-Keramik, 20 cm.","isPartOf":{"@id":"https:\/\/tibladin.dk\/#website"},"primaryImageOfPage":{"@id":"https:\/\/tibladin.dk\/produkt\/skaal-i-groen-tamegroute-keramik-20-cm\/#primaryimage"},"image":{"@id":"https:\/\/tibladin.dk\/produkt\/skaal-i-groen-tamegroute-keramik-20-cm\/#primaryimage"},"thumbnailUrl":"https:\/\/tibladin.dk\/wp-content\/uploads\/2025\/03\/groen-skaal-tamegroute-20-cm_v4_LS1.jpg","datePublished":"2025-03-04T14:02:50+00:00","dateModified":"2025-10-19T12:17:24+00:00","description":"Schale aus wundersch\u00f6ner gr\u00fcner Tamegroute-Keramik. Handgefertigt in Marokko nach traditionellen Techniken. Perfekt unperfekt und verleiht Ihrem Zuhause Charakter.","breadcrumb":{"@id":"https:\/\/tibladin.dk\/produkt\/skaal-i-groen-tamegroute-keramik-20-cm\/#breadcrumb"},"inLanguage":"de","potentialAction":[{"@type":"ReadAction","target":["https:\/\/tibladin.dk\/produkt\/skaal-i-groen-tamegroute-keramik-20-cm\/"]}]},{"@type":"ImageObject","inLanguage":"de","@id":"https:\/\/tibladin.dk\/produkt\/skaal-i-groen-tamegroute-keramik-20-cm\/#primaryimage","url":"https:\/\/tibladin.dk\/wp-content\/uploads\/2025\/03\/groen-skaal-tamegroute-20-cm_v4_LS1.jpg","contentUrl":"https:\/\/tibladin.dk\/wp-content\/uploads\/2025\/03\/groen-skaal-tamegroute-20-cm_v4_LS1.jpg","width":800,"height":800,"caption":"Sk\u00e5l i gr\u00f8n tamegroute keramik_V4"},{"@type":"BreadcrumbList","@id":"https:\/\/tibladin.dk\/produkt\/skaal-i-groen-tamegroute-keramik-20-cm\/#breadcrumb","itemListElement":[{"@type":"ListItem","position":1,"name":"Hjem","item":"https:\/\/tibladin.dk\/"},{"@type":"ListItem","position":2,"name":"Shop","item":"https:\/\/tibladin.dk\/shop\/"},{"@type":"ListItem","position":3,"name":"Sk\u00e5l i gr\u00f8n Tamegroute keramik 20 cm."}]},{"@type":"WebSite","@id":"https:\/\/tibladin.dk\/#website","url":"https:\/\/tibladin.dk\/","name":"Tibladin","description":"Tibladin","publisher":{"@id":"https:\/\/tibladin.dk\/#organization"},"potentialAction":[{"@type":"SearchAction","target":{"@type":"EntryPoint","urlTemplate":"https:\/\/tibladin.dk\/?s={search_term_string}"},"query-input":{"@type":"PropertyValueSpecification","valueRequired":true,"valueName":"search_term_string"}}],"inLanguage":"de"},{"@type":"Organization","@id":"https:\/\/tibladin.dk\/#organization","name":"Tibladin","url":"https:\/\/tibladin.dk\/","logo":{"@type":"ImageObject","inLanguage":"de","@id":"https:\/\/tibladin.dk\/#\/schema\/logo\/image\/","url":"https:\/\/tibladin.dk\/wp-content\/uploads\/2022\/09\/tibladin_logo.svg","contentUrl":"https:\/\/tibladin.dk\/wp-content\/uploads\/2022\/09\/tibladin_logo.svg","caption":"Tibladin"},"image":{"@id":"https:\/\/tibladin.dk\/#\/schema\/logo\/image\/"}}]}},"_links":{"self":[{"href":"https:\/\/tibladin.dk\/de\/wp-json\/wp\/v2\/product\/9367","targetHints":{"allow":["GET"]}}],"collection":[{"href":"https:\/\/tibladin.dk\/de\/wp-json\/wp\/v2\/product"}],"about":[{"href":"https:\/\/tibladin.dk\/de\/wp-json\/wp\/v2\/types\/product"}],"wp:featuredmedia":[{"embeddable":true,"href":"https:\/\/tibladin.dk\/de\/wp-json\/wp\/v2\/media\/35370"}],"wp:attachment":[{"href":"https:\/\/tibladin.dk\/de\/wp-json\/wp\/v2\/media?parent=9367"}],"wp:term":[{"taxonomy":"product_brand","embeddable":true,"href":"https:\/\/tibladin.dk\/de\/wp-json\/wp\/v2\/product_brand?post=9367"},{"taxonomy":"product_cat","embeddable":true,"href":"https:\/\/tibladin.dk\/de\/wp-json\/wp\/v2\/product_cat?post=9367"},{"taxonomy":"product_tag","embeddable":true,"href":"https:\/\/tibladin.dk\/de\/wp-json\/wp\/v2\/product_tag?post=9367"}],"curies":[{"name":"wp","href":"https:\/\/api.w.org\/{rel}","templated":true}]}}