{"id":3,"date":"2022-09-09T09:18:35","date_gmt":"2022-09-09T09:18:35","guid":{"rendered":"https:\/\/tibladin2.sky663.dk\/?page_id=3"},"modified":"2026-01-12T20:56:24","modified_gmt":"2026-01-12T19:56:24","slug":"privacy-policy","status":"publish","type":"page","link":"https:\/\/tibladin.dk\/en\/privatlivspolitik\/","title":{"rendered":"Privacy policy"},"content":{"rendered":"<div class=\"wpb-content-wrapper\"><div class=\"vc_row wpb_row vc_row-fluid\"><div class=\"wpb_column vc_column_container vc_col-sm-12\"><div class=\"vc_column-inner\"><div class=\"wpb_wrapper\">\n\t<div class=\"wpb_text_column wpb_content_element\" >\n\t\t<div class=\"wpb_wrapper\">\n\t\t\t<p><strong>Use of personal information:<br \/>\n<\/strong>Tibladin does not pass on personal information or other information related to the customer relationship to third parties.<\/p>\n<p><strong>Copyright:<br \/>\n<\/strong>All images and texts on Tibladin are subject to copyright law, and may therefore not be copied without permission.<\/p>\n<p><strong>Cookies<br \/>\n<\/strong>The website uses &quot;cookies&quot;, which is a text file which is saved on your computer, mobile or similar for the purpose of recognizing it, remembering settings, performing statistics and targeting advertisements. Cookies cannot contain harmful code such as virus.<\/p>\n<p><em>We offer Klarna&#039;s payment methods. We send your personal data and order details to Klarna on the payment page. Klarna uses this data to decide whether you can use their payment methods and tailor the payment options for you. Your data is processed according to <a href=\"https:\/\/www.pricerunner.dk\/info\/privacy\" target=\"_blank\" rel=\"noopener noreferrer\" data-saferedirecturl=\"https:\/\/www.google.com\/url?q=https:\/\/sales.klarna.com\/t\/105541\/c\/64716352-5328-4c6e-abb0-b409df9ef2c4\/NB2HI4DTHIXS653XO4XGW3DBOJXGCLTDN5WS62LOORSXE3TBORUW63TBNQXXA4TJOZQWG6JNOBXWY2LDPEXQ%3D%3D%3D%3D\/www-klarna-com-international-privacy-policy&amp;source=gmail&amp;ust=1695453429463000&amp;usg=AOvVaw2scYnEMBzeYutsMo38aW5p\">Klarna&#039;s own privacy policy<\/a>.\u201d<\/em><\/p>\n<div id=\"ohio-custom-63442bf7c10c6\" class=\"ohio-text-sc\">\n<h3>Personal information<\/h3>\n<p><strong>In general<br \/>\n<\/strong>Personal information is all kinds of information that can be attributed to you to one extent or another. When you use tibladin.dk, we collect and process a number of such information. This happens e.g. by general access to content if you sign up for our newsletter or make a purchase on the webshop.<\/p>\n<p><strong>Security<br \/>\n<\/strong>We have taken technical and organizational measures to prevent your information from being accidentally or illegally deleted, published, lost, degraded or coming to the knowledge of unauthorized persons, misused or otherwise processed in violation of the Personal Data Regulation.<\/p>\n<p>Your data is on a Danish ISO security-certified web hotel and we have also protected the site in the following ways:<\/p>\n<ul>\n<li>Operational monitoring 24\/7<\/li>\n<li>Daily backup that is saved for 30 days<\/li>\n<li>Anti hacking software placed on the website\/webshop and the page is scanned weekly for malicious software<\/li>\n<li>Access to the page and data is monitored and access is closed after 5 unsuccessful attempts.<\/li>\n<li>Audit log of who\/what\/when changes have been made to the page<\/li>\n<li>Continuous updating of the site&#039;s software to minimize hacking attacks<\/li>\n<li>SSL certificate placed on the page so it runs https<\/li>\n<\/ul>\n<p><strong>Period of storage<br \/>\n<\/strong>The information is kept for the period of time permitted by law and we delete it when it is no longer necessary. The period depends on the nature of the information and the background for storage. It is therefore not possible to specify a general time frame for when information is deleted.<\/p>\n<p><strong>Disclosure of information<br \/>\n<\/strong>Dissemination of personal data such as name and e-mail etc. will only take place if you give written consent to it. We only use data processors in the EU and all have a data processor agreement with them.<\/p>\n<p><strong>Insights and complaints<br \/>\n<\/strong>You have the right to be informed about which personal data we process about you. You can also object to the use of information at any time. You can also revoke your consent for information about you to be processed. If the information processed about you is incorrect, you have the right to have it corrected or deleted. Inquiries about this can be made to: info@tibladin.dk. If you want to complain about our processing of your personal data, you also have the option of contacting <a href=\"https:\/\/www.datatilsynet.dk\/\" target=\"_blank\" rel=\"noopener noreferrer\">The Norwegian Data Protection Authority<\/a>.<\/p>\n<p><strong>Publisher<br \/>\n<\/strong>The website is owned and published by:<\/p>\n<p>Tibladin<br \/>\n<a href=\"https:\/\/www.google.dk\/maps\/place\/Tibladin\/@56.1033852,10.2051637,17z\/data=!3m1!4b1!4m5!3m4!1s0x464c41877375fc0f:0x2f5598dce0fcea1a!8m2!3d56.1033852!4d10.2073524\" target=\"_blank\" rel=\"noopener\">Siriusvej 5 A, 8270 H\u00f8jbjerg<\/a><br \/>\n<a href=\"mailto:info@tibladin.dk\">info@tibladin.dk<\/a><br \/>\n<a href=\"phone: 31405500\">+45 3140 5500<\/a><\/p>\n<p>CVR: 40875743<\/p>\n<\/div>\n<p><a href=\"https:\/\/reklamebeskyttelse.dk\" target=\"_blank\" rel=\"noopener\"><img loading=\"lazy\" decoding=\"async\" src=\"https:\/\/reklamebeskyttelse.dk\/wp-content\/uploads\/2018\/02\/reklamebeskyttelse-moerk.png\" alt=\"Advertising protection\" width=\"75\" height=\"75\" \/><\/a><\/p>\n\n\t\t<\/div>\n\t<\/div>\n<\/div><\/div><\/div><\/div>\n<\/div>","protected":false},"excerpt":{"rendered":"Brug af personlige oplysninger: Tibladin videregiver ikke personlige oplysninger eller andre oplysninger, der har med kundeforholdet at g\u00f8re, til tredjepart. Ophavsret: Alle billeder og tekster p\u00e5 Tibladin er underlagt lov om ophavsret, og m\u00e5 derfor ikke kopieres uden tilladelse. Cookies Websitet anvender \u201dcookies\u201d, der er en tekstfil, som gemmes p\u00e5 din computer, mobil eller tilsvarende [...]","protected":false},"author":1,"featured_media":0,"parent":0,"menu_order":0,"comment_status":"closed","ping_status":"closed","template":"","meta":{"inline_featured_image":false,"footnotes":""},"class_list":["post-3","page","type-page","status-publish","hentry"],"yoast_head":"<!-- This site is optimized with the Yoast SEO plugin v27.5 - https:\/\/yoast.com\/product\/yoast-seo-wordpress\/ -->\n<title>Privatlivspolitik | Tibladin<\/title>\n<meta name=\"description\" content=\"L\u00e6s om hvordan vi opbevarer og beskytter jeres data, n\u00e5r I har med Tibladin. Sikkerhed og beskyttelse af data er altid en prioritet for os\" \/>\n<meta name=\"robots\" content=\"index, follow, max-snippet:-1, max-image-preview:large, max-video-preview:-1\" \/>\n<link rel=\"canonical\" href=\"https:\/\/tibladin.dk\/en\/privacy-policy\/\" \/>\n<meta property=\"og:locale\" content=\"en_GB\" \/>\n<meta property=\"og:type\" content=\"article\" \/>\n<meta property=\"og:title\" content=\"Privatlivspolitik | Tibladin\" \/>\n<meta property=\"og:description\" content=\"L\u00e6s om hvordan vi opbevarer og beskytter jeres data, n\u00e5r I har med Tibladin. Sikkerhed og beskyttelse af data er altid en prioritet for os\" \/>\n<meta property=\"og:url\" content=\"https:\/\/tibladin.dk\/en\/privacy-policy\/\" \/>\n<meta property=\"og:site_name\" content=\"Tibladin\" \/>\n<meta property=\"article:modified_time\" content=\"2026-01-12T19:56:24+00:00\" \/>\n<meta property=\"og:image\" content=\"https:\/\/reklamebeskyttelse.dk\/wp-content\/uploads\/2018\/02\/reklamebeskyttelse-moerk.png\" \/>\n<meta name=\"twitter:card\" content=\"summary_large_image\" \/>\n<meta name=\"twitter:label1\" content=\"Estimated reading time\" \/>\n\t<meta name=\"twitter:data1\" content=\"3 minutes\" \/>\n<script type=\"application\/ld+json\" class=\"yoast-schema-graph\">{\"@context\":\"https:\\\/\\\/schema.org\",\"@graph\":[{\"@type\":\"WebPage\",\"@id\":\"https:\\\/\\\/tibladin.dk\\\/privatlivspolitik\\\/\",\"url\":\"https:\\\/\\\/tibladin.dk\\\/privatlivspolitik\\\/\",\"name\":\"Privatlivspolitik | Tibladin\",\"isPartOf\":{\"@id\":\"https:\\\/\\\/tibladin.dk\\\/#website\"},\"primaryImageOfPage\":{\"@id\":\"https:\\\/\\\/tibladin.dk\\\/privatlivspolitik\\\/#primaryimage\"},\"image\":{\"@id\":\"https:\\\/\\\/tibladin.dk\\\/privatlivspolitik\\\/#primaryimage\"},\"thumbnailUrl\":\"https:\\\/\\\/reklamebeskyttelse.dk\\\/wp-content\\\/uploads\\\/2018\\\/02\\\/reklamebeskyttelse-moerk.png\",\"datePublished\":\"2022-09-09T09:18:35+00:00\",\"dateModified\":\"2026-01-12T19:56:24+00:00\",\"description\":\"L\u00e6s om hvordan vi opbevarer og beskytter jeres data, n\u00e5r I har med Tibladin. Sikkerhed og beskyttelse af data er altid en prioritet for os\",\"breadcrumb\":{\"@id\":\"https:\\\/\\\/tibladin.dk\\\/privatlivspolitik\\\/#breadcrumb\"},\"inLanguage\":\"en-GB\",\"potentialAction\":[{\"@type\":\"ReadAction\",\"target\":[\"https:\\\/\\\/tibladin.dk\\\/privatlivspolitik\\\/\"]}]},{\"@type\":\"ImageObject\",\"inLanguage\":\"en-GB\",\"@id\":\"https:\\\/\\\/tibladin.dk\\\/privatlivspolitik\\\/#primaryimage\",\"url\":\"https:\\\/\\\/reklamebeskyttelse.dk\\\/wp-content\\\/uploads\\\/2018\\\/02\\\/reklamebeskyttelse-moerk.png\",\"contentUrl\":\"https:\\\/\\\/reklamebeskyttelse.dk\\\/wp-content\\\/uploads\\\/2018\\\/02\\\/reklamebeskyttelse-moerk.png\"},{\"@type\":\"BreadcrumbList\",\"@id\":\"https:\\\/\\\/tibladin.dk\\\/privatlivspolitik\\\/#breadcrumb\",\"itemListElement\":[{\"@type\":\"ListItem\",\"position\":1,\"name\":\"Hjem\",\"item\":\"https:\\\/\\\/tibladin.dk\\\/\"},{\"@type\":\"ListItem\",\"position\":2,\"name\":\"Privatlivspolitik\"}]},{\"@type\":\"WebSite\",\"@id\":\"https:\\\/\\\/tibladin.dk\\\/#website\",\"url\":\"https:\\\/\\\/tibladin.dk\\\/\",\"name\":\"Tibladin\",\"description\":\"Tibladin\",\"publisher\":{\"@id\":\"https:\\\/\\\/tibladin.dk\\\/#organization\"},\"potentialAction\":[{\"@type\":\"SearchAction\",\"target\":{\"@type\":\"EntryPoint\",\"urlTemplate\":\"https:\\\/\\\/tibladin.dk\\\/?s={search_term_string}\"},\"query-input\":{\"@type\":\"PropertyValueSpecification\",\"valueRequired\":true,\"valueName\":\"search_term_string\"}}],\"inLanguage\":\"en-GB\"},{\"@type\":\"Organization\",\"@id\":\"https:\\\/\\\/tibladin.dk\\\/#organization\",\"name\":\"Tibladin\",\"url\":\"https:\\\/\\\/tibladin.dk\\\/\",\"logo\":{\"@type\":\"ImageObject\",\"inLanguage\":\"en-GB\",\"@id\":\"https:\\\/\\\/tibladin.dk\\\/#\\\/schema\\\/logo\\\/image\\\/\",\"url\":\"https:\\\/\\\/tibladin.dk\\\/wp-content\\\/uploads\\\/2022\\\/09\\\/tibladin_logo.svg\",\"contentUrl\":\"https:\\\/\\\/tibladin.dk\\\/wp-content\\\/uploads\\\/2022\\\/09\\\/tibladin_logo.svg\",\"caption\":\"Tibladin\"},\"image\":{\"@id\":\"https:\\\/\\\/tibladin.dk\\\/#\\\/schema\\\/logo\\\/image\\\/\"}}]}<\/script>\n<!-- \/ Yoast SEO plugin. -->","yoast_head_json":{"title":"Privacy Policy | Tibladin","description":"Read about how we store and protect your data when you use Tibladin. Security and protection of data is always a priority for us","robots":{"index":"index","follow":"follow","max-snippet":"max-snippet:-1","max-image-preview":"max-image-preview:large","max-video-preview":"max-video-preview:-1"},"canonical":"https:\/\/tibladin.dk\/en\/privacy-policy\/","og_locale":"en_GB","og_type":"article","og_title":"Privatlivspolitik | Tibladin","og_description":"L\u00e6s om hvordan vi opbevarer og beskytter jeres data, n\u00e5r I har med Tibladin. Sikkerhed og beskyttelse af data er altid en prioritet for os","og_url":"https:\/\/tibladin.dk\/en\/privacy-policy\/","og_site_name":"Tibladin","article_modified_time":"2026-01-12T19:56:24+00:00","og_image":[{"url":"https:\/\/reklamebeskyttelse.dk\/wp-content\/uploads\/2018\/02\/reklamebeskyttelse-moerk.png","type":"","width":"","height":""}],"twitter_card":"summary_large_image","twitter_misc":{"Estimated reading time":"3 minutes"},"schema":{"@context":"https:\/\/schema.org","@graph":[{"@type":"WebPage","@id":"https:\/\/tibladin.dk\/privatlivspolitik\/","url":"https:\/\/tibladin.dk\/privatlivspolitik\/","name":"Privacy Policy | Tibladin","isPartOf":{"@id":"https:\/\/tibladin.dk\/#website"},"primaryImageOfPage":{"@id":"https:\/\/tibladin.dk\/privatlivspolitik\/#primaryimage"},"image":{"@id":"https:\/\/tibladin.dk\/privatlivspolitik\/#primaryimage"},"thumbnailUrl":"https:\/\/reklamebeskyttelse.dk\/wp-content\/uploads\/2018\/02\/reklamebeskyttelse-moerk.png","datePublished":"2022-09-09T09:18:35+00:00","dateModified":"2026-01-12T19:56:24+00:00","description":"Read about how we store and protect your data when you use Tibladin. Security and protection of data is always a priority for us","breadcrumb":{"@id":"https:\/\/tibladin.dk\/privatlivspolitik\/#breadcrumb"},"inLanguage":"en-GB","potentialAction":[{"@type":"ReadAction","target":["https:\/\/tibladin.dk\/privatlivspolitik\/"]}]},{"@type":"ImageObject","inLanguage":"en-GB","@id":"https:\/\/tibladin.dk\/privatlivspolitik\/#primaryimage","url":"https:\/\/reklamebeskyttelse.dk\/wp-content\/uploads\/2018\/02\/reklamebeskyttelse-moerk.png","contentUrl":"https:\/\/reklamebeskyttelse.dk\/wp-content\/uploads\/2018\/02\/reklamebeskyttelse-moerk.png"},{"@type":"BreadcrumbList","@id":"https:\/\/tibladin.dk\/privatlivspolitik\/#breadcrumb","itemListElement":[{"@type":"ListItem","position":1,"name":"Hjem","item":"https:\/\/tibladin.dk\/"},{"@type":"ListItem","position":2,"name":"Privatlivspolitik"}]},{"@type":"WebSite","@id":"https:\/\/tibladin.dk\/#website","url":"https:\/\/tibladin.dk\/","name":"Tibladin","description":"Tibladin","publisher":{"@id":"https:\/\/tibladin.dk\/#organization"},"potentialAction":[{"@type":"SearchAction","target":{"@type":"EntryPoint","urlTemplate":"https:\/\/tibladin.dk\/?s={search_term_string}"},"query-input":{"@type":"PropertyValueSpecification","valueRequired":true,"valueName":"search_term_string"}}],"inLanguage":"en-GB"},{"@type":"Organization","@id":"https:\/\/tibladin.dk\/#organization","name":"Tibladin","url":"https:\/\/tibladin.dk\/","logo":{"@type":"ImageObject","inLanguage":"en-GB","@id":"https:\/\/tibladin.dk\/#\/schema\/logo\/image\/","url":"https:\/\/tibladin.dk\/wp-content\/uploads\/2022\/09\/tibladin_logo.svg","contentUrl":"https:\/\/tibladin.dk\/wp-content\/uploads\/2022\/09\/tibladin_logo.svg","caption":"Tibladin"},"image":{"@id":"https:\/\/tibladin.dk\/#\/schema\/logo\/image\/"}}]}},"_links":{"self":[{"href":"https:\/\/tibladin.dk\/en\/wp-json\/wp\/v2\/pages\/3","targetHints":{"allow":["GET"]}}],"collection":[{"href":"https:\/\/tibladin.dk\/en\/wp-json\/wp\/v2\/pages"}],"about":[{"href":"https:\/\/tibladin.dk\/en\/wp-json\/wp\/v2\/types\/page"}],"author":[{"embeddable":true,"href":"https:\/\/tibladin.dk\/en\/wp-json\/wp\/v2\/users\/1"}],"replies":[{"embeddable":true,"href":"https:\/\/tibladin.dk\/en\/wp-json\/wp\/v2\/comments?post=3"}],"version-history":[{"count":11,"href":"https:\/\/tibladin.dk\/en\/wp-json\/wp\/v2\/pages\/3\/revisions"}],"predecessor-version":[{"id":42911,"href":"https:\/\/tibladin.dk\/en\/wp-json\/wp\/v2\/pages\/3\/revisions\/42911"}],"wp:attachment":[{"href":"https:\/\/tibladin.dk\/en\/wp-json\/wp\/v2\/media?parent=3"}],"curies":[{"name":"wp","href":"https:\/\/api.w.org\/{rel}","templated":true}]}}