{"id":34316,"date":"2025-01-27T12:46:39","date_gmt":"2025-01-27T11:46:39","guid":{"rendered":"https:\/\/tibladin.dk\/?page_id=34316"},"modified":"2025-06-20T14:48:57","modified_gmt":"2025-06-20T12:48:57","slug":"sustainable-production","status":"publish","type":"page","link":"https:\/\/tibladin.dk\/en\/baeredygtig-produktion\/","title":{"rendered":"Sustainable production"},"content":{"rendered":"<div class=\"wpb-content-wrapper\"><section data-vc-full-width=\"true\" data-vc-full-width-temp=\"true\" data-vc-full-width-init=\"false\" class=\"vc_section vc_custom_1666001388259 vc_section-has-fill vc_row-o-full-height vc_section-o-content-middle vc_section-flex\"><div class=\"vc_row wpb_row vc_row-fluid\"><div class=\"wpb_column vc_column_container vc_col-sm-12\"><div class=\"vc_column-inner\"><div class=\"wpb_wrapper\"><h1 style=\"font-size: 4rem;color: #ffffff;text-align: center\" class=\"vc_custom_heading vc_do_custom_heading vc_custom_1737542298165\" >Sustainable production<\/h1><\/div><\/div><\/div><\/div><\/section><div class=\"vc_row-full-width vc_clearfix\"><\/div><div class=\"vc_row wpb_row vc_row-fluid max-width-col vc_custom_1698923591576\"><div class=\"wpb_column vc_column_container vc_col-sm-12\"><div class=\"vc_column-inner\"><div class=\"wpb_wrapper\"><h2 style=\"text-align: center\" class=\"vc_custom_heading vc_do_custom_heading\" >At Tibladin we pride ourselves on our focus on unique craftsmanship. Explore and learn more about how our products are produced and how we take social responsibility.<\/h2><\/div><\/div><\/div><\/div><div class=\"vc_row wpb_row vc_row-fluid\"><div class=\"wpb_column vc_column_container vc_col-sm-6\"><div class=\"vc_column-inner\"><div class=\"wpb_wrapper\">\n\t<div  class=\"wpb_single_image wpb_content_element vc_align_center wpb_content_element\">\n\t\t\n\t\t<figure class=\"wpb_wrapper vc_figure\">\n\t\t\t<a href=\"http:\/\/tibladin.dk\/en\/the-production-of-our-beldi-glass\/\" target=\"_self\" class=\"vc_single_image-wrapper   vc_box_border_grey\"><img decoding=\"async\" class=\"vc_single_image-img\" src=\"https:\/\/tibladin.dk\/wp-content\/uploads\/2025\/01\/Beldi-glas_produktion_3.jpg\" width=\"800\" height=\"800\" alt=\"Beldi-glass_production_woman\" title=\"Beldi-glass_production_3\" loading=\"lazy\" \/><\/a>\n\t\t<\/figure>\n\t<\/div>\n<h2 style=\"text-align: left\" class=\"vc_custom_heading vc_do_custom_heading\" ><a href=\"https:\/\/tibladin.dk\/en\/the-production-of-our-beldi-glass\/\" title=\"The production of our beldi glass\">Beldi glass<\/a><\/h2>\n\t<div class=\"wpb_text_column wpb_content_element\" >\n\t\t<div class=\"wpb_wrapper\">\n\t\t\t<div class=\"flex-shrink-0 flex flex-col relative items-end\">\n<div>\n<div class=\"pt-0\">\n<div class=\"gizmo-bot-avatar flex h-8 w-8 items-center justify-center overflow-hidden rounded-full\">\n<div class=\"relative p-1 rounded-sm flex items-center justify-center bg-token-main-surface-primary text-token-text-primary h-8 w-8\">Beldi glass is handmade in Morocco from 100% recycled glass, which is collected in Marrakech, remelted and mouth-blown into unique glasses. The small irregularities, air bubbles and variations in thickness and color make each glass unique and full of personality. Learn more about the production of Beldi glass<\/div>\n<\/div>\n<\/div>\n<\/div>\n<\/div>\n\n\t\t<\/div>\n\t<\/div>\n<\/div><\/div><\/div><div class=\"wpb_column vc_column_container vc_col-sm-6\"><div class=\"vc_column-inner\"><div class=\"wpb_wrapper\">\n\t<div  class=\"wpb_single_image wpb_content_element vc_align_center wpb_content_element\">\n\t\t\n\t\t<figure class=\"wpb_wrapper vc_figure\">\n\t\t\t<a href=\"https:\/\/tibladin.dk\/en\/womens-cooperative\/\" target=\"_self\" class=\"vc_single_image-wrapper   vc_box_border_grey\"><img decoding=\"async\" class=\"vc_single_image-img\" src=\"https:\/\/tibladin.dk\/wp-content\/uploads\/2025\/01\/Vaevning_kvindekooperativ_8-800x800.jpg\" width=\"800\" height=\"800\" alt=\"Weaving_women&#039;s cooperative_at work\" title=\"Weaving_women&#039;s_cooperative_8\" loading=\"lazy\" \/><\/a>\n\t\t<\/figure>\n\t<\/div>\n<h2 style=\"text-align: left\" class=\"vc_custom_heading vc_do_custom_heading\" ><a href=\"https:\/\/tibladin.dk\/en\/womens-cooperative\/\" title=\"Women&#039;s cooperative\">Women&#039;s cooperative<\/a><\/h2>\n\t<div class=\"wpb_text_column wpb_content_element\" >\n\t\t<div class=\"wpb_wrapper\">\n\t\t\t<p>Tibladin works with women&#039;s cooperatives in Morocco to empower women through economic independence and sustainable opportunities. Learn more about our work with women&#039;s cooperatives<\/p>\n\n\t\t<\/div>\n\t<\/div>\n<\/div><\/div><\/div><\/div><div class=\"vc_row wpb_row vc_row-fluid\"><div class=\"wpb_column vc_column_container vc_col-sm-6\"><div class=\"vc_column-inner\"><div class=\"wpb_wrapper\">\n\t<div  class=\"wpb_single_image wpb_content_element vc_align_left wpb_content_element\">\n\t\t\n\t\t<figure class=\"wpb_wrapper vc_figure\">\n\t\t\t<a href=\"https:\/\/tibladin.dk\/en\/production-of-our-ceramics\/\" target=\"_self\" class=\"vc_single_image-wrapper   vc_box_border_grey\"><img decoding=\"async\" class=\"vc_single_image-img\" src=\"https:\/\/tibladin.dk\/wp-content\/uploads\/2025\/01\/keramik_10.jpg\" width=\"800\" height=\"800\" alt=\"Moroccan ceramics in the sun\" title=\"ceramics_10\" loading=\"lazy\" \/><\/a>\n\t\t<\/figure>\n\t<\/div>\n<h2 style=\"text-align: left\" class=\"vc_custom_heading vc_do_custom_heading\" ><a href=\"https:\/\/tibladin.dk\/en\/production-of-our-ceramics\/\" title=\"Production of our ceramics\">Ceramics<\/a><\/h2>\n\t<div class=\"wpb_text_column wpb_content_element\" >\n\t\t<div class=\"wpb_wrapper\">\n\t\t\t<p>Tibladin collaborates with skilled ceramists to create unique collections of stoneware and ceramics. We combine our own designs with hand-picked Moroccan ceramics, including colorful patterns and the characteristic Tamegroute, to offer a varied and authentic style. Learn more about the production of our ceramics.<\/p>\n\n\t\t<\/div>\n\t<\/div>\n<\/div><\/div><\/div><div class=\"wpb_column vc_column_container vc_col-sm-6\"><div class=\"vc_column-inner\"><div class=\"wpb_wrapper\">\n\t<div  class=\"wpb_single_image wpb_content_element vc_align_left wpb_content_element\">\n\t\t\n\t\t<figure class=\"wpb_wrapper vc_figure\">\n\t\t\t<a href=\"https:\/\/tibladin.dk\/en\/the-production-of-our-rugs-and-pillows\/\" target=\"_self\" class=\"vc_single_image-wrapper   vc_box_border_grey\"><img decoding=\"async\" class=\"vc_single_image-img\" src=\"https:\/\/tibladin.dk\/wp-content\/uploads\/2025\/01\/Taepper-og-puder_30.jpg\" width=\"800\" height=\"800\" alt=\"Carpet in production. Weaving\" title=\"Blankets-and-pillows_30\" loading=\"lazy\" \/><\/a>\n\t\t<\/figure>\n\t<\/div>\n<h2 style=\"text-align: left\" class=\"vc_custom_heading vc_do_custom_heading\" ><a href=\"https:\/\/tibladin.dk\/en\/the-production-of-our-rugs-and-pillows\/\" title=\"The production of our blankets and pillows\">Blankets and pillows<\/a><\/h2>\n\t<div class=\"wpb_text_column wpb_content_element\" >\n\t\t<div class=\"wpb_wrapper\">\n\t\t\t<p>At Tibladin we handpick all our rugs, ranging from Beni Ouarain and Boucherouite to vintage Berber rugs and kilim rugs. Beautiful vintage rugs with flaws are given new life as unique, hand-sewn cushions. Learn more about our unique rugs and cushions.<\/p>\n\n\t\t<\/div>\n\t<\/div>\n<\/div><\/div><\/div><\/div>\n<\/div>","protected":false},"excerpt":{"rendered":"B\u00e6redygtig produktionHos Tibladin er vi stolte af vores fokus p\u00e5 det unikke h\u00e5ndv\u00e6rk. G\u00e5 p\u00e5 opdagelse, og bliv klogere p\u00e5, hvordan vores produkter produceres og hvordan vi tager socialt ansvar Beldi glas Beldi glas er h\u00e5ndlavet i Marokko af 100% genbrugsglas, som indsamles i Marrakech, omsmeltes og mundbl\u00e6ses til unikke glas. De sm\u00e5 uj\u00e6vnheder, luftbobler [...]","protected":false},"author":2,"featured_media":0,"parent":0,"menu_order":0,"comment_status":"closed","ping_status":"closed","template":"template-fullwidth-no-heading.php","meta":{"inline_featured_image":false,"footnotes":""},"class_list":["post-34316","page","type-page","status-publish","hentry"],"yoast_head":"<!-- This site is optimized with the Yoast SEO plugin v27.4 - https:\/\/yoast.com\/product\/yoast-seo-wordpress\/ -->\n<title>B\u00e6redygtig produktion | Produktion og Socialt Ansvar. Vores Fokus<\/title>\n<meta name=\"description\" content=\"Tibladin t\u00e6nker b\u00e6redygtighed ind i hele forsyningsk\u00e6den. Materialerne skal altid v\u00e6re naturlige og \u00f8kologiske. L\u00e6s mere her.\" \/>\n<meta name=\"robots\" content=\"index, follow, max-snippet:-1, max-image-preview:large, max-video-preview:-1\" \/>\n<link rel=\"canonical\" href=\"https:\/\/tibladin.dk\/en\/sustainable-production\/\" \/>\n<meta property=\"og:locale\" content=\"en_GB\" \/>\n<meta property=\"og:type\" content=\"article\" \/>\n<meta property=\"og:title\" content=\"B\u00e6redygtig produktion | Produktion og Socialt Ansvar. Vores Fokus\" \/>\n<meta property=\"og:description\" content=\"Tibladin t\u00e6nker b\u00e6redygtighed ind i hele forsyningsk\u00e6den. Materialerne skal altid v\u00e6re naturlige og \u00f8kologiske. L\u00e6s mere her.\" \/>\n<meta property=\"og:url\" content=\"https:\/\/tibladin.dk\/en\/sustainable-production\/\" \/>\n<meta property=\"og:site_name\" content=\"Tibladin\" \/>\n<meta property=\"article:modified_time\" content=\"2025-06-20T12:48:57+00:00\" \/>\n<meta name=\"twitter:card\" content=\"summary_large_image\" \/>\n<meta name=\"twitter:label1\" content=\"Estimated reading time\" \/>\n\t<meta name=\"twitter:data1\" content=\"2 minutes\" \/>\n<script type=\"application\/ld+json\" class=\"yoast-schema-graph\">{\"@context\":\"https:\\\/\\\/schema.org\",\"@graph\":[{\"@type\":\"WebPage\",\"@id\":\"https:\\\/\\\/tibladin.dk\\\/baeredygtig-produktion\\\/\",\"url\":\"https:\\\/\\\/tibladin.dk\\\/baeredygtig-produktion\\\/\",\"name\":\"B\u00e6redygtig produktion | Produktion og Socialt Ansvar. Vores Fokus\",\"isPartOf\":{\"@id\":\"https:\\\/\\\/tibladin.dk\\\/#website\"},\"datePublished\":\"2025-01-27T11:46:39+00:00\",\"dateModified\":\"2025-06-20T12:48:57+00:00\",\"description\":\"Tibladin t\u00e6nker b\u00e6redygtighed ind i hele forsyningsk\u00e6den. Materialerne skal altid v\u00e6re naturlige og \u00f8kologiske. L\u00e6s mere her.\",\"breadcrumb\":{\"@id\":\"https:\\\/\\\/tibladin.dk\\\/baeredygtig-produktion\\\/#breadcrumb\"},\"inLanguage\":\"en-GB\",\"potentialAction\":[{\"@type\":\"ReadAction\",\"target\":[\"https:\\\/\\\/tibladin.dk\\\/baeredygtig-produktion\\\/\"]}]},{\"@type\":\"BreadcrumbList\",\"@id\":\"https:\\\/\\\/tibladin.dk\\\/baeredygtig-produktion\\\/#breadcrumb\",\"itemListElement\":[{\"@type\":\"ListItem\",\"position\":1,\"name\":\"Hjem\",\"item\":\"https:\\\/\\\/tibladin.dk\\\/\"},{\"@type\":\"ListItem\",\"position\":2,\"name\":\"B\u00e6redygtig produktion\"}]},{\"@type\":\"WebSite\",\"@id\":\"https:\\\/\\\/tibladin.dk\\\/#website\",\"url\":\"https:\\\/\\\/tibladin.dk\\\/\",\"name\":\"Tibladin\",\"description\":\"Tibladin\",\"publisher\":{\"@id\":\"https:\\\/\\\/tibladin.dk\\\/#organization\"},\"potentialAction\":[{\"@type\":\"SearchAction\",\"target\":{\"@type\":\"EntryPoint\",\"urlTemplate\":\"https:\\\/\\\/tibladin.dk\\\/?s={search_term_string}\"},\"query-input\":{\"@type\":\"PropertyValueSpecification\",\"valueRequired\":true,\"valueName\":\"search_term_string\"}}],\"inLanguage\":\"en-GB\"},{\"@type\":\"Organization\",\"@id\":\"https:\\\/\\\/tibladin.dk\\\/#organization\",\"name\":\"Tibladin\",\"url\":\"https:\\\/\\\/tibladin.dk\\\/\",\"logo\":{\"@type\":\"ImageObject\",\"inLanguage\":\"en-GB\",\"@id\":\"https:\\\/\\\/tibladin.dk\\\/#\\\/schema\\\/logo\\\/image\\\/\",\"url\":\"https:\\\/\\\/tibladin.dk\\\/wp-content\\\/uploads\\\/2022\\\/09\\\/tibladin_logo.svg\",\"contentUrl\":\"https:\\\/\\\/tibladin.dk\\\/wp-content\\\/uploads\\\/2022\\\/09\\\/tibladin_logo.svg\",\"caption\":\"Tibladin\"},\"image\":{\"@id\":\"https:\\\/\\\/tibladin.dk\\\/#\\\/schema\\\/logo\\\/image\\\/\"}}]}<\/script>\n<!-- \/ Yoast SEO plugin. -->","yoast_head_json":{"title":"Sustainable production | Production and Social Responsibility. Our Focus","description":"Tibladin considers sustainability throughout the supply chain. The materials must always be natural and organic. Read more here.","robots":{"index":"index","follow":"follow","max-snippet":"max-snippet:-1","max-image-preview":"max-image-preview:large","max-video-preview":"max-video-preview:-1"},"canonical":"https:\/\/tibladin.dk\/en\/sustainable-production\/","og_locale":"en_GB","og_type":"article","og_title":"B\u00e6redygtig produktion | Produktion og Socialt Ansvar. Vores Fokus","og_description":"Tibladin t\u00e6nker b\u00e6redygtighed ind i hele forsyningsk\u00e6den. Materialerne skal altid v\u00e6re naturlige og \u00f8kologiske. L\u00e6s mere her.","og_url":"https:\/\/tibladin.dk\/en\/sustainable-production\/","og_site_name":"Tibladin","article_modified_time":"2025-06-20T12:48:57+00:00","twitter_card":"summary_large_image","twitter_misc":{"Estimated reading time":"2 minutes"},"schema":{"@context":"https:\/\/schema.org","@graph":[{"@type":"WebPage","@id":"https:\/\/tibladin.dk\/baeredygtig-produktion\/","url":"https:\/\/tibladin.dk\/baeredygtig-produktion\/","name":"Sustainable production | Production and Social Responsibility. Our Focus","isPartOf":{"@id":"https:\/\/tibladin.dk\/#website"},"datePublished":"2025-01-27T11:46:39+00:00","dateModified":"2025-06-20T12:48:57+00:00","description":"Tibladin considers sustainability throughout the supply chain. The materials must always be natural and organic. Read more here.","breadcrumb":{"@id":"https:\/\/tibladin.dk\/baeredygtig-produktion\/#breadcrumb"},"inLanguage":"en-GB","potentialAction":[{"@type":"ReadAction","target":["https:\/\/tibladin.dk\/baeredygtig-produktion\/"]}]},{"@type":"BreadcrumbList","@id":"https:\/\/tibladin.dk\/baeredygtig-produktion\/#breadcrumb","itemListElement":[{"@type":"ListItem","position":1,"name":"Hjem","item":"https:\/\/tibladin.dk\/"},{"@type":"ListItem","position":2,"name":"B\u00e6redygtig produktion"}]},{"@type":"WebSite","@id":"https:\/\/tibladin.dk\/#website","url":"https:\/\/tibladin.dk\/","name":"Tibladin","description":"Tibladin","publisher":{"@id":"https:\/\/tibladin.dk\/#organization"},"potentialAction":[{"@type":"SearchAction","target":{"@type":"EntryPoint","urlTemplate":"https:\/\/tibladin.dk\/?s={search_term_string}"},"query-input":{"@type":"PropertyValueSpecification","valueRequired":true,"valueName":"search_term_string"}}],"inLanguage":"en-GB"},{"@type":"Organization","@id":"https:\/\/tibladin.dk\/#organization","name":"Tibladin","url":"https:\/\/tibladin.dk\/","logo":{"@type":"ImageObject","inLanguage":"en-GB","@id":"https:\/\/tibladin.dk\/#\/schema\/logo\/image\/","url":"https:\/\/tibladin.dk\/wp-content\/uploads\/2022\/09\/tibladin_logo.svg","contentUrl":"https:\/\/tibladin.dk\/wp-content\/uploads\/2022\/09\/tibladin_logo.svg","caption":"Tibladin"},"image":{"@id":"https:\/\/tibladin.dk\/#\/schema\/logo\/image\/"}}]}},"_links":{"self":[{"href":"https:\/\/tibladin.dk\/en\/wp-json\/wp\/v2\/pages\/34316","targetHints":{"allow":["GET"]}}],"collection":[{"href":"https:\/\/tibladin.dk\/en\/wp-json\/wp\/v2\/pages"}],"about":[{"href":"https:\/\/tibladin.dk\/en\/wp-json\/wp\/v2\/types\/page"}],"author":[{"embeddable":true,"href":"https:\/\/tibladin.dk\/en\/wp-json\/wp\/v2\/users\/2"}],"replies":[{"embeddable":true,"href":"https:\/\/tibladin.dk\/en\/wp-json\/wp\/v2\/comments?post=34316"}],"version-history":[{"count":24,"href":"https:\/\/tibladin.dk\/en\/wp-json\/wp\/v2\/pages\/34316\/revisions"}],"predecessor-version":[{"id":34574,"href":"https:\/\/tibladin.dk\/en\/wp-json\/wp\/v2\/pages\/34316\/revisions\/34574"}],"wp:attachment":[{"href":"https:\/\/tibladin.dk\/en\/wp-json\/wp\/v2\/media?parent=34316"}],"curies":[{"name":"wp","href":"https:\/\/api.w.org\/{rel}","templated":true}]}}