{"id":34339,"date":"2025-01-27T12:53:23","date_gmt":"2025-01-27T11:53:23","guid":{"rendered":"https:\/\/tibladin.dk\/?page_id=34339"},"modified":"2025-03-27T12:06:18","modified_gmt":"2025-03-27T11:06:18","slug":"the-production-of-our-beldi-glass","status":"publish","type":"page","link":"https:\/\/tibladin.dk\/en\/produktionen-af-vores-beldi-glas\/","title":{"rendered":"The production of our beldi glass"},"content":{"rendered":"<div class=\"wpb-content-wrapper\"><div class=\"vc_row wpb_row vc_row-fluid max-width-col vc_custom_1698923591576\"><div class=\"wpb_column vc_column_container vc_col-sm-12\"><div class=\"vc_column-inner\"><div class=\"wpb_wrapper\"><div class=\"vc_separator wpb_content_element vc_separator_align_center vc_sep_width_100 vc_sep_pos_align_center vc_separator_no_text vc_sep_color_grey wpb_content_element  wpb_content_element\" ><span class=\"vc_sep_holder vc_sep_holder_l\"><span class=\"vc_sep_line\"><\/span><\/span><span class=\"vc_sep_holder vc_sep_holder_r\"><span class=\"vc_sep_line\"><\/span><\/span>\n<\/div><h1 style=\"text-align: center\" class=\"vc_custom_heading vc_do_custom_heading\" >The production of our beldi glass<\/h1>\n\t<div class=\"wpb_text_column wpb_content_element\" >\n\t\t<div class=\"wpb_wrapper\">\n\t\t\t<p style=\"text-align: center;\">\u201cThere was never any doubt that Beldi glass would be part of my collection. Since my first visit to Morocco over 20 years ago, I have been in love with the traditional craftsmanship and the beautiful Beldi glass. I am fascinated by how the small details in the glass create a completely unique and special charm.\u201d \u2013 Mette Frank Bijaad, owner of Tibladin.<\/p>\n\n\t\t<\/div>\n\t<\/div>\n\n\t<div  class=\"wpb_single_image wpb_content_element vc_align_center wpb_content_element\">\n\t\t\n\t\t<figure class=\"wpb_wrapper vc_figure\">\n\t\t\t<div class=\"vc_single_image-wrapper   vc_box_border_grey\"><img decoding=\"async\" class=\"vc_single_image-img\" src=\"https:\/\/tibladin.dk\/wp-content\/uploads\/2025\/01\/Beldi-glas_produktion_4-600x500.jpg\" width=\"600\" height=\"500\" alt=\"Beldi-glass_production_man breathing\" title=\"Beldi-glass_production_4\" loading=\"lazy\" \/><\/div>\n\t\t<\/figure>\n\t<\/div>\n<h2 style=\"text-align: center\" class=\"vc_custom_heading vc_do_custom_heading\" >The traditional production<\/h2>\n\t<div class=\"wpb_text_column wpb_content_element\" >\n\t\t<div class=\"wpb_wrapper\">\n\t\t\t<p style=\"text-align: center;\">Beldi glass is handmade in Morocco from 100% recycled glass from Marrakech. The glass is collected, remelted and mouth-blown into unique creations. Small irregularities, air bubbles and variations in color and thickness give each glass its own charm and personality. The craftsmanship behind Beldi glass has been passed down through generations. Each glass is meticulously handmade and mouth-blown, guaranteeing exceptional quality.<\/p>\n<p style=\"text-align: center;\">The color of Beldi glass comes from recycled Moroccan glass, which is used to create glasses and vases. The influence of nature gives the glass the characteristic green hue seen in the beautiful green water glasses. In addition, Beldi glasses, vases and bowls are also available in an elegant transparent color, which can appear faintly turquoise in the light, creating a light and stylish expression.<\/p>\n\n\t\t<\/div>\n\t<\/div>\n\n\t<div  class=\"wpb_single_image wpb_content_element vc_align_center wpb_content_element\">\n\t\t\n\t\t<figure class=\"wpb_wrapper vc_figure\">\n\t\t\t<div class=\"vc_single_image-wrapper   vc_box_border_grey\"><img decoding=\"async\" class=\"vc_single_image-img\" src=\"https:\/\/tibladin.dk\/wp-content\/uploads\/2025\/01\/Beldi-glas_produktion_6-1-600x500.jpg\" width=\"600\" height=\"500\" alt=\"Beldi-glass_production_ Man blowing glass\" title=\"Beldi-glass_production_6\" loading=\"lazy\" \/><\/div>\n\t\t<\/figure>\n\t<\/div>\n<h2 style=\"text-align: center\" class=\"vc_custom_heading vc_do_custom_heading\" >Hot and cold drinks<\/h2>\n\t<div class=\"wpb_text_column wpb_content_element\" >\n\t\t<div class=\"wpb_wrapper\">\n\t\t\t<p style=\"text-align: center;\">The rounded edge of the Beldi glass makes it comfortable to hold, even when enjoying hot drinks such as tea or coffee. If the glass is to be used for cold drinks, the glass is also ideal for a refreshing traditional Moroccan iced tea with mint. The handmade glasses are versatile and perfect for serving both hot and cold drinks.<\/p>\n\n\t\t<\/div>\n\t<\/div>\n\n\t<div  class=\"wpb_single_image wpb_content_element vc_align_center wpb_content_element\">\n\t\t\n\t\t<figure class=\"wpb_wrapper vc_figure\">\n\t\t\t<div class=\"vc_single_image-wrapper   vc_box_border_grey\"><img decoding=\"async\" class=\"vc_single_image-img\" src=\"https:\/\/tibladin.dk\/wp-content\/uploads\/2025\/01\/Beldi-glas_produktion_5-1-600x500.jpg\" width=\"600\" height=\"500\" alt=\"Beldi-glas_production_ man working with Beldi glass\" title=\"Beldi-glass_production_5\" loading=\"lazy\" \/><\/div>\n\t\t<\/figure>\n\t<\/div>\n<h2 style=\"text-align: center\" class=\"vc_custom_heading vc_do_custom_heading\" >Timeless design<\/h2>\n\t<div class=\"wpb_text_column wpb_content_element\" >\n\t\t<div class=\"wpb_wrapper\">\n\t\t\t<p style=\"text-align: center;\">Although Beldi glass and other Beldi interiors are known for their finesse and aesthetic expression, they are incredibly durable and suitable for many different everyday situations. Their unique design combined with functionality makes them a timeless choice.<\/p>\n\n\t\t<\/div>\n\t<\/div>\n\n\t<div  class=\"wpb_single_image wpb_content_element vc_align_center wpb_content_element\">\n\t\t\n\t\t<figure class=\"wpb_wrapper vc_figure\">\n\t\t\t<div class=\"vc_single_image-wrapper   vc_box_border_grey\"><img decoding=\"async\" class=\"vc_single_image-img\" src=\"https:\/\/tibladin.dk\/wp-content\/uploads\/2025\/01\/Beldi-glas_produktion_1-1-600x500.jpg\" width=\"600\" height=\"500\" alt=\"Beldi-glas_production_ glass is fired in the kiln.\" title=\"Beldi-glass_production_1\" loading=\"lazy\" \/><\/div>\n\t\t<\/figure>\n\t<\/div>\n<h2 style=\"text-align: center\" class=\"vc_custom_heading vc_do_custom_heading\" >Traditional craftsmanship with unique aesthetics<\/h2>\n\t<div class=\"wpb_text_column wpb_content_element\" >\n\t\t<div class=\"wpb_wrapper\">\n\t\t\t<p style=\"text-align: center;\">Beldi glasses are not only the result of traditional craftsmanship, but also a timeless expression of beauty and functionality. Each individual item carries a history and craftsmanship that makes them something truly special. <a href=\"https:\/\/tibladin.dk\/en\/product-category-3\/interior\/table-setting\/beldiglas\/\">Explore our collection of Beldi glasses<\/a> and experience the unique meeting between aesthetics and practical use.<\/p>\n\n\t\t<\/div>\n\t<\/div>\n<\/div><\/div><\/div><\/div><div class=\"vc_row wpb_row vc_row-fluid\"><div class=\"wpb_column vc_column_container vc_col-sm-4\"><div class=\"vc_column-inner\"><div class=\"wpb_wrapper\"><\/div><\/div><\/div><div class=\"wpb_column vc_column_container vc_col-sm-4\"><div class=\"vc_column-inner\"><div class=\"wpb_wrapper\">\n\t<div class=\"wpb_video_widget wpb_content_element vc_clearfix   vc_video-aspect-ratio-34 vc_video-el-width-100 vc_video-align-left\" >\n\t\t<div class=\"wpb_wrapper\">\n\t\t\t\n\t\t\t<div class=\"wpb_video_wrapper\"><div class=\"video-container\"><iframe loading=\"lazy\" title=\"Our sustainable production of Beldi glass\" width=\"500\" height=\"281\" src=\"https:\/\/www.youtube.com\/embed\/dEgFkiqc02I?feature=oembed\" frameborder=\"0\" allow=\"accelerometer; autoplay; clipboard-write; encrypted-media; gyroscope; picture-in-picture; web-share\" referrerpolicy=\"strict-origin-when-cross-origin\" allowfullscreen><\/iframe><\/div><\/div>\n\t\t<\/div>\n\t<\/div>\n<\/div><\/div><\/div><div class=\"wpb_column vc_column_container vc_col-sm-4\"><div class=\"vc_column-inner\"><div class=\"wpb_wrapper\"><\/div><\/div><\/div><\/div>\n<\/div>","protected":false},"excerpt":{"rendered":"Produktionen af vores beldi glas \"Der var aldrig tvivl om, at Beldi-glas skulle v\u00e6re en del af min kollektion. Siden mit f\u00f8rste bes\u00f8g i Marokko for over 20 \u00e5r siden har jeg v\u00e6ret forelsket i det traditionelle h\u00e5ndv\u00e6rk og de smukke Beldi-glas. Det fascinerer mig, hvordan de sm\u00e5 detaljer i glasset skaber en helt unik [...]","protected":false},"author":2,"featured_media":0,"parent":0,"menu_order":0,"comment_status":"closed","ping_status":"closed","template":"template-fullwidth-no-heading.php","meta":{"inline_featured_image":false,"footnotes":""},"class_list":["post-34339","page","type-page","status-publish","hentry"],"yoast_head":"<!-- This site is optimized with the Yoast SEO plugin v27.5 - https:\/\/yoast.com\/product\/yoast-seo-wordpress\/ -->\n<title>Produktionen af vores beldi glas | Traditionelt og unikt h\u00e5ndv\u00e6rk<\/title>\n<meta name=\"description\" content=\"Marokkanske Beldi glas best\u00e5r af 100% genbrugsglas. som indsamles i Marrakech, omsmeltes og mundbl\u00e6ses til unikke glas. Unika h\u00e5ndv\u00e6rk.\" \/>\n<meta name=\"robots\" content=\"index, follow, max-snippet:-1, max-image-preview:large, max-video-preview:-1\" \/>\n<link rel=\"canonical\" href=\"https:\/\/tibladin.dk\/en\/the-production-of-our-beldi-glass\/\" \/>\n<meta property=\"og:locale\" content=\"en_GB\" \/>\n<meta property=\"og:type\" content=\"article\" \/>\n<meta property=\"og:title\" content=\"Produktionen af vores beldi glas | Traditionelt og unikt h\u00e5ndv\u00e6rk\" \/>\n<meta property=\"og:description\" content=\"Marokkanske Beldi glas best\u00e5r af 100% genbrugsglas. som indsamles i Marrakech, omsmeltes og mundbl\u00e6ses til unikke glas. Unika h\u00e5ndv\u00e6rk.\" \/>\n<meta property=\"og:url\" content=\"https:\/\/tibladin.dk\/en\/the-production-of-our-beldi-glass\/\" \/>\n<meta property=\"og:site_name\" content=\"Tibladin\" \/>\n<meta property=\"article:modified_time\" content=\"2025-03-27T11:06:18+00:00\" \/>\n<meta name=\"twitter:card\" content=\"summary_large_image\" \/>\n<meta name=\"twitter:label1\" content=\"Estimated reading time\" \/>\n\t<meta name=\"twitter:data1\" content=\"3 minutes\" \/>\n<script type=\"application\/ld+json\" class=\"yoast-schema-graph\">{\"@context\":\"https:\\\/\\\/schema.org\",\"@graph\":[{\"@type\":\"WebPage\",\"@id\":\"https:\\\/\\\/tibladin.dk\\\/produktionen-af-vores-beldi-glas\\\/\",\"url\":\"https:\\\/\\\/tibladin.dk\\\/produktionen-af-vores-beldi-glas\\\/\",\"name\":\"Produktionen af vores beldi glas | Traditionelt og unikt h\u00e5ndv\u00e6rk\",\"isPartOf\":{\"@id\":\"https:\\\/\\\/tibladin.dk\\\/#website\"},\"datePublished\":\"2025-01-27T11:53:23+00:00\",\"dateModified\":\"2025-03-27T11:06:18+00:00\",\"description\":\"Marokkanske Beldi glas best\u00e5r af 100% genbrugsglas. som indsamles i Marrakech, omsmeltes og mundbl\u00e6ses til unikke glas. Unika h\u00e5ndv\u00e6rk.\",\"breadcrumb\":{\"@id\":\"https:\\\/\\\/tibladin.dk\\\/produktionen-af-vores-beldi-glas\\\/#breadcrumb\"},\"inLanguage\":\"en-GB\",\"potentialAction\":[{\"@type\":\"ReadAction\",\"target\":[\"https:\\\/\\\/tibladin.dk\\\/produktionen-af-vores-beldi-glas\\\/\"]}]},{\"@type\":\"BreadcrumbList\",\"@id\":\"https:\\\/\\\/tibladin.dk\\\/produktionen-af-vores-beldi-glas\\\/#breadcrumb\",\"itemListElement\":[{\"@type\":\"ListItem\",\"position\":1,\"name\":\"Hjem\",\"item\":\"https:\\\/\\\/tibladin.dk\\\/\"},{\"@type\":\"ListItem\",\"position\":2,\"name\":\"Produktionen af vores beldi glas\"}]},{\"@type\":\"WebSite\",\"@id\":\"https:\\\/\\\/tibladin.dk\\\/#website\",\"url\":\"https:\\\/\\\/tibladin.dk\\\/\",\"name\":\"Tibladin\",\"description\":\"Tibladin\",\"publisher\":{\"@id\":\"https:\\\/\\\/tibladin.dk\\\/#organization\"},\"potentialAction\":[{\"@type\":\"SearchAction\",\"target\":{\"@type\":\"EntryPoint\",\"urlTemplate\":\"https:\\\/\\\/tibladin.dk\\\/?s={search_term_string}\"},\"query-input\":{\"@type\":\"PropertyValueSpecification\",\"valueRequired\":true,\"valueName\":\"search_term_string\"}}],\"inLanguage\":\"en-GB\"},{\"@type\":\"Organization\",\"@id\":\"https:\\\/\\\/tibladin.dk\\\/#organization\",\"name\":\"Tibladin\",\"url\":\"https:\\\/\\\/tibladin.dk\\\/\",\"logo\":{\"@type\":\"ImageObject\",\"inLanguage\":\"en-GB\",\"@id\":\"https:\\\/\\\/tibladin.dk\\\/#\\\/schema\\\/logo\\\/image\\\/\",\"url\":\"https:\\\/\\\/tibladin.dk\\\/wp-content\\\/uploads\\\/2022\\\/09\\\/tibladin_logo.svg\",\"contentUrl\":\"https:\\\/\\\/tibladin.dk\\\/wp-content\\\/uploads\\\/2022\\\/09\\\/tibladin_logo.svg\",\"caption\":\"Tibladin\"},\"image\":{\"@id\":\"https:\\\/\\\/tibladin.dk\\\/#\\\/schema\\\/logo\\\/image\\\/\"}}]}<\/script>\n<!-- \/ Yoast SEO plugin. -->","yoast_head_json":{"title":"The production of our beldi glass | Traditional and unique craftsmanship","description":"Moroccan Beldi glass consists of 100% recycled glass. which is collected in Marrakech, remelted and mouth-blown into unique glass. Unique craftsmanship.","robots":{"index":"index","follow":"follow","max-snippet":"max-snippet:-1","max-image-preview":"max-image-preview:large","max-video-preview":"max-video-preview:-1"},"canonical":"https:\/\/tibladin.dk\/en\/the-production-of-our-beldi-glass\/","og_locale":"en_GB","og_type":"article","og_title":"Produktionen af vores beldi glas | Traditionelt og unikt h\u00e5ndv\u00e6rk","og_description":"Marokkanske Beldi glas best\u00e5r af 100% genbrugsglas. som indsamles i Marrakech, omsmeltes og mundbl\u00e6ses til unikke glas. Unika h\u00e5ndv\u00e6rk.","og_url":"https:\/\/tibladin.dk\/en\/the-production-of-our-beldi-glass\/","og_site_name":"Tibladin","article_modified_time":"2025-03-27T11:06:18+00:00","twitter_card":"summary_large_image","twitter_misc":{"Estimated reading time":"3 minutes"},"schema":{"@context":"https:\/\/schema.org","@graph":[{"@type":"WebPage","@id":"https:\/\/tibladin.dk\/produktionen-af-vores-beldi-glas\/","url":"https:\/\/tibladin.dk\/produktionen-af-vores-beldi-glas\/","name":"The production of our beldi glass | Traditional and unique craftsmanship","isPartOf":{"@id":"https:\/\/tibladin.dk\/#website"},"datePublished":"2025-01-27T11:53:23+00:00","dateModified":"2025-03-27T11:06:18+00:00","description":"Moroccan Beldi glass consists of 100% recycled glass. which is collected in Marrakech, remelted and mouth-blown into unique glass. Unique craftsmanship.","breadcrumb":{"@id":"https:\/\/tibladin.dk\/produktionen-af-vores-beldi-glas\/#breadcrumb"},"inLanguage":"en-GB","potentialAction":[{"@type":"ReadAction","target":["https:\/\/tibladin.dk\/produktionen-af-vores-beldi-glas\/"]}]},{"@type":"BreadcrumbList","@id":"https:\/\/tibladin.dk\/produktionen-af-vores-beldi-glas\/#breadcrumb","itemListElement":[{"@type":"ListItem","position":1,"name":"Hjem","item":"https:\/\/tibladin.dk\/"},{"@type":"ListItem","position":2,"name":"Produktionen af vores beldi glas"}]},{"@type":"WebSite","@id":"https:\/\/tibladin.dk\/#website","url":"https:\/\/tibladin.dk\/","name":"Tibladin","description":"Tibladin","publisher":{"@id":"https:\/\/tibladin.dk\/#organization"},"potentialAction":[{"@type":"SearchAction","target":{"@type":"EntryPoint","urlTemplate":"https:\/\/tibladin.dk\/?s={search_term_string}"},"query-input":{"@type":"PropertyValueSpecification","valueRequired":true,"valueName":"search_term_string"}}],"inLanguage":"en-GB"},{"@type":"Organization","@id":"https:\/\/tibladin.dk\/#organization","name":"Tibladin","url":"https:\/\/tibladin.dk\/","logo":{"@type":"ImageObject","inLanguage":"en-GB","@id":"https:\/\/tibladin.dk\/#\/schema\/logo\/image\/","url":"https:\/\/tibladin.dk\/wp-content\/uploads\/2022\/09\/tibladin_logo.svg","contentUrl":"https:\/\/tibladin.dk\/wp-content\/uploads\/2022\/09\/tibladin_logo.svg","caption":"Tibladin"},"image":{"@id":"https:\/\/tibladin.dk\/#\/schema\/logo\/image\/"}}]}},"_links":{"self":[{"href":"https:\/\/tibladin.dk\/en\/wp-json\/wp\/v2\/pages\/34339","targetHints":{"allow":["GET"]}}],"collection":[{"href":"https:\/\/tibladin.dk\/en\/wp-json\/wp\/v2\/pages"}],"about":[{"href":"https:\/\/tibladin.dk\/en\/wp-json\/wp\/v2\/types\/page"}],"author":[{"embeddable":true,"href":"https:\/\/tibladin.dk\/en\/wp-json\/wp\/v2\/users\/2"}],"replies":[{"embeddable":true,"href":"https:\/\/tibladin.dk\/en\/wp-json\/wp\/v2\/comments?post=34339"}],"version-history":[{"count":38,"href":"https:\/\/tibladin.dk\/en\/wp-json\/wp\/v2\/pages\/34339\/revisions"}],"predecessor-version":[{"id":35754,"href":"https:\/\/tibladin.dk\/en\/wp-json\/wp\/v2\/pages\/34339\/revisions\/35754"}],"wp:attachment":[{"href":"https:\/\/tibladin.dk\/en\/wp-json\/wp\/v2\/media?parent=34339"}],"curies":[{"name":"wp","href":"https:\/\/api.w.org\/{rel}","templated":true}]}}