{"id":34355,"date":"2025-01-27T13:13:17","date_gmt":"2025-01-27T12:13:17","guid":{"rendered":"https:\/\/tibladin.dk\/?page_id=34355"},"modified":"2025-01-28T15:06:17","modified_gmt":"2025-01-28T14:06:17","slug":"womens-cooperative","status":"publish","type":"page","link":"https:\/\/tibladin.dk\/en\/kvindekooperativ\/","title":{"rendered":"Women&#039;s cooperative"},"content":{"rendered":"<div class=\"wpb-content-wrapper\"><div class=\"vc_row wpb_row vc_row-fluid\"><div class=\"wpb_column vc_column_container vc_col-sm-12\"><div class=\"vc_column-inner\"><div class=\"wpb_wrapper\"><div class=\"vc_separator wpb_content_element vc_separator_align_center vc_sep_width_100 vc_sep_pos_align_center vc_separator_no_text vc_sep_color_grey wpb_content_element  wpb_content_element\" ><span class=\"vc_sep_holder vc_sep_holder_l\"><span class=\"vc_sep_line\"><\/span><\/span><span class=\"vc_sep_holder vc_sep_holder_r\"><span class=\"vc_sep_line\"><\/span><\/span>\n<\/div><h1 style=\"text-align: center\" class=\"vc_custom_heading vc_do_custom_heading\" >Women&#039;s cooperative<\/h1>\n\t<div class=\"wpb_text_column wpb_content_element\" >\n\t\t<div class=\"wpb_wrapper\">\n\t\t\t<p style=\"text-align: center;\">\u201cTibladin\u2019s collaboration with women\u2019s cooperatives in Morocco is more than just a business. It is an expression of my deep respect for Moroccan craftsmanship and a desire to support women in building a better life for themselves and their families. The collaboration with women\u2019s cooperatives is therefore a personal project, inspired by my father-in-law\u2019s commitment to helping others. I am proud to be able to contribute to empowering women economically and giving them the opportunity to unleash their creative potential.\u201d \u2013 Mette Frank Bijaad, owner of Tibladin.<\/p>\n\n\t\t<\/div>\n\t<\/div>\n<\/div><\/div><\/div><\/div><div class=\"vc_row wpb_row vc_row-fluid\"><div class=\"wpb_column vc_column_container vc_col-sm-6\"><div class=\"vc_column-inner\"><div class=\"wpb_wrapper\">\n\t<div  class=\"wpb_single_image wpb_content_element vc_align_center wpb_content_element\">\n\t\t\n\t\t<figure class=\"wpb_wrapper vc_figure\">\n\t\t\t<div class=\"vc_single_image-wrapper   vc_box_border_grey\"><img decoding=\"async\" class=\"vc_single_image-img\" src=\"https:\/\/tibladin.dk\/wp-content\/uploads\/2025\/01\/Vaeveteknikker_kvindekoopertaiv_4-600x700.jpg\" width=\"600\" height=\"700\" alt=\"Weaving techniques_women&#039;s cooperative_two women weaving\" title=\"Weaving techniques_women&#039;s cooperative_4\" loading=\"lazy\" \/><\/div>\n\t\t<\/figure>\n\t<\/div>\n<\/div><\/div><\/div><div class=\"wpb_column vc_column_container vc_col-sm-6\"><div class=\"vc_column-inner\"><div class=\"wpb_wrapper\">\n\t<div  class=\"wpb_single_image wpb_content_element vc_align_center wpb_content_element\">\n\t\t\n\t\t<figure class=\"wpb_wrapper vc_figure\">\n\t\t\t<div class=\"vc_single_image-wrapper   vc_box_border_grey\"><img decoding=\"async\" class=\"vc_single_image-img\" src=\"https:\/\/tibladin.dk\/wp-content\/uploads\/2025\/01\/Broderier_kvindekoopertaiv_1-600x700.jpg\" width=\"600\" height=\"700\" alt=\"Woman working in women&#039;s cooperative\" title=\"Embroideries_women&#039;s cooperative_1\" loading=\"lazy\" \/><\/div>\n\t\t<\/figure>\n\t<\/div>\n<\/div><\/div><\/div><\/div><div class=\"vc_row wpb_row vc_row-fluid\"><div class=\"wpb_column vc_column_container vc_col-sm-12\"><div class=\"vc_column-inner\"><div class=\"wpb_wrapper\"><h2 style=\"text-align: center\" class=\"vc_custom_heading vc_do_custom_heading\" >Promoting the conditions of Moroccan women<\/h2>\n\t<div class=\"wpb_text_column wpb_content_element\" >\n\t\t<div class=\"wpb_wrapper\">\n\t\t\t<p style=\"text-align: center;\">Tibladin works socially and economically with several women&#039;s cooperatives to promote women&#039;s conditions and improve the living standards of many families. In these cooperatives, schools and kindergartens have been set up so that children can learn while their mothers work. The women possess impressive craftsmanship skills and create beautiful knits, weaves, embroideries and sewing work with great care and precision. The cooperatives work to preserve the old handicraft traditions while at the same time developing new, modern creations. This develops the women&#039;s skills and creates a good balance between tradition and innovation.<\/p>\n\n\t\t<\/div>\n\t<\/div>\n<h2 style=\"text-align: center\" class=\"vc_custom_heading vc_do_custom_heading\" >Support for local communities<\/h2>\n\t<div class=\"wpb_text_column wpb_content_element\" >\n\t\t<div class=\"wpb_wrapper\">\n\t\t\t<p style=\"text-align: center;\">Helping Moroccans is one of the main pillars on which Tibladin is built. In honor of my father-in-law, who, through his work in the Moroccan government, focused on developing infrastructure in small villages, projects have been initiated that empower villagers to start businesses that can secure their long-term livelihoods. This commitment to supporting local communities is a foundation that goes hand in hand with Tibladin\u2019s values and mission.<\/p>\n\n\t\t<\/div>\n\t<\/div>\n<\/div><\/div><\/div><\/div><div class=\"vc_row wpb_row vc_row-fluid\"><div class=\"wpb_column vc_column_container vc_col-sm-6\"><div class=\"vc_column-inner\"><div class=\"wpb_wrapper\">\n\t<div  class=\"wpb_single_image wpb_content_element vc_align_center wpb_content_element\">\n\t\t\n\t\t<figure class=\"wpb_wrapper vc_figure\">\n\t\t\t<div class=\"vc_single_image-wrapper   vc_box_border_grey\"><img decoding=\"async\" class=\"vc_single_image-img\" src=\"https:\/\/tibladin.dk\/wp-content\/uploads\/2025\/01\/Vaeveteknikker_kvindekoopertaiv_1-600x700.jpg\" width=\"600\" height=\"700\" alt=\"Two women working in a women&#039;s cooperative\" title=\"Weaving techniques_women&#039;s cooperative_1\" loading=\"lazy\" \/><\/div>\n\t\t<\/figure>\n\t<\/div>\n<\/div><\/div><\/div><div class=\"wpb_column vc_column_container vc_col-sm-6\"><div class=\"vc_column-inner\"><div class=\"wpb_wrapper\">\n\t<div  class=\"wpb_single_image wpb_content_element vc_align_center wpb_content_element\">\n\t\t\n\t\t<figure class=\"wpb_wrapper vc_figure\">\n\t\t\t<div class=\"vc_single_image-wrapper   vc_box_border_grey\"><img decoding=\"async\" class=\"vc_single_image-img\" src=\"https:\/\/tibladin.dk\/wp-content\/uploads\/2025\/01\/Vaevning_kvindekooperativ_9-1-600x700.jpg\" width=\"600\" height=\"700\" alt=\"Weaving in a women&#039;s cooperative\" title=\"Weaving_women&#039;s_cooperative_9\" loading=\"lazy\" \/><\/div>\n\t\t<\/figure>\n\t<\/div>\n<\/div><\/div><\/div><\/div><div class=\"vc_row wpb_row vc_row-fluid\"><div class=\"wpb_column vc_column_container vc_col-sm-12\"><div class=\"vc_column-inner\"><div class=\"wpb_wrapper\"><h2 style=\"text-align: center\" class=\"vc_custom_heading vc_do_custom_heading\" >Support women&#039;s cooperatives in Morocco<\/h2>\n\t<div class=\"wpb_text_column wpb_content_element\" >\n\t\t<div class=\"wpb_wrapper\">\n\t\t\t<p style=\"text-align: center;\">Explore our selection of products created in collaboration with women&#039;s cooperatives in Morocco. Each product is the result of the women&#039;s skilled craftsmanship and traditional techniques, combined with a desire to support and promote better conditions for them and their families. Explore our <a href=\"https:\/\/tibladin.dk\/en\/product-category-3\/moroccan-carpets\/\">blankets<\/a> or our <a href=\"https:\/\/tibladin.dk\/en\/product-category-3\/interior\/home-accessories\/textiles\/pillowcase\/cactus-silk-pillows\/\">powder<\/a>, created in collaboration with women&#039;s cooperatives in Morocco.<\/p>\n\n\t\t<\/div>\n\t<\/div>\n<\/div><\/div><\/div><\/div><div class=\"vc_row wpb_row vc_row-fluid vc_row-o-content-middle vc_row-flex\"><div class=\"wpb_column vc_column_container vc_col-sm-6\"><div class=\"vc_column-inner\"><div class=\"wpb_wrapper\">\n\t<div class=\"wpb_video_widget wpb_content_element vc_clearfix   vc_video-aspect-ratio-169 vc_video-el-width-100 vc_video-align-center\" >\n\t\t<div class=\"wpb_wrapper\">\n\t\t\t\n\t\t\t<div class=\"wpb_video_wrapper\"><div class=\"video-container\"><iframe loading=\"lazy\" title=\"Tibladin supplier visit - Women&#039;s Cooperative Morocco\" width=\"500\" height=\"281\" src=\"https:\/\/www.youtube.com\/embed\/Y8cLkVwVAQQ?feature=oembed\" frameborder=\"0\" allow=\"accelerometer; autoplay; clipboard-write; encrypted-media; gyroscope; picture-in-picture; web-share\" referrerpolicy=\"strict-origin-when-cross-origin\" allowfullscreen><\/iframe><\/div><\/div>\n\t\t<\/div>\n\t<\/div>\n<\/div><\/div><\/div><div class=\"wpb_column vc_column_container vc_col-sm-6\"><div class=\"vc_column-inner\"><div class=\"wpb_wrapper\">\n\t<div class=\"wpb_text_column wpb_content_element\" >\n\t\t<div class=\"wpb_wrapper\">\n\t\t\t<h3>Come visit!<\/h3>\n<p>Join us for an inspiring visit to one of the women&#039;s cooperatives that Tibladin collaborates with. Here we work closely together to develop delicious, unique products that bring both beauty and history into your home. Through our collaboration, we create not only products, but also opportunities and hope for hundreds of women and their families in Morocco.<\/p>\n<p>Every time we visit these cooperatives, we are filled with joy and inspiration. It is truly special to witness how the women transform their skilled craftsmanship into beautiful products \u2013 all while sitting together, sharing stories and supporting each other in a warm community. Their work is not only a source of income, but also of pride and empowerment.<\/p>\n<p>The visits also take us to the small school and kindergarten, which are an important part of life in the cooperative&#039;s immediate area. Here the children spend their days learning and developing in a safe environment. The little faces always light up when we bring new notebooks, pencils and colours to help them with their schooling. It&#039;s a reminder of how big a difference even small contributions can make.<\/p>\n<p>When you shop at Tibladin, you do much more than just buy a product. You help support the women behind each handmade piece \u2013 and you help create a brighter future for them and their families. Your purchase makes a difference.<\/p>\n<p>From all of us and from the women in the cooperatives: A heartfelt THANK YOU for your support!<\/p>\n\n\t\t<\/div>\n\t<\/div>\n<\/div><\/div><\/div><\/div>\n<\/div>","protected":false},"excerpt":{"rendered":"Kvindekooperativ \"Tibladins samarbejde med kvindekooperativer i Marokko er mere end bare en forretning. Det er et udtryk for min dybe respekt for det marokkanske h\u00e5ndv\u00e6rk og et \u00f8nske om at st\u00f8tte kvinderne i at opbygge et bedre liv for sig selv og deres familier. Samarbejdet med kvindekooperativer er derfor et personligt projekt, der er inspireret [...]","protected":false},"author":2,"featured_media":0,"parent":0,"menu_order":0,"comment_status":"closed","ping_status":"closed","template":"template-fullwidth-no-heading.php","meta":{"inline_featured_image":false,"footnotes":""},"class_list":["post-34355","page","type-page","status-publish","hentry"],"yoast_head":"<!-- This site is optimized with the Yoast SEO plugin v27.5 - https:\/\/yoast.com\/product\/yoast-seo-wordpress\/ -->\n<title>Kvindekooperativ | Tibladin samarbejder med kvindekooperativ<\/title>\n<meta name=\"description\" content=\"Tibladin samarbejder med kvindekooperativer i Marokko med fokus p\u00e5 traditionelt h\u00e5ndv\u00e6rk og \u00f8nsket om give kvinder \u00f8konomisk uafh\u00e6ngighed.\" \/>\n<meta name=\"robots\" content=\"index, follow, max-snippet:-1, max-image-preview:large, max-video-preview:-1\" \/>\n<link rel=\"canonical\" href=\"https:\/\/tibladin.dk\/en\/womens-cooperative\/\" \/>\n<meta property=\"og:locale\" content=\"en_GB\" \/>\n<meta property=\"og:type\" content=\"article\" \/>\n<meta property=\"og:title\" content=\"Kvindekooperativ | Tibladin samarbejder med kvindekooperativ\" \/>\n<meta property=\"og:description\" content=\"Tibladin samarbejder med kvindekooperativer i Marokko med fokus p\u00e5 traditionelt h\u00e5ndv\u00e6rk og \u00f8nsket om give kvinder \u00f8konomisk uafh\u00e6ngighed.\" \/>\n<meta property=\"og:url\" content=\"https:\/\/tibladin.dk\/en\/womens-cooperative\/\" \/>\n<meta property=\"og:site_name\" content=\"Tibladin\" \/>\n<meta property=\"article:modified_time\" content=\"2025-01-28T14:06:17+00:00\" \/>\n<meta name=\"twitter:card\" content=\"summary_large_image\" \/>\n<meta name=\"twitter:label1\" content=\"Estimated reading time\" \/>\n\t<meta name=\"twitter:data1\" content=\"5 minutes\" \/>\n<script type=\"application\/ld+json\" class=\"yoast-schema-graph\">{\"@context\":\"https:\\\/\\\/schema.org\",\"@graph\":[{\"@type\":\"WebPage\",\"@id\":\"https:\\\/\\\/tibladin.dk\\\/kvindekooperativ\\\/\",\"url\":\"https:\\\/\\\/tibladin.dk\\\/kvindekooperativ\\\/\",\"name\":\"Kvindekooperativ | Tibladin samarbejder med kvindekooperativ\",\"isPartOf\":{\"@id\":\"https:\\\/\\\/tibladin.dk\\\/#website\"},\"datePublished\":\"2025-01-27T12:13:17+00:00\",\"dateModified\":\"2025-01-28T14:06:17+00:00\",\"description\":\"Tibladin samarbejder med kvindekooperativer i Marokko med fokus p\u00e5 traditionelt h\u00e5ndv\u00e6rk og \u00f8nsket om give kvinder \u00f8konomisk uafh\u00e6ngighed.\",\"breadcrumb\":{\"@id\":\"https:\\\/\\\/tibladin.dk\\\/kvindekooperativ\\\/#breadcrumb\"},\"inLanguage\":\"en-GB\",\"potentialAction\":[{\"@type\":\"ReadAction\",\"target\":[\"https:\\\/\\\/tibladin.dk\\\/kvindekooperativ\\\/\"]}]},{\"@type\":\"BreadcrumbList\",\"@id\":\"https:\\\/\\\/tibladin.dk\\\/kvindekooperativ\\\/#breadcrumb\",\"itemListElement\":[{\"@type\":\"ListItem\",\"position\":1,\"name\":\"Hjem\",\"item\":\"https:\\\/\\\/tibladin.dk\\\/\"},{\"@type\":\"ListItem\",\"position\":2,\"name\":\"Kvindekooperativ\"}]},{\"@type\":\"WebSite\",\"@id\":\"https:\\\/\\\/tibladin.dk\\\/#website\",\"url\":\"https:\\\/\\\/tibladin.dk\\\/\",\"name\":\"Tibladin\",\"description\":\"Tibladin\",\"publisher\":{\"@id\":\"https:\\\/\\\/tibladin.dk\\\/#organization\"},\"potentialAction\":[{\"@type\":\"SearchAction\",\"target\":{\"@type\":\"EntryPoint\",\"urlTemplate\":\"https:\\\/\\\/tibladin.dk\\\/?s={search_term_string}\"},\"query-input\":{\"@type\":\"PropertyValueSpecification\",\"valueRequired\":true,\"valueName\":\"search_term_string\"}}],\"inLanguage\":\"en-GB\"},{\"@type\":\"Organization\",\"@id\":\"https:\\\/\\\/tibladin.dk\\\/#organization\",\"name\":\"Tibladin\",\"url\":\"https:\\\/\\\/tibladin.dk\\\/\",\"logo\":{\"@type\":\"ImageObject\",\"inLanguage\":\"en-GB\",\"@id\":\"https:\\\/\\\/tibladin.dk\\\/#\\\/schema\\\/logo\\\/image\\\/\",\"url\":\"https:\\\/\\\/tibladin.dk\\\/wp-content\\\/uploads\\\/2022\\\/09\\\/tibladin_logo.svg\",\"contentUrl\":\"https:\\\/\\\/tibladin.dk\\\/wp-content\\\/uploads\\\/2022\\\/09\\\/tibladin_logo.svg\",\"caption\":\"Tibladin\"},\"image\":{\"@id\":\"https:\\\/\\\/tibladin.dk\\\/#\\\/schema\\\/logo\\\/image\\\/\"}}]}<\/script>\n<!-- \/ Yoast SEO plugin. -->","yoast_head_json":{"title":"Women&#039;s cooperative | Tibladin collaborates with women&#039;s cooperative","description":"Tibladin collaborates with women&#039;s cooperatives in Morocco with a focus on traditional crafts and the desire to give women economic independence.","robots":{"index":"index","follow":"follow","max-snippet":"max-snippet:-1","max-image-preview":"max-image-preview:large","max-video-preview":"max-video-preview:-1"},"canonical":"https:\/\/tibladin.dk\/en\/womens-cooperative\/","og_locale":"en_GB","og_type":"article","og_title":"Kvindekooperativ | Tibladin samarbejder med kvindekooperativ","og_description":"Tibladin samarbejder med kvindekooperativer i Marokko med fokus p\u00e5 traditionelt h\u00e5ndv\u00e6rk og \u00f8nsket om give kvinder \u00f8konomisk uafh\u00e6ngighed.","og_url":"https:\/\/tibladin.dk\/en\/womens-cooperative\/","og_site_name":"Tibladin","article_modified_time":"2025-01-28T14:06:17+00:00","twitter_card":"summary_large_image","twitter_misc":{"Estimated reading time":"5 minutes"},"schema":{"@context":"https:\/\/schema.org","@graph":[{"@type":"WebPage","@id":"https:\/\/tibladin.dk\/kvindekooperativ\/","url":"https:\/\/tibladin.dk\/kvindekooperativ\/","name":"Women&#039;s cooperative | Tibladin collaborates with women&#039;s cooperative","isPartOf":{"@id":"https:\/\/tibladin.dk\/#website"},"datePublished":"2025-01-27T12:13:17+00:00","dateModified":"2025-01-28T14:06:17+00:00","description":"Tibladin collaborates with women&#039;s cooperatives in Morocco with a focus on traditional crafts and the desire to give women economic independence.","breadcrumb":{"@id":"https:\/\/tibladin.dk\/kvindekooperativ\/#breadcrumb"},"inLanguage":"en-GB","potentialAction":[{"@type":"ReadAction","target":["https:\/\/tibladin.dk\/kvindekooperativ\/"]}]},{"@type":"BreadcrumbList","@id":"https:\/\/tibladin.dk\/kvindekooperativ\/#breadcrumb","itemListElement":[{"@type":"ListItem","position":1,"name":"Hjem","item":"https:\/\/tibladin.dk\/"},{"@type":"ListItem","position":2,"name":"Kvindekooperativ"}]},{"@type":"WebSite","@id":"https:\/\/tibladin.dk\/#website","url":"https:\/\/tibladin.dk\/","name":"Tibladin","description":"Tibladin","publisher":{"@id":"https:\/\/tibladin.dk\/#organization"},"potentialAction":[{"@type":"SearchAction","target":{"@type":"EntryPoint","urlTemplate":"https:\/\/tibladin.dk\/?s={search_term_string}"},"query-input":{"@type":"PropertyValueSpecification","valueRequired":true,"valueName":"search_term_string"}}],"inLanguage":"en-GB"},{"@type":"Organization","@id":"https:\/\/tibladin.dk\/#organization","name":"Tibladin","url":"https:\/\/tibladin.dk\/","logo":{"@type":"ImageObject","inLanguage":"en-GB","@id":"https:\/\/tibladin.dk\/#\/schema\/logo\/image\/","url":"https:\/\/tibladin.dk\/wp-content\/uploads\/2022\/09\/tibladin_logo.svg","contentUrl":"https:\/\/tibladin.dk\/wp-content\/uploads\/2022\/09\/tibladin_logo.svg","caption":"Tibladin"},"image":{"@id":"https:\/\/tibladin.dk\/#\/schema\/logo\/image\/"}}]}},"_links":{"self":[{"href":"https:\/\/tibladin.dk\/en\/wp-json\/wp\/v2\/pages\/34355","targetHints":{"allow":["GET"]}}],"collection":[{"href":"https:\/\/tibladin.dk\/en\/wp-json\/wp\/v2\/pages"}],"about":[{"href":"https:\/\/tibladin.dk\/en\/wp-json\/wp\/v2\/types\/page"}],"author":[{"embeddable":true,"href":"https:\/\/tibladin.dk\/en\/wp-json\/wp\/v2\/users\/2"}],"replies":[{"embeddable":true,"href":"https:\/\/tibladin.dk\/en\/wp-json\/wp\/v2\/comments?post=34355"}],"version-history":[{"count":21,"href":"https:\/\/tibladin.dk\/en\/wp-json\/wp\/v2\/pages\/34355\/revisions"}],"predecessor-version":[{"id":34715,"href":"https:\/\/tibladin.dk\/en\/wp-json\/wp\/v2\/pages\/34355\/revisions\/34715"}],"wp:attachment":[{"href":"https:\/\/tibladin.dk\/en\/wp-json\/wp\/v2\/media?parent=34355"}],"curies":[{"name":"wp","href":"https:\/\/api.w.org\/{rel}","templated":true}]}}