{"id":34361,"date":"2025-01-27T13:53:46","date_gmt":"2025-01-27T12:53:46","guid":{"rendered":"https:\/\/tibladin.dk\/?page_id=34361"},"modified":"2025-01-27T14:10:06","modified_gmt":"2025-01-27T13:10:06","slug":"the-production-of-our-rugs-and-pillows","status":"publish","type":"page","link":"https:\/\/tibladin.dk\/en\/produktionen-af-vores-taepper-og-puder\/","title":{"rendered":"The production of our blankets and pillows"},"content":{"rendered":"<div class=\"wpb-content-wrapper\"><div class=\"vc_row wpb_row vc_row-fluid\"><div class=\"wpb_column vc_column_container vc_col-sm-12\"><div class=\"vc_column-inner\"><div class=\"wpb_wrapper\"><div class=\"vc_separator wpb_content_element vc_separator_align_center vc_sep_width_100 vc_sep_pos_align_center vc_separator_no_text vc_sep_color_grey wpb_content_element  wpb_content_element\" ><span class=\"vc_sep_holder vc_sep_holder_l\"><span class=\"vc_sep_line\"><\/span><\/span><span class=\"vc_sep_holder vc_sep_holder_r\"><span class=\"vc_sep_line\"><\/span><\/span>\n<\/div><h1 style=\"text-align: center\" class=\"vc_custom_heading vc_do_custom_heading\" >The production of our blankets and pillows<\/h1>\n\t<div class=\"wpb_text_column wpb_content_element\" >\n\t\t<div class=\"wpb_wrapper\">\n\t\t\t<p style=\"text-align: center;\">\u201cEach carpet at Tibladin is carefully selected by me personally. I walk on each carpet to feel the quality and history it carries. I am also always looking for beautiful vintage carpets that are no longer suitable as floor rugs, but can be transformed into unique cushions. By recycling the old carpets, we give them new life and create beautiful, handmade products.\u201d \u2013 Mette Frank Bijaad, owner of Tibladin.<\/p>\n\n\t\t<\/div>\n\t<\/div>\n<\/div><\/div><\/div><\/div><div class=\"vc_row wpb_row vc_row-fluid\"><div class=\"wpb_column vc_column_container vc_col-sm-6\"><div class=\"vc_column-inner\"><div class=\"wpb_wrapper\">\n\t<div  class=\"wpb_single_image wpb_content_element vc_align_center wpb_content_element\">\n\t\t\n\t\t<figure class=\"wpb_wrapper vc_figure\">\n\t\t\t<div class=\"vc_single_image-wrapper   vc_box_border_grey\"><img decoding=\"async\" class=\"vc_single_image-img\" src=\"https:\/\/tibladin.dk\/wp-content\/uploads\/2025\/01\/Taepper-og-puder_27-600x700.jpg\" width=\"600\" height=\"700\" alt=\"Material for blankets and pillows\" title=\"Blankets-and-pillows_27\" loading=\"lazy\" \/><\/div>\n\t\t<\/figure>\n\t<\/div>\n<\/div><\/div><\/div><div class=\"wpb_column vc_column_container vc_col-sm-6\"><div class=\"vc_column-inner\"><div class=\"wpb_wrapper\">\n\t<div  class=\"wpb_single_image wpb_content_element vc_align_center wpb_content_element\">\n\t\t\n\t\t<figure class=\"wpb_wrapper vc_figure\">\n\t\t\t<div class=\"vc_single_image-wrapper   vc_box_border_grey\"><img decoding=\"async\" class=\"vc_single_image-img\" src=\"https:\/\/tibladin.dk\/wp-content\/uploads\/2025\/01\/Taepper-og-puder_28-600x700.jpg\" width=\"600\" height=\"700\" alt=\"Materials used for blankets and pillows\" title=\"Blankets-and-pillows_28\" loading=\"lazy\" \/><\/div>\n\t\t<\/figure>\n\t<\/div>\n<\/div><\/div><\/div><\/div><div class=\"vc_row wpb_row vc_row-fluid\"><div class=\"wpb_column vc_column_container vc_col-sm-12\"><div class=\"vc_column-inner\"><div class=\"wpb_wrapper\"><h2 style=\"text-align: center\" class=\"vc_custom_heading vc_do_custom_heading\" >The finest quality<\/h2>\n\t<div class=\"wpb_text_column wpb_content_element\" >\n\t\t<div class=\"wpb_wrapper\">\n\t\t\t<p style=\"text-align: center;\">Choosing a wool rug is like choosing a work of art. All of our patterned rugs are unique and each carry their own story, which should harmonize with your home decor. At Tibladin, we carefully select the Moroccan rugs in collaboration with our suppliers in Marrakech and take pride in the fact that both cotton rugs and wool rugs are made from the finest quality of cotton and wool.<\/p>\n\n\t\t<\/div>\n\t<\/div>\n<h2 style=\"text-align: center\" class=\"vc_custom_heading vc_do_custom_heading\" >Tradition, craftsmanship and unique stories<\/h2>\n\t<div class=\"wpb_text_column wpb_content_element\" >\n\t\t<div class=\"wpb_wrapper\">\n\t\t\t<p style=\"text-align: center;\">Morocco has a proud and long tradition of producing some of the most beautiful handmade wool rugs. This ancient craft is still alive and well, with Beni Ouarain and Boucherouite rugs being handwoven by women from the Berber tribes of the Atlas Mountains.<\/p>\n<p style=\"text-align: center;\">The Berbers traditionally did not have a written language, and therefore their stories were expressed through the colorful craftsmanship of carpets. Moroccan carpets were originally personal and were characterized by the women&#039;s own stories. Today, women create many carpets with different patterns and stories, which are bought up by carpet merchants and distributed all over the world.<\/p>\n<p style=\"text-align: center;\">The Beni Ouarain tribe consists of several smaller tribes, some of which have moved further down into the valleys of the Atlas Mountains, while others still live in the heights. Life in the mountains makes sheep herding natural, which provides access to high-quality wool. What the tribes have in common is that the women weave incredibly soft and luxurious rugs, which are typically made of light wool with simple dark patterns.<\/p>\n<p style=\"text-align: center;\">Boucherouite rugs are created from scraps of wool and sometimes cotton, making them far more colorful than the simple Beni Ouarain rugs. These rugs serve as unique interior elements that can add a more lively and colorful touch to any home decor.<\/p>\n\n\t\t<\/div>\n\t<\/div>\n<\/div><\/div><\/div><\/div><div class=\"vc_row wpb_row vc_row-fluid\"><div class=\"wpb_column vc_column_container vc_col-sm-6\"><div class=\"vc_column-inner\"><div class=\"wpb_wrapper\">\n\t<div  class=\"wpb_single_image wpb_content_element vc_align_center wpb_content_element\">\n\t\t\n\t\t<figure class=\"wpb_wrapper vc_figure\">\n\t\t\t<div class=\"vc_single_image-wrapper   vc_box_border_grey\"><img decoding=\"async\" class=\"vc_single_image-img\" src=\"https:\/\/tibladin.dk\/wp-content\/uploads\/2025\/01\/Taepper-og-puder_23-600x700.jpg\" width=\"600\" height=\"700\" alt=\"Man working with blankets and pillows\" title=\"Blankets-and-pillows_23\" loading=\"lazy\" \/><\/div>\n\t\t<\/figure>\n\t<\/div>\n<\/div><\/div><\/div><div class=\"wpb_column vc_column_container vc_col-sm-6\"><div class=\"vc_column-inner\"><div class=\"wpb_wrapper\">\n\t<div  class=\"wpb_single_image wpb_content_element vc_align_center wpb_content_element\">\n\t\t\n\t\t<figure class=\"wpb_wrapper vc_figure\">\n\t\t\t<div class=\"vc_single_image-wrapper   vc_box_border_grey\"><img decoding=\"async\" class=\"vc_single_image-img\" src=\"https:\/\/tibladin.dk\/wp-content\/uploads\/2025\/01\/Puder_taepper_1-600x700.jpg\" width=\"600\" height=\"700\" alt=\"Blankets lying outdoors\" title=\"Pillows_blankets_1\" loading=\"lazy\" \/><\/div>\n\t\t<\/figure>\n\t<\/div>\n<\/div><\/div><\/div><\/div><div class=\"vc_row wpb_row vc_row-fluid\"><div class=\"wpb_column vc_column_container vc_col-sm-12\"><div class=\"vc_column-inner\"><div class=\"wpb_wrapper\"><h2 style=\"text-align: center\" class=\"vc_custom_heading vc_do_custom_heading\" >Natural dyes<\/h2>\n\t<div class=\"wpb_text_column wpb_content_element\" >\n\t\t<div class=\"wpb_wrapper\">\n\t\t\t<p style=\"text-align: center;\">The natural dyes used in Moroccan rugs are a true gift from nature. Plants such as indigo, pomegranate, saffron and kermes create a beautiful and vibrant color palette that is used in both Moroccan rugs and rug runners. These natural dyes transform cotton and wool into authentic works of art, where colors and patterns not only adorn floors, but also add a natural and timeless beauty to the living room and home decor.<\/p>\n\n\t\t<\/div>\n\t<\/div>\n<h2 style=\"text-align: center\" class=\"vc_custom_heading vc_do_custom_heading\" >Cushions from vintage carpets<\/h2>\n\t<div class=\"wpb_text_column wpb_content_element\" >\n\t\t<div class=\"wpb_wrapper\">\n\t\t\t<p style=\"text-align: center;\">Our unique cushion covers are made from carefully selected vintage carpets. The carpets are remade into beautiful cushion covers in varying, and sometimes slightly unconventional, dimensions to utilize every centimeter of the material. We carefully design how the carpet should be cut so that the patterns appear differently within the same series of cushion covers. The result is a completely unique cushion, only available in one copy, and which can be combined crosswise for a personal expression. The back of the cushions is made of strong Kiria cotton.<\/p>\n\n\t\t<\/div>\n\t<\/div>\n<\/div><\/div><\/div><\/div><div class=\"vc_row wpb_row vc_row-fluid\"><div class=\"wpb_column vc_column_container vc_col-sm-6\"><div class=\"vc_column-inner\"><div class=\"wpb_wrapper\">\n\t<div  class=\"wpb_single_image wpb_content_element vc_align_center wpb_content_element\">\n\t\t\n\t\t<figure class=\"wpb_wrapper vc_figure\">\n\t\t\t<div class=\"vc_single_image-wrapper   vc_box_border_grey\"><img decoding=\"async\" class=\"vc_single_image-img\" src=\"https:\/\/tibladin.dk\/wp-content\/uploads\/2024\/12\/Marokkansk-pude-af-vintage-taeppe_TEDDY_motiv-7_LS-600x700.jpg\" width=\"600\" height=\"700\" alt=\"Moroccan cushion made of vintage carpet_TEDDY_motif 7\" title=\"Moroccan-pillow-of-vintage-rug_TEDDY_motif-7_LS\" loading=\"lazy\" \/><\/div>\n\t\t<\/figure>\n\t<\/div>\n<\/div><\/div><\/div><div class=\"wpb_column vc_column_container vc_col-sm-6\"><div class=\"vc_column-inner\"><div class=\"wpb_wrapper\">\n\t<div  class=\"wpb_single_image wpb_content_element vc_align_center wpb_content_element\">\n\t\t\n\t\t<figure class=\"wpb_wrapper vc_figure\">\n\t\t\t<div class=\"vc_single_image-wrapper   vc_box_border_grey\"><img decoding=\"async\" class=\"vc_single_image-img\" src=\"https:\/\/tibladin.dk\/wp-content\/uploads\/2025\/01\/Puder_taepper_6-600x700.jpg\" width=\"600\" height=\"700\" alt=\"Blanket is turned into a pillow\" title=\"Pillows_blankets_6\" loading=\"lazy\" \/><\/div>\n\t\t<\/figure>\n\t<\/div>\n<\/div><\/div><\/div><\/div><div class=\"vc_row wpb_row vc_row-fluid\"><div class=\"wpb_column vc_column_container vc_col-sm-12\"><div class=\"vc_column-inner\"><div class=\"wpb_wrapper\"><h2 style=\"text-align: center\" class=\"vc_custom_heading vc_do_custom_heading\" >Discover unique blankets and pillowcases for your home<\/h2>\n\t<div class=\"wpb_text_column wpb_content_element\" >\n\t\t<div class=\"wpb_wrapper\">\n\t\t\t<p style=\"text-align: center;\"><a href=\"https:\/\/tibladin.dk\/en\/product-category-3\/moroccan-carpets\/\">Explore our selection of rugs<\/a>, which can add warmth and character to your home, or <a href=\"https:\/\/tibladin.dk\/en\/product-category-3\/interior\/home-accessories\/textiles\/pillowcase\/cushions-from-vintage-carpets\/\">discover our unique pillowcases<\/a>, that creates a personal and distinctive touch in your interior. Be inspired by our collections and find the elements that suit your style.<\/p>\n\n\t\t<\/div>\n\t<\/div>\n<\/div><\/div><\/div><\/div>\n<\/div>","protected":false},"excerpt":{"rendered":"Produktionen af vores t\u00e6pper og puder \"Hvert t\u00e6ppe hos Tibladin er n\u00f8je udvalgt af mig personligt. Jeg g\u00e5r p\u00e5 hvert t\u00e6ppe for at m\u00e6rke kvaliteten og historien, det b\u00e6rer med sig. Jeg s\u00f8ger ogs\u00e5 altid smukke vintage t\u00e6pper, som ikke l\u00e6ngere egner sig som gulvt\u00e6pper, men som kan forvandles til unikke puder. Ved at genanvende [...]","protected":false},"author":2,"featured_media":0,"parent":0,"menu_order":0,"comment_status":"closed","ping_status":"closed","template":"template-fullwidth-no-heading.php","meta":{"inline_featured_image":false,"footnotes":""},"class_list":["post-34361","page","type-page","status-publish","hentry"],"yoast_head":"<!-- This site is optimized with the Yoast SEO plugin v27.5 - https:\/\/yoast.com\/product\/yoast-seo-wordpress\/ -->\n<title>Produktionen af vores t\u00e6pper og puder | Tradition og h\u00e5ndv\u00e6rk<\/title>\n<meta name=\"description\" content=\"Vores h\u00e5ndlavede t\u00e6pper og pudder er udvalgt med fokus p\u00e5 traditionelt h\u00e5ndv\u00e6rk, naturlige farvestoffer og h\u00f8j kvalitet.\" \/>\n<meta name=\"robots\" content=\"index, follow, max-snippet:-1, max-image-preview:large, max-video-preview:-1\" \/>\n<link rel=\"canonical\" href=\"https:\/\/tibladin.dk\/en\/the-production-of-our-rugs-and-pillows\/\" \/>\n<meta property=\"og:locale\" content=\"en_GB\" \/>\n<meta property=\"og:type\" content=\"article\" \/>\n<meta property=\"og:title\" content=\"Produktionen af vores t\u00e6pper og puder | Tradition og h\u00e5ndv\u00e6rk\" \/>\n<meta property=\"og:description\" content=\"Vores h\u00e5ndlavede t\u00e6pper og pudder er udvalgt med fokus p\u00e5 traditionelt h\u00e5ndv\u00e6rk, naturlige farvestoffer og h\u00f8j kvalitet.\" \/>\n<meta property=\"og:url\" content=\"https:\/\/tibladin.dk\/en\/the-production-of-our-rugs-and-pillows\/\" \/>\n<meta property=\"og:site_name\" content=\"Tibladin\" \/>\n<meta property=\"article:modified_time\" content=\"2025-01-27T13:10:06+00:00\" \/>\n<meta name=\"twitter:card\" content=\"summary_large_image\" \/>\n<meta name=\"twitter:label1\" content=\"Estimated reading time\" \/>\n\t<meta name=\"twitter:data1\" content=\"5 minutes\" \/>\n<script type=\"application\/ld+json\" class=\"yoast-schema-graph\">{\"@context\":\"https:\\\/\\\/schema.org\",\"@graph\":[{\"@type\":\"WebPage\",\"@id\":\"https:\\\/\\\/tibladin.dk\\\/produktionen-af-vores-taepper-og-puder\\\/\",\"url\":\"https:\\\/\\\/tibladin.dk\\\/produktionen-af-vores-taepper-og-puder\\\/\",\"name\":\"Produktionen af vores t\u00e6pper og puder | Tradition og h\u00e5ndv\u00e6rk\",\"isPartOf\":{\"@id\":\"https:\\\/\\\/tibladin.dk\\\/#website\"},\"datePublished\":\"2025-01-27T12:53:46+00:00\",\"dateModified\":\"2025-01-27T13:10:06+00:00\",\"description\":\"Vores h\u00e5ndlavede t\u00e6pper og pudder er udvalgt med fokus p\u00e5 traditionelt h\u00e5ndv\u00e6rk, naturlige farvestoffer og h\u00f8j kvalitet.\",\"breadcrumb\":{\"@id\":\"https:\\\/\\\/tibladin.dk\\\/produktionen-af-vores-taepper-og-puder\\\/#breadcrumb\"},\"inLanguage\":\"en-GB\",\"potentialAction\":[{\"@type\":\"ReadAction\",\"target\":[\"https:\\\/\\\/tibladin.dk\\\/produktionen-af-vores-taepper-og-puder\\\/\"]}]},{\"@type\":\"BreadcrumbList\",\"@id\":\"https:\\\/\\\/tibladin.dk\\\/produktionen-af-vores-taepper-og-puder\\\/#breadcrumb\",\"itemListElement\":[{\"@type\":\"ListItem\",\"position\":1,\"name\":\"Hjem\",\"item\":\"https:\\\/\\\/tibladin.dk\\\/\"},{\"@type\":\"ListItem\",\"position\":2,\"name\":\"Produktionen af vores t\u00e6pper og puder\"}]},{\"@type\":\"WebSite\",\"@id\":\"https:\\\/\\\/tibladin.dk\\\/#website\",\"url\":\"https:\\\/\\\/tibladin.dk\\\/\",\"name\":\"Tibladin\",\"description\":\"Tibladin\",\"publisher\":{\"@id\":\"https:\\\/\\\/tibladin.dk\\\/#organization\"},\"potentialAction\":[{\"@type\":\"SearchAction\",\"target\":{\"@type\":\"EntryPoint\",\"urlTemplate\":\"https:\\\/\\\/tibladin.dk\\\/?s={search_term_string}\"},\"query-input\":{\"@type\":\"PropertyValueSpecification\",\"valueRequired\":true,\"valueName\":\"search_term_string\"}}],\"inLanguage\":\"en-GB\"},{\"@type\":\"Organization\",\"@id\":\"https:\\\/\\\/tibladin.dk\\\/#organization\",\"name\":\"Tibladin\",\"url\":\"https:\\\/\\\/tibladin.dk\\\/\",\"logo\":{\"@type\":\"ImageObject\",\"inLanguage\":\"en-GB\",\"@id\":\"https:\\\/\\\/tibladin.dk\\\/#\\\/schema\\\/logo\\\/image\\\/\",\"url\":\"https:\\\/\\\/tibladin.dk\\\/wp-content\\\/uploads\\\/2022\\\/09\\\/tibladin_logo.svg\",\"contentUrl\":\"https:\\\/\\\/tibladin.dk\\\/wp-content\\\/uploads\\\/2022\\\/09\\\/tibladin_logo.svg\",\"caption\":\"Tibladin\"},\"image\":{\"@id\":\"https:\\\/\\\/tibladin.dk\\\/#\\\/schema\\\/logo\\\/image\\\/\"}}]}<\/script>\n<!-- \/ Yoast SEO plugin. -->","yoast_head_json":{"title":"The production of our blankets and pillows | Tradition and craftsmanship","description":"Our handmade rugs and powders are selected with a focus on traditional craftsmanship, natural dyes and high quality.","robots":{"index":"index","follow":"follow","max-snippet":"max-snippet:-1","max-image-preview":"max-image-preview:large","max-video-preview":"max-video-preview:-1"},"canonical":"https:\/\/tibladin.dk\/en\/the-production-of-our-rugs-and-pillows\/","og_locale":"en_GB","og_type":"article","og_title":"Produktionen af vores t\u00e6pper og puder | Tradition og h\u00e5ndv\u00e6rk","og_description":"Vores h\u00e5ndlavede t\u00e6pper og pudder er udvalgt med fokus p\u00e5 traditionelt h\u00e5ndv\u00e6rk, naturlige farvestoffer og h\u00f8j kvalitet.","og_url":"https:\/\/tibladin.dk\/en\/the-production-of-our-rugs-and-pillows\/","og_site_name":"Tibladin","article_modified_time":"2025-01-27T13:10:06+00:00","twitter_card":"summary_large_image","twitter_misc":{"Estimated reading time":"5 minutes"},"schema":{"@context":"https:\/\/schema.org","@graph":[{"@type":"WebPage","@id":"https:\/\/tibladin.dk\/produktionen-af-vores-taepper-og-puder\/","url":"https:\/\/tibladin.dk\/produktionen-af-vores-taepper-og-puder\/","name":"The production of our blankets and pillows | Tradition and craftsmanship","isPartOf":{"@id":"https:\/\/tibladin.dk\/#website"},"datePublished":"2025-01-27T12:53:46+00:00","dateModified":"2025-01-27T13:10:06+00:00","description":"Our handmade rugs and powders are selected with a focus on traditional craftsmanship, natural dyes and high quality.","breadcrumb":{"@id":"https:\/\/tibladin.dk\/produktionen-af-vores-taepper-og-puder\/#breadcrumb"},"inLanguage":"en-GB","potentialAction":[{"@type":"ReadAction","target":["https:\/\/tibladin.dk\/produktionen-af-vores-taepper-og-puder\/"]}]},{"@type":"BreadcrumbList","@id":"https:\/\/tibladin.dk\/produktionen-af-vores-taepper-og-puder\/#breadcrumb","itemListElement":[{"@type":"ListItem","position":1,"name":"Hjem","item":"https:\/\/tibladin.dk\/"},{"@type":"ListItem","position":2,"name":"Produktionen af vores t\u00e6pper og puder"}]},{"@type":"WebSite","@id":"https:\/\/tibladin.dk\/#website","url":"https:\/\/tibladin.dk\/","name":"Tibladin","description":"Tibladin","publisher":{"@id":"https:\/\/tibladin.dk\/#organization"},"potentialAction":[{"@type":"SearchAction","target":{"@type":"EntryPoint","urlTemplate":"https:\/\/tibladin.dk\/?s={search_term_string}"},"query-input":{"@type":"PropertyValueSpecification","valueRequired":true,"valueName":"search_term_string"}}],"inLanguage":"en-GB"},{"@type":"Organization","@id":"https:\/\/tibladin.dk\/#organization","name":"Tibladin","url":"https:\/\/tibladin.dk\/","logo":{"@type":"ImageObject","inLanguage":"en-GB","@id":"https:\/\/tibladin.dk\/#\/schema\/logo\/image\/","url":"https:\/\/tibladin.dk\/wp-content\/uploads\/2022\/09\/tibladin_logo.svg","contentUrl":"https:\/\/tibladin.dk\/wp-content\/uploads\/2022\/09\/tibladin_logo.svg","caption":"Tibladin"},"image":{"@id":"https:\/\/tibladin.dk\/#\/schema\/logo\/image\/"}}]}},"_links":{"self":[{"href":"https:\/\/tibladin.dk\/en\/wp-json\/wp\/v2\/pages\/34361","targetHints":{"allow":["GET"]}}],"collection":[{"href":"https:\/\/tibladin.dk\/en\/wp-json\/wp\/v2\/pages"}],"about":[{"href":"https:\/\/tibladin.dk\/en\/wp-json\/wp\/v2\/types\/page"}],"author":[{"embeddable":true,"href":"https:\/\/tibladin.dk\/en\/wp-json\/wp\/v2\/users\/2"}],"replies":[{"embeddable":true,"href":"https:\/\/tibladin.dk\/en\/wp-json\/wp\/v2\/comments?post=34361"}],"version-history":[{"count":18,"href":"https:\/\/tibladin.dk\/en\/wp-json\/wp\/v2\/pages\/34361\/revisions"}],"predecessor-version":[{"id":34578,"href":"https:\/\/tibladin.dk\/en\/wp-json\/wp\/v2\/pages\/34361\/revisions\/34578"}],"wp:attachment":[{"href":"https:\/\/tibladin.dk\/en\/wp-json\/wp\/v2\/media?parent=34361"}],"curies":[{"name":"wp","href":"https:\/\/api.w.org\/{rel}","templated":true}]}}